{"id":1196,"date":"2021-09-04T19:36:41","date_gmt":"2021-09-04T19:36:41","guid":{"rendered":"https:\/\/regi.besi.hu\/?page_id=1196"},"modified":"2021-09-05T15:14:43","modified_gmt":"2021-09-05T15:14:43","slug":"tanulmanyi-eredmenyek","status":"publish","type":"page","link":"https:\/\/besi.hu\/?page_id=1196","title":{"rendered":"Tanulm\u00e1nyi eredm\u00e9nyek"},"content":{"rendered":"\n<p><\/p>\n\n\n\n<p class=\"has-text-align-right\"><em>\u201eA j\u00f3 iskola nem tesz csod\u00e1t, semmi m\u00e1st nem tehet, mint hogy seg\u00edt abban, hogy mindenki olyan legyen, amilyen lenni tud. Senkit nem lehet tehets\u00e9gre nevelni, nem lehet a hi\u00e1nyz\u00f3 tehets\u00e9get egy injekci\u00f3val bel\u00e9nk \u00fcltetni. Viszont a benn\u00fcnk rejl\u0151 k\u00fcl\u00f6nb\u00f6z\u0151 tehets\u00e9geket igenis lehet t\u00e1mogatni \u00e9s kifejl\u0151dni seg\u00edteni. Tulajdonk\u00e9ppen az iskola legd\u00f6nt\u0151bb feladat\u00e1t abban l\u00e1tom [\u2026],hogy seg\u00edtsen megtal\u00e1lni \u00f6nmagunkat.\u201d<\/em>(Rubik Ern\u0151)<\/p>\n\n\n\n<p><strong>Tanul\u00e1s, hat\u00e9konys\u00e1g, eredm\u00e9nyess\u00e9g, siker, avagy mit mutatnak a \u201esz\u00e1mok\u201d?<\/strong><\/p>\n\n\n\n<p>Mi, a Kisv\u00e1rdai Bessenyei Gy\u00f6rgy Gimn\u00e1zium \u00e9s Koll\u00e9gium igyeksz\u00fcnk J\u00d3 ISKOLA lenni, a sz\u00f3 szoros \u00e9rtelm\u00e9ben. Rubik Ern\u0151 fent id\u00e9zett szavait magunk\u00e9v\u00e1 t\u00e9ve t\u00e1mogat\u00f3, inspir\u00e1l\u00f3 k\u00fcls\u0151 \u00e9s bels\u0151 pedag\u00f3giai l\u00e9gk\u00f6r megteremt\u00e9s\u00e9n dolgozunk, hogy a hozz\u00e1nk \u00e9rkez\u0151 \u201e\u00edg\u00e9retek\u201d ki tudjanak teljesedni, \u00f6nmagukk\u00e1 tudjanak v\u00e1lni. Mindehhez alapvet\u0151 felt\u00e9telk\u00e9nt rendelkez\u00fcnk a kor ig\u00e9nyeinek megfelel\u0151en felszerelt \u00e9s gondozott \u00e9rt\u00e9kmeg\u0151rz\u0151, \u00e9rt\u00e9kteremt\u0151, hagyom\u00e1ny\u00e1pol\u00f3, k\u00f6z\u00f6ss\u00e9galkot\u00e1sra alkalmas int\u00e9zm\u00e9nyi k\u00f6rnyezettel, pedag\u00f3giai kl\u00edm\u00e1val, m\u00f3dszertanilag j\u00f3l k\u00e9pzett, elhivatott, lelkes, meg\u00fajul\u00e1sra hajland\u00f3 \u00e9s k\u00e9pes, saj\u00e1t szakmais\u00e1gukra ig\u00e9nyes pedag\u00f3gusokkal.<\/p>\n\n\n\n<p>Munk\u00e1nk eg\u00e9sz\u00e9t \u00e1tsz\u00f6vi a sok\u00e9ves eredm\u00e9nyes tehets\u00e9gazonos\u00edt\u00f3, tehets\u00e9ggondoz\u00f3 tev\u00e9kenys\u00e9g szakmai h\u00e1tter\u00e9t megteremt\u0151 tudatos gondolkod\u00e1sm\u00f3d; alapdokumentumainkban megfogalmazott pedag\u00f3giai alapelveink, c\u00e9ljaink meghat\u00e1roz\u00e1sakor a k\u00f6z\u00e9ppontba a komplex, tudatos tehets\u00e9ggondoz\u00e1s megteremt\u00e9s\u00e9nek lehet\u0151s\u00e9g\u00e9t \u00e1ll\u00edtottuk. A motiv\u00e1l\u00f3, inspir\u00e1l\u00f3, a kreativit\u00e1st serkent\u0151, t\u00e1mogat\u00f3 k\u00f6rnyezet t\u00e9nyez\u0151inek megl\u00e9te alapvet\u0151, elvitathatatlan fontoss\u00e1g\u00fa a tehets\u00e9ggondoz\u00e1sban. A kreat\u00edv kl\u00edma l\u00e9t\u00e9t bizony\u00edt\u00f3 kulcs-t\u00e9nyez\u0151k, mint kih\u00edv\u00e1s, elk\u00f6telez\u0151d\u00e9s; f\u00fcggetlens\u00e9g, auton\u00f3mia; \u00faj \u00f6tletek t\u00e1mogat\u00e1sa, figyelmess\u00e9g; bizalom, nyitotts\u00e1g; dinamizmus, \u00e9l\u00e9nks\u00e9g; j\u00e1t\u00e9koss\u00e1g, humor, k\u00f6nnyeds\u00e9g; kock\u00e1zatv\u00e1llal\u00e1s, d\u00f6nt\u00e9sk\u00e9pess\u00e9g int\u00e9zm\u00e9ny\u00fcnkben val\u00f3s tartalommal vannak megt\u00f6ltve. Saj\u00e1toss\u00e1gainkat, er\u0151ss\u00e9geinket szem el\u0151tt tartva jel\u00f6lj\u00fck ki azt az ir\u00e1nyt, melyen a legeredm\u00e9nyesebben tudunk haladni. Az eredm\u00e9nyess\u00e9g nyilv\u00e1nval\u00f3an az emelt \u00e9s k\u00f6z\u00e9pszint\u0171 \u00e9retts\u00e9gi vizsg\u00e1kon el\u00e9rt sz\u00e1zal\u00e9kok, illetve a di\u00e1kok \u00e9v v\u00e9gi tanulm\u00e1nyi eredm\u00e9nyein kereszt\u00fcl bizony\u00edthat\u00f3. Hiszen ezek a \u201esz\u00e1mok\u201d v\u00e1lthat\u00f3k egyetemi felv\u00e9teli pontokra a k\u00e9pz\u00e9s v\u00e9g\u00e9n. Ezen k\u00edv\u00fcl fontos adat pedag\u00f3giai munk\u00e1nk hat\u00e9konys\u00e1g\u00e1nak elemz\u00e9se, fel\u00fclvizsg\u00e1lata szempontj\u00e1b\u00f3l is.&nbsp;<\/p>\n\n\n\n<p>2005 \u00f3ta jegyezz\u00fck az iskolai tanulm\u00e1nyi \u00e1tlagokat, ami az\u00f3ta folyamatosan felfel\u00e9 \u00edvel\u0151 tendenci\u00e1t mutat k\u00f6sz\u00f6nhet\u0151en a beiskol\u00e1z\u00e1snak, a j\u00f3l megv\u00e1lasztott m\u00f3dszereknek.&nbsp;<\/p>\n\n\n\n<figure class=\"wp-block-gallery columns-2 is-cropped wp-block-gallery-1 is-layout-flex wp-block-gallery-is-layout-flex\"><ul class=\"blocks-gallery-grid\"><li class=\"blocks-gallery-item\"><figure><img loading=\"lazy\" decoding=\"async\" width=\"399\" height=\"820\" src=\"https:\/\/regi.besi.hu\/wp-content\/uploads\/2021\/09\/image-1.png\" alt=\"\" data-id=\"1349\" data-full-url=\"https:\/\/regi.besi.hu\/wp-content\/uploads\/2021\/09\/image-1.png\" data-link=\"https:\/\/regi.besi.hu\/?attachment_id=1349\" class=\"wp-image-1349\" srcset=\"https:\/\/besi.hu\/wp-content\/uploads\/2021\/09\/image-1.png 399w, https:\/\/besi.hu\/wp-content\/uploads\/2021\/09\/image-1-146x300.png 146w, https:\/\/besi.hu\/wp-content\/uploads\/2021\/09\/image-1-97x200.png 97w\" sizes=\"auto, (max-width: 399px) 100vw, 399px\" \/><\/figure><\/li><li class=\"blocks-gallery-item\"><figure><img loading=\"lazy\" decoding=\"async\" width=\"400\" height=\"797\" src=\"https:\/\/regi.besi.hu\/wp-content\/uploads\/2021\/09\/image.png\" alt=\"\" data-id=\"1348\" data-full-url=\"https:\/\/regi.besi.hu\/wp-content\/uploads\/2021\/09\/image.png\" data-link=\"https:\/\/regi.besi.hu\/?attachment_id=1348\" class=\"wp-image-1348\" srcset=\"https:\/\/besi.hu\/wp-content\/uploads\/2021\/09\/image.png 400w, https:\/\/besi.hu\/wp-content\/uploads\/2021\/09\/image-151x300.png 151w, https:\/\/besi.hu\/wp-content\/uploads\/2021\/09\/image-100x200.png 100w\" sizes=\"auto, (max-width: 400px) 100vw, 400px\" \/><\/figure><\/li><\/ul><\/figure>\n\n\n\n<p>A t\u00e1bl\u00e1zatban szerepl\u0151 tanulm\u00e1nyi \u00e1tlagok egy \u00e1lland\u00f3 800 f\u0151 feletti l\u00e9tsz\u00e1m\u00fa tanul\u00f3i k\u00f6z\u00f6ss\u00e9gre \u00e9rtend\u0151k.&nbsp;<\/p>\n\n\n\n<p>A k\u00fcl\u00f6nb\u00f6z\u0151 \u00e9vfolyamok tekintet\u00e9ben az ut\u00f3bbi 4 tan\u00e9v tanulm\u00e1nyi eredm\u00e9nyei az al\u00e1bbiak szerint alakultak:<\/p>\n\n\n\n<div class=\"wp-block-group\"><div class=\"wp-block-group__inner-container is-layout-flow wp-block-group-is-layout-flow\">\n<figure class=\"wp-block-gallery aligncenter columns-2 is-cropped wp-block-gallery-2 is-layout-flex wp-block-gallery-is-layout-flex\"><ul class=\"blocks-gallery-grid\"><li class=\"blocks-gallery-item\"><figure><img loading=\"lazy\" decoding=\"async\" width=\"478\" height=\"516\" src=\"https:\/\/regi.besi.hu\/wp-content\/uploads\/2021\/09\/image-2.png\" alt=\"\" data-id=\"1352\" data-full-url=\"https:\/\/regi.besi.hu\/wp-content\/uploads\/2021\/09\/image-2.png\" data-link=\"https:\/\/regi.besi.hu\/?attachment_id=1352\" class=\"wp-image-1352\" srcset=\"https:\/\/besi.hu\/wp-content\/uploads\/2021\/09\/image-2.png 478w, https:\/\/besi.hu\/wp-content\/uploads\/2021\/09\/image-2-278x300.png 278w, https:\/\/besi.hu\/wp-content\/uploads\/2021\/09\/image-2-185x200.png 185w\" sizes=\"auto, (max-width: 478px) 100vw, 478px\" \/><figcaption class=\"blocks-gallery-item__caption\">2017\/2018<\/figcaption><\/figure><\/li><li class=\"blocks-gallery-item\"><figure><img loading=\"lazy\" decoding=\"async\" width=\"453\" height=\"516\" src=\"https:\/\/regi.besi.hu\/wp-content\/uploads\/2021\/09\/image-3.png\" alt=\"\" data-id=\"1353\" data-full-url=\"https:\/\/regi.besi.hu\/wp-content\/uploads\/2021\/09\/image-3.png\" data-link=\"https:\/\/regi.besi.hu\/?attachment_id=1353\" class=\"wp-image-1353\" srcset=\"https:\/\/besi.hu\/wp-content\/uploads\/2021\/09\/image-3.png 453w, https:\/\/besi.hu\/wp-content\/uploads\/2021\/09\/image-3-263x300.png 263w, https:\/\/besi.hu\/wp-content\/uploads\/2021\/09\/image-3-176x200.png 176w\" sizes=\"auto, (max-width: 453px) 100vw, 453px\" \/><figcaption class=\"blocks-gallery-item__caption\">2018\/2019<\/figcaption><\/figure><\/li><\/ul><\/figure>\n\n\n\n<figure class=\"wp-block-gallery columns-2 is-cropped wp-block-gallery-3 is-layout-flex wp-block-gallery-is-layout-flex\"><ul class=\"blocks-gallery-grid\"><li class=\"blocks-gallery-item\"><figure><img loading=\"lazy\" decoding=\"async\" width=\"495\" height=\"507\" src=\"https:\/\/regi.besi.hu\/wp-content\/uploads\/2021\/09\/image-4.png\" alt=\"\" data-id=\"1354\" data-full-url=\"https:\/\/regi.besi.hu\/wp-content\/uploads\/2021\/09\/image-4.png\" data-link=\"https:\/\/regi.besi.hu\/?attachment_id=1354\" class=\"wp-image-1354\" srcset=\"https:\/\/besi.hu\/wp-content\/uploads\/2021\/09\/image-4.png 495w, https:\/\/besi.hu\/wp-content\/uploads\/2021\/09\/image-4-293x300.png 293w, https:\/\/besi.hu\/wp-content\/uploads\/2021\/09\/image-4-195x200.png 195w\" sizes=\"auto, (max-width: 495px) 100vw, 495px\" \/><figcaption class=\"blocks-gallery-item__caption\">2019\/2020<\/figcaption><\/figure><\/li><li class=\"blocks-gallery-item\"><figure><img loading=\"lazy\" decoding=\"async\" width=\"471\" height=\"483\" src=\"https:\/\/regi.besi.hu\/wp-content\/uploads\/2021\/09\/image-5.png\" alt=\"\" data-id=\"1355\" data-full-url=\"https:\/\/regi.besi.hu\/wp-content\/uploads\/2021\/09\/image-5.png\" data-link=\"https:\/\/regi.besi.hu\/?attachment_id=1355\" class=\"wp-image-1355\" srcset=\"https:\/\/besi.hu\/wp-content\/uploads\/2021\/09\/image-5.png 471w, https:\/\/besi.hu\/wp-content\/uploads\/2021\/09\/image-5-293x300.png 293w, https:\/\/besi.hu\/wp-content\/uploads\/2021\/09\/image-5-195x200.png 195w\" sizes=\"auto, (max-width: 471px) 100vw, 471px\" \/><figcaption class=\"blocks-gallery-item__caption\">2020\/2021<\/figcaption><\/figure><\/li><\/ul><\/figure>\n<\/div><\/div>\n\n\n\n<p>Az utols\u00f3 k\u00e9t tan\u00e9v eredm\u00e9nyei oszt\u00e1lyokra lebontva:<\/p>\n\n\n\n<figure class=\"wp-block-gallery columns-2 is-cropped wp-block-gallery-4 is-layout-flex wp-block-gallery-is-layout-flex\"><ul class=\"blocks-gallery-grid\"><li class=\"blocks-gallery-item\"><figure><img loading=\"lazy\" decoding=\"async\" width=\"721\" height=\"662\" src=\"https:\/\/regi.besi.hu\/wp-content\/uploads\/2021\/09\/image-6.png\" alt=\"\" data-id=\"1356\" data-full-url=\"https:\/\/regi.besi.hu\/wp-content\/uploads\/2021\/09\/image-6.png\" data-link=\"https:\/\/regi.besi.hu\/?attachment_id=1356\" class=\"wp-image-1356\" srcset=\"https:\/\/besi.hu\/wp-content\/uploads\/2021\/09\/image-6.png 721w, https:\/\/besi.hu\/wp-content\/uploads\/2021\/09\/image-6-300x275.png 300w, https:\/\/besi.hu\/wp-content\/uploads\/2021\/09\/image-6-218x200.png 218w\" sizes=\"auto, (max-width: 721px) 100vw, 721px\" \/><figcaption class=\"blocks-gallery-item__caption\">2019\/2020<\/figcaption><\/figure><\/li><li class=\"blocks-gallery-item\"><figure><img loading=\"lazy\" decoding=\"async\" width=\"721\" height=\"669\" src=\"https:\/\/regi.besi.hu\/wp-content\/uploads\/2021\/09\/image-7.png\" alt=\"\" data-id=\"1357\" data-full-url=\"https:\/\/regi.besi.hu\/wp-content\/uploads\/2021\/09\/image-7.png\" data-link=\"https:\/\/regi.besi.hu\/?attachment_id=1357\" class=\"wp-image-1357\" srcset=\"https:\/\/besi.hu\/wp-content\/uploads\/2021\/09\/image-7.png 721w, https:\/\/besi.hu\/wp-content\/uploads\/2021\/09\/image-7-300x278.png 300w, https:\/\/besi.hu\/wp-content\/uploads\/2021\/09\/image-7-216x200.png 216w\" sizes=\"auto, (max-width: 721px) 100vw, 721px\" \/><figcaption class=\"blocks-gallery-item__caption\">2020\/2021<\/figcaption><\/figure><\/li><\/ul><\/figure>\n\n\n\n<p>A fent megjelen\u00edtett tanulm\u00e1nyi \u00e1tlagok val\u00f3dis\u00e1g\u00e1t, \u00e9rt\u00e9k\u00e1ll\u00f3 k\u00e9pess\u00e9g\u00e9t az \u00e9retts\u00e9gi vizsg\u00e1kon el\u00e9rt eredm\u00e9nyekkel igazolhatjuk. Nagy b\u00fcszkes\u00e9ggel t\u00f6lt el mindannyiunkat, hogy szinte minden tanul\u00f3nk a fels\u0151oktat\u00e1sban folytatja tanulm\u00e1nyait, a gimn\u00e1ziumban elt\u00f6lt\u00f6tt 4 illetve 5 \u00e9v nagyon biztos alapot, haszn\u00e1lhat\u00f3 tud\u00e1st ny\u00fajt ahhoz, hogy helyt is \u00e1lljanak az egyetemeken. Amennyiben az iskol\u00e1ban megszerzett \u00e9rdemjegyek m\u00f6g\u00f6tti tartalom visszat\u00fckr\u00f6z\u0151dik a vizsg\u00e1k eredm\u00e9nyess\u00e9g\u00e9ben, j\u00f3 munk\u00e1t v\u00e9gezt\u00fcnk.&nbsp;<\/p>\n\n\n\n<p>A 2020\/2021-es tan\u00e9v k\u00fcl\u00f6n\u00f6sen nagy feladat el\u00e9 \u00e1ll\u00edtotta f\u0151k\u00e9nt az \u00e9retts\u00e9giz\u0151 di\u00e1kokat, hiszen a j\u00f3l megszokott jelenl\u00e9ti oktat\u00e1s helyett online platformokon kereszt\u00fcl tudtak tan\u00e1raikkal k\u00f6z\u00f6sen k\u00e9sz\u00fclni az emelt \u00e9s k\u00f6z\u00e9pszint\u0171 vizsg\u00e1kra. Az idei tan\u00e9v \u00e9retts\u00e9gi eredm\u00e9nyei sz\u00e1zal\u00e9kos illetve \u00e9rdemjegyekre v\u00e1ltott \u00e1tlagait mutatja be a k\u00f6vetkez\u0151 t\u00e1bl\u00e1zat:<\/p>\n\n\n\n<figure class=\"wp-block-gallery columns-2 is-cropped wp-block-gallery-5 is-layout-flex wp-block-gallery-is-layout-flex\"><ul class=\"blocks-gallery-grid\"><li class=\"blocks-gallery-item\"><figure><img loading=\"lazy\" decoding=\"async\" width=\"685\" height=\"849\" src=\"https:\/\/regi.besi.hu\/wp-content\/uploads\/2021\/09\/image-8.png\" alt=\"\" data-id=\"1364\" data-full-url=\"https:\/\/regi.besi.hu\/wp-content\/uploads\/2021\/09\/image-8.png\" data-link=\"https:\/\/regi.besi.hu\/?attachment_id=1364\" class=\"wp-image-1364\" srcset=\"https:\/\/besi.hu\/wp-content\/uploads\/2021\/09\/image-8.png 685w, https:\/\/besi.hu\/wp-content\/uploads\/2021\/09\/image-8-242x300.png 242w, https:\/\/besi.hu\/wp-content\/uploads\/2021\/09\/image-8-161x200.png 161w\" sizes=\"auto, (max-width: 685px) 100vw, 685px\" \/><\/figure><\/li><li class=\"blocks-gallery-item\"><figure><img loading=\"lazy\" decoding=\"async\" width=\"661\" height=\"768\" src=\"https:\/\/regi.besi.hu\/wp-content\/uploads\/2021\/09\/image-9.png\" alt=\"\" data-id=\"1365\" data-full-url=\"https:\/\/regi.besi.hu\/wp-content\/uploads\/2021\/09\/image-9.png\" data-link=\"https:\/\/regi.besi.hu\/?attachment_id=1365\" class=\"wp-image-1365\" srcset=\"https:\/\/besi.hu\/wp-content\/uploads\/2021\/09\/image-9.png 661w, https:\/\/besi.hu\/wp-content\/uploads\/2021\/09\/image-9-258x300.png 258w, https:\/\/besi.hu\/wp-content\/uploads\/2021\/09\/image-9-172x200.png 172w\" sizes=\"auto, (max-width: 661px) 100vw, 661px\" \/><\/figure><\/li><\/ul><\/figure>\n\n\n\n<p>E\u00f6tv\u00f6s Lor\u00e1nd szavai szerint \u201e<em>Nem az a feladat, hogy minden hallgat\u00f3nknak m\u00e1st, hanem az, hogy mindegyiknek eleget adjunk.\u201d<\/em> Hitem szerint, mi eleget tudunk adni a hozz\u00e1nk \u00e9rkez\u0151 fiataloknak. Hogy hov\u00e1, milyen magass\u00e1gokba tud eljutni egy besis di\u00e1k ebben a t\u00e1mogat\u00f3 l\u00e9gk\u00f6rben, milyen \u00fatraval\u00f3t visz mag\u00e1val, azt h\u0171en t\u00fckr\u00f6zi az a rengeteg sikert\u00f6rt\u00e9net, k\u00fcl\u00f6nlegesebbn\u00e9l k\u00fcl\u00f6nlegesebb \u00e9letp\u00e1lya, amit egykori di\u00e1kjaink bej\u00e1rnak.&nbsp;<\/p>\n\n\n<figure id=\"attachment_1366\" aria-describedby=\"caption-attachment-1366\" style=\"width: 711px\" class=\"wp-caption aligncenter\"><img loading=\"lazy\" decoding=\"async\" class=\"wp-image-1366 size-full\" src=\"https:\/\/regi.besi.hu\/wp-content\/uploads\/2021\/09\/image-10.png\" alt=\"\u201e Amit mi adni tudunk, az \u00f6r\u00f6kre megmarad.\u201d\" width=\"711\" height=\"433\" srcset=\"https:\/\/besi.hu\/wp-content\/uploads\/2021\/09\/image-10.png 711w, https:\/\/besi.hu\/wp-content\/uploads\/2021\/09\/image-10-300x183.png 300w, https:\/\/besi.hu\/wp-content\/uploads\/2021\/09\/image-10-328x200.png 328w\" sizes=\"auto, (max-width: 711px) 100vw, 711px\" \/><figcaption id=\"caption-attachment-1366\" class=\"wp-caption-text\">\u201e Amit mi adni tudunk, az \u00f6r\u00f6kre megmarad.\u201d<\/figcaption><\/figure><div class=\"pvc_clear\"><\/div><p id=\"pvc_stats_1196\" class=\"pvc_stats all  \" data-element-id=\"1196\" style=\"\"><i class=\"pvc-stats-icon medium\" aria-hidden=\"true\"><svg aria-hidden=\"true\" focusable=\"false\" data-prefix=\"far\" data-icon=\"chart-bar\" role=\"img\" xmlns=\"http:\/\/www.w3.org\/2000\/svg\" viewBox=\"0 0 512 512\" class=\"svg-inline--fa fa-chart-bar fa-w-16 fa-2x\"><path fill=\"currentColor\" d=\"M396.8 352h22.4c6.4 0 12.8-6.4 12.8-12.8V108.8c0-6.4-6.4-12.8-12.8-12.8h-22.4c-6.4 0-12.8 6.4-12.8 12.8v230.4c0 6.4 6.4 12.8 12.8 12.8zm-192 0h22.4c6.4 0 12.8-6.4 12.8-12.8V140.8c0-6.4-6.4-12.8-12.8-12.8h-22.4c-6.4 0-12.8 6.4-12.8 12.8v198.4c0 6.4 6.4 12.8 12.8 12.8zm96 0h22.4c6.4 0 12.8-6.4 12.8-12.8V204.8c0-6.4-6.4-12.8-12.8-12.8h-22.4c-6.4 0-12.8 6.4-12.8 12.8v134.4c0 6.4 6.4 12.8 12.8 12.8zM496 400H48V80c0-8.84-7.16-16-16-16H16C7.16 64 0 71.16 0 80v336c0 17.67 14.33 32 32 32h464c8.84 0 16-7.16 16-16v-16c0-8.84-7.16-16-16-16zm-387.2-48h22.4c6.4 0 12.8-6.4 12.8-12.8v-70.4c0-6.4-6.4-12.8-12.8-12.8h-22.4c-6.4 0-12.8 6.4-12.8 12.8v70.4c0 6.4 6.4 12.8 12.8 12.8z\" class=\"\"><\/path><\/svg><\/i> <img loading=\"lazy\" decoding=\"async\" width=\"16\" height=\"16\" alt=\"Loading\" src=\"https:\/\/besi.hu\/wp-content\/plugins\/page-views-count\/ajax-loader-2x.gif\" border=0 \/><\/p><div class=\"pvc_clear\"><\/div>","protected":false},"excerpt":{"rendered":"<p>\u201eA j\u00f3 iskola nem tesz csod\u00e1t, semmi m\u00e1st nem tehet, mint hogy seg\u00edt abban, hogy mindenki olyan legyen, amilyen lenni tud. Senkit nem lehet tehets\u00e9gre nevelni, nem lehet a hi\u00e1nyz\u00f3 tehets\u00e9get egy injekci\u00f3val bel\u00e9nk \u00fcltetni. Viszont a benn\u00fcnk rejl\u0151 k\u00fcl\u00f6nb\u00f6z\u0151 tehets\u00e9geket igenis lehet t\u00e1mogatni \u00e9s kifejl\u0151dni seg\u00edteni. Tulajdonk\u00e9ppen az iskola&#8230;<\/p>\n<div class=\"pvc_clear\"><\/div>\n<p id=\"pvc_stats_1196\" class=\"pvc_stats all  \" data-element-id=\"1196\" style=\"\"><i class=\"pvc-stats-icon medium\" aria-hidden=\"true\"><svg aria-hidden=\"true\" focusable=\"false\" data-prefix=\"far\" data-icon=\"chart-bar\" role=\"img\" xmlns=\"http:\/\/www.w3.org\/2000\/svg\" viewBox=\"0 0 512 512\" class=\"svg-inline--fa fa-chart-bar fa-w-16 fa-2x\"><path fill=\"currentColor\" d=\"M396.8 352h22.4c6.4 0 12.8-6.4 12.8-12.8V108.8c0-6.4-6.4-12.8-12.8-12.8h-22.4c-6.4 0-12.8 6.4-12.8 12.8v230.4c0 6.4 6.4 12.8 12.8 12.8zm-192 0h22.4c6.4 0 12.8-6.4 12.8-12.8V140.8c0-6.4-6.4-12.8-12.8-12.8h-22.4c-6.4 0-12.8 6.4-12.8 12.8v198.4c0 6.4 6.4 12.8 12.8 12.8zm96 0h22.4c6.4 0 12.8-6.4 12.8-12.8V204.8c0-6.4-6.4-12.8-12.8-12.8h-22.4c-6.4 0-12.8 6.4-12.8 12.8v134.4c0 6.4 6.4 12.8 12.8 12.8zM496 400H48V80c0-8.84-7.16-16-16-16H16C7.16 64 0 71.16 0 80v336c0 17.67 14.33 32 32 32h464c8.84 0 16-7.16 16-16v-16c0-8.84-7.16-16-16-16zm-387.2-48h22.4c6.4 0 12.8-6.4 12.8-12.8v-70.4c0-6.4-6.4-12.8-12.8-12.8h-22.4c-6.4 0-12.8 6.4-12.8 12.8v70.4c0 6.4 6.4 12.8 12.8 12.8z\" class=\"\"><\/path><\/svg><\/i> <img loading=\"lazy\" decoding=\"async\" width=\"16\" height=\"16\" alt=\"Loading\" src=\"https:\/\/besi.hu\/wp-content\/plugins\/page-views-count\/ajax-loader-2x.gif\" border=0 \/><\/p>\n<div class=\"pvc_clear\"><\/div>\n","protected":false},"author":2,"featured_media":0,"parent":0,"menu_order":0,"comment_status":"closed","ping_status":"closed","template":"","meta":{"footnotes":""},"class_list":["post-1196","page","type-page","status-publish","hentry"],"aioseo_notices":[],"a3_pvc":{"activated":true,"total_views":3149,"today_views":0},"_links":{"self":[{"href":"https:\/\/besi.hu\/index.php?rest_route=\/wp\/v2\/pages\/1196","targetHints":{"allow":["GET"]}}],"collection":[{"href":"https:\/\/besi.hu\/index.php?rest_route=\/wp\/v2\/pages"}],"about":[{"href":"https:\/\/besi.hu\/index.php?rest_route=\/wp\/v2\/types\/page"}],"author":[{"embeddable":true,"href":"https:\/\/besi.hu\/index.php?rest_route=\/wp\/v2\/users\/2"}],"replies":[{"embeddable":true,"href":"https:\/\/besi.hu\/index.php?rest_route=%2Fwp%2Fv2%2Fcomments&post=1196"}],"version-history":[{"count":17,"href":"https:\/\/besi.hu\/index.php?rest_route=\/wp\/v2\/pages\/1196\/revisions"}],"predecessor-version":[{"id":1430,"href":"https:\/\/besi.hu\/index.php?rest_route=\/wp\/v2\/pages\/1196\/revisions\/1430"}],"wp:attachment":[{"href":"https:\/\/besi.hu\/index.php?rest_route=%2Fwp%2Fv2%2Fmedia&parent=1196"}],"curies":[{"name":"wp","href":"https:\/\/api.w.org\/{rel}","templated":true}]}}