{"id":1202,"date":"2021-09-04T19:38:33","date_gmt":"2021-09-04T19:38:33","guid":{"rendered":"https:\/\/regi.besi.hu\/?page_id=1202"},"modified":"2021-09-05T18:17:14","modified_gmt":"2021-09-05T18:17:14","slug":"az-iskola-a-diakoke-most-is","status":"publish","type":"page","link":"https:\/\/besi.hu\/?page_id=1202","title":{"rendered":"Az iskola a di\u00e1kok\u00e9 most is"},"content":{"rendered":"<p><span style=\"font-weight: 400;\">A tanulm\u00e1nyi munka mellett fontos sz\u00e1munkra, hogy iskol\u00e1nk di\u00e1kjai szellemileg \u00e9s lelkileg egyar\u00e1nt felfriss\u00fcljenek, felt\u00f6lt\u0151djenek, \u00e9s ez\u00e1ltal a mindennapokban helyt tudjanak \u00e1llni.<\/span><\/p>\n<p><span style=\"font-weight: 400;\">Olyan programokat szervez\u00fcnk, amelyek lehet\u0151s\u00e9get biztos\u00edtanak a di\u00e1koknak az akt\u00edv kikapcsol\u00f3d\u00e1sra, \u00fagynevezett laz\u00edt\u00f3 tev\u00e9kenys\u00e9geket k\u00edn\u00e1lunk az iskol\u00e1nk komplex tehets\u00e9gfejleszt\u0151 rendszer\u00e9ben, melyre a tanul\u00f3knak sz\u00fcks\u00e9ge van, illetve szeretn\u00e9nk eml\u00e9kezetess\u00e9 tenni az itt t\u00f6lt\u00f6tt \u00e9veket tanul\u00f3inknak \u00e9s tan\u00e1rainknak egyar\u00e1nt.<\/span><\/p>\n<p><span style=\"font-weight: 400;\">Iskol\u00e1nk nagy hangs\u00falyt helyez a hagyom\u00e1nyok \u00e1pol\u00e1s\u00e1ra. Ennek a tan\u00e9vben az els\u0151, di\u00e1k\u00f6nkorm\u00e1nyzatunk \u00e1ltal szervezett megnyilv\u00e1nul\u00e1sa az \u00faj tanul\u00f3k beilleszked\u00e9s\u00e9nek seg\u00edt\u00e9se j\u00e1t\u00e9kos keretek k\u00f6z\u00f6tt. A G\u00f3lyah\u00e9ten biztos\u00edtunk arra lehet\u0151s\u00e9get, hogy a fels\u0151bb \u00e9vesek a kilencedikeseknek felszabadult, vid\u00e1m programokat szervezzenek. Ennek r\u00e9sze a j\u00e1t\u00e9kos, m\u00f3k\u00e1s be\u00f6lt\u00f6z\u00e9s \u2013 a tizedikesek szem\u00e9lyre szabott, vicces p\u00f3l\u00f3t k\u00e9sz\u00edtenek a gimn\u00e1zium legfiatalabb di\u00e1kjai sz\u00e1m\u00e1ra \u2013 valamint egy eg\u00e9sz d\u00e9lut\u00e1nos \u00e9vfolyam vet\u00e9lked\u0151, amin minden \u201eg\u00f3lya\u201d \u00e9s az oszt\u00e1lyf\u0151n\u00f6k\u00fck r\u00e9szt vesz. A humoros feladatoknak k\u00f6sz\u00f6nhet\u0151en ez a program nagy n\u00e9pszer\u0171s\u00e9gnek \u00f6rvend, ami az iskola t\u00f6bbi tanul\u00f3j\u00e1nak \u00e9s a tantest\u00fclet minden tagj\u00e1nak egyar\u00e1nt kikapcsol\u00f3d\u00e1st jelent. Az erre az alkalomra k\u00e9sz\u00fclt oszt\u00e1lyz\u00e1szl\u00f3juk 4-5 \u00e9vig a jelk\u00e9p\u00fck marad, ami oszt\u00e1lyterm\u00fck fal\u00e1t d\u00edsz\u00edti tanulm\u00e1nyaik sor\u00e1n.\u00a0\u00a0<\/span><\/p>\n<figure id=\"attachment_1498\" aria-describedby=\"caption-attachment-1498\" style=\"width: 1024px\" class=\"wp-caption aligncenter\"><img loading=\"lazy\" decoding=\"async\" class=\"wp-image-1498 size-large\" src=\"https:\/\/regi.besi.hu\/wp-content\/uploads\/2021\/09\/A-20202021-es-tanev-Golyahetenek-gyoztes-osztalyzaszloja-1024x682.jpg\" alt=\"A 2020\/2021-es tan\u00e9v G\u00f3lyahet\u00e9nek gy\u0151ztes oszt\u00e1lyz\u00e1szl\u00f3ja\" width=\"1024\" height=\"682\" srcset=\"https:\/\/besi.hu\/wp-content\/uploads\/2021\/09\/A-20202021-es-tanev-Golyahetenek-gyoztes-osztalyzaszloja-1024x682.jpg 1024w, https:\/\/besi.hu\/wp-content\/uploads\/2021\/09\/A-20202021-es-tanev-Golyahetenek-gyoztes-osztalyzaszloja-300x200.jpg 300w, https:\/\/besi.hu\/wp-content\/uploads\/2021\/09\/A-20202021-es-tanev-Golyahetenek-gyoztes-osztalyzaszloja-768x512.jpg 768w, https:\/\/besi.hu\/wp-content\/uploads\/2021\/09\/A-20202021-es-tanev-Golyahetenek-gyoztes-osztalyzaszloja-1536x1024.jpg 1536w, https:\/\/besi.hu\/wp-content\/uploads\/2021\/09\/A-20202021-es-tanev-Golyahetenek-gyoztes-osztalyzaszloja.jpg 2000w\" sizes=\"auto, (max-width: 1024px) 100vw, 1024px\" \/><figcaption id=\"caption-attachment-1498\" class=\"wp-caption-text\">A 2020\/2021-es tan\u00e9v G\u00f3lyahet\u00e9nek gy\u0151ztes oszt\u00e1lyz\u00e1szl\u00f3ja<\/figcaption><\/figure>\n<p><span style=\"font-weight: 400;\">A di\u00e1k\u00f6nkorm\u00e1nyzat <\/span><i><span style=\"font-weight: 400;\">Besi Show<\/span><\/i><span style=\"font-weight: 400;\"> elnevez\u00e9s\u0171 programja oszt\u00e1lyok k\u00f6z\u00f6tti vet\u00e9lked\u0151t hirdet. A vet\u00e9lked\u0151 t\u00f6bb t\u00edpus\u00fa izgalmas feladatb\u00f3l \u00e1ll, melyek k\u00fcl\u00f6nb\u00f6z\u0151 k\u00e9szs\u00e9gek kreat\u00edv alkalmaz\u00e1s\u00e1t ig\u00e9nylik. Minden csapatnak tagja egy tan\u00e1r is, \u00e9s ez az \u00fajfajta egy\u00fcttm\u0171k\u00f6d\u00e9s fokozza a j\u00f3 hangulatot. A vid\u00e1m, rendk\u00edv\u00fcl hangulatos <\/span><i><span style=\"font-weight: 400;\">Show<\/span><\/i><span style=\"font-weight: 400;\"> er\u0151s\u00edti az \u00f6sszetartoz\u00e1st, a csoport- \u00e9s oszt\u00e1lykoh\u00e9zi\u00f3t, a k\u00f6z\u00f6ss\u00e9gi szellemet, \u00e9s nem utols\u00f3sorban az \u00f6nismereti intelligenci\u00e1t is.\u00a0<\/span><\/p>\n<p><span style=\"font-weight: 400;\">A mindennapi testnevel\u00e9s\u00f3r\u00e1k mellett megszervezz\u00fck a <\/span><i><span style=\"font-weight: 400;\">Sport Night<\/span><\/i><span style=\"font-weight: 400;\"> nevet visel\u0151 esem\u00e9nyt, amely szint\u00e9n lehet\u0151s\u00e9get ad a di\u00e1koknak, hogy kikapcsol\u00f3djanak a tanul\u00e1s ut\u00e1n. A program a kezd\u00e9st\u0151l sz\u00e1m\u00edtott 12 \u00f3r\u00e1n \u00e1t tart (\u00e9jszak\u00e1ba ny\u00fal\u00f3an). Minden sportolni szeret\u0151 di\u00e1k lehet\u0151s\u00e9get kap a r\u00f6plabda, a labdar\u00fag\u00e1s, a kos\u00e1rlabda \u00e9s m\u00e9g sz\u00e1mos sporttev\u00e9kenys\u00e9g, mozg\u00e1sforma seg\u00edts\u00e9g\u00e9vel az akt\u00edv kikapcsol\u00f3d\u00e1sra. A fesztelen egy\u00fcttl\u00e9ten t\u00fal c\u00e9lunk, hogy a sporttal elt\u00f6lt\u00f6tt id\u0151 alatt a tanul\u00f3k szem\u00e9lyis\u00e9ge fejl\u0151dj\u00f6n \u00e9s form\u00e1l\u00f3djon, valamint \u00faj \u00e9rt\u00e9kekkel \u00e9s \u00e9lm\u00e9nyekkel gazdagodjanak.<\/span><\/p>\n<p><span style=\"font-weight: 400;\">A <\/span><i><span style=\"font-weight: 400;\">Di\u00e1knap<\/span><\/i><span style=\"font-weight: 400;\"> minden \u00e9vben a tavaszi sz\u00fcnet el\u0151tti napon ker\u00fcl megrendez\u00e9sre. A megel\u0151z\u0151 napokban a di\u00e1kigazgat\u00f3-v\u00e1laszt\u00e1s esem\u00e9nye lehet\u0151s\u00e9get biztos\u00edt az oszt\u00e1lyoknak, hogy egy \u00e1ltaluk alkalmasnak tartott tanul\u00f3t ind\u00edtsanak a di\u00e1kigazgat\u00f3i c\u00edm elnyer\u00e9s\u00e9\u00e9rt. A kamp\u00e1ny sor\u00e1n a jel\u00f6ltek bemutatj\u00e1k \u00edg\u00e9retes programjaikat. Az iskola ebben az id\u0151szakban a leghangulatosabb a sok plak\u00e1ttal, a kamp\u00e1nystandokkal, sz\u00fcnetekben zen\u00e9vel. A jel\u00f6ltek \u00e9s oszt\u00e1lyuk kreativit\u00e1sa hat\u00e1rtalan, sz\u00e1mos hangulatos \u00e9s sz\u00ednes meglepet\u00e9ssel pr\u00f3b\u00e1lj\u00e1k leny\u0171g\u00f6zni iskol\u00e1nk k\u00f6z\u00f6ss\u00e9g\u00e9t, \u00e9s ezzel min\u00e9l t\u00f6bb szavazatot gy\u0171jteni a tanul\u00f3kt\u00f3l \u00e9s tan\u00e1raikt\u00f3l. A kamp\u00e1ny z\u00e1r\u00e1sak\u00e9nt a v\u00e1laszt\u00e1st megnyer\u0151 oszt\u00e1ly \u00e9s annak igazgat\u00f3jel\u00f6ltje egy napra jelk\u00e9pesen \u00e1tveszi az iskola kulcs\u00e1t, \u00e9s a di\u00e1k\u00f6nkorm\u00e1nyzattal egy\u00fctt lebonyol\u00edtja a Di\u00e1knapot. Minden oszt\u00e1ly aj\u00e1nd\u00e9kkal \u00e9s egy r\u00f6vid verssel kedveskedik a di\u00e1kigazgat\u00f3nak.\u00a0<\/span><\/p>\n<figure id=\"attachment_1499\" aria-describedby=\"caption-attachment-1499\" style=\"width: 1024px\" class=\"wp-caption aligncenter\"><img loading=\"lazy\" decoding=\"async\" class=\"wp-image-1499 size-large\" src=\"https:\/\/regi.besi.hu\/wp-content\/uploads\/2021\/09\/A-ket-diakigazgatojelolt-Birke-Csaba-es-Lakatos-Levente-Biro-Gabor-intezmenyvezeto-urral-2019-ben-1024x682.jpg\" alt=\"A k\u00e9t di\u00e1kigazgat\u00f3jel\u00f6lt (Birke Csaba \u00e9s Lakatos Levente) B\u00edr\u00f3 G\u00e1bor int\u00e9zm\u00e9nyvezet\u0151 \u00farral 2019-ben\" width=\"1024\" height=\"682\" srcset=\"https:\/\/besi.hu\/wp-content\/uploads\/2021\/09\/A-ket-diakigazgatojelolt-Birke-Csaba-es-Lakatos-Levente-Biro-Gabor-intezmenyvezeto-urral-2019-ben-1024x682.jpg 1024w, https:\/\/besi.hu\/wp-content\/uploads\/2021\/09\/A-ket-diakigazgatojelolt-Birke-Csaba-es-Lakatos-Levente-Biro-Gabor-intezmenyvezeto-urral-2019-ben-300x200.jpg 300w, https:\/\/besi.hu\/wp-content\/uploads\/2021\/09\/A-ket-diakigazgatojelolt-Birke-Csaba-es-Lakatos-Levente-Biro-Gabor-intezmenyvezeto-urral-2019-ben-768x512.jpg 768w, https:\/\/besi.hu\/wp-content\/uploads\/2021\/09\/A-ket-diakigazgatojelolt-Birke-Csaba-es-Lakatos-Levente-Biro-Gabor-intezmenyvezeto-urral-2019-ben-1536x1024.jpg 1536w, https:\/\/besi.hu\/wp-content\/uploads\/2021\/09\/A-ket-diakigazgatojelolt-Birke-Csaba-es-Lakatos-Levente-Biro-Gabor-intezmenyvezeto-urral-2019-ben.jpg 2000w\" sizes=\"auto, (max-width: 1024px) 100vw, 1024px\" \/><figcaption id=\"caption-attachment-1499\" class=\"wp-caption-text\">A k\u00e9t di\u00e1kigazgat\u00f3jel\u00f6lt (Birke Csaba \u00e9s Lakatos Levente) B\u00edr\u00f3 G\u00e1bor int\u00e9zm\u00e9nyvezet\u0151 \u00farral 2019-ben<\/figcaption><\/figure>\n<p><span style=\"font-weight: 400;\">Az iskol\u00e1ban k\u00fcl\u00f6nb\u00f6z\u0151 programok v\u00e1rj\u00e1k a tanul\u00f3kat, \u00e9s ezek k\u00f6z\u00fcl egyik a f\u0151z\u0151verseny, melynek keret\u00e9ben az oszt\u00e1lyok ragadnak fakanalat, \u00e9s k\u00e9sz\u00edtenek finomabbn\u00e1l finomabb \u00e9teleket, majd\u00a0 h\u00e1romf\u0151s zs\u0171ri k\u00f3stolja meg, \u00e9rt\u00e9keli \u00e9s \u00edt\u00e9li oda a \u201cv\u00e1ndor fakanalat\u201d, amit egy \u00e9vig birtokol a nyertes oszt\u00e1ly. A Di\u00e1knapnak remek kapcsolat- \u00e9s k\u00f6z\u00f6ss\u00e9g\u00e9p\u00edt\u0151 hat\u00e1sa van. Bar\u00e1ts\u00e1gok sz\u00f6v\u0151dnek, elmos\u00f3dnak a k\u00e9pz\u00e9sek \u00e9s az \u00e9vfolyamok k\u00f6z\u00f6tti k\u00fcl\u00f6nbs\u00e9gek. Nincs AJTP-s, angolos, n\u00e9metes, hum\u00e1nos, matekos, re\u00e1los, \u00e1ltal\u00e1nos tanterv\u0171 di\u00e1k, csak j\u00f3kedv\u0171, akt\u00edv, kreat\u00edv, energikus \u00e9s k\u00edv\u00e1ncsi tanul\u00f3 \u00e9s persze tan\u00e1r is.<\/span><\/p>\n<p><i><span style=\"font-weight: 400;\">S\u00fctiv\u00e1s\u00e1r<\/span><\/i><span style=\"font-weight: 400;\"> keret\u00e9ben a tanul\u00f3k sz\u00fclei is ki\u00e9lhetik kreativit\u00e1sukat iskol\u00e1nkban. A sz\u00e1mos csod\u00e1latos \u00e9s \u00edzletes felaj\u00e1nlott s\u00fctem\u00e9ny minden \u00e9vben meg\u00e9des\u00edti egy-egy napunkat, amelynek bev\u00e9tel\u00e9b\u0151l finansz\u00edrozni tudjuk a k\u00fcl\u00f6nb\u00f6z\u0151 programok kiad\u00e1sait.<\/span><\/p>\n<p><span style=\"font-weight: 400;\">A besis di\u00e1kok sz\u00e1mos egy\u00e9b programmal tal\u00e1lkozhatnak iskol\u00e1nk falain bel\u00fcl \u00e9s k\u00edv\u00fcl. Mindenki tal\u00e1lhat a maga \u00e9rdekl\u0151d\u00e9s\u00e9nek megfelel\u0151, izgalmas, soksz\u00edn\u0171, tudom\u00e1nyos, kultur\u00e1lis, m\u0171v\u00e9szeti, valamint sporttev\u00e9kenys\u00e9get, amelyeket munkak\u00f6z\u00f6ss\u00e9geink szerveznek.\u00a0<\/span><\/p>\n<div class=\"pvc_clear\"><\/div>\n<p id=\"pvc_stats_1202\" class=\"pvc_stats all  \" data-element-id=\"1202\" style=\"\"><i class=\"pvc-stats-icon medium\" aria-hidden=\"true\"><svg aria-hidden=\"true\" focusable=\"false\" data-prefix=\"far\" data-icon=\"chart-bar\" role=\"img\" xmlns=\"http:\/\/www.w3.org\/2000\/svg\" viewBox=\"0 0 512 512\" class=\"svg-inline--fa fa-chart-bar fa-w-16 fa-2x\"><path fill=\"currentColor\" d=\"M396.8 352h22.4c6.4 0 12.8-6.4 12.8-12.8V108.8c0-6.4-6.4-12.8-12.8-12.8h-22.4c-6.4 0-12.8 6.4-12.8 12.8v230.4c0 6.4 6.4 12.8 12.8 12.8zm-192 0h22.4c6.4 0 12.8-6.4 12.8-12.8V140.8c0-6.4-6.4-12.8-12.8-12.8h-22.4c-6.4 0-12.8 6.4-12.8 12.8v198.4c0 6.4 6.4 12.8 12.8 12.8zm96 0h22.4c6.4 0 12.8-6.4 12.8-12.8V204.8c0-6.4-6.4-12.8-12.8-12.8h-22.4c-6.4 0-12.8 6.4-12.8 12.8v134.4c0 6.4 6.4 12.8 12.8 12.8zM496 400H48V80c0-8.84-7.16-16-16-16H16C7.16 64 0 71.16 0 80v336c0 17.67 14.33 32 32 32h464c8.84 0 16-7.16 16-16v-16c0-8.84-7.16-16-16-16zm-387.2-48h22.4c6.4 0 12.8-6.4 12.8-12.8v-70.4c0-6.4-6.4-12.8-12.8-12.8h-22.4c-6.4 0-12.8 6.4-12.8 12.8v70.4c0 6.4 6.4 12.8 12.8 12.8z\" class=\"\"><\/path><\/svg><\/i> <img loading=\"lazy\" decoding=\"async\" width=\"16\" height=\"16\" alt=\"Loading\" src=\"https:\/\/besi.hu\/wp-content\/plugins\/page-views-count\/ajax-loader-2x.gif\" border=0 \/><\/p>\n<div class=\"pvc_clear\"><\/div>\n","protected":false},"excerpt":{"rendered":"<p>A tanulm\u00e1nyi munka mellett fontos sz\u00e1munkra, hogy iskol\u00e1nk di\u00e1kjai szellemileg \u00e9s lelkileg egyar\u00e1nt felfriss\u00fcljenek, felt\u00f6lt\u0151djenek, \u00e9s ez\u00e1ltal a mindennapokban helyt tudjanak \u00e1llni. Olyan programokat szervez\u00fcnk, amelyek lehet\u0151s\u00e9get biztos\u00edtanak a di\u00e1koknak az akt\u00edv kikapcsol\u00f3d\u00e1sra, \u00fagynevezett laz\u00edt\u00f3 tev\u00e9kenys\u00e9geket k\u00edn\u00e1lunk az iskol\u00e1nk komplex tehets\u00e9gfejleszt\u0151 rendszer\u00e9ben, melyre a tanul\u00f3knak sz\u00fcks\u00e9ge van, illetve szeretn\u00e9nk eml\u00e9kezetess\u00e9&#8230;<\/p>\n<div class=\"pvc_clear\"><\/div>\n<p id=\"pvc_stats_1202\" class=\"pvc_stats all  \" data-element-id=\"1202\" style=\"\"><i class=\"pvc-stats-icon medium\" aria-hidden=\"true\"><svg aria-hidden=\"true\" focusable=\"false\" data-prefix=\"far\" data-icon=\"chart-bar\" role=\"img\" xmlns=\"http:\/\/www.w3.org\/2000\/svg\" viewBox=\"0 0 512 512\" class=\"svg-inline--fa fa-chart-bar fa-w-16 fa-2x\"><path fill=\"currentColor\" d=\"M396.8 352h22.4c6.4 0 12.8-6.4 12.8-12.8V108.8c0-6.4-6.4-12.8-12.8-12.8h-22.4c-6.4 0-12.8 6.4-12.8 12.8v230.4c0 6.4 6.4 12.8 12.8 12.8zm-192 0h22.4c6.4 0 12.8-6.4 12.8-12.8V140.8c0-6.4-6.4-12.8-12.8-12.8h-22.4c-6.4 0-12.8 6.4-12.8 12.8v198.4c0 6.4 6.4 12.8 12.8 12.8zm96 0h22.4c6.4 0 12.8-6.4 12.8-12.8V204.8c0-6.4-6.4-12.8-12.8-12.8h-22.4c-6.4 0-12.8 6.4-12.8 12.8v134.4c0 6.4 6.4 12.8 12.8 12.8zM496 400H48V80c0-8.84-7.16-16-16-16H16C7.16 64 0 71.16 0 80v336c0 17.67 14.33 32 32 32h464c8.84 0 16-7.16 16-16v-16c0-8.84-7.16-16-16-16zm-387.2-48h22.4c6.4 0 12.8-6.4 12.8-12.8v-70.4c0-6.4-6.4-12.8-12.8-12.8h-22.4c-6.4 0-12.8 6.4-12.8 12.8v70.4c0 6.4 6.4 12.8 12.8 12.8z\" class=\"\"><\/path><\/svg><\/i> <img loading=\"lazy\" decoding=\"async\" width=\"16\" height=\"16\" alt=\"Loading\" src=\"https:\/\/besi.hu\/wp-content\/plugins\/page-views-count\/ajax-loader-2x.gif\" border=0 \/><\/p>\n<div class=\"pvc_clear\"><\/div>\n","protected":false},"author":2,"featured_media":0,"parent":0,"menu_order":0,"comment_status":"closed","ping_status":"closed","template":"","meta":{"footnotes":""},"class_list":["post-1202","page","type-page","status-publish","hentry"],"aioseo_notices":[],"a3_pvc":{"activated":true,"total_views":2625,"today_views":0},"_links":{"self":[{"href":"https:\/\/besi.hu\/index.php?rest_route=\/wp\/v2\/pages\/1202","targetHints":{"allow":["GET"]}}],"collection":[{"href":"https:\/\/besi.hu\/index.php?rest_route=\/wp\/v2\/pages"}],"about":[{"href":"https:\/\/besi.hu\/index.php?rest_route=\/wp\/v2\/types\/page"}],"author":[{"embeddable":true,"href":"https:\/\/besi.hu\/index.php?rest_route=\/wp\/v2\/users\/2"}],"replies":[{"embeddable":true,"href":"https:\/\/besi.hu\/index.php?rest_route=%2Fwp%2Fv2%2Fcomments&post=1202"}],"version-history":[{"count":2,"href":"https:\/\/besi.hu\/index.php?rest_route=\/wp\/v2\/pages\/1202\/revisions"}],"predecessor-version":[{"id":1500,"href":"https:\/\/besi.hu\/index.php?rest_route=\/wp\/v2\/pages\/1202\/revisions\/1500"}],"wp:attachment":[{"href":"https:\/\/besi.hu\/index.php?rest_route=%2Fwp%2Fv2%2Fmedia&parent=1202"}],"curies":[{"name":"wp","href":"https:\/\/api.w.org\/{rel}","templated":true}]}}