{"id":1208,"date":"2021-09-04T19:40:54","date_gmt":"2021-09-04T19:40:54","guid":{"rendered":"https:\/\/regi.besi.hu\/?page_id=1208"},"modified":"2021-09-05T18:40:21","modified_gmt":"2021-09-05T18:40:21","slug":"bessenyei-gyorgy-gimnazium-alapitvany","status":"publish","type":"page","link":"https:\/\/besi.hu\/?page_id=1208","title":{"rendered":"Bessenyei Gy\u00f6rgy Gimn\u00e1zium Alap\u00edtv\u00e1ny"},"content":{"rendered":"<p><span style=\"font-weight: 400;\">Alap\u00edtv\u00e1nyunk 1995-ben B\u00edr\u00f3 G\u00e1bor, B\u00edr\u00f3 Istv\u00e1n, Csucska Bog\u00e1t, Jakab Eleon\u00f3ra, K\u00e9zy Katalin, Kov\u00e1cs L\u00e1szl\u00f3, Mikh\u00e1zi J\u00f3zsefn\u00e9, Ol\u00e1h Tibor, Szalm\u00e1sn\u00e9 Virga Erzs\u00e9bet, Sz\u0171cs Andr\u00e1sn\u00e9, Virga Gizella \u00e9s a Dr. Kov\u00e1cs G\u00e9za \u00e1ltal vezetett Fels\u0151tiszavid\u00e9ki Almafeldolgoz\u00f3 Korl\u00e1tolt Felel\u0151ss\u00e9g\u0171 T\u00e1rsas\u00e1g hozta l\u00e9tre. Az els\u0151 kurat\u00f3riumot Csat\u00e1ri Zolt\u00e1n, dr. Kov\u00e1cs G\u00e9za, Ol\u00e1h Tibor, T\u00f3th L\u00e1szl\u00f3 eln\u00f6k alkotta, ma az \u00f6sszet\u00e9tele a k\u00f6vetkez\u0151: R\u00e1cz Zsolt eln\u00f6k, Matus Attila, Ol\u00e1h Tibor. Ez \u00faton is megk\u00f6sz\u00f6nj\u00fck Dr. Barab\u00e1s Bertalannak \u00e9s Dr. L\u00e1czay Gy\u00f6rgynek az alap\u00edtv\u00e1ny hivatalos dokumentumai elk\u00e9sz\u00edt\u00e9se sor\u00e1n elv\u00e9gzett munk\u00e1j\u00e1t, valamint Barna Margitnak \u00e9s Bud\u00e1n\u00e9 Aros Juditnak, hogy fel\u00fcgyelt\u00e9k az alap\u00edtv\u00e1ny gazd\u00e1lkod\u00e1s\u00e1t.<\/span><\/p>\n<p><span style=\"font-weight: 400;\">Az int\u00e9zm\u00e9ny dinamikus fejl\u0151d\u00e9s\u00e9hez az alap\u00edtv\u00e1ny tev\u00e9kenys\u00e9ge rendk\u00edv\u00fcl sokat tett hozz\u00e1. Ugyanis bizonyos t\u00e1mogat\u00e1sokhoz kiz\u00e1r\u00f3lag civil szervezetek juthatnak hozz\u00e1 \u00e9s a volt tan\u00edtv\u00e1nyok kezdem\u00e9nyez\u00e9sei, t\u00e1mogat\u00e1si, az 1%-os felaj\u00e1nl\u00e1sok is az alap\u00edtv\u00e1nyon kereszt\u00fcl hasznosulhattak a k\u00f6z\u00f6ss\u00e9g\u00fcnk sz\u00e1m\u00e1ra.<\/span><\/p>\n<p><b>Jelent\u0151sebb t\u00e1mogat\u00f3k, akiknek k\u00f6sz\u00f6netet kell mondanunk:<\/b><\/p>\n<ul>\n<li style=\"font-weight: 400;\" aria-level=\"1\"><span style=\"font-weight: 400;\">Emberi Er\u0151forr\u00e1sok Miniszt\u00e9riuma (10\u00a0000 eFt, Smart School terem)<\/span><\/li>\n<li style=\"font-weight: 400;\" aria-level=\"1\"><span style=\"font-weight: 400;\">K\u00f6zt\u00e1rsas\u00e1gi Eln\u00f6ki hivatal (1\u00a0000 eFt, term\u00e9szettudom\u00e1ny),<\/span><\/li>\n<li style=\"font-weight: 400;\" aria-level=\"1\"><span style=\"font-weight: 400;\">Messzehangz\u00f3 Tehets\u00e9gek Alap\u00edtv\u00e1ny (tanul\u00f3k k\u00e9pz\u00e9s\u00e9nek t\u00e1mogat\u00e1sa),<\/span><\/li>\n<li style=\"font-weight: 400;\" aria-level=\"1\"><span style=\"font-weight: 400;\">Volt tan\u00edtv\u00e1nyok (Neh\u00e9z Rudolf D\u00edj),\u00a0<\/span><\/li>\n<li style=\"font-weight: 400;\" aria-level=\"1\"><span style=\"font-weight: 400;\">B\u00e9res Alap\u00edtv\u00e1ny (B\u00e9res D\u00edj, Ifj\u00fa Kutat\u00f3k Nemzetk\u00f6zi Konferenci\u00e1ja),<\/span><\/li>\n<li style=\"font-weight: 400;\" aria-level=\"1\"><span style=\"font-weight: 400;\">A NEA-UN-20-O-V-0635\u00a0\u00a0\u201eOlyan lesz a j\u00f6v\u0151, mint a ma iskol\u00e1ja\u201d (2\u00a0600 eFt, udvar fejleszt\u00e9se, b\u00fcf\u00e9 kialak\u00edt\u00e1sa),<\/span><\/li>\n<li style=\"font-weight: 400;\" aria-level=\"1\"><span style=\"font-weight: 400;\">A Szerencsej\u00e1t\u00e9k Zrt (2\u00a0000 eFt, MTT konferencia, Var\u00e1zsv\u00e1r),<\/span><\/li>\n<li style=\"font-weight: 400;\" aria-level=\"1\"><span style=\"font-weight: 400;\">Dr. Kruppa J\u00f3zsef, H\u00e1da kft (TUDOK konferencia),<\/span><\/li>\n<li style=\"font-weight: 400;\" aria-level=\"1\"><span style=\"font-weight: 400;\">Pro Progressio Alap\u00edtv\u00e1ny (400 eFt, term\u00e9szettudom\u00e1ny),<\/span><\/li>\n<li style=\"font-weight: 400;\" aria-level=\"1\"><span style=\"font-weight: 400;\">Richter Gedeon Nyrt. (200 eFt, term\u00e9szettudom\u00e1ny),<\/span><\/li>\n<li style=\"font-weight: 400;\" aria-level=\"1\"><span style=\"font-weight: 400;\">J\u00f3t\u00e9konys\u00e1gi b\u00e1lok r\u00e9szvev\u0151i, t\u00e1mogat\u00f3i,<\/span><\/li>\n<li style=\"font-weight: 400;\" aria-level=\"1\"><span style=\"font-weight: 400;\">Az SZJA 1%-\u00e1t felaj\u00e1nl\u00f3k.<\/span><\/li>\n<\/ul>\n<p>\u00a0<\/p>\n\n\n<figure class=\"wp-block-gallery columns-2 is-cropped wp-block-gallery-1 is-layout-flex wp-block-gallery-is-layout-flex\"><ul class=\"blocks-gallery-grid\"><li class=\"blocks-gallery-item\"><figure><img loading=\"lazy\" decoding=\"async\" width=\"1024\" height=\"768\" src=\"https:\/\/regi.besi.hu\/wp-content\/uploads\/2021\/09\/vitrinek-1024x768.jpg\" alt=\"\" data-id=\"1509\" data-full-url=\"https:\/\/regi.besi.hu\/wp-content\/uploads\/2021\/09\/vitrinek-scaled.jpg\" data-link=\"https:\/\/regi.besi.hu\/?attachment_id=1509\" class=\"wp-image-1509\" srcset=\"https:\/\/besi.hu\/wp-content\/uploads\/2021\/09\/vitrinek-1024x768.jpg 1024w, https:\/\/besi.hu\/wp-content\/uploads\/2021\/09\/vitrinek-300x225.jpg 300w, https:\/\/besi.hu\/wp-content\/uploads\/2021\/09\/vitrinek-768x576.jpg 768w, https:\/\/besi.hu\/wp-content\/uploads\/2021\/09\/vitrinek-1536x1152.jpg 1536w, https:\/\/besi.hu\/wp-content\/uploads\/2021\/09\/vitrinek-2048x1536.jpg 2048w, https:\/\/besi.hu\/wp-content\/uploads\/2021\/09\/vitrinek-267x200.jpg 267w\" sizes=\"auto, (max-width: 1024px) 100vw, 1024px\" \/><figcaption class=\"blocks-gallery-item__caption\">Vitrinek a m\u00e1sodik emeleten<\/figcaption><\/figure><\/li><li class=\"blocks-gallery-item\"><figure><img loading=\"lazy\" decoding=\"async\" width=\"1024\" height=\"768\" src=\"https:\/\/regi.besi.hu\/wp-content\/uploads\/2021\/09\/asztalok-burkolat-1024x768.jpg\" alt=\"\" data-id=\"1510\" data-full-url=\"https:\/\/regi.besi.hu\/wp-content\/uploads\/2021\/09\/asztalok-burkolat-scaled.jpg\" data-link=\"https:\/\/regi.besi.hu\/?attachment_id=1510\" class=\"wp-image-1510\" srcset=\"https:\/\/besi.hu\/wp-content\/uploads\/2021\/09\/asztalok-burkolat-1024x768.jpg 1024w, https:\/\/besi.hu\/wp-content\/uploads\/2021\/09\/asztalok-burkolat-300x225.jpg 300w, https:\/\/besi.hu\/wp-content\/uploads\/2021\/09\/asztalok-burkolat-768x576.jpg 768w, https:\/\/besi.hu\/wp-content\/uploads\/2021\/09\/asztalok-burkolat-1536x1152.jpg 1536w, https:\/\/besi.hu\/wp-content\/uploads\/2021\/09\/asztalok-burkolat-2048x1536.jpg 2048w, https:\/\/besi.hu\/wp-content\/uploads\/2021\/09\/asztalok-burkolat-267x200.jpg 267w\" sizes=\"auto, (max-width: 1024px) 100vw, 1024px\" \/><figcaption class=\"blocks-gallery-item__caption\">T\u00f6lgyfa b\u00fatorok \u00e9s burkolatok<\/figcaption><\/figure><\/li><\/ul><\/figure>\n\n\n\n<p><strong>Az alap\u00edtv\u00e1ny t\u00e1mogat\u00e1s\u00e1val val\u00f3sult meg:<\/strong><\/p>\n\n\n\n<p>Tanul\u00f3i-tan\u00e1ri elismer\u00e9sek \u00e9venk\u00e9nti oda\u00edt\u00e9l\u00e9se:&nbsp;<\/p>\n\n\n\n<p>Bessenyei Eml\u00e9k\u00e9rem, Neh\u00e9z Rudolf d\u00edj, B\u00e9res-d\u00edj, V\u00e9rtessy G\u00e9za d\u00edj, tanul\u00f3k k\u00e9pz\u00e9si \u00f6szt\u00f6nd\u00edja<\/p>\n\n\n\n<figure class=\"wp-block-gallery columns-1 is-cropped wp-block-gallery-2 is-layout-flex wp-block-gallery-is-layout-flex\"><ul class=\"blocks-gallery-grid\"><li class=\"blocks-gallery-item\"><figure><img loading=\"lazy\" decoding=\"async\" width=\"1024\" height=\"487\" src=\"https:\/\/regi.besi.hu\/wp-content\/uploads\/2021\/09\/emlekplakett-1024x487.gif\" alt=\"\" data-id=\"1511\" data-full-url=\"https:\/\/regi.besi.hu\/wp-content\/uploads\/2021\/09\/emlekplakett.gif\" data-link=\"https:\/\/regi.besi.hu\/?attachment_id=1511\" class=\"wp-image-1511\" srcset=\"https:\/\/besi.hu\/wp-content\/uploads\/2021\/09\/emlekplakett-1024x487.gif 1024w, https:\/\/besi.hu\/wp-content\/uploads\/2021\/09\/emlekplakett-300x143.gif 300w, https:\/\/besi.hu\/wp-content\/uploads\/2021\/09\/emlekplakett-768x366.gif 768w, https:\/\/besi.hu\/wp-content\/uploads\/2021\/09\/emlekplakett-1536x731.gif 1536w, https:\/\/besi.hu\/wp-content\/uploads\/2021\/09\/emlekplakett-420x200.gif 420w\" sizes=\"auto, (max-width: 1024px) 100vw, 1024px\" \/><figcaption class=\"blocks-gallery-item__caption\">A Bessenyei Eml\u00e9k\u00e9rem<\/figcaption><\/figure><\/li><\/ul><\/figure>\n\n\n\n<p>Hagyom\u00e1ny\u00e1pol\u00e1s:<\/p>\n\n\n\n<p>F\u0151\u00e9p\u00fclet bronzb\u00f3l k\u00e9sz\u00fclt felirata, Bessenyei Eml\u00e9kfal, T\u00f6lgyfa vitrinek a m\u00e1sodik emeleten, gr\u00e1nit eml\u00e9koszlop, 100 \u00e9ves \u00e9vfordul\u00f3 eml\u00e9kt\u00e1bl\u00e1ja, Komor\u00f3czi P\u00e9ter s\u00edrk\u00f6v\u00e9nek fel\u00e1ll\u00edt\u00e1sa<\/p>\n\n\n\n<p>Infrastruktur\u00e1lis fejleszt\u00e9sek:<\/p>\n\n\n\n<p>\u00daj b\u00fcf\u00e9 kialak\u00edt\u00e1sa \u00e9s b\u00fatorzata, t\u00f6lgyfa burkolatok az aul\u00e1ban \u00e9s az els\u0151 emeleten, t\u00f6lgyfa b\u00fatorok a folyos\u00f3kon, Samsung Tablet a nevel\u0151test\u00fclet valamennyi tagj\u00e1nak<\/p>\n\n\n\n<p>Az oktat\u00e1s tartalmi t\u00e1mogat\u00e1sa:<\/p>\n\n\n\n<p>TUDOK konferencia, Var\u00e1zsv\u00e1r projekt<\/p>\n\n\n\n<figure class=\"wp-block-gallery columns-2 is-cropped wp-block-gallery-3 is-layout-flex wp-block-gallery-is-layout-flex\"><ul class=\"blocks-gallery-grid\"><li class=\"blocks-gallery-item\"><figure><img loading=\"lazy\" decoding=\"async\" width=\"768\" height=\"1024\" src=\"https:\/\/regi.besi.hu\/wp-content\/uploads\/2021\/09\/Biro-Gabor-igazgato-ur-Racz-Zsolttal-a-Bessenyei-Gimnaziumert-Alapitvany-elnokevel-768x1024.jpg\" alt=\"\" data-id=\"1513\" data-full-url=\"https:\/\/regi.besi.hu\/wp-content\/uploads\/2021\/09\/Biro-Gabor-igazgato-ur-Racz-Zsolttal-a-Bessenyei-Gimnaziumert-Alapitvany-elnokevel-scaled.jpg\" data-link=\"https:\/\/regi.besi.hu\/?attachment_id=1513\" class=\"wp-image-1513\" srcset=\"https:\/\/besi.hu\/wp-content\/uploads\/2021\/09\/Biro-Gabor-igazgato-ur-Racz-Zsolttal-a-Bessenyei-Gimnaziumert-Alapitvany-elnokevel-768x1024.jpg 768w, https:\/\/besi.hu\/wp-content\/uploads\/2021\/09\/Biro-Gabor-igazgato-ur-Racz-Zsolttal-a-Bessenyei-Gimnaziumert-Alapitvany-elnokevel-225x300.jpg 225w, https:\/\/besi.hu\/wp-content\/uploads\/2021\/09\/Biro-Gabor-igazgato-ur-Racz-Zsolttal-a-Bessenyei-Gimnaziumert-Alapitvany-elnokevel-1152x1536.jpg 1152w, https:\/\/besi.hu\/wp-content\/uploads\/2021\/09\/Biro-Gabor-igazgato-ur-Racz-Zsolttal-a-Bessenyei-Gimnaziumert-Alapitvany-elnokevel-1536x2048.jpg 1536w, https:\/\/besi.hu\/wp-content\/uploads\/2021\/09\/Biro-Gabor-igazgato-ur-Racz-Zsolttal-a-Bessenyei-Gimnaziumert-Alapitvany-elnokevel-150x200.jpg 150w, https:\/\/besi.hu\/wp-content\/uploads\/2021\/09\/Biro-Gabor-igazgato-ur-Racz-Zsolttal-a-Bessenyei-Gimnaziumert-Alapitvany-elnokevel-scaled.jpg 1920w\" sizes=\"auto, (max-width: 768px) 100vw, 768px\" \/><\/figure><\/li><li class=\"blocks-gallery-item\"><figure><img loading=\"lazy\" decoding=\"async\" width=\"1024\" height=\"461\" src=\"https:\/\/regi.besi.hu\/wp-content\/uploads\/2021\/09\/bufe-1024x461.jpg\" alt=\"\" data-id=\"1512\" data-full-url=\"https:\/\/regi.besi.hu\/wp-content\/uploads\/2021\/09\/bufe-scaled.jpg\" data-link=\"https:\/\/regi.besi.hu\/?attachment_id=1512\" class=\"wp-image-1512\" srcset=\"https:\/\/besi.hu\/wp-content\/uploads\/2021\/09\/bufe-1024x461.jpg 1024w, https:\/\/besi.hu\/wp-content\/uploads\/2021\/09\/bufe-300x135.jpg 300w, https:\/\/besi.hu\/wp-content\/uploads\/2021\/09\/bufe-768x346.jpg 768w, https:\/\/besi.hu\/wp-content\/uploads\/2021\/09\/bufe-1536x691.jpg 1536w, https:\/\/besi.hu\/wp-content\/uploads\/2021\/09\/bufe-2048x922.jpg 2048w, https:\/\/besi.hu\/wp-content\/uploads\/2021\/09\/bufe-444x200.jpg 444w\" sizes=\"auto, (max-width: 1024px) 100vw, 1024px\" \/><\/figure><\/li><\/ul><figcaption class=\"blocks-gallery-caption\"><em>B\u00edr\u00f3 G\u00e1bor igazgat\u00f3 \u00e9s R\u00e1cz Zsolt kurat\u00f3riumi eln\u00f6k besz\u00e9li meg az \u00faj iskolai b\u00fcf\u00e9 kialak\u00edt\u00e1s\u00e1t<\/em><\/figcaption><\/figure>\n\n\n\n<figure class=\"wp-block-gallery columns-1 is-cropped wp-block-gallery-4 is-layout-flex wp-block-gallery-is-layout-flex\"><ul class=\"blocks-gallery-grid\"><li class=\"blocks-gallery-item\"><figure><img loading=\"lazy\" decoding=\"async\" width=\"1024\" height=\"540\" src=\"https:\/\/regi.besi.hu\/wp-content\/uploads\/2021\/09\/latvanyterv-2-1024x540.jpg\" alt=\"\" data-id=\"1515\" data-full-url=\"https:\/\/regi.besi.hu\/wp-content\/uploads\/2021\/09\/latvanyterv-2.jpg\" data-link=\"https:\/\/regi.besi.hu\/?attachment_id=1515\" class=\"wp-image-1515\" srcset=\"https:\/\/besi.hu\/wp-content\/uploads\/2021\/09\/latvanyterv-2-1024x540.jpg 1024w, https:\/\/besi.hu\/wp-content\/uploads\/2021\/09\/latvanyterv-2-300x158.jpg 300w, https:\/\/besi.hu\/wp-content\/uploads\/2021\/09\/latvanyterv-2-768x405.jpg 768w, https:\/\/besi.hu\/wp-content\/uploads\/2021\/09\/latvanyterv-2-1536x811.jpg 1536w, https:\/\/besi.hu\/wp-content\/uploads\/2021\/09\/latvanyterv-2-379x200.jpg 379w, https:\/\/besi.hu\/wp-content\/uploads\/2021\/09\/latvanyterv-2.jpg 1639w\" sizes=\"auto, (max-width: 1024px) 100vw, 1024px\" \/><figcaption class=\"blocks-gallery-item__caption\">A legfrissebb c\u00e9lkit\u0171z\u00e9s: A 100 f\u0151 befogad\u00f3k\u00e9pess\u00e9g\u0171 udvari pavilon l\u00e1tv\u00e1nyterve<\/figcaption><\/figure><\/li><\/ul><\/figure>\n\n\n\n<p class=\"has-text-align-center\"><strong>Bessenyei Gy\u00f6rgy Gimn\u00e1zium Alap\u00edtv\u00e1ny<\/strong><\/p>\n\n\n\n<p class=\"has-text-align-center\"><strong>Kisv\u00e1rda, Iskola t\u00e9r 2. 4600<\/strong><\/p>\n\n\n\n<p class=\"has-text-align-center\"><strong>Ad\u00f3sz\u00e1m: 18793792-1-15<\/strong><strong> <\/strong><strong>Sz\u00e1mlasz\u00e1m: 11744034-20027784<\/strong><\/p>\n<div class=\"pvc_clear\"><\/div><p id=\"pvc_stats_1208\" class=\"pvc_stats all  \" data-element-id=\"1208\" style=\"\"><i class=\"pvc-stats-icon medium\" aria-hidden=\"true\"><svg aria-hidden=\"true\" focusable=\"false\" data-prefix=\"far\" data-icon=\"chart-bar\" role=\"img\" xmlns=\"http:\/\/www.w3.org\/2000\/svg\" viewBox=\"0 0 512 512\" class=\"svg-inline--fa fa-chart-bar fa-w-16 fa-2x\"><path fill=\"currentColor\" d=\"M396.8 352h22.4c6.4 0 12.8-6.4 12.8-12.8V108.8c0-6.4-6.4-12.8-12.8-12.8h-22.4c-6.4 0-12.8 6.4-12.8 12.8v230.4c0 6.4 6.4 12.8 12.8 12.8zm-192 0h22.4c6.4 0 12.8-6.4 12.8-12.8V140.8c0-6.4-6.4-12.8-12.8-12.8h-22.4c-6.4 0-12.8 6.4-12.8 12.8v198.4c0 6.4 6.4 12.8 12.8 12.8zm96 0h22.4c6.4 0 12.8-6.4 12.8-12.8V204.8c0-6.4-6.4-12.8-12.8-12.8h-22.4c-6.4 0-12.8 6.4-12.8 12.8v134.4c0 6.4 6.4 12.8 12.8 12.8zM496 400H48V80c0-8.84-7.16-16-16-16H16C7.16 64 0 71.16 0 80v336c0 17.67 14.33 32 32 32h464c8.84 0 16-7.16 16-16v-16c0-8.84-7.16-16-16-16zm-387.2-48h22.4c6.4 0 12.8-6.4 12.8-12.8v-70.4c0-6.4-6.4-12.8-12.8-12.8h-22.4c-6.4 0-12.8 6.4-12.8 12.8v70.4c0 6.4 6.4 12.8 12.8 12.8z\" class=\"\"><\/path><\/svg><\/i> <img loading=\"lazy\" decoding=\"async\" width=\"16\" height=\"16\" alt=\"Loading\" src=\"https:\/\/besi.hu\/wp-content\/plugins\/page-views-count\/ajax-loader-2x.gif\" border=0 \/><\/p><div class=\"pvc_clear\"><\/div>","protected":false},"excerpt":{"rendered":"<p>Alap\u00edtv\u00e1nyunk 1995-ben B\u00edr\u00f3 G\u00e1bor, B\u00edr\u00f3 Istv\u00e1n, Csucska Bog\u00e1t, Jakab Eleon\u00f3ra, K\u00e9zy Katalin, Kov\u00e1cs L\u00e1szl\u00f3, Mikh\u00e1zi J\u00f3zsefn\u00e9, Ol\u00e1h Tibor, Szalm\u00e1sn\u00e9 Virga Erzs\u00e9bet, Sz\u0171cs Andr\u00e1sn\u00e9, Virga Gizella \u00e9s a Dr. Kov\u00e1cs G\u00e9za \u00e1ltal vezetett Fels\u0151tiszavid\u00e9ki Almafeldolgoz\u00f3 Korl\u00e1tolt Felel\u0151ss\u00e9g\u0171 T\u00e1rsas\u00e1g hozta l\u00e9tre. Az els\u0151 kurat\u00f3riumot Csat\u00e1ri Zolt\u00e1n, dr. Kov\u00e1cs G\u00e9za, Ol\u00e1h Tibor, T\u00f3th&#8230;<\/p>\n<div class=\"pvc_clear\"><\/div>\n<p id=\"pvc_stats_1208\" class=\"pvc_stats all  \" data-element-id=\"1208\" style=\"\"><i class=\"pvc-stats-icon medium\" aria-hidden=\"true\"><svg aria-hidden=\"true\" focusable=\"false\" data-prefix=\"far\" data-icon=\"chart-bar\" role=\"img\" xmlns=\"http:\/\/www.w3.org\/2000\/svg\" viewBox=\"0 0 512 512\" class=\"svg-inline--fa fa-chart-bar fa-w-16 fa-2x\"><path fill=\"currentColor\" d=\"M396.8 352h22.4c6.4 0 12.8-6.4 12.8-12.8V108.8c0-6.4-6.4-12.8-12.8-12.8h-22.4c-6.4 0-12.8 6.4-12.8 12.8v230.4c0 6.4 6.4 12.8 12.8 12.8zm-192 0h22.4c6.4 0 12.8-6.4 12.8-12.8V140.8c0-6.4-6.4-12.8-12.8-12.8h-22.4c-6.4 0-12.8 6.4-12.8 12.8v198.4c0 6.4 6.4 12.8 12.8 12.8zm96 0h22.4c6.4 0 12.8-6.4 12.8-12.8V204.8c0-6.4-6.4-12.8-12.8-12.8h-22.4c-6.4 0-12.8 6.4-12.8 12.8v134.4c0 6.4 6.4 12.8 12.8 12.8zM496 400H48V80c0-8.84-7.16-16-16-16H16C7.16 64 0 71.16 0 80v336c0 17.67 14.33 32 32 32h464c8.84 0 16-7.16 16-16v-16c0-8.84-7.16-16-16-16zm-387.2-48h22.4c6.4 0 12.8-6.4 12.8-12.8v-70.4c0-6.4-6.4-12.8-12.8-12.8h-22.4c-6.4 0-12.8 6.4-12.8 12.8v70.4c0 6.4 6.4 12.8 12.8 12.8z\" class=\"\"><\/path><\/svg><\/i> <img loading=\"lazy\" decoding=\"async\" width=\"16\" height=\"16\" alt=\"Loading\" src=\"https:\/\/besi.hu\/wp-content\/plugins\/page-views-count\/ajax-loader-2x.gif\" border=0 \/><\/p>\n<div class=\"pvc_clear\"><\/div>\n","protected":false},"author":2,"featured_media":0,"parent":0,"menu_order":0,"comment_status":"closed","ping_status":"closed","template":"","meta":{"footnotes":""},"class_list":["post-1208","page","type-page","status-publish","hentry"],"aioseo_notices":[],"a3_pvc":{"activated":true,"total_views":3919,"today_views":0},"_links":{"self":[{"href":"https:\/\/besi.hu\/index.php?rest_route=\/wp\/v2\/pages\/1208","targetHints":{"allow":["GET"]}}],"collection":[{"href":"https:\/\/besi.hu\/index.php?rest_route=\/wp\/v2\/pages"}],"about":[{"href":"https:\/\/besi.hu\/index.php?rest_route=\/wp\/v2\/types\/page"}],"author":[{"embeddable":true,"href":"https:\/\/besi.hu\/index.php?rest_route=\/wp\/v2\/users\/2"}],"replies":[{"embeddable":true,"href":"https:\/\/besi.hu\/index.php?rest_route=%2Fwp%2Fv2%2Fcomments&post=1208"}],"version-history":[{"count":3,"href":"https:\/\/besi.hu\/index.php?rest_route=\/wp\/v2\/pages\/1208\/revisions"}],"predecessor-version":[{"id":1517,"href":"https:\/\/besi.hu\/index.php?rest_route=\/wp\/v2\/pages\/1208\/revisions\/1517"}],"wp:attachment":[{"href":"https:\/\/besi.hu\/index.php?rest_route=%2Fwp%2Fv2%2Fmedia&parent=1208"}],"curies":[{"name":"wp","href":"https:\/\/api.w.org\/{rel}","templated":true}]}}