{"id":1226,"date":"2021-09-04T19:47:15","date_gmt":"2021-09-04T19:47:15","guid":{"rendered":"https:\/\/regi.besi.hu\/?page_id=1226"},"modified":"2021-09-05T19:41:42","modified_gmt":"2021-09-05T19:41:42","slug":"nevelesi","status":"publish","type":"page","link":"https:\/\/besi.hu\/?page_id=1226","title":{"rendered":"Nevel\u00e9si"},"content":{"rendered":"<p><b>Az iskol\u00e1ban foly\u00f3 nevel\u0151-oktat\u00f3 munka<\/b><\/p>\n<p><span style=\"font-weight: 400;\">A gimn\u00e1ziumban az \u00e1ltal\u00e1nos m\u0171velts\u00e9get megalapoz\u00f3, illetve \u00e9retts\u00e9gi vizsg\u00e1ra \u00e9s fels\u0151fok\u00fa tanulm\u00e1nyok megkezd\u00e9s\u00e9re felk\u00e9sz\u00edt\u0151 oktat\u00f3-nevel\u0151 munka folyik. A 14\u201318 \u00e9v k\u00f6z\u00f6tti \u00e9letszakasz jelent\u0151s az \u00e9letp\u00e1lya alakul\u00e1s\u00e1nak szempontj\u00e1b\u00f3l. C\u00e9lunk, hogy \u00e9rv\u00e9nyes\u00edts\u00fck a hum\u00e1nus \u00e9rt\u00e9keket, testi \u00e9s lelki eg\u00e9szs\u00e9gre t\u00f6rekv\u0151, az emberi kapcsolatokban ig\u00e9nyes feln\u0151tteket nevelj\u00fcnk, akik k\u00e9pesek a t\u00e1rsadalmi, gazdas\u00e1gi \u00e9s technikai v\u00e1ltoz\u00e1sok k\u00f6vet\u00e9s\u00e9re \u00e9s az ezekhez alkalmazkod\u00f3 cselekv\u00e9sre.<\/span><\/p>\n<p><span style=\"font-weight: 400;\">Munkak\u00f6z\u00f6ss\u00e9g\u00fcnk 26 tanul\u00f3csoport oszt\u00e1lyf\u0151n\u00f6keivel v\u00e9gzi munk\u00e1j\u00e1t iskol\u00e1nk pedag\u00f3giai programj\u00e1nak figyelembev\u00e9tel\u00e9vel \u00e9s a t\u00f6bbi munkak\u00f6z\u00f6ss\u00e9ggel \u00f6sszehangolva.\u00a0<\/span><\/p>\n<p><b>Az oszt\u00e1lyf\u0151n\u00f6k szerepe<\/b><\/p>\n<p><span style=\"font-weight: 400;\">A NAT ill. a kerettanterv olyan kulcskompetenci\u00e1k fejleszt\u00e9s\u00e9t \u00edrja el\u0151, amelyek er\u0151s\u00edt\u00e9s\u00e9ben az oszt\u00e1lyf\u0151n\u00f6ki munk\u00e1nak is jelent\u0151s szerepe van. Az oszt\u00e1lyf\u0151n\u00f6k egyik fontos feladata, hogy figyelje, k\u00f6vesse \u00e9s alak\u00edtsa tan\u00edtv\u00e1nyai szem\u00e9lyis\u00e9g\u00e9nek fejl\u0151d\u00e9s\u00e9t, valamint seg\u00edtse \u00e9s ir\u00e1ny\u00edtsa az oszt\u00e1ly j\u00f3 k\u00f6z\u00f6ss\u00e9gg\u00e9 form\u00e1l\u00f3d\u00e1s\u00e1t. Meg kell tan\u00edtani a di\u00e1kokat arra, hogyan kell viselkedni, cselekedni egy demokratikus kisk\u00f6z\u00f6ss\u00e9gben (oszt\u00e1lyban, iskol\u00e1ban), megalkotva \u00e9s betartva-betartatva annak szab\u00e1lyait. Ez nem egyszer\u0171 feladat, hiszen tan\u00edtv\u00e1nyaink gyakran ellent\u00e9tes \u00e9rdekeket \u00e9s \u00e9rt\u00e9keket hordoz\u00f3 szuver\u00e9n egy\u00e9nis\u00e9gek.<\/span><\/p>\n<p><span style=\"font-weight: 400;\">Kiemelt fejleszt\u00e9si feladatok k\u00f6z\u00e9 tartozik: az \u00e9nk\u00e9p, \u00f6nismeret \u00e9s a t\u00e1rsas kapcsolatok fejleszt\u00e9se, hon- \u00e9s n\u00e9pismeret, \u00e1llampolg\u00e1rs\u00e1gra, demokr\u00e1ci\u00e1ra nevel\u00e9s, csal\u00e1di \u00e9letre nevel\u00e9s, testi \u00e9s lelki eg\u00e9szs\u00e9gre nevel\u00e9s, fenntarthat\u00f3s\u00e1g, k\u00f6rnyezettudatoss\u00e1g, gazdas\u00e1gi \u00e9s p\u00e9nz\u00fcgyi nevel\u00e9s, p\u00e1lyaorient\u00e1ci\u00f3, m\u00e9diatudatoss\u00e1gra nevel\u00e9s \u00e9s a tanul\u00e1s tan\u00edt\u00e1sa.<\/span><\/p>\n<p><span style=\"font-weight: 400;\">Ezek a tev\u00e9kenys\u00e9gek m\u00e9g kieg\u00e9sz\u00fclnek j\u00f3 n\u00e9h\u00e1ny szervez\u0151i-\u00fcgyint\u00e9z\u0151i feladatk\u00f6rrel is.<\/span><\/p>\n<p><b>Oszt\u00e1lyf\u0151n\u00f6ki feladatok\u00a0<\/b><\/p>\n<p><span style=\"font-weight: 400;\">A tehets\u00e9gek gondoz\u00e1sa, a tehets\u00e9ges di\u00e1kokra val\u00f3 odafigyel\u00e9s fontos feladata az oszt\u00e1lyf\u0151n\u00f6ki munk\u00e1nak. Felh\u00edvja az oszt\u00e1lyf\u0151n\u00f6k a szaktan\u00e1rok figyelm\u00e9t, \u00e9s a szaktan\u00e1rral egy\u00fcttm\u0171k\u00f6dve figyelemmel k\u00eds\u00e9ri a gyerek munk\u00e1j\u00e1t, versenyeredm\u00e9nyeit dokument\u00e1lja, s adott esetben jutalmaz\u00e1sra is felterjeszti.\u00a0<\/span><\/p>\n<p><span style=\"font-weight: 400;\">\u00c9vek \u00f3ta nagyon j\u00f3l m\u0171k\u00f6dik az \u201e\u00datraval\u00f3\u201d program, melynek eredm\u00e9nyess\u00e9ge a tanulm\u00e1nyi munk\u00e1ban realiz\u00e1l\u00f3dik, valamint a MATEHETSZ, a Nyilas Misi \u00f6szt\u00f6nd\u00edjprogram \u00e9s a Tutor program. A szaktan\u00e1rral t\u00f6rt\u00e9n\u0151 vagy a tanul\u00f3p\u00e1rokba szervez\u0151d\u0151 korrepet\u00e1l\u00e1sok is seg\u00edtenek a jobb teljes\u00edtm\u00e9ny el\u00e9r\u00e9s\u00e9ben.<\/span><\/p>\n<p><span style=\"font-weight: 400;\">Figyelemmel k\u00eds\u00e9rj\u00fck a tanul\u00e1si neh\u00e9zs\u00e9gekkel k\u00fczd\u0151 gyerekeket is. A szaktan\u00e1rok seg\u00edts\u00e9g\u00e9t k\u00e9rve igyeksz\u00fcnk seg\u00edteni \u0151ket ezek lek\u00fczd\u00e9s\u00e9ben, k\u00fcl\u00f6n\u00f6s gondot ford\u00edtva az SNI<\/span><b>&#8211;<\/b><span style=\"font-weight: 400;\">s gyerekek el\u0151menetel\u00e9re.\u00a0<\/span><\/p>\n<p><span style=\"font-weight: 400;\">A p\u00e1lyav\u00e1laszt\u00e1sra val\u00f3 felk\u00e9sz\u00edt\u00e9s a k\u00f6z\u00e9piskola f\u0151 feladatai k\u00f6z\u00e9 tartozik. Az oszt\u00e1lyf\u0151n\u00f6k feladata a p\u00e1lyav\u00e1laszt\u00e1s seg\u00edt\u00e9s\u00e9ben igen sokr\u00e9t\u0171 \u00e9s szerte\u00e1gaz\u00f3. Ennek egyik l\u00e9pcs\u0151foka az \u00e9retts\u00e9gi el\u0151k\u00e9sz\u00edt\u0151 v\u00e1laszt\u00e1s, a tov\u00e1bbtanul\u00e1sra val\u00f3 felk\u00e9sz\u00edt\u00e9s, t\u00e1j\u00e9koztat\u00e1s. A v\u00e9gz\u0151s, illetve az als\u00f3bb \u00e9vfolyamos di\u00e1kok a p\u00e1lyaorient\u00e1ci\u00f3s nap keret\u00e9ben k\u00fcl\u00f6nb\u00f6z\u0151 c\u00e9geket l\u00e1togathatnak meg \u00e9s ismerkedhetnek az ottani munkalehet\u0151s\u00e9gekkel, illetve p\u00e1lyav\u00e1laszt\u00e1si el\u0151ad\u00e1sokat hallgathatnak az egyes szakter\u00fcletek k\u00e9pvisel\u0151it\u0151l. Ny\u00edlt napok keret\u00e9ben ismerkedhetnek az egyetemi k\u00e9pz\u00e9sekkel, valamint iskol\u00e1nk is helyt ad fels\u0151fok\u00fa int\u00e9zm\u00e9nyek karainak a bemutatkoz\u00e1s\u00e1ra. (Debreceni Egyetem, Nemzeti K\u00f6zszolg\u00e1lati Egyetem, P\u00e1zm\u00e1ny P\u00e9ter Katolikus Egyetem, Corvinus stb.).\u00a0<\/span><\/p>\n<p><span style=\"font-weight: 400;\">A k\u00f6z\u00f6s c\u00e9lok el\u00e9r\u00e9se \u00e9rdek\u00e9ben fontos szerepe van az oszt\u00e1lyf\u0151n\u00f6ki munk\u00e1ban a sz\u00fcl\u0151kkel, a koll\u00e9giumi nevel\u0151kkel \u00e9s a szaktan\u00e1rokkal val\u00f3 kapcsolattart\u00e1snak.\u00a0<\/span><\/p>\n<p><span style=\"font-weight: 400;\">Az oszt\u00e1lyf\u0151n\u00f6ki munka tal\u00e1n legfontosabb feladata egy \u00f6ntudatos, hat\u00e1rozott, kell\u0151 \u00f6nismerettel rendelkez\u0151, harmonikus szem\u00e9lyis\u00e9g kialak\u00edt\u00e1sa a n\u00e9gy, illetve \u00f6t \u00e9v sor\u00e1n, illetve a k\u00f6z\u00f6ss\u00e9gi nevel\u00e9s. Ennek \u00e9rdek\u00e9ben v\u00e1ltozatos programsorozatot k\u00edn\u00e1lunk a di\u00e1koknak, amelyek alkalmasak az egy\u00fcttm\u0171k\u00f6d\u00e9si \u00e9s szoci\u00e1lis kompetenci\u00e1k fejleszt\u00e9s\u00e9re. Ilyen p\u00e9ld\u00e1ul az iskolai \u00e9s v\u00e1rosi \u00fcnneps\u00e9geken val\u00f3 r\u00e9szv\u00e9tel, sz\u00ednh\u00e1zl\u00e1togat\u00e1s \u00e9s filharm\u00f3nia, oszt\u00e1lykir\u00e1ndul\u00e1s belf\u00f6ld\u00f6n \u00e9s k\u00fclf\u00f6ld\u00f6n, a Hat\u00e1rtalanul programban t\u00f6bb oszt\u00e1ly is sikeresen p\u00e1ly\u00e1zott, vagy a cip\u0151sdobozos aj\u00e1nd\u00e9kgy\u0171jt\u00e9s az \u00f3vod\u00e1sok sz\u00e1m\u00e1ra. Seg\u00edtett\u00fck a V\u00f6r\u00f6skereszt \u00e1ltal szervezett gy\u0171jt\u00e9st a r\u00e1szorul\u00f3k sz\u00e1m\u00e1ra, ez\u00e1lt\u00e1l fejlesztett\u00fck a di\u00e1kok emp\u00e1ti\u00e1j\u00e1t, \u00e9s egy\u00fcttm\u0171k\u00f6d\u00fcnk a D\u00d6K-kel a programok megval\u00f3s\u00edt\u00e1s\u00e1nak seg\u00edt\u00e9s\u00e9ben.\u00a0<\/span><\/p>\n<p><span style=\"font-weight: 400;\">\u00daj kompetenciak\u00e9nt jelenik meg a k\u00f6rnyezettudatoss\u00e1gra val\u00f3 nevel\u00e9s, melynek c\u00e9lja, hogy az \u00e9l\u0151 term\u00e9szet \u00e9s a t\u00e1rsadalmak fenntarthat\u00f3 fejl\u0151d\u00e9s\u00e9t seg\u00edtse meg\u00e9rteni a nevel\u00e9sben. Mindez \u00fagy val\u00f3s\u00edthat\u00f3 meg, ha figyelmet ford\u00edtunk a tanul\u00f3k term\u00e9szettudom\u00e1nyos gondolkod\u00e1sm\u00f3dj\u00e1nak a fejleszt\u00e9s\u00e9re.<\/span><\/p>\n<p><b>Hagyom\u00e1ny\u00e1pol\u00e1s<\/b><span style=\"font-weight: 400;\">:\u00a0<\/span><\/p>\n<p><span style=\"font-weight: 400;\">A hagyom\u00e1ny\u00e1pol\u00e1s r\u00e9sze az iskola \u00e9s a k\u00f6z\u00f6ss\u00e9g \u00e9let\u00e9nek, mely sor\u00e1n a tanul\u00f3k \u00e9rzelmi, eszt\u00e9tikai, erk\u00f6lcsi \u00e9rzelm\u00e9nek a fejleszt\u00e9se val\u00f3sulhat meg. A k\u00fcl\u00f6nb\u00f6z\u0151 tev\u00e9kenys\u00e9gek a k\u00f6z\u00f6s \u00e9lm\u00e9ny erej\u00e9vel hatnak a di\u00e1kokra, er\u0151s\u00edtve a k\u00f6z\u00f6ss\u00e9ghez tartoz\u00e1s \u00e9rz\u00e9s\u00e9t. Azonban ez nemcsak \u00e9rzelmi k\u00f6t\u0151d\u00e9st, hanem komplex szem\u00e9lyis\u00e9gfejl\u0151d\u00e9st is el\u0151seg\u00edthet, illetve k\u00f6z\u00f6ss\u00e9gform\u00e1l\u00f3 ereje van. A di\u00e1kok a k\u00f6vetkez\u0151 programokon vehetnek r\u00e9szt \u00e9s feladatokat v\u00e1llalhatnak: a 9. \u00e9vfolyamos di\u00e1kok Besi t\u00far\u00e1ja \u00e9s g\u00f3lyaavat\u00f3ja szeptemberben, a v\u00e9gz\u0151s di\u00e1kok szalagavat\u00f3ja, a ny\u00edlt h\u00e9t, a kar\u00e1csonyi m\u0171sor, az alap\u00edtv\u00e1nyi b\u00e1l \u00e9s a ballag\u00e1s.<\/span><\/p>\n<figure id=\"attachment_1536\" aria-describedby=\"caption-attachment-1536\" style=\"width: 1024px\" class=\"wp-caption aligncenter\"><img loading=\"lazy\" decoding=\"async\" class=\"wp-image-1536 size-large\" src=\"https:\/\/regi.besi.hu\/wp-content\/uploads\/2021\/09\/Besi-tura-1024x682.jpg\" alt=\"9. \u00e9vfolyam Besi-t\u00fara\" width=\"1024\" height=\"682\" srcset=\"https:\/\/besi.hu\/wp-content\/uploads\/2021\/09\/Besi-tura-1024x682.jpg 1024w, https:\/\/besi.hu\/wp-content\/uploads\/2021\/09\/Besi-tura-300x200.jpg 300w, https:\/\/besi.hu\/wp-content\/uploads\/2021\/09\/Besi-tura-768x512.jpg 768w, https:\/\/besi.hu\/wp-content\/uploads\/2021\/09\/Besi-tura-1536x1024.jpg 1536w, https:\/\/besi.hu\/wp-content\/uploads\/2021\/09\/Besi-tura.jpg 2000w\" sizes=\"auto, (max-width: 1024px) 100vw, 1024px\" \/><figcaption id=\"caption-attachment-1536\" class=\"wp-caption-text\">9. \u00e9vfolyam Besi-t\u00fara<\/figcaption><\/figure>\n<p><span style=\"font-weight: 400;\">Munk\u00e1nkat az iskol\u00e1ban egy szoci\u00e1lis seg\u00edt\u0151 is seg\u00edti, aki el\u0151ad\u00e1st tart az oszt\u00e1lyokban, illetve egy\u00e9ni \u00e9s csoportos foglalkoz\u00e1sokat is tartott a di\u00e1kok sz\u00e1m\u00e1ra. Drogprevenci\u00f3s el\u0151ad\u00e1st is szervezett a di\u00e1kok sz\u00e1m\u00e1ra, ami nagyon tanuls\u00e1gos volt. Az oszt\u00e1lyf\u0151n\u00f6k ir\u00e1ny\u00edtja a di\u00e1kokat hozz\u00e1, de a di\u00e1kok \u00f6n\u00e1ll\u00f3an is felkereshetik a fogad\u00f3\u00f3r\u00e1ja idej\u00e9ben. A szoci\u00e1lis seg\u00edt\u0151 mellett sz\u00fcks\u00e9g eset\u00e9n egy pszichol\u00f3gus is seg\u00edts\u00e9get ny\u00fajt a di\u00e1kok sz\u00e1m\u00e1ra.<\/span><\/p>\n<p><span style=\"font-weight: 400;\">A fejleszt\u00e9si ter\u00fcletek \u2013 nevel\u00e9si c\u00e9lok \u00e1thatj\u00e1k a pedag\u00f3giai folyamat eg\u00e9sz\u00e9t, s \u00edgy k\u00f6z\u00f6s \u00e9rt\u00e9keket jelen\u00edtenek meg. A c\u00e9lok el\u00e9r\u00e9se \u00e9rdek\u00e9ben a pedag\u00f3giai folyamatban egyar\u00e1nt jelen kell lennie az ismeretszerz\u00e9s, a gyakoroltat\u00e1s-cselekedtet\u00e9s mellett a p\u00e9ld\u00e1k \u00e9rzelmi hat\u00e1s\u00e1nak is. E ter\u00fcletek \u2013 \u00f6sszhangban a kulcskompetenci\u00e1k alapj\u00e1t ad\u00f3 k\u00e9pess\u00e9gekkel, k\u00e9szs\u00e9gekkel, az oktat\u00e1s \u00e9s nevel\u00e9s sor\u00e1n megszerzett ismeretekkel, \u00e9s a tud\u00e1sszerz\u00e9st seg\u00edt\u0151 attit\u0171d\u00f6kkel \u2013 egyes\u00edtik a hagyom\u00e1nyos \u00e9rt\u00e9keket \u00e9s a XXI. sz\u00e1zad elej\u00e9n megjelent \u00faj t\u00e1rsadalmi ig\u00e9nyeket.\u00a0<\/span><\/p>\n<p><span style=\"font-weight: 400;\">\u201c<\/span><i><span style=\"font-weight: 400;\">Nincs m\u00e9g egy munka, ahol ennyi a kudarc, hi\u00e1baval\u00f3 er\u0151fesz\u00edt\u00e9s, de ilyen sok siker, ennyi aj\u00e1nd\u00e9k, kellemetlen \u00e9s kellemes meglepet\u00e9s \u00e9ri az embert.<\/span><\/i><\/p>\n<p><i><span style=\"font-weight: 400;\">Nincs m\u00e9g egy munka, ahol ilyen nagy hat\u00e1sa lehet egy-egy j\u00f3 \u2013 vagy j\u00f3kor kimondott \u2013 sz\u00f3nak, esetleg egy-egy rosszul vagy rosszkor mondott sz\u00f3nak.<\/span><\/i><\/p>\n<p><i><span style=\"font-weight: 400;\">Nincs munka, amely ennyi azonnali sikerrel kecsegtet, \u00e9s nincs egyetlen munka sem, amelynek a val\u00f3di haszn\u00e1t csak \u00e9vek, esetleg csak \u00e9vtizedek m\u00falva l\u00e1thatjuk.<\/span><\/i><span style=\"font-weight: 400;\">&#8221;\u00a0<\/span><\/p>\n<p><span style=\"font-weight: 400;\">Antoine de Saint-Exup\u00e9ry<\/span><\/p>\n<div class=\"pvc_clear\"><\/div>\n<p id=\"pvc_stats_1226\" class=\"pvc_stats all  \" data-element-id=\"1226\" style=\"\"><i class=\"pvc-stats-icon medium\" aria-hidden=\"true\"><svg aria-hidden=\"true\" focusable=\"false\" data-prefix=\"far\" data-icon=\"chart-bar\" role=\"img\" xmlns=\"http:\/\/www.w3.org\/2000\/svg\" viewBox=\"0 0 512 512\" class=\"svg-inline--fa fa-chart-bar fa-w-16 fa-2x\"><path fill=\"currentColor\" d=\"M396.8 352h22.4c6.4 0 12.8-6.4 12.8-12.8V108.8c0-6.4-6.4-12.8-12.8-12.8h-22.4c-6.4 0-12.8 6.4-12.8 12.8v230.4c0 6.4 6.4 12.8 12.8 12.8zm-192 0h22.4c6.4 0 12.8-6.4 12.8-12.8V140.8c0-6.4-6.4-12.8-12.8-12.8h-22.4c-6.4 0-12.8 6.4-12.8 12.8v198.4c0 6.4 6.4 12.8 12.8 12.8zm96 0h22.4c6.4 0 12.8-6.4 12.8-12.8V204.8c0-6.4-6.4-12.8-12.8-12.8h-22.4c-6.4 0-12.8 6.4-12.8 12.8v134.4c0 6.4 6.4 12.8 12.8 12.8zM496 400H48V80c0-8.84-7.16-16-16-16H16C7.16 64 0 71.16 0 80v336c0 17.67 14.33 32 32 32h464c8.84 0 16-7.16 16-16v-16c0-8.84-7.16-16-16-16zm-387.2-48h22.4c6.4 0 12.8-6.4 12.8-12.8v-70.4c0-6.4-6.4-12.8-12.8-12.8h-22.4c-6.4 0-12.8 6.4-12.8 12.8v70.4c0 6.4 6.4 12.8 12.8 12.8z\" class=\"\"><\/path><\/svg><\/i> <img loading=\"lazy\" decoding=\"async\" width=\"16\" height=\"16\" alt=\"Loading\" src=\"https:\/\/besi.hu\/wp-content\/plugins\/page-views-count\/ajax-loader-2x.gif\" border=0 \/><\/p>\n<div class=\"pvc_clear\"><\/div>\n","protected":false},"excerpt":{"rendered":"<p>Az iskol\u00e1ban foly\u00f3 nevel\u0151-oktat\u00f3 munka A gimn\u00e1ziumban az \u00e1ltal\u00e1nos m\u0171velts\u00e9get megalapoz\u00f3, illetve \u00e9retts\u00e9gi vizsg\u00e1ra \u00e9s fels\u0151fok\u00fa tanulm\u00e1nyok megkezd\u00e9s\u00e9re felk\u00e9sz\u00edt\u0151 oktat\u00f3-nevel\u0151 munka folyik. A 14\u201318 \u00e9v k\u00f6z\u00f6tti \u00e9letszakasz jelent\u0151s az \u00e9letp\u00e1lya alakul\u00e1s\u00e1nak szempontj\u00e1b\u00f3l. C\u00e9lunk, hogy \u00e9rv\u00e9nyes\u00edts\u00fck a hum\u00e1nus \u00e9rt\u00e9keket, testi \u00e9s lelki eg\u00e9szs\u00e9gre t\u00f6rekv\u0151, az emberi kapcsolatokban ig\u00e9nyes feln\u0151tteket nevelj\u00fcnk, akik&#8230;<\/p>\n<div class=\"pvc_clear\"><\/div>\n<p id=\"pvc_stats_1226\" class=\"pvc_stats all  \" data-element-id=\"1226\" style=\"\"><i class=\"pvc-stats-icon medium\" aria-hidden=\"true\"><svg aria-hidden=\"true\" focusable=\"false\" data-prefix=\"far\" data-icon=\"chart-bar\" role=\"img\" xmlns=\"http:\/\/www.w3.org\/2000\/svg\" viewBox=\"0 0 512 512\" class=\"svg-inline--fa fa-chart-bar fa-w-16 fa-2x\"><path fill=\"currentColor\" d=\"M396.8 352h22.4c6.4 0 12.8-6.4 12.8-12.8V108.8c0-6.4-6.4-12.8-12.8-12.8h-22.4c-6.4 0-12.8 6.4-12.8 12.8v230.4c0 6.4 6.4 12.8 12.8 12.8zm-192 0h22.4c6.4 0 12.8-6.4 12.8-12.8V140.8c0-6.4-6.4-12.8-12.8-12.8h-22.4c-6.4 0-12.8 6.4-12.8 12.8v198.4c0 6.4 6.4 12.8 12.8 12.8zm96 0h22.4c6.4 0 12.8-6.4 12.8-12.8V204.8c0-6.4-6.4-12.8-12.8-12.8h-22.4c-6.4 0-12.8 6.4-12.8 12.8v134.4c0 6.4 6.4 12.8 12.8 12.8zM496 400H48V80c0-8.84-7.16-16-16-16H16C7.16 64 0 71.16 0 80v336c0 17.67 14.33 32 32 32h464c8.84 0 16-7.16 16-16v-16c0-8.84-7.16-16-16-16zm-387.2-48h22.4c6.4 0 12.8-6.4 12.8-12.8v-70.4c0-6.4-6.4-12.8-12.8-12.8h-22.4c-6.4 0-12.8 6.4-12.8 12.8v70.4c0 6.4 6.4 12.8 12.8 12.8z\" class=\"\"><\/path><\/svg><\/i> <img loading=\"lazy\" decoding=\"async\" width=\"16\" height=\"16\" alt=\"Loading\" src=\"https:\/\/besi.hu\/wp-content\/plugins\/page-views-count\/ajax-loader-2x.gif\" border=0 \/><\/p>\n<div class=\"pvc_clear\"><\/div>\n","protected":false},"author":2,"featured_media":0,"parent":0,"menu_order":0,"comment_status":"closed","ping_status":"closed","template":"","meta":{"footnotes":""},"class_list":["post-1226","page","type-page","status-publish","hentry"],"aioseo_notices":[],"_links":{"self":[{"href":"https:\/\/besi.hu\/index.php?rest_route=\/wp\/v2\/pages\/1226","targetHints":{"allow":["GET"]}}],"collection":[{"href":"https:\/\/besi.hu\/index.php?rest_route=\/wp\/v2\/pages"}],"about":[{"href":"https:\/\/besi.hu\/index.php?rest_route=\/wp\/v2\/types\/page"}],"author":[{"embeddable":true,"href":"https:\/\/besi.hu\/index.php?rest_route=\/wp\/v2\/users\/2"}],"replies":[{"embeddable":true,"href":"https:\/\/besi.hu\/index.php?rest_route=%2Fwp%2Fv2%2Fcomments&post=1226"}],"version-history":[{"count":2,"href":"https:\/\/besi.hu\/index.php?rest_route=\/wp\/v2\/pages\/1226\/revisions"}],"predecessor-version":[{"id":1538,"href":"https:\/\/besi.hu\/index.php?rest_route=\/wp\/v2\/pages\/1226\/revisions\/1538"}],"wp:attachment":[{"href":"https:\/\/besi.hu\/index.php?rest_route=%2Fwp%2Fv2%2Fmedia&parent=1226"}],"curies":[{"name":"wp","href":"https:\/\/api.w.org\/{rel}","templated":true}]}}