{"id":1674,"date":"2021-09-07T21:31:11","date_gmt":"2021-09-07T19:31:11","guid":{"rendered":"https:\/\/besi.hu\/?page_id=1674"},"modified":"2021-10-20T21:33:32","modified_gmt":"2021-10-20T19:33:32","slug":"haladunk-vagy-maradunk-innovativ-projektjeink-2011-2021","status":"publish","type":"page","link":"https:\/\/besi.hu\/?page_id=1674","title":{"rendered":"\u201eHaladunk vagy maradunk\u201d \u2013 innovat\u00edv projektjeink (2011-2021)"},"content":{"rendered":"<h2><b>Komplex tehets\u00e9ggondoz\u00f3 programjaink<\/b><\/h2>\n<h3 style=\"padding-left: 40px;\"><a href=\"https:\/\/besi.hu\/?page_id=1679\"><b>Arany J\u00e1nos Tehets\u00e9ggondoz\u00f3 Program<\/b><\/a><\/h3>\n<h3 style=\"padding-left: 40px;\"><a href=\"https:\/\/besi.hu\/?page_id=1682\"><b>Future Talents Program<\/b><\/a><\/h3>\n<h3 style=\"padding-left: 40px;\"><a href=\"https:\/\/besi.hu\/?page_id=1685\"><b>Min\u0151s\u00edtett Tehets\u00e9ggondoz\u00f3 M\u0171hely<\/b><\/a><\/h3>\n<h2><b>Projektjeink a Gardneri k\u00e9pess\u00e9gter\u00fcletek szerint csoportos\u00edtva<\/b><\/h2>\n<h3 style=\"text-align: left; padding-left: 40px;\"><b>1. Nyelvi k\u00e9pess\u00e9gter\u00fclet<\/b><\/h3>\n<h4 style=\"padding-left: 80px;\"><a href=\"https:\/\/besi.hu\/?page_id=1688\"><b>Alkot\u00e1s, kreativit\u00e1s<\/b><\/a><\/h4>\n<h4 style=\"padding-left: 80px;\"><a href=\"https:\/\/besi.hu\/?page_id=1693\"><b>Idegen nyelvi kompetenciafejleszt\u00e9s Smart School k\u00f6rnyezetben<\/b><\/a><\/h4>\n<h4 style=\"padding-left: 80px;\"><a href=\"https:\/\/besi.hu\/?page_id=1696\"><b>E-tweening<\/b><\/a><\/h4>\n<h4 style=\"padding-left: 80px;\"><a href=\"https:\/\/besi.hu\/?page_id=1699\"><b>Nyelvvizsga m\u00e1r a Besiben is<\/b><\/a><\/h4>\n<h4 style=\"padding-left: 80px;\"><a href=\"https:\/\/besi.hu\/?page_id=1702\"><b>Amerikai lektor a Besiben &#8211; <\/b><b>We like Hungary<\/b><\/a><\/h4>\n<h3 style=\"padding-left: 40px;\"><b>2. Matematikai-logikai k\u00e9pess\u00e9gter\u00fclet<\/b><\/h3>\n<h4 style=\"padding-left: 80px;\"><a href=\"https:\/\/besi.hu\/?page_id=1720\"><b>Matematikat\u00e1bor<\/b><\/a><\/h4>\n<h4 style=\"padding-left: 80px;\"><a href=\"https:\/\/besi.hu\/?page_id=1723\"><b>Partners\u00e9get \u00e9p\u00edt\u00fcnk &#8211; a SMARTER\u00a0 projekt<\/b><\/a><\/h4>\n<h4 style=\"padding-left: 80px;\"><a href=\"https:\/\/besi.hu\/?page_id=1726\"><b>ECDL vizsgak\u00f6zpont vagyunk<\/b><\/a><\/h4>\n<h3 style=\"padding-left: 40px;\"><b>3. Term\u00e9szeti k\u00e9pess\u00e9gter\u00fclet<\/b><\/h3>\n<h4 style=\"padding-left: 80px;\"><a href=\"https:\/\/besi.hu\/?page_id=1705\"><b>\u00d6veges Labor \u2013 a felfedez\u00e9s \u00f6r\u00f6me<\/b><\/a><\/h4>\n<h4 style=\"padding-left: 80px;\"><a href=\"https:\/\/besi.hu\/?page_id=1708\"><b>Kutat\u00f3 Di\u00e1kok Mozgalma<\/b><\/a><\/h4>\n<h4 style=\"padding-left: 80px;\"><a href=\"https:\/\/besi.hu\/?page_id=1711\"><b>J\u00e1tszva tanulni \u2013 Var\u00e1zsv\u00e1r, az \u00e9lm\u00e9nyek m\u0171helye<\/b><\/a><\/h4>\n<h4 style=\"padding-left: 80px;\"><a href=\"https:\/\/besi.hu\/?page_id=1714\"><b>R\u00e9tk\u00f6z-projekt<\/b><\/a><\/h4>\n<h3 style=\"padding-left: 40px;\"><b>4. Zenei k\u00e9pess\u00e9gter\u00fclet<\/b><\/h3>\n<h4 style=\"padding-left: 80px;\"><a href=\"https:\/\/besi.hu\/?page_id=1717\"><b>Zenei kincskeres\u00e9s &#8211; zenei tehets\u00e9ggondoz\u00e1s<\/b><\/a><\/h4>\n<h3 style=\"padding-left: 40px;\"><b>5. Vizu\u00e1lis-t\u00e9rbeli k\u00e9pess\u00e9gter\u00fclet<\/b><\/h3>\n<h4 style=\"padding-left: 80px;\"><b><a href=\"https:\/\/besi.hu\/?page_id=1729\">DekArt szakk\u00f6r<\/a>\u00a0<\/b><\/h4>\n<h3 style=\"padding-left: 40px;\"><b>6. Testi-mozg\u00e1sos k\u00e9pess\u00e9gter\u00fclet<\/b><\/h3>\n<h4 style=\"padding-left: 80px;\"><a href=\"https:\/\/besi.hu\/?page_id=1732\"><b>Atl\u00e9tikai centrum<\/b><\/a><\/h4>\n<h4 style=\"padding-left: 80px;\"><a href=\"https:\/\/besi.hu\/?page_id=1735\"><b>Torn-\u201e\u00e1sz\u201d<\/b><\/a><\/h4>\n<h3 style=\"padding-left: 40px;\"><b>7. Szoci\u00e1lis-interperszon\u00e1lis k\u00e9pess\u00e9gter\u00fclet<\/b><\/h3>\n<h4 style=\"padding-left: 80px;\"><a href=\"https:\/\/besi.hu\/?page_id=1738\"><b>\u00dcres padok<\/b><\/a><\/h4>\n<h4 style=\"padding-left: 80px;\"><a href=\"https:\/\/besi.hu\/?page_id=1741\"><b>Ism\u00e9t egy k\u00f6z\u00f6ss\u00e9gi t\u00e9rrel gazdagodtunk<\/b><\/a><\/h4>\n<h4 style=\"padding-left: 80px;\"><a href=\"https:\/\/besi.hu\/?page_id=1744\"><b>Interaktivit\u00e1s \u00e9s \u00e9l\u0151 ad\u00e1s \u2013 p\u00e1lyav\u00e1laszt\u00e1si hetek a Besiben<\/b><\/a><\/h4>\n<h4 style=\"padding-left: 80px;\"><a href=\"https:\/\/besi.hu\/?page_id=1747\"><b>L\u00e9leknyugtat\u00f3 k\u00f6z\u00f6ss\u00e9gi \u00e9lm\u00e9ny &#8211; f\u0151z\u00e9s<\/b><\/a><\/h4>\n<h3 style=\"padding-left: 40px;\"><b>8. Szoci\u00e1lis intraperszon\u00e1lis k\u00e9pess\u00e9gter\u00fclet<\/b><\/h3>\n<h4 style=\"padding-left: 80px;\"><a href=\"https:\/\/besi.hu\/?page_id=1750\"><b>M\u00e9dia szakk\u00f6r<\/b><\/a><\/h4>\n<h4 style=\"padding-left: 80px;\"><a href=\"https:\/\/besi.hu\/?page_id=1753\"><b>Tutork\u00e9nt a Tehets\u00e9gek Magyarorsz\u00e1ga c\u00edm\u0171 kiemelt projektben<\/b><\/a><\/h4>\n<h4 style=\"padding-left: 80px;\"><a href=\"https:\/\/besi.hu\/?page_id=1756\"><b>HEAD program \u2013 m\u00f3dszertani innov\u00e1ci\u00f3<\/b><\/a><\/h4>\n<h4 style=\"padding-left: 80px;\"><a href=\"https:\/\/besi.hu\/?page_id=1759\"><b>K\u00f6nyvt\u00e1runk a Z gener\u00e1ci\u00f3 szolg\u00e1lat\u00e1ban<\/b><\/a><\/h4>\n<div class=\"pvc_clear\"><\/div>\n<p id=\"pvc_stats_1674\" class=\"pvc_stats all  \" data-element-id=\"1674\" style=\"\"><i class=\"pvc-stats-icon medium\" aria-hidden=\"true\"><svg aria-hidden=\"true\" focusable=\"false\" data-prefix=\"far\" data-icon=\"chart-bar\" role=\"img\" xmlns=\"http:\/\/www.w3.org\/2000\/svg\" viewBox=\"0 0 512 512\" class=\"svg-inline--fa fa-chart-bar fa-w-16 fa-2x\"><path fill=\"currentColor\" d=\"M396.8 352h22.4c6.4 0 12.8-6.4 12.8-12.8V108.8c0-6.4-6.4-12.8-12.8-12.8h-22.4c-6.4 0-12.8 6.4-12.8 12.8v230.4c0 6.4 6.4 12.8 12.8 12.8zm-192 0h22.4c6.4 0 12.8-6.4 12.8-12.8V140.8c0-6.4-6.4-12.8-12.8-12.8h-22.4c-6.4 0-12.8 6.4-12.8 12.8v198.4c0 6.4 6.4 12.8 12.8 12.8zm96 0h22.4c6.4 0 12.8-6.4 12.8-12.8V204.8c0-6.4-6.4-12.8-12.8-12.8h-22.4c-6.4 0-12.8 6.4-12.8 12.8v134.4c0 6.4 6.4 12.8 12.8 12.8zM496 400H48V80c0-8.84-7.16-16-16-16H16C7.16 64 0 71.16 0 80v336c0 17.67 14.33 32 32 32h464c8.84 0 16-7.16 16-16v-16c0-8.84-7.16-16-16-16zm-387.2-48h22.4c6.4 0 12.8-6.4 12.8-12.8v-70.4c0-6.4-6.4-12.8-12.8-12.8h-22.4c-6.4 0-12.8 6.4-12.8 12.8v70.4c0 6.4 6.4 12.8 12.8 12.8z\" class=\"\"><\/path><\/svg><\/i> <img loading=\"lazy\" decoding=\"async\" width=\"16\" height=\"16\" alt=\"Loading\" src=\"https:\/\/besi.hu\/wp-content\/plugins\/page-views-count\/ajax-loader-2x.gif\" border=0 \/><\/p>\n<div class=\"pvc_clear\"><\/div>\n","protected":false},"excerpt":{"rendered":"<p>Komplex tehets\u00e9ggondoz\u00f3 programjaink Arany J\u00e1nos Tehets\u00e9ggondoz\u00f3 Program Future Talents Program Min\u0151s\u00edtett Tehets\u00e9ggondoz\u00f3 M\u0171hely Projektjeink a Gardneri k\u00e9pess\u00e9gter\u00fcletek szerint csoportos\u00edtva 1. Nyelvi k\u00e9pess\u00e9gter\u00fclet Alkot\u00e1s, kreativit\u00e1s Idegen nyelvi kompetenciafejleszt\u00e9s Smart School k\u00f6rnyezetben E-tweening Nyelvvizsga m\u00e1r a Besiben is Amerikai lektor a Besiben &#8211; We like Hungary 2. Matematikai-logikai k\u00e9pess\u00e9gter\u00fclet Matematikat\u00e1bor Partners\u00e9get \u00e9p\u00edt\u00fcnk&#8230;<\/p>\n<div class=\"pvc_clear\"><\/div>\n<p id=\"pvc_stats_1674\" class=\"pvc_stats all  \" data-element-id=\"1674\" style=\"\"><i class=\"pvc-stats-icon medium\" aria-hidden=\"true\"><svg aria-hidden=\"true\" focusable=\"false\" data-prefix=\"far\" data-icon=\"chart-bar\" role=\"img\" xmlns=\"http:\/\/www.w3.org\/2000\/svg\" viewBox=\"0 0 512 512\" class=\"svg-inline--fa fa-chart-bar fa-w-16 fa-2x\"><path fill=\"currentColor\" d=\"M396.8 352h22.4c6.4 0 12.8-6.4 12.8-12.8V108.8c0-6.4-6.4-12.8-12.8-12.8h-22.4c-6.4 0-12.8 6.4-12.8 12.8v230.4c0 6.4 6.4 12.8 12.8 12.8zm-192 0h22.4c6.4 0 12.8-6.4 12.8-12.8V140.8c0-6.4-6.4-12.8-12.8-12.8h-22.4c-6.4 0-12.8 6.4-12.8 12.8v198.4c0 6.4 6.4 12.8 12.8 12.8zm96 0h22.4c6.4 0 12.8-6.4 12.8-12.8V204.8c0-6.4-6.4-12.8-12.8-12.8h-22.4c-6.4 0-12.8 6.4-12.8 12.8v134.4c0 6.4 6.4 12.8 12.8 12.8zM496 400H48V80c0-8.84-7.16-16-16-16H16C7.16 64 0 71.16 0 80v336c0 17.67 14.33 32 32 32h464c8.84 0 16-7.16 16-16v-16c0-8.84-7.16-16-16-16zm-387.2-48h22.4c6.4 0 12.8-6.4 12.8-12.8v-70.4c0-6.4-6.4-12.8-12.8-12.8h-22.4c-6.4 0-12.8 6.4-12.8 12.8v70.4c0 6.4 6.4 12.8 12.8 12.8z\" class=\"\"><\/path><\/svg><\/i> <img loading=\"lazy\" decoding=\"async\" width=\"16\" height=\"16\" alt=\"Loading\" src=\"https:\/\/besi.hu\/wp-content\/plugins\/page-views-count\/ajax-loader-2x.gif\" border=0 \/><\/p>\n<div class=\"pvc_clear\"><\/div>\n","protected":false},"author":2,"featured_media":0,"parent":0,"menu_order":0,"comment_status":"closed","ping_status":"closed","template":"","meta":{"footnotes":""},"class_list":["post-1674","page","type-page","status-publish","hentry"],"aioseo_notices":[],"a3_pvc":{"activated":true,"total_views":4684,"today_views":1},"_links":{"self":[{"href":"https:\/\/besi.hu\/index.php?rest_route=\/wp\/v2\/pages\/1674","targetHints":{"allow":["GET"]}}],"collection":[{"href":"https:\/\/besi.hu\/index.php?rest_route=\/wp\/v2\/pages"}],"about":[{"href":"https:\/\/besi.hu\/index.php?rest_route=\/wp\/v2\/types\/page"}],"author":[{"embeddable":true,"href":"https:\/\/besi.hu\/index.php?rest_route=\/wp\/v2\/users\/2"}],"replies":[{"embeddable":true,"href":"https:\/\/besi.hu\/index.php?rest_route=%2Fwp%2Fv2%2Fcomments&post=1674"}],"version-history":[{"count":31,"href":"https:\/\/besi.hu\/index.php?rest_route=\/wp\/v2\/pages\/1674\/revisions"}],"predecessor-version":[{"id":2123,"href":"https:\/\/besi.hu\/index.php?rest_route=\/wp\/v2\/pages\/1674\/revisions\/2123"}],"wp:attachment":[{"href":"https:\/\/besi.hu\/index.php?rest_route=%2Fwp%2Fv2%2Fmedia&parent=1674"}],"curies":[{"name":"wp","href":"https:\/\/api.w.org\/{rel}","templated":true}]}}