{"id":1682,"date":"2021-09-07T21:43:33","date_gmt":"2021-09-07T19:43:33","guid":{"rendered":"https:\/\/besi.hu\/?page_id=1682"},"modified":"2021-10-20T19:05:28","modified_gmt":"2021-10-20T17:05:28","slug":"future-talents-program","status":"publish","type":"page","link":"https:\/\/besi.hu\/?page_id=1682","title":{"rendered":"Future Talents azaz a J\u00f6v\u0151 Tehets\u00e9gei program"},"content":{"rendered":"<p>\u00a0<\/p>\n<p><span style=\"font-weight: 400;\">A vil\u00e1gon az angol nyelvet besz\u00e9lik a legt\u00f6bben. Az \u00fczleti angol a nyelvtanul\u00e1snak egy olyan r\u00e9sze, amely egy konkr\u00e9t, specifikus c\u00e9llal t\u00f6rt\u00e9nik. B\u00e1rmilyen ter\u00fcletet n\u00e9z\u00fcnk, a legfontosabb hivatalos nyelv az angol, \u00e9s ez az \u00fczleti \u00e9letben, a versenyszf\u00e9r\u00e1ban m\u00e1r alapk\u00f6vetelm\u00e9nynek sz\u00e1m\u00edt.<\/span><\/p>\n<p><span style=\"font-weight: 400;\">A program seg\u00edts\u00e9g\u00e9vel a di\u00e1kok els\u0151sorban az \u00fczleti \u00e9letben haszn\u00e1lt angol sz\u00f3kincset saj\u00e1t\u00edtj\u00e1k el, mely egy szofisztik\u00e1ltabb, magasabb sz\u00ednvonal\u00fa angol kommunik\u00e1ci\u00f3t eredm\u00e9nyez, illetve az ehhez kapcsol\u00f3d\u00f3 k\u00e9szs\u00e9geket. K\u00e9szs\u00e9gek alatt prezent\u00e1ci\u00f3k k\u00e9sz\u00edt\u00e9s\u00e9t, \u00e1ll\u00e1sinterj\u00fa \u00e9s \u00fczleti telefonh\u00edv\u00e1sok lebonyol\u00edt\u00e1s\u00e1t, hivatalos levelek \u00edr\u00e1s\u00e1t \u00e9s t\u00e1rgyal\u00e1stechnik\u00e1t \u00e9rt\u00fcnk. A 2017-ben indul\u00f3 program keret\u00e9ben 54 tehets\u00e9ges di\u00e1k csatlakozhatott a programhoz \u00e9s eddig 36 di\u00e1k v\u00e9gzett sikeresen. Azok, akik m\u00e1r \u00e9retts\u00e9givel rendelkeznek, az \u00e1ltaluk v\u00e1lasztott egyetemen tanulnak tov\u00e1bb, ahol a programban megszerzett tud\u00e1suk nagy el\u0151nyt jelent.\u00a0<\/span><\/p>\n\n\n<figure class=\"wp-block-gallery columns-1 is-cropped wp-block-gallery-1 is-layout-flex wp-block-gallery-is-layout-flex\"><ul class=\"blocks-gallery-grid\"><li class=\"blocks-gallery-item\"><figure><img loading=\"lazy\" decoding=\"async\" width=\"1024\" height=\"682\" src=\"https:\/\/besi.hu\/wp-content\/uploads\/2021\/10\/Uzleti-angol-bejelentesi-unnepseg-1024x682.jpg\" alt=\"\" data-id=\"1949\" data-full-url=\"https:\/\/besi.hu\/wp-content\/uploads\/2021\/10\/Uzleti-angol-bejelentesi-unnepseg.jpg\" data-link=\"https:\/\/besi.hu\/?attachment_id=1949\" class=\"wp-image-1949\" srcset=\"https:\/\/besi.hu\/wp-content\/uploads\/2021\/10\/Uzleti-angol-bejelentesi-unnepseg-1024x682.jpg 1024w, https:\/\/besi.hu\/wp-content\/uploads\/2021\/10\/Uzleti-angol-bejelentesi-unnepseg-300x200.jpg 300w, https:\/\/besi.hu\/wp-content\/uploads\/2021\/10\/Uzleti-angol-bejelentesi-unnepseg-768x512.jpg 768w, https:\/\/besi.hu\/wp-content\/uploads\/2021\/10\/Uzleti-angol-bejelentesi-unnepseg-1536x1024.jpg 1536w, https:\/\/besi.hu\/wp-content\/uploads\/2021\/10\/Uzleti-angol-bejelentesi-unnepseg.jpg 2000w\" sizes=\"auto, (max-width: 1024px) 100vw, 1024px\" \/><figcaption class=\"blocks-gallery-item__caption\">A program indul\u00e1s\u00e1nak bejelent\u00e9se 2017-ben<\/figcaption><\/figure><\/li><\/ul><\/figure>\n\n\n<p><span style=\"font-weight: 400;\">A tanulm\u00e1nyaik mellett a di\u00e1kok gyakran prezent\u00e1lnak k\u00fcl\u00f6nb\u00f6z\u0151 esem\u00e9nyeken, ahol tal\u00e1lkozhatnak vezet\u0151 \u00fczletemberekkel \u00e9s politikusokkal. Emellett szervez\u00fcnk sz\u00e1mukra int\u00e9zm\u00e9nyl\u00e1togat\u00e1sokat \u00e9s Orient\u00e1ci\u00f3s tr\u00e9ningeket, amelyeken a di\u00e1kok megismerkedhetnek a programban r\u00e9sztvev\u0151 t\u00f6bbi di\u00e1kkal \u00e9s tan\u00e1rokkal.<\/span><\/p>\n<p><\/p>\n<p><strong>A program \u00e1ltal kezelni k\u00edv\u00e1nt probl\u00e9ma bemutat\u00e1sa<\/strong><\/p>\n<p><\/p>\n<p><span style=\"font-weight: 400;\">Szabolcs-Szatm\u00e1r-Bereg megy\u00e9ben a munkan\u00e9lk\u00fcliek ar\u00e1nya \u00e1lland\u00f3an magas, meghaladja az orsz\u00e1gos \u00e1tlagot. A rossz foglalkoztat\u00e1si helyzet az elmaradotts\u00e1g legfontosabb k\u00f6vetkezm\u00e9nye, amely a r\u00e9gi\u00f3ban \u00f6sszetett probl\u00e9ma. Iskol\u00e1nkban magas az egyetemekre jelentkez\u0151 hallgat\u00f3k sz\u00e1ma (96%) \u00e9s kb. 87%-uk felv\u00e9telt is nyer. A legjobb egyetemek nemcsak magas szint\u0171 ismereteket ig\u00e9nyelnek, hanem legal\u00e1bb k\u00f6z\u00e9pszint\u0171 idegennyelvi tud\u00e1st is.<\/span><\/p>\n<p><span style=\"font-weight: 400;\">A program alapvet\u0151 c\u00e9lja, hogy t\u00e1mogassa a k\u00f6z\u00e9piskol\u00e1s tanul\u00f3kat, hogy speci\u00e1lis ismereteket szerezve felk\u00e9sz\u00edtse \u0151ket az egyetemi tanulm\u00e1nyaikra \u00e9s a munkaer\u0151piac kih\u00edv\u00e1saira, valamint fejlessze a kommunik\u00e1ci\u00f3s k\u00e9szs\u00e9g\u00fcket mind az anyanyelv\u00fck\u00f6n, mind pedig idegen nyelven. Szeretn\u00e9nk, hogy a tanul\u00f3k k\u00fcl\u00f6nb\u00f6z\u0151 k\u00e9szs\u00e9geket \u00e9s vezet\u00e9si ismereteket szerezzenek az \u00fczleti \u00e9let k\u00e9pvisel\u0151it\u0151l a gyakorlatban, valamint, hogy EU-akkredit\u00e1lt nyelvvizsg\u00e1t tegyenek a tov\u00e1bbi tanulm\u00e1nyaik megk\u00f6nny\u00edt\u00e9se \u00e9rdek\u00e9ben, miel\u0151tt a k\u00f6z\u00e9piskol\u00e1t elv\u00e9gezn\u00e9k. Tov\u00e1bb\u00e1 szeretn\u00e9nk, hogy a programban r\u00e9sztvev\u0151k 100% -\u00e1t felvegy\u00e9k a nemzeti \u00e9s az eur\u00f3pai egyetemekre. Gazdas\u00e1gi szempontb\u00f3l sz\u00fcks\u00e9g van j\u00f3 k\u00e9pzetts\u00e9ggel \u00e9s nyelvtud\u00e1ssal rendelkez\u0151 munkav\u00e1llal\u00f3k kik\u00e9pz\u00e9s\u00e9re \u00e9s arra, hogy megpr\u00f3b\u00e1ljuk \u0151ket a r\u00e9gi\u00f3nkban tartani. Ez t\u00f6bb munkahelyet jelent, \u00e9s \u00fczleti fellend\u00fcl\u00e9shez vezet.<\/span><\/p>\n<p><span style=\"font-weight: 400;\">Emellett nagy t\u00e1rsadalmi ig\u00e9ny van a magas szint\u0171 nyelvtud\u00e1s megszerz\u00e9s\u00e9re, mivel Magyarorsz\u00e1g h\u00e1tulr\u00f3l a harmadik az EU-n bel\u00fcl az idegennyelv-tud\u00e1sban. A 25\u201364 \u00e9v k\u00f6z\u00f6tti koroszt\u00e1lyt tekintve 57,6% nem besz\u00e9l idegen nyelven, 28,6 % besz\u00e9l egy idegen nyelven \u00e9s 11,1 % besz\u00e9l k\u00e9t idegen nyelvet Magyarorsz\u00e1gon. A h\u00e1rom vagy t\u00f6bb idegen nyelven besz\u00e9l\u0151k ar\u00e1nya pedig mind\u00f6ssze 2,7%. Egyre t\u00f6bb hallgat\u00f3 jelentkezik gazdas\u00e1gi vagy p\u00e9nz\u00fcgyi egyetemekre, mivel ebben a r\u00e9gi\u00f3ban hi\u00e1ny van szakk\u00e9pzett k\u00f6zgazd\u00e1szokb\u00f3l \u00e9s menedzserekb\u0151l. K\u00fcl\u00f6nleges ig\u00e9ny\u00fck van az angol \u00e9s az \u00fczleti ismeretek ir\u00e1nt, ami nemzetk\u00f6zileg is versenyk\u00e9pes munkaer\u0151v\u00e9 teszi \u0151ket.<\/span><\/p>\n<p><\/p>\n<p><strong>A program c\u00e9lcsoportjai&nbsp;<\/strong><\/p>\n<p><\/p>\n<p><span style=\"font-weight: 400;\">A programban olyan 9. \u00e9s 10.-es di\u00e1kok vehetnek r\u00e9szt, akiknek a nyelvtud\u00e1sa el\u00e9ri a KER \u00e1ltal meghat\u00e1rozott B1+ szintet, emellett vizsg\u00e1ljuk a r\u00e1termetts\u00e9g\u00fcket is az \u00fczleti \u00e9letre. 11. \u00e9vfolyamos di\u00e1k csak akkor vehet r\u00e9szt a programban, ha a program v\u00e9g\u00e9n m\u00e9g mindig az iskola tanul\u00f3ja. A di\u00e1kok egy k\u00e9tl\u00e9pcs\u0151s felv\u00e9teli elj\u00e1r\u00e1sban vesznek r\u00e9szt, el\u0151sz\u00f6r egy angol \u00edr\u00e1sbeli tesztet kell kit\u00f6lteni\u00fck, majd az ott el\u00e9rt eredm\u00e9nyeik alapj\u00e1n a kiv\u00e1lasztott di\u00e1kok jutnak tov\u00e1bb a sz\u00f3beli elbesz\u00e9lget\u00e9sre. Az egy\u00fcttes eredm\u00e9nyeik alapj\u00e1n a legjobban teljes\u00edt\u0151 18 di\u00e1k vehet r\u00e9szt a programban.<\/span><\/p>\n<p><\/p>\n<p><strong>A program megval\u00f3s\u00edt\u00e1s\u00e1nak bemutat\u00e1sa&nbsp;<\/strong><\/p>\n<p><\/p>\n<p><span style=\"font-weight: 400;\">A di\u00e1kok 25 napos k\u00e9pz\u00e9sben vesznek r\u00e9szt, melyek tr\u00e9ning jelleg\u0171ek \u00e9s havonta k\u00e9tnaposak. A k\u00e9t nap folyam\u00e1n a di\u00e1kok 10 nyelv\u00f3r\u00e1n vesznek r\u00e9szt a budapesti tr\u00e9ner ir\u00e1ny\u00edt\u00e1s\u00e1val. Mivel a program iskol\u00e1n k\u00edv\u00fcli tev\u00e9kenys\u00e9g, \u00edgy a di\u00e1kok a k\u00e9pz\u00e9s helysz\u00edn\u00e9n r\u00e9szes\u00fclnek az oktat\u00e1sban, ami a t\u00e1mogat\u00e1st ny\u00fajt\u00f3 Tungsram Operations Kft. kisv\u00e1rdai telephelye.&nbsp;<\/span><\/p>\n<p><span style=\"font-weight: 400;\">Tavasszal \u00e9s \u0151sszel a di\u00e1kok r\u00e9szt vesznek egy orient\u00e1ci\u00f3s tr\u00e9ningen a c\u00e9g k\u00f6zpontj\u00e1ban Budapesten, ahol tal\u00e1lkozhatnak vezet\u0151 \u00fczletemberekkel k\u00fcl\u00f6nb\u00f6z\u0151 \u00fczleti szektorokb\u00f3l \u00e9s megismerkedhetnek a munk\u00e1jukkal. Emellett szervez\u00fcnk sz\u00e1mukra int\u00e9zm\u00e9nyl\u00e1togat\u00e1sokat is.<\/span><\/p>\n<p><\/p>\n<p><span style=\"font-weight: 400;\">\u00c1ltal\u00e1nos fejleszt\u00e9si ter\u00fcletek: <\/span><span style=\"font-weight: 400;\"><br><\/span><span style=\"font-weight: 400;\">\u00c9rdekl\u0151d\u00e9s, kreativit\u00e1s, motiv\u00e1ci\u00f3, a tud\u00e1salap sz\u00e9les\u00edt\u00e9se, iskol\u00e1n k\u00edv\u00fcli tapasztalatszerz\u00e9s, t\u00e1rsas-affekt\u00edv k\u00e9pess\u00e9g. A program lehet\u0151s\u00e9get ny\u00fajt arra, hogy valamennyi gardneri k\u00e9pess\u00e9gter\u00fcletet fejlessze, azon bel\u00fcl is nagyobb hangs\u00falyt fektet\u00fcnk a nyelvi, szoci\u00e1lis-interperszon\u00e1lis \u00e9s az intraperszon\u00e1lis k\u00e9pess\u00e9gter\u00fcletekre.&nbsp;<\/span><\/p>\n<p><span style=\"font-weight: 400;\">Alkalmazott tehets\u00e9gfejleszt\u0151 m\u00f3dszerek: \u00f6n\u00e1ll\u00f3 tanul\u00e1s, kooperat\u00edv tanul\u00e1s, projektmunka \u00e9s online interakt\u00edv feladatok.<\/span><\/p>\n<p><span style=\"font-weight: 400;\">A projektben r\u00e9szt vev\u0151 hallgat\u00f3k teljes\u00edtm\u00e9ny\u00e9t folyamatosan ellen\u0151rzik k\u00fcl\u00f6nb\u00f6z\u0151 tesztekkel, \u00e9s a v\u00e9gs\u0151 szakaszban a di\u00e1kok egy B2 EuroPro \u00fczleti angol komplex nyelvvizsg\u00e1t tesznek.&nbsp;<\/span><\/p>\n<p><span style=\"font-weight: 400;\">Elmondhat\u00f3, hogy a di\u00e1kok \u00e1ltal\u00e1nos \u00e9s \u00fczleti angol nyelv ismeretei, kommunik\u00e1ci\u00f3s, prezent\u00e1ci\u00f3s k\u00e9szs\u00e9gei fejl\u0151dtek, az \u00fczleti vil\u00e1g ismerete jelent\u0151sen kib\u0151v\u00fclt, k\u00fcl\u00f6n\u00f6sen a menedzsment \u00e9s az interkultur\u00e1lis tudatoss\u00e1g ter\u00fclet\u00e9n.&nbsp;<\/span><\/p>\n<p><span style=\"font-weight: 400;\">A c\u00e9g 2019-ben elnyerte a \u201eGenius Loci \u2013 V\u00e1llalatok \u00e9s v\u00e1llalkoz\u00f3k a tehets\u00e9gek\u00e9rt\u201d d\u00edjat a nemzeti kateg\u00f3ri\u00e1ban.<\/span><\/p>\n\n\n<figure class=\"wp-block-gallery columns-1 is-cropped wp-block-gallery-2 is-layout-flex wp-block-gallery-is-layout-flex\"><ul class=\"blocks-gallery-grid\"><li class=\"blocks-gallery-item\"><figure><img loading=\"lazy\" decoding=\"async\" width=\"1000\" height=\"667\" src=\"https:\/\/besi.hu\/wp-content\/uploads\/2021\/10\/Orientacios-nap-Budapest.jpg\" alt=\"\" data-id=\"1948\" data-full-url=\"https:\/\/besi.hu\/wp-content\/uploads\/2021\/10\/Orientacios-nap-Budapest.jpg\" data-link=\"https:\/\/besi.hu\/?attachment_id=1948\" class=\"wp-image-1948\" srcset=\"https:\/\/besi.hu\/wp-content\/uploads\/2021\/10\/Orientacios-nap-Budapest.jpg 1000w, https:\/\/besi.hu\/wp-content\/uploads\/2021\/10\/Orientacios-nap-Budapest-300x200.jpg 300w, https:\/\/besi.hu\/wp-content\/uploads\/2021\/10\/Orientacios-nap-Budapest-768x512.jpg 768w\" sizes=\"auto, (max-width: 1000px) 100vw, 1000px\" \/><figcaption class=\"blocks-gallery-item__caption\">Az EuroPro \u00fczleti angol komplex nyelvvizsg\u00e1k \u00fcnnep\u00e9lyes \u00e1tv\u00e9tele<\/figcaption><\/figure><\/li><\/ul><\/figure>\n<div class=\"pvc_clear\"><\/div><p id=\"pvc_stats_1682\" class=\"pvc_stats all  \" data-element-id=\"1682\" style=\"\"><i class=\"pvc-stats-icon medium\" aria-hidden=\"true\"><svg aria-hidden=\"true\" focusable=\"false\" data-prefix=\"far\" data-icon=\"chart-bar\" role=\"img\" xmlns=\"http:\/\/www.w3.org\/2000\/svg\" viewBox=\"0 0 512 512\" class=\"svg-inline--fa fa-chart-bar fa-w-16 fa-2x\"><path fill=\"currentColor\" d=\"M396.8 352h22.4c6.4 0 12.8-6.4 12.8-12.8V108.8c0-6.4-6.4-12.8-12.8-12.8h-22.4c-6.4 0-12.8 6.4-12.8 12.8v230.4c0 6.4 6.4 12.8 12.8 12.8zm-192 0h22.4c6.4 0 12.8-6.4 12.8-12.8V140.8c0-6.4-6.4-12.8-12.8-12.8h-22.4c-6.4 0-12.8 6.4-12.8 12.8v198.4c0 6.4 6.4 12.8 12.8 12.8zm96 0h22.4c6.4 0 12.8-6.4 12.8-12.8V204.8c0-6.4-6.4-12.8-12.8-12.8h-22.4c-6.4 0-12.8 6.4-12.8 12.8v134.4c0 6.4 6.4 12.8 12.8 12.8zM496 400H48V80c0-8.84-7.16-16-16-16H16C7.16 64 0 71.16 0 80v336c0 17.67 14.33 32 32 32h464c8.84 0 16-7.16 16-16v-16c0-8.84-7.16-16-16-16zm-387.2-48h22.4c6.4 0 12.8-6.4 12.8-12.8v-70.4c0-6.4-6.4-12.8-12.8-12.8h-22.4c-6.4 0-12.8 6.4-12.8 12.8v70.4c0 6.4 6.4 12.8 12.8 12.8z\" class=\"\"><\/path><\/svg><\/i> <img loading=\"lazy\" decoding=\"async\" width=\"16\" height=\"16\" alt=\"Loading\" src=\"https:\/\/besi.hu\/wp-content\/plugins\/page-views-count\/ajax-loader-2x.gif\" border=0 \/><\/p><div class=\"pvc_clear\"><\/div>","protected":false},"excerpt":{"rendered":"<p>\u00a0 A vil\u00e1gon az angol nyelvet besz\u00e9lik a legt\u00f6bben. Az \u00fczleti angol a nyelvtanul\u00e1snak egy olyan r\u00e9sze, amely egy konkr\u00e9t, specifikus c\u00e9llal t\u00f6rt\u00e9nik. B\u00e1rmilyen ter\u00fcletet n\u00e9z\u00fcnk, a legfontosabb hivatalos nyelv az angol, \u00e9s ez az \u00fczleti \u00e9letben, a versenyszf\u00e9r\u00e1ban m\u00e1r alapk\u00f6vetelm\u00e9nynek sz\u00e1m\u00edt. A program seg\u00edts\u00e9g\u00e9vel a di\u00e1kok els\u0151sorban az \u00fczleti&#8230;<\/p>\n<div class=\"pvc_clear\"><\/div>\n<p id=\"pvc_stats_1682\" class=\"pvc_stats all  \" data-element-id=\"1682\" style=\"\"><i class=\"pvc-stats-icon medium\" aria-hidden=\"true\"><svg aria-hidden=\"true\" focusable=\"false\" data-prefix=\"far\" data-icon=\"chart-bar\" role=\"img\" xmlns=\"http:\/\/www.w3.org\/2000\/svg\" viewBox=\"0 0 512 512\" class=\"svg-inline--fa fa-chart-bar fa-w-16 fa-2x\"><path fill=\"currentColor\" d=\"M396.8 352h22.4c6.4 0 12.8-6.4 12.8-12.8V108.8c0-6.4-6.4-12.8-12.8-12.8h-22.4c-6.4 0-12.8 6.4-12.8 12.8v230.4c0 6.4 6.4 12.8 12.8 12.8zm-192 0h22.4c6.4 0 12.8-6.4 12.8-12.8V140.8c0-6.4-6.4-12.8-12.8-12.8h-22.4c-6.4 0-12.8 6.4-12.8 12.8v198.4c0 6.4 6.4 12.8 12.8 12.8zm96 0h22.4c6.4 0 12.8-6.4 12.8-12.8V204.8c0-6.4-6.4-12.8-12.8-12.8h-22.4c-6.4 0-12.8 6.4-12.8 12.8v134.4c0 6.4 6.4 12.8 12.8 12.8zM496 400H48V80c0-8.84-7.16-16-16-16H16C7.16 64 0 71.16 0 80v336c0 17.67 14.33 32 32 32h464c8.84 0 16-7.16 16-16v-16c0-8.84-7.16-16-16-16zm-387.2-48h22.4c6.4 0 12.8-6.4 12.8-12.8v-70.4c0-6.4-6.4-12.8-12.8-12.8h-22.4c-6.4 0-12.8 6.4-12.8 12.8v70.4c0 6.4 6.4 12.8 12.8 12.8z\" class=\"\"><\/path><\/svg><\/i> <img loading=\"lazy\" decoding=\"async\" width=\"16\" height=\"16\" alt=\"Loading\" src=\"https:\/\/besi.hu\/wp-content\/plugins\/page-views-count\/ajax-loader-2x.gif\" border=0 \/><\/p>\n<div class=\"pvc_clear\"><\/div>\n","protected":false},"author":2,"featured_media":0,"parent":0,"menu_order":0,"comment_status":"closed","ping_status":"closed","template":"","meta":{"footnotes":""},"class_list":["post-1682","page","type-page","status-publish","hentry"],"aioseo_notices":[],"a3_pvc":{"activated":true,"total_views":486,"today_views":0},"_links":{"self":[{"href":"https:\/\/besi.hu\/index.php?rest_route=\/wp\/v2\/pages\/1682","targetHints":{"allow":["GET"]}}],"collection":[{"href":"https:\/\/besi.hu\/index.php?rest_route=\/wp\/v2\/pages"}],"about":[{"href":"https:\/\/besi.hu\/index.php?rest_route=\/wp\/v2\/types\/page"}],"author":[{"embeddable":true,"href":"https:\/\/besi.hu\/index.php?rest_route=\/wp\/v2\/users\/2"}],"replies":[{"embeddable":true,"href":"https:\/\/besi.hu\/index.php?rest_route=%2Fwp%2Fv2%2Fcomments&post=1682"}],"version-history":[{"count":5,"href":"https:\/\/besi.hu\/index.php?rest_route=\/wp\/v2\/pages\/1682\/revisions"}],"predecessor-version":[{"id":1975,"href":"https:\/\/besi.hu\/index.php?rest_route=\/wp\/v2\/pages\/1682\/revisions\/1975"}],"wp:attachment":[{"href":"https:\/\/besi.hu\/index.php?rest_route=%2Fwp%2Fv2%2Fmedia&parent=1682"}],"curies":[{"name":"wp","href":"https:\/\/api.w.org\/{rel}","templated":true}]}}