{"id":1685,"date":"2021-09-07T21:45:30","date_gmt":"2021-09-07T19:45:30","guid":{"rendered":"https:\/\/besi.hu\/?page_id=1685"},"modified":"2021-10-20T19:05:00","modified_gmt":"2021-10-20T17:05:00","slug":"minositett-tehetseggondozo-muhely","status":"publish","type":"page","link":"https:\/\/besi.hu\/?page_id=1685","title":{"rendered":"Min\u0151s\u00edtett Tehets\u00e9ggondoz\u00f3 M\u0171hely, a megy\u00e9b\u0151l egyetlenk\u00e9nt"},"content":{"rendered":"\n\n\n<figure class=\"wp-block-gallery columns-1 is-cropped wp-block-gallery-1 is-layout-flex wp-block-gallery-is-layout-flex\"><ul class=\"blocks-gallery-grid\"><li class=\"blocks-gallery-item\"><figure><img loading=\"lazy\" decoding=\"async\" width=\"1024\" height=\"724\" src=\"https:\/\/besi.hu\/wp-content\/uploads\/2021\/10\/mtm_01-1024x724.jpg\" alt=\"\" data-id=\"1957\" data-full-url=\"https:\/\/besi.hu\/wp-content\/uploads\/2021\/10\/mtm_01.jpg\" data-link=\"https:\/\/besi.hu\/?attachment_id=1957\" class=\"wp-image-1957\" srcset=\"https:\/\/besi.hu\/wp-content\/uploads\/2021\/10\/mtm_01-1024x724.jpg 1024w, https:\/\/besi.hu\/wp-content\/uploads\/2021\/10\/mtm_01-300x212.jpg 300w, https:\/\/besi.hu\/wp-content\/uploads\/2021\/10\/mtm_01-768x543.jpg 768w, https:\/\/besi.hu\/wp-content\/uploads\/2021\/10\/mtm_01-1536x1086.jpg 1536w, https:\/\/besi.hu\/wp-content\/uploads\/2021\/10\/mtm_01-2048x1448.jpg 2048w, https:\/\/besi.hu\/wp-content\/uploads\/2021\/10\/mtm_01-283x200.jpg 283w\" sizes=\"auto, (max-width: 1024px) 100vw, 1024px\" \/><figcaption class=\"blocks-gallery-item__caption\">A projekt log\u00f3ja<\/figcaption><\/figure><\/li><\/ul><\/figure>\n\n\n<p><span style=\"font-weight: 400;\">Iskol\u00e1nk sz\u00e1mos p\u00e1ly\u00e1zaton m\u00e9rette m\u00e1r meg mag\u00e1t az elm\u00falt \u00e9vtizedek sor\u00e1n. V\u00e1rosi, t\u00e9rs\u00e9gi, megyei \u00e9s orsz\u00e1gos szinten is meghat\u00e1roz\u00f3v\u00e1 v\u00e1lt munk\u00e1nk. A soksz\u00edn\u0171, kreat\u00edv tehets\u00e9ggondoz\u00e1s, a partneri kapcsolataink, felszerelts\u00e9g\u00fcnk alapj\u00e1n 2016-ban \u00fagy d\u00f6nt\u00f6tt\u00fcnk, hogy megp\u00e1ly\u00e1zzuk a Min\u0151s\u00edtett Tehets\u00e9ggondoz\u00f3 M\u0171hely c\u00edmet. Mindig is szerett\u00fck a kih\u00edv\u00e1sokat. Az \u00daj Nemzed\u00e9k K\u00f6zpont \u00e1ltal ki\u00edrt p\u00e1ly\u00e1zat kicsit sem hasonl\u00edtott, a kor\u00e1bban megszokott p\u00e1ly\u00e1zati strukt\u00far\u00e1khoz, r\u00e1ad\u00e1sul el\u0151zetes tapasztalatokkal sem rendelkezett senki. Minden k\u00f6vetelm\u00e9nynek megfelelt\u00fcnk, \u00e9s a p\u00e1ly\u00e1zatot Dr. Koncz G\u00e1bor vezet\u00e9s\u00e9vel meg\u00edrtuk \u00e9s meg is nyert\u00fck. De mi is az a Min\u0151s\u00edtett Tehets\u00e9ggondoz\u00f3 M\u0171hely?&nbsp;<\/span><\/p>\n<p><span style=\"font-weight: 400;\">A c\u00edm elnyer\u00e9s\u00e9re a tehets\u00e9ggondoz\u00e1s ter\u00e9n hagyom\u00e1nyokkal, dokument\u00e1lhat\u00f3, el\u00e9rt eredm\u00e9nyekkel rendelkez\u0151 nevel\u00e9si-oktat\u00e1si int\u00e9zm\u00e9nyek p\u00e1ly\u00e1zhatnak, akik int\u00e9zm\u00e9nyi szinten is elk\u00f6telezettek a tehets\u00e9ggondoz\u00e1s mellett. A c\u00edm l\u00e9trehoz\u00e1s\u00e1nak kiemelt c\u00e9lja, hogy a tehets\u00e9ggondoz\u00f3 int\u00e9zm\u00e9nyek egy meghat\u00e1rozott k\u00f6re \u00f6t \u00e9ven kereszt\u00fcl kisz\u00e1m\u00edthat\u00f3an, plusz p\u00e1ly\u00e1zati tev\u00e9kenys\u00e9g n\u00e9lk\u00fcl is jelent\u0151s t\u00e1mogat\u00e1sokban r\u00e9szes\u00fclj\u00f6n, ez\u00e1ltal szakmai tev\u00e9kenys\u00e9g\u00fck kisz\u00e1m\u00edthat\u00f3bb, illetve a j\u00e1rul\u00e9kos adminisztr\u00e1ci\u00f3 \u00e1ltal kev\u00e9sb\u00e9 terhelt legyen. A t\u00e1mogat\u00e1s t\u00f6bbek k\u00f6z\u00f6tt a helyi ig\u00e9nyekre \u00e9p\u00fcl\u0151 pedag\u00f3gus-tov\u00e1bbk\u00e9pz\u00e9sek, szakmai tan\u00e1csad\u00e1s, tehets\u00e9ges tanul\u00f3kat egy\u00e9ni helyzetben seg\u00edt\u0151 mentorprogramok, szakmai m\u0171helyek, t\u00e1rgyi eszk\u00f6z\u00f6k biztos\u00edt\u00e1sa form\u00e1j\u00e1ban val\u00f3sul meg.<\/span><\/p>\n<p><span style=\"font-weight: 400;\">Az \u00faj tehets\u00e9ggondoz\u00f3-mintaint\u00e9zm\u00e9nyi szerepk\u00f6r, a Min\u0151s\u00edtett Tehets\u00e9ggondoz\u00f3 M\u0171hely kialak\u00edt\u00e1s\u00e1nak c\u00e9lja, hogy lehet\u0151s\u00e9g szerint minden tehets\u00e9ges tanul\u00f3 az ig\u00e9nyeinek, k\u00e9pess\u00e9geinek legmegfelel\u0151bb fejleszt\u00e9sben r\u00e9szes\u00fclj\u00f6n. Tov\u00e1bb\u00e1 az is c\u00e9l, hogy az int\u00e9zm\u00e9ny meghat\u00e1rozott f\u00f6ldrajzi k\u00f6rnyezet\u00e9ben elhelyezked\u0151 nevel\u00e9si-oktat\u00e1si int\u00e9zm\u00e9nyek sz\u00e1m\u00e1ra int\u00e9zm\u00e9nyek k\u00f6zti szakmai tan\u00e1csad\u00e1st, konzult\u00e1ci\u00f3t biztos\u00edtson. A c\u00e9lok el\u00e9r\u00e9se \u00e9rdek\u00e9ben az \u00daj Nemzed\u00e9k K\u00f6zpont a c\u00edmbirtokos int\u00e9zm\u00e9nyeket c\u00e9lzott pedag\u00f3gus-tov\u00e1bbk\u00e9pz\u00e9sekkel, tehets\u00e9ges tanul\u00f3kat egy\u00e9ni helyzetben seg\u00edt\u0151 mentort\u00e1mogat\u00e1ssal, szakmai rendezv\u00e9nyek megval\u00f3s\u00edt\u00e1s\u00e1val, t\u00e1rgyi eszk\u00f6z\u00f6k \u00e9s szakmai konzult\u00e1ci\u00f3s lehet\u0151s\u00e9gek biztos\u00edt\u00e1s\u00e1val, valamint az int\u00e9zm\u00e9nyek szakmai egy\u00fcttm\u0171k\u00f6d\u00e9s\u00e9nek er\u0151s\u00edt\u00e9s\u00e9vel seg\u00edti.&nbsp;<\/span><\/p>\n<p><span style=\"font-weight: 400;\">A Min\u0151s\u00edtett Tehets\u00e9ggondoz\u00f3 M\u0171hely minden \u00f6sszetev\u0151je szerves r\u00e9sz\u00e9t k\u00e9pezi tehets\u00e9ggondoz\u00f3 rendszer\u00fcnknek. Kiemelt feladatunk, hogy megteremts\u00fck a szervezeti kereteit, szem\u00e9lyi, t\u00e1rgyi felt\u00e9teleit annak a c\u00e9lnak, hogy int\u00e9zm\u00e9ny\u00fcnk a program \u00e1ltal tervezett tev\u00e9kenys\u00e9gein kereszt\u00fcl imm\u00e1r egy eg\u00e9sz r\u00e9gi\u00f3 haszn\u00e1ra v\u00e9gezze tehets\u00e9ggondoz\u00f3 feladat\u00e1t, \u00e9s t\u00f6bbek k\u00f6z\u00f6tt szakmai \u00e1tj\u00e1rhat\u00f3s\u00e1got biztos\u00edtson a k\u00f6znevel\u00e9si int\u00e9zm\u00e9nyekben dolgoz\u00f3 koll\u00e9g\u00e1k sz\u00e1m\u00e1ra. Ennek \u00e9rdek\u00e9ben nagy siker\u0171 m\u0171helymunk\u00e1kat rendezt\u00fcnk, amelyeken t\u00f6bb int\u00e9zm\u00e9ny pedag\u00f3gusai \u00e9s di\u00e1kjai vettek r\u00e9szt. A m\u0171helymunk\u00e1k a k\u00f6vetkez\u0151k voltak:<\/span><\/p>\n<ul>\n<li style=\"font-weight: 400;\" aria-level=\"1\"><span style=\"font-weight: 400;\">\u201eAmit mi adni tudunk, az \u00f6r\u00f6kre megmarad!\u201d \u2013 Hagyom\u00e1ny \u00e9s modernit\u00e1s a Bessenyei Gy\u00f6rgy Gimn\u00e1zium oktat\u00e1s\u00e1ban \u00e9s tehets\u00e9ggondoz\u00f3 munk\u00e1j\u00e1ban<\/span><\/li>\n<li style=\"font-weight: 400;\" aria-level=\"1\"><span style=\"font-weight: 400;\">Kreat\u00edv tehets\u00e9ggondoz\u00f3 projektek a Kisv\u00e1rdai Bessenyei Gy\u00f6rgy Gimn\u00e1zium \u00e9s Koll\u00e9giumban<\/span><\/li>\n<li style=\"font-weight: 400;\" aria-level=\"1\"><span style=\"font-weight: 400;\">\u00daj utak az int\u00e9zm\u00e9nyi tehets\u00e9ggondoz\u00e1sban<\/span><\/li>\n<\/ul>\n\n\n<figure class=\"wp-block-gallery columns-1 is-cropped wp-block-gallery-2 is-layout-flex wp-block-gallery-is-layout-flex\"><ul class=\"blocks-gallery-grid\"><li class=\"blocks-gallery-item\"><figure><img loading=\"lazy\" decoding=\"async\" width=\"1024\" height=\"683\" src=\"https:\/\/besi.hu\/wp-content\/uploads\/2021\/10\/mtm_02-1024x683.jpg\" alt=\"\" data-id=\"1956\" data-full-url=\"https:\/\/besi.hu\/wp-content\/uploads\/2021\/10\/mtm_02.jpg\" data-link=\"https:\/\/besi.hu\/?attachment_id=1956\" class=\"wp-image-1956\" srcset=\"https:\/\/besi.hu\/wp-content\/uploads\/2021\/10\/mtm_02-1024x683.jpg 1024w, https:\/\/besi.hu\/wp-content\/uploads\/2021\/10\/mtm_02-300x200.jpg 300w, https:\/\/besi.hu\/wp-content\/uploads\/2021\/10\/mtm_02-768x512.jpg 768w, https:\/\/besi.hu\/wp-content\/uploads\/2021\/10\/mtm_02.jpg 1536w\" sizes=\"auto, (max-width: 1024px) 100vw, 1024px\" \/><figcaption class=\"blocks-gallery-item__caption\">Robotika foglalkoz\u00e1s egy m\u0171helymunka keret\u00e9ben<\/figcaption><\/figure><\/li><\/ul><\/figure>\n\n\n<p><span style=\"font-weight: 400;\">Fontos kiemelni, hogy a partneri egy\u00fcttm\u0171k\u00f6d\u00e9st seg\u00edtend\u0151 Pedag\u00f3giai Programunkat is m\u00f3dos\u00edtottuk, amiben szervezetten, gardneri k\u00e9pess\u00e9gter\u00fcletenk\u00e9nt megjelennek j\u00f3 gyakorlataink.&nbsp;<\/span><\/p>\n<p><span style=\"font-weight: 400;\">A Min\u0151s\u00edtett Tehets\u00e9ggondoz\u00f3 M\u0171hely szakmai tev\u00e9kenys\u00e9ge alap- \u00e9s kieg\u00e9sz\u00edt\u0151 feladatokb\u00f3l \u00e9p\u00fcl fel, amelyek j\u00f3l elk\u00fcl\u00f6n\u00edthet\u0151k a nevel\u00e9si-oktat\u00e1si int\u00e9zm\u00e9nyek, illetve az egy\u00e9b tehets\u00e9ggondoz\u00e1ssal foglalkoz\u00f3 szervezetek feladatait\u00f3l.&nbsp;<\/span><\/p>\n<p><span style=\"font-weight: 400;\">A Min\u0151s\u00edtett Tehets\u00e9ggondoz\u00f3 M\u0171hely alapfeladatai kiterjednek a tehets\u00e9ggondoz\u00f3 tev\u00e9kenys\u00e9g teljes folyamat\u00e1ra az al\u00e1bbiak szerint:&nbsp;<\/span><\/p>\n<ul>\n<li style=\"font-weight: 400;\" aria-level=\"1\"><span style=\"font-weight: 400;\">tehets\u00e9gsz\u0171r\u00e9s, -azonos\u00edt\u00e1s, bev\u00e1logat\u00e1s, amelynek sor\u00e1n figyelembe kell venni a tehets\u00e9ges tanul\u00f3 \u00e9letkori jellemz\u0151it;&nbsp;<\/span><\/li>\n<li style=\"font-weight: 400;\" aria-level=\"1\"><span style=\"font-weight: 400;\">komplex tehets\u00e9ggondoz\u00f3 programok megval\u00f3s\u00edt\u00e1sa;&nbsp;<\/span><\/li>\n<li style=\"font-weight: 400;\" aria-level=\"1\"><span style=\"font-weight: 400;\">kontroll\/nyomon k\u00f6vet\u00e9s;&nbsp;<\/span><\/li>\n<li style=\"font-weight: 400;\" aria-level=\"1\"><span style=\"font-weight: 400;\">tehets\u00e9g-tan\u00e1csad\u00e1s, szakmai konzult\u00e1ci\u00f3 a sz\u00fcl\u0151k, a pedag\u00f3gusok, a tehets\u00e9gekkel foglalkoz\u00f3 szakemberek, illetve int\u00e9zm\u00e9nyek sz\u00e1m\u00e1ra;&nbsp;<\/span><\/li>\n<li style=\"font-weight: 400;\" aria-level=\"1\"><span style=\"font-weight: 400;\">egy\u00e9ni, saj\u00e1tos arculatot kifejez\u0151 j\u00f3 gyakorlatok kifejleszt\u00e9se, amely el\u00e9ri az adapt\u00e1lhat\u00f3s\u00e1g szintj\u00e9t;<\/span><\/li>\n<li style=\"font-weight: 400;\" aria-level=\"1\"><span style=\"font-weight: 400;\">h\u00e1l\u00f3zati egy\u00fcttm\u0171k\u00f6d\u00e9s.&nbsp;<\/span><\/li>\n<\/ul>\n<p><span style=\"font-weight: 400;\">Az alapfeladatok nagyr\u00e9szt a tehets\u00e9ges tanul\u00f3k mentor\u00e1l\u00e1s\u00e1ra koncentr\u00e1ltak. Tam\u00e1sn\u00e9 Balogh Be\u00e1ta \u00e9s Cs\u00e1ki Orsolya koll\u00e9g\u00e1k vettek r\u00e9szt a tanul\u00f3k mentor\u00e1l\u00e1s\u00e1ban, \u00f6sszesen 12 tanul\u00f3 t\u00e1mogat\u00e1sa volt kez\u00fckben. Minden tanul\u00f3 nagy sikereket \u00e9rt el: t\u00f6bbek k\u00f6z\u00f6tt OKTV m\u00e1sodik fordul\u00f3ba jutottak, megnyert\u00e9k az Ifj\u00fa kutat\u00f3k Nemzetk\u00f6zi Konferenci\u00e1j\u00e1nak hazai d\u00f6nt\u0151j\u00e9t \u00e9s a nemzetk\u00f6zi d\u00f6nt\u0151r\u0151l is \u00e9rmekkel t\u00e9rtek haza, vagy legfrissebb eredm\u00e9nyk\u00e9nt megeml\u00edtend\u0151, hogy a Stockholmi Ifj\u00fas\u00e1gi V\u00edzd\u00edj magyar gy\u0151ztese is k\u00f6z\u00fcl\u00fck ker\u00fclt ki.<\/span><\/p>\n<p><span style=\"font-weight: 400;\">Az elm\u00falt \u00f6t \u00e9v tapasztalatai alapj\u00e1n \u00fagy gondoljuk j\u00f3, hogy a bel\u00e9p\u00e9s mellett d\u00f6nt\u00f6tt\u00fcnk. Infrastrukt\u00far\u00e1nk tov\u00e1bb fejl\u0151d\u00f6tt, koll\u00e9g\u00e1ink m\u00f3dszertanilag szint\u00e9n fejl\u0151dhettek. Legnagyobb hozad\u00e9ka a programnak az, hogy a kor\u00e1bbi kiv\u00e1l\u00f3 tehets\u00e9ggondoz\u00f3 munk\u00e1nk imm\u00e1r sokkal szervezettebb \u00e9s \u00e1tl\u00e1that\u00f3bb keretet kapott.<\/span><\/p>\n\n\n<figure class=\"wp-block-gallery columns-1 is-cropped wp-block-gallery-3 is-layout-flex wp-block-gallery-is-layout-flex\"><ul class=\"blocks-gallery-grid\"><li class=\"blocks-gallery-item\"><figure><img loading=\"lazy\" decoding=\"async\" width=\"1024\" height=\"683\" src=\"https:\/\/besi.hu\/wp-content\/uploads\/2021\/10\/mtm_03-1024x683.jpg\" alt=\"\" data-id=\"1954\" data-full-url=\"https:\/\/besi.hu\/wp-content\/uploads\/2021\/10\/mtm_03.jpg\" data-link=\"https:\/\/besi.hu\/?attachment_id=1954\" class=\"wp-image-1954\" srcset=\"https:\/\/besi.hu\/wp-content\/uploads\/2021\/10\/mtm_03-1024x683.jpg 1024w, https:\/\/besi.hu\/wp-content\/uploads\/2021\/10\/mtm_03-300x200.jpg 300w, https:\/\/besi.hu\/wp-content\/uploads\/2021\/10\/mtm_03-768x512.jpg 768w, https:\/\/besi.hu\/wp-content\/uploads\/2021\/10\/mtm_03.jpg 1536w\" sizes=\"auto, (max-width: 1024px) 100vw, 1024px\" \/><figcaption class=\"blocks-gallery-item__caption\">Irodalmi m\u0171helymunka<\/figcaption><\/figure><\/li><\/ul><\/figure>\n<div class=\"pvc_clear\"><\/div><p id=\"pvc_stats_1685\" class=\"pvc_stats all  \" data-element-id=\"1685\" style=\"\"><i class=\"pvc-stats-icon medium\" aria-hidden=\"true\"><svg aria-hidden=\"true\" focusable=\"false\" data-prefix=\"far\" data-icon=\"chart-bar\" role=\"img\" xmlns=\"http:\/\/www.w3.org\/2000\/svg\" viewBox=\"0 0 512 512\" class=\"svg-inline--fa fa-chart-bar fa-w-16 fa-2x\"><path fill=\"currentColor\" d=\"M396.8 352h22.4c6.4 0 12.8-6.4 12.8-12.8V108.8c0-6.4-6.4-12.8-12.8-12.8h-22.4c-6.4 0-12.8 6.4-12.8 12.8v230.4c0 6.4 6.4 12.8 12.8 12.8zm-192 0h22.4c6.4 0 12.8-6.4 12.8-12.8V140.8c0-6.4-6.4-12.8-12.8-12.8h-22.4c-6.4 0-12.8 6.4-12.8 12.8v198.4c0 6.4 6.4 12.8 12.8 12.8zm96 0h22.4c6.4 0 12.8-6.4 12.8-12.8V204.8c0-6.4-6.4-12.8-12.8-12.8h-22.4c-6.4 0-12.8 6.4-12.8 12.8v134.4c0 6.4 6.4 12.8 12.8 12.8zM496 400H48V80c0-8.84-7.16-16-16-16H16C7.16 64 0 71.16 0 80v336c0 17.67 14.33 32 32 32h464c8.84 0 16-7.16 16-16v-16c0-8.84-7.16-16-16-16zm-387.2-48h22.4c6.4 0 12.8-6.4 12.8-12.8v-70.4c0-6.4-6.4-12.8-12.8-12.8h-22.4c-6.4 0-12.8 6.4-12.8 12.8v70.4c0 6.4 6.4 12.8 12.8 12.8z\" class=\"\"><\/path><\/svg><\/i> <img loading=\"lazy\" decoding=\"async\" width=\"16\" height=\"16\" alt=\"Loading\" src=\"https:\/\/besi.hu\/wp-content\/plugins\/page-views-count\/ajax-loader-2x.gif\" border=0 \/><\/p><div class=\"pvc_clear\"><\/div>","protected":false},"excerpt":{"rendered":"<p>Iskol\u00e1nk sz\u00e1mos p\u00e1ly\u00e1zaton m\u00e9rette m\u00e1r meg mag\u00e1t az elm\u00falt \u00e9vtizedek sor\u00e1n. V\u00e1rosi, t\u00e9rs\u00e9gi, megyei \u00e9s orsz\u00e1gos szinten is meghat\u00e1roz\u00f3v\u00e1 v\u00e1lt munk\u00e1nk. A soksz\u00edn\u0171, kreat\u00edv tehets\u00e9ggondoz\u00e1s, a partneri kapcsolataink, felszerelts\u00e9g\u00fcnk alapj\u00e1n 2016-ban \u00fagy d\u00f6nt\u00f6tt\u00fcnk, hogy megp\u00e1ly\u00e1zzuk a Min\u0151s\u00edtett Tehets\u00e9ggondoz\u00f3 M\u0171hely c\u00edmet. Mindig is szerett\u00fck a kih\u00edv\u00e1sokat. Az \u00daj Nemzed\u00e9k K\u00f6zpont \u00e1ltal&#8230;<\/p>\n<div class=\"pvc_clear\"><\/div>\n<p id=\"pvc_stats_1685\" class=\"pvc_stats all  \" data-element-id=\"1685\" style=\"\"><i class=\"pvc-stats-icon medium\" aria-hidden=\"true\"><svg aria-hidden=\"true\" focusable=\"false\" data-prefix=\"far\" data-icon=\"chart-bar\" role=\"img\" xmlns=\"http:\/\/www.w3.org\/2000\/svg\" viewBox=\"0 0 512 512\" class=\"svg-inline--fa fa-chart-bar fa-w-16 fa-2x\"><path fill=\"currentColor\" d=\"M396.8 352h22.4c6.4 0 12.8-6.4 12.8-12.8V108.8c0-6.4-6.4-12.8-12.8-12.8h-22.4c-6.4 0-12.8 6.4-12.8 12.8v230.4c0 6.4 6.4 12.8 12.8 12.8zm-192 0h22.4c6.4 0 12.8-6.4 12.8-12.8V140.8c0-6.4-6.4-12.8-12.8-12.8h-22.4c-6.4 0-12.8 6.4-12.8 12.8v198.4c0 6.4 6.4 12.8 12.8 12.8zm96 0h22.4c6.4 0 12.8-6.4 12.8-12.8V204.8c0-6.4-6.4-12.8-12.8-12.8h-22.4c-6.4 0-12.8 6.4-12.8 12.8v134.4c0 6.4 6.4 12.8 12.8 12.8zM496 400H48V80c0-8.84-7.16-16-16-16H16C7.16 64 0 71.16 0 80v336c0 17.67 14.33 32 32 32h464c8.84 0 16-7.16 16-16v-16c0-8.84-7.16-16-16-16zm-387.2-48h22.4c6.4 0 12.8-6.4 12.8-12.8v-70.4c0-6.4-6.4-12.8-12.8-12.8h-22.4c-6.4 0-12.8 6.4-12.8 12.8v70.4c0 6.4 6.4 12.8 12.8 12.8z\" class=\"\"><\/path><\/svg><\/i> <img loading=\"lazy\" decoding=\"async\" width=\"16\" height=\"16\" alt=\"Loading\" src=\"https:\/\/besi.hu\/wp-content\/plugins\/page-views-count\/ajax-loader-2x.gif\" border=0 \/><\/p>\n<div class=\"pvc_clear\"><\/div>\n","protected":false},"author":2,"featured_media":0,"parent":0,"menu_order":0,"comment_status":"closed","ping_status":"closed","template":"","meta":{"footnotes":""},"class_list":["post-1685","page","type-page","status-publish","hentry"],"aioseo_notices":[],"a3_pvc":{"activated":true,"total_views":522,"today_views":0},"_links":{"self":[{"href":"https:\/\/besi.hu\/index.php?rest_route=\/wp\/v2\/pages\/1685","targetHints":{"allow":["GET"]}}],"collection":[{"href":"https:\/\/besi.hu\/index.php?rest_route=\/wp\/v2\/pages"}],"about":[{"href":"https:\/\/besi.hu\/index.php?rest_route=\/wp\/v2\/types\/page"}],"author":[{"embeddable":true,"href":"https:\/\/besi.hu\/index.php?rest_route=\/wp\/v2\/users\/2"}],"replies":[{"embeddable":true,"href":"https:\/\/besi.hu\/index.php?rest_route=%2Fwp%2Fv2%2Fcomments&post=1685"}],"version-history":[{"count":4,"href":"https:\/\/besi.hu\/index.php?rest_route=\/wp\/v2\/pages\/1685\/revisions"}],"predecessor-version":[{"id":1974,"href":"https:\/\/besi.hu\/index.php?rest_route=\/wp\/v2\/pages\/1685\/revisions\/1974"}],"wp:attachment":[{"href":"https:\/\/besi.hu\/index.php?rest_route=%2Fwp%2Fv2%2Fmedia&parent=1685"}],"curies":[{"name":"wp","href":"https:\/\/api.w.org\/{rel}","templated":true}]}}