{"id":1696,"date":"2021-09-07T21:53:28","date_gmt":"2021-09-07T19:53:28","guid":{"rendered":"https:\/\/besi.hu\/?page_id=1696"},"modified":"2021-10-20T19:11:44","modified_gmt":"2021-10-20T17:11:44","slug":"e-tweening","status":"publish","type":"page","link":"https:\/\/besi.hu\/?page_id=1696","title":{"rendered":"Einstein \u00e9s az eTwinning\u00a0\u00a0"},"content":{"rendered":"<p style=\"text-align: right;\"><i><span style=\"font-weight: 400;\">\u201cA tanul\u00e1s \u00e9lm\u00e9ny. Minden m\u00e1s csak inform\u00e1ci\u00f3.\u201d<\/span><\/i><span style=\"font-weight: 400;\">\u00a0(Albert Einstein)<\/span><span style=\"font-weight: 400;\">\u00a0 \u00a0 \u00a0 \u00a0 \u00a0 \u00a0 \u00a0 \u00a0\u00a0<\/span><\/p>\n<p><strong>Az inform\u00e1ci\u00f3:<\/strong><span style=\"font-weight: 400;\"> iskol\u00e1nk <\/span><span style=\"font-weight: 400;\">eur\u00f3pai szint\u0171 <\/span><span style=\"font-weight: 400;\">elismer\u00e9se &#8211; eTwinning school\u00a0\u00a0\u00a0\u00a0\u00a0\u00a0\u00a0\u00a0\u00a0\u00a0\u00a0\u00a0\u00a0\u00a0\u00a0\u00a0\u00a0\u00a0\u00a0\u00a0\u00a0\u00a0\u00a0\u00a0\u00a0\u00a0\u00a0\u00a0\u00a0\u00a0\u00a0\u00a0\u00a0\u00a0\u00a0\u00a0\u00a0\u00a0\u00a0\u00a0\u00a0\u00a0\u00a0\u00a0\u00a0\u00a0\u00a0\u00a0\u00a0\u00a0\u00a0\u00a0\u00a0\u00a0\u00a0\u00a0\u00a0\u00a0\u00a0\u00a0\u00a0\u00a0\u00a0\u00a0\u00a0\u00a0\u00a0\u00a0\u00a0\u00a0\u00a0\u00a0\u00a0\u00a0\u00a0\u00a0\u00a0\u00a0\u00a0\u00a0\u00a0\u00a0\u00a0\u00a0<\/span><\/p>\n<p><span style=\"font-weight: 400;\">Az id\u00e9n m\u00e1sodszor ismerte el Br\u00fcsszel a program ir\u00e1nti elk\u00f6telezetts\u00e9g\u00fcnket \u00e9s az iskol\u00e1nkban v\u00e9gzett projektmunk\u00e1t. Az elismer\u00e9s megszerz\u00e9s\u00e9hez egy angol nyelv\u0171 p\u00e1ly\u00e1zatot kell beny\u00fajtanunk \u00e9s egy \u00f6sszetett felt\u00e9telrendszernek megfeleln\u00fcnk. A c\u00edm elnyer\u00e9se azt is jelenti, hogy iskol\u00e1nk \u201ekit\u00fcntetett eur\u00f3pai szint\u0171\u201d vezet\u0151, mely p\u00e9ld\u00e1ul szolg\u00e1lhat a helyi k\u00f6z\u00f6ss\u00e9gekben, ugyanakkor folyamatosan keresi a lehet\u0151s\u00e9get a tov\u00e1bbi fejl\u0151d\u00e9sre is.<\/span><\/p>\n<p><strong>\u00c9lm\u00e9ny<\/strong> <span style=\"font-weight: 400;\">&#8211; a pedag\u00f3gusnak<\/span><\/p>\n<p><span style=\"font-weight: 400;\">Az eTwinning \u00faj dimenzi\u00f3kat nyitott meg sz\u00e1munkra. Olyan tanul\u00e1st-tan\u00edt\u00e1st t\u00e1mogat\u00f3 IKT eszk\u00f6z\u00f6ket alkalmaz a projektalap\u00fa oktat\u00e1s sor\u00e1n, melyek folyamatos fejl\u0151d\u00e9sre \u00f6szt\u00f6nzik a r\u00e9sztvev\u0151ket, minden k\u00f6z\u00f6s feladat, minden projekt egy \u00faj kih\u00edv\u00e1s. T\u00e1j\u00e9koz\u00f3dunk, megtanuljuk haszn\u00e1latukat, majd alkalmazzuk a mindennapokban, ahogyan ez jellemzi a tanul\u00e1si folyamatot is. A hagyom\u00e1nyos tan\u00edt\u00e1si form\u00e1k hat\u00e1rai elmos\u00f3dnak, az egy\u00fcttm\u0171k\u00f6d\u00e9s sor\u00e1n megval\u00f3s\u00edtott feladatok di\u00e1kk\u00f6zpont\u00faak, kollaborat\u00edvak \u00e9s kulcskompetenci\u00e1k fejleszt\u00e9s\u00e9re alkalmasak A mindennapos iskolai \u00e9s iskol\u00e1n k\u00edv\u00fcli kommunik\u00e1ci\u00f3 k\u00f6zvetlenebb\u00e9 teszi a tan\u00e1r-di\u00e1k \u00e9s koll\u00e9g\u00e1k k\u00f6z\u00f6tti kapcsolatot.<\/span><\/p>\n<p><span style=\"font-weight: 400;\">A tantest\u00fcletben t\u00f6bb munkak\u00f6z\u00f6ss\u00e9ggel egy\u00fcttm\u0171k\u00f6d\u00fcnk a projektmunka sor\u00e1n, amely lehet\u0151s\u00e9get ad munka- \u00e9s bar\u00e1ti kapcsolataink er\u0151s\u00edt\u00e9s\u00e9re. K\u00f6z\u00f6s rendezv\u00e9nyeink, nemzetk\u00f6zi tal\u00e1lkoz\u00f3k, hazai k\u00e9pz\u00e9sek sz\u00ednes\u00edtik szakmai munk\u00e1nkat. Nyelvszakos koll\u00e9g\u00e1im t\u00f6bbs\u00e9ge tagja az Eur\u00f3pai iskol\u00e1k h\u00e1l\u00f3zat\u00e1nak \u00e9s tan\u00e1ri k\u00f6z\u00f6ss\u00e9g\u00e9nek, ezzel is lehet\u0151s\u00e9get teremtve, hogy di\u00e1kjaink a c\u00e9lnyelvet autentikus, val\u00f3s szitu\u00e1ci\u00f3kban alkalmazz\u00e1k. A hazai \u00e9s nemzetk\u00f6zi elismer\u00e9s \u00f6szt\u00f6nz\u0151en hat iskol\u00e1nkra, a min\u0151s\u00e9gi oktat\u00e1s e form\u00e1ja be\u00e9p\u00fclt az iskola pedag\u00f3giai gyakorlat\u00e1ba. Webin\u00e1riumok, hazai \u00e9s k\u00fclf\u00f6ldi tov\u00e1bbk\u00e9pz\u00e9sek sz\u00ednes\u00edtik az \u00e9lm\u00e9nyeket<\/span><span style=\"font-weight: 400;\">: eTwinning \u00e9ves konferencia M\u00e1lt\u00e1n, Litv\u00e1ni\u00e1ban \u00e9s Rodoszon. Tagjai vagyunk a Teaching with Europeana tan\u00e1ri csoportnak.\u00a0<\/span><\/p>\n<p><strong>\u00c9lm\u00e9ny<\/strong><b>&#8211;<\/b><span style=\"font-weight: 400;\"> a di\u00e1knak<\/span><\/p>\n<p><span style=\"font-weight: 400;\">Az \u00e9lm\u00e9nyalap\u00fa tanul\u00e1s, a soksz\u00edn\u0171 \u00e9s v\u00e1ltozatos munkaform\u00e1kat alkalmaz\u00f3 \u00f3rai tev\u00e9kenys\u00e9gek \u00e9s online besz\u00e9lget\u00e9sek a k\u00fcl\u00f6nb\u00f6z\u0151 nemzetek di\u00e1kjaival, a projektfolyamat tervez\u00e9se, kivitelez\u00e9se \u00e9s dokument\u00e1l\u00e1sa lehet\u0151v\u00e9 teszi az \u00e9lethez sz\u00fcks\u00e9ges kompetenci\u00e1k fejleszt\u00e9s\u00e9t is, gyakorlatiass\u00e1gra tan\u00edt. K\u00fcl\u00f6n\u00f6sen, ha a virtu\u00e1lis egy\u00fcttm\u0171k\u00f6d\u00e9s val\u00f3s tal\u00e1lkoz\u00e1ssal eg\u00e9sz\u00fcl ki. Legeml\u00e9kezetesebb \u00e9lm\u00e9nyeink egyike egy szic\u00edliai utaz\u00e1s \u00e9s a 10. a oszt\u00e1ly csapat\u00e1nak gy\u0151zelme az eTwinning versenyen. Az els\u0151 helyez\u00e9ssel (kiv\u00e9telesen) csak az \u00f6r\u00f6m rep\u00edtett magasba minket, azonban a Liszt Ferenc Nemzetk\u00f6zi Rep\u00fcl\u0151t\u00e9ren tett jutaloml\u00e1togat\u00e1sunk \u00e9lm\u00e9nye mindannyiunk sz\u00e1m\u00e1ra feledhetetlen.\u00a0<\/span><\/p>\n<p><span style=\"font-weight: 400;\">Di\u00e1kjaink soraival z\u00e1rom cikkemet: \u201e<\/span><span style=\"font-weight: 400;\">K\u00f6sz\u00f6nj\u00fck, hogy \u00e9letre sz\u00f3l\u00f3 \u00e9lm\u00e9nyekkel, ismeretekkel \u00e9s bar\u00e1tokkal gazdagodhattunk Szic\u00edli\u00e1ban \u00e9s R\u00f3m\u00e1ban. K\u00f6sz\u00f6nj\u00fck a sok \u00faj ismeretet \u00e9s a boldog pillanatokat, a rengeteg nevet\u00e9st, a rep\u00fcl\u00e9s \u00e9lm\u00e9ny\u00e9t, az olasz kult\u00fara megismer\u00e9s\u00e9t. K\u00f6sz\u00f6nj\u00fck, eTwinning!\u201d<\/span><\/p>\n\n\n<div class=\"wp-block-image\"><figure class=\"aligncenter size-large\"><img loading=\"lazy\" decoding=\"async\" width=\"512\" height=\"512\" src=\"https:\/\/besi.hu\/wp-content\/uploads\/2021\/10\/unnamed-2.jpg\" alt=\"\" class=\"wp-image-1979\" srcset=\"https:\/\/besi.hu\/wp-content\/uploads\/2021\/10\/unnamed-2.jpg 512w, https:\/\/besi.hu\/wp-content\/uploads\/2021\/10\/unnamed-2-300x300.jpg 300w, https:\/\/besi.hu\/wp-content\/uploads\/2021\/10\/unnamed-2-150x150.jpg 150w, https:\/\/besi.hu\/wp-content\/uploads\/2021\/10\/unnamed-2-200x200.jpg 200w\" sizes=\"auto, (max-width: 512px) 100vw, 512px\" \/><figcaption>\u00c9lm\u00e9nyeink k\u00e9pekben<\/figcaption><\/figure><\/div>\n<div class=\"pvc_clear\"><\/div><p id=\"pvc_stats_1696\" class=\"pvc_stats all  \" data-element-id=\"1696\" style=\"\"><i class=\"pvc-stats-icon medium\" aria-hidden=\"true\"><svg aria-hidden=\"true\" focusable=\"false\" data-prefix=\"far\" data-icon=\"chart-bar\" role=\"img\" xmlns=\"http:\/\/www.w3.org\/2000\/svg\" viewBox=\"0 0 512 512\" class=\"svg-inline--fa fa-chart-bar fa-w-16 fa-2x\"><path fill=\"currentColor\" d=\"M396.8 352h22.4c6.4 0 12.8-6.4 12.8-12.8V108.8c0-6.4-6.4-12.8-12.8-12.8h-22.4c-6.4 0-12.8 6.4-12.8 12.8v230.4c0 6.4 6.4 12.8 12.8 12.8zm-192 0h22.4c6.4 0 12.8-6.4 12.8-12.8V140.8c0-6.4-6.4-12.8-12.8-12.8h-22.4c-6.4 0-12.8 6.4-12.8 12.8v198.4c0 6.4 6.4 12.8 12.8 12.8zm96 0h22.4c6.4 0 12.8-6.4 12.8-12.8V204.8c0-6.4-6.4-12.8-12.8-12.8h-22.4c-6.4 0-12.8 6.4-12.8 12.8v134.4c0 6.4 6.4 12.8 12.8 12.8zM496 400H48V80c0-8.84-7.16-16-16-16H16C7.16 64 0 71.16 0 80v336c0 17.67 14.33 32 32 32h464c8.84 0 16-7.16 16-16v-16c0-8.84-7.16-16-16-16zm-387.2-48h22.4c6.4 0 12.8-6.4 12.8-12.8v-70.4c0-6.4-6.4-12.8-12.8-12.8h-22.4c-6.4 0-12.8 6.4-12.8 12.8v70.4c0 6.4 6.4 12.8 12.8 12.8z\" class=\"\"><\/path><\/svg><\/i> <img loading=\"lazy\" decoding=\"async\" width=\"16\" height=\"16\" alt=\"Loading\" src=\"https:\/\/besi.hu\/wp-content\/plugins\/page-views-count\/ajax-loader-2x.gif\" border=0 \/><\/p><div class=\"pvc_clear\"><\/div>","protected":false},"excerpt":{"rendered":"<p>\u201cA tanul\u00e1s \u00e9lm\u00e9ny. Minden m\u00e1s csak inform\u00e1ci\u00f3.\u201d\u00a0(Albert Einstein)\u00a0 \u00a0 \u00a0 \u00a0 \u00a0 \u00a0 \u00a0 \u00a0\u00a0 Az inform\u00e1ci\u00f3: iskol\u00e1nk eur\u00f3pai szint\u0171 elismer\u00e9se &#8211; eTwinning school\u00a0\u00a0\u00a0\u00a0\u00a0\u00a0\u00a0\u00a0\u00a0\u00a0\u00a0\u00a0\u00a0\u00a0\u00a0\u00a0\u00a0\u00a0\u00a0\u00a0\u00a0\u00a0\u00a0\u00a0\u00a0\u00a0\u00a0\u00a0\u00a0\u00a0\u00a0\u00a0\u00a0\u00a0\u00a0\u00a0\u00a0\u00a0\u00a0\u00a0\u00a0\u00a0\u00a0\u00a0\u00a0\u00a0\u00a0\u00a0\u00a0\u00a0\u00a0\u00a0\u00a0\u00a0\u00a0\u00a0\u00a0\u00a0\u00a0\u00a0\u00a0\u00a0\u00a0\u00a0\u00a0\u00a0\u00a0\u00a0\u00a0\u00a0\u00a0\u00a0\u00a0\u00a0\u00a0\u00a0\u00a0\u00a0\u00a0\u00a0\u00a0\u00a0\u00a0\u00a0 Az id\u00e9n m\u00e1sodszor ismerte el Br\u00fcsszel a program ir\u00e1nti elk\u00f6telezetts\u00e9g\u00fcnket \u00e9s az iskol\u00e1nkban v\u00e9gzett projektmunk\u00e1t. Az elismer\u00e9s megszerz\u00e9s\u00e9hez egy angol nyelv\u0171 p\u00e1ly\u00e1zatot kell beny\u00fajtanunk \u00e9s egy&#8230;<\/p>\n<div class=\"pvc_clear\"><\/div>\n<p id=\"pvc_stats_1696\" class=\"pvc_stats all  \" data-element-id=\"1696\" style=\"\"><i class=\"pvc-stats-icon medium\" aria-hidden=\"true\"><svg aria-hidden=\"true\" focusable=\"false\" data-prefix=\"far\" data-icon=\"chart-bar\" role=\"img\" xmlns=\"http:\/\/www.w3.org\/2000\/svg\" viewBox=\"0 0 512 512\" class=\"svg-inline--fa fa-chart-bar fa-w-16 fa-2x\"><path fill=\"currentColor\" d=\"M396.8 352h22.4c6.4 0 12.8-6.4 12.8-12.8V108.8c0-6.4-6.4-12.8-12.8-12.8h-22.4c-6.4 0-12.8 6.4-12.8 12.8v230.4c0 6.4 6.4 12.8 12.8 12.8zm-192 0h22.4c6.4 0 12.8-6.4 12.8-12.8V140.8c0-6.4-6.4-12.8-12.8-12.8h-22.4c-6.4 0-12.8 6.4-12.8 12.8v198.4c0 6.4 6.4 12.8 12.8 12.8zm96 0h22.4c6.4 0 12.8-6.4 12.8-12.8V204.8c0-6.4-6.4-12.8-12.8-12.8h-22.4c-6.4 0-12.8 6.4-12.8 12.8v134.4c0 6.4 6.4 12.8 12.8 12.8zM496 400H48V80c0-8.84-7.16-16-16-16H16C7.16 64 0 71.16 0 80v336c0 17.67 14.33 32 32 32h464c8.84 0 16-7.16 16-16v-16c0-8.84-7.16-16-16-16zm-387.2-48h22.4c6.4 0 12.8-6.4 12.8-12.8v-70.4c0-6.4-6.4-12.8-12.8-12.8h-22.4c-6.4 0-12.8 6.4-12.8 12.8v70.4c0 6.4 6.4 12.8 12.8 12.8z\" class=\"\"><\/path><\/svg><\/i> <img loading=\"lazy\" decoding=\"async\" width=\"16\" height=\"16\" alt=\"Loading\" src=\"https:\/\/besi.hu\/wp-content\/plugins\/page-views-count\/ajax-loader-2x.gif\" border=0 \/><\/p>\n<div class=\"pvc_clear\"><\/div>\n","protected":false},"author":2,"featured_media":0,"parent":0,"menu_order":0,"comment_status":"closed","ping_status":"closed","template":"","meta":{"footnotes":""},"class_list":["post-1696","page","type-page","status-publish","hentry"],"aioseo_notices":[],"a3_pvc":{"activated":true,"total_views":391,"today_views":0},"_links":{"self":[{"href":"https:\/\/besi.hu\/index.php?rest_route=\/wp\/v2\/pages\/1696","targetHints":{"allow":["GET"]}}],"collection":[{"href":"https:\/\/besi.hu\/index.php?rest_route=\/wp\/v2\/pages"}],"about":[{"href":"https:\/\/besi.hu\/index.php?rest_route=\/wp\/v2\/types\/page"}],"author":[{"embeddable":true,"href":"https:\/\/besi.hu\/index.php?rest_route=\/wp\/v2\/users\/2"}],"replies":[{"embeddable":true,"href":"https:\/\/besi.hu\/index.php?rest_route=%2Fwp%2Fv2%2Fcomments&post=1696"}],"version-history":[{"count":6,"href":"https:\/\/besi.hu\/index.php?rest_route=\/wp\/v2\/pages\/1696\/revisions"}],"predecessor-version":[{"id":1985,"href":"https:\/\/besi.hu\/index.php?rest_route=\/wp\/v2\/pages\/1696\/revisions\/1985"}],"wp:attachment":[{"href":"https:\/\/besi.hu\/index.php?rest_route=%2Fwp%2Fv2%2Fmedia&parent=1696"}],"curies":[{"name":"wp","href":"https:\/\/api.w.org\/{rel}","templated":true}]}}