{"id":1702,"date":"2021-09-07T21:56:23","date_gmt":"2021-09-07T19:56:23","guid":{"rendered":"https:\/\/besi.hu\/?page_id=1702"},"modified":"2021-10-20T19:29:48","modified_gmt":"2021-10-20T17:29:48","slug":"amerikai-lektor-a-besiben-we-like-hungary","status":"publish","type":"page","link":"https:\/\/besi.hu\/?page_id=1702","title":{"rendered":"Amerikai lektor a Besiben &#8211; We like Hungary"},"content":{"rendered":"\n<div class=\"wp-block-buttons is-layout-flex wp-block-buttons-is-layout-flex\">\n<div class=\"wp-block-button is-style-fill\"><a class=\"wp-block-button__link\" href=\"https:\/\/besi.hu\/?page_id=1997\">Ford\u00edt\u00e1s megtekint\u00e9se<\/a><\/div>\n<\/div>\n\n\n<p><span style=\"font-weight: 400;\">Dr. Patty and I have been teaching in different countries for over twenty years now. We agree that the last three years teaching in Kisv\u00e1rda has been our best work experience outside the U.S.<\/span><\/p>\n<p><span style=\"font-weight: 400;\">We have stories about each new assignment having different &#8216;jokers in the deck&#8217;. There has always been something that we did not plan on, and that we did not know about until we were already in the new place.<\/span><\/p>\n<p><span style=\"font-weight: 400;\">In almost every other place, we have not been able to find our favorite foods. Here in Kisv\u00e1rda, the local foods are excellent and delicious. We have also been able to find our favorite foods, or something very close. When they have not been available locally, we have been able to find them in Ny\u00edregyh\u00e1za or Debrecen.<\/span><\/p>\n<p><span style=\"font-weight: 400;\">Here in Kisv\u00e1rda, the power hardly ever goes out, and when it does it comes back on very soon. In one place we taught, the electrical power would go out for several hours each day, and never at the same time. All the electrical equipment in the classrooms had to have surge protectors and backup batteries, and we still lost half the equipment to electrical damage each year.&nbsp;<\/span><\/p>\n<p><span style=\"font-weight: 400;\">Another place, a person who was not officially at the school, but who was politically very powerful, changed our teaching assignments after we were already in country. I was forbidden from teaching the classes I had contracted for, and had to teach other classes instead. Here in Kisv\u00e1rda, we are teaching classes according to our negotiated contracts, and no one has tried to change that.<\/span><\/p>\n<p><span style=\"font-weight: 400;\">Sometimes the joker was a good thing, but still funny for us. Once we worked in a country that had very strong cultural values about hospitality. We did not know better, and during a break in the schedule we walked down the block and bought bottles of water for ourselves, spending the equivalent of one or two hundred forint. When we got back, our hostess was nearly fired on the spot for not providing the water for us. Fortunately, we were able to explain on her behalf, and nothing bad happened to her. Here in Kisv\u00e1rda, people have been helpful and hospitable, but we are allowed to do things for ourselves, too.<\/span><\/p>\n<p><span style=\"font-weight: 400;\">Sometimes the jokers were serious, and caused problems that were never solved for us. Some countries had strict licenses for telephones and internet service, and those delays and problems meant we were cut off from communication with our families. Some countries have bureaucracies that exist to provide jobs for politically connected people, not to provide efficient services. It proved close to impossible to get anything done in those places. It also turned out to be dangerous to stay in those countries, because no one enforced the laws to protect people, unless those people were politically connected. Here in Kisv\u00e1rda, our experience has been that the government workers actually do their jobs, and most of the rules make some kind of sense. We feel very safe here, and trust that the laws and rules are enforced fairly.<\/span><\/p>\n<p><span style=\"font-weight: 400;\">Here in Kisv\u00e1rda, almost all our students are hardworking and serious about school. In other places, some of our students were from politically powerful families or were themselves princes or princesses. More than once, these students tried to get one of us fired or executed. We are very happy that Hungarian students are not like that!<\/span><\/p><div class=\"pvc_clear\"><\/div><p id=\"pvc_stats_1702\" class=\"pvc_stats all  \" data-element-id=\"1702\" style=\"\"><i class=\"pvc-stats-icon medium\" aria-hidden=\"true\"><svg aria-hidden=\"true\" focusable=\"false\" data-prefix=\"far\" data-icon=\"chart-bar\" role=\"img\" xmlns=\"http:\/\/www.w3.org\/2000\/svg\" viewBox=\"0 0 512 512\" class=\"svg-inline--fa fa-chart-bar fa-w-16 fa-2x\"><path fill=\"currentColor\" d=\"M396.8 352h22.4c6.4 0 12.8-6.4 12.8-12.8V108.8c0-6.4-6.4-12.8-12.8-12.8h-22.4c-6.4 0-12.8 6.4-12.8 12.8v230.4c0 6.4 6.4 12.8 12.8 12.8zm-192 0h22.4c6.4 0 12.8-6.4 12.8-12.8V140.8c0-6.4-6.4-12.8-12.8-12.8h-22.4c-6.4 0-12.8 6.4-12.8 12.8v198.4c0 6.4 6.4 12.8 12.8 12.8zm96 0h22.4c6.4 0 12.8-6.4 12.8-12.8V204.8c0-6.4-6.4-12.8-12.8-12.8h-22.4c-6.4 0-12.8 6.4-12.8 12.8v134.4c0 6.4 6.4 12.8 12.8 12.8zM496 400H48V80c0-8.84-7.16-16-16-16H16C7.16 64 0 71.16 0 80v336c0 17.67 14.33 32 32 32h464c8.84 0 16-7.16 16-16v-16c0-8.84-7.16-16-16-16zm-387.2-48h22.4c6.4 0 12.8-6.4 12.8-12.8v-70.4c0-6.4-6.4-12.8-12.8-12.8h-22.4c-6.4 0-12.8 6.4-12.8 12.8v70.4c0 6.4 6.4 12.8 12.8 12.8z\" class=\"\"><\/path><\/svg><\/i> <img loading=\"lazy\" decoding=\"async\" width=\"16\" height=\"16\" alt=\"Loading\" src=\"https:\/\/besi.hu\/wp-content\/plugins\/page-views-count\/ajax-loader-2x.gif\" border=0 \/><\/p><div class=\"pvc_clear\"><\/div>","protected":false},"excerpt":{"rendered":"<p>Dr. Patty and I have been teaching in different countries for over twenty years now. We agree that the last three years teaching in Kisv\u00e1rda has been our best work experience outside the U.S. We have stories about each new assignment having different &#8216;jokers in the deck&#8217;. There has always&#8230;<\/p>\n<div class=\"pvc_clear\"><\/div>\n<p id=\"pvc_stats_1702\" class=\"pvc_stats all  \" data-element-id=\"1702\" style=\"\"><i class=\"pvc-stats-icon medium\" aria-hidden=\"true\"><svg aria-hidden=\"true\" focusable=\"false\" data-prefix=\"far\" data-icon=\"chart-bar\" role=\"img\" xmlns=\"http:\/\/www.w3.org\/2000\/svg\" viewBox=\"0 0 512 512\" class=\"svg-inline--fa fa-chart-bar fa-w-16 fa-2x\"><path fill=\"currentColor\" d=\"M396.8 352h22.4c6.4 0 12.8-6.4 12.8-12.8V108.8c0-6.4-6.4-12.8-12.8-12.8h-22.4c-6.4 0-12.8 6.4-12.8 12.8v230.4c0 6.4 6.4 12.8 12.8 12.8zm-192 0h22.4c6.4 0 12.8-6.4 12.8-12.8V140.8c0-6.4-6.4-12.8-12.8-12.8h-22.4c-6.4 0-12.8 6.4-12.8 12.8v198.4c0 6.4 6.4 12.8 12.8 12.8zm96 0h22.4c6.4 0 12.8-6.4 12.8-12.8V204.8c0-6.4-6.4-12.8-12.8-12.8h-22.4c-6.4 0-12.8 6.4-12.8 12.8v134.4c0 6.4 6.4 12.8 12.8 12.8zM496 400H48V80c0-8.84-7.16-16-16-16H16C7.16 64 0 71.16 0 80v336c0 17.67 14.33 32 32 32h464c8.84 0 16-7.16 16-16v-16c0-8.84-7.16-16-16-16zm-387.2-48h22.4c6.4 0 12.8-6.4 12.8-12.8v-70.4c0-6.4-6.4-12.8-12.8-12.8h-22.4c-6.4 0-12.8 6.4-12.8 12.8v70.4c0 6.4 6.4 12.8 12.8 12.8z\" class=\"\"><\/path><\/svg><\/i> <img loading=\"lazy\" decoding=\"async\" width=\"16\" height=\"16\" alt=\"Loading\" src=\"https:\/\/besi.hu\/wp-content\/plugins\/page-views-count\/ajax-loader-2x.gif\" border=0 \/><\/p>\n<div class=\"pvc_clear\"><\/div>\n","protected":false},"author":2,"featured_media":0,"parent":0,"menu_order":0,"comment_status":"closed","ping_status":"closed","template":"","meta":{"footnotes":""},"class_list":["post-1702","page","type-page","status-publish","hentry"],"aioseo_notices":[],"a3_pvc":{"activated":true,"total_views":510,"today_views":0},"_links":{"self":[{"href":"https:\/\/besi.hu\/index.php?rest_route=\/wp\/v2\/pages\/1702","targetHints":{"allow":["GET"]}}],"collection":[{"href":"https:\/\/besi.hu\/index.php?rest_route=\/wp\/v2\/pages"}],"about":[{"href":"https:\/\/besi.hu\/index.php?rest_route=\/wp\/v2\/types\/page"}],"author":[{"embeddable":true,"href":"https:\/\/besi.hu\/index.php?rest_route=\/wp\/v2\/users\/2"}],"replies":[{"embeddable":true,"href":"https:\/\/besi.hu\/index.php?rest_route=%2Fwp%2Fv2%2Fcomments&post=1702"}],"version-history":[{"count":3,"href":"https:\/\/besi.hu\/index.php?rest_route=\/wp\/v2\/pages\/1702\/revisions"}],"predecessor-version":[{"id":2000,"href":"https:\/\/besi.hu\/index.php?rest_route=\/wp\/v2\/pages\/1702\/revisions\/2000"}],"wp:attachment":[{"href":"https:\/\/besi.hu\/index.php?rest_route=%2Fwp%2Fv2%2Fmedia&parent=1702"}],"curies":[{"name":"wp","href":"https:\/\/api.w.org\/{rel}","templated":true}]}}