{"id":1705,"date":"2021-09-07T21:58:09","date_gmt":"2021-09-07T19:58:09","guid":{"rendered":"https:\/\/besi.hu\/?page_id=1705"},"modified":"2021-10-20T20:03:39","modified_gmt":"2021-10-20T18:03:39","slug":"oveges-labor-a-felfedezes-orome","status":"publish","type":"page","link":"https:\/\/besi.hu\/?page_id=1705","title":{"rendered":"\u00d6veges Labor \u2013 a felfedez\u00e9s \u00f6r\u00f6me"},"content":{"rendered":"<p style=\"text-align: right;\"><i><span style=\"font-weight: 400;\">Minden\u00fcnket, amink van &#8211; bele\u00e9rtve mag\u00e1t az \u00e9letet is &#8211; a tudom\u00e1nynak, a kutat\u00e1snak k\u00f6sz\u00f6nhetj\u00fck. Ha egyszerre mindent elveszten\u00e9nk, amit a kutat\u00e1s adott nek\u00fcnk, a civiliz\u00e1ci\u00f3 \u00f6sszeroppanna, \u00e9s ott \u00e1lln\u00e1nk ism\u00e9t meztelen\u00fcl, barlangok ut\u00e1n kutatva.\u201d<br \/><\/span><\/i><i><span style=\"font-weight: 400;\">(Szent-Gy\u00f6rgyi Albert)<\/span><\/i><\/p>\n<p><span style=\"font-weight: 400;\">Iskol\u00e1nk, a fenn\u00e1ll\u00e1sa \u00f3ta eltelt 110 \u00e9v alatt mindig is nagy hangs\u00falyt fektetett a re\u00e1l t\u00e1rgyak oktat\u00e1s\u00e1ra. Sok\u00e1ig re\u00e1lgimn\u00e1ziumk\u00e9nt m\u0171k\u00f6d\u00f6tt, valamint a hossz\u00fa \u00e9vtizedek sor\u00e1n mindv\u00e9gig kiv\u00e1l\u00f3 \u00e9s kiemelked\u0151 tan\u00e1regy\u00e9nis\u00e9gek oktatt\u00e1k a term\u00e9szettudom\u00e1nyos t\u00e1rgyakat. A kiv\u00e1l\u00f3s\u00e1g j\u00f3 t\u00e1rgyi adotts\u00e1gokkal p\u00e1rosult, \u00edgy az egyes t\u00e1rgyak oktat\u00e1sa magas sz\u00ednvonalon folyhatott. Az ezredfordul\u00f3t k\u00f6vet\u0151en az oktat\u00e1si hangs\u00falyok \u00e1trendez\u0151dtek, megv\u00e1ltozott a tehets\u00e9ggondoz\u00e1s, az \u00e9retts\u00e9gi \u00e9s a versenyeztet\u00e9s rendszere is. Olyan eszk\u00f6z\u00f6k v\u00e1ltak sz\u00fcks\u00e9gess\u00e9, amelyek a kor\u00e1bbi infrastrukt\u00far\u00e1ban nem \u00e1lltak rendelkez\u00e9sre. Emiatt is jelentett nagy lehet\u0151s\u00e9get 2012-ben egy term\u00e9szettudom\u00e1nyos laborat\u00f3rium fel\u00faj\u00edt\u00e1s\u00e1t c\u00e9lz\u00f3 p\u00e1ly\u00e1zat (\u201eA term\u00e9szettudom\u00e1nyos oktat\u00e1s m\u00f3dszertan\u00e1nak \u00e9s eszk\u00f6zrendszer\u00e9nek meg\u00faj\u00edt\u00e1sa a k\u00f6zoktat\u00e1sban\u201d). Az \u00d6veges Program keret\u00e9ben megval\u00f3sult, dr. B\u00e9res J\u00f3zsef Laborat\u00f3rium meg\u00e9p\u00edt\u00e9se 2014 m\u00e1rcius\u00e1ra fejez\u0151d\u00f6tt be. \u0150sszel a di\u00e1kok is birtokukba vehettek a legmodernebb elv\u00e1r\u00e1soknak megfelel\u0151 technik\u00e1val felszerelt \u00faj l\u00e9tes\u00edtm\u00e9nyt, ahol biol\u00f3gia, fizika, f\u00f6ldrajz \u00e9s k\u00e9mia tant\u00e1rgyak oktat\u00e1s\u00e1t szolg\u00e1l\u00f3 eszk\u00f6z\u00f6k \u00e9s berendez\u00e9sek kaptak els\u0151sorban helyet.<\/span><\/p>\n\n\n<figure class=\"wp-block-gallery columns-3 is-cropped wp-block-gallery-1 is-layout-flex wp-block-gallery-is-layout-flex\"><ul class=\"blocks-gallery-grid\"><li class=\"blocks-gallery-item\"><figure><img loading=\"lazy\" decoding=\"async\" width=\"960\" height=\"640\" src=\"https:\/\/besi.hu\/wp-content\/uploads\/2021\/10\/oveges_01.jpg\" alt=\"\" data-id=\"2031\" data-full-url=\"https:\/\/besi.hu\/wp-content\/uploads\/2021\/10\/oveges_01.jpg\" data-link=\"https:\/\/besi.hu\/?attachment_id=2031\" class=\"wp-image-2031\" srcset=\"https:\/\/besi.hu\/wp-content\/uploads\/2021\/10\/oveges_01.jpg 960w, https:\/\/besi.hu\/wp-content\/uploads\/2021\/10\/oveges_01-300x200.jpg 300w, https:\/\/besi.hu\/wp-content\/uploads\/2021\/10\/oveges_01-768x512.jpg 768w\" sizes=\"auto, (max-width: 960px) 100vw, 960px\" \/><figcaption class=\"blocks-gallery-item__caption\">A laborat\u00f3rium bels\u0151 tere <\/figcaption><\/figure><\/li><li class=\"blocks-gallery-item\"><figure><img loading=\"lazy\" decoding=\"async\" width=\"1024\" height=\"683\" src=\"https:\/\/besi.hu\/wp-content\/uploads\/2021\/10\/oveges_02-1024x683.jpg\" alt=\"\" data-id=\"2030\" data-full-url=\"https:\/\/besi.hu\/wp-content\/uploads\/2021\/10\/oveges_02.jpg\" data-link=\"https:\/\/besi.hu\/?attachment_id=2030\" class=\"wp-image-2030\" srcset=\"https:\/\/besi.hu\/wp-content\/uploads\/2021\/10\/oveges_02-1024x683.jpg 1024w, https:\/\/besi.hu\/wp-content\/uploads\/2021\/10\/oveges_02-300x200.jpg 300w, https:\/\/besi.hu\/wp-content\/uploads\/2021\/10\/oveges_02-768x512.jpg 768w, https:\/\/besi.hu\/wp-content\/uploads\/2021\/10\/oveges_02.jpg 1536w\" sizes=\"auto, (max-width: 1024px) 100vw, 1024px\" \/><figcaption class=\"blocks-gallery-item__caption\">A laborat\u00f3riumban dolgoz\u00f3 di\u00e1kok k\u00e9mia\u00f3r\u00e1n <\/figcaption><\/figure><\/li><li class=\"blocks-gallery-item\"><figure><img loading=\"lazy\" decoding=\"async\" width=\"1024\" height=\"683\" src=\"https:\/\/besi.hu\/wp-content\/uploads\/2021\/10\/oveges_03-1024x683.jpg\" alt=\"\" data-id=\"2029\" data-full-url=\"https:\/\/besi.hu\/wp-content\/uploads\/2021\/10\/oveges_03.jpg\" data-link=\"https:\/\/besi.hu\/?attachment_id=2029\" class=\"wp-image-2029\" srcset=\"https:\/\/besi.hu\/wp-content\/uploads\/2021\/10\/oveges_03-1024x683.jpg 1024w, https:\/\/besi.hu\/wp-content\/uploads\/2021\/10\/oveges_03-300x200.jpg 300w, https:\/\/besi.hu\/wp-content\/uploads\/2021\/10\/oveges_03-768x512.jpg 768w, https:\/\/besi.hu\/wp-content\/uploads\/2021\/10\/oveges_03.jpg 1536w\" sizes=\"auto, (max-width: 1024px) 100vw, 1024px\" \/><figcaption class=\"blocks-gallery-item__caption\">A laborat\u00f3riumban dolgoz\u00f3 di\u00e1kok k\u00e9mia\u00f3r\u00e1n <\/figcaption><\/figure><\/li><li class=\"blocks-gallery-item\"><figure><img loading=\"lazy\" decoding=\"async\" width=\"1024\" height=\"680\" src=\"https:\/\/besi.hu\/wp-content\/uploads\/2021\/10\/oveges_04-1024x680.jpg\" alt=\"\" data-id=\"2028\" data-full-url=\"https:\/\/besi.hu\/wp-content\/uploads\/2021\/10\/oveges_04-scaled.jpg\" data-link=\"https:\/\/besi.hu\/?attachment_id=2028\" class=\"wp-image-2028\" srcset=\"https:\/\/besi.hu\/wp-content\/uploads\/2021\/10\/oveges_04-1024x680.jpg 1024w, https:\/\/besi.hu\/wp-content\/uploads\/2021\/10\/oveges_04-300x199.jpg 300w, https:\/\/besi.hu\/wp-content\/uploads\/2021\/10\/oveges_04-768x510.jpg 768w, https:\/\/besi.hu\/wp-content\/uploads\/2021\/10\/oveges_04-1536x1020.jpg 1536w, https:\/\/besi.hu\/wp-content\/uploads\/2021\/10\/oveges_04-2048x1360.jpg 2048w, https:\/\/besi.hu\/wp-content\/uploads\/2021\/10\/oveges_04-301x200.jpg 301w\" sizes=\"auto, (max-width: 1024px) 100vw, 1024px\" \/><figcaption class=\"blocks-gallery-item__caption\">Pillanatk\u00e9p a labornyit\u00f3 foglalkoz\u00e1sr\u00f3l <\/figcaption><\/figure><\/li><\/ul><\/figure>\n\n\n<p><span style=\"font-weight: 400;\">A p\u00e1ly\u00e1zat felt\u00e9teleinek megfelel\u0151en a szakmai munk\u00e1ba nemcsak iskol\u00e1nk, hanem 12 \u00e1ltal\u00e1nos iskola is bekapcsol\u00f3dott. Az 5 kisv\u00e1rdai \u00e1ltal\u00e1nos iskola mellett 7 k\u00f6rny\u00e9kbeli iskol\u00e1nak volt lehet\u0151s\u00e9ge a laborban zajl\u00f3 foglalkoz\u00e1sokon r\u00e9szt venni.\u00a0<\/span><\/p>\n<p><span style=\"font-weight: 400;\">A k\u00f6vetkez\u0151 iskol\u00e1kkal \u00e1lltunk kapcsolatban:<\/span><\/p>\n<ul>\n<li style=\"font-weight: 400;\" aria-level=\"1\"><span style=\"font-weight: 400;\">Ajaki \u00c1ltal\u00e1nos M\u0171vel\u0151d\u00e9si K\u00f6zpont \u00e9s Alapfok\u00fa M\u0171v\u00e9szetoktat\u00e1si Int\u00e9zm\u00e9ny<\/span><\/li>\n<li style=\"font-weight: 400;\" aria-level=\"1\"><span style=\"font-weight: 400;\">Kossuth Lajos \u00c1ltal\u00e1nos Iskola \u00e9s \u00d3voda, F\u00e9nyeslitke<\/span><\/li>\n<li style=\"font-weight: 400;\" aria-level=\"1\"><span style=\"font-weight: 400;\">Kisv\u00e1rdai Reform\u00e1tus \u00d3voda, \u00c1ltal\u00e1nos Iskola, Gimn\u00e1zium \u00e9s Koll\u00e9gium,<\/span><\/li>\n<li style=\"font-weight: 400;\" aria-level=\"1\"><span style=\"font-weight: 400;\">Somogyi Rezs\u0151 \u00c1ltal\u00e1nos Iskola, Kisv\u00e1rda<\/span><\/li>\n<li style=\"font-weight: 400;\" aria-level=\"1\"><span style=\"font-weight: 400;\">Szent Gy\u00f6rgy G\u00f6r\u00f6g Katolikus \u00d3voda \u00e9s \u00c1ltal\u00e1nos Iskola, Kisv\u00e1rda<\/span><\/li>\n<li style=\"font-weight: 400;\" aria-level=\"1\"><span style=\"font-weight: 400;\">Teichmann Vilmos \u00c1ltal\u00e1nos Iskola, Kisv\u00e1rda<\/span><\/li>\n<li style=\"font-weight: 400;\" aria-level=\"1\"><span style=\"font-weight: 400;\">V\u00e1ri Emil T\u00e1rsul\u00e1si \u00c1ltal\u00e1nos iskola, Kisv\u00e1rda<\/span><\/li>\n<li style=\"font-weight: 400;\" aria-level=\"1\"><span style=\"font-weight: 400;\">Kossuth Lajos \u00c1ltal\u00e1nos Iskola \u00e9s \u00d3voda Pet\u0151fi S\u00e1ndor Tagiskol\u00e1ja, Komor\u00f3<\/span><\/li>\n<li style=\"font-weight: 400;\" aria-level=\"1\"><span style=\"font-weight: 400;\">Dr. Kozma P\u00e1l \u00c1ltal\u00e1nos Iskola \u00e9s \u00c9letfa \u00d3voda Gyulah\u00e1za<\/span><\/li>\n<li style=\"font-weight: 400;\" aria-level=\"1\"><span style=\"font-weight: 400;\">K\u00f6lcsey Ferenc \u00c1ltal\u00e1nos Iskola \u00e9s B\u00f6lcs\u0151de, Pap<\/span><\/li>\n<li style=\"font-weight: 400;\" aria-level=\"1\"><span style=\"font-weight: 400;\">K\u00f6z\u00f6s Fenntart\u00e1s\u00fa \u00c1ltal\u00e1nos Iskola, \u00d3voda, Alapfok\u00fa M\u0171v\u00e9szetoktat\u00e1s \u00e9s K\u00f6nyvt\u00e1r Tornyosp\u00e1lca<\/span><\/li>\n<li style=\"font-weight: 400;\" aria-level=\"1\"><span style=\"font-weight: 400;\">Ny\u00edrtassi Tas Vez\u00e9r \u00c1ltal\u00e1nos Iskola<\/span><\/li>\n<li style=\"font-weight: 400;\" aria-level=\"1\"><span style=\"font-weight: 400;\">V\u00e1ci Mih\u00e1ly \u00c1ltal\u00e1nos Iskola, \u00d3voda, Ny\u00edrkar\u00e1sz<\/span><\/li>\n<\/ul>\n<p>\u00a0<\/p>\n<p><span style=\"font-weight: 400;\">A 12 \u00e1ltal\u00e1nos iskol\u00e1nak 30-30 \u00f3r\u00e1t tartottunk, iskol\u00e1nk\u00e9nt 10-10 biol\u00f3gia \u00e9s k\u00e9mia, 5-5 fizika \u00e9s f\u00f6ldrajz \u00f3r\u00e1n vehettek r\u00e9szt a tanul\u00f3k. Az egy\u00fcttm\u0171k\u00f6d\u0151 int\u00e9zm\u00e9nyekkel t\u00f6rt\u00e9nt sorozatos egyeztet\u00e9sek ut\u00e1n kialak\u00edtottuk a labor \u00f3rarendj\u00e9t, beoszt\u00e1s\u00e1t az \u00e1ltal\u00e1nos iskol\u00e1sok sz\u00e1m\u00e1ra is.\u00a0<\/span><\/p>\n\n\n<figure class=\"wp-block-gallery columns-2 is-cropped wp-block-gallery-2 is-layout-flex wp-block-gallery-is-layout-flex\"><ul class=\"blocks-gallery-grid\"><li class=\"blocks-gallery-item\"><figure><img loading=\"lazy\" decoding=\"async\" width=\"1024\" height=\"576\" src=\"https:\/\/besi.hu\/wp-content\/uploads\/2021\/10\/oveges_06-1024x576.jpg\" alt=\"\" data-id=\"2033\" data-full-url=\"https:\/\/besi.hu\/wp-content\/uploads\/2021\/10\/oveges_06-scaled.jpg\" data-link=\"https:\/\/besi.hu\/?attachment_id=2033\" class=\"wp-image-2033\" srcset=\"https:\/\/besi.hu\/wp-content\/uploads\/2021\/10\/oveges_06-1024x576.jpg 1024w, https:\/\/besi.hu\/wp-content\/uploads\/2021\/10\/oveges_06-300x169.jpg 300w, https:\/\/besi.hu\/wp-content\/uploads\/2021\/10\/oveges_06-768x432.jpg 768w, https:\/\/besi.hu\/wp-content\/uploads\/2021\/10\/oveges_06-1536x864.jpg 1536w, https:\/\/besi.hu\/wp-content\/uploads\/2021\/10\/oveges_06-2048x1152.jpg 2048w, https:\/\/besi.hu\/wp-content\/uploads\/2021\/10\/oveges_06-356x200.jpg 356w\" sizes=\"auto, (max-width: 1024px) 100vw, 1024px\" \/><figcaption class=\"blocks-gallery-item__caption\">\u00c1ltal\u00e1nos iskol\u00e1s tanul\u00f3k sert\u00e9ssz\u00edv \u00e9s sert\u00e9svese boncol\u00e1sa k\u00f6zben <\/figcaption><\/figure><\/li><li class=\"blocks-gallery-item\"><figure><img loading=\"lazy\" decoding=\"async\" width=\"960\" height=\"540\" src=\"https:\/\/besi.hu\/wp-content\/uploads\/2021\/10\/oveges_05.jpg\" alt=\"\" data-id=\"2034\" data-full-url=\"https:\/\/besi.hu\/wp-content\/uploads\/2021\/10\/oveges_05.jpg\" data-link=\"https:\/\/besi.hu\/?attachment_id=2034\" class=\"wp-image-2034\" srcset=\"https:\/\/besi.hu\/wp-content\/uploads\/2021\/10\/oveges_05.jpg 960w, https:\/\/besi.hu\/wp-content\/uploads\/2021\/10\/oveges_05-300x169.jpg 300w, https:\/\/besi.hu\/wp-content\/uploads\/2021\/10\/oveges_05-768x432.jpg 768w, https:\/\/besi.hu\/wp-content\/uploads\/2021\/10\/oveges_05-356x200.jpg 356w\" sizes=\"auto, (max-width: 960px) 100vw, 960px\" \/><figcaption class=\"blocks-gallery-item__caption\">\u00c1ltal\u00e1nos iskol\u00e1s tanul\u00f3k sert\u00e9ssz\u00edv \u00e9s sert\u00e9svese boncol\u00e1sa k\u00f6zben <\/figcaption><\/figure><\/li><\/ul><\/figure>\n\n\n<p><span style=\"font-weight: 400;\">\u00daj szeml\u00e9let, \u00fajfajta tan\u00edt\u00e1s \u00e9s \u00faj tapasztalatok jellemezt\u00e9k ezt \u00e9s a k\u00f6vetkez\u0151 id\u0151szakot is. A gyakorlatorient\u00e1lt k\u00e9pz\u00e9s alapjak\u00e9nt koll\u00e9g\u00e1inknak lehet\u0151s\u00e9ge ny\u00edlt munkaf\u00fczetek \u00e9s tan\u00e1ri seg\u00e9dletek \u00edr\u00e1s\u00e1ra. \u00cdgy elmondhatjuk, hogy olyan tanul\u00f3i seg\u00e9dleteket haszn\u00e1lunk, amelyeket mi magunk dolgoztunk ki. Emellett t\u00f6bb mint 300 k\u00eds\u00e9rleti vide\u00f3t is k\u00e9sz\u00edtett\u00fcnk, amelyek a legnagyobb vide\u00f3megoszt\u00f3 internetes port\u00e1lon ma is n\u00e9pszer\u0171ek. Laborunk felszerelts\u00e9ge \u00e9s vegyszer-ell\u00e1totts\u00e1ga nagyon j\u00f3, munk\u00e1nkat labor\u00e1ns seg\u00edti. Rendelkez\u00fcnk t\u00f6bbek k\u00f6z\u00f6tt spektrofotom\u00e9terrel, t\u00f6bbf\u00e9le inkub\u00e1torral, g\u00e9lelektroforetikus eszk\u00f6z\u00f6kkel, centrifug\u00e1val, v\u00edzf\u00fcrd\u0151vel, t\u00f6bbf\u00e9le mikroszk\u00f3ppal, sz\u00e1mos makettel \u00e9s \u00edgy tov\u00e1bb. Nem v\u00e9letlen, hogy az \u00e9retts\u00e9giken \u00e9s a Kutat\u00f3 Di\u00e1kok Mozgalm\u00e1nak versenyein is sz\u00e9pen szerepelnek tanul\u00f3ink. A tanul\u00f3i versenyekre val\u00f3 felk\u00e9sz\u00fcl\u00e9sek sor\u00e1n a kutat\u00e1si projektek ind\u00edt\u00e1s\u00e1ban (p\u00e9ld\u00e1ul savas es\u0151- \u00e9s \u00fcvegh\u00e1zhat\u00e1s modellez\u00e9se, cs\u00edr\u00e1z\u00e1si k\u00eds\u00e9rletek) a tanul\u00f3k tan\u00e1ri fel\u00fcgyelet mellett dolgozhatnak a laborat\u00f3riumban. \u00cdgy olyan tud\u00e1sra tehetnek szert, amely az \u00e9retts\u00e9git \u00e9s a fels\u0151oktat\u00e1si tanulm\u00e1nyaikat is nagyban seg\u00edtheti. Laborat\u00f3riumunk kihaszn\u00e1lts\u00e1ga teh\u00e1t maxim\u00e1lis, igazi k\u00f6z\u00f6ss\u00e9gi t\u00e9r, szellemi b\u00e1zis. A szakmai egy\u00fcttm\u0171k\u00f6d\u00e9sek kialak\u00edt\u00e1sa \u00e9rdek\u00e9ben t\u00f6bb laborral vett\u00fck fel a kapcsolatot, r\u00e9szt vett\u00fcnk t\u00f6bb labor szakmai napj\u00e1n, ahol tapasztalatokat szerezhett\u00fcnk. Emellett k\u00eds\u00e9rleti bemutat\u00f3kat, szakmai disszemin\u00e1ci\u00f3s m\u0171helykonferenci\u00e1kat szervezt\u00fcnk, melyek sor\u00e1n tapasztalatainkat megosztottuk a t\u00e9rs\u00e9g pedag\u00f3gusaival. Rendszeres kapcsolatban vagyunk a Dr. B\u00e9res J\u00f3zsef TIT egyes\u00fclet\u00e9vel, k\u00f6zrem\u0171k\u00f6d\u00e9s\u00fckkel term\u00e9szettudom\u00e1nyos t\u00e1borokat szervez\u00fcnk.<\/span><\/p>\n<p><span style=\"font-weight: 400;\">Laborunk ajtaj\u00e1t sz\u00e9lesre t\u00e1rtuk. Itt tartjuk Var\u00e1zsv\u00e1r M\u0171hely\u00fcnk foglalkoz\u00e1sait, amelyen \u00f3vod\u00e1t\u00f3l egyetemig b\u00e1rki r\u00e9szt vehet. Term\u00e9szettudom\u00e1nyos tov\u00e1bbk\u00e9pz\u00e9sek, tudom\u00e1nyos el\u0151ad\u00e1sok, ismeretterjeszt\u0151 bemutat\u00f3k helysz\u00edne is.\u00a0<\/span><\/p>\n\n\n<figure class=\"wp-block-gallery columns-1 is-cropped wp-block-gallery-3 is-layout-flex wp-block-gallery-is-layout-flex\"><ul class=\"blocks-gallery-grid\"><li class=\"blocks-gallery-item\"><figure><img loading=\"lazy\" decoding=\"async\" width=\"960\" height=\"720\" src=\"https:\/\/besi.hu\/wp-content\/uploads\/2021\/10\/oveges_07.jpg\" alt=\"\" data-id=\"2032\" data-full-url=\"https:\/\/besi.hu\/wp-content\/uploads\/2021\/10\/oveges_07.jpg\" data-link=\"https:\/\/besi.hu\/?attachment_id=2032\" class=\"wp-image-2032\" srcset=\"https:\/\/besi.hu\/wp-content\/uploads\/2021\/10\/oveges_07.jpg 960w, https:\/\/besi.hu\/wp-content\/uploads\/2021\/10\/oveges_07-300x225.jpg 300w, https:\/\/besi.hu\/wp-content\/uploads\/2021\/10\/oveges_07-768x576.jpg 768w, https:\/\/besi.hu\/wp-content\/uploads\/2021\/10\/oveges_07-267x200.jpg 267w\" sizes=\"auto, (max-width: 960px) 100vw, 960px\" \/><figcaption class=\"blocks-gallery-item__caption\">\u00c1ltal\u00e1nos iskol\u00e1s tanul\u00f3k a Var\u00e1zsv\u00e1r m\u0171helyfoglalkoz\u00e1s\u00e1n <\/figcaption><\/figure><\/li><\/ul><\/figure>\n<div class=\"pvc_clear\"><\/div><p id=\"pvc_stats_1705\" class=\"pvc_stats all  \" data-element-id=\"1705\" style=\"\"><i class=\"pvc-stats-icon medium\" aria-hidden=\"true\"><svg aria-hidden=\"true\" focusable=\"false\" data-prefix=\"far\" data-icon=\"chart-bar\" role=\"img\" xmlns=\"http:\/\/www.w3.org\/2000\/svg\" viewBox=\"0 0 512 512\" class=\"svg-inline--fa fa-chart-bar fa-w-16 fa-2x\"><path fill=\"currentColor\" d=\"M396.8 352h22.4c6.4 0 12.8-6.4 12.8-12.8V108.8c0-6.4-6.4-12.8-12.8-12.8h-22.4c-6.4 0-12.8 6.4-12.8 12.8v230.4c0 6.4 6.4 12.8 12.8 12.8zm-192 0h22.4c6.4 0 12.8-6.4 12.8-12.8V140.8c0-6.4-6.4-12.8-12.8-12.8h-22.4c-6.4 0-12.8 6.4-12.8 12.8v198.4c0 6.4 6.4 12.8 12.8 12.8zm96 0h22.4c6.4 0 12.8-6.4 12.8-12.8V204.8c0-6.4-6.4-12.8-12.8-12.8h-22.4c-6.4 0-12.8 6.4-12.8 12.8v134.4c0 6.4 6.4 12.8 12.8 12.8zM496 400H48V80c0-8.84-7.16-16-16-16H16C7.16 64 0 71.16 0 80v336c0 17.67 14.33 32 32 32h464c8.84 0 16-7.16 16-16v-16c0-8.84-7.16-16-16-16zm-387.2-48h22.4c6.4 0 12.8-6.4 12.8-12.8v-70.4c0-6.4-6.4-12.8-12.8-12.8h-22.4c-6.4 0-12.8 6.4-12.8 12.8v70.4c0 6.4 6.4 12.8 12.8 12.8z\" class=\"\"><\/path><\/svg><\/i> <img loading=\"lazy\" decoding=\"async\" width=\"16\" height=\"16\" alt=\"Loading\" src=\"https:\/\/besi.hu\/wp-content\/plugins\/page-views-count\/ajax-loader-2x.gif\" border=0 \/><\/p><div class=\"pvc_clear\"><\/div>","protected":false},"excerpt":{"rendered":"<p>Minden\u00fcnket, amink van &#8211; bele\u00e9rtve mag\u00e1t az \u00e9letet is &#8211; a tudom\u00e1nynak, a kutat\u00e1snak k\u00f6sz\u00f6nhetj\u00fck. Ha egyszerre mindent elveszten\u00e9nk, amit a kutat\u00e1s adott nek\u00fcnk, a civiliz\u00e1ci\u00f3 \u00f6sszeroppanna, \u00e9s ott \u00e1lln\u00e1nk ism\u00e9t meztelen\u00fcl, barlangok ut\u00e1n kutatva.\u201d(Szent-Gy\u00f6rgyi Albert) Iskol\u00e1nk, a fenn\u00e1ll\u00e1sa \u00f3ta eltelt 110 \u00e9v alatt mindig is nagy hangs\u00falyt fektetett a&#8230;<\/p>\n<div class=\"pvc_clear\"><\/div>\n<p id=\"pvc_stats_1705\" class=\"pvc_stats all  \" data-element-id=\"1705\" style=\"\"><i class=\"pvc-stats-icon medium\" aria-hidden=\"true\"><svg aria-hidden=\"true\" focusable=\"false\" data-prefix=\"far\" data-icon=\"chart-bar\" role=\"img\" xmlns=\"http:\/\/www.w3.org\/2000\/svg\" viewBox=\"0 0 512 512\" class=\"svg-inline--fa fa-chart-bar fa-w-16 fa-2x\"><path fill=\"currentColor\" d=\"M396.8 352h22.4c6.4 0 12.8-6.4 12.8-12.8V108.8c0-6.4-6.4-12.8-12.8-12.8h-22.4c-6.4 0-12.8 6.4-12.8 12.8v230.4c0 6.4 6.4 12.8 12.8 12.8zm-192 0h22.4c6.4 0 12.8-6.4 12.8-12.8V140.8c0-6.4-6.4-12.8-12.8-12.8h-22.4c-6.4 0-12.8 6.4-12.8 12.8v198.4c0 6.4 6.4 12.8 12.8 12.8zm96 0h22.4c6.4 0 12.8-6.4 12.8-12.8V204.8c0-6.4-6.4-12.8-12.8-12.8h-22.4c-6.4 0-12.8 6.4-12.8 12.8v134.4c0 6.4 6.4 12.8 12.8 12.8zM496 400H48V80c0-8.84-7.16-16-16-16H16C7.16 64 0 71.16 0 80v336c0 17.67 14.33 32 32 32h464c8.84 0 16-7.16 16-16v-16c0-8.84-7.16-16-16-16zm-387.2-48h22.4c6.4 0 12.8-6.4 12.8-12.8v-70.4c0-6.4-6.4-12.8-12.8-12.8h-22.4c-6.4 0-12.8 6.4-12.8 12.8v70.4c0 6.4 6.4 12.8 12.8 12.8z\" class=\"\"><\/path><\/svg><\/i> <img loading=\"lazy\" decoding=\"async\" width=\"16\" height=\"16\" alt=\"Loading\" src=\"https:\/\/besi.hu\/wp-content\/plugins\/page-views-count\/ajax-loader-2x.gif\" border=0 \/><\/p>\n<div class=\"pvc_clear\"><\/div>\n","protected":false},"author":2,"featured_media":0,"parent":0,"menu_order":0,"comment_status":"closed","ping_status":"closed","template":"","meta":{"footnotes":""},"class_list":["post-1705","page","type-page","status-publish","hentry"],"aioseo_notices":[],"a3_pvc":{"activated":true,"total_views":746,"today_views":1},"_links":{"self":[{"href":"https:\/\/besi.hu\/index.php?rest_route=\/wp\/v2\/pages\/1705","targetHints":{"allow":["GET"]}}],"collection":[{"href":"https:\/\/besi.hu\/index.php?rest_route=\/wp\/v2\/pages"}],"about":[{"href":"https:\/\/besi.hu\/index.php?rest_route=\/wp\/v2\/types\/page"}],"author":[{"embeddable":true,"href":"https:\/\/besi.hu\/index.php?rest_route=\/wp\/v2\/users\/2"}],"replies":[{"embeddable":true,"href":"https:\/\/besi.hu\/index.php?rest_route=%2Fwp%2Fv2%2Fcomments&post=1705"}],"version-history":[{"count":2,"href":"https:\/\/besi.hu\/index.php?rest_route=\/wp\/v2\/pages\/1705\/revisions"}],"predecessor-version":[{"id":2035,"href":"https:\/\/besi.hu\/index.php?rest_route=\/wp\/v2\/pages\/1705\/revisions\/2035"}],"wp:attachment":[{"href":"https:\/\/besi.hu\/index.php?rest_route=%2Fwp%2Fv2%2Fmedia&parent=1705"}],"curies":[{"name":"wp","href":"https:\/\/api.w.org\/{rel}","templated":true}]}}