{"id":1711,"date":"2021-09-07T22:01:14","date_gmt":"2021-09-07T20:01:14","guid":{"rendered":"https:\/\/besi.hu\/?page_id=1711"},"modified":"2021-10-20T20:38:52","modified_gmt":"2021-10-20T18:38:52","slug":"jatszva-tanulni-varazsvar-az-elmenyek-muhelye","status":"publish","type":"page","link":"https:\/\/besi.hu\/?page_id=1711","title":{"rendered":"J\u00e1tszva tanulni \u2013 Var\u00e1zsv\u00e1r, az \u00e9lm\u00e9nyek m\u0171helye"},"content":{"rendered":"<p style=\"text-align: center;\"><i><span style=\"font-weight: 400;\">A mes\u00e9k az\u00e9rt ny\u0171g\u00f6zik le a gyerekeket, mert a vil\u00e1got olyannak l\u00e1ttatj\u00e1k, amilyen az val\u00f3j\u00e1ban: a hat\u00e1rtalan lehet\u0151s\u00e9gek birodalm\u00e1nak.\u201d (Boldizs\u00e1r Ildik\u00f3)<\/span><\/i><\/p>\n<p><span style=\"font-weight: 400;\">Az elm\u00falt \u00e9vekben sokan besz\u00e9ltek m\u00e1r a term\u00e9szettudom\u00e1nyos oktat\u00e1s neh\u00e9zs\u00e9geir\u0151l, kih\u00edv\u00e1sair\u00f3l. Sokat olvashattunk arr\u00f3l, hogy egyre kevesebben v\u00e1lasztanak term\u00e9szettudom\u00e1nyos, m\u0171szaki p\u00e1ly\u00e1t. A negat\u00edv hang\u00fa \u00edr\u00e1sok alapj\u00e1n azt gondolhatj\u00e1k sokan, hogy a term\u00e9szettudom\u00e1nyos tant\u00e1rgyak nehezek, sok kreativit\u00e1st, kitart\u00e1st ig\u00e9nyelnek. Szerint\u00fcnk \u00e9s t\u00f6bbek szerint sem rem\u00e9nytelen a helyzet, csak a hagyom\u00e1nyos pedag\u00f3gia a term\u00e9szettudom\u00e1nyok eset\u00e9ben kezd cs\u0151d\u00f6t mondani. A hiba tal\u00e1n abban is van, hogy a term\u00e9szettudom\u00e1nyokat elszigetelt vil\u00e1gk\u00e9nt ismertetik a legt\u00f6bb iskol\u00e1ban. Hazai \u00e9s k\u00fclf\u00f6ldi tapasztalatok alapj\u00e1n \u00fagy t\u0171nik, hogy a felfedeztet\u0151 \u00e9s \u00e9lm\u00e9nyalap\u00fa oktat\u00e1s m\u00f3dszereire t\u00e1maszkodva \u00e9rhet\u0151 el a term\u00e9szettudom\u00e1nyok \u00e9s a di\u00e1kok k\u00f6z\u00f6tti h\u00e9zag sz\u0171k\u00edt\u00e9se. Ebben iskol\u00e1nk mindig is \u00fatt\u00f6r\u0151nek sz\u00e1m\u00edtott. A term\u00e9szettudom\u00e1nyokat oktat\u00f3 tan\u00e1rainak sz\u00e1m\u00e1ra fontos az innov\u00e1ci\u00f3, a meg\u00fajul\u00e1s, az \u00faj m\u00f3dszerek alkalmaz\u00e1sa. T\u00f6bben is r\u00e9szt vesznek a Kutat\u00f3 Tan\u00e1rok Orsz\u00e1gos Sz\u00f6vets\u00e9g\u00e9nek munk\u00e1j\u00e1ban. Emellett tananyagot fejlesztenek \u00e9s jelent\u0151s sikereket \u00e9rnek el tan\u00edtv\u00e1nyaikkal mind az orsz\u00e1gos, mind a nemzetk\u00f6zi versenyeken. Mindezek alapj\u00e1n term\u00e9szetes, hogy iskol\u00e1nk dr. B\u00e9res J\u00f3zsef Laborat\u00f3rium\u00e1ban folyamatosan m\u0171k\u00f6dik a Kutat\u00f3 Di\u00e1kok Mozgalm\u00e1nak munk\u00e1ja. Folyamatosak a tudom\u00e1nyos kutat\u00e1sok, vizsg\u00e1l\u00f3d\u00e1sok. Ezek mellett nem meglep\u0151, illetve teljesen term\u00e9szetes az iskola \u00e9let\u00e9ben, hogy heti rendszeress\u00e9ggel \u00e9rkeznek \u00f3vod\u00e1sok, kisiskol\u00e1sok, k\u00f6z\u00e9piskol\u00e1sok a k\u00f6rnyez\u0151 telep\u00fcl\u00e9sekr\u0151l az\u00e9rt, hogy r\u00e9szt vehessenek a Var\u00e1zsv\u00e1r nev\u0171 m\u0171hely foglalkoz\u00e1sain.\u00a0<\/span><\/p>\n<p><span style=\"font-weight: 400;\">A Var\u00e1zsv\u00e1r egy k\u00eds\u00e9rletez\u00e9sen, felfedeztet\u0151 oktat\u00e1son alapul\u00f3 m\u0171hely, term\u00e9szettudom\u00e1nyos projekt, amelyben iskol\u00e1nk tan\u00e1rai vezetnek interakt\u00edv, \u00e9lm\u00e9nypedag\u00f3gi\u00e1n, felfedeztet\u0151 oktat\u00e1son alapul\u00f3 k\u00eds\u00e9rleti foglalkoz\u00e1sokat kicsiknek \u00e9s nagyoknak, \u00e9peknek \u00e9s s\u00e9r\u00fclteknek egyar\u00e1nt.\u00a0<\/span><\/p>\n\n\n<figure class=\"wp-block-gallery columns-3 is-cropped wp-block-gallery-1 is-layout-flex wp-block-gallery-is-layout-flex\"><ul class=\"blocks-gallery-grid\"><li class=\"blocks-gallery-item\"><figure><img loading=\"lazy\" decoding=\"async\" width=\"768\" height=\"1024\" src=\"https:\/\/besi.hu\/wp-content\/uploads\/2021\/10\/varazs_01-768x1024.jpg\" alt=\"\" data-id=\"2050\" data-full-url=\"https:\/\/besi.hu\/wp-content\/uploads\/2021\/10\/varazs_01-scaled.jpg\" data-link=\"https:\/\/besi.hu\/?attachment_id=2050\" class=\"wp-image-2050\" srcset=\"https:\/\/besi.hu\/wp-content\/uploads\/2021\/10\/varazs_01-768x1024.jpg 768w, https:\/\/besi.hu\/wp-content\/uploads\/2021\/10\/varazs_01-225x300.jpg 225w, https:\/\/besi.hu\/wp-content\/uploads\/2021\/10\/varazs_01-1152x1536.jpg 1152w, https:\/\/besi.hu\/wp-content\/uploads\/2021\/10\/varazs_01-1536x2048.jpg 1536w, https:\/\/besi.hu\/wp-content\/uploads\/2021\/10\/varazs_01-150x200.jpg 150w, https:\/\/besi.hu\/wp-content\/uploads\/2021\/10\/varazs_01-scaled.jpg 1920w\" sizes=\"auto, (max-width: 768px) 100vw, 768px\" \/><\/figure><\/li><li class=\"blocks-gallery-item\"><figure><img loading=\"lazy\" decoding=\"async\" width=\"1024\" height=\"681\" src=\"https:\/\/besi.hu\/wp-content\/uploads\/2021\/10\/varazs_02-1024x681.jpg\" alt=\"\" data-id=\"2049\" data-full-url=\"https:\/\/besi.hu\/wp-content\/uploads\/2021\/10\/varazs_02-scaled.jpg\" data-link=\"https:\/\/besi.hu\/?attachment_id=2049\" class=\"wp-image-2049\" srcset=\"https:\/\/besi.hu\/wp-content\/uploads\/2021\/10\/varazs_02-1024x681.jpg 1024w, https:\/\/besi.hu\/wp-content\/uploads\/2021\/10\/varazs_02-300x199.jpg 300w, https:\/\/besi.hu\/wp-content\/uploads\/2021\/10\/varazs_02-768x511.jpg 768w, https:\/\/besi.hu\/wp-content\/uploads\/2021\/10\/varazs_02-1536x1021.jpg 1536w, https:\/\/besi.hu\/wp-content\/uploads\/2021\/10\/varazs_02-2048x1362.jpg 2048w, https:\/\/besi.hu\/wp-content\/uploads\/2021\/10\/varazs_02-301x200.jpg 301w\" sizes=\"auto, (max-width: 1024px) 100vw, 1024px\" \/><\/figure><\/li><li class=\"blocks-gallery-item\"><figure><img loading=\"lazy\" decoding=\"async\" width=\"1024\" height=\"681\" src=\"https:\/\/besi.hu\/wp-content\/uploads\/2021\/10\/varazs_03-1024x681.jpg\" alt=\"\" data-id=\"2048\" data-full-url=\"https:\/\/besi.hu\/wp-content\/uploads\/2021\/10\/varazs_03-scaled.jpg\" data-link=\"https:\/\/besi.hu\/?attachment_id=2048\" class=\"wp-image-2048\" srcset=\"https:\/\/besi.hu\/wp-content\/uploads\/2021\/10\/varazs_03-1024x681.jpg 1024w, https:\/\/besi.hu\/wp-content\/uploads\/2021\/10\/varazs_03-300x199.jpg 300w, https:\/\/besi.hu\/wp-content\/uploads\/2021\/10\/varazs_03-768x511.jpg 768w, https:\/\/besi.hu\/wp-content\/uploads\/2021\/10\/varazs_03-1536x1021.jpg 1536w, https:\/\/besi.hu\/wp-content\/uploads\/2021\/10\/varazs_03-2048x1362.jpg 2048w, https:\/\/besi.hu\/wp-content\/uploads\/2021\/10\/varazs_03-301x200.jpg 301w\" sizes=\"auto, (max-width: 1024px) 100vw, 1024px\" \/><\/figure><\/li><li class=\"blocks-gallery-item\"><figure><img loading=\"lazy\" decoding=\"async\" width=\"1024\" height=\"683\" src=\"https:\/\/besi.hu\/wp-content\/uploads\/2021\/10\/varazs_04-1024x683.jpg\" alt=\"\" data-id=\"2057\" data-full-url=\"https:\/\/besi.hu\/wp-content\/uploads\/2021\/10\/varazs_04-scaled.jpg\" data-link=\"https:\/\/besi.hu\/?attachment_id=2057\" class=\"wp-image-2057\" srcset=\"https:\/\/besi.hu\/wp-content\/uploads\/2021\/10\/varazs_04-1024x683.jpg 1024w, https:\/\/besi.hu\/wp-content\/uploads\/2021\/10\/varazs_04-300x200.jpg 300w, https:\/\/besi.hu\/wp-content\/uploads\/2021\/10\/varazs_04-768x512.jpg 768w, https:\/\/besi.hu\/wp-content\/uploads\/2021\/10\/varazs_04-1536x1024.jpg 1536w, https:\/\/besi.hu\/wp-content\/uploads\/2021\/10\/varazs_04-2048x1365.jpg 2048w\" sizes=\"auto, (max-width: 1024px) 100vw, 1024px\" \/><\/figure><\/li><\/ul><figcaption class=\"blocks-gallery-caption\"><em>Ez t\u00e9nyleg var\u00e1zslat! \u2013 K\u00e9pek a m\u0171hely \u00e9let\u00e9b\u0151l<\/em><\/figcaption><\/figure>\n\n\n<p>\u00a0<\/p>\n<p><span style=\"font-weight: 400;\">A m\u0171hely c\u00e9lja az \u00e9lm\u00e9nyszer\u0171, gyakorlati oktat\u00e1s n\u00e9pszer\u0171s\u00edt\u00e9se \u00fagy, hogy k\u00f6zben a gyerekek sz\u00e1m\u00e1ra folyamatosan lehet\u0151s\u00e9get biztos\u00edtunk a k\u00eds\u00e9rletez\u00e9sre, az \u00e9lm\u00e9nyszerz\u00e9sre. Az interaktivit\u00e1son alapul\u00f3, felfedeztet\u0151 m\u00f3dszereket alkalmaz\u00f3 m\u0171hely\u00fcnket az \u00f3vod\u00e1sok \u00e9s iskol\u00e1sok manu\u00e1lis k\u00e9szs\u00e9geinek, k\u00e9pzeleterej\u00e9nek \u00e9s term\u00e9szettudom\u00e1nyos szeml\u00e9let\u00e9nek fejleszt\u00e9s\u00e9re alapozzuk. A m\u0171helyben k\u00f6z\u00e9piskolai term\u00e9szettudom\u00e1nyt oktat\u00f3 tan\u00e1rok \u00e9s a szakk\u00f6r di\u00e1kjai k\u00f6z\u00f6sen fejlesztenek k\u00eds\u00e9rleteket minden koroszt\u00e1ly sz\u00e1m\u00e1ra. Ennek eredm\u00e9nyek\u00e9nt az \u00f3vod\u00e1s, kisiskol\u00e1s koroszt\u00e1ly sz\u00e1m\u00e1ra olyan gyakorlatban haszn\u00e1lhat\u00f3 anyag j\u00f6hetett m\u00e1r l\u00e9tre, amely k\u00f6r\u00fclbel\u00fcl f\u00e9lsz\u00e1z k\u00eds\u00e9rletet tartalmaz. A k\u00eds\u00e9rletek fejleszt\u00e9s\u00e9t a k\u00f6z\u00e9piskol\u00e1sok v\u00e9gzik tan\u00e1ri ellen\u0151rz\u00e9ssel, kiakn\u00e1zva a felfedeztet\u0151 oktat\u00e1sban rejl\u0151 lehet\u0151s\u00e9geket. A k\u00e9sz k\u00eds\u00e9rleti bemutat\u00f3kat a di\u00e1kokkal egy\u00fctt alkotjuk meg \u00e9s v\u00e9gezz\u00fck el. A m\u0171hely eg\u00e9sz \u00e9vben m\u0171k\u00f6dik. <\/span><\/p>\n\n\n<figure class=\"wp-block-gallery columns-2 is-cropped wp-block-gallery-2 is-layout-flex wp-block-gallery-is-layout-flex\"><ul class=\"blocks-gallery-grid\"><li class=\"blocks-gallery-item\"><figure><img loading=\"lazy\" decoding=\"async\" width=\"1024\" height=\"683\" src=\"https:\/\/besi.hu\/wp-content\/uploads\/2021\/10\/varazs_05-1024x683.jpg\" alt=\"\" data-id=\"2055\" data-full-url=\"https:\/\/besi.hu\/wp-content\/uploads\/2021\/10\/varazs_05-scaled.jpg\" data-link=\"https:\/\/besi.hu\/?attachment_id=2055\" class=\"wp-image-2055\" srcset=\"https:\/\/besi.hu\/wp-content\/uploads\/2021\/10\/varazs_05-1024x683.jpg 1024w, https:\/\/besi.hu\/wp-content\/uploads\/2021\/10\/varazs_05-300x200.jpg 300w, https:\/\/besi.hu\/wp-content\/uploads\/2021\/10\/varazs_05-768x512.jpg 768w, https:\/\/besi.hu\/wp-content\/uploads\/2021\/10\/varazs_05-1536x1024.jpg 1536w, https:\/\/besi.hu\/wp-content\/uploads\/2021\/10\/varazs_05-2048x1365.jpg 2048w\" sizes=\"auto, (max-width: 1024px) 100vw, 1024px\" \/><figcaption class=\"blocks-gallery-item__caption\">A m\u0171hely tan\u00e1rai: Dr. Konczn\u00e9 Dr. J\u00e1mbrik Katalin (bal oldal, biol\u00f3gia), T\u00f3th-G\u00e1l Zsuzsanna Napsug\u00e1r (jobb oldal, matematika-k\u00e9mia) \u00e9s Dr. Koncz G\u00e1bor (biol\u00f3gia) <\/figcaption><\/figure><\/li><li class=\"blocks-gallery-item\"><figure><img loading=\"lazy\" decoding=\"async\" width=\"1024\" height=\"768\" src=\"https:\/\/besi.hu\/wp-content\/uploads\/2021\/10\/varazs_06-1024x768.jpg\" alt=\"\" data-id=\"2060\" data-full-url=\"https:\/\/besi.hu\/wp-content\/uploads\/2021\/10\/varazs_06-scaled.jpg\" data-link=\"https:\/\/besi.hu\/?attachment_id=2060\" class=\"wp-image-2060\" srcset=\"https:\/\/besi.hu\/wp-content\/uploads\/2021\/10\/varazs_06-1024x768.jpg 1024w, https:\/\/besi.hu\/wp-content\/uploads\/2021\/10\/varazs_06-300x225.jpg 300w, https:\/\/besi.hu\/wp-content\/uploads\/2021\/10\/varazs_06-768x576.jpg 768w, https:\/\/besi.hu\/wp-content\/uploads\/2021\/10\/varazs_06-1536x1152.jpg 1536w, https:\/\/besi.hu\/wp-content\/uploads\/2021\/10\/varazs_06-2048x1536.jpg 2048w, https:\/\/besi.hu\/wp-content\/uploads\/2021\/10\/varazs_06-267x200.jpg 267w\" sizes=\"auto, (max-width: 1024px) 100vw, 1024px\" \/><figcaption class=\"blocks-gallery-item__caption\">\u00c9letk\u00e9p m\u0171helymunka k\u00f6zben <\/figcaption><\/figure><\/li><li class=\"blocks-gallery-item\"><figure><img loading=\"lazy\" decoding=\"async\" width=\"1000\" height=\"667\" src=\"https:\/\/besi.hu\/wp-content\/uploads\/2021\/10\/varazs_12.jpg\" alt=\"\" data-id=\"2054\" data-full-url=\"https:\/\/besi.hu\/wp-content\/uploads\/2021\/10\/varazs_12.jpg\" data-link=\"https:\/\/besi.hu\/?attachment_id=2054\" class=\"wp-image-2054\" srcset=\"https:\/\/besi.hu\/wp-content\/uploads\/2021\/10\/varazs_12.jpg 1000w, https:\/\/besi.hu\/wp-content\/uploads\/2021\/10\/varazs_12-300x200.jpg 300w, https:\/\/besi.hu\/wp-content\/uploads\/2021\/10\/varazs_12-768x512.jpg 768w\" sizes=\"auto, (max-width: 1000px) 100vw, 1000px\" \/><figcaption class=\"blocks-gallery-item__caption\">A Science on Stage verseny\u00e9n <\/figcaption><\/figure><\/li><\/ul><\/figure>\n\n\n<p><span style=\"font-weight: 400;\">A szakk\u00f6rben r\u00e9sztvev\u0151 \u00e9s a foglalkoz\u00e1sokat l\u00e1togat\u00f3 tanul\u00f3k sz\u00e1m\u00e1ra szinte az \u00f6sszes kompetenciater\u00fclet fejleszt\u00e9s\u00e9t biztos\u00edtjuk. A gyakorlatorient\u00e1lt foglalkoz\u00e1soknak k\u00f6sz\u00f6nhet\u0151en fejl\u0151dik az \u00e9nk\u00e9p \u00e9s \u00f6nismeret, a testi \u00e9s lelki eg\u00e9szs\u00e9g, a k\u00f6rnyezettudatoss\u00e1gra nevel\u00e9s. A gyerekek \u00e1ltal elv\u00e9gzett, manu\u00e1lis k\u00e9szs\u00e9geket er\u0151teljesen fejleszt\u0151 k\u00eds\u00e9rletekhez t\u00f6bbnyire h\u00e9tk\u00f6znapi, b\u00e1rki konyh\u00e1j\u00e1ban megtal\u00e1lhat\u00f3 anyagokat haszn\u00e1lunk. A m\u0171helyben r\u00e9sztvev\u0151 l\u00e1togat\u00f3k r\u00e9szesei lehetnek egy gyakorlatorient\u00e1lt, \u00e9lm\u00e9nyalap\u00fa, interakt\u00edv k\u00eds\u00e9rleti foglalkoz\u00e1snak. A foglalkoz\u00e1sokon seg\u00e9dkez\u0151, a foglalkoz\u00e1sok k\u00eds\u00e9rleteit el\u0151k\u00e9sz\u00edt\u0151 tanul\u00f3k pedig \u00f6n\u00e1ll\u00f3an, a felfedeztet\u0151 oktat\u00e1sban rejl\u0151 lehet\u0151s\u00e9geket maxim\u00e1lisan kihaszn\u00e1lva fejl\u0151dhetnek. Nincs kimeneti k\u00f6vetelm\u00e9ny, a szakk\u00f6r nyitott mindenki sz\u00e1m\u00e1ra. A c\u00e9l az \u00f6n\u00e1ll\u00f3 \u00e9s csoportos munkav\u00e9gz\u00e9s sor\u00e1n ad\u00f3d\u00f3 probl\u00e9m\u00e1k, kih\u00edv\u00e1sok megold\u00e1sa. Ennek sor\u00e1n kiv\u00e1l\u00f3 lehet\u0151s\u00e9g ny\u00edlik a term\u00e9szettudom\u00e1nyos jelens\u00e9gek meg\u00e9rt\u00e9s\u00e9re, a k\u00eds\u00e9rletez\u00e9s alapjainak elsaj\u00e1t\u00edt\u00e1s\u00e1ra, jelens\u00e9gek m\u00f6g\u00f6tt \u00e1ll\u00f3 \u00f6sszef\u00fcgg\u00e9sek l\u00e1ttat\u00e1s\u00e1ra.<\/span><\/p>\n\n\n<figure class=\"wp-block-gallery columns-1 is-cropped wp-block-gallery-3 is-layout-flex wp-block-gallery-is-layout-flex\"><ul class=\"blocks-gallery-grid\"><li class=\"blocks-gallery-item\"><figure><img loading=\"lazy\" decoding=\"async\" width=\"1024\" height=\"614\" src=\"https:\/\/besi.hu\/wp-content\/uploads\/2021\/10\/varazs_07-1024x614.jpg\" alt=\"\" data-id=\"2047\" data-full-url=\"https:\/\/besi.hu\/wp-content\/uploads\/2021\/10\/varazs_07.jpg\" data-link=\"https:\/\/besi.hu\/?attachment_id=2047\" class=\"wp-image-2047\" srcset=\"https:\/\/besi.hu\/wp-content\/uploads\/2021\/10\/varazs_07-1024x614.jpg 1024w, https:\/\/besi.hu\/wp-content\/uploads\/2021\/10\/varazs_07-300x180.jpg 300w, https:\/\/besi.hu\/wp-content\/uploads\/2021\/10\/varazs_07-768x461.jpg 768w, https:\/\/besi.hu\/wp-content\/uploads\/2021\/10\/varazs_07-1536x922.jpg 1536w, https:\/\/besi.hu\/wp-content\/uploads\/2021\/10\/varazs_07-2048x1229.jpg 2048w, https:\/\/besi.hu\/wp-content\/uploads\/2021\/10\/varazs_07-333x200.jpg 333w\" sizes=\"auto, (max-width: 1024px) 100vw, 1024px\" \/><figcaption class=\"blocks-gallery-item__caption\">A Var\u00e1zsv\u00e1r m\u0171hely n\u00e9h\u00e1ny tanul\u00f3ja (balr\u00f3l jobbra: Hossz\u00fa Zsolt, Kalm\u00e1r \u00c1d\u00e1m, Al-Hamati Ahmed, Kert\u00e9sz K\u00edra) \u00e9s a tan\u00e1rai a gy\u0151ri K\u00eds\u00e9rletbaz\u00e1r rendezv\u00e9nyen<\/figcaption><\/figure><\/li><\/ul><\/figure>\n\n\n<p><span style=\"font-weight: 400;\">Egy-egy foglalkoz\u00e1s megval\u00f3sulhat iskol\u00e1nk laborat\u00f3rium\u00e1ban egy mese keretein bel\u00fcl; de rendez\u00fcnk interakt\u00edv k\u00eds\u00e9rletez\u0151s j\u00e1tsz\u00f3h\u00e1zakat ak\u00e1r k\u00fcls\u0151 helysz\u00edneken is. Iskol\u00e1nk szellemis\u00e9ge \u00e9s Var\u00e1zsv\u00e1r m\u0171hely\u00fcnk gondolatis\u00e1ga az alapja annak, hogy innovat\u00edv term\u00e9szettudom\u00e1nyos m\u0171hely\u00fcnk megyei \u00e9s orsz\u00e1gos szinten egyar\u00e1nt ismert m\u00e1r. A k\u00f6rnyez\u0151 \u00f3vod\u00e1k, \u00e1ltal\u00e1nos iskol\u00e1k mindegyik\u00e9nek tartottunk m\u00e1r az elm\u00falt \u00e9vek sor\u00e1n interakt\u00edv k\u00eds\u00e9rleti foglalkoz\u00e1st. M\u0171hely\u00fcnket t\u00f6bb konferenci\u00e1n \u00e9s egy\u00e9b rendezv\u00e9nyen bemutattuk m\u00e1r, sz\u00e1mos felk\u00e9r\u00e9snek tett\u00fcnk \u00e9s tesz\u00fcnk eleget folyamatosan. Folyamatos munk\u00e1nknak k\u00f6sz\u00f6nhet\u0151en t\u00f6bb csal\u00e1d is \u00e1lland\u00f3 r\u00e9sztvev\u0151je foglalkoz\u00e1sainknak, emellett iskol\u00e1nkb\u00f3l is t\u00f6bb oszt\u00e1lyf\u0151n\u00f6k k\u00e9rt m\u00e1r fel minket egy-egy bemutat\u00f3 megtart\u00e1s\u00e1ra. Emellett koll\u00e9g\u00e1ink k\u00f6r\u00e9ben is n\u00e9pszer\u0171 a m\u0171hely\u00fcnk, t\u00f6bben eg\u00e9sz csal\u00e1djukkal \u00e9rkeznek bemutat\u00f3inkra. A Var\u00e1zsv\u00e1r m\u0171helyr\u0151l megjelent internetes \u00e9s pap\u00edralap\u00fa publik\u00e1ci\u00f3k sz\u00e1ma eddig t\u00f6bb, mint 20. Legal\u00e1bb 1500 \u00f3vod\u00e1s \u00e9s kisiskol\u00e1s di\u00e1k vett r\u00e9szt a foglalkoz\u00e1sainkon, 15 k\u00eds\u00e9rleti bemutat\u00f3t \u00e9s 10 m\u00f3dszertani el\u0151ad\u00e1st tartottunk m\u00e1r munk\u00e1nkr\u00f3l.<\/span><\/p>\n\n\n<figure class=\"wp-block-gallery columns-2 is-cropped wp-block-gallery-4 is-layout-flex wp-block-gallery-is-layout-flex\"><ul class=\"blocks-gallery-grid\"><li class=\"blocks-gallery-item\"><figure><img loading=\"lazy\" decoding=\"async\" width=\"1024\" height=\"683\" src=\"https:\/\/besi.hu\/wp-content\/uploads\/2021\/10\/varazs_08-1024x683.jpg\" alt=\"\" data-id=\"2056\" data-full-url=\"https:\/\/besi.hu\/wp-content\/uploads\/2021\/10\/varazs_08-scaled.jpg\" data-link=\"https:\/\/besi.hu\/?attachment_id=2056\" class=\"wp-image-2056\" srcset=\"https:\/\/besi.hu\/wp-content\/uploads\/2021\/10\/varazs_08-1024x683.jpg 1024w, https:\/\/besi.hu\/wp-content\/uploads\/2021\/10\/varazs_08-300x200.jpg 300w, https:\/\/besi.hu\/wp-content\/uploads\/2021\/10\/varazs_08-768x512.jpg 768w, https:\/\/besi.hu\/wp-content\/uploads\/2021\/10\/varazs_08-1536x1024.jpg 1536w, https:\/\/besi.hu\/wp-content\/uploads\/2021\/10\/varazs_08-2048x1365.jpg 2048w\" sizes=\"auto, (max-width: 1024px) 100vw, 1024px\" \/><figcaption class=\"blocks-gallery-item__caption\">K\u00eds\u00e9rleti bemutat\u00f3 k\u00f6zben<\/figcaption><\/figure><\/li><li class=\"blocks-gallery-item\"><figure><img loading=\"lazy\" decoding=\"async\" width=\"1024\" height=\"683\" src=\"https:\/\/besi.hu\/wp-content\/uploads\/2021\/10\/varazs_09-1024x683.jpg\" alt=\"\" data-id=\"2052\" data-full-url=\"https:\/\/besi.hu\/wp-content\/uploads\/2021\/10\/varazs_09-scaled.jpg\" data-link=\"https:\/\/besi.hu\/?attachment_id=2052\" class=\"wp-image-2052\" srcset=\"https:\/\/besi.hu\/wp-content\/uploads\/2021\/10\/varazs_09-1024x683.jpg 1024w, https:\/\/besi.hu\/wp-content\/uploads\/2021\/10\/varazs_09-300x200.jpg 300w, https:\/\/besi.hu\/wp-content\/uploads\/2021\/10\/varazs_09-768x512.jpg 768w, https:\/\/besi.hu\/wp-content\/uploads\/2021\/10\/varazs_09-1536x1024.jpg 1536w, https:\/\/besi.hu\/wp-content\/uploads\/2021\/10\/varazs_09-2048x1365.jpg 2048w\" sizes=\"auto, (max-width: 1024px) 100vw, 1024px\" \/><figcaption class=\"blocks-gallery-item__caption\">Csal\u00e1di \u00f6sszpontos\u00edt\u00e1s <\/figcaption><\/figure><\/li><li class=\"blocks-gallery-item\"><figure><img loading=\"lazy\" decoding=\"async\" width=\"1024\" height=\"768\" src=\"https:\/\/besi.hu\/wp-content\/uploads\/2021\/10\/varazs_10-1024x768.jpg\" alt=\"\" data-id=\"2053\" data-full-url=\"https:\/\/besi.hu\/wp-content\/uploads\/2021\/10\/varazs_10-scaled.jpg\" data-link=\"https:\/\/besi.hu\/?attachment_id=2053\" class=\"wp-image-2053\" srcset=\"https:\/\/besi.hu\/wp-content\/uploads\/2021\/10\/varazs_10-1024x768.jpg 1024w, https:\/\/besi.hu\/wp-content\/uploads\/2021\/10\/varazs_10-300x225.jpg 300w, https:\/\/besi.hu\/wp-content\/uploads\/2021\/10\/varazs_10-768x576.jpg 768w, https:\/\/besi.hu\/wp-content\/uploads\/2021\/10\/varazs_10-1536x1152.jpg 1536w, https:\/\/besi.hu\/wp-content\/uploads\/2021\/10\/varazs_10-2048x1536.jpg 2048w, https:\/\/besi.hu\/wp-content\/uploads\/2021\/10\/varazs_10-267x200.jpg 267w\" sizes=\"auto, (max-width: 1024px) 100vw, 1024px\" \/><figcaption class=\"blocks-gallery-item__caption\">Csal\u00e1di \u00f6sszpontos\u00edt\u00e1s <\/figcaption><\/figure><\/li><\/ul><\/figure>\n\n\n<p><span style=\"font-weight: 400;\">A k\u00eds\u00e9rleti bemutat\u00f3 foglalkoz\u00e1sokon t\u00f6reksz\u00fcnk arra, hogy min\u00e9l t\u00f6bbsz\u00f6r foglalkozzunk kett\u0151s k\u00fcl\u00f6nlegess\u00e9g\u0171 tanul\u00f3kkal. \u00cdgy m\u00e1r t\u00f6bbsz\u00f6r tartottunk bemutat\u00f3t \u00e9s interakt\u00edv foglalkoz\u00e1st diszlexi\u00e1s, diszkalkuli\u00e1s, autista, szellemi fogyat\u00e9kos di\u00e1koknak.\u00a0<\/span><\/p>\n<p><span style=\"font-weight: 400;\">A Var\u00e1zsv\u00e1r nev\u0171 term\u00e9szettudom\u00e1nyos m\u0171hely c\u00e9lja teh\u00e1t a term\u00e9szettudom\u00e1nyok sz\u00e9ps\u00e9geinek l\u00e1ttat\u00e1sa m\u00e1r kisgyerek kort\u00f3l. C\u00e9lunk, hogy min\u00e9l t\u00f6bb kisgyerek, illetve min\u00e9l t\u00f6bb iskol\u00e1skor\u00fa gyerek vegyen r\u00e9szt interakt\u00edv foglalkoz\u00e1sainkon. Ennek seg\u00edts\u00e9g\u00e9vel szeretn\u00e9nk, ha a term\u00e9szettudom\u00e1nyok k\u00f6zelebb ker\u00fcln\u00e9nek a fiatalokhoz. Nem a defin\u00edci\u00f3k, elvont fogalmak magyar\u00e1zat\u00e1ra fektet\u00fcnk nagy hangs\u00falyt, c\u00e9lunk az \u00e9lm\u00e9nyen \u00e9s \u00f6r\u00f6m\u00f6n alapul\u00f3 tanul\u00e1si folyamat n\u00e9pszer\u0171s\u00edt\u00e9se.<\/span><\/p>\n<p><i><span style=\"font-weight: 400;\">A vid\u00e1m elme j\u00f3 orvoss\u00e1gul szolg\u00e1l; a szomor\u00fa l\u00e9lek pedig megsz\u00e1raztja a csontokat.\u201d<\/span><\/i><\/p>\n<p><i><span style=\"font-weight: 400;\">P\u00e9ldabesz\u00e9dek, 17. 22<\/span><\/i><\/p>\n\n\n<figure class=\"wp-block-gallery columns-1 is-cropped wp-block-gallery-5 is-layout-flex wp-block-gallery-is-layout-flex\"><ul class=\"blocks-gallery-grid\"><li class=\"blocks-gallery-item\"><figure><img loading=\"lazy\" decoding=\"async\" width=\"1024\" height=\"681\" src=\"https:\/\/besi.hu\/wp-content\/uploads\/2021\/10\/varazs_11-1024x681.jpg\" alt=\"\" data-id=\"2051\" data-full-url=\"https:\/\/besi.hu\/wp-content\/uploads\/2021\/10\/varazs_11-scaled.jpg\" data-link=\"https:\/\/besi.hu\/?attachment_id=2051\" class=\"wp-image-2051\" srcset=\"https:\/\/besi.hu\/wp-content\/uploads\/2021\/10\/varazs_11-1024x681.jpg 1024w, https:\/\/besi.hu\/wp-content\/uploads\/2021\/10\/varazs_11-300x199.jpg 300w, https:\/\/besi.hu\/wp-content\/uploads\/2021\/10\/varazs_11-768x511.jpg 768w, https:\/\/besi.hu\/wp-content\/uploads\/2021\/10\/varazs_11-1536x1021.jpg 1536w, https:\/\/besi.hu\/wp-content\/uploads\/2021\/10\/varazs_11-2048x1362.jpg 2048w, https:\/\/besi.hu\/wp-content\/uploads\/2021\/10\/varazs_11-301x200.jpg 301w\" sizes=\"auto, (max-width: 1024px) 100vw, 1024px\" \/><figcaption class=\"blocks-gallery-item__caption\">Kar\u00e1csonyi bemutat\u00f3<\/figcaption><\/figure><\/li><\/ul><\/figure>\n<div class=\"pvc_clear\"><\/div><p id=\"pvc_stats_1711\" class=\"pvc_stats all  \" data-element-id=\"1711\" style=\"\"><i class=\"pvc-stats-icon medium\" aria-hidden=\"true\"><svg aria-hidden=\"true\" focusable=\"false\" data-prefix=\"far\" data-icon=\"chart-bar\" role=\"img\" xmlns=\"http:\/\/www.w3.org\/2000\/svg\" viewBox=\"0 0 512 512\" class=\"svg-inline--fa fa-chart-bar fa-w-16 fa-2x\"><path fill=\"currentColor\" d=\"M396.8 352h22.4c6.4 0 12.8-6.4 12.8-12.8V108.8c0-6.4-6.4-12.8-12.8-12.8h-22.4c-6.4 0-12.8 6.4-12.8 12.8v230.4c0 6.4 6.4 12.8 12.8 12.8zm-192 0h22.4c6.4 0 12.8-6.4 12.8-12.8V140.8c0-6.4-6.4-12.8-12.8-12.8h-22.4c-6.4 0-12.8 6.4-12.8 12.8v198.4c0 6.4 6.4 12.8 12.8 12.8zm96 0h22.4c6.4 0 12.8-6.4 12.8-12.8V204.8c0-6.4-6.4-12.8-12.8-12.8h-22.4c-6.4 0-12.8 6.4-12.8 12.8v134.4c0 6.4 6.4 12.8 12.8 12.8zM496 400H48V80c0-8.84-7.16-16-16-16H16C7.16 64 0 71.16 0 80v336c0 17.67 14.33 32 32 32h464c8.84 0 16-7.16 16-16v-16c0-8.84-7.16-16-16-16zm-387.2-48h22.4c6.4 0 12.8-6.4 12.8-12.8v-70.4c0-6.4-6.4-12.8-12.8-12.8h-22.4c-6.4 0-12.8 6.4-12.8 12.8v70.4c0 6.4 6.4 12.8 12.8 12.8z\" class=\"\"><\/path><\/svg><\/i> <img loading=\"lazy\" decoding=\"async\" width=\"16\" height=\"16\" alt=\"Loading\" src=\"https:\/\/besi.hu\/wp-content\/plugins\/page-views-count\/ajax-loader-2x.gif\" border=0 \/><\/p><div class=\"pvc_clear\"><\/div>","protected":false},"excerpt":{"rendered":"<p>A mes\u00e9k az\u00e9rt ny\u0171g\u00f6zik le a gyerekeket, mert a vil\u00e1got olyannak l\u00e1ttatj\u00e1k, amilyen az val\u00f3j\u00e1ban: a hat\u00e1rtalan lehet\u0151s\u00e9gek birodalm\u00e1nak.\u201d (Boldizs\u00e1r Ildik\u00f3) Az elm\u00falt \u00e9vekben sokan besz\u00e9ltek m\u00e1r a term\u00e9szettudom\u00e1nyos oktat\u00e1s neh\u00e9zs\u00e9geir\u0151l, kih\u00edv\u00e1sair\u00f3l. Sokat olvashattunk arr\u00f3l, hogy egyre kevesebben v\u00e1lasztanak term\u00e9szettudom\u00e1nyos, m\u0171szaki p\u00e1ly\u00e1t. A negat\u00edv hang\u00fa \u00edr\u00e1sok alapj\u00e1n azt gondolhatj\u00e1k sokan,&#8230;<\/p>\n<div class=\"pvc_clear\"><\/div>\n<p id=\"pvc_stats_1711\" class=\"pvc_stats all  \" data-element-id=\"1711\" style=\"\"><i class=\"pvc-stats-icon medium\" aria-hidden=\"true\"><svg aria-hidden=\"true\" focusable=\"false\" data-prefix=\"far\" data-icon=\"chart-bar\" role=\"img\" xmlns=\"http:\/\/www.w3.org\/2000\/svg\" viewBox=\"0 0 512 512\" class=\"svg-inline--fa fa-chart-bar fa-w-16 fa-2x\"><path fill=\"currentColor\" d=\"M396.8 352h22.4c6.4 0 12.8-6.4 12.8-12.8V108.8c0-6.4-6.4-12.8-12.8-12.8h-22.4c-6.4 0-12.8 6.4-12.8 12.8v230.4c0 6.4 6.4 12.8 12.8 12.8zm-192 0h22.4c6.4 0 12.8-6.4 12.8-12.8V140.8c0-6.4-6.4-12.8-12.8-12.8h-22.4c-6.4 0-12.8 6.4-12.8 12.8v198.4c0 6.4 6.4 12.8 12.8 12.8zm96 0h22.4c6.4 0 12.8-6.4 12.8-12.8V204.8c0-6.4-6.4-12.8-12.8-12.8h-22.4c-6.4 0-12.8 6.4-12.8 12.8v134.4c0 6.4 6.4 12.8 12.8 12.8zM496 400H48V80c0-8.84-7.16-16-16-16H16C7.16 64 0 71.16 0 80v336c0 17.67 14.33 32 32 32h464c8.84 0 16-7.16 16-16v-16c0-8.84-7.16-16-16-16zm-387.2-48h22.4c6.4 0 12.8-6.4 12.8-12.8v-70.4c0-6.4-6.4-12.8-12.8-12.8h-22.4c-6.4 0-12.8 6.4-12.8 12.8v70.4c0 6.4 6.4 12.8 12.8 12.8z\" class=\"\"><\/path><\/svg><\/i> <img loading=\"lazy\" decoding=\"async\" width=\"16\" height=\"16\" alt=\"Loading\" src=\"https:\/\/besi.hu\/wp-content\/plugins\/page-views-count\/ajax-loader-2x.gif\" border=0 \/><\/p>\n<div class=\"pvc_clear\"><\/div>\n","protected":false},"author":2,"featured_media":0,"parent":0,"menu_order":0,"comment_status":"closed","ping_status":"closed","template":"","meta":{"footnotes":""},"class_list":["post-1711","page","type-page","status-publish","hentry"],"aioseo_notices":[],"a3_pvc":{"activated":true,"total_views":861,"today_views":0},"_links":{"self":[{"href":"https:\/\/besi.hu\/index.php?rest_route=\/wp\/v2\/pages\/1711","targetHints":{"allow":["GET"]}}],"collection":[{"href":"https:\/\/besi.hu\/index.php?rest_route=\/wp\/v2\/pages"}],"about":[{"href":"https:\/\/besi.hu\/index.php?rest_route=\/wp\/v2\/types\/page"}],"author":[{"embeddable":true,"href":"https:\/\/besi.hu\/index.php?rest_route=\/wp\/v2\/users\/2"}],"replies":[{"embeddable":true,"href":"https:\/\/besi.hu\/index.php?rest_route=%2Fwp%2Fv2%2Fcomments&post=1711"}],"version-history":[{"count":4,"href":"https:\/\/besi.hu\/index.php?rest_route=\/wp\/v2\/pages\/1711\/revisions"}],"predecessor-version":[{"id":2062,"href":"https:\/\/besi.hu\/index.php?rest_route=\/wp\/v2\/pages\/1711\/revisions\/2062"}],"wp:attachment":[{"href":"https:\/\/besi.hu\/index.php?rest_route=%2Fwp%2Fv2%2Fmedia&parent=1711"}],"curies":[{"name":"wp","href":"https:\/\/api.w.org\/{rel}","templated":true}]}}