{"id":1717,"date":"2021-09-07T22:04:24","date_gmt":"2021-09-07T20:04:24","guid":{"rendered":"https:\/\/besi.hu\/?page_id=1717"},"modified":"2021-10-20T21:01:32","modified_gmt":"2021-10-20T19:01:32","slug":"zenei-kincskereses-zenei-tehetseggondozas","status":"publish","type":"page","link":"https:\/\/besi.hu\/?page_id=1717","title":{"rendered":"Zenei kincskeres\u00e9s &#8211; zenei tehets\u00e9ggondoz\u00e1s"},"content":{"rendered":"<p style=\"text-align: center;\"><i><span style=\"font-weight: 400;\">\u201eAki zen\u00e9vel indul az \u00e9letbe, bearanyozza minden k\u00e9s\u0151bbi tev\u00e9kenys\u00e9g\u00e9t, az \u00e9letnek olyan kincs\u00e9t kapja ezzel, amely \u00e1tseg\u00edti sok bajon. A\u00a0zene t\u00e1pl\u00e1l\u00f3, vigasztal\u00f3 elix\u00edr, \u00e9s az \u00e9let sz\u00e9ps\u00e9g\u00e9t, s ami benne \u00e9rt\u00e9k, azt mind meghatv\u00e1nyozza.\u201d (Kod\u00e1ly Z.)<\/span><\/i><\/p>\n<p><span style=\"font-weight: 400;\">A gimn\u00e1zium zenepedag\u00f3giai elve a Kod\u00e1ly koncepci\u00f3ra \u00e9p\u00fcl, az akt\u00edv \u00e9nekl\u00e9st \u00e9s zen\u00e9l\u00e9st szorgalmazva, tradicion\u00e1lis n\u00e9pzen\u00e9n \u00e9s ig\u00e9nyes m\u0171zen\u00e9n alapul.<\/span><\/p>\n<p><span style=\"font-weight: 400;\">A kerettantervben felt\u00fcntetett anyagokon kereszt\u00fcl a tanul\u00f3k megismerhetik magyar n\u00e9pzen\u00e9nk \u00e9s m\u00e1s n\u00e9pek zen\u00e9je, nemzeti zenei kult\u00far\u00e1nk \u00e9s a klasszikus zene, a jazz, valamint a popul\u00e1ris m\u0171fajok ig\u00e9nyes szemelv\u00e9nyeit, saj\u00e1toss\u00e1gait. C\u00e9lunk, hogy sz\u00e9lesk\u00f6r\u0171 \u00e9lm\u00e9nyeket szerezzenek a tanul\u00f3k, mely seg\u00edti \u0151ket eligazodni a k\u00f6r\u00fcl\u00f6tt\u00fcnk l\u00e9v\u0151 soksz\u00edn\u0171 zenei vil\u00e1gban.<\/span><\/p>\n<p><span style=\"font-weight: 400;\">A zenepedag\u00f3giai munka a tanul\u00f3k iskol\u00e1ban, iskol\u00e1n k\u00edv\u00fcl szerzett zenei tapasztalataira, \u00e9lm\u00e9nyeire \u00e9p\u00fclhet, amely \u00f6szt\u00f6n\u00f6zheti \u0151ket \u00e9nekkarban \u00e9s h\u00e1zi zen\u00e9l\u00e9sen val\u00f3 akt\u00edv r\u00e9szv\u00e9telre.<\/span><span style=\"font-weight: 400;\"><br \/><br \/><\/span><\/p>\n<p><span style=\"font-weight: 400;\">K\u00e9pess\u00e9gfejleszt\u00e9s az \u00e9nek-zene \u00f3r\u00e1kon<\/span><\/p>\n<p style=\"text-align: center;\"><i><span style=\"font-weight: 400;\">\u201eAz\u00e9rt legfontosabb a zenei nevel\u00e9s, mivel a ritmus \u00e9s \u00f6sszhang mer\u00fcl al\u00e1 legink\u00e1bb a l\u00e9lek m\u00e9ly\u00e9be, \u00e9s a leger\u0151sebben ragadja meg azt&#8230;\u201d (Plat\u00f3n)<\/span><\/i><\/p>\n<p><span style=\"font-weight: 400;\">Minden \u00f3r\u00e1n sor ker\u00fcl \u00e9nekl\u00e9sre, amely fejleszti a tanul\u00f3k zenei generat\u00edv k\u00e9szs\u00e9g\u00e9t. A generat\u00edv \u2013 l\u00e9trehoz\u00f3, alkot\u00f3 \u2013 k\u00e9szs\u00e9gek \u00e9s k\u00e9pess\u00e9gek fejleszt\u00e9s\u00e9nek c\u00e9lja, hogy a tanul\u00f3k a megszerzett tapasztalatokat alkalmazni tudj\u00e1k, \u00e9s azokkal k\u00e9pesek legyenek \u00fajat alkotni. A generat\u00edv tev\u00e9kenys\u00e9gek, amelyek a kreativit\u00e1s fejleszt\u00e9se szempontj\u00e1b\u00f3l n\u00e9lk\u00fcl\u00f6zhetetlenek, fejlesztik a tanul\u00f3k zenei \u00e9rz\u00e9k\u00e9t, zene\u00e9rt\u00e9s\u00e9t \u00e9s \u00f6sszpontos\u00edt\u00f3 k\u00e9pess\u00e9g\u00e9t. Fejlesztik a tanul\u00f3k \u00f6nkifejez\u0151 k\u00e9pess\u00e9g\u00e9t, \u00f6tletgazdags\u00e1g\u00e1t, kreativit\u00e1s\u00e1t \u00e9s zenei fant\u00e1zi\u00e1j\u00e1t. A generat\u00edv tev\u00e9kenys\u00e9get mindenkor megel\u0151zi a zenei alkot\u00f3elemek (pl. ritmus, dallam, polif\u00f3nia, harm\u00f3nia, forma) vagy egy adott zenei st\u00edlushoz kapcsol\u00f3d\u00f3 zenei jelens\u00e9gek (pl. a klasszika forma\u00e9rz\u00e9ke) megismer\u00e9se az akt\u00edv zen\u00e9l\u00e9sen kereszt\u00fcl.<\/span><\/p>\n<p><span style=\"font-weight: 400;\">A befogad\u00f3i kompetenci\u00e1k fejleszt\u00e9se a zenehallgat\u00e1s anyag\u00e1nak m\u00e9lyrehat\u00f3 megismer\u00e9s\u00e9t seg\u00edti el\u0151. A fejleszt\u00e9s sor\u00e1n az \u00e9rzelmi \u00e9s intellektu\u00e1lis befogad\u00e1s egyens\u00faly\u00e1nak kell \u00e9rv\u00e9nyes\u00fclnie. A befogad\u00f3i kompetenci\u00e1k fejleszt\u00e9s\u00e9vel megalapozhat\u00f3 a tanul\u00f3k zenehallgat\u00f3i magatart\u00e1sa, akik a zenehallgat\u00e1s sor\u00e1n olyan \u00e9lm\u00e9nyeket szereznek a hallott zen\u00e9r\u0151l, amelyek hat\u00e1s\u00e1ra egyre ink\u00e1bb k\u00fcl\u00f6nbs\u00e9get tudnak tenni az elm\u00e9ly\u00fclt zenehallgat\u00e1s \u00e9s a h\u00e1tt\u00e9rzene fogyaszt\u00e1sa k\u00f6z\u00f6tt.<\/span><\/p>\n<p><span style=\"font-weight: 400;\">Zenehallgat\u00e1sn\u00e1l \u2013 figyelve a ma feln\u00f6v\u0151 gener\u00e1ci\u00f3k vizu\u00e1lis ig\u00e9ny\u00e9re \u2013 IKT-eszk\u00f6z\u00f6k, az internet \u00e9s az interakt\u00edv t\u00e1bla lehet\u0151s\u00e9geit kihaszn\u00e1lva mutatom be a koncertfelv\u00e9teleket. Amikor lehet\u0151s\u00e9g van r\u00e1, utaz\u00e1st szervez\u00fcnk Budapestre, az Operakaland keret\u00e9n bel\u00fcl, hogy a tanul\u00f3k szem\u00e9lyes \u00e9lm\u00e9nyt is szerezzenek az oper\u00e1r\u00f3l.\u00a0<\/span><\/p>\n<p><strong>40 \u00e9ves vegyeskar<\/strong><\/p>\n<p><span style=\"font-weight: 400;\">Az \u00e9nek\u00f3rai m\u0171helymunk\u00e1t k\u00f3rus m\u0171k\u00f6d\u00e9se eg\u00e9sz\u00edti ki, amely k\u00f6z\u00f6ss\u00e9gform\u00e1l\u00f3 er\u0151t k\u00e9pvisel. C\u00e9l, hogy a k\u00f3rus\u00e9nekl\u00e9s \u00f6r\u00f6m\u00e9t a tanul\u00f3k az \u00fcnnepi alkalmak \u00e9s h\u00e9tk\u00f6znapok sz\u00e1mos ter\u00fclet\u00e9n megoszthass\u00e1k m\u00e1sokkal (nemzeti \u00fcnnepek megeml\u00e9kez\u00e9sei, kar\u00e1csonyi iskolai m\u0171sor, adventi kavalk\u00e1d a v\u00e1ros f\u0151ter\u00e9n, n\u0151nap, Szeretet g\u00e1la\u2026stb).\u00a0<\/span><\/p>\n\n\n<div class=\"wp-block-columns is-layout-flex wp-container-core-columns-is-layout-9d6595d7 wp-block-columns-is-layout-flex\">\n<div class=\"wp-block-column is-layout-flow wp-block-column-is-layout-flow\" style=\"flex-basis:100%\">\n<div class=\"wp-block-image\"><figure class=\"aligncenter size-large\"><img loading=\"lazy\" decoding=\"async\" width=\"512\" height=\"342\" src=\"https:\/\/besi.hu\/wp-content\/uploads\/2021\/10\/unnamed-3.jpg\" alt=\"\" class=\"wp-image-2070\" srcset=\"https:\/\/besi.hu\/wp-content\/uploads\/2021\/10\/unnamed-3.jpg 512w, https:\/\/besi.hu\/wp-content\/uploads\/2021\/10\/unnamed-3-300x200.jpg 300w, https:\/\/besi.hu\/wp-content\/uploads\/2021\/10\/unnamed-3-299x200.jpg 299w\" sizes=\"auto, (max-width: 512px) 100vw, 512px\" \/><figcaption><em>Kar\u00e1csonyi m\u0171sor 2016<\/em><\/figcaption><\/figure><\/div>\n<\/div>\n<\/div>\n\n\n<p><span style=\"font-weight: 400;\">Iskol\u00e1nkban a vegyeskar m\u0171k\u00f6d\u00e9se t\u00f6bb mint 40 \u00e9ves m\u00faltra tekint vissza, ez id\u0151 alatt t\u00f6bb mint ezer di\u00e1k \u00e9nekelt benne. Ol\u00e1h Enik\u0151 tan\u00e1rn\u0151 elhivatott pedag\u00f3gusk\u00e9nt, k\u00f6vetkezetesen, magas szakmai tud\u00e1ssal form\u00e1lta k\u00f6z\u00f6ss\u00e9gg\u00e9 a tehets\u00e9ges \u00e9nekeseket, munk\u00e1ja nyom\u00e1n sz\u00e1mos sikert \u00e9s megsz\u00e1ml\u00e1lhatatlan emelkedett hangulat\u00fa fell\u00e9p\u00e9st meg\u00e9lve fejl\u0151d\u00f6tt az \u00e9nekkar. Kiker\u00fcltek t\u00f6bbek k\u00f6z\u00f6tt olyan szem\u00e9lyek a besis \u00e9nekesek k\u00f6z\u00fcl, mint B\u00f3di L\u00e1szl\u00f3 (Cip\u0151) a Republic egy\u00fcttes nemr\u00e9g elhunyt vezet\u0151je, Nagy S\u00e1ndor J\u00e1szai Mari-d\u00edjas sz\u00edn\u00e9sz- \u00e9nekes, \u00e9s Gubik Petra Junior Prima-d\u00edjas sz\u00edn\u00e9szn\u0151, \u00e9nekes.<\/span><\/p>\n<p><span style=\"font-weight: 400;\">A k\u00f3rusban a t\u00f6bbsz\u00f3lam\u00fas\u00e1g nagym\u00e9rt\u00e9kben fejleszti a hall\u00e1st, a k\u00f3rus, hangk\u00e9pz\u00e9s, a m\u0171vek megtanul\u00e1sa, el\u0151ad\u00e1sa pedig a zenei mem\u00f3ri\u00e1jukat \u00e9s \u00e9nekhangjukat. Ahhoz, hogy sz\u00edvesen dolgozzanak az \u00e9nekkarban, sokf\u00e9le motiv\u00e1ci\u00f3s t\u00e9nyez\u0151t kell er\u0151s\u00edteni: az \u00e9rdekl\u0151d\u00e9st, a k\u00edv\u00e1ncsis\u00e1got, a teljes\u00edtm\u00e9nyre t\u00f6rekv\u00e9st, a szorgalmat, a kitart\u00e1st, az emocion\u00e1lis f\u0171t\u00f6tts\u00e9get, \u00e9s biztos\u00edtani a j\u00f3 hangulat\u00fa pr\u00f3b\u00e1k l\u00e9gk\u00f6r\u00e9t. Karvezet\u0151k\u00e9nt nagy hangs\u00falyt fektetek az egys\u00e9ges hangz\u00e1svil\u00e1g \u00e9s a tiszta inton\u00e1ci\u00f3 fejleszt\u00e9s\u00e9re.<\/span><\/p>\n\n\n<div class=\"wp-block-image\"><figure class=\"aligncenter size-large\"><img loading=\"lazy\" decoding=\"async\" width=\"512\" height=\"341\" src=\"https:\/\/besi.hu\/wp-content\/uploads\/2021\/10\/unnamed-4.jpg\" alt=\"\" class=\"wp-image-2076\" srcset=\"https:\/\/besi.hu\/wp-content\/uploads\/2021\/10\/unnamed-4.jpg 512w, https:\/\/besi.hu\/wp-content\/uploads\/2021\/10\/unnamed-4-300x200.jpg 300w\" sizes=\"auto, (max-width: 512px) 100vw, 512px\" \/><figcaption><em>Okt\u00f3ber 23-i v\u00e1rosi megeml\u00e9kez\u00e9s 2017-ben<\/em><\/figcaption><\/figure><\/div>\n\n\n<p><span style=\"font-weight: 400;\">A tehets\u00e9gek \u00e9szlel\u00e9se, felismer\u00e9se els\u0151sorban a tan\u00f3r\u00e1kon t\u00f6rt\u00e9nik. A hangk\u00e9pz\u00e9s \u00f3r\u00e1k sor\u00e1n a kiemelked\u0151 \u00e9nekesek r\u00e9szes\u00fclnek egy\u00e9ni fejleszt\u00e9sben. A hangk\u00e9pz\u00e9s sor\u00e1n a di\u00e1k elsaj\u00e1t\u00edtja a helyes l\u00e9gz\u00e9s technik\u00e1j\u00e1t, a hangok helyes k\u00e9pz\u00e9s\u00e9t rezonancia- \u00e9s ambitusn\u00f6vel\u0151 gyakorlatok sor\u00e1n, emellett term\u00e9szetesen a dalok megform\u00e1l\u00e1s\u00e1t, a st\u00edlusos el\u0151ad\u00e1st. A Kisv\u00e1rdai Amat\u0151r Sz\u00ednt\u00e1rsulatnak, a Doktorocknak is \u00e1lland\u00f3 \u00e9s sikeres el\u0151ad\u00f3i a jelenlegi \u00e9s volt tan\u00edtv\u00e1nyaink.<\/span><\/p>\n\n\n<div class=\"wp-block-image\"><figure class=\"aligncenter size-large\"><img loading=\"lazy\" decoding=\"async\" width=\"512\" height=\"342\" src=\"https:\/\/besi.hu\/wp-content\/uploads\/2021\/10\/unnamed-5.jpg\" alt=\"\" class=\"wp-image-2081\" srcset=\"https:\/\/besi.hu\/wp-content\/uploads\/2021\/10\/unnamed-5.jpg 512w, https:\/\/besi.hu\/wp-content\/uploads\/2021\/10\/unnamed-5-300x200.jpg 300w, https:\/\/besi.hu\/wp-content\/uploads\/2021\/10\/unnamed-5-299x200.jpg 299w\" sizes=\"auto, (max-width: 512px) 100vw, 512px\" \/><figcaption><em>Timku Edina, a Doktorock sz\u00ednt\u00e1rsulat tagja v\u00e9gz\u0151s di\u00e1kk\u00e9nt sz\u00f3l\u00f3t \u00e9nekel 2018 kar\u00e1csony\u00e1n<\/em><\/figcaption><\/figure><\/div>\n\n\n<p><strong>\u201eAranyos\u201d \u00e9nekesek k\u00e9pz\u00e9se<\/strong><\/p>\n<p><span style=\"font-weight: 400;\">Gimn\u00e1ziumunk kiemelt feladat\u00e1nak tekinti a h\u00e1tr\u00e1nyos helyzet\u0171, \u00e1m tehets\u00e9ges tanul\u00f3k fejleszt\u00e9s\u00e9t is. Az Arany J\u00e1nos Tehets\u00e9ggondoz\u00f3 Program r\u00e9sztvev\u0151i heti 2 \u00f3r\u00e1ban kapnak lehet\u0151s\u00e9get csoportos \u00e9nek-zene \u00f3r\u00e1n val\u00f3 r\u00e9szv\u00e9telre, mely sor\u00e1n a kar\u00e1csonyi g\u00e1lam\u0171sorra \u00e9s a P\u00e9csi AJTP M\u0171v\u00e9szeti fesztiv\u00e1lra val\u00f3 felk\u00e9sz\u00fcl\u00e9s t\u00f6rt\u00e9nik, sikeresen \u2013 hiszen minden \u00e9vben magas sz\u00ednvonalon sz\u00e1llunk versenybe az orsz\u00e1gos megm\u00e9rettet\u00e9sen csoportos \u00e9s sz\u00f3l\u00f3\u00e9nek kateg\u00f3ri\u00e1ban, gyakran elhozva az arany min\u0151s\u00edt\u00e9st.<\/span><\/p>\n\n\n<div class=\"wp-block-image\"><figure class=\"aligncenter size-large\"><img loading=\"lazy\" decoding=\"async\" width=\"512\" height=\"384\" src=\"https:\/\/besi.hu\/wp-content\/uploads\/2021\/10\/unnamed-6.jpg\" alt=\"\" class=\"wp-image-2086\" srcset=\"https:\/\/besi.hu\/wp-content\/uploads\/2021\/10\/unnamed-6.jpg 512w, https:\/\/besi.hu\/wp-content\/uploads\/2021\/10\/unnamed-6-300x225.jpg 300w, https:\/\/besi.hu\/wp-content\/uploads\/2021\/10\/unnamed-6-267x200.jpg 267w\" sizes=\"auto, (max-width: 512px) 100vw, 512px\" \/><figcaption><em>\u00c9nekes \u00e9s hangszeres d\u00edjes\u0151 az AJTP M\u0171v\u00e9szeti Fesztiv\u00e1lon. P\u00e9cs, 2018<\/em><\/figcaption><\/figure><\/div>\n\n\n<p style=\"text-align: center;\"><i><span style=\"font-weight: 400;\">\u201eKult\u00far\u00e1t nem lehet \u00f6r\u00f6k\u00f6lni. Az el\u0151d\u00f6k kult\u00far\u00e1ja egykett\u0151re elp\u00e1rolog, ha minden nemzed\u00e9k \u00fajra meg \u00fajra meg nem szerzi mag\u00e1nak.\u201d- <\/span><\/i><span style=\"font-weight: 400;\">vallja Kod\u00e1ly Zolt\u00e1n<\/span><i><span style=\"font-weight: 400;\">.<\/span><\/i><\/p>\n<p><span style=\"font-weight: 400;\">A n\u00e9pzenei hagyom\u00e1nyok, n\u00e9pdalkincs\u00fcnk fenntart\u00e1s\u00e1ra, meg\u0151rz\u00e9s\u00e9re nagy hangs\u00falyt ford\u00edtok, ez\u00e9rt a zenei nevel\u00e9s r\u00e9szek\u00e9nt n\u00e9pdalk\u00f6r is m\u0171k\u00f6dik iskol\u00e1nkban. A n\u00e9pdal\u00e9nekl\u00e9s mellett citer\u00e1zni tanulhatnak di\u00e1kjaink.\u00a0<\/span><\/p>\n<p><span style=\"font-weight: 400;\">A kisv\u00e1rdai Weiner Le\u00f3 Alapfok\u00fa M\u0171v\u00e9szeti Iskol\u00e1ban \u00e9vr\u0151l \u00e9vre sz\u00e1mos di\u00e1kunk vesz r\u00e9szt hangszeres oktat\u00e1sban, aminek k\u00f6sz\u00f6nhet\u0151en a tanul\u00f3k instrument\u00e1lis sz\u00e1mokkal sz\u00ednes\u00edtik az iskolai \u00e9s v\u00e1rosi hangversenyeket, m\u0171sorokat.\u00a0\u00a0<\/span><\/p>\n\n\n<div class=\"wp-block-image\"><figure class=\"aligncenter size-large\"><img loading=\"lazy\" decoding=\"async\" width=\"512\" height=\"341\" src=\"https:\/\/besi.hu\/wp-content\/uploads\/2021\/10\/unnamed-7.jpg\" alt=\"\" class=\"wp-image-2087\" srcset=\"https:\/\/besi.hu\/wp-content\/uploads\/2021\/10\/unnamed-7.jpg 512w, https:\/\/besi.hu\/wp-content\/uploads\/2021\/10\/unnamed-7-300x200.jpg 300w\" sizes=\"auto, (max-width: 512px) 100vw, 512px\" \/><figcaption><em>Hangszeres egy\u00fcttes az Okt\u00f3ber 23-i v\u00e1rosi megeml\u00e9kez\u00e9s sz\u00ednfoltjak\u00e9nt 2017-ben<\/em><\/figcaption><\/figure><\/div>\n<div class=\"pvc_clear\"><\/div><p id=\"pvc_stats_1717\" class=\"pvc_stats all  \" data-element-id=\"1717\" style=\"\"><i class=\"pvc-stats-icon medium\" aria-hidden=\"true\"><svg aria-hidden=\"true\" focusable=\"false\" data-prefix=\"far\" data-icon=\"chart-bar\" role=\"img\" xmlns=\"http:\/\/www.w3.org\/2000\/svg\" viewBox=\"0 0 512 512\" class=\"svg-inline--fa fa-chart-bar fa-w-16 fa-2x\"><path fill=\"currentColor\" d=\"M396.8 352h22.4c6.4 0 12.8-6.4 12.8-12.8V108.8c0-6.4-6.4-12.8-12.8-12.8h-22.4c-6.4 0-12.8 6.4-12.8 12.8v230.4c0 6.4 6.4 12.8 12.8 12.8zm-192 0h22.4c6.4 0 12.8-6.4 12.8-12.8V140.8c0-6.4-6.4-12.8-12.8-12.8h-22.4c-6.4 0-12.8 6.4-12.8 12.8v198.4c0 6.4 6.4 12.8 12.8 12.8zm96 0h22.4c6.4 0 12.8-6.4 12.8-12.8V204.8c0-6.4-6.4-12.8-12.8-12.8h-22.4c-6.4 0-12.8 6.4-12.8 12.8v134.4c0 6.4 6.4 12.8 12.8 12.8zM496 400H48V80c0-8.84-7.16-16-16-16H16C7.16 64 0 71.16 0 80v336c0 17.67 14.33 32 32 32h464c8.84 0 16-7.16 16-16v-16c0-8.84-7.16-16-16-16zm-387.2-48h22.4c6.4 0 12.8-6.4 12.8-12.8v-70.4c0-6.4-6.4-12.8-12.8-12.8h-22.4c-6.4 0-12.8 6.4-12.8 12.8v70.4c0 6.4 6.4 12.8 12.8 12.8z\" class=\"\"><\/path><\/svg><\/i> <img loading=\"lazy\" decoding=\"async\" width=\"16\" height=\"16\" alt=\"Loading\" src=\"https:\/\/besi.hu\/wp-content\/plugins\/page-views-count\/ajax-loader-2x.gif\" border=0 \/><\/p><div class=\"pvc_clear\"><\/div>","protected":false},"excerpt":{"rendered":"<p>\u201eAki zen\u00e9vel indul az \u00e9letbe, bearanyozza minden k\u00e9s\u0151bbi tev\u00e9kenys\u00e9g\u00e9t, az \u00e9letnek olyan kincs\u00e9t kapja ezzel, amely \u00e1tseg\u00edti sok bajon. A\u00a0zene t\u00e1pl\u00e1l\u00f3, vigasztal\u00f3 elix\u00edr, \u00e9s az \u00e9let sz\u00e9ps\u00e9g\u00e9t, s ami benne \u00e9rt\u00e9k, azt mind meghatv\u00e1nyozza.\u201d (Kod\u00e1ly Z.) A gimn\u00e1zium zenepedag\u00f3giai elve a Kod\u00e1ly koncepci\u00f3ra \u00e9p\u00fcl, az akt\u00edv \u00e9nekl\u00e9st \u00e9s zen\u00e9l\u00e9st szorgalmazva,&#8230;<\/p>\n<div class=\"pvc_clear\"><\/div>\n<p id=\"pvc_stats_1717\" class=\"pvc_stats all  \" data-element-id=\"1717\" style=\"\"><i class=\"pvc-stats-icon medium\" aria-hidden=\"true\"><svg aria-hidden=\"true\" focusable=\"false\" data-prefix=\"far\" data-icon=\"chart-bar\" role=\"img\" xmlns=\"http:\/\/www.w3.org\/2000\/svg\" viewBox=\"0 0 512 512\" class=\"svg-inline--fa fa-chart-bar fa-w-16 fa-2x\"><path fill=\"currentColor\" d=\"M396.8 352h22.4c6.4 0 12.8-6.4 12.8-12.8V108.8c0-6.4-6.4-12.8-12.8-12.8h-22.4c-6.4 0-12.8 6.4-12.8 12.8v230.4c0 6.4 6.4 12.8 12.8 12.8zm-192 0h22.4c6.4 0 12.8-6.4 12.8-12.8V140.8c0-6.4-6.4-12.8-12.8-12.8h-22.4c-6.4 0-12.8 6.4-12.8 12.8v198.4c0 6.4 6.4 12.8 12.8 12.8zm96 0h22.4c6.4 0 12.8-6.4 12.8-12.8V204.8c0-6.4-6.4-12.8-12.8-12.8h-22.4c-6.4 0-12.8 6.4-12.8 12.8v134.4c0 6.4 6.4 12.8 12.8 12.8zM496 400H48V80c0-8.84-7.16-16-16-16H16C7.16 64 0 71.16 0 80v336c0 17.67 14.33 32 32 32h464c8.84 0 16-7.16 16-16v-16c0-8.84-7.16-16-16-16zm-387.2-48h22.4c6.4 0 12.8-6.4 12.8-12.8v-70.4c0-6.4-6.4-12.8-12.8-12.8h-22.4c-6.4 0-12.8 6.4-12.8 12.8v70.4c0 6.4 6.4 12.8 12.8 12.8z\" class=\"\"><\/path><\/svg><\/i> <img loading=\"lazy\" decoding=\"async\" width=\"16\" height=\"16\" alt=\"Loading\" src=\"https:\/\/besi.hu\/wp-content\/plugins\/page-views-count\/ajax-loader-2x.gif\" border=0 \/><\/p>\n<div class=\"pvc_clear\"><\/div>\n","protected":false},"author":2,"featured_media":0,"parent":0,"menu_order":0,"comment_status":"closed","ping_status":"closed","template":"","meta":{"footnotes":""},"class_list":["post-1717","page","type-page","status-publish","hentry"],"aioseo_notices":[],"a3_pvc":{"activated":true,"total_views":633,"today_views":0},"_links":{"self":[{"href":"https:\/\/besi.hu\/index.php?rest_route=\/wp\/v2\/pages\/1717","targetHints":{"allow":["GET"]}}],"collection":[{"href":"https:\/\/besi.hu\/index.php?rest_route=\/wp\/v2\/pages"}],"about":[{"href":"https:\/\/besi.hu\/index.php?rest_route=\/wp\/v2\/types\/page"}],"author":[{"embeddable":true,"href":"https:\/\/besi.hu\/index.php?rest_route=\/wp\/v2\/users\/2"}],"replies":[{"embeddable":true,"href":"https:\/\/besi.hu\/index.php?rest_route=%2Fwp%2Fv2%2Fcomments&post=1717"}],"version-history":[{"count":9,"href":"https:\/\/besi.hu\/index.php?rest_route=\/wp\/v2\/pages\/1717\/revisions"}],"predecessor-version":[{"id":2088,"href":"https:\/\/besi.hu\/index.php?rest_route=\/wp\/v2\/pages\/1717\/revisions\/2088"}],"wp:attachment":[{"href":"https:\/\/besi.hu\/index.php?rest_route=%2Fwp%2Fv2%2Fmedia&parent=1717"}],"curies":[{"name":"wp","href":"https:\/\/api.w.org\/{rel}","templated":true}]}}