{"id":1726,"date":"2021-09-07T22:08:51","date_gmt":"2021-09-07T20:08:51","guid":{"rendered":"https:\/\/besi.hu\/?page_id=1726"},"modified":"2022-10-18T14:12:33","modified_gmt":"2022-10-18T12:12:33","slug":"ecdl-vizsgakozpont-vagyunk","status":"publish","type":"page","link":"https:\/\/besi.hu\/?page_id=1726","title":{"rendered":"ECDL vizsgak\u00f6zpont vagyunk"},"content":{"rendered":"<p><a href=\"https:\/\/njszt.hu\/hu\/ecdl\"><img loading=\"lazy\" decoding=\"async\" class=\"aligncenter wp-image-1174 size-medium\" src=\"https:\/\/besi.hu\/wp-content\/uploads\/2021\/09\/ECDL-logo-300x164.jpg\" alt=\"\" width=\"300\" height=\"164\" srcset=\"https:\/\/besi.hu\/wp-content\/uploads\/2021\/09\/ECDL-logo-300x164.jpg 300w, https:\/\/besi.hu\/wp-content\/uploads\/2021\/09\/ECDL-logo-365x200.jpg 365w, https:\/\/besi.hu\/wp-content\/uploads\/2021\/09\/ECDL-logo.jpg 425w\" sizes=\"auto, (max-width: 300px) 100vw, 300px\" \/><\/a><\/p>\n<p><span style=\"font-weight: 400;\">Kit\u0171z\u00f6tt c\u00e9lok, k\u00f6vetelm\u00e9nyek, hat\u00e1rid\u0151k, a megszerzett tud\u00e1st igazol\u00f3 k\u00e9zzelfoghat\u00f3 bizony\u00edt\u00e9kok lehet\u0151s\u00e9ge n\u00e9lk\u00fcl a tanul\u00f3ink motiv\u00e1l\u00e1sa mindig nehezebb. Az ECDL egys\u00e9ges nemzetk\u00f6zi szab\u00e1lyok alapj\u00e1n m\u0171k\u00f6d\u0151 modul\u00e1ris vizsgarendszer, mely a sz\u00e1m\u00edt\u00f3g\u00e9p haszn\u00e1lat\u00e1hoz sz\u00fcks\u00e9ges valamennyi ismeretet garant\u00e1lja vizsg\u00e1z\u00f3inknak, \u00e9s biztos\u00edtja az alapvet\u0151 alkalmaz\u00e1sokban val\u00f3 j\u00e1rtass\u00e1got.<\/span><\/p>\n<p><span style=\"font-weight: 400;\">Int\u00e9zm\u00e9ny\u00fcnk egyike az orsz\u00e1gban m\u0171k\u00f6d\u0151 198 akt\u00edv, akkredit\u00e1lt ECDL vizsgak\u00f6zpontnak. Az \u00e9rdekl\u0151d\u0151k \u00e9s els\u0151sorban iskol\u00e1nk tanul\u00f3i 2012 december\u00e9t\u0151l szerezhetnek n\u00e1lunk Eur\u00f3pai Sz\u00e1m\u00edt\u00f3g\u00e9p-haszn\u00e1l\u00f3i Jogos\u00edtv\u00e1nyt.\u00a0<\/span><\/p>\n<p><span style=\"font-weight: 400;\">\u00c9vente 35-40 \u00faj regisztr\u00e1lt vizsg\u00e1z\u00f3 kezdi meg a k\u00f6telez\u0151 \u00e9s v\u00e1laszthat\u00f3 modulokra <\/span><i><span style=\"font-weight: 400;\">(Sz\u00e1m\u00edt\u00f3g\u00e9pes alapismeretek, Online alapismeretek, Sz\u00f6vegszerkeszt\u00e9s, T\u00e1bl\u00e1zatkezel\u00e9s, Adatb\u00e1zis-kezel\u00e9s, Prezent\u00e1ci\u00f3, K\u00e9pszerkeszt\u00e9s, Webszerkeszt\u00e9s, IT biztons\u00e1g, K\u00f6z\u00f6ss\u00e9gi m\u00e9dia) <\/span><\/i><span style=\"font-weight: 400;\">val\u00f3 felk\u00e9sz\u00edt\u00e9st &#8211; \u0151k els\u0151sorban az iskol\u00e1nkkal jogviszonyban \u00e1ll\u00f3 tanul\u00f3k, akik k\u00f6z\u00fcl az Arany J\u00e1nos Tehets\u00e9ggondoz\u00f3 Program di\u00e1kjai ker\u00fclnek ki nagyobb l\u00e9tsz\u00e1mban. Rajtuk k\u00edv\u00fcl legink\u00e1bb az idegen nyelvi k\u00e9pz\u00e9sen \u00e9s az \u00e1ltal\u00e1nos tagozaton tanul\u00f3 di\u00e1kok szeretn\u00e9k megszerezni a nemzetk\u00f6zileg elismert \u00e9s ma m\u00e1r elektronikusan hiteles\u00edtett ECDL-bizony\u00edtv\u00e1nyt.<\/span><\/p>\n<p><span style=\"font-weight: 400;\">Informatika szakos koll\u00e9g\u00e1ink els\u0151sorban a d\u00e9lut\u00e1ni szakk\u00f6r\u00f6k\u00f6n \u00e9s koll\u00e9giumi foglalkoz\u00e1sokon k\u00e9sz\u00edtik fel tanul\u00f3inkat a 7 vagy 4 modulos vizsg\u00e1kra. Eddig 550 regisztr\u00e1lt vizsg\u00e1z\u00f3nk \u00f6sszesen 3304 modulvizsg\u00e1t tett 332 vizsg\u00e1n, k\u00f6z\u00fcl\u00fck 331-en sikeresen teljes\u00edtett\u00e9k a 7 vagy 4 modulos k\u00f6vetelm\u00e9nyeket, \u00edgy k\u00e9zhez vehett\u00e9k bizony\u00edtv\u00e1nyukat.<\/span><\/p>\n<p><span style=\"font-weight: 400;\">2020 december\u00e9t\u0151l az ECDL vizsgarendszerben \u00faj adminisztr\u00e1ci\u00f3s- \u00e9s vizsgaszoftver ker\u00fclt<\/span> <span style=\"font-weight: 400;\">bevezet\u00e9sre: a Sophia. Ezzel egyid\u0151ben a manu\u00e1lis vizsg\u00e1k mellett az automatikus vizsg\u00e1kat <\/span><i><span style=\"font-weight: 400;\">(Sz\u00e1m\u00edt\u00f3g\u00e9pes alapismeretek, Online alapismeretek, Sz\u00f6vegszerkeszt\u00e9s, T\u00e1bl\u00e1zatkezel\u00e9s, Adatb\u00e1zis-kezel\u00e9s, Prezent\u00e1ci\u00f3, IT biztons\u00e1g) <\/span><\/i><span style=\"font-weight: 400;\">is kipr\u00f3b\u00e1lhatt\u00e1k vizsg\u00e1z\u00f3ink, ahol a sz\u00e1m\u00edt\u00f3g\u00e9p \u00e1ltal v\u00e9letlenszer\u0171en gener\u00e1lt vizsga-feladatsorokat, feleletv\u00e1laszt\u00f3s teszteket \u00e9s gyakorlati feladatokat kellett megoldaniuk. Az automatikus vizsga el\u0151nye, hogy az \u00e9rt\u00e9kel\u00e9s is automatikusan t\u00f6rt\u00e9nik, \u00edgy a vizsga ut\u00e1n azonnal \u00e9rtes\u00fcl arr\u00f3l, hogy sikeres vizsg\u00e1t tett-e.<\/span><\/p>\n<p><span style=\"font-weight: 400;\">Rem\u00e9lj\u00fck, hogy az elm\u00falt tan\u00e9vben bevezetett \u00fajdons\u00e1gok (nem utols\u00f3sorban az, hogy az emelt vagy k\u00f6z\u00e9pszint\u0171 informatika \u00e9retts\u00e9gi vizsg\u00e1t jelesre teljes\u00edt\u0151k tov\u00e1bbi vizsga n\u00e9lk\u00fcl ig\u00e9nyelhetik a bizony\u00edtv\u00e1nyt) m\u00e9g t\u00f6bb tanul\u00f3t motiv\u00e1lnak arra, hogy iskol\u00e1nkban szerezz\u00e9k meg informatik\u00e1ban val\u00f3 j\u00e1rtass\u00e1guk k\u00e9zzel foghat\u00f3 bizony\u00edt\u00e9k\u00e1t.<\/span><\/p>\n<p><span style=\"font-weight: 400;\">Terveink k\u00f6z\u00f6tt szerepel, hogy a megfelel\u0151 affinit\u00e1ssal rendelkez\u0151 tanul\u00f3inkat a nagyobb kreativit\u00e1st \u00e9s probl\u00e9mamegold\u00f3 k\u00e9pess\u00e9get ig\u00e9nyl\u0151 Advanced modulok teljes\u00edt\u00e9s\u00e9re is felk\u00e9sz\u00edtj\u00fck. Erre minden rem\u00e9ny\u00fcnk megvan, hiszen a Nemzeti Alaptanterv legfrissebb verzi\u00f3ja egy \u00faj, digit\u00e1lis kult\u00fara elnevez\u00e9s\u0171 tant\u00e1rgy bevezet\u00e9s\u00e9t hat\u00e1rozta meg, mely plusz k\u00f6vetelm\u00e9nyeket \u00e9s magasabb heti \u00f3rasz\u00e1mot biztos\u00edt az \u00e1ltal\u00e1nos \u00e9s k\u00f6z\u00e9piskol\u00e1k sz\u00e1m\u00e1ra, mint amilyen az kor\u00e1bban volt.<\/span><\/p>\n<div class=\"pvc_clear\"><\/div>\n<p id=\"pvc_stats_1726\" class=\"pvc_stats all  \" data-element-id=\"1726\" style=\"\"><i class=\"pvc-stats-icon medium\" aria-hidden=\"true\"><svg aria-hidden=\"true\" focusable=\"false\" data-prefix=\"far\" data-icon=\"chart-bar\" role=\"img\" xmlns=\"http:\/\/www.w3.org\/2000\/svg\" viewBox=\"0 0 512 512\" class=\"svg-inline--fa fa-chart-bar fa-w-16 fa-2x\"><path fill=\"currentColor\" d=\"M396.8 352h22.4c6.4 0 12.8-6.4 12.8-12.8V108.8c0-6.4-6.4-12.8-12.8-12.8h-22.4c-6.4 0-12.8 6.4-12.8 12.8v230.4c0 6.4 6.4 12.8 12.8 12.8zm-192 0h22.4c6.4 0 12.8-6.4 12.8-12.8V140.8c0-6.4-6.4-12.8-12.8-12.8h-22.4c-6.4 0-12.8 6.4-12.8 12.8v198.4c0 6.4 6.4 12.8 12.8 12.8zm96 0h22.4c6.4 0 12.8-6.4 12.8-12.8V204.8c0-6.4-6.4-12.8-12.8-12.8h-22.4c-6.4 0-12.8 6.4-12.8 12.8v134.4c0 6.4 6.4 12.8 12.8 12.8zM496 400H48V80c0-8.84-7.16-16-16-16H16C7.16 64 0 71.16 0 80v336c0 17.67 14.33 32 32 32h464c8.84 0 16-7.16 16-16v-16c0-8.84-7.16-16-16-16zm-387.2-48h22.4c6.4 0 12.8-6.4 12.8-12.8v-70.4c0-6.4-6.4-12.8-12.8-12.8h-22.4c-6.4 0-12.8 6.4-12.8 12.8v70.4c0 6.4 6.4 12.8 12.8 12.8z\" class=\"\"><\/path><\/svg><\/i> <img loading=\"lazy\" decoding=\"async\" width=\"16\" height=\"16\" alt=\"Loading\" src=\"https:\/\/besi.hu\/wp-content\/plugins\/page-views-count\/ajax-loader-2x.gif\" border=0 \/><\/p>\n<div class=\"pvc_clear\"><\/div>\n","protected":false},"excerpt":{"rendered":"<p>Kit\u0171z\u00f6tt c\u00e9lok, k\u00f6vetelm\u00e9nyek, hat\u00e1rid\u0151k, a megszerzett tud\u00e1st igazol\u00f3 k\u00e9zzelfoghat\u00f3 bizony\u00edt\u00e9kok lehet\u0151s\u00e9ge n\u00e9lk\u00fcl a tanul\u00f3ink motiv\u00e1l\u00e1sa mindig nehezebb. Az ECDL egys\u00e9ges nemzetk\u00f6zi szab\u00e1lyok alapj\u00e1n m\u0171k\u00f6d\u0151 modul\u00e1ris vizsgarendszer, mely a sz\u00e1m\u00edt\u00f3g\u00e9p haszn\u00e1lat\u00e1hoz sz\u00fcks\u00e9ges valamennyi ismeretet garant\u00e1lja vizsg\u00e1z\u00f3inknak, \u00e9s biztos\u00edtja az alapvet\u0151 alkalmaz\u00e1sokban val\u00f3 j\u00e1rtass\u00e1got. Int\u00e9zm\u00e9ny\u00fcnk egyike az orsz\u00e1gban m\u0171k\u00f6d\u0151 198 akt\u00edv, akkredit\u00e1lt&#8230;<\/p>\n<div class=\"pvc_clear\"><\/div>\n<p id=\"pvc_stats_1726\" class=\"pvc_stats all  \" data-element-id=\"1726\" style=\"\"><i class=\"pvc-stats-icon medium\" aria-hidden=\"true\"><svg aria-hidden=\"true\" focusable=\"false\" data-prefix=\"far\" data-icon=\"chart-bar\" role=\"img\" xmlns=\"http:\/\/www.w3.org\/2000\/svg\" viewBox=\"0 0 512 512\" class=\"svg-inline--fa fa-chart-bar fa-w-16 fa-2x\"><path fill=\"currentColor\" d=\"M396.8 352h22.4c6.4 0 12.8-6.4 12.8-12.8V108.8c0-6.4-6.4-12.8-12.8-12.8h-22.4c-6.4 0-12.8 6.4-12.8 12.8v230.4c0 6.4 6.4 12.8 12.8 12.8zm-192 0h22.4c6.4 0 12.8-6.4 12.8-12.8V140.8c0-6.4-6.4-12.8-12.8-12.8h-22.4c-6.4 0-12.8 6.4-12.8 12.8v198.4c0 6.4 6.4 12.8 12.8 12.8zm96 0h22.4c6.4 0 12.8-6.4 12.8-12.8V204.8c0-6.4-6.4-12.8-12.8-12.8h-22.4c-6.4 0-12.8 6.4-12.8 12.8v134.4c0 6.4 6.4 12.8 12.8 12.8zM496 400H48V80c0-8.84-7.16-16-16-16H16C7.16 64 0 71.16 0 80v336c0 17.67 14.33 32 32 32h464c8.84 0 16-7.16 16-16v-16c0-8.84-7.16-16-16-16zm-387.2-48h22.4c6.4 0 12.8-6.4 12.8-12.8v-70.4c0-6.4-6.4-12.8-12.8-12.8h-22.4c-6.4 0-12.8 6.4-12.8 12.8v70.4c0 6.4 6.4 12.8 12.8 12.8z\" class=\"\"><\/path><\/svg><\/i> <img loading=\"lazy\" decoding=\"async\" width=\"16\" height=\"16\" alt=\"Loading\" src=\"https:\/\/besi.hu\/wp-content\/plugins\/page-views-count\/ajax-loader-2x.gif\" border=0 \/><\/p>\n<div class=\"pvc_clear\"><\/div>\n","protected":false},"author":2,"featured_media":0,"parent":0,"menu_order":0,"comment_status":"closed","ping_status":"closed","template":"","meta":{"footnotes":""},"class_list":["post-1726","page","type-page","status-publish","hentry"],"aioseo_notices":[],"a3_pvc":{"activated":true,"total_views":612,"today_views":0},"_links":{"self":[{"href":"https:\/\/besi.hu\/index.php?rest_route=\/wp\/v2\/pages\/1726","targetHints":{"allow":["GET"]}}],"collection":[{"href":"https:\/\/besi.hu\/index.php?rest_route=\/wp\/v2\/pages"}],"about":[{"href":"https:\/\/besi.hu\/index.php?rest_route=\/wp\/v2\/types\/page"}],"author":[{"embeddable":true,"href":"https:\/\/besi.hu\/index.php?rest_route=\/wp\/v2\/users\/2"}],"replies":[{"embeddable":true,"href":"https:\/\/besi.hu\/index.php?rest_route=%2Fwp%2Fv2%2Fcomments&post=1726"}],"version-history":[{"count":3,"href":"https:\/\/besi.hu\/index.php?rest_route=\/wp\/v2\/pages\/1726\/revisions"}],"predecessor-version":[{"id":2383,"href":"https:\/\/besi.hu\/index.php?rest_route=\/wp\/v2\/pages\/1726\/revisions\/2383"}],"wp:attachment":[{"href":"https:\/\/besi.hu\/index.php?rest_route=%2Fwp%2Fv2%2Fmedia&parent=1726"}],"curies":[{"name":"wp","href":"https:\/\/api.w.org\/{rel}","templated":true}]}}