{"id":1732,"date":"2021-09-07T22:11:40","date_gmt":"2021-09-07T20:11:40","guid":{"rendered":"https:\/\/besi.hu\/?page_id=1732"},"modified":"2021-10-20T21:29:26","modified_gmt":"2021-10-20T19:29:26","slug":"atletikai-centrum","status":"publish","type":"page","link":"https:\/\/besi.hu\/?page_id=1732","title":{"rendered":"Atl\u00e9tika Centrum: Kell egy hely, \u00e9ljen a grund!"},"content":{"rendered":"<p><span style=\"font-weight: 400;\">Moln\u00e1r Ferenc mindenki \u00e1ltal ismert reg\u00e9ny\u00e9ben fogalmazta meg azt, hogy a fiataloknak sz\u00fcks\u00e9ge van egy olyan t\u00e9rre, ahol egy\u00fctt lehetnek, sportolhatnak, k\u00f6z\u00f6ss\u00e9gi \u00e9lm\u00e9nyt \u00e9lhetnek meg. A P\u00e1l utcai fi\u00faknak ez a grund volt.\u00a0<\/span><\/p>\n<p><span style=\"font-weight: 400;\">Sok kisv\u00e1rdai fiatalnak a Besi p\u00e1lya jelentette \u00e9s jelenti a grundot. Id\u0151sebb \u00e9s nyugd\u00edjba vonult koll\u00e9g\u00e1ink elmond\u00e1sa szerint m\u00e1r az \u0151 gyermekkorukban is jelent\u0151s szerepet j\u00e1tszott a r\u00e9gi, majd az 1980 ut\u00e1ni \u00faj p\u00e1lya. A sport szem\u00e9lyis\u00e9gfejleszt\u0151 erej\u00e9r\u0151l sokan \u00e9s sokat \u00edrtak. Az eg\u00e9szs\u00e9g meg\u0151rz\u00e9se, a koordin\u00e1ci\u00f3 \u00e9s a kond\u00edci\u00f3 fejl\u0151d\u00e9se csak egy r\u00e9sze a mozg\u00e1s j\u00f3t\u00e9kony hat\u00e1sainak. Az igazi ereje a l\u00e9lek nemes\u00edt\u00e9s\u00e9ben, az \u00f6nbizalom fejleszt\u00e9s\u00e9ben, saj\u00e1t hat\u00e1raink megismer\u00e9s\u00e9ben, \u00f6nmagunk re\u00e1lis \u00e9rt\u00e9kel\u00e9s\u00e9ben, m\u00e1sok elfogad\u00e1s\u00e1ban van. Aki sportol, nemcsak megismeri k\u00e9pess\u00e9geit, hanem uralni \u00e9s ir\u00e1ny\u00edtani is megtanulja azokat. Az \u00e9let sz\u00e1mos ter\u00fclet\u00e9n k\u00e9ts\u00e9gbe vonhatj\u00e1k k\u00e9pess\u00e9geinket, vagy \u00e9ppen t\u00fal\u00e9rt\u00e9kelhetnek minket, a sportban el\u00e9rt sikereket senki nem k\u00e9rd\u0151jelezheti meg, nem lehet alul vagy fel\u00fcl \u00e9rt\u00e9kelni azokat. A stopper a m\u00e9r\u0151szalag, a megemelt s\u00faly vagy a le\u00faszott t\u00e1v nem hazudik. Ahhoz, hogy a P\u00e1l utcai fi\u00fakat tov\u00e1bbra is Boka J\u00e1noshoz hasonl\u00f3, pozit\u00edv tulajdons\u00e1gokkal rendelkez\u0151 emberek vezess\u00e9k, \u00e9s Nemecsekhez, Cs\u00f3nakoshoz hasonl\u00f3 \u02ddkaton\u00e1ik\u02dd legyenek, min\u00e9l t\u00f6bb ilyen \u02ddgrundra\u02dd van sz\u00fcks\u00e9g.<\/span><\/p>\n<p><span style=\"font-weight: 400;\">Az iskola 110. sz\u00fclet\u00e9snapj\u00e1val k\u00f6r\u00fclbel\u00fcl egyid\u0151ben \u00fcnnepli a besis atl\u00e9tika a 100. \u00e9vfordul\u00f3j\u00e1t. A Bessenyei Gimn\u00e1ziumban m\u00e1r az 1920-as \u00e9vekt\u0151l m\u0171k\u00f6dik atl\u00e9tika szakoszt\u00e1ly. Az els\u0151 sportk\u00f6r n\u00e9vad\u00f3ja Mudin Istv\u00e1n, az 1906-os ath\u00e9ni nem hivatalos olimpia ez\u00fcst- \u00e9s bronz\u00e9rmes atl\u00e9t\u00e1ja volt. Az int\u00e9zm\u00e9ny kezdetekt\u0151l fogva rendelkezett tornateremmel, volt, hogy intern\u00e1tusi termek \u00e1talak\u00edt\u00e1s\u00e1val k\u00e9t helyis\u00e9g is szolg\u00e1lta a testnevel\u00e9s oktat\u00e1s\u00e1t. 1933-ban \u00e9p\u00fclt az els\u0151 sportp\u00e1lya, a maihoz k\u00e9pest 180 fokkal elford\u00edtva. 1980-ban adt\u00e1k \u00e1t az els\u0151 szabv\u00e1nyos m\u00e9ret\u0171 atl\u00e9tika p\u00e1ly\u00e1t.<\/span><\/p>\n<p><span style=\"font-weight: 400;\">Gimn\u00e1ziumunk atl\u00e9t\u00e1i sz\u00e1mtalan hazai \u00e9s nemzetk\u00f6zi sikert \u00e9rtek el az elm\u00falt 100 \u00e9v sor\u00e1n. Az els\u0151 aranykor az 1980-as \u00e9vekben \u00e9s a 90-es \u00e9vek elej\u00e9n volt. Csucska Bog\u00e1t tan\u00e1r \u00far vezet\u00e9s\u00e9vel orsz\u00e1gos h\u00edr\u0171, v\u00e1logatott sportol\u00f3kkal rendelkez\u0151, sz\u00e1mtalan orsz\u00e1gos bajnoks\u00e1got nyer\u0151 atl\u00e9tika csapata volt a Besinek.<\/span><\/p>\n<p><span style=\"font-weight: 400;\">A 2000-es \u00e9vek k\u00f6zep\u00e9t\u0151l ism\u00e9t meg\u00e9l\u00e9nk\u00fclt az atl\u00e9tika \u00e9let a Bessenyei Gimn\u00e1ziumban. A di\u00e1kolimpi\u00e1n \u00fajra \u00e9rmeket kezdett nyerni az iskola atl\u00e9ta csapata.\u00a0 2016-ban hihetetlennek t\u0171n\u0151 h\u00edrt kaptunk: az eddig el\u00e9rt eredm\u00e9nyeknek k\u00f6sz\u00f6nhet\u0151en, szabv\u00e1nyos, rekort\u00e1n bor\u00edt\u00e1s\u00fa atl\u00e9tika p\u00e1ly\u00e1t, fut\u00f3folyos\u00f3t \u00e9p\u00edtenek iskol\u00e1nkban. Az \u00edg\u00e9ret r\u00f6vid id\u0151 alatt megval\u00f3sult, 2018 m\u00e1rcius\u00e1ban \u00e1tadt\u00e1k a vadonat\u00faj, teljesen felszerelt, nemzetk\u00f6zi versenyek lebonyol\u00edt\u00e1s\u00e1ra is alkalmas atl\u00e9tikai centrumot.<\/span><\/p>\n<p><span style=\"font-weight: 400;\">Rendelkez\u00e9s\u00fcnkre \u00e1ll:<\/span><\/p>\n<ul>\n<li style=\"font-weight: 400;\" aria-level=\"1\"><span style=\"font-weight: 400;\">szabv\u00e1nyos m\u00e9ret\u0171, k\u00f6rben hat, a c\u00e9legyenesben nyolc s\u00e1vos, rekort\u00e1n bor\u00edt\u00e1s\u00fa, kivil\u00e1g\u00edthat\u00f3 fut\u00f3p\u00e1lya,<\/span><\/li>\n<li style=\"font-weight: 400;\" aria-level=\"1\"><span style=\"font-weight: 400;\">magasugr\u00f3, r\u00fadugr\u00f3 domb,<\/span><\/li>\n<li style=\"font-weight: 400;\" aria-level=\"1\"><span style=\"font-weight: 400;\">k\u00e9t darab t\u00e1volugr\u00f3 p\u00e1lya,<\/span><\/li>\n<li style=\"font-weight: 400;\" aria-level=\"1\"><span style=\"font-weight: 400;\">dob\u00f3helyek (gerely, diszkosz, kalap\u00e1cs, s\u00faly),<\/span><\/li>\n<li style=\"font-weight: 400;\" aria-level=\"1\"><span style=\"font-weight: 400;\">szabv\u00e1nyos m\u00e9ret\u0171 f\u00fcves labdar\u00fag\u00f3 p\u00e1lya,<\/span><\/li>\n<li style=\"font-weight: 400;\" aria-level=\"1\"><span style=\"font-weight: 400;\">20&#215;40 m\u00e9teres j\u00e1t\u00e9kt\u00e9rrel rendelkez\u0151 fedett sportcsarnok,<\/span><\/li>\n<li style=\"font-weight: 400;\" aria-level=\"1\"><span style=\"font-weight: 400;\">84 m\u00e9ter hossz\u00fa 4 s\u00e1vos fut\u00f3folyos\u00f3 t\u00e1volugr\u00f3g\u00f6d\u00f6rrel, magasugr\u00f3 dombbal, kondicion\u00e1l\u00f3 teremmel.<\/span><\/li>\n<\/ul>\n\n\n<figure class=\"wp-block-gallery columns-2 is-cropped wp-block-gallery-1 is-layout-flex wp-block-gallery-is-layout-flex\"><ul class=\"blocks-gallery-grid\"><li class=\"blocks-gallery-item\"><figure><img loading=\"lazy\" decoding=\"async\" width=\"1024\" height=\"512\" src=\"https:\/\/besi.hu\/wp-content\/uploads\/2021\/10\/Az-Atletikai-Centrum-megnyitoja-foto-Kerekes-Tibor-1024x512.jpg\" alt=\"\" data-id=\"2115\" data-full-url=\"https:\/\/besi.hu\/wp-content\/uploads\/2021\/10\/Az-Atletikai-Centrum-megnyitoja-foto-Kerekes-Tibor-scaled.jpg\" data-link=\"https:\/\/besi.hu\/?attachment_id=2115\" class=\"wp-image-2115\" srcset=\"https:\/\/besi.hu\/wp-content\/uploads\/2021\/10\/Az-Atletikai-Centrum-megnyitoja-foto-Kerekes-Tibor-1024x512.jpg 1024w, https:\/\/besi.hu\/wp-content\/uploads\/2021\/10\/Az-Atletikai-Centrum-megnyitoja-foto-Kerekes-Tibor-300x150.jpg 300w, https:\/\/besi.hu\/wp-content\/uploads\/2021\/10\/Az-Atletikai-Centrum-megnyitoja-foto-Kerekes-Tibor-768x384.jpg 768w, https:\/\/besi.hu\/wp-content\/uploads\/2021\/10\/Az-Atletikai-Centrum-megnyitoja-foto-Kerekes-Tibor-1536x768.jpg 1536w, https:\/\/besi.hu\/wp-content\/uploads\/2021\/10\/Az-Atletikai-Centrum-megnyitoja-foto-Kerekes-Tibor-2048x1024.jpg 2048w, https:\/\/besi.hu\/wp-content\/uploads\/2021\/10\/Az-Atletikai-Centrum-megnyitoja-foto-Kerekes-Tibor-400x200.jpg 400w\" sizes=\"auto, (max-width: 1024px) 100vw, 1024px\" \/><figcaption class=\"blocks-gallery-item__caption\">Az Atl\u00e9tikai Centrum megnyit\u00f3j\u00e1n Makl\u00e1ri D\u00e1niel di\u00e1kolimpiai bajnokunk tart bemutat\u00f3t<\/figcaption><\/figure><\/li><li class=\"blocks-gallery-item\"><figure><img loading=\"lazy\" decoding=\"async\" width=\"1024\" height=\"576\" src=\"https:\/\/besi.hu\/wp-content\/uploads\/2021\/10\/Az-Atletikai-Centrum-2021-juniusaban-foto-Dolhai-Mate-1024x576.jpg\" alt=\"\" data-id=\"2114\" data-full-url=\"https:\/\/besi.hu\/wp-content\/uploads\/2021\/10\/Az-Atletikai-Centrum-2021-juniusaban-foto-Dolhai-Mate-scaled.jpg\" data-link=\"https:\/\/besi.hu\/?attachment_id=2114\" class=\"wp-image-2114\" srcset=\"https:\/\/besi.hu\/wp-content\/uploads\/2021\/10\/Az-Atletikai-Centrum-2021-juniusaban-foto-Dolhai-Mate-1024x576.jpg 1024w, https:\/\/besi.hu\/wp-content\/uploads\/2021\/10\/Az-Atletikai-Centrum-2021-juniusaban-foto-Dolhai-Mate-300x169.jpg 300w, https:\/\/besi.hu\/wp-content\/uploads\/2021\/10\/Az-Atletikai-Centrum-2021-juniusaban-foto-Dolhai-Mate-768x432.jpg 768w, https:\/\/besi.hu\/wp-content\/uploads\/2021\/10\/Az-Atletikai-Centrum-2021-juniusaban-foto-Dolhai-Mate-1536x864.jpg 1536w, https:\/\/besi.hu\/wp-content\/uploads\/2021\/10\/Az-Atletikai-Centrum-2021-juniusaban-foto-Dolhai-Mate-2048x1152.jpg 2048w, https:\/\/besi.hu\/wp-content\/uploads\/2021\/10\/Az-Atletikai-Centrum-2021-juniusaban-foto-Dolhai-Mate-356x200.jpg 356w\" sizes=\"auto, (max-width: 1024px) 100vw, 1024px\" \/><figcaption class=\"blocks-gallery-item__caption\">Az Atl\u00e9tikai Centrum 2021 j\u00fanius\u00e1ban <\/figcaption><\/figure><\/li><\/ul><\/figure>\n\n\n<p><span style=\"font-weight: 400;\">A felt\u00e9telek ugr\u00e1sszer\u0171 javul\u00e1s\u00e1nak hat\u00e1s\u00e1ra \u00fajabb sikeres korszak kezd\u0151d\u00f6tt el. 2018 \u00f3ta \u00fajra v\u00e1logatott szint\u0171, orsz\u00e1gos bajnoks\u00e1gokon, di\u00e1kolimpi\u00e1kon \u00e9s nemzetk\u00f6zi versenyeken \u00e9rmeket szerz\u0151, magas szint\u0171 sportol\u00f3ink vannak. Az atl\u00e9tika feln\u0151tt bajnoks\u00e1gokon az indul\u00e1st minden versenysz\u00e1mban komoly szintekhez k\u00f6tik. 2018 \u00f3ta m\u00e1r n\u00e9gy 15-18 \u00e9ves di\u00e1kunknak van olyan eredm\u00e9nye, amivel elindulhat a feln\u0151ttek k\u00f6z\u00f6tt. Saj\u00e1t koroszt\u00e1lyukban pedig halmozz\u00e1k a jobbn\u00e1l jobb eredm\u00e9nyeket.<\/span><\/p>\n<p><span style=\"font-weight: 400;\">Ha egy int\u00e9zm\u00e9nynek ilyen l\u00e9tes\u00edtm\u00e9nyei vannak, szinte k\u00f6teless\u00e9ge versenyeket rendezni. Az ut\u00f3bbi 3 \u00e9vben rendezt\u00fcnk m\u00e1r Nemzetk\u00f6zi Atl\u00e9tika Besi Kup\u00e1t, Tanker\u00fcleti Atl\u00e9tika Versenyt, Megyei Kisiskol\u00e1k Atl\u00e9tika Verseny\u00e9t.<\/span><\/p>\n<p><span style=\"font-weight: 400;\">A v\u00e1ros egy\u00e9b sportegyes\u00fcletei is kihaszn\u00e1lj\u00e1k a centrum ny\u00fajtotta edz\u00e9slehet\u0151s\u00e9geket, labdar\u00fag\u00f3 \u00e9s k\u00e9zilabda ut\u00e1np\u00f3tl\u00e1s csapatok rendszeresen tartj\u00e1k foglalkoz\u00e1saikat a l\u00e9tes\u00edtm\u00e9nyben.<\/span><\/p>\n<p><span style=\"font-weight: 400;\">Az Atl\u00e9tikai Centrum nemcsak a di\u00e1ksportot \u00e9s az \u00e9lsportot seg\u00edti. Teret kap itt a t\u00f6megsport is: a lakoss\u00e1g ingyenes regisztr\u00e1ci\u00f3val minden nap haszn\u00e1lhatja a fut\u00f3p\u00e1ly\u00e1t.<\/span><\/p><div class=\"pvc_clear\"><\/div><p id=\"pvc_stats_1732\" class=\"pvc_stats all  \" data-element-id=\"1732\" style=\"\"><i class=\"pvc-stats-icon medium\" aria-hidden=\"true\"><svg aria-hidden=\"true\" focusable=\"false\" data-prefix=\"far\" data-icon=\"chart-bar\" role=\"img\" xmlns=\"http:\/\/www.w3.org\/2000\/svg\" viewBox=\"0 0 512 512\" class=\"svg-inline--fa fa-chart-bar fa-w-16 fa-2x\"><path fill=\"currentColor\" d=\"M396.8 352h22.4c6.4 0 12.8-6.4 12.8-12.8V108.8c0-6.4-6.4-12.8-12.8-12.8h-22.4c-6.4 0-12.8 6.4-12.8 12.8v230.4c0 6.4 6.4 12.8 12.8 12.8zm-192 0h22.4c6.4 0 12.8-6.4 12.8-12.8V140.8c0-6.4-6.4-12.8-12.8-12.8h-22.4c-6.4 0-12.8 6.4-12.8 12.8v198.4c0 6.4 6.4 12.8 12.8 12.8zm96 0h22.4c6.4 0 12.8-6.4 12.8-12.8V204.8c0-6.4-6.4-12.8-12.8-12.8h-22.4c-6.4 0-12.8 6.4-12.8 12.8v134.4c0 6.4 6.4 12.8 12.8 12.8zM496 400H48V80c0-8.84-7.16-16-16-16H16C7.16 64 0 71.16 0 80v336c0 17.67 14.33 32 32 32h464c8.84 0 16-7.16 16-16v-16c0-8.84-7.16-16-16-16zm-387.2-48h22.4c6.4 0 12.8-6.4 12.8-12.8v-70.4c0-6.4-6.4-12.8-12.8-12.8h-22.4c-6.4 0-12.8 6.4-12.8 12.8v70.4c0 6.4 6.4 12.8 12.8 12.8z\" class=\"\"><\/path><\/svg><\/i> <img loading=\"lazy\" decoding=\"async\" width=\"16\" height=\"16\" alt=\"Loading\" src=\"https:\/\/besi.hu\/wp-content\/plugins\/page-views-count\/ajax-loader-2x.gif\" border=0 \/><\/p><div class=\"pvc_clear\"><\/div>","protected":false},"excerpt":{"rendered":"<p>Moln\u00e1r Ferenc mindenki \u00e1ltal ismert reg\u00e9ny\u00e9ben fogalmazta meg azt, hogy a fiataloknak sz\u00fcks\u00e9ge van egy olyan t\u00e9rre, ahol egy\u00fctt lehetnek, sportolhatnak, k\u00f6z\u00f6ss\u00e9gi \u00e9lm\u00e9nyt \u00e9lhetnek meg. A P\u00e1l utcai fi\u00faknak ez a grund volt.\u00a0 Sok kisv\u00e1rdai fiatalnak a Besi p\u00e1lya jelentette \u00e9s jelenti a grundot. Id\u0151sebb \u00e9s nyugd\u00edjba vonult koll\u00e9g\u00e1ink elmond\u00e1sa&#8230;<\/p>\n<div class=\"pvc_clear\"><\/div>\n<p id=\"pvc_stats_1732\" class=\"pvc_stats all  \" data-element-id=\"1732\" style=\"\"><i class=\"pvc-stats-icon medium\" aria-hidden=\"true\"><svg aria-hidden=\"true\" focusable=\"false\" data-prefix=\"far\" data-icon=\"chart-bar\" role=\"img\" xmlns=\"http:\/\/www.w3.org\/2000\/svg\" viewBox=\"0 0 512 512\" class=\"svg-inline--fa fa-chart-bar fa-w-16 fa-2x\"><path fill=\"currentColor\" d=\"M396.8 352h22.4c6.4 0 12.8-6.4 12.8-12.8V108.8c0-6.4-6.4-12.8-12.8-12.8h-22.4c-6.4 0-12.8 6.4-12.8 12.8v230.4c0 6.4 6.4 12.8 12.8 12.8zm-192 0h22.4c6.4 0 12.8-6.4 12.8-12.8V140.8c0-6.4-6.4-12.8-12.8-12.8h-22.4c-6.4 0-12.8 6.4-12.8 12.8v198.4c0 6.4 6.4 12.8 12.8 12.8zm96 0h22.4c6.4 0 12.8-6.4 12.8-12.8V204.8c0-6.4-6.4-12.8-12.8-12.8h-22.4c-6.4 0-12.8 6.4-12.8 12.8v134.4c0 6.4 6.4 12.8 12.8 12.8zM496 400H48V80c0-8.84-7.16-16-16-16H16C7.16 64 0 71.16 0 80v336c0 17.67 14.33 32 32 32h464c8.84 0 16-7.16 16-16v-16c0-8.84-7.16-16-16-16zm-387.2-48h22.4c6.4 0 12.8-6.4 12.8-12.8v-70.4c0-6.4-6.4-12.8-12.8-12.8h-22.4c-6.4 0-12.8 6.4-12.8 12.8v70.4c0 6.4 6.4 12.8 12.8 12.8z\" class=\"\"><\/path><\/svg><\/i> <img loading=\"lazy\" decoding=\"async\" width=\"16\" height=\"16\" alt=\"Loading\" src=\"https:\/\/besi.hu\/wp-content\/plugins\/page-views-count\/ajax-loader-2x.gif\" border=0 \/><\/p>\n<div class=\"pvc_clear\"><\/div>\n","protected":false},"author":2,"featured_media":0,"parent":0,"menu_order":0,"comment_status":"closed","ping_status":"closed","template":"","meta":{"footnotes":""},"class_list":["post-1732","page","type-page","status-publish","hentry"],"aioseo_notices":[],"a3_pvc":{"activated":true,"total_views":898,"today_views":0},"_links":{"self":[{"href":"https:\/\/besi.hu\/index.php?rest_route=\/wp\/v2\/pages\/1732","targetHints":{"allow":["GET"]}}],"collection":[{"href":"https:\/\/besi.hu\/index.php?rest_route=\/wp\/v2\/pages"}],"about":[{"href":"https:\/\/besi.hu\/index.php?rest_route=\/wp\/v2\/types\/page"}],"author":[{"embeddable":true,"href":"https:\/\/besi.hu\/index.php?rest_route=\/wp\/v2\/users\/2"}],"replies":[{"embeddable":true,"href":"https:\/\/besi.hu\/index.php?rest_route=%2Fwp%2Fv2%2Fcomments&post=1732"}],"version-history":[{"count":2,"href":"https:\/\/besi.hu\/index.php?rest_route=\/wp\/v2\/pages\/1732\/revisions"}],"predecessor-version":[{"id":2116,"href":"https:\/\/besi.hu\/index.php?rest_route=\/wp\/v2\/pages\/1732\/revisions\/2116"}],"wp:attachment":[{"href":"https:\/\/besi.hu\/index.php?rest_route=%2Fwp%2Fv2%2Fmedia&parent=1732"}],"curies":[{"name":"wp","href":"https:\/\/api.w.org\/{rel}","templated":true}]}}