{"id":1735,"date":"2021-09-07T22:13:02","date_gmt":"2021-09-07T20:13:02","guid":{"rendered":"https:\/\/besi.hu\/?page_id=1735"},"modified":"2025-11-24T11:51:15","modified_gmt":"2025-11-24T10:51:15","slug":"tornasz","status":"publish","type":"page","link":"https:\/\/besi.hu\/?page_id=1735","title":{"rendered":"Torn-\u201e\u00e1sz\u201d tehets\u00e9gek a Besiben"},"content":{"rendered":"<p><span style=\"font-weight: 400;\">A sz\u00e1zt\u00edz \u00e9ves m\u00falttal rendelkez\u0151 int\u00e9zm\u00e9nyben mindig fontos volt a di\u00e1kok sport ir\u00e1nti szeretete, mozg\u00e1s ir\u00e1nti v\u00e1gya. Az 1970-es \u00e9vekben m\u00e9g testnevel\u00e9s tagozat is m\u0171k\u00f6d\u00f6tt, t\u00f6bb orsz\u00e1gos \u00e9s nemzetk\u00f6zileg ismert sportol\u00f3 p\u00e1lyafut\u00e1sa itt kezd\u0151d\u00f6tt. Ma is az a c\u00e9lja a munkak\u00f6z\u00f6ss\u00e9g\u00fcnknek, tehets\u00e9ggondoz\u00f3 csapatunknak, hogy sportsikerekhez juttassuk tan\u00edtv\u00e1nyainkat. Szinte minden sport\u00e1gban van lehet\u0151s\u00e9g\u00fck a mozg\u00e1sra, di\u00e1kolimpiai versenyz\u00e9sre.&nbsp;<\/span><\/p>\n<p><span style=\"font-weight: 400;\">Mint Min\u0151s\u00edtett Tehets\u00e9ggondoz\u00f3 M\u0171hely lehet\u0151s\u00e9g\u00fcnk van a szertorna sport megszerettet\u00e9s\u00e9re, megismertet\u00e9s\u00e9re. A torn\u00e1t v\u00e1laszt\u00f3 tanul\u00f3kt\u00f3l ez a sport\u00e1g komoly id\u0151r\u00e1ford\u00edt\u00e1st \u00e9s kitart\u00e1st ig\u00e9nyel. Tapasztalataink szerint, m\u00e1r kisgyermekkorban \u00e9rdemes elkezdeni az alapoz\u00e1ssal ahhoz, hogy kitart\u00f3, t\u00f6bb \u00e9ves munk\u00e1val eredm\u00e9nyeket lehessen el\u00e9rni. A gyerekek kiv\u00e1laszt\u00e1sa, fejleszt\u00e9se bizonyos \u00e9letkorban m\u00e1s \u00e9s m\u00e1s. Szeretn\u00e9nk, ha min\u00e9l t\u00f6bb gyerek kedveln\u00e9 ezt a mozg\u00e1sform\u00e1t. \u00c9ppen ez\u00e9rt fejleszt\u0151 innov\u00e1tori tev\u00e9kenys\u00e9g\u00fcnk k\u00f6zpontj\u00e1ban a felfedeztet\u0151 tanul\u00e1s \u00e1ll. A gyerekek sokr\u00e9t\u0171 mozg\u00e1sfejl\u0151d\u00e9s\u00e9t t\u00e1mogatjuk. J\u00f3 kapcsolatokat \u00e1polunk a tanker\u00fclet\u00fcnk int\u00e9zm\u00e9nyeiben dolgoz\u00f3 testnevel\u0151kkel, tan\u00edt\u00f3kkal \u00e9s \u00f3v\u00f3n\u0151kkel. Az \u0151 seg\u00edts\u00e9g\u00fcket ig\u00e9nybe v\u00e9ve v\u00e1lasztjuk ki a tehets\u00e9gesnek \u00edg\u00e9rkez\u0151 gyerekeket.<\/span><\/p>\n<p><span style=\"font-weight: 400;\">Igyeksz\u00fcnk szem\u00e9lyes p\u00e9ldaad\u00e1ssal motiv\u00e1lni a tanul\u00f3kat \u00e9s sz\u00fcleiket is a mozg\u00e1sra. Kiv\u00e1l\u00f3 alkalmak erre az \u00e1ltalunk szervezett \u00e9s tartott bemutat\u00f3 foglalkoz\u00e1sok, ny\u00edlt \u00f3r\u00e1k.&nbsp;<\/span><\/p>\n<p><span style=\"font-weight: 400;\">Mindennapi nevel\u0151munk\u00e1nk r\u00e9szek\u00e9nt a gyerekek r\u00e9sz\u00e9re edz\u00e9seken \u00e9s a t\u00e1borokban is k\u00fcl\u00f6nb\u00f6z\u0151 mozg\u00e1sfejleszt\u0151 eszk\u00f6z\u00f6ket haszn\u00e1lunk. Bosu labda, Fit-Ball labda, soft-bal labda, trambulin, hengerek, air-track eszk\u00f6z\u00f6k.&nbsp;&nbsp;<\/span><\/p>\n<p><span style=\"font-weight: 400;\">&nbsp;Min\u00e9l t\u00f6bb \u00e9rz\u00e9kszerv\u00e9t kapcsoljuk mozg\u00e1sba a tanul\u00f3inknak, ann\u00e1l jobban tudjuk fejleszteni k\u00e9pess\u00e9geiket. A v\u00e1ltozatos eszk\u00f6zhaszn\u00e1lat f\u0151leg az \u00f3vod\u00e1s \u00e9s als\u00f3 tagozatos gyerekek sz\u00e1m\u00e1ra n\u00e9lk\u00fcl\u00f6zhetetlen. Egyr\u00e9szt motiv\u00e1l, m\u00e1sr\u00e9szt a monotonit\u00e1s t\u0171r\u00e9se a kisgyerekeknek rendk\u00edv\u00fcl alacsony, ez\u00e9rt ezt fejleszti. Az eszk\u00f6z\u00f6k haszn\u00e1lata a gyerekeket k\u00f6nnyen juttatja siker\u00e9lm\u00e9nyhez. Napr\u00f3l napra \u00fcgyesednek, \u00e9s bels\u0151 ig\u00e9ny\u00fckk\u00e9 v\u00e1lik a mindennapos testmozg\u00e1s, a szertorna.<\/span><\/p>\n<p><span style=\"font-weight: 400;\">Hossz\u00fa t\u00e1von gondolkodunk, ez\u00e9rt szeretn\u00e9nk min\u00e9l v\u00e1ltozatosabb m\u00f3dszerekkel felel\u0151ss\u00e9gteljesen megval\u00f3s\u00edtani a tanul\u00f3k kiv\u00e1laszt\u00e1s\u00e1t, fejleszt\u00e9s\u00e9t \u00e9s versenyeztet\u00e9s\u00e9t. A szertorna foglalkoz\u00e1sok pozit\u00edvan hatnak a tanul\u00f3kra. A kialakult bar\u00e1ts\u00e1gok r\u00e9v\u00e9n a gyerekek k\u00f6z\u00f6ss\u00e9gi \u00e9letre nevel\u00e9se folyamatos. Az egym\u00e1sra odafigyel\u00e9s, seg\u00edts\u00e9gad\u00e1s, egym\u00e1s biztat\u00e1sa mind seg\u00edt az \u00e9nk\u00e9p kialakul\u00e1s\u00e1ban \u00e9s a g\u00e1tl\u00e1sok old\u00e1s\u00e1ban. Kialakulnak a csapaton bel\u00fcli hierarchi\u00e1k: mindig vannak vez\u00e9regy\u00e9nis\u00e9gek, akik szem\u00e9lyis\u00e9g\u00fckkel, tehets\u00e9g\u00fckkel kiv\u00edvj\u00e1k a t\u00f6bbiek elismer\u00e9s\u00e9t. R\u00e1juk jobban hallgatnak, vel\u00fck mutattatj\u00e1k be az \u00faj elemeket \u00e9s t\u0151l\u00fck elfogadj\u00e1k a v\u00e9lem\u00e9nyt is. Az egy\u00fctt t\u00f6lt\u00f6tt edz\u00e9sek, t\u00e1borok sor\u00e1n r\u00e1\u00e9brednek arra, hogy a versenyen val\u00f3 eredm\u00e9nyes szerepl\u00e9s egy j\u00f3 csapatmunka k\u00f6vetkezm\u00e9nye, ahol mindenki teljes\u00edtm\u00e9nye egyar\u00e1nt fontos. Egym\u00e1s n\u00e9lk\u00fcl a gy\u0151zelem is neh\u00e9z.&nbsp;<\/span><\/p>\n<p><span style=\"font-weight: 400;\">A k\u00f6z\u00f6s edz\u00e9sek \u00e9s versenyek lehet\u0151s\u00e9get adnak arra is, hogy m\u00e1s iskola tanul\u00f3ival is j\u00f3 kapcsolatba ker\u00fcljenek, ak\u00e1r \u00e9letre sz\u00f3l\u00f3 bar\u00e1ts\u00e1gok k\u00f6ttessenek.<\/span><\/p>\n<p><span style=\"font-weight: 400;\">Minden \u00e9vben szervez\u00fcnk ny\u00e1ri t\u00e1bort, az itt elt\u00f6lt\u00f6tt id\u0151 is seg\u00edt a k\u00f6z\u00f6ss\u00e9gform\u00e1l\u00e1sban. Az egy\u00fctt elv\u00e9gzett edz\u00e9smunka, a k\u00f6z\u00f6s kir\u00e1ndul\u00e1sok oldj\u00e1k a fesz\u00fclts\u00e9geket, megtan\u00edtj\u00e1k \u0151ket a toleranci\u00e1ra, az egym\u00e1sra val\u00f3 odafigyel\u00e9sre.<\/span><\/p>\n<p><span style=\"font-weight: 400;\">A&nbsp;mozg\u00e1sos intelligencia az emberi tud\u00e1s egyik alapja. A vil\u00e1gr\u00f3l val\u00f3 tud\u00e1sunk l\u00e9nyeg\u00e9ben szenzomotoros tapasztalatainkban gy\u00f6kerezik. J\u00e1t\u00e9kos, zen\u00e9s tehets\u00e9gfejleszt\u0151 tornafoglalkoz\u00e1sunk komplexen fejleszti a gyermekek mozg\u00e1sk\u00e9szs\u00e9geit \u00e9s gondolkod\u00e1si k\u00e9pess\u00e9geit. A torna sportk\u00f6r mozg\u00e1stanul\u00e1son, \u00e9lm\u00e9nypedag\u00f3gi\u00e1n alapul\u00f3 foglalkoz\u00e1s. V\u00e1ltoz\u00f3 vil\u00e1gunkban rendk\u00edv\u00fcl nagy ig\u00e9ny van a mozg\u00e1sform\u00e1k soksz\u00edn\u0171s\u00e9g\u00e9re. Els\u0151sorban azok n\u00e9pszer\u0171ek, melyek j\u00e1t\u00e9kosak, \u00fajszer\u0171ek \u00e9s \u00e9lm\u00e9nyt ny\u00fajtanak ak\u00e1r gyerekeknek, ak\u00e1r feln\u0151ttnek.<\/span><\/p>\n\n\n<figure class=\"wp-block-gallery has-nested-images columns-default is-cropped wp-block-gallery-1 is-layout-flex wp-block-gallery-is-layout-flex\">\n<figure class=\"wp-block-image size-large\"><img loading=\"lazy\" decoding=\"async\" width=\"1024\" height=\"768\" data-id=\"2118\" src=\"https:\/\/besi.hu\/wp-content\/uploads\/2021\/10\/bemelegites-1024x768.jpg\" alt=\"\" class=\"wp-image-2118\" srcset=\"https:\/\/besi.hu\/wp-content\/uploads\/2021\/10\/bemelegites-1024x768.jpg 1024w, https:\/\/besi.hu\/wp-content\/uploads\/2021\/10\/bemelegites-300x225.jpg 300w, https:\/\/besi.hu\/wp-content\/uploads\/2021\/10\/bemelegites-768x576.jpg 768w, https:\/\/besi.hu\/wp-content\/uploads\/2021\/10\/bemelegites-1536x1152.jpg 1536w, https:\/\/besi.hu\/wp-content\/uploads\/2021\/10\/bemelegites-2048x1536.jpg 2048w, https:\/\/besi.hu\/wp-content\/uploads\/2021\/10\/bemelegites-267x200.jpg 267w\" sizes=\"auto, (max-width: 1024px) 100vw, 1024px\" \/><figcaption class=\"wp-element-caption\"> Bemeleg\u00edt\u00e9s a Tornat\u00e1borban<\/figcaption><\/figure>\n\n\n\n<figure class=\"wp-block-image size-large\"><img loading=\"lazy\" decoding=\"async\" width=\"1024\" height=\"768\" data-id=\"2120\" src=\"https:\/\/besi.hu\/wp-content\/uploads\/2021\/10\/Edzes-kozben-1024x768.jpg\" alt=\"\" class=\"wp-image-2120\" srcset=\"https:\/\/besi.hu\/wp-content\/uploads\/2021\/10\/Edzes-kozben-1024x768.jpg 1024w, https:\/\/besi.hu\/wp-content\/uploads\/2021\/10\/Edzes-kozben-300x225.jpg 300w, https:\/\/besi.hu\/wp-content\/uploads\/2021\/10\/Edzes-kozben-768x576.jpg 768w, https:\/\/besi.hu\/wp-content\/uploads\/2021\/10\/Edzes-kozben-1536x1152.jpg 1536w, https:\/\/besi.hu\/wp-content\/uploads\/2021\/10\/Edzes-kozben-2048x1536.jpg 2048w, https:\/\/besi.hu\/wp-content\/uploads\/2021\/10\/Edzes-kozben-267x200.jpg 267w\" sizes=\"auto, (max-width: 1024px) 100vw, 1024px\" \/><figcaption class=\"wp-element-caption\">Edz\u00e9s k\u00f6zben<\/figcaption><\/figure>\n\n\n\n<figure class=\"wp-block-image size-large\"><img loading=\"lazy\" decoding=\"async\" width=\"1024\" height=\"768\" data-id=\"2117\" src=\"https:\/\/besi.hu\/wp-content\/uploads\/2021\/10\/Csapatosszetartasmegbeszeles-1024x768.jpg\" alt=\"\" class=\"wp-image-2117\" srcset=\"https:\/\/besi.hu\/wp-content\/uploads\/2021\/10\/Csapatosszetartasmegbeszeles-1024x768.jpg 1024w, https:\/\/besi.hu\/wp-content\/uploads\/2021\/10\/Csapatosszetartasmegbeszeles-300x225.jpg 300w, https:\/\/besi.hu\/wp-content\/uploads\/2021\/10\/Csapatosszetartasmegbeszeles-768x576.jpg 768w, https:\/\/besi.hu\/wp-content\/uploads\/2021\/10\/Csapatosszetartasmegbeszeles-1536x1152.jpg 1536w, https:\/\/besi.hu\/wp-content\/uploads\/2021\/10\/Csapatosszetartasmegbeszeles-2048x1536.jpg 2048w, https:\/\/besi.hu\/wp-content\/uploads\/2021\/10\/Csapatosszetartasmegbeszeles-267x200.jpg 267w\" sizes=\"auto, (max-width: 1024px) 100vw, 1024px\" \/><figcaption class=\"wp-element-caption\">Csapat\u00f6sszetart\u00e1s, megbesz\u00e9l\u00e9s<\/figcaption><\/figure>\n<\/figure>\n\n\n\n<p>Cifra J\u00f3zsef mesterprogram vide\u00f3ja: <a href=\"https:\/\/drive.google.com\/file\/d\/1oemufceMlRzcxAHxXm3E9eyCX_tS_oHT\/view?usp=sharing\" target=\"_blank\" rel=\"noopener\" title=\"\">Torna oktat\u00e1s<\/a><\/p>\n\n\n\n<p><\/p>\n<div class=\"pvc_clear\"><\/div><p id=\"pvc_stats_1735\" class=\"pvc_stats all  \" data-element-id=\"1735\" style=\"\"><i class=\"pvc-stats-icon medium\" aria-hidden=\"true\"><svg aria-hidden=\"true\" focusable=\"false\" data-prefix=\"far\" data-icon=\"chart-bar\" role=\"img\" xmlns=\"http:\/\/www.w3.org\/2000\/svg\" viewBox=\"0 0 512 512\" class=\"svg-inline--fa fa-chart-bar fa-w-16 fa-2x\"><path fill=\"currentColor\" d=\"M396.8 352h22.4c6.4 0 12.8-6.4 12.8-12.8V108.8c0-6.4-6.4-12.8-12.8-12.8h-22.4c-6.4 0-12.8 6.4-12.8 12.8v230.4c0 6.4 6.4 12.8 12.8 12.8zm-192 0h22.4c6.4 0 12.8-6.4 12.8-12.8V140.8c0-6.4-6.4-12.8-12.8-12.8h-22.4c-6.4 0-12.8 6.4-12.8 12.8v198.4c0 6.4 6.4 12.8 12.8 12.8zm96 0h22.4c6.4 0 12.8-6.4 12.8-12.8V204.8c0-6.4-6.4-12.8-12.8-12.8h-22.4c-6.4 0-12.8 6.4-12.8 12.8v134.4c0 6.4 6.4 12.8 12.8 12.8zM496 400H48V80c0-8.84-7.16-16-16-16H16C7.16 64 0 71.16 0 80v336c0 17.67 14.33 32 32 32h464c8.84 0 16-7.16 16-16v-16c0-8.84-7.16-16-16-16zm-387.2-48h22.4c6.4 0 12.8-6.4 12.8-12.8v-70.4c0-6.4-6.4-12.8-12.8-12.8h-22.4c-6.4 0-12.8 6.4-12.8 12.8v70.4c0 6.4 6.4 12.8 12.8 12.8z\" class=\"\"><\/path><\/svg><\/i> <img loading=\"lazy\" decoding=\"async\" width=\"16\" height=\"16\" alt=\"Loading\" src=\"https:\/\/besi.hu\/wp-content\/plugins\/page-views-count\/ajax-loader-2x.gif\" border=0 \/><\/p><div class=\"pvc_clear\"><\/div>","protected":false},"excerpt":{"rendered":"<p>A sz\u00e1zt\u00edz \u00e9ves m\u00falttal rendelkez\u0151 int\u00e9zm\u00e9nyben mindig fontos volt a di\u00e1kok sport ir\u00e1nti szeretete, mozg\u00e1s ir\u00e1nti v\u00e1gya. Az 1970-es \u00e9vekben m\u00e9g testnevel\u00e9s tagozat is m\u0171k\u00f6d\u00f6tt, t\u00f6bb orsz\u00e1gos \u00e9s nemzetk\u00f6zileg ismert sportol\u00f3 p\u00e1lyafut\u00e1sa itt kezd\u0151d\u00f6tt. Ma is az a c\u00e9lja a munkak\u00f6z\u00f6ss\u00e9g\u00fcnknek, tehets\u00e9ggondoz\u00f3 csapatunknak, hogy sportsikerekhez juttassuk tan\u00edtv\u00e1nyainkat. Szinte minden sport\u00e1gban&#8230;<\/p>\n<div class=\"pvc_clear\"><\/div>\n<p id=\"pvc_stats_1735\" class=\"pvc_stats all  \" data-element-id=\"1735\" style=\"\"><i class=\"pvc-stats-icon medium\" aria-hidden=\"true\"><svg aria-hidden=\"true\" focusable=\"false\" data-prefix=\"far\" data-icon=\"chart-bar\" role=\"img\" xmlns=\"http:\/\/www.w3.org\/2000\/svg\" viewBox=\"0 0 512 512\" class=\"svg-inline--fa fa-chart-bar fa-w-16 fa-2x\"><path fill=\"currentColor\" d=\"M396.8 352h22.4c6.4 0 12.8-6.4 12.8-12.8V108.8c0-6.4-6.4-12.8-12.8-12.8h-22.4c-6.4 0-12.8 6.4-12.8 12.8v230.4c0 6.4 6.4 12.8 12.8 12.8zm-192 0h22.4c6.4 0 12.8-6.4 12.8-12.8V140.8c0-6.4-6.4-12.8-12.8-12.8h-22.4c-6.4 0-12.8 6.4-12.8 12.8v198.4c0 6.4 6.4 12.8 12.8 12.8zm96 0h22.4c6.4 0 12.8-6.4 12.8-12.8V204.8c0-6.4-6.4-12.8-12.8-12.8h-22.4c-6.4 0-12.8 6.4-12.8 12.8v134.4c0 6.4 6.4 12.8 12.8 12.8zM496 400H48V80c0-8.84-7.16-16-16-16H16C7.16 64 0 71.16 0 80v336c0 17.67 14.33 32 32 32h464c8.84 0 16-7.16 16-16v-16c0-8.84-7.16-16-16-16zm-387.2-48h22.4c6.4 0 12.8-6.4 12.8-12.8v-70.4c0-6.4-6.4-12.8-12.8-12.8h-22.4c-6.4 0-12.8 6.4-12.8 12.8v70.4c0 6.4 6.4 12.8 12.8 12.8z\" class=\"\"><\/path><\/svg><\/i> <img loading=\"lazy\" decoding=\"async\" width=\"16\" height=\"16\" alt=\"Loading\" src=\"https:\/\/besi.hu\/wp-content\/plugins\/page-views-count\/ajax-loader-2x.gif\" border=0 \/><\/p>\n<div class=\"pvc_clear\"><\/div>\n","protected":false},"author":2,"featured_media":0,"parent":0,"menu_order":0,"comment_status":"closed","ping_status":"closed","template":"","meta":{"footnotes":""},"class_list":["post-1735","page","type-page","status-publish","hentry"],"aioseo_notices":[],"a3_pvc":{"activated":true,"total_views":484,"today_views":0},"_links":{"self":[{"href":"https:\/\/besi.hu\/index.php?rest_route=\/wp\/v2\/pages\/1735","targetHints":{"allow":["GET"]}}],"collection":[{"href":"https:\/\/besi.hu\/index.php?rest_route=\/wp\/v2\/pages"}],"about":[{"href":"https:\/\/besi.hu\/index.php?rest_route=\/wp\/v2\/types\/page"}],"author":[{"embeddable":true,"href":"https:\/\/besi.hu\/index.php?rest_route=\/wp\/v2\/users\/2"}],"replies":[{"embeddable":true,"href":"https:\/\/besi.hu\/index.php?rest_route=%2Fwp%2Fv2%2Fcomments&post=1735"}],"version-history":[{"count":4,"href":"https:\/\/besi.hu\/index.php?rest_route=\/wp\/v2\/pages\/1735\/revisions"}],"predecessor-version":[{"id":25108,"href":"https:\/\/besi.hu\/index.php?rest_route=\/wp\/v2\/pages\/1735\/revisions\/25108"}],"wp:attachment":[{"href":"https:\/\/besi.hu\/index.php?rest_route=%2Fwp%2Fv2%2Fmedia&parent=1735"}],"curies":[{"name":"wp","href":"https:\/\/api.w.org\/{rel}","templated":true}]}}