{"id":1750,"date":"2021-09-07T22:20:57","date_gmt":"2021-09-07T20:20:57","guid":{"rendered":"https:\/\/besi.hu\/?page_id=1750"},"modified":"2021-10-20T22:35:37","modified_gmt":"2021-10-20T20:35:37","slug":"media-szakkor","status":"publish","type":"page","link":"https:\/\/besi.hu\/?page_id=1750","title":{"rendered":"Egy k\u00e9p t\u00f6bbet mond sz\u00e1z sz\u00f3n\u00e1l \u2013 F\u00f3kuszban a Besim\u00e9dia"},"content":{"rendered":"<p style=\"text-align: center;\"><span style=\"font-weight: 400;\">2015 \u2013 A h\u00edr igaz! \u2013 Megalakult a Besim\u00e9dia<\/span><\/p>\n<p><span style=\"font-weight: 400;\">Az emberek mindig is v\u00e1gytak arra, hogy a k\u00f6rnyezet\u00fcnkben t\u00f6rt\u00e9n\u0151 esem\u00e9nyekr\u0151l mihamarabb \u00e9rtes\u00fcljenek. A 21. sz\u00e1zadban a h\u00edr m\u00e1r az esem\u00e9nyekkel egyid\u0151ben eljuthat az \u00e9rdekl\u0151d\u0151h\u00f6z, k\u00f6sz\u00f6nhetj\u00fck ezt az internetnek, valamint a k\u00fcl\u00f6nb\u00f6z\u0151 platformoknak, p\u00e9ld\u00e1ul Facebooknak, Instagramnak.<\/span><\/p>\n\n\n<figure class=\"wp-block-gallery columns-2 is-cropped wp-block-gallery-1 is-layout-flex wp-block-gallery-is-layout-flex\"><ul class=\"blocks-gallery-grid\"><li class=\"blocks-gallery-item\"><figure><img loading=\"lazy\" decoding=\"async\" width=\"1024\" height=\"512\" src=\"https:\/\/besi.hu\/wp-content\/uploads\/2021\/10\/Dani_kicsi-1024x512.jpg\" alt=\"\" data-id=\"2184\" data-full-url=\"https:\/\/besi.hu\/wp-content\/uploads\/2021\/10\/Dani_kicsi.jpg\" data-link=\"https:\/\/besi.hu\/?attachment_id=2184\" class=\"wp-image-2184\" srcset=\"https:\/\/besi.hu\/wp-content\/uploads\/2021\/10\/Dani_kicsi-1024x512.jpg 1024w, https:\/\/besi.hu\/wp-content\/uploads\/2021\/10\/Dani_kicsi-300x150.jpg 300w, https:\/\/besi.hu\/wp-content\/uploads\/2021\/10\/Dani_kicsi-768x384.jpg 768w, https:\/\/besi.hu\/wp-content\/uploads\/2021\/10\/Dani_kicsi-1536x768.jpg 1536w, https:\/\/besi.hu\/wp-content\/uploads\/2021\/10\/Dani_kicsi-2048x1024.jpg 2048w, https:\/\/besi.hu\/wp-content\/uploads\/2021\/10\/Dani_kicsi-400x200.jpg 400w\" sizes=\"auto, (max-width: 1024px) 100vw, 1024px\" \/><figcaption class=\"blocks-gallery-item__caption\">Nem elegend\u0151 elkapni a j\u00f3 pillanatokat<\/figcaption><\/figure><\/li><li class=\"blocks-gallery-item\"><figure><img loading=\"lazy\" decoding=\"async\" width=\"1024\" height=\"512\" src=\"https:\/\/besi.hu\/wp-content\/uploads\/2021\/10\/MTM_kicsi-1024x512.jpg\" alt=\"\" data-id=\"2185\" data-full-url=\"https:\/\/besi.hu\/wp-content\/uploads\/2021\/10\/MTM_kicsi.jpg\" data-link=\"https:\/\/besi.hu\/?attachment_id=2185\" class=\"wp-image-2185\" srcset=\"https:\/\/besi.hu\/wp-content\/uploads\/2021\/10\/MTM_kicsi-1024x512.jpg 1024w, https:\/\/besi.hu\/wp-content\/uploads\/2021\/10\/MTM_kicsi-300x150.jpg 300w, https:\/\/besi.hu\/wp-content\/uploads\/2021\/10\/MTM_kicsi-768x384.jpg 768w, https:\/\/besi.hu\/wp-content\/uploads\/2021\/10\/MTM_kicsi-1536x768.jpg 1536w, https:\/\/besi.hu\/wp-content\/uploads\/2021\/10\/MTM_kicsi-2048x1024.jpg 2048w, https:\/\/besi.hu\/wp-content\/uploads\/2021\/10\/MTM_kicsi-400x200.jpg 400w\" sizes=\"auto, (max-width: 1024px) 100vw, 1024px\" \/><figcaption class=\"blocks-gallery-item__caption\">A sz\u00e1m\u00edt\u00f3g\u00e9pes ut\u00f3munka is meghat\u00e1roz\u00f3 jelent\u0151s\u00e9ggel b\u00edr<\/figcaption><\/figure><\/li><\/ul><\/figure>\n\n\n<p><span style=\"font-weight: 400;\">Okostelefonok seg\u00edts\u00e9g\u00e9vel \u00e9l\u0151ben nyomon k\u00f6vethetj\u00fck az esem\u00e9nyeket ak\u00e1r a YouTube, a Facebook vagy m\u00e1s csatorn\u00e1kon kereszt\u00fcl. 2015-ben elkezdt\u00fck az iskola m\u00e9dia szakk\u00f6r\u00e9nek megszervez\u00e9s\u00e9t.<\/span><\/p>\n\n\n<figure class=\"wp-block-gallery columns-1 is-cropped wp-block-gallery-2 is-layout-flex wp-block-gallery-is-layout-flex\"><ul class=\"blocks-gallery-grid\"><li class=\"blocks-gallery-item\"><figure><img loading=\"lazy\" decoding=\"async\" width=\"1024\" height=\"683\" src=\"https:\/\/besi.hu\/wp-content\/uploads\/2021\/10\/IMG_1022-1024x683.jpg\" alt=\"\" data-id=\"2186\" data-full-url=\"https:\/\/besi.hu\/wp-content\/uploads\/2021\/10\/IMG_1022.jpg\" data-link=\"https:\/\/besi.hu\/?attachment_id=2186\" class=\"wp-image-2186\" srcset=\"https:\/\/besi.hu\/wp-content\/uploads\/2021\/10\/IMG_1022-1024x683.jpg 1024w, https:\/\/besi.hu\/wp-content\/uploads\/2021\/10\/IMG_1022-300x200.jpg 300w, https:\/\/besi.hu\/wp-content\/uploads\/2021\/10\/IMG_1022-768x512.jpg 768w, https:\/\/besi.hu\/wp-content\/uploads\/2021\/10\/IMG_1022-1536x1024.jpg 1536w, https:\/\/besi.hu\/wp-content\/uploads\/2021\/10\/IMG_1022.jpg 1800w\" sizes=\"auto, (max-width: 1024px) 100vw, 1024px\" \/><figcaption class=\"blocks-gallery-item__caption\">Szakk\u00f6r\u00f6s di\u00e1kok fot\u00f3ztak a Valentin napi Besi b\u00e1lon. Az elk\u00e9sz\u00fclt k\u00e9peket a helysz\u00ednen nyomtattuk ki \u00e9s adtuk \u00e1t. \u00d3ri\u00e1si siker\u00fcnk volt. <\/figcaption><\/figure><\/li><li class=\"blocks-gallery-item\"><figure><img loading=\"lazy\" decoding=\"async\" width=\"683\" height=\"1024\" src=\"https:\/\/besi.hu\/wp-content\/uploads\/2021\/10\/IMG_4368-683x1024.jpg\" alt=\"\" data-id=\"2187\" data-full-url=\"https:\/\/besi.hu\/wp-content\/uploads\/2021\/10\/IMG_4368.jpg\" data-link=\"https:\/\/besi.hu\/?attachment_id=2187\" class=\"wp-image-2187\" srcset=\"https:\/\/besi.hu\/wp-content\/uploads\/2021\/10\/IMG_4368-683x1024.jpg 683w, https:\/\/besi.hu\/wp-content\/uploads\/2021\/10\/IMG_4368-200x300.jpg 200w, https:\/\/besi.hu\/wp-content\/uploads\/2021\/10\/IMG_4368-768x1152.jpg 768w, https:\/\/besi.hu\/wp-content\/uploads\/2021\/10\/IMG_4368-1024x1536.jpg 1024w, https:\/\/besi.hu\/wp-content\/uploads\/2021\/10\/IMG_4368-133x200.jpg 133w, https:\/\/besi.hu\/wp-content\/uploads\/2021\/10\/IMG_4368.jpg 1200w\" sizes=\"auto, (max-width: 683px) 100vw, 683px\" \/><figcaption class=\"blocks-gallery-item__caption\">Nagyon j\u00f3 hangulatban telt a fot\u00f3z\u00e1s, mindek\u00f6zben zajlott a b\u00e1li mulatoz\u00e1s is.<\/figcaption><\/figure><\/li><\/ul><\/figure>\n\n\n<p><span style=\"font-weight: 400;\">Ugyanis sz\u00fcks\u00e9gess\u00e9 v\u00e1lt, hogy az int\u00e9zm\u00e9ny\u00fcnk \u00e9let\u00e9ben t\u00f6rt\u00e9nt esem\u00e9nyekr\u0151l k\u00e9pes tud\u00f3s\u00edt\u00e1st kapjanak di\u00e1kok, tan\u00e1rok, sz\u00fcl\u0151k, \u00e9rdekl\u0151d\u0151k. Kezdetben n\u00e9h\u00e1ny elsz\u00e1nt di\u00e1kkal megkezdt\u00fck a rendezv\u00e9nyek k\u00e9pes tud\u00f3s\u00edt\u00e1s\u00e1t a nagyk\u00f6z\u00f6ns\u00e9g fel\u00e9. Legyen sz\u00f3 sportesem\u00e9nyekr\u0151l, ismeretterjeszt\u0151 el\u0151ad\u00e1sokr\u00f3l, tagozatok klubd\u00e9lut\u00e1nj\u00e1r\u00f3l, kar\u00e1csonyi, pedag\u00f3gus napi m\u0171sorr\u00f3l. Akinek volt, a saj\u00e1t g\u00e9p\u00e9vel, majd id\u0151vel sulis f\u00e9nyk\u00e9pez\u0151vel, kamer\u00e1val. Az elm\u00falt \u00e9vek alatt sok ezer fot\u00f3 k\u00e9sz\u00fclt, amelyek Nyak\u00f3n\u00e9 K\u00e1ntor M\u00e1ria igazgat\u00f3helyettes j\u00f3volt\u00e1b\u00f3l rendszerezve felker\u00fcltek iskol\u00e1nk Facebook oldal\u00e1ra. Minden \u00e9vben, kar\u00e1csony k\u00f6zeledt\u00e9vel egy zen\u00e9s anim\u00e1ci\u00f3n (a m\u00f6g\u00f6tt\u00fcnk l\u00e9v\u0151 \u00e9v kiemelked\u0151 esem\u00e9nyeinek fot\u00f3ib\u00f3l k\u00e9sz\u00edtett zen\u00e9s \u00f6ssze\u00e1ll\u00edt\u00e1son) kereszt\u00fcl k\u00f6sz\u00f6nj\u00fck meg az iskol\u00e1nknak ny\u00fajtott\u00a0 seg\u00edts\u00e9get, valamint k\u00edv\u00e1nunk boldog \u00fcnnepeket.<\/span><\/p>\n\n\n<figure class=\"wp-block-gallery columns-2 is-cropped wp-block-gallery-3 is-layout-flex wp-block-gallery-is-layout-flex\"><ul class=\"blocks-gallery-grid\"><li class=\"blocks-gallery-item\"><figure><img loading=\"lazy\" decoding=\"async\" width=\"1024\" height=\"576\" src=\"https:\/\/besi.hu\/wp-content\/uploads\/2021\/10\/Hirado_2_1-1024x576.jpg\" alt=\"\" data-id=\"2189\" data-full-url=\"https:\/\/besi.hu\/wp-content\/uploads\/2021\/10\/Hirado_2_1.jpg\" data-link=\"https:\/\/besi.hu\/?attachment_id=2189\" class=\"wp-image-2189\" srcset=\"https:\/\/besi.hu\/wp-content\/uploads\/2021\/10\/Hirado_2_1-1024x576.jpg 1024w, https:\/\/besi.hu\/wp-content\/uploads\/2021\/10\/Hirado_2_1-300x169.jpg 300w, https:\/\/besi.hu\/wp-content\/uploads\/2021\/10\/Hirado_2_1-768x432.jpg 768w, https:\/\/besi.hu\/wp-content\/uploads\/2021\/10\/Hirado_2_1-1536x864.jpg 1536w, https:\/\/besi.hu\/wp-content\/uploads\/2021\/10\/Hirado_2_1-2048x1152.jpg 2048w, https:\/\/besi.hu\/wp-content\/uploads\/2021\/10\/Hirado_2_1-356x200.jpg 356w\" sizes=\"auto, (max-width: 1024px) 100vw, 1024px\" \/><figcaption class=\"blocks-gallery-item__caption\">St\u00fadi\u00f3nkban h\u00edrad\u00f3 is k\u00e9sz\u00fcl greenbox technik\u00e1val.<\/figcaption><\/figure><\/li><li class=\"blocks-gallery-item\"><figure><img loading=\"lazy\" decoding=\"async\" width=\"1024\" height=\"577\" src=\"https:\/\/besi.hu\/wp-content\/uploads\/2021\/10\/Hirado_3_1-1024x577.jpg\" alt=\"\" data-id=\"2188\" data-full-url=\"https:\/\/besi.hu\/wp-content\/uploads\/2021\/10\/Hirado_3_1.jpg\" data-link=\"https:\/\/besi.hu\/?attachment_id=2188\" class=\"wp-image-2188\" srcset=\"https:\/\/besi.hu\/wp-content\/uploads\/2021\/10\/Hirado_3_1-1024x577.jpg 1024w, https:\/\/besi.hu\/wp-content\/uploads\/2021\/10\/Hirado_3_1-300x169.jpg 300w, https:\/\/besi.hu\/wp-content\/uploads\/2021\/10\/Hirado_3_1-768x433.jpg 768w, https:\/\/besi.hu\/wp-content\/uploads\/2021\/10\/Hirado_3_1-1536x866.jpg 1536w, https:\/\/besi.hu\/wp-content\/uploads\/2021\/10\/Hirado_3_1-2048x1154.jpg 2048w, https:\/\/besi.hu\/wp-content\/uploads\/2021\/10\/Hirado_3_1-355x200.jpg 355w\" sizes=\"auto, (max-width: 1024px) 100vw, 1024px\" \/><figcaption class=\"blocks-gallery-item__caption\">Tud\u00f3s\u00edtunk az aktu\u00e1lis esem\u00e9nyekr\u0151l<\/figcaption><\/figure><\/li><\/ul><\/figure>\n\n\n<p><span style=\"font-weight: 400;\">M\u00e1ra m\u00e1r k\u00e9pesek vagyunk arra, hogy \u00e9l\u0151ben k\u00f6zvet\u00edts\u00fcnk t\u00f6bbkamer\u00e1s rendszerrel. A YouTube Besim\u00e9dia csatorn\u00e1nkon rendszeresen jelentkez\u00fcnk r\u00f6vid \u00f6sszefoglal\u00f3 zen\u00e9s kis filmekkel, egyes iskolai m\u0171sorok kett\u0151-n\u00e9gy kamer\u00e1s \u00e9l\u0151 k\u00f6zvet\u00edt\u00e9s\u00e9vel (ballag\u00e1s, kar\u00e1csonyi m\u0171sor stb.). Terveink k\u00f6zt szerepel, hogy a k\u00f6zeli j\u00f6v\u0151ben rendszeresen jelentkez\u00fcnk h\u00edrad\u00f3val. (Egy pr\u00f3baad\u00e1s m\u00e1r el is k\u00e9sz\u00fclt, amelyb\u0151l r\u00e9szletet mutattunk be a Digit\u00e1lis ny\u00edlt h\u00e9ten.)\u00a0<\/span><\/p>\n\n\n<figure class=\"wp-block-gallery columns-2 is-cropped wp-block-gallery-4 is-layout-flex wp-block-gallery-is-layout-flex\"><ul class=\"blocks-gallery-grid\"><li class=\"blocks-gallery-item\"><figure><img loading=\"lazy\" decoding=\"async\" width=\"1024\" height=\"768\" src=\"https:\/\/besi.hu\/wp-content\/uploads\/2021\/10\/20210528_101925_1_2-1024x768.jpg\" alt=\"\" data-id=\"2191\" data-full-url=\"https:\/\/besi.hu\/wp-content\/uploads\/2021\/10\/20210528_101925_1_2-scaled.jpg\" data-link=\"https:\/\/besi.hu\/?attachment_id=2191\" class=\"wp-image-2191\" srcset=\"https:\/\/besi.hu\/wp-content\/uploads\/2021\/10\/20210528_101925_1_2-1024x768.jpg 1024w, https:\/\/besi.hu\/wp-content\/uploads\/2021\/10\/20210528_101925_1_2-300x225.jpg 300w, https:\/\/besi.hu\/wp-content\/uploads\/2021\/10\/20210528_101925_1_2-768x576.jpg 768w, https:\/\/besi.hu\/wp-content\/uploads\/2021\/10\/20210528_101925_1_2-1536x1152.jpg 1536w, https:\/\/besi.hu\/wp-content\/uploads\/2021\/10\/20210528_101925_1_2-2048x1536.jpg 2048w, https:\/\/besi.hu\/wp-content\/uploads\/2021\/10\/20210528_101925_1_2-267x200.jpg 267w\" sizes=\"auto, (max-width: 1024px) 100vw, 1024px\" \/><figcaption class=\"blocks-gallery-item__caption\">\u00c9l\u0151 k\u00f6zvet\u00edt\u00e9seket nemcsak a st\u00fadi\u00f3b\u00f3l, hanem a helysz\u00ednre kitelep\u00fclve is adunk:  Ballag\u00e1s 2021<\/figcaption><\/figure><\/li><li class=\"blocks-gallery-item\"><figure><img loading=\"lazy\" decoding=\"async\" width=\"1024\" height=\"576\" src=\"https:\/\/besi.hu\/wp-content\/uploads\/2021\/10\/Studio_1-1024x576.jpg\" alt=\"\" data-id=\"2190\" data-full-url=\"https:\/\/besi.hu\/wp-content\/uploads\/2021\/10\/Studio_1-scaled.jpg\" data-link=\"https:\/\/besi.hu\/?attachment_id=2190\" class=\"wp-image-2190\" srcset=\"https:\/\/besi.hu\/wp-content\/uploads\/2021\/10\/Studio_1-1024x576.jpg 1024w, https:\/\/besi.hu\/wp-content\/uploads\/2021\/10\/Studio_1-300x169.jpg 300w, https:\/\/besi.hu\/wp-content\/uploads\/2021\/10\/Studio_1-768x432.jpg 768w, https:\/\/besi.hu\/wp-content\/uploads\/2021\/10\/Studio_1-1536x864.jpg 1536w, https:\/\/besi.hu\/wp-content\/uploads\/2021\/10\/Studio_1-2048x1152.jpg 2048w, https:\/\/besi.hu\/wp-content\/uploads\/2021\/10\/Studio_1-356x200.jpg 356w\" sizes=\"auto, (max-width: 1024px) 100vw, 1024px\" \/><figcaption class=\"blocks-gallery-item__caption\">Digit\u00e1lis ny\u00edlt h\u00e9t 2020. \u0151sz<\/figcaption><\/figure><\/li><\/ul><\/figure>\n\n\n<p><span style=\"font-weight: 400;\">2020 \u0151sz\u00e9n nagy feladatot v\u00e1llaltunk. A pand\u00e9mi\u00e1nak k\u00f6sz\u00f6nhet\u0151en nem volt lehet\u0151s\u00e9g\u00fcnk bemutatni iskol\u00e1nkat a szok\u00e1sos ny\u00edlt h\u00e9t keret\u00e9n bel\u00fcl. Ez\u00e9rt online \u00e9l\u0151 k\u00f6zvet\u00edt\u00e9seken kereszt\u00fcl adtunk lehet\u0151s\u00e9get arra, hogy az \u00e9rdekl\u0151d\u0151 nyolcadikosok, sz\u00fcleik, hozz\u00e1tartoz\u00f3ik betekint\u00e9st nyerjenek iskol\u00e1nk \u00e9let\u00e9be.\u00a0<\/span><\/p>\n\n\n<figure class=\"wp-block-gallery columns-2 is-cropped wp-block-gallery-5 is-layout-flex wp-block-gallery-is-layout-flex\"><ul class=\"blocks-gallery-grid\"><li class=\"blocks-gallery-item\"><figure><img loading=\"lazy\" decoding=\"async\" width=\"1024\" height=\"576\" src=\"https:\/\/besi.hu\/wp-content\/uploads\/2021\/10\/nyilt-napok-kezdokep-1-1024x576.jpg\" alt=\"\" data-id=\"2192\" data-full-url=\"https:\/\/besi.hu\/wp-content\/uploads\/2021\/10\/nyilt-napok-kezdokep-1.jpg\" data-link=\"https:\/\/besi.hu\/?attachment_id=2192\" class=\"wp-image-2192\" srcset=\"https:\/\/besi.hu\/wp-content\/uploads\/2021\/10\/nyilt-napok-kezdokep-1-1024x576.jpg 1024w, https:\/\/besi.hu\/wp-content\/uploads\/2021\/10\/nyilt-napok-kezdokep-1-300x169.jpg 300w, https:\/\/besi.hu\/wp-content\/uploads\/2021\/10\/nyilt-napok-kezdokep-1-768x432.jpg 768w, https:\/\/besi.hu\/wp-content\/uploads\/2021\/10\/nyilt-napok-kezdokep-1-1536x864.jpg 1536w, https:\/\/besi.hu\/wp-content\/uploads\/2021\/10\/nyilt-napok-kezdokep-1-2048x1152.jpg 2048w, https:\/\/besi.hu\/wp-content\/uploads\/2021\/10\/nyilt-napok-kezdokep-1-355x200.jpg 355w\" sizes=\"auto, (max-width: 1024px) 100vw, 1024px\" \/><figcaption class=\"blocks-gallery-item__caption\">A digit\u00e1lis ny\u00edlt napok k\u00f6zvet\u00edt\u00e9se a st\u00fadi\u00f3b\u00f3l. A 12 r\u00e9szes el\u0151ad\u00e1ssorozat egyik pillanata.<\/figcaption><\/figure><\/li><li class=\"blocks-gallery-item\"><figure><img loading=\"lazy\" decoding=\"async\" width=\"1024\" height=\"577\" src=\"https:\/\/besi.hu\/wp-content\/uploads\/2021\/10\/nyilt-het_3_1-1024x577.jpg\" alt=\"\" data-id=\"2193\" data-full-url=\"https:\/\/besi.hu\/wp-content\/uploads\/2021\/10\/nyilt-het_3_1.jpg\" data-link=\"https:\/\/besi.hu\/?attachment_id=2193\" class=\"wp-image-2193\" srcset=\"https:\/\/besi.hu\/wp-content\/uploads\/2021\/10\/nyilt-het_3_1-1024x577.jpg 1024w, https:\/\/besi.hu\/wp-content\/uploads\/2021\/10\/nyilt-het_3_1-300x169.jpg 300w, https:\/\/besi.hu\/wp-content\/uploads\/2021\/10\/nyilt-het_3_1-768x433.jpg 768w, https:\/\/besi.hu\/wp-content\/uploads\/2021\/10\/nyilt-het_3_1-1536x866.jpg 1536w, https:\/\/besi.hu\/wp-content\/uploads\/2021\/10\/nyilt-het_3_1-2048x1154.jpg 2048w, https:\/\/besi.hu\/wp-content\/uploads\/2021\/10\/nyilt-het_3_1-355x200.jpg 355w\" sizes=\"auto, (max-width: 1024px) 100vw, 1024px\" \/><figcaption class=\"blocks-gallery-item__caption\">A vide\u00f3-kever\u0151pultn\u00e1l Tugya Vilmos \u00e9s G\u00e1ncs Tam\u00e1s. A reflektorf\u00e9nyben pedig az aktu\u00e1lis el\u0151ad\u00f3.<\/figcaption><\/figure><\/li><\/ul><\/figure>\n\n\n<p><span style=\"font-weight: 400;\">Erre egy 12 r\u00e9szes el\u0151ad\u00e1s-sorozatban ker\u00fclt sor. Lehet\u0151s\u00e9g\u00fcnk ny\u00edlt egy olyan st\u00fadi\u00f3 megalkot\u00e1s\u00e1ra, amelyben greenbox technik\u00e1t alkalmazva telev\u00edzi\u00f3s k\u00f6r\u00fclm\u00e9nyeket tudtunk teremteni st\u00fadi\u00f3nkban.<\/span><\/p>\n\n\n<figure class=\"wp-block-gallery columns-2 is-cropped wp-block-gallery-6 is-layout-flex wp-block-gallery-is-layout-flex\"><ul class=\"blocks-gallery-grid\"><li class=\"blocks-gallery-item\"><figure><img loading=\"lazy\" decoding=\"async\" width=\"1024\" height=\"577\" src=\"https:\/\/besi.hu\/wp-content\/uploads\/2021\/10\/nyilt-het_4_1-1024x577.jpg\" alt=\"\" data-id=\"2196\" data-full-url=\"https:\/\/besi.hu\/wp-content\/uploads\/2021\/10\/nyilt-het_4_1.jpg\" data-link=\"https:\/\/besi.hu\/?attachment_id=2196\" class=\"wp-image-2196\" srcset=\"https:\/\/besi.hu\/wp-content\/uploads\/2021\/10\/nyilt-het_4_1-1024x577.jpg 1024w, https:\/\/besi.hu\/wp-content\/uploads\/2021\/10\/nyilt-het_4_1-300x169.jpg 300w, https:\/\/besi.hu\/wp-content\/uploads\/2021\/10\/nyilt-het_4_1-768x433.jpg 768w, https:\/\/besi.hu\/wp-content\/uploads\/2021\/10\/nyilt-het_4_1-1536x866.jpg 1536w, https:\/\/besi.hu\/wp-content\/uploads\/2021\/10\/nyilt-het_4_1-2048x1154.jpg 2048w, https:\/\/besi.hu\/wp-content\/uploads\/2021\/10\/nyilt-het_4_1-355x200.jpg 355w\" sizes=\"auto, (max-width: 1024px) 100vw, 1024px\" \/><figcaption class=\"blocks-gallery-item__caption\">A szakk\u00f6r\u00f6n di\u00e1kjainknak lehet\u0151s\u00e9ge ny\u00edlik st\u00fadi\u00f3 k\u00f6r\u00fclm\u00e9nyek k\u00f6z\u00f6tt fot\u00f3zni<\/figcaption><\/figure><\/li><li class=\"blocks-gallery-item\"><figure><img loading=\"lazy\" decoding=\"async\" width=\"683\" height=\"1024\" src=\"https:\/\/besi.hu\/wp-content\/uploads\/2021\/10\/Iza-Vili-683x1024.jpg\" alt=\"\" data-id=\"2195\" data-full-url=\"https:\/\/besi.hu\/wp-content\/uploads\/2021\/10\/Iza-Vili.jpg\" data-link=\"https:\/\/besi.hu\/?attachment_id=2195\" class=\"wp-image-2195\" srcset=\"https:\/\/besi.hu\/wp-content\/uploads\/2021\/10\/Iza-Vili-683x1024.jpg 683w, https:\/\/besi.hu\/wp-content\/uploads\/2021\/10\/Iza-Vili-200x300.jpg 200w, https:\/\/besi.hu\/wp-content\/uploads\/2021\/10\/Iza-Vili-768x1152.jpg 768w, https:\/\/besi.hu\/wp-content\/uploads\/2021\/10\/Iza-Vili-1024x1536.jpg 1024w, https:\/\/besi.hu\/wp-content\/uploads\/2021\/10\/Iza-Vili-133x200.jpg 133w, https:\/\/besi.hu\/wp-content\/uploads\/2021\/10\/Iza-Vili.jpg 1280w\" sizes=\"auto, (max-width: 683px) 100vw, 683px\" \/><figcaption class=\"blocks-gallery-item__caption\">A v\u00e9geredm\u00e9ny<\/figcaption><\/figure><\/li><\/ul><\/figure>\n\n\n<p><span style=\"font-weight: 400;\">A k\u00e9t egym\u00e1sba ny\u00edl\u00f3 helyis\u00e9g k\u00f6z\u00fcl az egyiket fot\u00f3z\u00e1sra rendezt\u00fck be, a m\u00e1sikat vide\u00f3felv\u00e9telek lebonyol\u00edt\u00e1s\u00e1ra.<\/span><\/p>\n<p><span style=\"font-weight: 400;\">K\u00f6sz\u00f6nj\u00fck iskol\u00e1nknak a lehet\u0151s\u00e9get, hogy ilyen m\u00e9rt\u00e9k\u0171 fejleszt\u00e9st val\u00f3sult ezen a ter\u00fcleten. Di\u00e1kjainkkal azon vagyunk, hogy a lehet\u0151s\u00e9geket maxim\u00e1lisan kihaszn\u00e1lva, min\u00e9l szebb k\u00fcllemben juttassuk el a h\u00edreket az \u00e9rdekl\u0151d\u0151k fel\u00e9.<\/span><\/p><div class=\"pvc_clear\"><\/div><p id=\"pvc_stats_1750\" class=\"pvc_stats all  \" data-element-id=\"1750\" style=\"\"><i class=\"pvc-stats-icon medium\" aria-hidden=\"true\"><svg aria-hidden=\"true\" focusable=\"false\" data-prefix=\"far\" data-icon=\"chart-bar\" role=\"img\" xmlns=\"http:\/\/www.w3.org\/2000\/svg\" viewBox=\"0 0 512 512\" class=\"svg-inline--fa fa-chart-bar fa-w-16 fa-2x\"><path fill=\"currentColor\" d=\"M396.8 352h22.4c6.4 0 12.8-6.4 12.8-12.8V108.8c0-6.4-6.4-12.8-12.8-12.8h-22.4c-6.4 0-12.8 6.4-12.8 12.8v230.4c0 6.4 6.4 12.8 12.8 12.8zm-192 0h22.4c6.4 0 12.8-6.4 12.8-12.8V140.8c0-6.4-6.4-12.8-12.8-12.8h-22.4c-6.4 0-12.8 6.4-12.8 12.8v198.4c0 6.4 6.4 12.8 12.8 12.8zm96 0h22.4c6.4 0 12.8-6.4 12.8-12.8V204.8c0-6.4-6.4-12.8-12.8-12.8h-22.4c-6.4 0-12.8 6.4-12.8 12.8v134.4c0 6.4 6.4 12.8 12.8 12.8zM496 400H48V80c0-8.84-7.16-16-16-16H16C7.16 64 0 71.16 0 80v336c0 17.67 14.33 32 32 32h464c8.84 0 16-7.16 16-16v-16c0-8.84-7.16-16-16-16zm-387.2-48h22.4c6.4 0 12.8-6.4 12.8-12.8v-70.4c0-6.4-6.4-12.8-12.8-12.8h-22.4c-6.4 0-12.8 6.4-12.8 12.8v70.4c0 6.4 6.4 12.8 12.8 12.8z\" class=\"\"><\/path><\/svg><\/i> <img loading=\"lazy\" decoding=\"async\" width=\"16\" height=\"16\" alt=\"Loading\" src=\"https:\/\/besi.hu\/wp-content\/plugins\/page-views-count\/ajax-loader-2x.gif\" border=0 \/><\/p><div class=\"pvc_clear\"><\/div>","protected":false},"excerpt":{"rendered":"<p>2015 \u2013 A h\u00edr igaz! \u2013 Megalakult a Besim\u00e9dia Az emberek mindig is v\u00e1gytak arra, hogy a k\u00f6rnyezet\u00fcnkben t\u00f6rt\u00e9n\u0151 esem\u00e9nyekr\u0151l mihamarabb \u00e9rtes\u00fcljenek. A 21. sz\u00e1zadban a h\u00edr m\u00e1r az esem\u00e9nyekkel egyid\u0151ben eljuthat az \u00e9rdekl\u0151d\u0151h\u00f6z, k\u00f6sz\u00f6nhetj\u00fck ezt az internetnek, valamint a k\u00fcl\u00f6nb\u00f6z\u0151 platformoknak, p\u00e9ld\u00e1ul Facebooknak, Instagramnak. Okostelefonok seg\u00edts\u00e9g\u00e9vel \u00e9l\u0151ben nyomon k\u00f6vethetj\u00fck&#8230;<\/p>\n<div class=\"pvc_clear\"><\/div>\n<p id=\"pvc_stats_1750\" class=\"pvc_stats all  \" data-element-id=\"1750\" style=\"\"><i class=\"pvc-stats-icon medium\" aria-hidden=\"true\"><svg aria-hidden=\"true\" focusable=\"false\" data-prefix=\"far\" data-icon=\"chart-bar\" role=\"img\" xmlns=\"http:\/\/www.w3.org\/2000\/svg\" viewBox=\"0 0 512 512\" class=\"svg-inline--fa fa-chart-bar fa-w-16 fa-2x\"><path fill=\"currentColor\" d=\"M396.8 352h22.4c6.4 0 12.8-6.4 12.8-12.8V108.8c0-6.4-6.4-12.8-12.8-12.8h-22.4c-6.4 0-12.8 6.4-12.8 12.8v230.4c0 6.4 6.4 12.8 12.8 12.8zm-192 0h22.4c6.4 0 12.8-6.4 12.8-12.8V140.8c0-6.4-6.4-12.8-12.8-12.8h-22.4c-6.4 0-12.8 6.4-12.8 12.8v198.4c0 6.4 6.4 12.8 12.8 12.8zm96 0h22.4c6.4 0 12.8-6.4 12.8-12.8V204.8c0-6.4-6.4-12.8-12.8-12.8h-22.4c-6.4 0-12.8 6.4-12.8 12.8v134.4c0 6.4 6.4 12.8 12.8 12.8zM496 400H48V80c0-8.84-7.16-16-16-16H16C7.16 64 0 71.16 0 80v336c0 17.67 14.33 32 32 32h464c8.84 0 16-7.16 16-16v-16c0-8.84-7.16-16-16-16zm-387.2-48h22.4c6.4 0 12.8-6.4 12.8-12.8v-70.4c0-6.4-6.4-12.8-12.8-12.8h-22.4c-6.4 0-12.8 6.4-12.8 12.8v70.4c0 6.4 6.4 12.8 12.8 12.8z\" class=\"\"><\/path><\/svg><\/i> <img loading=\"lazy\" decoding=\"async\" width=\"16\" height=\"16\" alt=\"Loading\" src=\"https:\/\/besi.hu\/wp-content\/plugins\/page-views-count\/ajax-loader-2x.gif\" border=0 \/><\/p>\n<div class=\"pvc_clear\"><\/div>\n","protected":false},"author":2,"featured_media":0,"parent":0,"menu_order":0,"comment_status":"closed","ping_status":"closed","template":"","meta":{"footnotes":""},"class_list":["post-1750","page","type-page","status-publish","hentry"],"aioseo_notices":[],"a3_pvc":{"activated":true,"total_views":520,"today_views":0},"_links":{"self":[{"href":"https:\/\/besi.hu\/index.php?rest_route=\/wp\/v2\/pages\/1750","targetHints":{"allow":["GET"]}}],"collection":[{"href":"https:\/\/besi.hu\/index.php?rest_route=\/wp\/v2\/pages"}],"about":[{"href":"https:\/\/besi.hu\/index.php?rest_route=\/wp\/v2\/types\/page"}],"author":[{"embeddable":true,"href":"https:\/\/besi.hu\/index.php?rest_route=\/wp\/v2\/users\/2"}],"replies":[{"embeddable":true,"href":"https:\/\/besi.hu\/index.php?rest_route=%2Fwp%2Fv2%2Fcomments&post=1750"}],"version-history":[{"count":3,"href":"https:\/\/besi.hu\/index.php?rest_route=\/wp\/v2\/pages\/1750\/revisions"}],"predecessor-version":[{"id":2198,"href":"https:\/\/besi.hu\/index.php?rest_route=\/wp\/v2\/pages\/1750\/revisions\/2198"}],"wp:attachment":[{"href":"https:\/\/besi.hu\/index.php?rest_route=%2Fwp%2Fv2%2Fmedia&parent=1750"}],"curies":[{"name":"wp","href":"https:\/\/api.w.org\/{rel}","templated":true}]}}