{"id":1753,"date":"2021-09-07T22:22:26","date_gmt":"2021-09-07T20:22:26","guid":{"rendered":"https:\/\/besi.hu\/?page_id=1753"},"modified":"2021-10-20T22:39:37","modified_gmt":"2021-10-20T20:39:37","slug":"tutorkent-a-tehetsegek-magyarorszaga-cimu-kiemelt-projektben","status":"publish","type":"page","link":"https:\/\/besi.hu\/?page_id=1753","title":{"rendered":"Tutork\u00e9nt a Tehets\u00e9gek Magyarorsz\u00e1ga c\u00edm\u0171 kiemelt projektben"},"content":{"rendered":"<p><span style=\"font-weight: 400;\">2017. janu\u00e1rban indult \u00fatj\u00e1ra els\u0151 alkalommal Tehets\u00e9gek Magyarorsz\u00e1ga uni\u00f3s t\u00e1mogat\u00e1s\u00fa projekt keretein bel\u00fcl a Matehetsz Tutor Programja, ahol 2021-ig volt lehet\u0151s\u00e9gem tev\u00e9kenykedni (iskol\u00e1nkb\u00f3l Dr. Koncz G\u00e1bor 2017-ben, Kissn\u00e9 Bilecz Melinda 2020-ban vett r\u00e9szt a programban).\u00a0<\/span><\/p>\n<p><span style=\"font-weight: 400;\">Egy 30 \u00f3r\u00e1s akkredit\u00e1lt tanfolyam elv\u00e9gz\u00e9se el\u0151tt sikeres p\u00e1ly\u00e1zat, egy szakmai online teszt, majd az Assisment Center (AC) \u00c9rt\u00e9kel\u0151 K\u00f6zpont hum\u00e1er\u0151forr\u00e1s-kiv\u00e1laszt\u00e1si m\u00f3dszere adapt\u00e1lt v\u00e1ltozat\u00e1nak teljes\u00edt\u00e9se\u00a0 ut\u00e1n ker\u00fcltem a k\u00f6zel 50 szakember k\u00f6z\u00e9, akik els\u0151 k\u00f6rben elkezdhett\u00e9k a tutor\u00e1l\u00e1st.\u00a0<\/span><\/p>\n<p><span style=\"font-weight: 400;\">Fontos feladatunk volt, hogy ezt az \u00faj kezdem\u00e9nyez\u00e9st megismertess\u00fck, n\u00e9pszer\u0171s\u00edts\u00fck iskol\u00e1nk illetve a t\u00e9rs\u00e9g tehets\u00e9ges \u00e1ltal\u00e1nos iskol\u00e1saival.<\/span><i><span style=\"font-weight: 400;\"> \u201eNemcsak a program, hanem maga a tutor sz\u00f3 is egy teljesen \u00faj fogalomk\u00e9nt jelent meg a hazai tehets\u00e9ggondoz\u00e1sban. Polonkai M\u00e1ria, a program szakmai vezet\u0151je \u00e9s Bajor P\u00e9ter, a Matehetsz \u00fcgyvezet\u0151 eln\u00f6ke \u00e9s projektmenedzsere, valamint a Matehetsz munkat\u00e1rsai \u00e1ltal kialak\u00edtott rendszer m\u00e1r az els\u0151 \u00e9vben \u00e9letre kelt<\/span><\/i><span style=\"font-weight: 400;\">\u201d<\/span><span style=\"font-weight: 400;\">, \u00e9s az\u00f3ta t\u00f6bb mint sz\u00e1z besis tanul\u00f3 p\u00e1ly\u00e1zott sikeresen \u00e9s \u00e9lvezhette tutor\u00e1ltk\u00e9nt a program el\u0151nyeit az eltelt id\u0151szakban.<\/span><\/p>\n<p><i><span style=\"font-weight: 400;\">\u201eA program c\u00e9lul t\u0171zte ki a tehets\u00e9gazonos\u00edt\u00e1si, kiv\u00e1laszt\u00e1si \u00e9s az egy\u00e9ni fejleszt\u00e9sen alapul\u00f3 tehets\u00e9ggondoz\u00f3 szolg\u00e1ltat\u00e1sok kialak\u00edt\u00e1s\u00e1t, a tehets\u00e9ggondoz\u00e1s m\u0171k\u00f6d\u0151 rendszereinek tov\u00e1bbfejleszt\u00e9s\u00e9t, \u00f6sszekapcsol\u00e1s\u00e1t, a tehets\u00e9g kibontakoztat\u00e1s\u00e1ra lehet\u0151s\u00e9get ny\u00fajt\u00f3 programok \u00e9s szolg\u00e1ltat\u00e1sok t\u00e1mogat\u00e1s\u00e1t. Lehet\u0151s\u00e9geket k\u00edn\u00e1l fel a tehets\u00e9g\u00edg\u00e9ret, a tehets\u00e9g sz\u00e1m\u00e1ra\u201d<\/span><\/i><\/p>\n<p><span style=\"font-weight: 400;\">A program sor\u00e1n a tanul\u00f3k csoportfoglalkoz\u00e1sokon vettek r\u00e9szt, ahol hozz\u00e1juk hasonl\u00f3an tehets\u00e9ges di\u00e1kokkal tudtak tal\u00e1lkozni. A csoportfoglalkoz\u00e1sok t\u00e9m\u00e1ja csoportonk\u00e9nt v\u00e1ltozott, de a v\u00e1ltozatos, \u00e9lm\u00e9nyszer\u0171 alkalmakat igyekezett minden tutor a di\u00e1koknak adni. A legkedveltebbek az \u00f6nismereti, tanul\u00e1sm\u00f3dszertani \u00e9s az \u00e9lm\u00e9nyekre \u00e9p\u00fcl\u0151 foglalkoz\u00e1sok voltak. Ez\u00faton is k\u00f6sz\u00f6n\u00f6m a Var\u00e1zsv\u00e1r l\u00e1tv\u00e1nyos k\u00eds\u00e9rletekre \u00e9p\u00fcl\u0151 foglalkoz\u00e1sait dr. Koncz G\u00e1bornak, dr. Konczn\u00e9 dr. J\u00e1mbrik Katalinnak \u00e9s T\u00f3th-G\u00e1l Zsuzsanna Napsug\u00e1rnak.<\/span><\/p>\n\n\n<figure class=\"wp-block-gallery columns-2 is-cropped wp-block-gallery-1 is-layout-flex wp-block-gallery-is-layout-flex\"><ul class=\"blocks-gallery-grid\"><li class=\"blocks-gallery-item\"><figure><img loading=\"lazy\" decoding=\"async\" width=\"1024\" height=\"680\" src=\"https:\/\/besi.hu\/wp-content\/uploads\/2021\/10\/1.-kep-Csoportfoglalkozas-a-SMART-termunkben-1024x680.jpg\" alt=\"\" data-id=\"2200\" data-full-url=\"https:\/\/besi.hu\/wp-content\/uploads\/2021\/10\/1.-kep-Csoportfoglalkozas-a-SMART-termunkben.jpg\" data-link=\"https:\/\/besi.hu\/?attachment_id=2200\" class=\"wp-image-2200\" srcset=\"https:\/\/besi.hu\/wp-content\/uploads\/2021\/10\/1.-kep-Csoportfoglalkozas-a-SMART-termunkben-1024x680.jpg 1024w, https:\/\/besi.hu\/wp-content\/uploads\/2021\/10\/1.-kep-Csoportfoglalkozas-a-SMART-termunkben-300x199.jpg 300w, https:\/\/besi.hu\/wp-content\/uploads\/2021\/10\/1.-kep-Csoportfoglalkozas-a-SMART-termunkben-768x510.jpg 768w, https:\/\/besi.hu\/wp-content\/uploads\/2021\/10\/1.-kep-Csoportfoglalkozas-a-SMART-termunkben-1536x1021.jpg 1536w, https:\/\/besi.hu\/wp-content\/uploads\/2021\/10\/1.-kep-Csoportfoglalkozas-a-SMART-termunkben-301x200.jpg 301w, https:\/\/besi.hu\/wp-content\/uploads\/2021\/10\/1.-kep-Csoportfoglalkozas-a-SMART-termunkben.jpg 1773w\" sizes=\"auto, (max-width: 1024px) 100vw, 1024px\" \/><figcaption class=\"blocks-gallery-item__caption\">Csoportfoglalkoz\u00e1s j\u00e1t\u00e9kos m\u00f3dszerekkel<\/figcaption><\/figure><\/li><li class=\"blocks-gallery-item\"><figure><img loading=\"lazy\" decoding=\"async\" width=\"1024\" height=\"768\" src=\"https:\/\/besi.hu\/wp-content\/uploads\/2021\/10\/2.-kep-Csoporttalalkozo-a-knyvtarban-1024x768.jpg\" alt=\"\" data-id=\"2201\" data-full-url=\"https:\/\/besi.hu\/wp-content\/uploads\/2021\/10\/2.-kep-Csoporttalalkozo-a-knyvtarban.jpg\" data-link=\"https:\/\/besi.hu\/?attachment_id=2201\" class=\"wp-image-2201\" srcset=\"https:\/\/besi.hu\/wp-content\/uploads\/2021\/10\/2.-kep-Csoporttalalkozo-a-knyvtarban-1024x768.jpg 1024w, https:\/\/besi.hu\/wp-content\/uploads\/2021\/10\/2.-kep-Csoporttalalkozo-a-knyvtarban-300x225.jpg 300w, https:\/\/besi.hu\/wp-content\/uploads\/2021\/10\/2.-kep-Csoporttalalkozo-a-knyvtarban-768x576.jpg 768w, https:\/\/besi.hu\/wp-content\/uploads\/2021\/10\/2.-kep-Csoporttalalkozo-a-knyvtarban-1536x1152.jpg 1536w, https:\/\/besi.hu\/wp-content\/uploads\/2021\/10\/2.-kep-Csoporttalalkozo-a-knyvtarban-267x200.jpg 267w, https:\/\/besi.hu\/wp-content\/uploads\/2021\/10\/2.-kep-Csoporttalalkozo-a-knyvtarban.jpg 2016w\" sizes=\"auto, (max-width: 1024px) 100vw, 1024px\" \/><figcaption class=\"blocks-gallery-item__caption\">Csoporttal\u00e1lkoz\u00f3 a k\u00f6nyvt\u00e1runkban<\/figcaption><\/figure><\/li><li class=\"blocks-gallery-item\"><figure><img loading=\"lazy\" decoding=\"async\" width=\"1024\" height=\"768\" src=\"https:\/\/besi.hu\/wp-content\/uploads\/2021\/10\/3.-Jatek-kozben-a-foglalkozason-1024x768.jpg\" alt=\"\" data-id=\"2203\" data-full-url=\"https:\/\/besi.hu\/wp-content\/uploads\/2021\/10\/3.-Jatek-kozben-a-foglalkozason.jpg\" data-link=\"https:\/\/besi.hu\/?attachment_id=2203\" class=\"wp-image-2203\" srcset=\"https:\/\/besi.hu\/wp-content\/uploads\/2021\/10\/3.-Jatek-kozben-a-foglalkozason-1024x768.jpg 1024w, https:\/\/besi.hu\/wp-content\/uploads\/2021\/10\/3.-Jatek-kozben-a-foglalkozason-300x225.jpg 300w, https:\/\/besi.hu\/wp-content\/uploads\/2021\/10\/3.-Jatek-kozben-a-foglalkozason-768x576.jpg 768w, https:\/\/besi.hu\/wp-content\/uploads\/2021\/10\/3.-Jatek-kozben-a-foglalkozason-1536x1152.jpg 1536w, https:\/\/besi.hu\/wp-content\/uploads\/2021\/10\/3.-Jatek-kozben-a-foglalkozason-267x200.jpg 267w, https:\/\/besi.hu\/wp-content\/uploads\/2021\/10\/3.-Jatek-kozben-a-foglalkozason.jpg 2016w\" sizes=\"auto, (max-width: 1024px) 100vw, 1024px\" \/><figcaption class=\"blocks-gallery-item__caption\">A logikus gondolkod\u00e1s fejleszt\u00e9se j\u00e1t\u00e9kos m\u00f3dszerekkel<\/figcaption><\/figure><\/li><li class=\"blocks-gallery-item\"><figure><img loading=\"lazy\" decoding=\"async\" width=\"1024\" height=\"947\" src=\"https:\/\/besi.hu\/wp-content\/uploads\/2021\/10\/4.-kepIsmerkedes-a-tablajatekokkal-1024x947.jpg\" alt=\"\" data-id=\"2202\" data-full-url=\"https:\/\/besi.hu\/wp-content\/uploads\/2021\/10\/4.-kepIsmerkedes-a-tablajatekokkal.jpg\" data-link=\"https:\/\/besi.hu\/?attachment_id=2202\" class=\"wp-image-2202\" srcset=\"https:\/\/besi.hu\/wp-content\/uploads\/2021\/10\/4.-kepIsmerkedes-a-tablajatekokkal-1024x947.jpg 1024w, https:\/\/besi.hu\/wp-content\/uploads\/2021\/10\/4.-kepIsmerkedes-a-tablajatekokkal-300x277.jpg 300w, https:\/\/besi.hu\/wp-content\/uploads\/2021\/10\/4.-kepIsmerkedes-a-tablajatekokkal-768x710.jpg 768w, https:\/\/besi.hu\/wp-content\/uploads\/2021\/10\/4.-kepIsmerkedes-a-tablajatekokkal-216x200.jpg 216w, https:\/\/besi.hu\/wp-content\/uploads\/2021\/10\/4.-kepIsmerkedes-a-tablajatekokkal.jpg 1498w\" sizes=\"auto, (max-width: 1024px) 100vw, 1024px\" \/><figcaption class=\"blocks-gallery-item__caption\">Ismerked\u00e9s a t\u00e1blaj\u00e1t\u00e9kokkal<\/figcaption><\/figure><\/li><\/ul><\/figure>\n\n\n\n\n<p><span style=\"font-weight: 400;\">\u00c9rdekesnek tal\u00e1lt\u00e1k a tanul\u00f3k az USC So\u00e1 Alap\u00edtv\u00e1ny gondoz\u00e1s\u00e1ban l\u00e9v\u0151 holokauszt t\u00fal\u00e9l\u0151k vide\u00f3interj\u00fainak felhaszn\u00e1l\u00e1s\u00e1val t\u00f6rt\u00e9nt helyt\u00f6rt\u00e9neti s\u00e9t\u00e1t, ahol a Kisv\u00e1rd\u00e1n \u00e9lt nagy l\u00e9leksz\u00e1m\u00fa zsid\u00f3 k\u00f6z\u00f6ss\u00e9g eml\u00e9keit mutatta be <\/span><i><span style=\"font-weight: 400;\">Tari Istv\u00e1nn\u00e9<\/span><\/i><span style=\"font-weight: 400;\"> \u00e9s k\u00e9t besis di\u00e1k, <\/span><i><span style=\"font-weight: 400;\">Rub\u00f3czki Fanni <\/span><\/i><span style=\"font-weight: 400;\">\u00e9s<\/span><i><span style=\"font-weight: 400;\"> De\u00e1k Borb\u00e1la<\/span><\/i><span style=\"font-weight: 400;\">. A tanul\u00e1sm\u00f3dszertani v\u00e1ltozatoss\u00e1got bemutat\u00f3 \u00f3r\u00e1m a J\u00f3 gyakorlatok a tutorrendszerben c\u00edm\u0171 kiadv\u00e1nyba is beker\u00fclt.<\/span><\/p>\n<p><span style=\"font-weight: 400;\">J\u00f3 lehet\u0151s\u00e9gnek bizonyult a Matehetsz \u00e1ltal biztos\u00edtott \u00f6szt\u00f6nd\u00edj is, amelyet a tanul\u00f3k p\u00e1ly\u00e1zat \u00fatj\u00e1n nyerhettek el. Szinte minden tanul\u00f3 (k\u00f6zel sz\u00e1zan) r\u00e9szes\u00fclt 100-200.000 forintos \u00f6szt\u00f6nd\u00edjban, amely k\u00f6sz\u00f6nhet\u0151 azoknak a tan\u00e1roknak, akik nagy hangs\u00falyt fektettek az ig\u00e9nyes p\u00e1ly\u00e1zati anyag \u00f6ssze\u00e1ll\u00edt\u00e1s\u00e1ra.<\/span><\/p>\n<p><span style=\"font-weight: 400;\">Ig\u00e9nybe vehett\u00e9k k\u00fcl\u00f6nb\u00f6z\u0151 szakemberek seg\u00edts\u00e9g\u00e9t (pl. pszichol\u00f3gus, p\u00e1lyaorient\u00e1ci\u00f3s szakember), \u00e9lhettek a lehet\u0151s\u00e9gekkel, hogy szem\u00e9lyis\u00e9gfejleszt\u0151, \u00f6nismereti h\u00e9tv\u00e9g\u00e9n vegyenek r\u00e9szt. A Matehetsz szem\u00e9lyis\u00e9gfejleszt\u0151, gazdag\u00edt\u00f3 programjait ny\u00e1ri t\u00e1borokkal is er\u0151s\u00edtette. A t\u00e1borokban fiataloknak tehets\u00e9gter\u00fcleti t\u00e1mogat\u00e1suk mellett speci\u00e1lis k\u00e9szs\u00e9geik fejleszt\u00e9s\u00e9re, pl. \u00e9rzelmi intelligenci\u00e1juk fejleszt\u00e9s\u00e9re, valamint kort\u00e1rs kapcsolataik meger\u0151s\u00edt\u00e9s\u00e9re is sor ker\u00fclhetett. A foglalkoz\u00e1sok f\u00f3kusz\u00e1ban az \u00f6nismeret, a kommunik\u00e1ci\u00f3s \u00e9s szoci\u00e1lis kompetenci\u00e1k fejleszt\u00e9se szerepelt. T\u00f6bb besis di\u00e1k vett r\u00e9szt a Tutor\u00e1ltak Alumni Tal\u00e1lkoz\u00f3j\u00e1n, Budapesten.<\/span><\/p>\n<p><span style=\"font-weight: 400;\">Ezek a gazdag\u00edt\u00f3 programok tov\u00e1bb er\u0151s\u00edtett\u00e9k tanul\u00f3ink kompetenci\u00e1it, a di\u00e1kok kapcsolatrendszer\u00e9nek alakul\u00e1s\u00e1t, \u00e9s nem utols\u00f3sorban a k\u00e9s\u0151bbiekben is bekapcsol\u00f3dhatnak a Matehetsz programjaiba.<\/span><\/p>\n\n\n<figure class=\"wp-block-gallery columns-1 is-cropped wp-block-gallery-2 is-layout-flex wp-block-gallery-is-layout-flex\"><ul class=\"blocks-gallery-grid\"><li class=\"blocks-gallery-item\"><figure><img loading=\"lazy\" decoding=\"async\" width=\"1024\" height=\"768\" src=\"https:\/\/besi.hu\/wp-content\/uploads\/2021\/10\/5.-Turcsik-Roland-a-varboi-taborzaron-1024x768.jpg\" alt=\"\" data-id=\"2204\" data-full-url=\"https:\/\/besi.hu\/wp-content\/uploads\/2021\/10\/5.-Turcsik-Roland-a-varboi-taborzaron-scaled.jpg\" data-link=\"https:\/\/besi.hu\/?attachment_id=2204\" class=\"wp-image-2204\" srcset=\"https:\/\/besi.hu\/wp-content\/uploads\/2021\/10\/5.-Turcsik-Roland-a-varboi-taborzaron-1024x768.jpg 1024w, https:\/\/besi.hu\/wp-content\/uploads\/2021\/10\/5.-Turcsik-Roland-a-varboi-taborzaron-300x225.jpg 300w, https:\/\/besi.hu\/wp-content\/uploads\/2021\/10\/5.-Turcsik-Roland-a-varboi-taborzaron-768x576.jpg 768w, https:\/\/besi.hu\/wp-content\/uploads\/2021\/10\/5.-Turcsik-Roland-a-varboi-taborzaron-1536x1152.jpg 1536w, https:\/\/besi.hu\/wp-content\/uploads\/2021\/10\/5.-Turcsik-Roland-a-varboi-taborzaron-2048x1536.jpg 2048w, https:\/\/besi.hu\/wp-content\/uploads\/2021\/10\/5.-Turcsik-Roland-a-varboi-taborzaron-267x200.jpg 267w\" sizes=\"auto, (max-width: 1024px) 100vw, 1024px\" \/><figcaption class=\"blocks-gallery-item__caption\">Turcsik Roland a varb\u00f3i t\u00e1borz\u00e1r\u00f3n (2019)<\/figcaption><\/figure><\/li><\/ul><\/figure>\n<div class=\"pvc_clear\"><\/div><p id=\"pvc_stats_1753\" class=\"pvc_stats all  \" data-element-id=\"1753\" style=\"\"><i class=\"pvc-stats-icon medium\" aria-hidden=\"true\"><svg aria-hidden=\"true\" focusable=\"false\" data-prefix=\"far\" data-icon=\"chart-bar\" role=\"img\" xmlns=\"http:\/\/www.w3.org\/2000\/svg\" viewBox=\"0 0 512 512\" class=\"svg-inline--fa fa-chart-bar fa-w-16 fa-2x\"><path fill=\"currentColor\" d=\"M396.8 352h22.4c6.4 0 12.8-6.4 12.8-12.8V108.8c0-6.4-6.4-12.8-12.8-12.8h-22.4c-6.4 0-12.8 6.4-12.8 12.8v230.4c0 6.4 6.4 12.8 12.8 12.8zm-192 0h22.4c6.4 0 12.8-6.4 12.8-12.8V140.8c0-6.4-6.4-12.8-12.8-12.8h-22.4c-6.4 0-12.8 6.4-12.8 12.8v198.4c0 6.4 6.4 12.8 12.8 12.8zm96 0h22.4c6.4 0 12.8-6.4 12.8-12.8V204.8c0-6.4-6.4-12.8-12.8-12.8h-22.4c-6.4 0-12.8 6.4-12.8 12.8v134.4c0 6.4 6.4 12.8 12.8 12.8zM496 400H48V80c0-8.84-7.16-16-16-16H16C7.16 64 0 71.16 0 80v336c0 17.67 14.33 32 32 32h464c8.84 0 16-7.16 16-16v-16c0-8.84-7.16-16-16-16zm-387.2-48h22.4c6.4 0 12.8-6.4 12.8-12.8v-70.4c0-6.4-6.4-12.8-12.8-12.8h-22.4c-6.4 0-12.8 6.4-12.8 12.8v70.4c0 6.4 6.4 12.8 12.8 12.8z\" class=\"\"><\/path><\/svg><\/i> <img loading=\"lazy\" decoding=\"async\" width=\"16\" height=\"16\" alt=\"Loading\" src=\"https:\/\/besi.hu\/wp-content\/plugins\/page-views-count\/ajax-loader-2x.gif\" border=0 \/><\/p><div class=\"pvc_clear\"><\/div>","protected":false},"excerpt":{"rendered":"<p>2017. janu\u00e1rban indult \u00fatj\u00e1ra els\u0151 alkalommal Tehets\u00e9gek Magyarorsz\u00e1ga uni\u00f3s t\u00e1mogat\u00e1s\u00fa projekt keretein bel\u00fcl a Matehetsz Tutor Programja, ahol 2021-ig volt lehet\u0151s\u00e9gem tev\u00e9kenykedni (iskol\u00e1nkb\u00f3l Dr. Koncz G\u00e1bor 2017-ben, Kissn\u00e9 Bilecz Melinda 2020-ban vett r\u00e9szt a programban).\u00a0 Egy 30 \u00f3r\u00e1s akkredit\u00e1lt tanfolyam elv\u00e9gz\u00e9se el\u0151tt sikeres p\u00e1ly\u00e1zat, egy szakmai online teszt, majd az&#8230;<\/p>\n<div class=\"pvc_clear\"><\/div>\n<p id=\"pvc_stats_1753\" class=\"pvc_stats all  \" data-element-id=\"1753\" style=\"\"><i class=\"pvc-stats-icon medium\" aria-hidden=\"true\"><svg aria-hidden=\"true\" focusable=\"false\" data-prefix=\"far\" data-icon=\"chart-bar\" role=\"img\" xmlns=\"http:\/\/www.w3.org\/2000\/svg\" viewBox=\"0 0 512 512\" class=\"svg-inline--fa fa-chart-bar fa-w-16 fa-2x\"><path fill=\"currentColor\" d=\"M396.8 352h22.4c6.4 0 12.8-6.4 12.8-12.8V108.8c0-6.4-6.4-12.8-12.8-12.8h-22.4c-6.4 0-12.8 6.4-12.8 12.8v230.4c0 6.4 6.4 12.8 12.8 12.8zm-192 0h22.4c6.4 0 12.8-6.4 12.8-12.8V140.8c0-6.4-6.4-12.8-12.8-12.8h-22.4c-6.4 0-12.8 6.4-12.8 12.8v198.4c0 6.4 6.4 12.8 12.8 12.8zm96 0h22.4c6.4 0 12.8-6.4 12.8-12.8V204.8c0-6.4-6.4-12.8-12.8-12.8h-22.4c-6.4 0-12.8 6.4-12.8 12.8v134.4c0 6.4 6.4 12.8 12.8 12.8zM496 400H48V80c0-8.84-7.16-16-16-16H16C7.16 64 0 71.16 0 80v336c0 17.67 14.33 32 32 32h464c8.84 0 16-7.16 16-16v-16c0-8.84-7.16-16-16-16zm-387.2-48h22.4c6.4 0 12.8-6.4 12.8-12.8v-70.4c0-6.4-6.4-12.8-12.8-12.8h-22.4c-6.4 0-12.8 6.4-12.8 12.8v70.4c0 6.4 6.4 12.8 12.8 12.8z\" class=\"\"><\/path><\/svg><\/i> <img loading=\"lazy\" decoding=\"async\" width=\"16\" height=\"16\" alt=\"Loading\" src=\"https:\/\/besi.hu\/wp-content\/plugins\/page-views-count\/ajax-loader-2x.gif\" border=0 \/><\/p>\n<div class=\"pvc_clear\"><\/div>\n","protected":false},"author":2,"featured_media":0,"parent":0,"menu_order":0,"comment_status":"closed","ping_status":"closed","template":"","meta":{"footnotes":""},"class_list":["post-1753","page","type-page","status-publish","hentry"],"aioseo_notices":[],"a3_pvc":{"activated":true,"total_views":482,"today_views":0},"_links":{"self":[{"href":"https:\/\/besi.hu\/index.php?rest_route=\/wp\/v2\/pages\/1753","targetHints":{"allow":["GET"]}}],"collection":[{"href":"https:\/\/besi.hu\/index.php?rest_route=\/wp\/v2\/pages"}],"about":[{"href":"https:\/\/besi.hu\/index.php?rest_route=\/wp\/v2\/types\/page"}],"author":[{"embeddable":true,"href":"https:\/\/besi.hu\/index.php?rest_route=\/wp\/v2\/users\/2"}],"replies":[{"embeddable":true,"href":"https:\/\/besi.hu\/index.php?rest_route=%2Fwp%2Fv2%2Fcomments&post=1753"}],"version-history":[{"count":2,"href":"https:\/\/besi.hu\/index.php?rest_route=\/wp\/v2\/pages\/1753\/revisions"}],"predecessor-version":[{"id":2205,"href":"https:\/\/besi.hu\/index.php?rest_route=\/wp\/v2\/pages\/1753\/revisions\/2205"}],"wp:attachment":[{"href":"https:\/\/besi.hu\/index.php?rest_route=%2Fwp%2Fv2%2Fmedia&parent=1753"}],"curies":[{"name":"wp","href":"https:\/\/api.w.org\/{rel}","templated":true}]}}