{"id":1759,"date":"2021-09-07T22:24:59","date_gmt":"2021-09-07T20:24:59","guid":{"rendered":"https:\/\/besi.hu\/?page_id=1759"},"modified":"2021-10-20T23:02:36","modified_gmt":"2021-10-20T21:02:36","slug":"konyvtarunk-a-z-generacio-szolgalataban","status":"publish","type":"page","link":"https:\/\/besi.hu\/?page_id=1759","title":{"rendered":"K\u00f6nyvt\u00e1runk a Z gener\u00e1ci\u00f3 szolg\u00e1lat\u00e1ban"},"content":{"rendered":"<p><span style=\"font-weight: 400;\">A Kisv\u00e1rdai Bessenyei Gy\u00f6rgy Gimn\u00e1zium \u00e9s Koll\u00e9gium iskolai k\u00f6nyvt\u00e1ra l\u00e9p\u00e9st tart az inform\u00e1ci\u00f3s technol\u00f3gi\u00e1k fejl\u0151d\u00e9s\u00e9vel. Egy nagyobb tanul\u00f3csoport befogad\u00e1s\u00e1ra alkalmas olvas\u00f3term\u00fcnk felszerelts\u00e9ge interakt\u00edv t\u00e1bl\u00e1val b\u0151v\u00fclt, mely tan\u00f3r\u00e1k \u00e9s k\u00f6nyvt\u00e1ri foglalkoz\u00e1sok alkalm\u00e1val seg\u00edti a modern prezent\u00e1l\u00e1st.\u00a0<\/span><\/p>\n\n\n<figure class=\"wp-block-gallery columns-1 is-cropped wp-block-gallery-1 is-layout-flex wp-block-gallery-is-layout-flex\"><ul class=\"blocks-gallery-grid\"><li class=\"blocks-gallery-item\"><figure><img loading=\"lazy\" decoding=\"async\" width=\"1024\" height=\"768\" src=\"https:\/\/besi.hu\/wp-content\/uploads\/2021\/10\/konyvtar-1024x768.jpg\" alt=\"\" data-id=\"2213\" data-full-url=\"https:\/\/besi.hu\/wp-content\/uploads\/2021\/10\/konyvtar-scaled.jpg\" data-link=\"https:\/\/besi.hu\/?attachment_id=2213\" class=\"wp-image-2213\" srcset=\"https:\/\/besi.hu\/wp-content\/uploads\/2021\/10\/konyvtar-1024x768.jpg 1024w, https:\/\/besi.hu\/wp-content\/uploads\/2021\/10\/konyvtar-300x225.jpg 300w, https:\/\/besi.hu\/wp-content\/uploads\/2021\/10\/konyvtar-768x576.jpg 768w, https:\/\/besi.hu\/wp-content\/uploads\/2021\/10\/konyvtar-1536x1152.jpg 1536w, https:\/\/besi.hu\/wp-content\/uploads\/2021\/10\/konyvtar-2048x1536.jpg 2048w, https:\/\/besi.hu\/wp-content\/uploads\/2021\/10\/konyvtar-267x200.jpg 267w\" sizes=\"auto, (max-width: 1024px) 100vw, 1024px\" \/><figcaption class=\"blocks-gallery-item__caption\">Az iskolai k\u00f6nyvt\u00e1r olvas\u00f3terme<\/figcaption><\/figure><\/li><\/ul><\/figure>\n\n\n<p><span style=\"font-weight: 400;\">Iskolai k\u00f6nyvt\u00e1runk \u00e1llom\u00e1nya az elm\u00falt 10 \u00e9v sor\u00e1n jelent\u0151sen friss\u00fclt. A selejtezett \u00e1llom\u00e1ny p\u00f3tl\u00e1sa ig\u00e9nyes klasszikus \u00e9s kort\u00e1rs sz\u00e9pirodalom, valamint pedag\u00f3giai szakirodalom, \u00e9s tudom\u00e1nyos ismeretterjeszt\u0151 irodalom beszerz\u00e9s\u00e9vel t\u00f6rt\u00e9nt meg, a Kisv\u00e1rdai Tanker\u00fcleti K\u00f6zpont jelent\u0151s p\u00e9nz\u00fcgyi t\u00e1mogat\u00e1s\u00e1val.<\/span><\/p>\n\n\n<figure class=\"wp-block-gallery columns-1 is-cropped wp-block-gallery-2 is-layout-flex wp-block-gallery-is-layout-flex\"><ul class=\"blocks-gallery-grid\"><li class=\"blocks-gallery-item\"><figure><img loading=\"lazy\" decoding=\"async\" width=\"257\" height=\"512\" src=\"https:\/\/besi.hu\/wp-content\/uploads\/2021\/10\/unnamed-16.jpg\" alt=\"\" data-id=\"2215\" data-full-url=\"https:\/\/besi.hu\/wp-content\/uploads\/2021\/10\/unnamed-16.jpg\" data-link=\"https:\/\/besi.hu\/?attachment_id=2215\" class=\"wp-image-2215\" srcset=\"https:\/\/besi.hu\/wp-content\/uploads\/2021\/10\/unnamed-16.jpg 257w, https:\/\/besi.hu\/wp-content\/uploads\/2021\/10\/unnamed-16-151x300.jpg 151w, https:\/\/besi.hu\/wp-content\/uploads\/2021\/10\/unnamed-16-100x200.jpg 100w\" sizes=\"auto, (max-width: 257px) 100vw, 257px\" \/><figcaption class=\"blocks-gallery-item__caption\">K\u00f6nyvt\u00e1rfejleszt\u00e9s 2020 keret\u00e9n bel\u00fcl v\u00e1s\u00e1rolt dokumentumok<\/figcaption><\/figure><\/li><\/ul><\/figure>\n\n\n<p><span style=\"font-weight: 400;\">Az \u00e9retts\u00e9gire felk\u00e9sz\u00edt\u0151 seg\u00e9danyagok, az emelt sz\u00f3beli vizsg\u00e1k irodalma a k\u00f6nyvt\u00e1ri \u00e1llom\u00e1nyban priorit\u00e1st \u00e9lvez.\u00a0 11000 k\u00f6tetet sz\u00e1ml\u00e1l\u00f3 \u00e1llom\u00e1nyunk (sz\u00e9pirodalom, szakirodalom, idegen nyelvi sz\u00f3t\u00e1rak, CD-k, sz\u00f3k\u00e1rty\u00e1k, DVD filmek, hangosk\u00f6nyvek, zenei CD-k) mellett a tank\u00f6nyvek nyilv\u00e1ntart\u00e1sa is feladatunk. Fontos k\u00fcldet\u00e9s\u00fcnk, hogy a koll\u00e9giumi let\u00e9ti k\u00f6nyvt\u00e1r is gyarapodjon. Az ut\u00f3bbi \u00e9vek sor\u00e1n sz\u00e9p sz\u00e1m\u00fa k\u00f6nyvet helyezt\u00fcnk el a koll\u00e9giumban.\u00a0<\/span><\/p>\n<p><span style=\"font-weight: 400;\">\u00c1llom\u00e1nyunk Hunt\u00e9ka rendszerben feldolgoz\u00e1sra ker\u00fclt: a klasszikus \u00e9s kort\u00e1rs sz\u00e9pirodalom \u00e9s az ig\u00e9nyes szakirodalmi \u00e1llom\u00e1ny vonalk\u00f3ddal lett ell\u00e1tva, \u00e9s szabadon kereshet\u0151 az adatb\u00e1zisban, megk\u00f6nny\u00edtve iskol\u00e1nk di\u00e1kjainak \u00e9s pedag\u00f3gusainak a k\u00f6nyvt\u00e1r \u00e1llom\u00e1ny\u00e1ban val\u00f3 eligazod\u00e1st. Nyilv\u00e1ntartja az inform\u00e1ci\u00f3hordoz\u00f3 lel\u0151hely\u00e9t \u00e9s p\u00e9ld\u00e1ny\u00e1ra vonatkoz\u00f3 adatait. Automatiz\u00e1lja az \u00e1llom\u00e1ny naprak\u00e9sz ellen\u0151rz\u00e9s\u00e9t \u00e9s az int\u00e9zm\u00e9ny k\u00f6lcs\u00f6nz\u00e9si politik\u00e1j\u00e1nak megfelel\u0151en koordin\u00e1lja az inform\u00e1ci\u00f3hordoz\u00f3k szolg\u00e1ltat\u00e1s\u00e1t. A Kisv\u00e1rdai Tanker\u00fcleti K\u00f6zpont t\u00e1mogat\u00e1s\u00e1val a Monguz Kft. lehet\u0151s\u00e9get biztos\u00edt iskolai k\u00f6nyvt\u00e1runknak Qulto \u2013 Iskolai Hunt\u00e9ka integr\u00e1lt k\u00f6nyvt\u00e1ri rendszer felh\u0151alap\u00fa szolg\u00e1ltat\u00e1s\u00e1ra.\u00a0 A felh\u0151alap\u00fa szolg\u00e1ltat\u00e1s sz\u00e1mos el\u0151nnyel rendelkezik a hagyom\u00e1nyos szerveren t\u00e1rolt szolg\u00e1ltat\u00e1ssal szemben: jobb teljes\u00edtm\u00e9ny\u0171, gyors, megb\u00edzhat\u00f3, friss\u00edthet\u0151, b\u0151v\u00edthet\u0151 \u00e9s k\u00f6lts\u00e9gk\u00edm\u00e9l\u0151.<\/span><\/p>\n\n\n<figure class=\"wp-block-gallery columns-0 is-cropped wp-block-gallery-3 is-layout-flex wp-block-gallery-is-layout-flex\"><ul class=\"blocks-gallery-grid\"><\/ul><\/figure>\n\n\n<p><span style=\"font-weight: 400;\">Gimn\u00e1ziumunk k\u00f6nyvt\u00e1ra az elm\u00falt \u00e9vekben nagy figyelmet ford\u00edtott az \u00e1llom\u00e1ny gyarap\u00edt\u00e1s\u00e1ra. Igyekezt\u00fcnk kihaszn\u00e1lni minden lehet\u0151s\u00e9get, mellyel kedvezm\u00e9nyes \u00e1ron juthattunk az anyanyelvi kompetencia fejleszt\u00e9s\u00e9t seg\u00edt\u0151 <\/span><span style=\"font-weight: 400;\">a magyar nyelv mai \u00e1llapot\u00e1t le\u00edr\u00f3 \u00faj k\u00e9zik\u00f6nyvekhez, \u00faj sz\u00f3t\u00e1rakhoz, munkaf\u00fczetekhez, valamint az idegen nyelvi kompetencia fejleszt\u00e9s\u00e9t seg\u00edt\u0151 sz\u00f3t\u00e1rakhoz. <\/span><span style=\"font-weight: 400;\">\u00a0K\u00f6nyvt\u00e1ri p\u00e1ly\u00e1zatok \u00fatj\u00e1n sz\u00e1mos alkalommal b\u0151v\u00fclt \u00e1llom\u00e1nyunk: L\u0151rincze Lajos k\u00f6nyvt\u00e1rb\u0151v\u00edt\u00e9si p\u00e1ly\u00e1zat, Wekerle S\u00e1ndor <\/span><span style=\"font-weight: 400;\">k\u00f6nyvt\u00e1ri \u00e1llom\u00e1nygyarap\u00edt\u00e1si p\u00e1ly\u00e1zat, Kazinczy Ferenc k\u00f6nyvp\u00e1ly\u00e1zat, melynek eredm\u00e9nyek\u00e9nt 88 szakk\u00f6nyvvel gazdagodott \u00e1llom\u00e1nyunk.\u00a0\u00a0<\/span><\/p>\n\n\n<figure class=\"wp-block-gallery columns-1 is-cropped wp-block-gallery-4 is-layout-flex wp-block-gallery-is-layout-flex\"><ul class=\"blocks-gallery-grid\"><li class=\"blocks-gallery-item\"><figure><img loading=\"lazy\" decoding=\"async\" width=\"724\" height=\"1024\" src=\"https:\/\/besi.hu\/wp-content\/uploads\/2021\/10\/wekerle-2020-724x1024.jpg\" alt=\"\" data-id=\"2217\" data-full-url=\"https:\/\/besi.hu\/wp-content\/uploads\/2021\/10\/wekerle-2020.jpg\" data-link=\"https:\/\/besi.hu\/?attachment_id=2217\" class=\"wp-image-2217\" srcset=\"https:\/\/besi.hu\/wp-content\/uploads\/2021\/10\/wekerle-2020-724x1024.jpg 724w, https:\/\/besi.hu\/wp-content\/uploads\/2021\/10\/wekerle-2020-212x300.jpg 212w, https:\/\/besi.hu\/wp-content\/uploads\/2021\/10\/wekerle-2020-768x1086.jpg 768w, https:\/\/besi.hu\/wp-content\/uploads\/2021\/10\/wekerle-2020-1086x1536.jpg 1086w, https:\/\/besi.hu\/wp-content\/uploads\/2021\/10\/wekerle-2020-141x200.jpg 141w, https:\/\/besi.hu\/wp-content\/uploads\/2021\/10\/wekerle-2020.jpg 1414w\" sizes=\"auto, (max-width: 724px) 100vw, 724px\" \/><figcaption class=\"blocks-gallery-item__caption\">K\u00f6nyvt\u00e1rb\u0151v\u00edt\u00e9si p\u00e1ly\u00e1zat keret\u00e9ben v\u00e1s\u00e1rolt dokumentumok 2020-ban<\/figcaption><\/figure><\/li><\/ul><\/figure>\n\n\n<p><span style=\"font-weight: 400;\">Az Orsz\u00e1gos K\u00f6nyvt\u00e1ri Napok rendezv\u00e9nysorozat keret\u00e9ben iskolai k\u00f6nyvt\u00e1runk is kapcsol\u00f3dott egy, a k\u00f6rnyezettudatoss\u00e1got hirdet\u0151 pedag\u00f3giai innov\u00e1ci\u00f3ba az \u00dcltess f\u00e1t, olvass alatta k\u00f6nyvet orsz\u00e1gos p\u00e1ly\u00e1zathoz. <\/span><span style=\"font-weight: 400;\">Kett\u0151s volt a c\u00e9l, az egyik, hogy megpr\u00f3b\u00e1ljuk felh\u00edvni a figyelmet a k\u00f6rnyezettudatoss\u00e1gra, a k\u00f6rnyezetv\u00e9delemre, a<\/span><span style=\"font-weight: 400;\"> kl\u00edmav\u00e1ltoz\u00e1sra, a m\u00e1sik pedig, hogy az \u00fcltet\u00e9shez kapcsol\u00f3d\u00f3 programokkal n\u00e9pszer\u0171s\u00edts\u00fck az olvas\u00e1st, hiszen a k\u00f6nyvt\u00e1rpedag\u00f3gia egyik legfontosabb c\u00e9lkit\u0171z\u00e9se az olvas\u00e1s fejleszt\u00e9se, \u00e9s mag\u00e1nak az olvas\u00e1snak a n\u00e9pszer\u0171s\u00edt\u00e9se.<\/span><\/p>\n\n\n<figure class=\"wp-block-gallery columns-2 wp-block-gallery-5 is-layout-flex wp-block-gallery-is-layout-flex\"><ul class=\"blocks-gallery-grid\"><li class=\"blocks-gallery-item\"><figure><img loading=\"lazy\" decoding=\"async\" width=\"1024\" height=\"690\" src=\"https:\/\/besi.hu\/wp-content\/uploads\/2021\/10\/plakat-1024x690.jpg\" alt=\"\" data-id=\"2220\" data-full-url=\"https:\/\/besi.hu\/wp-content\/uploads\/2021\/10\/plakat.jpg\" data-link=\"https:\/\/besi.hu\/?attachment_id=2220\" class=\"wp-image-2220\" srcset=\"https:\/\/besi.hu\/wp-content\/uploads\/2021\/10\/plakat-1024x690.jpg 1024w, https:\/\/besi.hu\/wp-content\/uploads\/2021\/10\/plakat-300x202.jpg 300w, https:\/\/besi.hu\/wp-content\/uploads\/2021\/10\/plakat-768x518.jpg 768w, https:\/\/besi.hu\/wp-content\/uploads\/2021\/10\/plakat-1536x1036.jpg 1536w, https:\/\/besi.hu\/wp-content\/uploads\/2021\/10\/plakat-297x200.jpg 297w, https:\/\/besi.hu\/wp-content\/uploads\/2021\/10\/plakat.jpg 1722w\" sizes=\"auto, (max-width: 1024px) 100vw, 1024px\" \/><figcaption class=\"blocks-gallery-item__caption\">A k\u00e9pz\u0151m\u0171v\u00e9szeti p\u00e1ly\u00e1zat plak\u00e1tja<\/figcaption><\/figure><\/li><li class=\"blocks-gallery-item\"><figure><img loading=\"lazy\" decoding=\"async\" width=\"637\" height=\"891\" src=\"https:\/\/besi.hu\/wp-content\/uploads\/2021\/10\/szorolap-1.png\" alt=\"\" data-id=\"2219\" data-full-url=\"https:\/\/besi.hu\/wp-content\/uploads\/2021\/10\/szorolap-1.png\" data-link=\"https:\/\/besi.hu\/?attachment_id=2219\" class=\"wp-image-2219\" srcset=\"https:\/\/besi.hu\/wp-content\/uploads\/2021\/10\/szorolap-1.png 637w, https:\/\/besi.hu\/wp-content\/uploads\/2021\/10\/szorolap-1-214x300.png 214w, https:\/\/besi.hu\/wp-content\/uploads\/2021\/10\/szorolap-1-143x200.png 143w\" sizes=\"auto, (max-width: 637px) 100vw, 637px\" \/><figcaption class=\"blocks-gallery-item__caption\">A k\u00e9pz\u0151m\u0171v\u00e9szeti p\u00e1ly\u00e1zat sz\u00f3r\u00f3lapja<\/figcaption><\/figure><\/li><\/ul><\/figure>\n\n\n<p><span style=\"font-weight: 400;\">Az iskolai k\u00f6nyvt\u00e1r \u201e\u00dcltess f\u00e1t a Besi parkban, olvass alatta k\u00f6nyvet\u201d c\u00edmmel k\u00e9pz\u0151m\u0171v\u00e9szeti p\u00e1ly\u00e1zatot hirdetett, melyre 16 sz\u00ednvonalas alkot\u00e1s \u00e9rkezett, melyeket k\u00e9t kateg\u00f3ri\u00e1ban d\u00edjaztak a zs\u0171ri tagjai.<\/span><\/p>\n\n\n<figure class=\"wp-block-gallery columns-2 is-cropped wp-block-gallery-6 is-layout-flex wp-block-gallery-is-layout-flex\"><ul class=\"blocks-gallery-grid\"><li class=\"blocks-gallery-item\"><figure><img loading=\"lazy\" decoding=\"async\" width=\"697\" height=\"1024\" src=\"https:\/\/besi.hu\/wp-content\/uploads\/2021\/10\/alkotasok-697x1024.jpg\" alt=\"\" data-id=\"2222\" data-full-url=\"https:\/\/besi.hu\/wp-content\/uploads\/2021\/10\/alkotasok.jpg\" data-link=\"https:\/\/besi.hu\/?attachment_id=2222\" class=\"wp-image-2222\" srcset=\"https:\/\/besi.hu\/wp-content\/uploads\/2021\/10\/alkotasok-697x1024.jpg 697w, https:\/\/besi.hu\/wp-content\/uploads\/2021\/10\/alkotasok-204x300.jpg 204w, https:\/\/besi.hu\/wp-content\/uploads\/2021\/10\/alkotasok-768x1128.jpg 768w, https:\/\/besi.hu\/wp-content\/uploads\/2021\/10\/alkotasok-1046x1536.jpg 1046w, https:\/\/besi.hu\/wp-content\/uploads\/2021\/10\/alkotasok-136x200.jpg 136w, https:\/\/besi.hu\/wp-content\/uploads\/2021\/10\/alkotasok.jpg 1362w\" sizes=\"auto, (max-width: 697px) 100vw, 697px\" \/><\/figure><\/li><li class=\"blocks-gallery-item\"><figure><img loading=\"lazy\" decoding=\"async\" width=\"1024\" height=\"846\" src=\"https:\/\/besi.hu\/wp-content\/uploads\/2021\/10\/alkotasok2-1024x846.jpg\" alt=\"\" data-id=\"2223\" data-full-url=\"https:\/\/besi.hu\/wp-content\/uploads\/2021\/10\/alkotasok2.jpg\" data-link=\"https:\/\/besi.hu\/?attachment_id=2223\" class=\"wp-image-2223\" srcset=\"https:\/\/besi.hu\/wp-content\/uploads\/2021\/10\/alkotasok2-1024x846.jpg 1024w, https:\/\/besi.hu\/wp-content\/uploads\/2021\/10\/alkotasok2-300x248.jpg 300w, https:\/\/besi.hu\/wp-content\/uploads\/2021\/10\/alkotasok2-768x634.jpg 768w, https:\/\/besi.hu\/wp-content\/uploads\/2021\/10\/alkotasok2-1536x1269.jpg 1536w, https:\/\/besi.hu\/wp-content\/uploads\/2021\/10\/alkotasok2-242x200.jpg 242w, https:\/\/besi.hu\/wp-content\/uploads\/2021\/10\/alkotasok2.jpg 2000w\" sizes=\"auto, (max-width: 1024px) 100vw, 1024px\" \/><\/figure><\/li><\/ul><\/figure>\n\n\n<p><span style=\"font-weight: 400;\">I.kateg\u00f3ria: Absztrakt \u00e1br\u00e1zol\u00e1s<\/span><\/p>\n<ol>\n<li style=\"font-weight: 400;\" aria-level=\"1\"><span style=\"font-weight: 400;\">helyezett: Nagy Vanessza, 12. c \u2013 FAragatlan c\u00edm\u0171 alkot\u00e1s<\/span><\/li>\n<li style=\"font-weight: 400;\" aria-level=\"1\"><span style=\"font-weight: 400;\">helyezett: Kov\u00e1cs N\u00f3ra 12. e \u2013 Itt sem maradt semmi c\u00edm\u0171 alkot\u00e1s<\/span><\/li>\n<li style=\"font-weight: 400;\" aria-level=\"1\"><span style=\"font-weight: 400;\">helyezett: Ny\u00edrlaki Dominika 9\/AJTP \u2013 Ford\u00edtott vil\u00e1g c\u00edm\u0171 alkot\u00e1s<\/span><\/li>\n<\/ol>\n<p>\u00a0<\/p>\n<p><span style=\"font-weight: 400;\">II. kateg\u00f3ria: Objekt\u00edv \u00e1br\u00e1zol\u00e1s\u00a0<\/span><\/p>\n<ol>\n<li style=\"font-weight: 400;\" aria-level=\"1\"><span style=\"font-weight: 400;\">helyezett: Kov\u00e1cs Abig\u00e9l 12. e \u2013 A nyugalom szigete c\u00edm\u0171 alkot\u00e1s<\/span><\/li>\n<li style=\"font-weight: 400;\" aria-level=\"1\"><span style=\"font-weight: 400;\">helyezett: Sz\u00e1sz Arabella 9. a \u2013 Az \u00e9let k\u00f6nyve c\u00edm\u0171 alkot\u00e1s<\/span><\/li>\n<li style=\"font-weight: 400;\" aria-level=\"1\"><span style=\"font-weight: 400;\">helyezett: Kohan \u00c1gnes 9\/AJTP \u2013 Soksz\u00edn\u0171 f\u00e1m c\u00edm\u0171 alkot\u00e1s<\/span><\/li>\n<\/ol>\n<p><span style=\"font-weight: 400;\">K\u00fcl\u00f6nd\u00edjban egy k\u00fcl\u00f6nleges pirogr\u00e1f technik\u00e1val k\u00e9sz\u00fclt munk\u00e1t d\u00edjazott a zs\u0171ri: Turcsik Roland 10. e \u2013 Semmi extra c\u00edm\u0171 f\u00e1b\u00f3l k\u00e9sz\u00fclt k\u00e9p\u00e9t.\u00a0<\/span><\/p>\n\n\n<figure class=\"wp-block-gallery columns-1 is-cropped wp-block-gallery-7 is-layout-flex wp-block-gallery-is-layout-flex\"><ul class=\"blocks-gallery-grid\"><li class=\"blocks-gallery-item\"><figure><img loading=\"lazy\" decoding=\"async\" width=\"1024\" height=\"682\" src=\"https:\/\/besi.hu\/wp-content\/uploads\/2021\/10\/alkotok-1024x682.jpg\" alt=\"\" data-id=\"2225\" data-full-url=\"https:\/\/besi.hu\/wp-content\/uploads\/2021\/10\/alkotok.jpg\" data-link=\"https:\/\/besi.hu\/?attachment_id=2225\" class=\"wp-image-2225\" srcset=\"https:\/\/besi.hu\/wp-content\/uploads\/2021\/10\/alkotok-1024x682.jpg 1024w, https:\/\/besi.hu\/wp-content\/uploads\/2021\/10\/alkotok-300x200.jpg 300w, https:\/\/besi.hu\/wp-content\/uploads\/2021\/10\/alkotok-768x512.jpg 768w, https:\/\/besi.hu\/wp-content\/uploads\/2021\/10\/alkotok-1536x1024.jpg 1536w, https:\/\/besi.hu\/wp-content\/uploads\/2021\/10\/alkotok.jpg 2000w\" sizes=\"auto, (max-width: 1024px) 100vw, 1024px\" \/><figcaption class=\"blocks-gallery-item__caption\">A k\u00e9pz\u0151m\u0171v\u00e9szeti p\u00e1ly\u00e1zaton d\u00edjazott tanul\u00f3k<\/figcaption><\/figure><\/li><\/ul><\/figure>\n\n\n<p><span style=\"font-weight: 400;\">Az eredm\u00e9nyhirdet\u00e9st k\u00f6vet\u0151en a Besi parkba egy ez\u00fcst juharfa \u00fcltet\u00e9s\u00e9vel h\u00edvtuk fel a figyelmet a term\u00e9szetv\u00e9delemre, k\u00f6rnyezettudatoss\u00e1gra. <\/span><\/p>\n\n\n<figure class=\"wp-block-gallery columns-1 is-cropped wp-block-gallery-8 is-layout-flex wp-block-gallery-is-layout-flex\"><ul class=\"blocks-gallery-grid\"><li class=\"blocks-gallery-item\"><figure><img loading=\"lazy\" decoding=\"async\" width=\"1024\" height=\"768\" src=\"https:\/\/besi.hu\/wp-content\/uploads\/2021\/10\/faultetes-1024x768.jpg\" alt=\"\" data-id=\"2227\" data-full-url=\"https:\/\/besi.hu\/wp-content\/uploads\/2021\/10\/faultetes-scaled.jpg\" data-link=\"https:\/\/besi.hu\/?attachment_id=2227\" class=\"wp-image-2227\" srcset=\"https:\/\/besi.hu\/wp-content\/uploads\/2021\/10\/faultetes-1024x768.jpg 1024w, https:\/\/besi.hu\/wp-content\/uploads\/2021\/10\/faultetes-300x225.jpg 300w, https:\/\/besi.hu\/wp-content\/uploads\/2021\/10\/faultetes-768x576.jpg 768w, https:\/\/besi.hu\/wp-content\/uploads\/2021\/10\/faultetes-1536x1152.jpg 1536w, https:\/\/besi.hu\/wp-content\/uploads\/2021\/10\/faultetes-2048x1536.jpg 2048w, https:\/\/besi.hu\/wp-content\/uploads\/2021\/10\/faultetes-267x200.jpg 267w\" sizes=\"auto, (max-width: 1024px) 100vw, 1024px\" \/><figcaption class=\"blocks-gallery-item__caption\">Az ez\u00fcst juharfa \u00fcltet\u00e9se a Besi parkj\u00e1ban <\/figcaption><\/figure><\/li><\/ul><\/figure>\n\n\n<p><span style=\"font-weight: 400;\">A j\u00f6v\u0151 egyetemist\u00e1inak kinevel\u00e9s\u00e9ben fontos szerep jut a k\u00f6nyvt\u00e1rhaszn\u00e1lati kompetenci\u00e1k kialak\u00edt\u00e1s\u00e1nak, melyre lehet\u0151s\u00e9get teremt a\u00a0 Bod P\u00e9ter Orsz\u00e1gos K\u00f6nyvt\u00e1rhaszn\u00e1lati verseny. A felk\u00e9sz\u00edt\u00e9s \u00e9s versenyz\u00e9s sor\u00e1n megalapozhatjuk azt a tud\u00e1st, mellyel di\u00e1kjaink kell\u0151 j\u00e1rtass\u00e1got szerezhetnek a k\u00fcl\u00f6nb\u00f6z\u0151 k\u00f6nyvt\u00e1rak haszn\u00e1lat\u00e1hoz, az \u00e9lethosszig tart\u00f3 tanul\u00e1shoz. Tanul\u00f3ink \u00e1ltal\u00e1ban eredm\u00e9nyesen szerepelnek ezeken a megm\u00e9rettet\u00e9seken is, melyet megyei I. II. III. helyez\u00e9sek is bizony\u00edtanak.<\/span><\/p>\n\n\n<figure class=\"wp-block-gallery columns-1 is-cropped wp-block-gallery-9 is-layout-flex wp-block-gallery-is-layout-flex\"><ul class=\"blocks-gallery-grid\"><li class=\"blocks-gallery-item\"><figure><img loading=\"lazy\" decoding=\"async\" width=\"300\" height=\"400\" src=\"https:\/\/besi.hu\/wp-content\/uploads\/2021\/10\/Balogh-Dorina-AJTP-11..jpg\" alt=\"\" data-id=\"2229\" data-full-url=\"https:\/\/besi.hu\/wp-content\/uploads\/2021\/10\/Balogh-Dorina-AJTP-11..jpg\" data-link=\"https:\/\/besi.hu\/?attachment_id=2229\" class=\"wp-image-2229\" srcset=\"https:\/\/besi.hu\/wp-content\/uploads\/2021\/10\/Balogh-Dorina-AJTP-11..jpg 300w, https:\/\/besi.hu\/wp-content\/uploads\/2021\/10\/Balogh-Dorina-AJTP-11.-225x300.jpg 225w, https:\/\/besi.hu\/wp-content\/uploads\/2021\/10\/Balogh-Dorina-AJTP-11.-150x200.jpg 150w\" sizes=\"auto, (max-width: 300px) 100vw, 300px\" \/><figcaption class=\"blocks-gallery-item__caption\">Balogh Dorina a 2019\/2020-as tan\u00e9vben megyei III. helyez\u00e9st \u00e9rt el<\/figcaption><\/figure><\/li><\/ul><\/figure>\n\n\n<p><span style=\"font-weight: 400;\">Min\u0151s\u00edtett Tehets\u00e9ggondoz\u00f3 M\u0171helyk\u00e9nt gimn\u00e1ziumunkban kiemelt szerepet kap a tudatos\u00a0 olvas\u00f3v\u00e1 nevel\u00e9s, melyben az iskolai k\u00f6nyvt\u00e1r a digit\u00e1lis kult\u00fara el\u0151ret\u00f6r\u00e9s\u00e9vel p\u00e1rhuzamosan fontos feladatot l\u00e1t el.\u00a0 Hiszen: <\/span><i><span style=\"font-weight: 400;\">\u201e\u2026a hasznos tudom\u00e1nyokkal nem csup\u00e1n felsz\u00ednesen \u00e9rintkezve, hanem \u2013 amennyire \u00e9letkoruk engedi \u2013 alaposan elm\u00e9ly\u00fclve kell foglalkozniuk, ez azonban aligha \u00e9rhet\u0151 el a legjobb k\u00f6nyvek \u00e1lland\u00f3 tanulm\u00e1nyoz\u00e1sa n\u00e9lk\u00fcl.\u201d<\/span><\/i><span style=\"font-weight: 400;\"> A Ratio Educationis ezen gondolata a 21. sz\u00e1zadban is aktu\u00e1lis \u00e9s a Z gener\u00e1ci\u00f3 oktat\u00e1s\u00e1n\u00e1l\u00a0 ir\u00e1nymutat\u00e1st ad gimn\u00e1ziumi k\u00f6nyvt\u00e1runk m\u0171k\u00f6d\u00e9s\u00e9hez.\u00a0<\/span><\/p><div class=\"pvc_clear\"><\/div><p id=\"pvc_stats_1759\" class=\"pvc_stats all  \" data-element-id=\"1759\" style=\"\"><i class=\"pvc-stats-icon medium\" aria-hidden=\"true\"><svg aria-hidden=\"true\" focusable=\"false\" data-prefix=\"far\" data-icon=\"chart-bar\" role=\"img\" xmlns=\"http:\/\/www.w3.org\/2000\/svg\" viewBox=\"0 0 512 512\" class=\"svg-inline--fa fa-chart-bar fa-w-16 fa-2x\"><path fill=\"currentColor\" d=\"M396.8 352h22.4c6.4 0 12.8-6.4 12.8-12.8V108.8c0-6.4-6.4-12.8-12.8-12.8h-22.4c-6.4 0-12.8 6.4-12.8 12.8v230.4c0 6.4 6.4 12.8 12.8 12.8zm-192 0h22.4c6.4 0 12.8-6.4 12.8-12.8V140.8c0-6.4-6.4-12.8-12.8-12.8h-22.4c-6.4 0-12.8 6.4-12.8 12.8v198.4c0 6.4 6.4 12.8 12.8 12.8zm96 0h22.4c6.4 0 12.8-6.4 12.8-12.8V204.8c0-6.4-6.4-12.8-12.8-12.8h-22.4c-6.4 0-12.8 6.4-12.8 12.8v134.4c0 6.4 6.4 12.8 12.8 12.8zM496 400H48V80c0-8.84-7.16-16-16-16H16C7.16 64 0 71.16 0 80v336c0 17.67 14.33 32 32 32h464c8.84 0 16-7.16 16-16v-16c0-8.84-7.16-16-16-16zm-387.2-48h22.4c6.4 0 12.8-6.4 12.8-12.8v-70.4c0-6.4-6.4-12.8-12.8-12.8h-22.4c-6.4 0-12.8 6.4-12.8 12.8v70.4c0 6.4 6.4 12.8 12.8 12.8z\" class=\"\"><\/path><\/svg><\/i> <img loading=\"lazy\" decoding=\"async\" width=\"16\" height=\"16\" alt=\"Loading\" src=\"https:\/\/besi.hu\/wp-content\/plugins\/page-views-count\/ajax-loader-2x.gif\" border=0 \/><\/p><div class=\"pvc_clear\"><\/div>","protected":false},"excerpt":{"rendered":"<p>A Kisv\u00e1rdai Bessenyei Gy\u00f6rgy Gimn\u00e1zium \u00e9s Koll\u00e9gium iskolai k\u00f6nyvt\u00e1ra l\u00e9p\u00e9st tart az inform\u00e1ci\u00f3s technol\u00f3gi\u00e1k fejl\u0151d\u00e9s\u00e9vel. Egy nagyobb tanul\u00f3csoport befogad\u00e1s\u00e1ra alkalmas olvas\u00f3term\u00fcnk felszerelts\u00e9ge interakt\u00edv t\u00e1bl\u00e1val b\u0151v\u00fclt, mely tan\u00f3r\u00e1k \u00e9s k\u00f6nyvt\u00e1ri foglalkoz\u00e1sok alkalm\u00e1val seg\u00edti a modern prezent\u00e1l\u00e1st.\u00a0 Iskolai k\u00f6nyvt\u00e1runk \u00e1llom\u00e1nya az elm\u00falt 10 \u00e9v sor\u00e1n jelent\u0151sen friss\u00fclt. A selejtezett \u00e1llom\u00e1ny p\u00f3tl\u00e1sa ig\u00e9nyes&#8230;<\/p>\n<div class=\"pvc_clear\"><\/div>\n<p id=\"pvc_stats_1759\" class=\"pvc_stats all  \" data-element-id=\"1759\" style=\"\"><i class=\"pvc-stats-icon medium\" aria-hidden=\"true\"><svg aria-hidden=\"true\" focusable=\"false\" data-prefix=\"far\" data-icon=\"chart-bar\" role=\"img\" xmlns=\"http:\/\/www.w3.org\/2000\/svg\" viewBox=\"0 0 512 512\" class=\"svg-inline--fa fa-chart-bar fa-w-16 fa-2x\"><path fill=\"currentColor\" d=\"M396.8 352h22.4c6.4 0 12.8-6.4 12.8-12.8V108.8c0-6.4-6.4-12.8-12.8-12.8h-22.4c-6.4 0-12.8 6.4-12.8 12.8v230.4c0 6.4 6.4 12.8 12.8 12.8zm-192 0h22.4c6.4 0 12.8-6.4 12.8-12.8V140.8c0-6.4-6.4-12.8-12.8-12.8h-22.4c-6.4 0-12.8 6.4-12.8 12.8v198.4c0 6.4 6.4 12.8 12.8 12.8zm96 0h22.4c6.4 0 12.8-6.4 12.8-12.8V204.8c0-6.4-6.4-12.8-12.8-12.8h-22.4c-6.4 0-12.8 6.4-12.8 12.8v134.4c0 6.4 6.4 12.8 12.8 12.8zM496 400H48V80c0-8.84-7.16-16-16-16H16C7.16 64 0 71.16 0 80v336c0 17.67 14.33 32 32 32h464c8.84 0 16-7.16 16-16v-16c0-8.84-7.16-16-16-16zm-387.2-48h22.4c6.4 0 12.8-6.4 12.8-12.8v-70.4c0-6.4-6.4-12.8-12.8-12.8h-22.4c-6.4 0-12.8 6.4-12.8 12.8v70.4c0 6.4 6.4 12.8 12.8 12.8z\" class=\"\"><\/path><\/svg><\/i> <img loading=\"lazy\" decoding=\"async\" width=\"16\" height=\"16\" alt=\"Loading\" src=\"https:\/\/besi.hu\/wp-content\/plugins\/page-views-count\/ajax-loader-2x.gif\" border=0 \/><\/p>\n<div class=\"pvc_clear\"><\/div>\n","protected":false},"author":2,"featured_media":0,"parent":0,"menu_order":0,"comment_status":"closed","ping_status":"closed","template":"","meta":{"footnotes":""},"class_list":["post-1759","page","type-page","status-publish","hentry"],"aioseo_notices":[],"a3_pvc":{"activated":true,"total_views":590,"today_views":0},"_links":{"self":[{"href":"https:\/\/besi.hu\/index.php?rest_route=\/wp\/v2\/pages\/1759","targetHints":{"allow":["GET"]}}],"collection":[{"href":"https:\/\/besi.hu\/index.php?rest_route=\/wp\/v2\/pages"}],"about":[{"href":"https:\/\/besi.hu\/index.php?rest_route=\/wp\/v2\/types\/page"}],"author":[{"embeddable":true,"href":"https:\/\/besi.hu\/index.php?rest_route=\/wp\/v2\/users\/2"}],"replies":[{"embeddable":true,"href":"https:\/\/besi.hu\/index.php?rest_route=%2Fwp%2Fv2%2Fcomments&post=1759"}],"version-history":[{"count":7,"href":"https:\/\/besi.hu\/index.php?rest_route=\/wp\/v2\/pages\/1759\/revisions"}],"predecessor-version":[{"id":2231,"href":"https:\/\/besi.hu\/index.php?rest_route=\/wp\/v2\/pages\/1759\/revisions\/2231"}],"wp:attachment":[{"href":"https:\/\/besi.hu\/index.php?rest_route=%2Fwp%2Fv2%2Fmedia&parent=1759"}],"curies":[{"name":"wp","href":"https:\/\/api.w.org\/{rel}","templated":true}]}}