{"id":1866,"date":"2021-10-19T11:32:34","date_gmt":"2021-10-19T09:32:34","guid":{"rendered":"https:\/\/besi.hu\/?page_id=1866"},"modified":"2025-10-07T09:32:54","modified_gmt":"2025-10-07T07:32:54","slug":"fogadooraink","status":"publish","type":"page","link":"https:\/\/besi.hu\/?page_id=1866","title":{"rendered":"Fogad\u00f3\u00f3r\u00e1k"},"content":{"rendered":"\n<p class=\"has-text-align-center\">Kisv\u00e1rdai Bessenyei Gy\u00f6rgy Gimn\u00e1zium \u00e9s Koll\u00e9gium <\/p>\n\n\n\n<p class=\"has-text-align-center\">4600 Kisv\u00e1rda, Iskola t\u00e9r 2. <\/p>\n\n\n\n<p class=\"has-text-align-center\">Fogad\u00f3\u00f3ra<\/p>\n\n\n\n<p class=\"has-text-align-center\">2025\/26. tan\u00e9v<\/p>\n\n\n\n<figure class=\"wp-block-table\"><table class=\"has-fixed-layout\"><tbody><tr><td><strong>Ssz<\/strong><\/td><td><strong>N\u00e9v<\/strong><\/td><td><strong>Nap<\/strong><\/td><td><strong>\u00d3ra<\/strong><\/td><\/tr><tr><td>1<\/td><td>Bagoly-Buzsik Be\u00e1ta<\/td><td>cs\u00fct\u00f6rt\u00f6k<\/td><td>14:00-15:00<\/td><\/tr><tr><td>2<\/td><td>Bal\u00e1zs Erika<\/td><td>h\u00e9tf\u0151<\/td><td>3. \u00f3ra<\/td><\/tr><tr><td>3<\/td><td>Balogh M\u00e1ria<\/td><td>kedd<\/td><td>15:00-16.00<\/td><\/tr><tr><td>4<\/td><td>Borb\u00e9ly D\u00e1vid<\/td><td>h\u00e9tf\u0151<\/td><td>3. \u00f3ra<\/td><\/tr><tr><td>5<\/td><td>Borusn\u00e9 Miskolczi Marianna<\/td><td>h\u00e9tf\u0151<\/td><td>3. \u00f3ra<\/td><\/tr><tr><td>6<\/td><td>Budai-Kiss Ildik\u00f3<\/td><td>szerda<\/td><td>2. \u00f3ra<\/td><\/tr><tr><td>7<\/td><td>Bujdos\u00f3 Tam\u00e1s L\u00e1szl\u00f3<\/td><td>kedd<\/td><td>4. \u00f3ra<\/td><\/tr><tr><td>8<\/td><td>Bujdos\u00f3-Szepesi Annam\u00e1ria<\/td><td>szerda<\/td><td>3. \u00f3ra<\/td><\/tr><tr><td>9<\/td><td>Czifra J\u00f3zsef<\/td><td>h\u00e9tf\u0151<\/td><td>2. \u00f3ra<\/td><\/tr><tr><td>10<\/td><td>Czifr\u00e1n\u00e9 Subert Katalin<\/td><td>cs\u00fct\u00f6rt\u00f6k<\/td><td>5. \u00f3ra<\/td><\/tr><tr><td>11<\/td><td>Cs\u00e1ki Orsolya Anita<\/td><td>szerda<\/td><td>3. \u00f3ra<\/td><\/tr><tr><td>12<\/td><td>Cs\u00f6rszn\u00e9 Tar Enik\u0151<\/td><td>h\u00e9tf\u0151<\/td><td>2. \u00f3ra<\/td><\/tr><tr><td>13<\/td><td>Dancs S\u00e1ndorn\u00e9<\/td><td>h\u00e9tf\u0151<\/td><td>6. \u00f3ra<\/td><\/tr><tr><td>14<\/td><td>Danku Zsuzsanna<\/td><td>kedd<\/td><td>4. \u00f3ra<\/td><\/tr><tr><td>15<\/td><td>D\u00e1vid Edina<\/td><td>szerda<\/td><td>2. \u00f3ra<\/td><\/tr><tr><td>16<\/td><td>D\u00e1vid Lajos L\u00e1szl\u00f3<\/td><td>szerda<\/td><td>3. \u00f3ra<\/td><\/tr><tr><td>17<\/td><td>De\u00e1k-Tak\u00e1cs Szilvia<\/td><td>h\u00e9tf\u0151<\/td><td>3. \u00f3ra<\/td><\/tr><tr><td>18<\/td><td>Demetern\u00e9 Papik Judit<\/td><td>p\u00e9ntek<\/td><td>2. \u00f3ra<\/td><\/tr><tr><td>19<\/td><td>Dolhai M\u00e1t\u00e9<\/td><td>szerda<\/td><td>2. \u00f3ra<\/td><\/tr><tr><td>20<\/td><td>Dolhain\u00e9 Fodor Enik\u0151<\/td><td>cs\u00fct\u00f6rt\u00f6k<\/td><td>2. \u00f3ra<\/td><\/tr><tr><td>21<\/td><td>dr. Dolhain\u00e9 Szab\u00f3 Anik\u00f3 \u00c9va<\/td><td>cs\u00fct\u00f6rt\u00f6k<\/td><td>1. \u00f3ra<\/td><\/tr><tr><td>22<\/td><td>dr. L\u00e1czayn\u00e9 Pipoly Csilla<\/td><td>szerda<\/td><td>4. \u00f3ra<\/td><\/tr><tr><td>23<\/td><td>Erki J\u00f3zsef<\/td><td>h\u00e9tf\u0151<\/td><td>7. \u00f3ra<\/td><\/tr><tr><td>24<\/td><td>dr. Farkasn\u00e9 Poncs\u00e1k Anik\u00f3<\/td><td>p\u00e9ntek<\/td><td>2. \u00f3ra<\/td><\/tr><tr><td>25<\/td><td>Fazekasn\u00e9 K\u00f3p\u00e9 Bianka Andrea<\/td><td>kedd<\/td><td>3. \u00f3ra<\/td><\/tr><tr><td>26<\/td><td>Gerzsenyin\u00e9 Laczh\u00e1zi Edit<\/td><td>kedd<\/td><td>15:00-16.00<\/td><\/tr><tr><td>27<\/td><td>Gy\u00fcre Andr\u00e1s<\/td><td>szerda<\/td><td>15:00-16.00<\/td><\/tr><tr><td>28<\/td><td>Hamecz Mikl\u00f3s Tam\u00e1s<\/td><td>szerda<\/td><td>2. \u00f3ra<\/td><\/tr><tr><td>29<\/td><td>Hameczn\u00e9 Kiss Marianna<\/td><td>kedd<\/td><td>6. \u00f3ra<\/td><\/tr><tr><td>30<\/td><td>J\u00e1rmin\u00e9 Heged\u00fcs Andrea<\/td><td>szerda<\/td><td>4. \u00f3ra<\/td><\/tr><tr><td>31<\/td><td>J\u00f3n\u00e1s B\u00e9la<\/td><td>cs\u00fct\u00f6rt\u00f6k<\/td><td>4. \u00f3ra<\/td><\/tr><tr><td>32<\/td><td>J\u00f3n\u00e1s Brigitta<\/td><td>cs\u00fct\u00f6rt\u00f6k<\/td><td>2. \u00f3ra<\/td><\/tr><tr><td>33<\/td><td>Juh\u00e1sz B\u00e9la<\/td><td>kedd<\/td><td>4. \u00f3ra<\/td><\/tr><tr><td>34<\/td><td>Juh\u00e1sz B\u00e9l\u00e1n\u00e9<\/td><td>cs\u00fct\u00f6rt\u00f6k<\/td><td>6. \u00f3ra<\/td><\/tr><tr><td>35<\/td><td>Juh\u00e1sz Mikl\u00f3s Istv\u00e1nn\u00e9 Balogh Gy\u00f6ngyi<\/td><td>h\u00e9tf\u0151<\/td><td>6. \u00f3ra<\/td><\/tr><tr><td>36<\/td><td>Kerekes Tibor<\/td><td>p\u00e9ntek<\/td><td>5. \u00f3ra<\/td><\/tr><tr><td>37<\/td><td>dr. Koncz G\u00e1bor<\/td><td>kedd<\/td><td>3. \u00f3ra<\/td><\/tr><tr><td>38<\/td><td>dr. Konczn\u00e9 Dr. J\u00e1mbrik Katalin<\/td><td>h\u00e9tf\u0151<\/td><td>5. \u00f3ra<\/td><\/tr><tr><td>39<\/td><td>Kov\u00e1cs Bertalan<\/td><td>szerda<\/td><td>13:00-14.00<\/td><\/tr><tr><td>40<\/td><td>Kov\u00e1cs-Nagy Csilla<\/td><td>h\u00e9tf\u0151<\/td><td>3. \u00f3ra<\/td><\/tr><tr><td>41<\/td><td>Kozm\u00e1n\u00e9 B\u00e9res Zsuzsanna<\/td><td>kedd<\/td><td>3. \u00f3ra<\/td><\/tr><tr><td>42<\/td><td>Krist\u00f3f Melinda<\/td><td>h\u00e9tf\u0151<\/td><td>4. \u00f3ra<\/td><\/tr><tr><td>43<\/td><td>Lakatos Kriszti\u00e1n<\/td><td>kedd<\/td><td>3. \u00f3ra<\/td><\/tr><tr><td>44<\/td><td>Lip\u00e9czn\u00e9 Szab\u00f3 Erika Erzs\u00e9bet<\/td><td>szerda<\/td><td>4. \u00f3ra<\/td><\/tr><tr><td>45<\/td><td>Lizanecz Judit<\/td><td>szerda<\/td><td>3. \u00f3ra<\/td><\/tr><tr><td>46<\/td><td>Machnikn\u00e9 Sz\u00e9plaki Ilona T\u00fcnde<\/td><td>h\u00e9tf\u0151<\/td><td>4. \u00f3ra<\/td><\/tr><tr><td>47<\/td><td>Makl\u00e1ri Tivadar<\/td><td>kedd<\/td><td>19:00-20:00<\/td><\/tr><tr><td>48<\/td><td>Margitics Csaba Zsolt<\/td><td>h\u00e9tf\u0151<\/td><td>5. \u00f3ra<\/td><\/tr><tr><td>49<\/td><td>M\u00e1rth\u00e1n\u00e9 Ikl\u00f3di Bogl\u00e1rka \u00c9va<\/td><td>kedd<\/td><td>2. \u00f3ra<\/td><\/tr><tr><td>50<\/td><td>Nagyn\u00e9 Kov\u00e1cs \u00c1gnes<\/td><td>kedd<\/td><td>14:00-15:00<\/td><\/tr><tr><td>51<\/td><td>Nyak\u00f3n\u00e9 K\u00e1ntor M\u00e1ria<\/td><td>kedd<\/td><td>8:00-9:00<\/td><\/tr><tr><td>52<\/td><td>Orgov\u00e1n Istv\u00e1n<\/td><td>cs\u00fct\u00f6rt\u00f6k<\/td><td>15:00-16:00<\/td><\/tr><tr><td>53<\/td><td>Papikn\u00e9 Leskovics Judit<\/td><td>cs\u00fct\u00f6rt\u00f6k<\/td><td>3. \u00f3ra<\/td><\/tr><tr><td>54<\/td><td>Papp Ang\u00e9la<\/td><td>cs\u00fct\u00f6rt\u00f6k<\/td><td>5. \u00f3ra<\/td><\/tr><tr><td>55<\/td><td>Papp Krisztina<\/td><td>szerda<\/td><td>14:00-15:00<\/td><\/tr><tr><td>56<\/td><td>Pappn\u00e9 Lecza Andrea<\/td><td>h\u00e9tf\u0151<\/td><td>4. \u00f3ra<\/td><\/tr><tr><td>57<\/td><td>Papp-Virga Fanni<\/td><td>h\u00e9tf\u0151<\/td><td>5. \u00f3ra<\/td><\/tr><tr><td>58<\/td><td>P\u00e9ter Marianna<\/td><td>szerda<\/td><td>15:00-16:00<\/td><\/tr><tr><td>59<\/td><td>P\u00f3csik-Papp Fl\u00f3ra<\/td><td>h\u00e9tf\u0151<\/td><td>3. \u00f3ra<\/td><\/tr><tr><td>60<\/td><td>Rendes Ildik\u00f3<\/td><td>szerda<\/td><td>5. \u00f3ra<\/td><\/tr><tr><td>61<\/td><td>R\u00e9v\u00e9sz Marianna<\/td><td>kedd<\/td><td>5. \u00f3ra<\/td><\/tr><tr><td>62<\/td><td>Rink\u00f3 Judit<\/td><td>h\u00e9tf\u0151<\/td><td>6. \u00f3ra<\/td><\/tr><tr><td>63<\/td><td>Rozinka Ren\u00e1ta<\/td><td>szerda<\/td><td>15:00-16:00<\/td><\/tr><tr><td>64<\/td><td>Siposn\u00e9 Moln\u00e1r Annam\u00e1ria<\/td><td>kedd<\/td><td>1. \u00f3ra<\/td><\/tr><tr><td>65<\/td><td>Somogyi Gabriella<\/td><td>h\u00e9tf\u0151<\/td><td>4. \u00f3ra<\/td><\/tr><tr><td>66<\/td><td>Szab\u00f3 Ildik\u00f3<\/td><td>szerda<\/td><td>6. \u00f3ra<\/td><\/tr><tr><td>67<\/td><td>Szarvadi-Demeter Judit<\/td><td>kedd<\/td><td>3. \u00f3ra<\/td><\/tr><tr><td>68<\/td><td>Sz\u0151ke Barnab\u00e1s<\/td><td>kedd<\/td><td>4. \u00f3ra<\/td><\/tr><tr><td>69<\/td><td>Tam\u00e1sn\u00e9 Balogh Be\u00e1ta<\/td><td>kedd<\/td><td>4. \u00f3ra<\/td><\/tr><tr><td>70<\/td><td>Tari Istv\u00e1nn\u00e9<\/td><td>h\u00e9tf\u0151<\/td><td>7. \u00f3ra<\/td><\/tr><tr><td>71<\/td><td>T\u00f3th Eszter<\/td><td>szerda<\/td><td>6. \u00f3ra<\/td><\/tr><tr><td>72<\/td><td>T\u00f3th Tam\u00e1s<\/td><td>kedd<\/td><td>16:00-17:00<\/td><\/tr><tr><td>73<\/td><td>T\u00f3th-G\u00e1l Zsuzsanna Napsug\u00e1r<\/td><td>cs\u00fct\u00f6rt\u00f6k<\/td><td>5. \u00f3ra<\/td><\/tr><tr><td>74<\/td><td>T\u00f3th-Lelkes M\u00f3nika<\/td><td>cs\u00fct\u00f6rt\u00f6k<\/td><td>4. \u00f3ra<\/td><\/tr><tr><td>75<\/td><td>T\u00f3thn\u00e9 B\u00edr\u00f3 Andrea<\/td><td>h\u00e9tf\u0151<\/td><td>4. \u00f3ra<\/td><\/tr><tr><td>76<\/td><td>T\u00f3thn\u00e9 J\u00f3n\u00e1s \u00c9va<\/td><td>cs\u00fct\u00f6rt\u00f6k<\/td><td>6. \u00f3ra<\/td><\/tr><tr><td>77<\/td><td>T\u00f3thn\u00e9 Sinka Edina<\/td><td>h\u00e9tf\u0151<\/td><td>14:00-15:00<\/td><\/tr><tr><td>78<\/td><td>\u00dajv\u00e1ri P\u00e9ter<\/td><td>cs\u00fct\u00f6rt\u00f6k<\/td><td>16:00-17:00<\/td><\/tr><tr><td>79<\/td><td>Uzonyi G\u00e1born\u00e9<\/td><td>h\u00e9tf\u0151<\/td><td>6. \u00f3ra<\/td><\/tr><tr><td>80<\/td><td>V\u00e1radi Krisztina<\/td><td>p\u00e9ntek<\/td><td>2. \u00f3ra<\/td><\/tr><tr><td>81<\/td><td>Vedres Csilla<\/td><td>szerda<\/td><td>5. \u00f3ra<\/td><\/tr><tr><td>82<\/td><td>Virga Gizella<\/td><td>h\u00e9tf\u0151<\/td><td>2. \u00f3ra<\/td><\/tr><\/tbody><\/table><\/figure>\n<div class=\"pvc_clear\"><\/div><p id=\"pvc_stats_1866\" class=\"pvc_stats all  \" data-element-id=\"1866\" style=\"\"><i class=\"pvc-stats-icon medium\" aria-hidden=\"true\"><svg aria-hidden=\"true\" focusable=\"false\" data-prefix=\"far\" data-icon=\"chart-bar\" role=\"img\" xmlns=\"http:\/\/www.w3.org\/2000\/svg\" viewBox=\"0 0 512 512\" class=\"svg-inline--fa fa-chart-bar fa-w-16 fa-2x\"><path fill=\"currentColor\" d=\"M396.8 352h22.4c6.4 0 12.8-6.4 12.8-12.8V108.8c0-6.4-6.4-12.8-12.8-12.8h-22.4c-6.4 0-12.8 6.4-12.8 12.8v230.4c0 6.4 6.4 12.8 12.8 12.8zm-192 0h22.4c6.4 0 12.8-6.4 12.8-12.8V140.8c0-6.4-6.4-12.8-12.8-12.8h-22.4c-6.4 0-12.8 6.4-12.8 12.8v198.4c0 6.4 6.4 12.8 12.8 12.8zm96 0h22.4c6.4 0 12.8-6.4 12.8-12.8V204.8c0-6.4-6.4-12.8-12.8-12.8h-22.4c-6.4 0-12.8 6.4-12.8 12.8v134.4c0 6.4 6.4 12.8 12.8 12.8zM496 400H48V80c0-8.84-7.16-16-16-16H16C7.16 64 0 71.16 0 80v336c0 17.67 14.33 32 32 32h464c8.84 0 16-7.16 16-16v-16c0-8.84-7.16-16-16-16zm-387.2-48h22.4c6.4 0 12.8-6.4 12.8-12.8v-70.4c0-6.4-6.4-12.8-12.8-12.8h-22.4c-6.4 0-12.8 6.4-12.8 12.8v70.4c0 6.4 6.4 12.8 12.8 12.8z\" class=\"\"><\/path><\/svg><\/i> <img loading=\"lazy\" decoding=\"async\" width=\"16\" height=\"16\" alt=\"Loading\" src=\"https:\/\/besi.hu\/wp-content\/plugins\/page-views-count\/ajax-loader-2x.gif\" border=0 \/><\/p><div class=\"pvc_clear\"><\/div>","protected":false},"excerpt":{"rendered":"<p>Kisv\u00e1rdai Bessenyei Gy\u00f6rgy Gimn\u00e1zium \u00e9s Koll\u00e9gium 4600 Kisv\u00e1rda, Iskola t\u00e9r 2. Fogad\u00f3\u00f3ra 2025\/26. tan\u00e9v Ssz N\u00e9v Nap \u00d3ra 1 Bagoly-Buzsik Be\u00e1ta cs\u00fct\u00f6rt\u00f6k 14:00-15:00 2 Bal\u00e1zs Erika h\u00e9tf\u0151 3. \u00f3ra 3 Balogh M\u00e1ria kedd 15:00-16.00 4 Borb\u00e9ly D\u00e1vid h\u00e9tf\u0151 3. \u00f3ra 5 Borusn\u00e9 Miskolczi Marianna h\u00e9tf\u0151 3. \u00f3ra 6 Budai-Kiss Ildik\u00f3&#8230;<\/p>\n<div class=\"pvc_clear\"><\/div>\n<p id=\"pvc_stats_1866\" class=\"pvc_stats all  \" data-element-id=\"1866\" style=\"\"><i class=\"pvc-stats-icon medium\" aria-hidden=\"true\"><svg aria-hidden=\"true\" focusable=\"false\" data-prefix=\"far\" data-icon=\"chart-bar\" role=\"img\" xmlns=\"http:\/\/www.w3.org\/2000\/svg\" viewBox=\"0 0 512 512\" class=\"svg-inline--fa fa-chart-bar fa-w-16 fa-2x\"><path fill=\"currentColor\" d=\"M396.8 352h22.4c6.4 0 12.8-6.4 12.8-12.8V108.8c0-6.4-6.4-12.8-12.8-12.8h-22.4c-6.4 0-12.8 6.4-12.8 12.8v230.4c0 6.4 6.4 12.8 12.8 12.8zm-192 0h22.4c6.4 0 12.8-6.4 12.8-12.8V140.8c0-6.4-6.4-12.8-12.8-12.8h-22.4c-6.4 0-12.8 6.4-12.8 12.8v198.4c0 6.4 6.4 12.8 12.8 12.8zm96 0h22.4c6.4 0 12.8-6.4 12.8-12.8V204.8c0-6.4-6.4-12.8-12.8-12.8h-22.4c-6.4 0-12.8 6.4-12.8 12.8v134.4c0 6.4 6.4 12.8 12.8 12.8zM496 400H48V80c0-8.84-7.16-16-16-16H16C7.16 64 0 71.16 0 80v336c0 17.67 14.33 32 32 32h464c8.84 0 16-7.16 16-16v-16c0-8.84-7.16-16-16-16zm-387.2-48h22.4c6.4 0 12.8-6.4 12.8-12.8v-70.4c0-6.4-6.4-12.8-12.8-12.8h-22.4c-6.4 0-12.8 6.4-12.8 12.8v70.4c0 6.4 6.4 12.8 12.8 12.8z\" class=\"\"><\/path><\/svg><\/i> <img loading=\"lazy\" decoding=\"async\" width=\"16\" height=\"16\" alt=\"Loading\" src=\"https:\/\/besi.hu\/wp-content\/plugins\/page-views-count\/ajax-loader-2x.gif\" border=0 \/><\/p>\n<div class=\"pvc_clear\"><\/div>\n","protected":false},"author":1,"featured_media":0,"parent":0,"menu_order":0,"comment_status":"closed","ping_status":"closed","template":"","meta":{"footnotes":""},"class_list":["post-1866","page","type-page","status-publish","hentry"],"aioseo_notices":[],"a3_pvc":{"activated":true,"total_views":4862,"today_views":2},"_links":{"self":[{"href":"https:\/\/besi.hu\/index.php?rest_route=\/wp\/v2\/pages\/1866","targetHints":{"allow":["GET"]}}],"collection":[{"href":"https:\/\/besi.hu\/index.php?rest_route=\/wp\/v2\/pages"}],"about":[{"href":"https:\/\/besi.hu\/index.php?rest_route=\/wp\/v2\/types\/page"}],"author":[{"embeddable":true,"href":"https:\/\/besi.hu\/index.php?rest_route=\/wp\/v2\/users\/1"}],"replies":[{"embeddable":true,"href":"https:\/\/besi.hu\/index.php?rest_route=%2Fwp%2Fv2%2Fcomments&post=1866"}],"version-history":[{"count":14,"href":"https:\/\/besi.hu\/index.php?rest_route=\/wp\/v2\/pages\/1866\/revisions"}],"predecessor-version":[{"id":25090,"href":"https:\/\/besi.hu\/index.php?rest_route=\/wp\/v2\/pages\/1866\/revisions\/25090"}],"wp:attachment":[{"href":"https:\/\/besi.hu\/index.php?rest_route=%2Fwp%2Fv2%2Fmedia&parent=1866"}],"curies":[{"name":"wp","href":"https:\/\/api.w.org\/{rel}","templated":true}]}}