{"id":1873,"date":"2021-10-19T11:43:24","date_gmt":"2021-10-19T09:43:24","guid":{"rendered":"https:\/\/besi.hu\/?page_id=1873"},"modified":"2026-01-08T17:03:25","modified_gmt":"2026-01-08T16:03:25","slug":"dokumentumaink","status":"publish","type":"page","link":"https:\/\/besi.hu\/?page_id=1873","title":{"rendered":"Dokumentumaink"},"content":{"rendered":"\n<p class=\"has-text-align-center\"><strong>Tisztelt L\u00e1togat\u00f3!<\/strong><\/p>\n\n\n\n<p>Iskol\u00e1nk jogszer\u0171 m\u0171k\u00f6d\u00e9s\u00e9t a&nbsp;<strong>Szakmai Alapdokumentum<\/strong>, a&nbsp;<strong>Szervezeti \u00e9s M\u0171k\u00f6d\u00e9si Szab\u00e1lyzat<\/strong>&nbsp;valamint a&nbsp;<strong>H\u00e1zirend<\/strong>&nbsp;biztos\u00edtja.<\/p>\n\n\n\n<p>A tartalmi munk\u00e1t a&nbsp;<strong>Pedag\u00f3giai Programunk<\/strong>&nbsp;\u00e9s a&nbsp;<strong>Helyi Tanterv\u00fcnk<\/strong>&nbsp;alapj\u00e1n v\u00e9gezz\u00fck.&nbsp;<\/p>\n\n\n\n<p>Valamennyi bels\u0151 szab\u00e1lyzatunk megfelel a&nbsp;<strong>K\u00f6znevel\u00e9si T\u00f6rv\u00e9ny<\/strong>&nbsp;\u00e9s annak v\u00e9grehajt\u00e1si utas\u00edt\u00e1sai, a&nbsp;<strong>Nemzeti Alaptanterv<\/strong>&nbsp;\u00e9s az&nbsp;<strong>\u00c9retts\u00e9gi Vizsgaszab\u00e1lyzat<\/strong>&nbsp;el\u0151\u00edr\u00e1sainak.<\/p>\n\n\n\n<p class=\"has-text-align-center\"><a href=\"https:\/\/besi.hu\/wp-content\/uploads\/2021\/10\/Szakmai-alapdokumentum_Bessenyei_2021.09.01.pdf\" target=\"_blank\" rel=\"noreferrer noopener\">Szakmai Alapdokumentum<\/a><\/p>\n\n\n\n<p class=\"has-text-align-center\"><a href=\"https:\/\/drive.google.com\/drive\/folders\/1eZ6qyq4a6phEoFtPUCD9825xVAaGI2An?usp=sharing\" target=\"_blank\" rel=\"noopener\" title=\"\">Szervezeti \u00e9s M\u0171k\u00f6d\u00e9si Szab\u00e1lyzat<\/a><\/p>\n\n\n\n<p class=\"has-text-align-center\"><a href=\"https:\/\/drive.google.com\/file\/d\/1MYXZ4cHHs-uQsnjMc-vuZ0X-siA82tSb\/view?usp=sharing\" target=\"_blank\" rel=\"noopener\" title=\"\">H\u00e1zirend<\/a><\/p>\n\n\n\n<p class=\"has-text-align-center\"><a href=\"https:\/\/drive.google.com\/file\/d\/15GvnJ-q8bM5LBbhz2-R3oR0_UMBKHvkU\/view?usp=sharing\" target=\"_blank\" rel=\"noopener\" title=\"\">Pedag\u00f3giai Program<\/a><\/p>\n\n\n\n<p class=\"has-text-align-center\"><a href=\"https:\/\/drive.google.com\/file\/d\/1p7AHfRBMpV1AD4dwERYblUBPXc1xnG9v\/view?usp=sharing\" target=\"_blank\" rel=\"noopener\" title=\"\">Tank\u00f6nyvell\u00e1t\u00e1s rendje<\/a><\/p>\n\n\n\n<p class=\"has-text-align-center\"><a href=\"https:\/\/drive.google.com\/file\/d\/17exmQk61nRY0gT3ollizikKit_PTXj0t\/view?usp=sharing\" target=\"_blank\" rel=\"noopener\" title=\"\">Adatkezel\u00e9si szab\u00e1lyzat<\/a><\/p>\n\n\n\n<p class=\"has-text-align-center\"><a href=\"https:\/\/besi.hu\/wp-content\/uploads\/2023\/05\/Adatkezeles-es-tovabbitas-rendje_SZMK_DOK_mod_elfogad_2023_05_30.pdf\" target=\"_blank\" rel=\"noreferrer noopener\">Adatkezel\u00e9s-\u00e9s tov\u00e1bb\u00edt\u00e1s rendje<\/a><\/p>\n\n\n\n<p class=\"has-text-align-center\"><a href=\"https:\/\/kir2info.kir.hu\/pub\/Index\/033648\" target=\"_blank\" rel=\"noreferrer noopener\">K\u00fcl\u00f6n\u00f6s k\u00f6zz\u00e9t\u00e9teli lista<\/a><\/p>\n\n\n\n<p class=\"has-text-align-center\"><a href=\"https:\/\/drive.google.com\/file\/d\/1DWT6xOGB-R-3teeDxSdiHd41QRhwnEsX\/view?usp=sharing\" target=\"_blank\" rel=\"noopener\" title=\"\">Tanulm\u00e1nyok alatti vizsg\u00e1k szab\u00e1lyoz\u00e1sa<\/a><\/p>\n\n\n\n<p><\/p>\n\n\n\n<p class=\"has-text-align-center\">Tant\u00e1rgyi programok<\/p>\n\n\n\n<p><\/p>\n\n\n\n<p class=\"has-text-align-center\"><a href=\"https:\/\/besi.hu\/wp-content\/uploads\/2021\/10\/Angol-nyelv-2020.pdf\" target=\"_blank\" rel=\"noreferrer noopener\">Angol nyelv <\/a><\/p>\n\n\n\n<p class=\"has-text-align-center\"><a href=\"https:\/\/drive.google.com\/file\/d\/1T5rzP2IU0Onm5WpF7ahL25pWnDsH5YvA\/view?usp=sharing\" target=\"_blank\" rel=\"noopener\" title=\"\">\u00c1llampolg\u00e1ri ismeretek<\/a><\/p>\n\n\n\n<p class=\"has-text-align-center\"><a href=\"https:\/\/drive.google.com\/file\/d\/1EqP4a_zV2-r5yzVtZWLbBDnQlSadU5-4\/view?usp=sharing\" target=\"_blank\" rel=\"noopener\" title=\"\">Biol\u00f3gia<\/a><\/p>\n\n\n\n<p class=\"has-text-align-center\"><a href=\"https:\/\/drive.google.com\/file\/d\/1wkT1Oup-zNW3uwlOT4XP3K0v5TqQnVzk\/view?usp=sharing\" target=\"_blank\" rel=\"noopener\" title=\"\">\u00c9nek-zene<\/a><\/p>\n\n\n\n<p class=\"has-text-align-center\"><a href=\"https:\/\/drive.google.com\/file\/d\/1oIu8tqz79Pm1N3jf9ZIE_PacdzE4kqXP\/view?usp=sharing\" target=\"_blank\" rel=\"noopener\" title=\"\">Fizika<\/a><\/p>\n\n\n\n<p class=\"has-text-align-center\"><a href=\"https:\/\/drive.google.com\/file\/d\/19YVLBmqJDLstKgBAVp7bksaG405c-BgR\/view?usp=sharing\" target=\"_blank\" rel=\"noopener\" title=\"\">F\u00f6ldrajz<\/a><\/p>\n\n\n\n<p class=\"has-text-align-center\"><a href=\"https:\/\/drive.google.com\/file\/d\/1rSeDo8sBLiS5vJ0G_8HLbA3WSSZrrDAU\/view?usp=sharing\" target=\"_blank\" rel=\"noopener\" title=\"\">Francia nyelv<\/a><\/p>\n\n\n\n<p class=\"has-text-align-center\"><a href=\"https:\/\/drive.google.com\/file\/d\/18fhDDfKiZy0luy9nHxLer7AW48BbwiVH\/view?usp=sharing\" target=\"_blank\" rel=\"noopener\" title=\"\">Digit\u00e1lis kult\u00fara<\/a><\/p>\n\n\n\n<p class=\"has-text-align-center\"><a href=\"https:\/\/drive.google.com\/file\/d\/1I6pL0U2aV8hsUmWZgXHFhzEkMicUuBci\/view?usp=sharing\" target=\"_blank\" rel=\"noopener\" title=\"\">Dr\u00e1ma \u00e9s sz\u00ednh\u00e1z<\/a><\/p>\n\n\n\n<p class=\"has-text-align-center\"><a href=\"https:\/\/drive.google.com\/file\/d\/1lXMlnoHfo1Gzw5dlnWk3GAmoEpDS0txT\/view?usp=sharing\" target=\"_blank\" rel=\"noopener\" title=\"\">K\u00e9mia<\/a><\/p>\n\n\n\n<p class=\"has-text-align-center\"><a href=\"https:\/\/drive.google.com\/file\/d\/1nwPOifVaUejhP2X1BZM2y-NBPeJsa4Rr\/view?usp=sharing\" target=\"_blank\" rel=\"noopener\" title=\"\">Magyar nyelv \u00e9s irodalom<\/a><\/p>\n\n\n\n<p class=\"has-text-align-center\"><a href=\"https:\/\/drive.google.com\/file\/d\/1jlocUh7gZraKybZyp5mgkSVKoH-vU6de\/view?usp=sharing\" target=\"_blank\" rel=\"noopener\" title=\"\">Matematika<\/a><\/p>\n\n\n\n<p class=\"has-text-align-center\"><a href=\"https:\/\/drive.google.com\/file\/d\/1A4zirtXY11L_A40LY-__w5cEK-NOFE1O\/view?usp=sharing\" target=\"_blank\" rel=\"noopener\" title=\"\">N\u00e9met nyelv<\/a><\/p>\n\n\n\n<p class=\"has-text-align-center\"><a href=\"https:\/\/drive.google.com\/file\/d\/1WN8GtCsWRs0QAuxaoZS04LJncf5L9oDK\/view?usp=sharing\" target=\"_blank\" rel=\"noopener\" title=\"\">Orosz nyelv<\/a><\/p>\n\n\n\n<p class=\"has-text-align-center\"><a href=\"https:\/\/drive.google.com\/file\/d\/1sNv7m1dYesonpM2nZMWubIFk8GJnLKAB\/view?usp=sharing\" target=\"_blank\" rel=\"noopener\" title=\"\">Term\u00e9szetudom\u00e1n<\/a><a href=\"https:\/\/besi.hu\/wp-content\/uploads\/2021\/10\/Termeszettudomanyos-ismeretek2020.pdf\" target=\"_blank\" rel=\"noreferrer noopener\">y<\/a><\/p>\n\n\n\n<p class=\"has-text-align-center\"><a href=\"https:\/\/drive.google.com\/file\/d\/1CywtvCqGQ4pXcWPi3-tjllIsFeHBxw9b\/view?usp=sharing\" target=\"_blank\" rel=\"noopener\" title=\"\">Testnevel\u00e9s <\/a><\/p>\n\n\n\n<p class=\"has-text-align-center\"><a href=\"https:\/\/drive.google.com\/file\/d\/1yTFY37ayghxof2S6IAnEbmhWDnWmYC0x\/view?usp=sharing\" target=\"_blank\" rel=\"noopener\" title=\"\">T\u00f6rt\u00e9nelem<\/a><\/p>\n\n\n\n<p class=\"has-text-align-center\"><a href=\"https:\/\/drive.google.com\/file\/d\/1qS3869dc8-g8GCcHrBbO7O6TFNIQY5Ua\/view?usp=sharing\" target=\"_blank\" rel=\"noopener\" title=\"\">Vizu\u00e1lis kult\u00fara<\/a><\/p>\n<div class=\"pvc_clear\"><\/div><p id=\"pvc_stats_1873\" class=\"pvc_stats all  \" data-element-id=\"1873\" style=\"\"><i class=\"pvc-stats-icon medium\" aria-hidden=\"true\"><svg aria-hidden=\"true\" focusable=\"false\" data-prefix=\"far\" data-icon=\"chart-bar\" role=\"img\" xmlns=\"http:\/\/www.w3.org\/2000\/svg\" viewBox=\"0 0 512 512\" class=\"svg-inline--fa fa-chart-bar fa-w-16 fa-2x\"><path fill=\"currentColor\" d=\"M396.8 352h22.4c6.4 0 12.8-6.4 12.8-12.8V108.8c0-6.4-6.4-12.8-12.8-12.8h-22.4c-6.4 0-12.8 6.4-12.8 12.8v230.4c0 6.4 6.4 12.8 12.8 12.8zm-192 0h22.4c6.4 0 12.8-6.4 12.8-12.8V140.8c0-6.4-6.4-12.8-12.8-12.8h-22.4c-6.4 0-12.8 6.4-12.8 12.8v198.4c0 6.4 6.4 12.8 12.8 12.8zm96 0h22.4c6.4 0 12.8-6.4 12.8-12.8V204.8c0-6.4-6.4-12.8-12.8-12.8h-22.4c-6.4 0-12.8 6.4-12.8 12.8v134.4c0 6.4 6.4 12.8 12.8 12.8zM496 400H48V80c0-8.84-7.16-16-16-16H16C7.16 64 0 71.16 0 80v336c0 17.67 14.33 32 32 32h464c8.84 0 16-7.16 16-16v-16c0-8.84-7.16-16-16-16zm-387.2-48h22.4c6.4 0 12.8-6.4 12.8-12.8v-70.4c0-6.4-6.4-12.8-12.8-12.8h-22.4c-6.4 0-12.8 6.4-12.8 12.8v70.4c0 6.4 6.4 12.8 12.8 12.8z\" class=\"\"><\/path><\/svg><\/i> <img loading=\"lazy\" decoding=\"async\" width=\"16\" height=\"16\" alt=\"Loading\" src=\"https:\/\/besi.hu\/wp-content\/plugins\/page-views-count\/ajax-loader-2x.gif\" border=0 \/><\/p><div class=\"pvc_clear\"><\/div>","protected":false},"excerpt":{"rendered":"<p>Tisztelt L\u00e1togat\u00f3! Iskol\u00e1nk jogszer\u0171 m\u0171k\u00f6d\u00e9s\u00e9t a&nbsp;Szakmai Alapdokumentum, a&nbsp;Szervezeti \u00e9s M\u0171k\u00f6d\u00e9si Szab\u00e1lyzat&nbsp;valamint a&nbsp;H\u00e1zirend&nbsp;biztos\u00edtja. A tartalmi munk\u00e1t a&nbsp;Pedag\u00f3giai Programunk&nbsp;\u00e9s a&nbsp;Helyi Tanterv\u00fcnk&nbsp;alapj\u00e1n v\u00e9gezz\u00fck.&nbsp; Valamennyi bels\u0151 szab\u00e1lyzatunk megfelel a&nbsp;K\u00f6znevel\u00e9si T\u00f6rv\u00e9ny&nbsp;\u00e9s annak v\u00e9grehajt\u00e1si utas\u00edt\u00e1sai, a&nbsp;Nemzeti Alaptanterv&nbsp;\u00e9s az&nbsp;\u00c9retts\u00e9gi Vizsgaszab\u00e1lyzat&nbsp;el\u0151\u00edr\u00e1sainak. Szakmai Alapdokumentum Szervezeti \u00e9s M\u0171k\u00f6d\u00e9si Szab\u00e1lyzat H\u00e1zirend Pedag\u00f3giai Program Tank\u00f6nyvell\u00e1t\u00e1s rendje Adatkezel\u00e9si szab\u00e1lyzat Adatkezel\u00e9s-\u00e9s tov\u00e1bb\u00edt\u00e1s rendje K\u00fcl\u00f6n\u00f6s&#8230;<\/p>\n<div class=\"pvc_clear\"><\/div>\n<p id=\"pvc_stats_1873\" class=\"pvc_stats all  \" data-element-id=\"1873\" style=\"\"><i class=\"pvc-stats-icon medium\" aria-hidden=\"true\"><svg aria-hidden=\"true\" focusable=\"false\" data-prefix=\"far\" data-icon=\"chart-bar\" role=\"img\" xmlns=\"http:\/\/www.w3.org\/2000\/svg\" viewBox=\"0 0 512 512\" class=\"svg-inline--fa fa-chart-bar fa-w-16 fa-2x\"><path fill=\"currentColor\" d=\"M396.8 352h22.4c6.4 0 12.8-6.4 12.8-12.8V108.8c0-6.4-6.4-12.8-12.8-12.8h-22.4c-6.4 0-12.8 6.4-12.8 12.8v230.4c0 6.4 6.4 12.8 12.8 12.8zm-192 0h22.4c6.4 0 12.8-6.4 12.8-12.8V140.8c0-6.4-6.4-12.8-12.8-12.8h-22.4c-6.4 0-12.8 6.4-12.8 12.8v198.4c0 6.4 6.4 12.8 12.8 12.8zm96 0h22.4c6.4 0 12.8-6.4 12.8-12.8V204.8c0-6.4-6.4-12.8-12.8-12.8h-22.4c-6.4 0-12.8 6.4-12.8 12.8v134.4c0 6.4 6.4 12.8 12.8 12.8zM496 400H48V80c0-8.84-7.16-16-16-16H16C7.16 64 0 71.16 0 80v336c0 17.67 14.33 32 32 32h464c8.84 0 16-7.16 16-16v-16c0-8.84-7.16-16-16-16zm-387.2-48h22.4c6.4 0 12.8-6.4 12.8-12.8v-70.4c0-6.4-6.4-12.8-12.8-12.8h-22.4c-6.4 0-12.8 6.4-12.8 12.8v70.4c0 6.4 6.4 12.8 12.8 12.8z\" class=\"\"><\/path><\/svg><\/i> <img loading=\"lazy\" decoding=\"async\" width=\"16\" height=\"16\" alt=\"Loading\" src=\"https:\/\/besi.hu\/wp-content\/plugins\/page-views-count\/ajax-loader-2x.gif\" border=0 \/><\/p>\n<div class=\"pvc_clear\"><\/div>\n","protected":false},"author":1,"featured_media":0,"parent":0,"menu_order":0,"comment_status":"closed","ping_status":"closed","template":"","meta":{"footnotes":""},"class_list":["post-1873","page","type-page","status-publish","hentry"],"aioseo_notices":[],"a3_pvc":{"activated":true,"total_views":11346,"today_views":0},"_links":{"self":[{"href":"https:\/\/besi.hu\/index.php?rest_route=\/wp\/v2\/pages\/1873","targetHints":{"allow":["GET"]}}],"collection":[{"href":"https:\/\/besi.hu\/index.php?rest_route=\/wp\/v2\/pages"}],"about":[{"href":"https:\/\/besi.hu\/index.php?rest_route=\/wp\/v2\/types\/page"}],"author":[{"embeddable":true,"href":"https:\/\/besi.hu\/index.php?rest_route=\/wp\/v2\/users\/1"}],"replies":[{"embeddable":true,"href":"https:\/\/besi.hu\/index.php?rest_route=%2Fwp%2Fv2%2Fcomments&post=1873"}],"version-history":[{"count":19,"href":"https:\/\/besi.hu\/index.php?rest_route=\/wp\/v2\/pages\/1873\/revisions"}],"predecessor-version":[{"id":40640,"href":"https:\/\/besi.hu\/index.php?rest_route=\/wp\/v2\/pages\/1873\/revisions\/40640"}],"wp:attachment":[{"href":"https:\/\/besi.hu\/index.php?rest_route=%2Fwp%2Fv2%2Fmedia&parent=1873"}],"curies":[{"name":"wp","href":"https:\/\/api.w.org\/{rel}","templated":true}]}}