{"id":1997,"date":"2021-10-20T19:28:13","date_gmt":"2021-10-20T17:28:13","guid":{"rendered":"https:\/\/besi.hu\/?page_id=1997"},"modified":"2021-10-20T19:31:02","modified_gmt":"2021-10-20T17:31:02","slug":"amerikai-lektor-a-besiben-szeretjuk-magyarorszagot","status":"publish","type":"page","link":"https:\/\/besi.hu\/?page_id=1997","title":{"rendered":"Amerikai lektor a Besiben \u2013 Szeretj\u00fck Magyarorsz\u00e1got"},"content":{"rendered":"\n<div class=\"wp-block-buttons is-layout-flex wp-block-buttons-is-layout-flex\">\n<div class=\"wp-block-button\"><a class=\"wp-block-button__link\" href=\"https:\/\/besi.hu\/?page_id=1702\">Eredeti sz\u00f6veg megtekint\u00e9se<\/a><\/div>\n<\/div>\n\n\n\n<p>Dr. Patty \u00e9s \u00e9n t\u00f6bb mint h\u00fasz \u00e9ve tan\u00edtunk k\u00fcl\u00f6nb\u00f6z\u0151 orsz\u00e1gokban. Abban egyet\u00e9rt\u00fcnk, hogy, az elm\u00falt h\u00e1rom \u00e9vben a kisv\u00e1rdai oktat\u00e1s volt a legjobb munkatapasztalatunk az Egyes\u00fclt \u00c1llamokon k\u00edv\u00fcl.<\/p>\n\n\n\n<p>Sz\u00e1mtalan t\u00f6rt\u00e9net\u00fcnk van arr\u00f3l, hogy minden \u00faj feladat \u2018egy \u00fajabb <em>jokert <\/em>rejt a pakliban\u2019. Mindig t\u00f6rt\u00e9nt valami, amire nem sz\u00e1m\u00edtottunk \u00e9s nem tudtunk r\u00f3la, am\u00edg meg nem \u00e9rkezt\u00fcnk.<\/p>\n\n\n\n<p>Szinte egyik helyen sem siker\u00fclt megtal\u00e1lni a kedvenc \u00e9teleinket. Itt, Kisv\u00e1rd\u00e1n a helyi gasztron\u00f3mia kiv\u00e1l\u00f3 \u00e9s \u00edzletes. Siker\u00fclt r\u00e1bukkanni kedvelt ennival\u00f3inkra is, vagy legal\u00e1bbis ami nagyon k\u00f6zel \u00e1ll hozz\u00e1. Amikor m\u00e9g helyben nem voltak el\u00e9rhet\u0151ek, megtal\u00e1lhattuk \u0151ket Ny\u00edregyh\u00e1z\u00e1n vagy Debrecenben.<\/p>\n\n\n\n<p>Itt Kisv\u00e1rd\u00e1n, az \u00e1ram szinte soha nem megy el, \u00e9s amikor megt\u00f6rt\u00e9nik, nagyon hamar visszat\u00e9r. Egy helyen ahol tan\u00edtottuk, minden nap t\u00f6bb \u00f3r\u00e1nyi \u00e1ramkimarad\u00e1s volt, \u00e9s sohasem ugyanabban az id\u0151ben. A tantermekben minden elektromos berendez\u00e9st t\u00falfesz\u00fclts\u00e9g-v\u00e9delemmel \u00e9s tartal\u00e9k akkumul\u00e1torral l\u00e1ttak el, \u00e9s \u00edgy is \u00e9vente elvesz\u00edtett\u00fck a berendez\u00e9s fel\u00e9t a keletkezett k\u00e1rok miatt.<\/p>\n\n\n\n<p>Egy m\u00e1sik helyen, egy szem\u00e9ly, akit az iskola hivatalosan nem alkalmazott, de politikailag nagyon hatalmas volt, megv\u00e1ltoztatta tan\u00edt\u00e1si beoszt\u00e1sunkat, miut\u00e1n m\u00e1r az orsz\u00e1gban voltunk. Tilos volt tan\u00edtanom azokat az oszt\u00e1lyokat, amelyekre a megb\u00edz\u00e1som sz\u00f3lt, helyette m\u00e1s di\u00e1kokat kellett oktatnom. Itt, Kisv\u00e1rd\u00e1n, t\u00e1rgyal\u00e1sok&nbsp;\u00fatj\u00e1n&nbsp;k\u00f6t\u00f6tt szerz\u0151d\u00e9s\u00fcnk&nbsp; alapj\u00e1n dolgozunk,&nbsp; \u00e9s ezen senki sem pr\u00f3b\u00e1lt v\u00e1ltoztatni.<\/p>\n\n\n\n<p>N\u00e9ha a <em>joker <\/em>j\u00f3 dolog volt, de sz\u00e1munkra m\u00e9gis vicces. Egyszer egy olyan orsz\u00e1gban dolgoztunk, amelynek nagyon er\u0151s kultur\u00e1lis \u00e9rt\u00e9kei voltak a vend\u00e9gl\u00e1t\u00e1ssal kapcsolatban. Mi ezt nem tudtuk, \u00e9s az \u00f3rarend sz\u00fcnet\u00e9ben v\u00e9gigs\u00e9t\u00e1ltunk a h\u00e1zt\u00f6mb\u00f6n, \u00e9s vett\u00fcnk egy \u00fcveg vizet magunknak, sz\u00e1z-k\u00e9tsz\u00e1z forintnak megfelel\u0151 \u00f6sszeget k\u00f6lt\u00f6tt\u00fcnk. Amikor vissza\u00e9rt\u00fcnk, h\u00e1ziasszonyunkat majdnem abban a pillanatban kir\u00fagt\u00e1k, mert nem biztos\u00edtott sz\u00e1munkra vizet. Szerencs\u00e9re meg tudtuk magyar\u00e1zni a nev\u00e9ben, \u00e9s semmi rossz nem t\u00f6rt\u00e9nt vele. Itt, Kisv\u00e1rd\u00e1n az emberek seg\u00edt\u0151k\u00e9szek \u00e9s vend\u00e9gszeret\u0151k, de mi magunk is int\u00e9zhetj\u00fck dolgainkat.<\/p>\n\n\n\n<p>M\u00e1skor a <em>jokerek<\/em> komolyak voltak, \u00e9s sz\u00e1munkra megoldhatatlan probl\u00e9m\u00e1kat okoztak. N\u00e9h\u00e1ny orsz\u00e1gban szigor\u00fa enged\u00e9lyek voltak a telefonokra \u00e9s az internetszolg\u00e1ltat\u00e1sra, \u00e9s ezek a k\u00e9s\u00e9sek \u00e9s probl\u00e9m\u00e1k azt jelentett\u00e9k, hogy megszakadt a kapcsolat a csal\u00e1djaink k\u00f6z\u00f6tt. M\u00e1shol olyan b\u00fcrokr\u00e1cia m\u0171k\u00f6dik amelynek az a c\u00e9lja, hogy a politikai kapcsolatokkal rendelkez\u0151knek munk\u00e1t k\u00edn\u00e1ljanak&nbsp; \u00e9s ne hat\u00e9kony szolg\u00e1ltat\u00e1st ny\u00fajtsanak. Szinte lehetetlennek bizonyult b\u00e1rmit is elint\u00e9zni ezeken a helyeken. Az ott tart\u00f3zkod\u00e1s is vesz\u00e9lyesnek bizonyult ezekben az orsz\u00e1gokban, mert senki nem hajtotta v\u00e9gre az emberek v\u00e9delm\u00e9re vonatkoz\u00f3 t\u00f6rv\u00e9nyeket, hacsak ezek az emberek nem \u00e1lltak vel\u00fck politikai \u00f6sszek\u00f6ttet\u00e9sben. Itt Kisv\u00e1rd\u00e1n az a tapasztalatunk, hogy a korm\u00e1nytisztvisel\u0151k val\u00f3ban elv\u00e9gzik a munk\u00e1jukat, \u00e9s a szab\u00e1lyok t\u00f6bbs\u00e9g\u00e9nek van \u00e9rtelme. Teljes biztons\u00e1gban \u00e9rezz\u00fck magunkat itt, \u00e9s b\u00edzunk abban, hogy a t\u00f6rv\u00e9nyeket \u00e9s szab\u00e1lyokat tisztess\u00e9gesen v\u00e9grehajtj\u00e1k.<\/p>\n\n\n\n<p>Kisv\u00e1rd\u00e1n szinte minden tanul\u00f3nk szorgalmas \u00e9s komolyan veszi az iskol\u00e1t. M\u00e1s helyeken di\u00e1kjaink egy r\u00e9sze nagy politikai befoly\u00e1ssal rendelkez\u0151 csal\u00e1dokb\u00f3l sz\u00e1rmazott, vagy \u0151k maguk hercegek vagy hercegn\u0151k voltak. Megt\u00f6rt\u00e9nt, hogy ezek a hallgat\u00f3k megpr\u00f3b\u00e1lt\u00e1k egyik\u00fcnket kir\u00fagatni vagy kiv\u00e9geztetni. Nagyon \u00f6r\u00fcl\u00fcnk, hogy a magyar di\u00e1kok nem ilyenek!<\/p>\n<div class=\"pvc_clear\"><\/div><p id=\"pvc_stats_1997\" class=\"pvc_stats all  \" data-element-id=\"1997\" style=\"\"><i class=\"pvc-stats-icon medium\" aria-hidden=\"true\"><svg aria-hidden=\"true\" focusable=\"false\" data-prefix=\"far\" data-icon=\"chart-bar\" role=\"img\" xmlns=\"http:\/\/www.w3.org\/2000\/svg\" viewBox=\"0 0 512 512\" class=\"svg-inline--fa fa-chart-bar fa-w-16 fa-2x\"><path fill=\"currentColor\" d=\"M396.8 352h22.4c6.4 0 12.8-6.4 12.8-12.8V108.8c0-6.4-6.4-12.8-12.8-12.8h-22.4c-6.4 0-12.8 6.4-12.8 12.8v230.4c0 6.4 6.4 12.8 12.8 12.8zm-192 0h22.4c6.4 0 12.8-6.4 12.8-12.8V140.8c0-6.4-6.4-12.8-12.8-12.8h-22.4c-6.4 0-12.8 6.4-12.8 12.8v198.4c0 6.4 6.4 12.8 12.8 12.8zm96 0h22.4c6.4 0 12.8-6.4 12.8-12.8V204.8c0-6.4-6.4-12.8-12.8-12.8h-22.4c-6.4 0-12.8 6.4-12.8 12.8v134.4c0 6.4 6.4 12.8 12.8 12.8zM496 400H48V80c0-8.84-7.16-16-16-16H16C7.16 64 0 71.16 0 80v336c0 17.67 14.33 32 32 32h464c8.84 0 16-7.16 16-16v-16c0-8.84-7.16-16-16-16zm-387.2-48h22.4c6.4 0 12.8-6.4 12.8-12.8v-70.4c0-6.4-6.4-12.8-12.8-12.8h-22.4c-6.4 0-12.8 6.4-12.8 12.8v70.4c0 6.4 6.4 12.8 12.8 12.8z\" class=\"\"><\/path><\/svg><\/i> <img loading=\"lazy\" decoding=\"async\" width=\"16\" height=\"16\" alt=\"Loading\" src=\"https:\/\/besi.hu\/wp-content\/plugins\/page-views-count\/ajax-loader-2x.gif\" border=0 \/><\/p><div class=\"pvc_clear\"><\/div>","protected":false},"excerpt":{"rendered":"<p>Dr. Patty \u00e9s \u00e9n t\u00f6bb mint h\u00fasz \u00e9ve tan\u00edtunk k\u00fcl\u00f6nb\u00f6z\u0151 orsz\u00e1gokban. Abban egyet\u00e9rt\u00fcnk, hogy, az elm\u00falt h\u00e1rom \u00e9vben a kisv\u00e1rdai oktat\u00e1s volt a legjobb munkatapasztalatunk az Egyes\u00fclt \u00c1llamokon k\u00edv\u00fcl. Sz\u00e1mtalan t\u00f6rt\u00e9net\u00fcnk van arr\u00f3l, hogy minden \u00faj feladat \u2018egy \u00fajabb jokert rejt a pakliban\u2019. Mindig t\u00f6rt\u00e9nt valami, amire nem sz\u00e1m\u00edtottunk \u00e9s&#8230;<\/p>\n<div class=\"pvc_clear\"><\/div>\n<p id=\"pvc_stats_1997\" class=\"pvc_stats all  \" data-element-id=\"1997\" style=\"\"><i class=\"pvc-stats-icon medium\" aria-hidden=\"true\"><svg aria-hidden=\"true\" focusable=\"false\" data-prefix=\"far\" data-icon=\"chart-bar\" role=\"img\" xmlns=\"http:\/\/www.w3.org\/2000\/svg\" viewBox=\"0 0 512 512\" class=\"svg-inline--fa fa-chart-bar fa-w-16 fa-2x\"><path fill=\"currentColor\" d=\"M396.8 352h22.4c6.4 0 12.8-6.4 12.8-12.8V108.8c0-6.4-6.4-12.8-12.8-12.8h-22.4c-6.4 0-12.8 6.4-12.8 12.8v230.4c0 6.4 6.4 12.8 12.8 12.8zm-192 0h22.4c6.4 0 12.8-6.4 12.8-12.8V140.8c0-6.4-6.4-12.8-12.8-12.8h-22.4c-6.4 0-12.8 6.4-12.8 12.8v198.4c0 6.4 6.4 12.8 12.8 12.8zm96 0h22.4c6.4 0 12.8-6.4 12.8-12.8V204.8c0-6.4-6.4-12.8-12.8-12.8h-22.4c-6.4 0-12.8 6.4-12.8 12.8v134.4c0 6.4 6.4 12.8 12.8 12.8zM496 400H48V80c0-8.84-7.16-16-16-16H16C7.16 64 0 71.16 0 80v336c0 17.67 14.33 32 32 32h464c8.84 0 16-7.16 16-16v-16c0-8.84-7.16-16-16-16zm-387.2-48h22.4c6.4 0 12.8-6.4 12.8-12.8v-70.4c0-6.4-6.4-12.8-12.8-12.8h-22.4c-6.4 0-12.8 6.4-12.8 12.8v70.4c0 6.4 6.4 12.8 12.8 12.8z\" class=\"\"><\/path><\/svg><\/i> <img loading=\"lazy\" decoding=\"async\" width=\"16\" height=\"16\" alt=\"Loading\" src=\"https:\/\/besi.hu\/wp-content\/plugins\/page-views-count\/ajax-loader-2x.gif\" border=0 \/><\/p>\n<div class=\"pvc_clear\"><\/div>\n","protected":false},"author":1,"featured_media":0,"parent":0,"menu_order":0,"comment_status":"closed","ping_status":"closed","template":"","meta":{"footnotes":""},"class_list":["post-1997","page","type-page","status-publish","hentry"],"aioseo_notices":[],"a3_pvc":{"activated":true,"total_views":268,"today_views":0},"_links":{"self":[{"href":"https:\/\/besi.hu\/index.php?rest_route=\/wp\/v2\/pages\/1997","targetHints":{"allow":["GET"]}}],"collection":[{"href":"https:\/\/besi.hu\/index.php?rest_route=\/wp\/v2\/pages"}],"about":[{"href":"https:\/\/besi.hu\/index.php?rest_route=\/wp\/v2\/types\/page"}],"author":[{"embeddable":true,"href":"https:\/\/besi.hu\/index.php?rest_route=\/wp\/v2\/users\/1"}],"replies":[{"embeddable":true,"href":"https:\/\/besi.hu\/index.php?rest_route=%2Fwp%2Fv2%2Fcomments&post=1997"}],"version-history":[{"count":3,"href":"https:\/\/besi.hu\/index.php?rest_route=\/wp\/v2\/pages\/1997\/revisions"}],"predecessor-version":[{"id":2001,"href":"https:\/\/besi.hu\/index.php?rest_route=\/wp\/v2\/pages\/1997\/revisions\/2001"}],"wp:attachment":[{"href":"https:\/\/besi.hu\/index.php?rest_route=%2Fwp%2Fv2%2Fmedia&parent=1997"}],"curies":[{"name":"wp","href":"https:\/\/api.w.org\/{rel}","templated":true}]}}