{"id":2291,"date":"2022-03-11T12:51:21","date_gmt":"2022-03-11T11:51:21","guid":{"rendered":"https:\/\/besi.hu\/?page_id=2291"},"modified":"2025-03-18T09:19:18","modified_gmt":"2025-03-18T08:19:18","slug":"0001-arany-janos-tehetseggondozo-program","status":"publish","type":"page","link":"https:\/\/besi.hu\/?page_id=2291","title":{"rendered":"0001 &#8211; Arany J\u00e1nos Tehets\u00e9ggondoz\u00f3 Program 2024"},"content":{"rendered":"<p>Felvehet\u0151 l\u00e9tsz\u00e1m 35 f\u0151<\/p>\n<table style=\"height: 1883px;\" width=\"424\">\n<tbody>\n<tr>\n<td width=\"64\">Sorsz\u00e1m<\/td>\n<td width=\"126\">Oktat\u00e1si azonos\u00edt\u00f3<\/td>\n<td width=\"139\">Pontsz\u00e1m<\/td>\n<\/tr>\n<tr>\n<td>1<\/td>\n<td>72766776014<\/td>\n<td>94<\/td>\n<\/tr>\n<tr>\n<td>2<\/td>\n<td>72775804056<\/td>\n<td>90<\/td>\n<\/tr>\n<tr>\n<td>3<\/td>\n<td>72633712673<\/td>\n<td>88<\/td>\n<\/tr>\n<tr>\n<td>4<\/td>\n<td>72624020945<\/td>\n<td>87<\/td>\n<\/tr>\n<tr>\n<td>5<\/td>\n<td>72887362675<\/td>\n<td>82<\/td>\n<\/tr>\n<tr>\n<td>6<\/td>\n<td>72647546823<\/td>\n<td>82<\/td>\n<\/tr>\n<tr>\n<td>7<\/td>\n<td>72708858618<\/td>\n<td>81<\/td>\n<\/tr>\n<tr>\n<td>8<\/td>\n<td>72655454388<\/td>\n<td>80<\/td>\n<\/tr>\n<tr>\n<td>9<\/td>\n<td>73130150999<\/td>\n<td>80<\/td>\n<\/tr>\n<tr>\n<td>10<\/td>\n<td>72789866972<\/td>\n<td>79<\/td>\n<\/tr>\n<tr>\n<td>11<\/td>\n<td>72655464203<\/td>\n<td>78<\/td>\n<\/tr>\n<tr>\n<td>12<\/td>\n<td>72789878795<\/td>\n<td>76<\/td>\n<\/tr>\n<tr>\n<td>13<\/td>\n<td>72728110533<\/td>\n<td>76<\/td>\n<\/tr>\n<tr>\n<td>14<\/td>\n<td>72624024953<\/td>\n<td>75<\/td>\n<\/tr>\n<tr>\n<td>15<\/td>\n<td>72655433824<\/td>\n<td>74<\/td>\n<\/tr>\n<tr>\n<td>16<\/td>\n<td>72747996768<\/td>\n<td>74<\/td>\n<\/tr>\n<tr>\n<td>17<\/td>\n<td>72633713910<\/td>\n<td>73<\/td>\n<\/tr>\n<tr>\n<td>18<\/td>\n<td>72748365271<\/td>\n<td>72<\/td>\n<\/tr>\n<tr>\n<td>19<\/td>\n<td>72668546594<\/td>\n<td>70<\/td>\n<\/tr>\n<tr>\n<td>20<\/td>\n<td>72699271676<\/td>\n<td>69<\/td>\n<\/tr>\n<tr>\n<td>21<\/td>\n<td>72697924595<\/td>\n<td>68<\/td>\n<\/tr>\n<tr>\n<td>22<\/td>\n<td>72633633079<\/td>\n<td>67<\/td>\n<\/tr>\n<tr>\n<td>23<\/td>\n<td>72680030471<\/td>\n<td>66<\/td>\n<\/tr>\n<tr>\n<td>24<\/td>\n<td>72694376100<\/td>\n<td>66<\/td>\n<\/tr>\n<tr>\n<td>25<\/td>\n<td>72782429625<\/td>\n<td>66<\/td>\n<\/tr>\n<tr>\n<td>26<\/td>\n<td>72705267998<\/td>\n<td>65<\/td>\n<\/tr>\n<tr>\n<td>27<\/td>\n<td>72633697263<\/td>\n<td>64<\/td>\n<\/tr>\n<tr>\n<td>28<\/td>\n<td>72674667568<\/td>\n<td>64<\/td>\n<\/tr>\n<tr>\n<td>29<\/td>\n<td>72762413501<\/td>\n<td>63<\/td>\n<\/tr>\n<tr>\n<td>30<\/td>\n<td>72790596421<\/td>\n<td>61<\/td>\n<\/tr>\n<tr>\n<td>31<\/td>\n<td>72731418128<\/td>\n<td>62<\/td>\n<\/tr>\n<tr>\n<td>32<\/td>\n<td>72782378366<\/td>\n<td>62<\/td>\n<\/tr>\n<tr>\n<td>33<\/td>\n<td>72849493976<\/td>\n<td>62<\/td>\n<\/tr>\n<tr>\n<td>34<\/td>\n<td>72733638013<\/td>\n<td>61<\/td>\n<\/tr>\n<tr>\n<td>35<\/td>\n<td>72695735516<\/td>\n<td>61<\/td>\n<\/tr>\n<tr>\n<td>36<\/td>\n<td>72791446320<\/td>\n<td>61<\/td>\n<\/tr>\n<tr>\n<td>37<\/td>\n<td>72709248417<\/td>\n<td>61<\/td>\n<\/tr>\n<tr>\n<td>38<\/td>\n<td>72795935645<\/td>\n<td>58<\/td>\n<\/tr>\n<tr>\n<td>39<\/td>\n<td>72680707239<\/td>\n<td>58<\/td>\n<\/tr>\n<tr>\n<td>40<\/td>\n<td>72994890105<\/td>\n<td>57<\/td>\n<\/tr>\n<tr>\n<td>41<\/td>\n<td>72679470458<\/td>\n<td>57<\/td>\n<\/tr>\n<tr>\n<td>42<\/td>\n<td>72743894581<\/td>\n<td>57<\/td>\n<\/tr>\n<tr>\n<td>43<\/td>\n<td>72787944612<\/td>\n<td>57<\/td>\n<\/tr>\n<tr>\n<td>44<\/td>\n<td>72753751410<\/td>\n<td>56<\/td>\n<\/tr>\n<tr>\n<td>45<\/td>\n<td>72745917952<\/td>\n<td>55<\/td>\n<\/tr>\n<tr>\n<td>46<\/td>\n<td>72753409760<\/td>\n<td>55<\/td>\n<\/tr>\n<tr>\n<td>47<\/td>\n<td>72776009859<\/td>\n<td>55<\/td>\n<\/tr>\n<tr>\n<td>48<\/td>\n<td>72791398199<\/td>\n<td>56<\/td>\n<\/tr>\n<tr>\n<td>49<\/td>\n<td>72713052003<\/td>\n<td>54<\/td>\n<\/tr>\n<tr>\n<td>50<\/td>\n<td>72762136626<\/td>\n<td>52<\/td>\n<\/tr>\n<tr>\n<td>51<\/td>\n<td>72669713605<\/td>\n<td>52<\/td>\n<\/tr>\n<tr>\n<td>52<\/td>\n<td>72790806091<\/td>\n<td>51<\/td>\n<\/tr>\n<tr>\n<td>53<\/td>\n<td>72720626712<\/td>\n<td>48<\/td>\n<\/tr>\n<tr>\n<td>54<\/td>\n<td>72721334392<\/td>\n<td>48<\/td>\n<\/tr>\n<tr>\n<td>55<\/td>\n<td>72712153075<\/td>\n<td>47<\/td>\n<\/tr>\n<tr>\n<td>56<\/td>\n<td>72734792591<\/td>\n<td>44<\/td>\n<\/tr>\n<tr>\n<td>57<\/td>\n<td>72659996946<\/td>\n<td>44<\/td>\n<\/tr>\n<tr>\n<td>58<\/td>\n<td>72633635387<\/td>\n<td>42<\/td>\n<\/tr>\n<tr>\n<td>59<\/td>\n<td>72728267934<\/td>\n<td>34<\/td>\n<\/tr>\n<tr>\n<td>E<\/td>\n<td>72712712422<\/td>\n<td>0<\/td>\n<\/tr>\n<tr>\n<td>E<\/td>\n<td>72770975883<\/td>\n<td>0<\/td>\n<\/tr>\n<tr>\n<td>E<\/td>\n<td>72747551719<\/td>\n<td>0<\/td>\n<\/tr>\n<tr>\n<td>E<\/td>\n<td>73440707286<\/td>\n<td>0<\/td>\n<\/tr>\n<tr>\n<td>E<\/td>\n<td>72860020099<\/td>\n<td>0<\/td>\n<\/tr>\n<tr>\n<td>E<\/td>\n<td>72624095937<\/td>\n<td>0<\/td>\n<\/tr>\n<tr>\n<td>E<\/td>\n<td>72656411400<\/td>\n<td>0<\/td>\n<\/tr>\n<tr>\n<td>E<\/td>\n<td>72772193036<\/td>\n<td>0<\/td>\n<\/tr>\n<tr>\n<td>E<\/td>\n<td>72772218144<\/td>\n<td>0<\/td>\n<\/tr>\n<tr>\n<td>E<\/td>\n<td>72647461403<\/td>\n<td>0<\/td>\n<\/tr>\n<\/tbody>\n<\/table>\n<div class=\"pvc_clear\"><\/div>\n<p id=\"pvc_stats_2291\" class=\"pvc_stats all  \" data-element-id=\"2291\" style=\"\"><i class=\"pvc-stats-icon medium\" aria-hidden=\"true\"><svg aria-hidden=\"true\" focusable=\"false\" data-prefix=\"far\" data-icon=\"chart-bar\" role=\"img\" xmlns=\"http:\/\/www.w3.org\/2000\/svg\" viewBox=\"0 0 512 512\" class=\"svg-inline--fa fa-chart-bar fa-w-16 fa-2x\"><path fill=\"currentColor\" d=\"M396.8 352h22.4c6.4 0 12.8-6.4 12.8-12.8V108.8c0-6.4-6.4-12.8-12.8-12.8h-22.4c-6.4 0-12.8 6.4-12.8 12.8v230.4c0 6.4 6.4 12.8 12.8 12.8zm-192 0h22.4c6.4 0 12.8-6.4 12.8-12.8V140.8c0-6.4-6.4-12.8-12.8-12.8h-22.4c-6.4 0-12.8 6.4-12.8 12.8v198.4c0 6.4 6.4 12.8 12.8 12.8zm96 0h22.4c6.4 0 12.8-6.4 12.8-12.8V204.8c0-6.4-6.4-12.8-12.8-12.8h-22.4c-6.4 0-12.8 6.4-12.8 12.8v134.4c0 6.4 6.4 12.8 12.8 12.8zM496 400H48V80c0-8.84-7.16-16-16-16H16C7.16 64 0 71.16 0 80v336c0 17.67 14.33 32 32 32h464c8.84 0 16-7.16 16-16v-16c0-8.84-7.16-16-16-16zm-387.2-48h22.4c6.4 0 12.8-6.4 12.8-12.8v-70.4c0-6.4-6.4-12.8-12.8-12.8h-22.4c-6.4 0-12.8 6.4-12.8 12.8v70.4c0 6.4 6.4 12.8 12.8 12.8z\" class=\"\"><\/path><\/svg><\/i> <img loading=\"lazy\" decoding=\"async\" width=\"16\" height=\"16\" alt=\"Loading\" src=\"https:\/\/besi.hu\/wp-content\/plugins\/page-views-count\/ajax-loader-2x.gif\" border=0 \/><\/p>\n<div class=\"pvc_clear\"><\/div>\n","protected":false},"excerpt":{"rendered":"<p>Felvehet\u0151 l\u00e9tsz\u00e1m 35 f\u0151 Sorsz\u00e1m Oktat\u00e1si azonos\u00edt\u00f3 Pontsz\u00e1m 1 72766776014 94 2 72775804056 90 3 72633712673 88 4 72624020945 87 5 72887362675 82 6 72647546823 82 7 72708858618 81 8 72655454388 80 9 73130150999 80 10 72789866972 79 11 72655464203 78 12 72789878795 76 13 72728110533 76 14 72624024953 75&#8230;<\/p>\n<div class=\"pvc_clear\"><\/div>\n<p id=\"pvc_stats_2291\" class=\"pvc_stats all  \" data-element-id=\"2291\" style=\"\"><i class=\"pvc-stats-icon medium\" aria-hidden=\"true\"><svg aria-hidden=\"true\" focusable=\"false\" data-prefix=\"far\" data-icon=\"chart-bar\" role=\"img\" xmlns=\"http:\/\/www.w3.org\/2000\/svg\" viewBox=\"0 0 512 512\" class=\"svg-inline--fa fa-chart-bar fa-w-16 fa-2x\"><path fill=\"currentColor\" d=\"M396.8 352h22.4c6.4 0 12.8-6.4 12.8-12.8V108.8c0-6.4-6.4-12.8-12.8-12.8h-22.4c-6.4 0-12.8 6.4-12.8 12.8v230.4c0 6.4 6.4 12.8 12.8 12.8zm-192 0h22.4c6.4 0 12.8-6.4 12.8-12.8V140.8c0-6.4-6.4-12.8-12.8-12.8h-22.4c-6.4 0-12.8 6.4-12.8 12.8v198.4c0 6.4 6.4 12.8 12.8 12.8zm96 0h22.4c6.4 0 12.8-6.4 12.8-12.8V204.8c0-6.4-6.4-12.8-12.8-12.8h-22.4c-6.4 0-12.8 6.4-12.8 12.8v134.4c0 6.4 6.4 12.8 12.8 12.8zM496 400H48V80c0-8.84-7.16-16-16-16H16C7.16 64 0 71.16 0 80v336c0 17.67 14.33 32 32 32h464c8.84 0 16-7.16 16-16v-16c0-8.84-7.16-16-16-16zm-387.2-48h22.4c6.4 0 12.8-6.4 12.8-12.8v-70.4c0-6.4-6.4-12.8-12.8-12.8h-22.4c-6.4 0-12.8 6.4-12.8 12.8v70.4c0 6.4 6.4 12.8 12.8 12.8z\" class=\"\"><\/path><\/svg><\/i> <img loading=\"lazy\" decoding=\"async\" width=\"16\" height=\"16\" alt=\"Loading\" src=\"https:\/\/besi.hu\/wp-content\/plugins\/page-views-count\/ajax-loader-2x.gif\" border=0 \/><\/p>\n<div class=\"pvc_clear\"><\/div>\n","protected":false},"author":1,"featured_media":0,"parent":0,"menu_order":0,"comment_status":"closed","ping_status":"closed","template":"","meta":{"footnotes":""},"class_list":["post-2291","page","type-page","status-publish","hentry"],"aioseo_notices":[],"_links":{"self":[{"href":"https:\/\/besi.hu\/index.php?rest_route=\/wp\/v2\/pages\/2291","targetHints":{"allow":["GET"]}}],"collection":[{"href":"https:\/\/besi.hu\/index.php?rest_route=\/wp\/v2\/pages"}],"about":[{"href":"https:\/\/besi.hu\/index.php?rest_route=\/wp\/v2\/types\/page"}],"author":[{"embeddable":true,"href":"https:\/\/besi.hu\/index.php?rest_route=\/wp\/v2\/users\/1"}],"replies":[{"embeddable":true,"href":"https:\/\/besi.hu\/index.php?rest_route=%2Fwp%2Fv2%2Fcomments&post=2291"}],"version-history":[{"count":7,"href":"https:\/\/besi.hu\/index.php?rest_route=\/wp\/v2\/pages\/2291\/revisions"}],"predecessor-version":[{"id":9425,"href":"https:\/\/besi.hu\/index.php?rest_route=\/wp\/v2\/pages\/2291\/revisions\/9425"}],"wp:attachment":[{"href":"https:\/\/besi.hu\/index.php?rest_route=%2Fwp%2Fv2%2Fmedia&parent=2291"}],"curies":[{"name":"wp","href":"https:\/\/api.w.org\/{rel}","templated":true}]}}