{"id":2298,"date":"2022-03-11T12:56:30","date_gmt":"2022-03-11T11:56:30","guid":{"rendered":"https:\/\/besi.hu\/?page_id=2298"},"modified":"2022-03-17T09:56:47","modified_gmt":"2022-03-17T08:56:47","slug":"0002-kiemelt-idegen-nyelvi-kepzes","status":"publish","type":"page","link":"https:\/\/besi.hu\/?page_id=2298","title":{"rendered":"0002 &#8211; Kiemelt idegen nyelvi k\u00e9pz\u00e9s"},"content":{"rendered":"<p>Felvehet\u0151 l\u00e9tsz\u00e1m 30 f\u0151<\/p>\n<table style=\"height: 2333px;\" width=\"623\">\n<tbody>\n<tr>\n<td width=\"66\">Sorsz\u00e1m<\/td>\n<td width=\"126\">Oktat\u00e1si azonos\u00edt\u00f3<\/td>\n<td width=\"139\">Pontsz\u00e1m<\/td>\n<td width=\"173\">Angol sz\u00f3beli eredm\u00e9nye<\/td>\n<\/tr>\n<tr>\n<td>1<\/td>\n<td>72758868238<\/td>\n<td>178<\/td>\n<td>megfelelt<\/td>\n<\/tr>\n<tr>\n<td>2<\/td>\n<td>72836218919<\/td>\n<td>174<\/td>\n<td>megfelelt<\/td>\n<\/tr>\n<tr>\n<td>3<\/td>\n<td>72709845178<\/td>\n<td>169<\/td>\n<td>megfelelt<\/td>\n<\/tr>\n<tr>\n<td>4<\/td>\n<td>72775990612<\/td>\n<td>164<\/td>\n<td>megfelelt<\/td>\n<\/tr>\n<tr>\n<td>5<\/td>\n<td>72835823766<\/td>\n<td>162<\/td>\n<td>megfelelt<\/td>\n<\/tr>\n<tr>\n<td>6<\/td>\n<td>72744548460<\/td>\n<td>159<\/td>\n<td>megfelelt<\/td>\n<\/tr>\n<tr>\n<td>7<\/td>\n<td>72766820088<\/td>\n<td>155<\/td>\n<td>megfelelt<\/td>\n<\/tr>\n<tr>\n<td>8<\/td>\n<td>72711621860<\/td>\n<td>155<\/td>\n<td>megfelelt<\/td>\n<\/tr>\n<tr>\n<td>9<\/td>\n<td>72775804056<\/td>\n<td>153<\/td>\n<td>megfelelt<\/td>\n<\/tr>\n<tr>\n<td>10<\/td>\n<td>72776096943<\/td>\n<td>152<\/td>\n<td>megfelelt<\/td>\n<\/tr>\n<tr>\n<td>11<\/td>\n<td>72673548482<\/td>\n<td>148<\/td>\n<td>megfelelt<\/td>\n<\/tr>\n<tr>\n<td>12<\/td>\n<td>72781925988<\/td>\n<td>147,5<\/td>\n<td>megfelelt<\/td>\n<\/tr>\n<tr>\n<td>13<\/td>\n<td>72714682215<\/td>\n<td>147<\/td>\n<td>megfelelt<\/td>\n<\/tr>\n<tr>\n<td>14<\/td>\n<td>84327956900<\/td>\n<td>147<\/td>\n<td>megfelelt<\/td>\n<\/tr>\n<tr>\n<td>15<\/td>\n<td>72655476447<\/td>\n<td>147<\/td>\n<td>megfelelt<\/td>\n<\/tr>\n<tr>\n<td>16<\/td>\n<td>72743785596<\/td>\n<td>146<\/td>\n<td>megfelelt<\/td>\n<\/tr>\n<tr>\n<td>17<\/td>\n<td>72790850115<\/td>\n<td>144<\/td>\n<td>megfelelt<\/td>\n<\/tr>\n<tr>\n<td>18<\/td>\n<td>72749635999<\/td>\n<td>142<\/td>\n<td>megfelelt<\/td>\n<\/tr>\n<tr>\n<td>19<\/td>\n<td>72747581781<\/td>\n<td>142<\/td>\n<td>megfelelt<\/td>\n<\/tr>\n<tr>\n<td>20<\/td>\n<td>72762450327<\/td>\n<td>141<\/td>\n<td>megfelelt<\/td>\n<\/tr>\n<tr>\n<td>21<\/td>\n<td>72753276350<\/td>\n<td>140<\/td>\n<td>megfelelt<\/td>\n<\/tr>\n<tr>\n<td>22<\/td>\n<td>72714768893<\/td>\n<td>139,5<\/td>\n<td>megfelelt<\/td>\n<\/tr>\n<tr>\n<td>23<\/td>\n<td>72790687357<\/td>\n<td>139<\/td>\n<td>megfelelt<\/td>\n<\/tr>\n<tr>\n<td>24<\/td>\n<td>72789989702<\/td>\n<td>139<\/td>\n<td>megfelelt<\/td>\n<\/tr>\n<tr>\n<td>25<\/td>\n<td>72785590679<\/td>\n<td>138,5<\/td>\n<td>megfelelt<\/td>\n<\/tr>\n<tr>\n<td>26<\/td>\n<td>73166178601<\/td>\n<td>138<\/td>\n<td>megfelelt<\/td>\n<\/tr>\n<tr>\n<td>27<\/td>\n<td>72835872537<\/td>\n<td>137<\/td>\n<td>megfelelt<\/td>\n<\/tr>\n<tr>\n<td>28<\/td>\n<td>72835817615<\/td>\n<td>136,5<\/td>\n<td>megfelelt<\/td>\n<\/tr>\n<tr>\n<td>29<\/td>\n<td>72790057542<\/td>\n<td>136<\/td>\n<td>megfelelt<\/td>\n<\/tr>\n<tr>\n<td>30<\/td>\n<td>72732057076<\/td>\n<td>135<\/td>\n<td>megfelelt<\/td>\n<\/tr>\n<tr>\n<td>31<\/td>\n<td>72713924877<\/td>\n<td>133,5<\/td>\n<td>megfelelt<\/td>\n<\/tr>\n<tr>\n<td>32<\/td>\n<td>72696575847<\/td>\n<td>133<\/td>\n<td>megfelelt<\/td>\n<\/tr>\n<tr>\n<td>33<\/td>\n<td>72739898501<\/td>\n<td>131<\/td>\n<td>megfelelt<\/td>\n<\/tr>\n<tr>\n<td>34<\/td>\n<td>72770940108<\/td>\n<td>130,5<\/td>\n<td>megfelelt<\/td>\n<\/tr>\n<tr>\n<td>35<\/td>\n<td>72743452810<\/td>\n<td>129,5<\/td>\n<td>megfelelt<\/td>\n<\/tr>\n<tr>\n<td>36<\/td>\n<td>72673816171<\/td>\n<td>129,5<\/td>\n<td>megfelelt<\/td>\n<\/tr>\n<tr>\n<td>37<\/td>\n<td>72790729368<\/td>\n<td>128<\/td>\n<td>megfelelt<\/td>\n<\/tr>\n<tr>\n<td>38<\/td>\n<td>72659993194<\/td>\n<td>127<\/td>\n<td>megfelelt<\/td>\n<\/tr>\n<tr>\n<td>39<\/td>\n<td>72772394740<\/td>\n<td>126<\/td>\n<td>megfelelt<\/td>\n<\/tr>\n<tr>\n<td>40<\/td>\n<td>72790788322<\/td>\n<td>123,5<\/td>\n<td>megfelelt<\/td>\n<\/tr>\n<tr>\n<td>41<\/td>\n<td>72696031845<\/td>\n<td>122<\/td>\n<td>megfelelt<\/td>\n<\/tr>\n<tr>\n<td>42<\/td>\n<td>72748977005<\/td>\n<td>122<\/td>\n<td>megfelelt<\/td>\n<\/tr>\n<tr>\n<td>43<\/td>\n<td>72633649927<\/td>\n<td>120<\/td>\n<td>megfelelt<\/td>\n<\/tr>\n<tr>\n<td>44<\/td>\n<td>72772758835<\/td>\n<td>116,5<\/td>\n<td>megfelelt<\/td>\n<\/tr>\n<tr>\n<td>45<\/td>\n<td>72715336426<\/td>\n<td>116,5<\/td>\n<td>megfelelt<\/td>\n<\/tr>\n<tr>\n<td>46<\/td>\n<td>73601730931<\/td>\n<td>114,5<\/td>\n<td>megfelelt<\/td>\n<\/tr>\n<tr>\n<td>47<\/td>\n<td>72860218322<\/td>\n<td>113<\/td>\n<td>megfelelt<\/td>\n<\/tr>\n<tr>\n<td>48<\/td>\n<td>72781967638<\/td>\n<td>112,5<\/td>\n<td>megfelelt<\/td>\n<\/tr>\n<tr>\n<td>49<\/td>\n<td>72714627939<\/td>\n<td>112<\/td>\n<td>megfelelt<\/td>\n<\/tr>\n<tr>\n<td>50<\/td>\n<td>72735751931<\/td>\n<td>109,5<\/td>\n<td>megfelelt<\/td>\n<\/tr>\n<tr>\n<td>51<\/td>\n<td>72785367141<\/td>\n<td>108,5<\/td>\n<td>megfelelt<\/td>\n<\/tr>\n<tr>\n<td>52<\/td>\n<td>72769137877<\/td>\n<td>103,5<\/td>\n<td>megfelelt<\/td>\n<\/tr>\n<tr>\n<td>53<\/td>\n<td>72787379099<\/td>\n<td>103<\/td>\n<td>megfelelt<\/td>\n<\/tr>\n<tr>\n<td>54<\/td>\n<td>72696873061<\/td>\n<td>103<\/td>\n<td>megfelelt<\/td>\n<\/tr>\n<tr>\n<td>55<\/td>\n<td>72983218184<\/td>\n<td>99,5<\/td>\n<td>megfelelt<\/td>\n<\/tr>\n<tr>\n<td>56<\/td>\n<td>72787944612<\/td>\n<td>96<\/td>\n<td>megfelelt<\/td>\n<\/tr>\n<tr>\n<td>57<\/td>\n<td>72765054506<\/td>\n<td>95<\/td>\n<td>megfelelt<\/td>\n<\/tr>\n<tr>\n<td>58<\/td>\n<td>72748601691<\/td>\n<td>90<\/td>\n<td>megfelelt<\/td>\n<\/tr>\n<tr>\n<td>59<\/td>\n<td>72649212739<\/td>\n<td>80<\/td>\n<td>megfelelt<\/td>\n<\/tr>\n<tr>\n<td>60<\/td>\n<td>72781908735<\/td>\n<td>74,5<\/td>\n<td>megfelelt<\/td>\n<\/tr>\n<tr>\n<td>61<\/td>\n<td>72806455411<\/td>\n<td>65<\/td>\n<td>megfelelt<\/td>\n<\/tr>\n<tr>\n<td>62<\/td>\n<td>72713274914<\/td>\n<td>168<\/td>\n<td>nem felelt meg<\/td>\n<\/tr>\n<tr>\n<td>63<\/td>\n<td>72785469366<\/td>\n<td>165<\/td>\n<td>nem felelt meg<\/td>\n<\/tr>\n<tr>\n<td>64<\/td>\n<td>72624020945<\/td>\n<td>150,5<\/td>\n<td>nem felelt meg<\/td>\n<\/tr>\n<tr>\n<td>65<\/td>\n<td>72713264023<\/td>\n<td>159<\/td>\n<td>nem felelt meg<\/td>\n<\/tr>\n<tr>\n<td>66<\/td>\n<td>72702897815<\/td>\n<td>147<\/td>\n<td>nem felelt meg<\/td>\n<\/tr>\n<tr>\n<td>67<\/td>\n<td>72726350503<\/td>\n<td>138<\/td>\n<td>nem felelt meg<\/td>\n<\/tr>\n<tr>\n<td>68<\/td>\n<td>72789866972<\/td>\n<td>132<\/td>\n<td>nem felelt meg<\/td>\n<\/tr>\n<tr>\n<td>69<\/td>\n<td>72696856122<\/td>\n<td>128,5<\/td>\n<td>nem felelt meg<\/td>\n<\/tr>\n<tr>\n<td>70<\/td>\n<td>72789878795<\/td>\n<td>126<\/td>\n<td>nem felelt meg<\/td>\n<\/tr>\n<tr>\n<td>71<\/td>\n<td>72762532585<\/td>\n<td>123<\/td>\n<td>nem felelt meg<\/td>\n<\/tr>\n<tr>\n<td>72<\/td>\n<td>72624096676<\/td>\n<td>120<\/td>\n<td>nem felelt meg<\/td>\n<\/tr>\n<tr>\n<td>73<\/td>\n<td>72772812911<\/td>\n<td>118<\/td>\n<td>nem felelt meg<\/td>\n<\/tr>\n<tr>\n<td>74<\/td>\n<td>72659999788<\/td>\n<td>115<\/td>\n<td>nem felelt meg<\/td>\n<\/tr>\n<tr>\n<td>75<\/td>\n<td>72633639555<\/td>\n<td>111<\/td>\n<td>nem jelent meg<\/td>\n<\/tr>\n<tr>\n<td>76<\/td>\n<td>72709248417<\/td>\n<td>110<\/td>\n<td>nem felelt meg<\/td>\n<\/tr>\n<tr>\n<td>77<\/td>\n<td>84327956802<\/td>\n<td>109<\/td>\n<td>nem jelent meg<\/td>\n<\/tr>\n<tr>\n<td>78<\/td>\n<td>72656411400<\/td>\n<td>108,5<\/td>\n<td>nem jelent meg<\/td>\n<\/tr>\n<tr>\n<td>79<\/td>\n<td>72772719612<\/td>\n<td>103,5<\/td>\n<td>nem felelt meg<\/td>\n<\/tr>\n<tr>\n<td>80<\/td>\n<td>72776103162<\/td>\n<td>95,5<\/td>\n<td>nem felelt meg<\/td>\n<\/tr>\n<tr>\n<td>81<\/td>\n<td>72835839710<\/td>\n<td>96,5<\/td>\n<td>nem jelent meg<\/td>\n<\/tr>\n<tr>\n<td>82<\/td>\n<td>72708930087<\/td>\n<td>101<\/td>\n<td>nem felelt meg<\/td>\n<\/tr>\n<tr>\n<td>83<\/td>\n<td>72743422811<\/td>\n<td>78<\/td>\n<td>nem jelent meg<\/td>\n<\/tr>\n<tr>\n<td>84<\/td>\n<td>72721334392<\/td>\n<td>76<\/td>\n<td>nem jelent meg<\/td>\n<\/tr>\n<tr>\n<td>85<\/td>\n<td>72633641508<\/td>\n<td>72,5<\/td>\n<td>nem felelt meg<\/td>\n<\/tr>\n<tr>\n<td>86<\/td>\n<td>72743805670<\/td>\n<td>57,5<\/td>\n<td>nem felelt meg<\/td>\n<\/tr>\n<\/tbody>\n<\/table>\n<div class=\"pvc_clear\"><\/div>\n<p id=\"pvc_stats_2298\" class=\"pvc_stats all  \" data-element-id=\"2298\" style=\"\"><i class=\"pvc-stats-icon medium\" aria-hidden=\"true\"><svg aria-hidden=\"true\" focusable=\"false\" data-prefix=\"far\" data-icon=\"chart-bar\" role=\"img\" xmlns=\"http:\/\/www.w3.org\/2000\/svg\" viewBox=\"0 0 512 512\" class=\"svg-inline--fa fa-chart-bar fa-w-16 fa-2x\"><path fill=\"currentColor\" d=\"M396.8 352h22.4c6.4 0 12.8-6.4 12.8-12.8V108.8c0-6.4-6.4-12.8-12.8-12.8h-22.4c-6.4 0-12.8 6.4-12.8 12.8v230.4c0 6.4 6.4 12.8 12.8 12.8zm-192 0h22.4c6.4 0 12.8-6.4 12.8-12.8V140.8c0-6.4-6.4-12.8-12.8-12.8h-22.4c-6.4 0-12.8 6.4-12.8 12.8v198.4c0 6.4 6.4 12.8 12.8 12.8zm96 0h22.4c6.4 0 12.8-6.4 12.8-12.8V204.8c0-6.4-6.4-12.8-12.8-12.8h-22.4c-6.4 0-12.8 6.4-12.8 12.8v134.4c0 6.4 6.4 12.8 12.8 12.8zM496 400H48V80c0-8.84-7.16-16-16-16H16C7.16 64 0 71.16 0 80v336c0 17.67 14.33 32 32 32h464c8.84 0 16-7.16 16-16v-16c0-8.84-7.16-16-16-16zm-387.2-48h22.4c6.4 0 12.8-6.4 12.8-12.8v-70.4c0-6.4-6.4-12.8-12.8-12.8h-22.4c-6.4 0-12.8 6.4-12.8 12.8v70.4c0 6.4 6.4 12.8 12.8 12.8z\" class=\"\"><\/path><\/svg><\/i> <img loading=\"lazy\" decoding=\"async\" width=\"16\" height=\"16\" alt=\"Loading\" src=\"https:\/\/besi.hu\/wp-content\/plugins\/page-views-count\/ajax-loader-2x.gif\" border=0 \/><\/p>\n<div class=\"pvc_clear\"><\/div>\n","protected":false},"excerpt":{"rendered":"<p>Felvehet\u0151 l\u00e9tsz\u00e1m 30 f\u0151 Sorsz\u00e1m Oktat\u00e1si azonos\u00edt\u00f3 Pontsz\u00e1m Angol sz\u00f3beli eredm\u00e9nye 1 72758868238 178 megfelelt 2 72836218919 174 megfelelt 3 72709845178 169 megfelelt 4 72775990612 164 megfelelt 5 72835823766 162 megfelelt 6 72744548460 159 megfelelt 7 72766820088 155 megfelelt 8 72711621860 155 megfelelt 9 72775804056 153 megfelelt 10 72776096943 152&#8230;<\/p>\n<div class=\"pvc_clear\"><\/div>\n<p id=\"pvc_stats_2298\" class=\"pvc_stats all  \" data-element-id=\"2298\" style=\"\"><i class=\"pvc-stats-icon medium\" aria-hidden=\"true\"><svg aria-hidden=\"true\" focusable=\"false\" data-prefix=\"far\" data-icon=\"chart-bar\" role=\"img\" xmlns=\"http:\/\/www.w3.org\/2000\/svg\" viewBox=\"0 0 512 512\" class=\"svg-inline--fa fa-chart-bar fa-w-16 fa-2x\"><path fill=\"currentColor\" d=\"M396.8 352h22.4c6.4 0 12.8-6.4 12.8-12.8V108.8c0-6.4-6.4-12.8-12.8-12.8h-22.4c-6.4 0-12.8 6.4-12.8 12.8v230.4c0 6.4 6.4 12.8 12.8 12.8zm-192 0h22.4c6.4 0 12.8-6.4 12.8-12.8V140.8c0-6.4-6.4-12.8-12.8-12.8h-22.4c-6.4 0-12.8 6.4-12.8 12.8v198.4c0 6.4 6.4 12.8 12.8 12.8zm96 0h22.4c6.4 0 12.8-6.4 12.8-12.8V204.8c0-6.4-6.4-12.8-12.8-12.8h-22.4c-6.4 0-12.8 6.4-12.8 12.8v134.4c0 6.4 6.4 12.8 12.8 12.8zM496 400H48V80c0-8.84-7.16-16-16-16H16C7.16 64 0 71.16 0 80v336c0 17.67 14.33 32 32 32h464c8.84 0 16-7.16 16-16v-16c0-8.84-7.16-16-16-16zm-387.2-48h22.4c6.4 0 12.8-6.4 12.8-12.8v-70.4c0-6.4-6.4-12.8-12.8-12.8h-22.4c-6.4 0-12.8 6.4-12.8 12.8v70.4c0 6.4 6.4 12.8 12.8 12.8z\" class=\"\"><\/path><\/svg><\/i> <img loading=\"lazy\" decoding=\"async\" width=\"16\" height=\"16\" alt=\"Loading\" src=\"https:\/\/besi.hu\/wp-content\/plugins\/page-views-count\/ajax-loader-2x.gif\" border=0 \/><\/p>\n<div class=\"pvc_clear\"><\/div>\n","protected":false},"author":1,"featured_media":0,"parent":0,"menu_order":0,"comment_status":"closed","ping_status":"closed","template":"","meta":{"footnotes":""},"class_list":["post-2298","page","type-page","status-publish","hentry"],"aioseo_notices":[],"_links":{"self":[{"href":"https:\/\/besi.hu\/index.php?rest_route=\/wp\/v2\/pages\/2298","targetHints":{"allow":["GET"]}}],"collection":[{"href":"https:\/\/besi.hu\/index.php?rest_route=\/wp\/v2\/pages"}],"about":[{"href":"https:\/\/besi.hu\/index.php?rest_route=\/wp\/v2\/types\/page"}],"author":[{"embeddable":true,"href":"https:\/\/besi.hu\/index.php?rest_route=\/wp\/v2\/users\/1"}],"replies":[{"embeddable":true,"href":"https:\/\/besi.hu\/index.php?rest_route=%2Fwp%2Fv2%2Fcomments&post=2298"}],"version-history":[{"count":2,"href":"https:\/\/besi.hu\/index.php?rest_route=\/wp\/v2\/pages\/2298\/revisions"}],"predecessor-version":[{"id":2328,"href":"https:\/\/besi.hu\/index.php?rest_route=\/wp\/v2\/pages\/2298\/revisions\/2328"}],"wp:attachment":[{"href":"https:\/\/besi.hu\/index.php?rest_route=%2Fwp%2Fv2%2Fmedia&parent=2298"}],"curies":[{"name":"wp","href":"https:\/\/api.w.org\/{rel}","templated":true}]}}