{"id":2301,"date":"2022-03-11T12:58:34","date_gmt":"2022-03-11T11:58:34","guid":{"rendered":"https:\/\/besi.hu\/?page_id=2301"},"modified":"2022-03-17T09:57:39","modified_gmt":"2022-03-17T08:57:39","slug":"0003-altalanos-human-iranyultsag","status":"publish","type":"page","link":"https:\/\/besi.hu\/?page_id=2301","title":{"rendered":"0003 &#8211; \u00c1ltal\u00e1nos hum\u00e1n ir\u00e1nyults\u00e1g"},"content":{"rendered":"<p>Felvehet\u0151 l\u00e9tsz\u00e1m 15 f\u0151<\/p>\n<table style=\"height: 3000px;\" width=\"346\">\n<tbody>\n<tr>\n<td width=\"58\">Sorsz\u00e1m<\/td>\n<td width=\"126\">Oktat\u00e1si azonos\u00edt\u00f3<\/td>\n<td width=\"64\">\u00d6sszesen<\/td>\n<\/tr>\n<tr>\n<td>1<\/td>\n<td>72836218919<\/td>\n<td>174<\/td>\n<\/tr>\n<tr>\n<td>2<\/td>\n<td>72782438698<\/td>\n<td>168<\/td>\n<\/tr>\n<tr>\n<td>3<\/td>\n<td>72782497320<\/td>\n<td>164<\/td>\n<\/tr>\n<tr>\n<td>4<\/td>\n<td>72674396142<\/td>\n<td>163<\/td>\n<\/tr>\n<tr>\n<td>5<\/td>\n<td>72787959150<\/td>\n<td>162<\/td>\n<\/tr>\n<tr>\n<td>6<\/td>\n<td>72655433145<\/td>\n<td>161<\/td>\n<\/tr>\n<tr>\n<td>7<\/td>\n<td>72836219424<\/td>\n<td>161<\/td>\n<\/tr>\n<tr>\n<td>8<\/td>\n<td>72689443300<\/td>\n<td>160<\/td>\n<\/tr>\n<tr>\n<td>9<\/td>\n<td>72773659635<\/td>\n<td>159,5<\/td>\n<\/tr>\n<tr>\n<td>10<\/td>\n<td>72744548460<\/td>\n<td>159<\/td>\n<\/tr>\n<tr>\n<td>11<\/td>\n<td>72720388728<\/td>\n<td>158<\/td>\n<\/tr>\n<tr>\n<td>12<\/td>\n<td>72713983591<\/td>\n<td>158<\/td>\n<\/tr>\n<tr>\n<td>13<\/td>\n<td>72766820088<\/td>\n<td>155<\/td>\n<\/tr>\n<tr>\n<td>14<\/td>\n<td>72711621860<\/td>\n<td>155<\/td>\n<\/tr>\n<tr>\n<td>15<\/td>\n<td>72662103480<\/td>\n<td>155<\/td>\n<\/tr>\n<tr>\n<td>16<\/td>\n<td>72748091284<\/td>\n<td>154<\/td>\n<\/tr>\n<tr>\n<td>17<\/td>\n<td>72633712673<\/td>\n<td>153<\/td>\n<\/tr>\n<tr>\n<td>18<\/td>\n<td>72709435607<\/td>\n<td>153<\/td>\n<\/tr>\n<tr>\n<td>19<\/td>\n<td>72735297595<\/td>\n<td>153<\/td>\n<\/tr>\n<tr>\n<td>20<\/td>\n<td>72709730652<\/td>\n<td>152<\/td>\n<\/tr>\n<tr>\n<td>21<\/td>\n<td>72624020945<\/td>\n<td>150,5<\/td>\n<\/tr>\n<tr>\n<td>22<\/td>\n<td>72790769882<\/td>\n<td>150<\/td>\n<\/tr>\n<tr>\n<td>23<\/td>\n<td>72782319839<\/td>\n<td>149<\/td>\n<\/tr>\n<tr>\n<td>24<\/td>\n<td>72673548482<\/td>\n<td>148<\/td>\n<\/tr>\n<tr>\n<td>25<\/td>\n<td>72743785596<\/td>\n<td>146<\/td>\n<\/tr>\n<tr>\n<td>26<\/td>\n<td>72699707135<\/td>\n<td>146<\/td>\n<\/tr>\n<tr>\n<td>27<\/td>\n<td>72790850115<\/td>\n<td>144<\/td>\n<\/tr>\n<tr>\n<td>28<\/td>\n<td>72762450327<\/td>\n<td>141<\/td>\n<\/tr>\n<tr>\n<td>29<\/td>\n<td>72677256619<\/td>\n<td>141<\/td>\n<\/tr>\n<tr>\n<td>30<\/td>\n<td>72659992384<\/td>\n<td>140<\/td>\n<\/tr>\n<tr>\n<td>31<\/td>\n<td>72789989702<\/td>\n<td>139<\/td>\n<\/tr>\n<tr>\n<td>32<\/td>\n<td>72694274844<\/td>\n<td>138<\/td>\n<\/tr>\n<tr>\n<td>33<\/td>\n<td>72662100827<\/td>\n<td>138<\/td>\n<\/tr>\n<tr>\n<td>34<\/td>\n<td>72743758884<\/td>\n<td>138<\/td>\n<\/tr>\n<tr>\n<td>35<\/td>\n<td>84327957345<\/td>\n<td>138<\/td>\n<\/tr>\n<tr>\n<td>36<\/td>\n<td>72710551959<\/td>\n<td>137,5<\/td>\n<\/tr>\n<tr>\n<td>37<\/td>\n<td>72790057542<\/td>\n<td>136<\/td>\n<\/tr>\n<tr>\n<td>38<\/td>\n<td>72772259174<\/td>\n<td>136<\/td>\n<\/tr>\n<tr>\n<td>39<\/td>\n<td>72743862158<\/td>\n<td>135<\/td>\n<\/tr>\n<tr>\n<td>40<\/td>\n<td>72790720809<\/td>\n<td>135<\/td>\n<\/tr>\n<tr>\n<td>41<\/td>\n<td>72714205724<\/td>\n<td>133,5<\/td>\n<\/tr>\n<tr>\n<td>42<\/td>\n<td>72624024953<\/td>\n<td>133<\/td>\n<\/tr>\n<tr>\n<td>43<\/td>\n<td>72744017986<\/td>\n<td>130<\/td>\n<\/tr>\n<tr>\n<td>44<\/td>\n<td>72743452810<\/td>\n<td>129,5<\/td>\n<\/tr>\n<tr>\n<td>45<\/td>\n<td>72673816171<\/td>\n<td>129,5<\/td>\n<\/tr>\n<tr>\n<td>46<\/td>\n<td>72696856122<\/td>\n<td>128,5<\/td>\n<\/tr>\n<tr>\n<td>47<\/td>\n<td>72790729368<\/td>\n<td>128<\/td>\n<\/tr>\n<tr>\n<td>48<\/td>\n<td>72727585569<\/td>\n<td>127,5<\/td>\n<\/tr>\n<tr>\n<td>49<\/td>\n<td>72659993194<\/td>\n<td>127<\/td>\n<\/tr>\n<tr>\n<td>50<\/td>\n<td>73263239760<\/td>\n<td>126,5<\/td>\n<\/tr>\n<tr>\n<td>51<\/td>\n<td>72715407617<\/td>\n<td>126,5<\/td>\n<\/tr>\n<tr>\n<td>52<\/td>\n<td>72772394740<\/td>\n<td>126<\/td>\n<\/tr>\n<tr>\n<td>53<\/td>\n<td>72784563461<\/td>\n<td>126<\/td>\n<\/tr>\n<tr>\n<td>54<\/td>\n<td>72781895047<\/td>\n<td>125,5<\/td>\n<\/tr>\n<tr>\n<td>55<\/td>\n<td>72744776626<\/td>\n<td>124,5<\/td>\n<\/tr>\n<tr>\n<td>56<\/td>\n<td>72671491729<\/td>\n<td>124<\/td>\n<\/tr>\n<tr>\n<td>57<\/td>\n<td>73166232359<\/td>\n<td>124<\/td>\n<\/tr>\n<tr>\n<td>58<\/td>\n<td>72790788322<\/td>\n<td>123,5<\/td>\n<\/tr>\n<tr>\n<td>59<\/td>\n<td>72696031845<\/td>\n<td>122<\/td>\n<\/tr>\n<tr>\n<td>60<\/td>\n<td>72633636070<\/td>\n<td>121<\/td>\n<\/tr>\n<tr>\n<td>61<\/td>\n<td>72790760297<\/td>\n<td>120,5<\/td>\n<\/tr>\n<tr>\n<td>62<\/td>\n<td>72731249562<\/td>\n<td>120,5<\/td>\n<\/tr>\n<tr>\n<td>63<\/td>\n<td>72659995401<\/td>\n<td>120<\/td>\n<\/tr>\n<tr>\n<td>64<\/td>\n<td>72655435426<\/td>\n<td>120<\/td>\n<\/tr>\n<tr>\n<td>65<\/td>\n<td>72772812911<\/td>\n<td>118<\/td>\n<\/tr>\n<tr>\n<td>66<\/td>\n<td>72748225539<\/td>\n<td>118<\/td>\n<\/tr>\n<tr>\n<td>67<\/td>\n<td>72782526763<\/td>\n<td>117,5<\/td>\n<\/tr>\n<tr>\n<td>68<\/td>\n<td>72772758835<\/td>\n<td>116,5<\/td>\n<\/tr>\n<tr>\n<td>69<\/td>\n<td>72748071586<\/td>\n<td>116<\/td>\n<\/tr>\n<tr>\n<td>70<\/td>\n<td>72783076332<\/td>\n<td>115<\/td>\n<\/tr>\n<tr>\n<td>71<\/td>\n<td>72790040385<\/td>\n<td>115<\/td>\n<\/tr>\n<tr>\n<td>72<\/td>\n<td>72633640565<\/td>\n<td>114<\/td>\n<\/tr>\n<tr>\n<td>73<\/td>\n<td>72787553843<\/td>\n<td>113,5<\/td>\n<\/tr>\n<tr>\n<td>74<\/td>\n<td>72633639555<\/td>\n<td>111<\/td>\n<\/tr>\n<tr>\n<td>75<\/td>\n<td>72733978006<\/td>\n<td>110,5<\/td>\n<\/tr>\n<tr>\n<td>76<\/td>\n<td>72709248417<\/td>\n<td>110<\/td>\n<\/tr>\n<tr>\n<td>77<\/td>\n<td>72712430783<\/td>\n<td>110<\/td>\n<\/tr>\n<tr>\n<td>78<\/td>\n<td>72775310216<\/td>\n<td>110<\/td>\n<\/tr>\n<tr>\n<td>79<\/td>\n<td>72735751931<\/td>\n<td>109,5<\/td>\n<\/tr>\n<tr>\n<td>80<\/td>\n<td>72782429625<\/td>\n<td>109<\/td>\n<\/tr>\n<tr>\n<td>81<\/td>\n<td>72708644881<\/td>\n<td>108,5<\/td>\n<\/tr>\n<tr>\n<td>82<\/td>\n<td>72757107294<\/td>\n<td>108,5<\/td>\n<\/tr>\n<tr>\n<td>83<\/td>\n<td>72784876054<\/td>\n<td>107<\/td>\n<\/tr>\n<tr>\n<td>84<\/td>\n<td>72708410031<\/td>\n<td>105,5<\/td>\n<\/tr>\n<tr>\n<td>85<\/td>\n<td>72630219969<\/td>\n<td>105<\/td>\n<\/tr>\n<tr>\n<td>86<\/td>\n<td>72731087535<\/td>\n<td>104,5<\/td>\n<\/tr>\n<tr>\n<td>87<\/td>\n<td>72772719612<\/td>\n<td>103,5<\/td>\n<\/tr>\n<tr>\n<td>88<\/td>\n<td>72769137877<\/td>\n<td>103,5<\/td>\n<\/tr>\n<tr>\n<td>89<\/td>\n<td>72787379099<\/td>\n<td>103<\/td>\n<\/tr>\n<tr>\n<td>90<\/td>\n<td>72696873061<\/td>\n<td>103<\/td>\n<\/tr>\n<tr>\n<td>91<\/td>\n<td>72753409760<\/td>\n<td>103<\/td>\n<\/tr>\n<tr>\n<td>92<\/td>\n<td>84327954657<\/td>\n<td>102<\/td>\n<\/tr>\n<tr>\n<td>93<\/td>\n<td>72708930087<\/td>\n<td>101<\/td>\n<\/tr>\n<tr>\n<td>94<\/td>\n<td>72633637793<\/td>\n<td>101<\/td>\n<\/tr>\n<tr>\n<td>95<\/td>\n<td>72735189014<\/td>\n<td>100,5<\/td>\n<\/tr>\n<tr>\n<td>96<\/td>\n<td>72761392013<\/td>\n<td>100,5<\/td>\n<\/tr>\n<tr>\n<td>97<\/td>\n<td>72983218184<\/td>\n<td>99,5<\/td>\n<\/tr>\n<tr>\n<td>98<\/td>\n<td>72787944612<\/td>\n<td>96<\/td>\n<\/tr>\n<tr>\n<td>99<\/td>\n<td>72673791626<\/td>\n<td>96<\/td>\n<\/tr>\n<tr>\n<td>100<\/td>\n<td>72776009859<\/td>\n<td>95,5<\/td>\n<\/tr>\n<tr>\n<td>101<\/td>\n<td>72765054506<\/td>\n<td>95<\/td>\n<\/tr>\n<tr>\n<td>102<\/td>\n<td>72743569170<\/td>\n<td>95<\/td>\n<\/tr>\n<tr>\n<td>103<\/td>\n<td>72655442921<\/td>\n<td>92<\/td>\n<\/tr>\n<tr>\n<td>104<\/td>\n<td>72748601691<\/td>\n<td>90<\/td>\n<\/tr>\n<tr>\n<td>105<\/td>\n<td>72790806091<\/td>\n<td>87<\/td>\n<\/tr>\n<tr>\n<td>106<\/td>\n<td>72644604431<\/td>\n<td>83,5<\/td>\n<\/tr>\n<tr>\n<td>107<\/td>\n<td>72950375029<\/td>\n<td>79<\/td>\n<\/tr>\n<tr>\n<td>108<\/td>\n<td>72734792591<\/td>\n<td>78<\/td>\n<\/tr>\n<tr>\n<td>109<\/td>\n<td>72781908735<\/td>\n<td>74,5<\/td>\n<\/tr>\n<tr>\n<td>110<\/td>\n<td>72708896682<\/td>\n<td>70<\/td>\n<\/tr>\n<tr>\n<td>111<\/td>\n<td>72722935898<\/td>\n<td>69<\/td>\n<\/tr>\n<\/tbody>\n<\/table>\n<div class=\"pvc_clear\"><\/div>\n<p id=\"pvc_stats_2301\" class=\"pvc_stats all  \" data-element-id=\"2301\" style=\"\"><i class=\"pvc-stats-icon medium\" aria-hidden=\"true\"><svg aria-hidden=\"true\" focusable=\"false\" data-prefix=\"far\" data-icon=\"chart-bar\" role=\"img\" xmlns=\"http:\/\/www.w3.org\/2000\/svg\" viewBox=\"0 0 512 512\" class=\"svg-inline--fa fa-chart-bar fa-w-16 fa-2x\"><path fill=\"currentColor\" d=\"M396.8 352h22.4c6.4 0 12.8-6.4 12.8-12.8V108.8c0-6.4-6.4-12.8-12.8-12.8h-22.4c-6.4 0-12.8 6.4-12.8 12.8v230.4c0 6.4 6.4 12.8 12.8 12.8zm-192 0h22.4c6.4 0 12.8-6.4 12.8-12.8V140.8c0-6.4-6.4-12.8-12.8-12.8h-22.4c-6.4 0-12.8 6.4-12.8 12.8v198.4c0 6.4 6.4 12.8 12.8 12.8zm96 0h22.4c6.4 0 12.8-6.4 12.8-12.8V204.8c0-6.4-6.4-12.8-12.8-12.8h-22.4c-6.4 0-12.8 6.4-12.8 12.8v134.4c0 6.4 6.4 12.8 12.8 12.8zM496 400H48V80c0-8.84-7.16-16-16-16H16C7.16 64 0 71.16 0 80v336c0 17.67 14.33 32 32 32h464c8.84 0 16-7.16 16-16v-16c0-8.84-7.16-16-16-16zm-387.2-48h22.4c6.4 0 12.8-6.4 12.8-12.8v-70.4c0-6.4-6.4-12.8-12.8-12.8h-22.4c-6.4 0-12.8 6.4-12.8 12.8v70.4c0 6.4 6.4 12.8 12.8 12.8z\" class=\"\"><\/path><\/svg><\/i> <img loading=\"lazy\" decoding=\"async\" width=\"16\" height=\"16\" alt=\"Loading\" src=\"https:\/\/besi.hu\/wp-content\/plugins\/page-views-count\/ajax-loader-2x.gif\" border=0 \/><\/p>\n<div class=\"pvc_clear\"><\/div>\n","protected":false},"excerpt":{"rendered":"<p>Felvehet\u0151 l\u00e9tsz\u00e1m 15 f\u0151 Sorsz\u00e1m Oktat\u00e1si azonos\u00edt\u00f3 \u00d6sszesen 1 72836218919 174 2 72782438698 168 3 72782497320 164 4 72674396142 163 5 72787959150 162 6 72655433145 161 7 72836219424 161 8 72689443300 160 9 72773659635 159,5 10 72744548460 159 11 72720388728 158 12 72713983591 158 13 72766820088 155 14 72711621860 155&#8230;<\/p>\n<div class=\"pvc_clear\"><\/div>\n<p id=\"pvc_stats_2301\" class=\"pvc_stats all  \" data-element-id=\"2301\" style=\"\"><i class=\"pvc-stats-icon medium\" aria-hidden=\"true\"><svg aria-hidden=\"true\" focusable=\"false\" data-prefix=\"far\" data-icon=\"chart-bar\" role=\"img\" xmlns=\"http:\/\/www.w3.org\/2000\/svg\" viewBox=\"0 0 512 512\" class=\"svg-inline--fa fa-chart-bar fa-w-16 fa-2x\"><path fill=\"currentColor\" d=\"M396.8 352h22.4c6.4 0 12.8-6.4 12.8-12.8V108.8c0-6.4-6.4-12.8-12.8-12.8h-22.4c-6.4 0-12.8 6.4-12.8 12.8v230.4c0 6.4 6.4 12.8 12.8 12.8zm-192 0h22.4c6.4 0 12.8-6.4 12.8-12.8V140.8c0-6.4-6.4-12.8-12.8-12.8h-22.4c-6.4 0-12.8 6.4-12.8 12.8v198.4c0 6.4 6.4 12.8 12.8 12.8zm96 0h22.4c6.4 0 12.8-6.4 12.8-12.8V204.8c0-6.4-6.4-12.8-12.8-12.8h-22.4c-6.4 0-12.8 6.4-12.8 12.8v134.4c0 6.4 6.4 12.8 12.8 12.8zM496 400H48V80c0-8.84-7.16-16-16-16H16C7.16 64 0 71.16 0 80v336c0 17.67 14.33 32 32 32h464c8.84 0 16-7.16 16-16v-16c0-8.84-7.16-16-16-16zm-387.2-48h22.4c6.4 0 12.8-6.4 12.8-12.8v-70.4c0-6.4-6.4-12.8-12.8-12.8h-22.4c-6.4 0-12.8 6.4-12.8 12.8v70.4c0 6.4 6.4 12.8 12.8 12.8z\" class=\"\"><\/path><\/svg><\/i> <img loading=\"lazy\" decoding=\"async\" width=\"16\" height=\"16\" alt=\"Loading\" src=\"https:\/\/besi.hu\/wp-content\/plugins\/page-views-count\/ajax-loader-2x.gif\" border=0 \/><\/p>\n<div class=\"pvc_clear\"><\/div>\n","protected":false},"author":1,"featured_media":0,"parent":0,"menu_order":0,"comment_status":"closed","ping_status":"closed","template":"","meta":{"footnotes":""},"class_list":["post-2301","page","type-page","status-publish","hentry"],"aioseo_notices":[],"_links":{"self":[{"href":"https:\/\/besi.hu\/index.php?rest_route=\/wp\/v2\/pages\/2301","targetHints":{"allow":["GET"]}}],"collection":[{"href":"https:\/\/besi.hu\/index.php?rest_route=\/wp\/v2\/pages"}],"about":[{"href":"https:\/\/besi.hu\/index.php?rest_route=\/wp\/v2\/types\/page"}],"author":[{"embeddable":true,"href":"https:\/\/besi.hu\/index.php?rest_route=\/wp\/v2\/users\/1"}],"replies":[{"embeddable":true,"href":"https:\/\/besi.hu\/index.php?rest_route=%2Fwp%2Fv2%2Fcomments&post=2301"}],"version-history":[{"count":2,"href":"https:\/\/besi.hu\/index.php?rest_route=\/wp\/v2\/pages\/2301\/revisions"}],"predecessor-version":[{"id":2329,"href":"https:\/\/besi.hu\/index.php?rest_route=\/wp\/v2\/pages\/2301\/revisions\/2329"}],"wp:attachment":[{"href":"https:\/\/besi.hu\/index.php?rest_route=%2Fwp%2Fv2%2Fmedia&parent=2301"}],"curies":[{"name":"wp","href":"https:\/\/api.w.org\/{rel}","templated":true}]}}