{"id":2310,"date":"2022-03-11T13:06:37","date_gmt":"2022-03-11T12:06:37","guid":{"rendered":"https:\/\/besi.hu\/?page_id=2310"},"modified":"2022-03-17T10:00:51","modified_gmt":"2022-03-17T09:00:51","slug":"0007-altalanos-tantervu","status":"publish","type":"page","link":"https:\/\/besi.hu\/?page_id=2310","title":{"rendered":"0007 &#8211; \u00c1ltal\u00e1nos tanterv\u0171"},"content":{"rendered":"<p>Felvehet\u0151 l\u00e9tsz\u00e1m 30 f\u0151<\/p>\n<table style=\"height: 5680px;\" width=\"381\">\n<tbody>\n<tr>\n<td width=\"58\">Sorsz\u00e1m<\/td>\n<td width=\"126\">Oktat\u00e1si azonos\u00edt\u00f3<\/td>\n<td width=\"67\">\u00d6sszesen<\/td>\n<\/tr>\n<tr>\n<td>1<\/td>\n<td>72836218919<\/td>\n<td>174<\/td>\n<\/tr>\n<tr>\n<td>2<\/td>\n<td>72624100349<\/td>\n<td>173<\/td>\n<\/tr>\n<tr>\n<td>3<\/td>\n<td>72713274914<\/td>\n<td>168<\/td>\n<\/tr>\n<tr>\n<td>4<\/td>\n<td>72782438698<\/td>\n<td>168<\/td>\n<\/tr>\n<tr>\n<td>5<\/td>\n<td>72785469366<\/td>\n<td>165<\/td>\n<\/tr>\n<tr>\n<td>6<\/td>\n<td>72715003554<\/td>\n<td>165<\/td>\n<\/tr>\n<tr>\n<td>7<\/td>\n<td>72787959150<\/td>\n<td>162<\/td>\n<\/tr>\n<tr>\n<td>8<\/td>\n<td>72750781668<\/td>\n<td>162<\/td>\n<\/tr>\n<tr>\n<td>9<\/td>\n<td>72835849350<\/td>\n<td>162<\/td>\n<\/tr>\n<tr>\n<td>10<\/td>\n<td>72835866271<\/td>\n<td>162<\/td>\n<\/tr>\n<tr>\n<td>11<\/td>\n<td>72835885885<\/td>\n<td>162<\/td>\n<\/tr>\n<tr>\n<td>12<\/td>\n<td>72655433145<\/td>\n<td>161<\/td>\n<\/tr>\n<tr>\n<td>13<\/td>\n<td>72773659635<\/td>\n<td>159,5<\/td>\n<\/tr>\n<tr>\n<td>14<\/td>\n<td>72713264023<\/td>\n<td>159<\/td>\n<\/tr>\n<tr>\n<td>15<\/td>\n<td>72744548460<\/td>\n<td>159<\/td>\n<\/tr>\n<tr>\n<td>16<\/td>\n<td>72720388728<\/td>\n<td>158<\/td>\n<\/tr>\n<tr>\n<td>17<\/td>\n<td>72713983591<\/td>\n<td>158<\/td>\n<\/tr>\n<tr>\n<td>18<\/td>\n<td>72835854889<\/td>\n<td>157<\/td>\n<\/tr>\n<tr>\n<td>19<\/td>\n<td>72728345010<\/td>\n<td>157<\/td>\n<\/tr>\n<tr>\n<td>20<\/td>\n<td>72781979263<\/td>\n<td>156<\/td>\n<\/tr>\n<tr>\n<td>21<\/td>\n<td>72711621860<\/td>\n<td>155<\/td>\n<\/tr>\n<tr>\n<td>22<\/td>\n<td>72766820088<\/td>\n<td>155<\/td>\n<\/tr>\n<tr>\n<td>23<\/td>\n<td>72662103480<\/td>\n<td>155<\/td>\n<\/tr>\n<tr>\n<td>24<\/td>\n<td>72748091284<\/td>\n<td>154<\/td>\n<\/tr>\n<tr>\n<td>25<\/td>\n<td>72634625465<\/td>\n<td>154<\/td>\n<\/tr>\n<tr>\n<td>26<\/td>\n<td>73076688778<\/td>\n<td>153<\/td>\n<\/tr>\n<tr>\n<td>27<\/td>\n<td>72775804056<\/td>\n<td>153<\/td>\n<\/tr>\n<tr>\n<td>28<\/td>\n<td>72633712673<\/td>\n<td>153<\/td>\n<\/tr>\n<tr>\n<td>29<\/td>\n<td>72735297595<\/td>\n<td>153<\/td>\n<\/tr>\n<tr>\n<td>30<\/td>\n<td>72776096943<\/td>\n<td>152<\/td>\n<\/tr>\n<tr>\n<td>31<\/td>\n<td>72709730652<\/td>\n<td>152<\/td>\n<\/tr>\n<tr>\n<td>32<\/td>\n<td>72645913825<\/td>\n<td>152<\/td>\n<\/tr>\n<tr>\n<td>33<\/td>\n<td>72783736961<\/td>\n<td>151,5<\/td>\n<\/tr>\n<tr>\n<td>34<\/td>\n<td>72633638825<\/td>\n<td>151<\/td>\n<\/tr>\n<tr>\n<td>35<\/td>\n<td>72624020945<\/td>\n<td>150,5<\/td>\n<\/tr>\n<tr>\n<td>36<\/td>\n<td>72790769882<\/td>\n<td>150<\/td>\n<\/tr>\n<tr>\n<td>37<\/td>\n<td>72766205258<\/td>\n<td>149<\/td>\n<\/tr>\n<tr>\n<td>38<\/td>\n<td>73768205633<\/td>\n<td>148<\/td>\n<\/tr>\n<tr>\n<td>39<\/td>\n<td>72781925988<\/td>\n<td>147,5<\/td>\n<\/tr>\n<tr>\n<td>40<\/td>\n<td>72655476447<\/td>\n<td>147<\/td>\n<\/tr>\n<tr>\n<td>41<\/td>\n<td>72714682215<\/td>\n<td>147<\/td>\n<\/tr>\n<tr>\n<td>42<\/td>\n<td>84327956900<\/td>\n<td>147<\/td>\n<\/tr>\n<tr>\n<td>43<\/td>\n<td>72702897815<\/td>\n<td>147<\/td>\n<\/tr>\n<tr>\n<td>44<\/td>\n<td>72743785596<\/td>\n<td>146<\/td>\n<\/tr>\n<tr>\n<td>45<\/td>\n<td>72748409474<\/td>\n<td>146<\/td>\n<\/tr>\n<tr>\n<td>46<\/td>\n<td>73130150999<\/td>\n<td>145<\/td>\n<\/tr>\n<tr>\n<td>47<\/td>\n<td>72790850115<\/td>\n<td>144<\/td>\n<\/tr>\n<tr>\n<td>48<\/td>\n<td>72708858618<\/td>\n<td>141,5<\/td>\n<\/tr>\n<tr>\n<td>49<\/td>\n<td>72677256619<\/td>\n<td>141<\/td>\n<\/tr>\n<tr>\n<td>50<\/td>\n<td>72762450327<\/td>\n<td>141<\/td>\n<\/tr>\n<tr>\n<td>51<\/td>\n<td>72804695698<\/td>\n<td>140,5<\/td>\n<\/tr>\n<tr>\n<td>52<\/td>\n<td>72659992384<\/td>\n<td>140<\/td>\n<\/tr>\n<tr>\n<td>53<\/td>\n<td>72753276350<\/td>\n<td>140<\/td>\n<\/tr>\n<tr>\n<td>54<\/td>\n<td>72714768893<\/td>\n<td>139,5<\/td>\n<\/tr>\n<tr>\n<td>55<\/td>\n<td>72789989702<\/td>\n<td>139<\/td>\n<\/tr>\n<tr>\n<td>56<\/td>\n<td>72790119879<\/td>\n<td>138,5<\/td>\n<\/tr>\n<tr>\n<td>57<\/td>\n<td>72785590679<\/td>\n<td>138,5<\/td>\n<\/tr>\n<tr>\n<td>58<\/td>\n<td>72743758884<\/td>\n<td>138<\/td>\n<\/tr>\n<tr>\n<td>59<\/td>\n<td>84327957345<\/td>\n<td>138<\/td>\n<\/tr>\n<tr>\n<td>60<\/td>\n<td>72726350503<\/td>\n<td>138<\/td>\n<\/tr>\n<tr>\n<td>61<\/td>\n<td>73166178601<\/td>\n<td>138<\/td>\n<\/tr>\n<tr>\n<td>62<\/td>\n<td>72694274844<\/td>\n<td>138<\/td>\n<\/tr>\n<tr>\n<td>63<\/td>\n<td>72696361223<\/td>\n<td>138<\/td>\n<\/tr>\n<tr>\n<td>64<\/td>\n<td>72662100827<\/td>\n<td>138<\/td>\n<\/tr>\n<tr>\n<td>65<\/td>\n<td>72710551959<\/td>\n<td>137,5<\/td>\n<\/tr>\n<tr>\n<td>66<\/td>\n<td>72782354560<\/td>\n<td>137<\/td>\n<\/tr>\n<tr>\n<td>67<\/td>\n<td>72835817615<\/td>\n<td>136,5<\/td>\n<\/tr>\n<tr>\n<td>68<\/td>\n<td>72790057542<\/td>\n<td>136<\/td>\n<\/tr>\n<tr>\n<td>69<\/td>\n<td>72790720809<\/td>\n<td>135<\/td>\n<\/tr>\n<tr>\n<td>70<\/td>\n<td>72743862158<\/td>\n<td>135<\/td>\n<\/tr>\n<tr>\n<td>71<\/td>\n<td>72835835471<\/td>\n<td>134,5<\/td>\n<\/tr>\n<tr>\n<td>72<\/td>\n<td>72714205724<\/td>\n<td>133,5<\/td>\n<\/tr>\n<tr>\n<td>73<\/td>\n<td>72713924877<\/td>\n<td>133,5<\/td>\n<\/tr>\n<tr>\n<td>74<\/td>\n<td>72696575847<\/td>\n<td>133<\/td>\n<\/tr>\n<tr>\n<td>75<\/td>\n<td>72748186065<\/td>\n<td>133<\/td>\n<\/tr>\n<tr>\n<td>76<\/td>\n<td>72624024953<\/td>\n<td>133<\/td>\n<\/tr>\n<tr>\n<td>77<\/td>\n<td>72655441782<\/td>\n<td>132<\/td>\n<\/tr>\n<tr>\n<td>78<\/td>\n<td>72789866972<\/td>\n<td>132<\/td>\n<\/tr>\n<tr>\n<td>79<\/td>\n<td>72743972991<\/td>\n<td>131<\/td>\n<\/tr>\n<tr>\n<td>80<\/td>\n<td>72739898501<\/td>\n<td>131<\/td>\n<\/tr>\n<tr>\n<td>81<\/td>\n<td>72633713910<\/td>\n<td>131<\/td>\n<\/tr>\n<tr>\n<td>82<\/td>\n<td>72674613781<\/td>\n<td>130,5<\/td>\n<\/tr>\n<tr>\n<td>83<\/td>\n<td>72770940108<\/td>\n<td>130,5<\/td>\n<\/tr>\n<tr>\n<td>84<\/td>\n<td>72744017986<\/td>\n<td>130<\/td>\n<\/tr>\n<tr>\n<td>85<\/td>\n<td>72706323017<\/td>\n<td>130<\/td>\n<\/tr>\n<tr>\n<td>86<\/td>\n<td>72743452810<\/td>\n<td>129,5<\/td>\n<\/tr>\n<tr>\n<td>87<\/td>\n<td>72673816171<\/td>\n<td>129,5<\/td>\n<\/tr>\n<tr>\n<td>88<\/td>\n<td>72696856122<\/td>\n<td>128,5<\/td>\n<\/tr>\n<tr>\n<td>89<\/td>\n<td>72790729368<\/td>\n<td>128<\/td>\n<\/tr>\n<tr>\n<td>90<\/td>\n<td>72727585569<\/td>\n<td>127,5<\/td>\n<\/tr>\n<tr>\n<td>91<\/td>\n<td>72659993194<\/td>\n<td>127<\/td>\n<\/tr>\n<tr>\n<td>92<\/td>\n<td>72762724913<\/td>\n<td>126,5<\/td>\n<\/tr>\n<tr>\n<td>93<\/td>\n<td>72715407617<\/td>\n<td>126,5<\/td>\n<\/tr>\n<tr>\n<td>94<\/td>\n<td>72772394740<\/td>\n<td>126<\/td>\n<\/tr>\n<tr>\n<td>95<\/td>\n<td>72789878795<\/td>\n<td>126<\/td>\n<\/tr>\n<tr>\n<td>96<\/td>\n<td>72744776626<\/td>\n<td>124,5<\/td>\n<\/tr>\n<tr>\n<td>97<\/td>\n<td>72790788322<\/td>\n<td>123,5<\/td>\n<\/tr>\n<tr>\n<td>98<\/td>\n<td>72762532585<\/td>\n<td>123<\/td>\n<\/tr>\n<tr>\n<td>99<\/td>\n<td>73286989402<\/td>\n<td>122,5<\/td>\n<\/tr>\n<tr>\n<td>100<\/td>\n<td>72696031845<\/td>\n<td>122<\/td>\n<\/tr>\n<tr>\n<td>101<\/td>\n<td>72699271676<\/td>\n<td>122<\/td>\n<\/tr>\n<tr>\n<td>102<\/td>\n<td>72633636070<\/td>\n<td>121<\/td>\n<\/tr>\n<tr>\n<td>103<\/td>\n<td>72642664299<\/td>\n<td>121<\/td>\n<\/tr>\n<tr>\n<td>104<\/td>\n<td>72671635097<\/td>\n<td>121<\/td>\n<\/tr>\n<tr>\n<td>105<\/td>\n<td>72790760297<\/td>\n<td>120,5<\/td>\n<\/tr>\n<tr>\n<td>106<\/td>\n<td>72731249562<\/td>\n<td>120,5<\/td>\n<\/tr>\n<tr>\n<td>107<\/td>\n<td>72857276431<\/td>\n<td>120<\/td>\n<\/tr>\n<tr>\n<td>108<\/td>\n<td>72659995401<\/td>\n<td>120<\/td>\n<\/tr>\n<tr>\n<td>109<\/td>\n<td>72624096676<\/td>\n<td>120<\/td>\n<\/tr>\n<tr>\n<td>110<\/td>\n<td>72633649927<\/td>\n<td>120<\/td>\n<\/tr>\n<tr>\n<td>111<\/td>\n<td>72655435426<\/td>\n<td>120<\/td>\n<\/tr>\n<tr>\n<td>112<\/td>\n<td>72979466669<\/td>\n<td>119,5<\/td>\n<\/tr>\n<tr>\n<td>113<\/td>\n<td>72772812911<\/td>\n<td>118<\/td>\n<\/tr>\n<tr>\n<td>114<\/td>\n<td>72748225539<\/td>\n<td>118<\/td>\n<\/tr>\n<tr>\n<td>115<\/td>\n<td>72727793525<\/td>\n<td>118<\/td>\n<\/tr>\n<tr>\n<td>116<\/td>\n<td>72680668936<\/td>\n<td>117<\/td>\n<\/tr>\n<tr>\n<td>117<\/td>\n<td>72684517608<\/td>\n<td>116<\/td>\n<\/tr>\n<tr>\n<td>118<\/td>\n<td>72748071586<\/td>\n<td>116<\/td>\n<\/tr>\n<tr>\n<td>119<\/td>\n<td>72712266524<\/td>\n<td>116<\/td>\n<\/tr>\n<tr>\n<td>120<\/td>\n<td>72783076332<\/td>\n<td>115<\/td>\n<\/tr>\n<tr>\n<td>121<\/td>\n<td>73601730931<\/td>\n<td>114,5<\/td>\n<\/tr>\n<tr>\n<td>122<\/td>\n<td>72706262207<\/td>\n<td>114<\/td>\n<\/tr>\n<tr>\n<td>123<\/td>\n<td>72633640565<\/td>\n<td>114<\/td>\n<\/tr>\n<tr>\n<td>124<\/td>\n<td>72633637345<\/td>\n<td>113,5<\/td>\n<\/tr>\n<tr>\n<td>125<\/td>\n<td>72860218322<\/td>\n<td>113<\/td>\n<\/tr>\n<tr>\n<td>126<\/td>\n<td>72781967638<\/td>\n<td>112,5<\/td>\n<\/tr>\n<tr>\n<td>127<\/td>\n<td>72694408699<\/td>\n<td>112<\/td>\n<\/tr>\n<tr>\n<td>128<\/td>\n<td>72714627939<\/td>\n<td>112<\/td>\n<\/tr>\n<tr>\n<td>129<\/td>\n<td>72633697263<\/td>\n<td>111,5<\/td>\n<\/tr>\n<tr>\n<td>130<\/td>\n<td>72633639555<\/td>\n<td>111<\/td>\n<\/tr>\n<tr>\n<td>131<\/td>\n<td>72795935645<\/td>\n<td>111<\/td>\n<\/tr>\n<tr>\n<td>132<\/td>\n<td>72733978006<\/td>\n<td>110,5<\/td>\n<\/tr>\n<tr>\n<td>133<\/td>\n<td>72709248417<\/td>\n<td>110<\/td>\n<\/tr>\n<tr>\n<td>134<\/td>\n<td>72712430783<\/td>\n<td>110<\/td>\n<\/tr>\n<tr>\n<td>135<\/td>\n<td>72732520850<\/td>\n<td>110<\/td>\n<\/tr>\n<tr>\n<td>136<\/td>\n<td>72735751931<\/td>\n<td>109,5<\/td>\n<\/tr>\n<tr>\n<td>137<\/td>\n<td>72782429625<\/td>\n<td>109<\/td>\n<\/tr>\n<tr>\n<td>138<\/td>\n<td>73346225610<\/td>\n<td>109<\/td>\n<\/tr>\n<tr>\n<td>139<\/td>\n<td>72742693687<\/td>\n<td>109<\/td>\n<\/tr>\n<tr>\n<td>140<\/td>\n<td>72708644881<\/td>\n<td>108,5<\/td>\n<\/tr>\n<tr>\n<td>141<\/td>\n<td>72785367141<\/td>\n<td>108,5<\/td>\n<\/tr>\n<tr>\n<td>142<\/td>\n<td>72702507974<\/td>\n<td>108,5<\/td>\n<\/tr>\n<tr>\n<td>143<\/td>\n<td>72753751410<\/td>\n<td>108<\/td>\n<\/tr>\n<tr>\n<td>144<\/td>\n<td>72712808167<\/td>\n<td>108<\/td>\n<\/tr>\n<tr>\n<td>145<\/td>\n<td>72776174997<\/td>\n<td>107,5<\/td>\n<\/tr>\n<tr>\n<td>146<\/td>\n<td>72767202321<\/td>\n<td>107<\/td>\n<\/tr>\n<tr>\n<td>147<\/td>\n<td>72727229160<\/td>\n<td>107<\/td>\n<\/tr>\n<tr>\n<td>148<\/td>\n<td>72784876054<\/td>\n<td>107<\/td>\n<\/tr>\n<tr>\n<td>149<\/td>\n<td>72791446320<\/td>\n<td>107<\/td>\n<\/tr>\n<tr>\n<td>150<\/td>\n<td>72671638061<\/td>\n<td>107<\/td>\n<\/tr>\n<tr>\n<td>151<\/td>\n<td>72672301346<\/td>\n<td>106<\/td>\n<\/tr>\n<tr>\n<td>152<\/td>\n<td>72679596502<\/td>\n<td>106<\/td>\n<\/tr>\n<tr>\n<td>153<\/td>\n<td>72708410031<\/td>\n<td>105,5<\/td>\n<\/tr>\n<tr>\n<td>154<\/td>\n<td>72630219969<\/td>\n<td>105<\/td>\n<\/tr>\n<tr>\n<td>155<\/td>\n<td>72696288016<\/td>\n<td>105<\/td>\n<\/tr>\n<tr>\n<td>156<\/td>\n<td>72772719612<\/td>\n<td>103,5<\/td>\n<\/tr>\n<tr>\n<td>157<\/td>\n<td>72769137877<\/td>\n<td>103,5<\/td>\n<\/tr>\n<tr>\n<td>158<\/td>\n<td>72822985373<\/td>\n<td>103<\/td>\n<\/tr>\n<tr>\n<td>159<\/td>\n<td>72787379099<\/td>\n<td>103<\/td>\n<\/tr>\n<tr>\n<td>160<\/td>\n<td>72696873061<\/td>\n<td>103<\/td>\n<\/tr>\n<tr>\n<td>161<\/td>\n<td>72672819894<\/td>\n<td>103<\/td>\n<\/tr>\n<tr>\n<td>162<\/td>\n<td>72717900917<\/td>\n<td>102,5<\/td>\n<\/tr>\n<tr>\n<td>163<\/td>\n<td>72700532717<\/td>\n<td>102<\/td>\n<\/tr>\n<tr>\n<td>164<\/td>\n<td>84327954657<\/td>\n<td>102<\/td>\n<\/tr>\n<tr>\n<td>165<\/td>\n<td>72662099136<\/td>\n<td>102<\/td>\n<\/tr>\n<tr>\n<td>166<\/td>\n<td>72708930087<\/td>\n<td>101<\/td>\n<\/tr>\n<tr>\n<td>167<\/td>\n<td>72882586880<\/td>\n<td>101<\/td>\n<\/tr>\n<tr>\n<td>168<\/td>\n<td>72633637793<\/td>\n<td>101<\/td>\n<\/tr>\n<tr>\n<td>169<\/td>\n<td>72761392013<\/td>\n<td>100,5<\/td>\n<\/tr>\n<tr>\n<td>170<\/td>\n<td>72735189014<\/td>\n<td>100,5<\/td>\n<\/tr>\n<tr>\n<td>171<\/td>\n<td>72994890105<\/td>\n<td>100,5<\/td>\n<\/tr>\n<tr>\n<td>172<\/td>\n<td>72815608556<\/td>\n<td>100<\/td>\n<\/tr>\n<tr>\n<td>173<\/td>\n<td>72733638013<\/td>\n<td>98<\/td>\n<\/tr>\n<tr>\n<td>174<\/td>\n<td>72714116375<\/td>\n<td>97,5<\/td>\n<\/tr>\n<tr>\n<td>175<\/td>\n<td>72787944612<\/td>\n<td>96<\/td>\n<\/tr>\n<tr>\n<td>176<\/td>\n<td>72672951556<\/td>\n<td>96<\/td>\n<\/tr>\n<tr>\n<td>177<\/td>\n<td>72776009859<\/td>\n<td>95,5<\/td>\n<\/tr>\n<tr>\n<td>178<\/td>\n<td>72776103162<\/td>\n<td>95,5<\/td>\n<\/tr>\n<tr>\n<td>179<\/td>\n<td>72835881035<\/td>\n<td>95,5<\/td>\n<\/tr>\n<tr>\n<td>180<\/td>\n<td>72835881859<\/td>\n<td>95<\/td>\n<\/tr>\n<tr>\n<td>181<\/td>\n<td>72835827792<\/td>\n<td>94,5<\/td>\n<\/tr>\n<tr>\n<td>182<\/td>\n<td>72791398199<\/td>\n<td>93,5<\/td>\n<\/tr>\n<tr>\n<td>183<\/td>\n<td>72655442921<\/td>\n<td>92<\/td>\n<\/tr>\n<tr>\n<td>184<\/td>\n<td>72742785386<\/td>\n<td>91,5<\/td>\n<\/tr>\n<tr>\n<td>185<\/td>\n<td>72712153075<\/td>\n<td>90,5<\/td>\n<\/tr>\n<tr>\n<td>186<\/td>\n<td>72748601691<\/td>\n<td>90<\/td>\n<\/tr>\n<tr>\n<td>187<\/td>\n<td>72780131332<\/td>\n<td>88,5<\/td>\n<\/tr>\n<tr>\n<td>188<\/td>\n<td>72717891531<\/td>\n<td>88<\/td>\n<\/tr>\n<tr>\n<td>189<\/td>\n<td>72790806091<\/td>\n<td>87<\/td>\n<\/tr>\n<tr>\n<td>190<\/td>\n<td>72720626712<\/td>\n<td>86,5<\/td>\n<\/tr>\n<tr>\n<td>191<\/td>\n<td>72767553096<\/td>\n<td>84<\/td>\n<\/tr>\n<tr>\n<td>192<\/td>\n<td>72939378294<\/td>\n<td>83,5<\/td>\n<\/tr>\n<tr>\n<td>193<\/td>\n<td>72782453308<\/td>\n<td>83<\/td>\n<\/tr>\n<tr>\n<td>194<\/td>\n<td>73440707286<\/td>\n<td>82<\/td>\n<\/tr>\n<tr>\n<td>195<\/td>\n<td>72776093010<\/td>\n<td>82<\/td>\n<\/tr>\n<tr>\n<td>196<\/td>\n<td>72674439526<\/td>\n<td>81<\/td>\n<\/tr>\n<tr>\n<td>197<\/td>\n<td>72689627335<\/td>\n<td>80,5<\/td>\n<\/tr>\n<tr>\n<td>198<\/td>\n<td>72753025225<\/td>\n<td>79,5<\/td>\n<\/tr>\n<tr>\n<td>199<\/td>\n<td>72734792591<\/td>\n<td>78<\/td>\n<\/tr>\n<tr>\n<td>200<\/td>\n<td>72743422811<\/td>\n<td>78<\/td>\n<\/tr>\n<tr>\n<td>201<\/td>\n<td>72767575899<\/td>\n<td>77,5<\/td>\n<\/tr>\n<tr>\n<td>202<\/td>\n<td>72633635387<\/td>\n<td>76<\/td>\n<\/tr>\n<tr>\n<td>203<\/td>\n<td>72713023271<\/td>\n<td>75,5<\/td>\n<\/tr>\n<tr>\n<td>204<\/td>\n<td>72633641508<\/td>\n<td>72,5<\/td>\n<\/tr>\n<tr>\n<td>205<\/td>\n<td>72637223847<\/td>\n<td>72<\/td>\n<\/tr>\n<tr>\n<td>206<\/td>\n<td>72708896682<\/td>\n<td>70<\/td>\n<\/tr>\n<tr>\n<td>207<\/td>\n<td>72722935898<\/td>\n<td>69<\/td>\n<\/tr>\n<tr>\n<td>208<\/td>\n<td>72655457423<\/td>\n<td>66<\/td>\n<\/tr>\n<tr>\n<td>209<\/td>\n<td>72708631426<\/td>\n<td>65<\/td>\n<\/tr>\n<tr>\n<td>210<\/td>\n<td>72742825964<\/td>\n<td>60<\/td>\n<\/tr>\n<tr>\n<td>211<\/td>\n<td>72743805670<\/td>\n<td>57,5<\/td>\n<\/tr>\n<tr>\n<td>212<\/td>\n<td>72655456829<\/td>\n<td>57,5<\/td>\n<\/tr>\n<\/tbody>\n<\/table>\n<div class=\"pvc_clear\"><\/div>\n<p id=\"pvc_stats_2310\" class=\"pvc_stats all  \" data-element-id=\"2310\" style=\"\"><i class=\"pvc-stats-icon medium\" aria-hidden=\"true\"><svg aria-hidden=\"true\" focusable=\"false\" data-prefix=\"far\" data-icon=\"chart-bar\" role=\"img\" xmlns=\"http:\/\/www.w3.org\/2000\/svg\" viewBox=\"0 0 512 512\" class=\"svg-inline--fa fa-chart-bar fa-w-16 fa-2x\"><path fill=\"currentColor\" d=\"M396.8 352h22.4c6.4 0 12.8-6.4 12.8-12.8V108.8c0-6.4-6.4-12.8-12.8-12.8h-22.4c-6.4 0-12.8 6.4-12.8 12.8v230.4c0 6.4 6.4 12.8 12.8 12.8zm-192 0h22.4c6.4 0 12.8-6.4 12.8-12.8V140.8c0-6.4-6.4-12.8-12.8-12.8h-22.4c-6.4 0-12.8 6.4-12.8 12.8v198.4c0 6.4 6.4 12.8 12.8 12.8zm96 0h22.4c6.4 0 12.8-6.4 12.8-12.8V204.8c0-6.4-6.4-12.8-12.8-12.8h-22.4c-6.4 0-12.8 6.4-12.8 12.8v134.4c0 6.4 6.4 12.8 12.8 12.8zM496 400H48V80c0-8.84-7.16-16-16-16H16C7.16 64 0 71.16 0 80v336c0 17.67 14.33 32 32 32h464c8.84 0 16-7.16 16-16v-16c0-8.84-7.16-16-16-16zm-387.2-48h22.4c6.4 0 12.8-6.4 12.8-12.8v-70.4c0-6.4-6.4-12.8-12.8-12.8h-22.4c-6.4 0-12.8 6.4-12.8 12.8v70.4c0 6.4 6.4 12.8 12.8 12.8z\" class=\"\"><\/path><\/svg><\/i> <img loading=\"lazy\" decoding=\"async\" width=\"16\" height=\"16\" alt=\"Loading\" src=\"https:\/\/besi.hu\/wp-content\/plugins\/page-views-count\/ajax-loader-2x.gif\" border=0 \/><\/p>\n<div class=\"pvc_clear\"><\/div>\n","protected":false},"excerpt":{"rendered":"<p>Felvehet\u0151 l\u00e9tsz\u00e1m 30 f\u0151 Sorsz\u00e1m Oktat\u00e1si azonos\u00edt\u00f3 \u00d6sszesen 1 72836218919 174 2 72624100349 173 3 72713274914 168 4 72782438698 168 5 72785469366 165 6 72715003554 165 7 72787959150 162 8 72750781668 162 9 72835849350 162 10 72835866271 162 11 72835885885 162 12 72655433145 161 13 72773659635 159,5 14 72713264023 159&#8230;<\/p>\n<div class=\"pvc_clear\"><\/div>\n<p id=\"pvc_stats_2310\" class=\"pvc_stats all  \" data-element-id=\"2310\" style=\"\"><i class=\"pvc-stats-icon medium\" aria-hidden=\"true\"><svg aria-hidden=\"true\" focusable=\"false\" data-prefix=\"far\" data-icon=\"chart-bar\" role=\"img\" xmlns=\"http:\/\/www.w3.org\/2000\/svg\" viewBox=\"0 0 512 512\" class=\"svg-inline--fa fa-chart-bar fa-w-16 fa-2x\"><path fill=\"currentColor\" d=\"M396.8 352h22.4c6.4 0 12.8-6.4 12.8-12.8V108.8c0-6.4-6.4-12.8-12.8-12.8h-22.4c-6.4 0-12.8 6.4-12.8 12.8v230.4c0 6.4 6.4 12.8 12.8 12.8zm-192 0h22.4c6.4 0 12.8-6.4 12.8-12.8V140.8c0-6.4-6.4-12.8-12.8-12.8h-22.4c-6.4 0-12.8 6.4-12.8 12.8v198.4c0 6.4 6.4 12.8 12.8 12.8zm96 0h22.4c6.4 0 12.8-6.4 12.8-12.8V204.8c0-6.4-6.4-12.8-12.8-12.8h-22.4c-6.4 0-12.8 6.4-12.8 12.8v134.4c0 6.4 6.4 12.8 12.8 12.8zM496 400H48V80c0-8.84-7.16-16-16-16H16C7.16 64 0 71.16 0 80v336c0 17.67 14.33 32 32 32h464c8.84 0 16-7.16 16-16v-16c0-8.84-7.16-16-16-16zm-387.2-48h22.4c6.4 0 12.8-6.4 12.8-12.8v-70.4c0-6.4-6.4-12.8-12.8-12.8h-22.4c-6.4 0-12.8 6.4-12.8 12.8v70.4c0 6.4 6.4 12.8 12.8 12.8z\" class=\"\"><\/path><\/svg><\/i> <img loading=\"lazy\" decoding=\"async\" width=\"16\" height=\"16\" alt=\"Loading\" src=\"https:\/\/besi.hu\/wp-content\/plugins\/page-views-count\/ajax-loader-2x.gif\" border=0 \/><\/p>\n<div class=\"pvc_clear\"><\/div>\n","protected":false},"author":1,"featured_media":0,"parent":0,"menu_order":0,"comment_status":"closed","ping_status":"closed","template":"","meta":{"footnotes":""},"class_list":["post-2310","page","type-page","status-publish","hentry"],"aioseo_notices":[],"_links":{"self":[{"href":"https:\/\/besi.hu\/index.php?rest_route=\/wp\/v2\/pages\/2310","targetHints":{"allow":["GET"]}}],"collection":[{"href":"https:\/\/besi.hu\/index.php?rest_route=\/wp\/v2\/pages"}],"about":[{"href":"https:\/\/besi.hu\/index.php?rest_route=\/wp\/v2\/types\/page"}],"author":[{"embeddable":true,"href":"https:\/\/besi.hu\/index.php?rest_route=\/wp\/v2\/users\/1"}],"replies":[{"embeddable":true,"href":"https:\/\/besi.hu\/index.php?rest_route=%2Fwp%2Fv2%2Fcomments&post=2310"}],"version-history":[{"count":4,"href":"https:\/\/besi.hu\/index.php?rest_route=\/wp\/v2\/pages\/2310\/revisions"}],"predecessor-version":[{"id":2333,"href":"https:\/\/besi.hu\/index.php?rest_route=\/wp\/v2\/pages\/2310\/revisions\/2333"}],"wp:attachment":[{"href":"https:\/\/besi.hu\/index.php?rest_route=%2Fwp%2Fv2%2Fmedia&parent=2310"}],"curies":[{"name":"wp","href":"https:\/\/api.w.org\/{rel}","templated":true}]}}