{"id":2425,"date":"2023-03-17T08:42:42","date_gmt":"2023-03-17T07:42:42","guid":{"rendered":"https:\/\/besi.hu\/?page_id=2425"},"modified":"2023-03-27T09:24:44","modified_gmt":"2023-03-27T07:24:44","slug":"0001-arany-janos-tehetseggondozo-program-2","status":"publish","type":"page","link":"https:\/\/besi.hu\/?page_id=2425","title":{"rendered":"0001 \u2013 Arany J\u00e1nos Tehets\u00e9ggondoz\u00f3 Program"},"content":{"rendered":"<p>Felvehet\u0151 l\u00e9tsz\u00e1m 34 f\u0151<\/p>\n<p>A tanul\u00f3k sorrendje az AJTP p\u00e1ly\u00e1zatban meghat\u00e1rozottak szerint ker\u00fclt kialak\u00edt\u00e1sra.<\/p>\n<table width=\"236\">\n<tbody>\n<tr>\n<td width=\"113\">Sorsz\u00e1m<\/td>\n<td width=\"123\"><strong>Oktat\u00e1si azonos\u00edt\u00f3<\/strong><\/td>\n<\/tr>\n<tr>\n<td width=\"113\">1<\/td>\n<td width=\"123\">73003234640<\/td>\n<\/tr>\n<tr>\n<td width=\"113\">2<\/td>\n<td width=\"123\">72879462925<\/td>\n<\/tr>\n<tr>\n<td width=\"113\">3<\/td>\n<td width=\"123\">72644000583<\/td>\n<\/tr>\n<tr>\n<td width=\"113\">4<\/td>\n<td width=\"123\">72766024216<\/td>\n<\/tr>\n<tr>\n<td width=\"113\">5<\/td>\n<td width=\"123\">72722022676<\/td>\n<\/tr>\n<tr>\n<td width=\"113\">6<\/td>\n<td width=\"123\">72714590697<\/td>\n<\/tr>\n<tr>\n<td width=\"113\">7<\/td>\n<td width=\"123\">72655483648<\/td>\n<\/tr>\n<tr>\n<td width=\"113\">8<\/td>\n<td width=\"123\">72655480083<\/td>\n<\/tr>\n<tr>\n<td width=\"113\">9<\/td>\n<td width=\"123\">72763069214<\/td>\n<\/tr>\n<tr>\n<td width=\"113\">10<\/td>\n<td width=\"123\">72747511034<\/td>\n<\/tr>\n<tr>\n<td width=\"113\">11<\/td>\n<td width=\"123\">72727938079<\/td>\n<\/tr>\n<tr>\n<td width=\"113\">12<\/td>\n<td width=\"123\">72790610173<\/td>\n<\/tr>\n<tr>\n<td width=\"113\">13<\/td>\n<td width=\"123\">72674470811<\/td>\n<\/tr>\n<tr>\n<td width=\"113\">14<\/td>\n<td width=\"123\">72672912979<\/td>\n<\/tr>\n<tr>\n<td width=\"113\">15<\/td>\n<td width=\"123\">72694347815<\/td>\n<\/tr>\n<tr>\n<td width=\"113\">16<\/td>\n<td width=\"123\">72750838303<\/td>\n<\/tr>\n<tr>\n<td width=\"113\">17<\/td>\n<td width=\"123\">72655411818<\/td>\n<\/tr>\n<tr>\n<td width=\"113\">18<\/td>\n<td width=\"123\">72754140526<\/td>\n<\/tr>\n<tr>\n<td width=\"113\">19<\/td>\n<td width=\"123\">72746618054<\/td>\n<\/tr>\n<tr>\n<td width=\"113\">20<\/td>\n<td width=\"123\">72655408474<\/td>\n<\/tr>\n<tr>\n<td width=\"113\">21<\/td>\n<td width=\"123\">73430716737<\/td>\n<\/tr>\n<tr>\n<td width=\"113\">22<\/td>\n<td width=\"123\">72703689343<\/td>\n<\/tr>\n<tr>\n<td width=\"113\">23<\/td>\n<td width=\"123\">72712339667<\/td>\n<\/tr>\n<tr>\n<td width=\"113\">24<\/td>\n<td width=\"123\">73178412672<\/td>\n<\/tr>\n<tr>\n<td width=\"113\">25<\/td>\n<td width=\"123\">72674897423<\/td>\n<\/tr>\n<tr>\n<td width=\"113\">26<\/td>\n<td width=\"123\">72672375920<\/td>\n<\/tr>\n<tr>\n<td width=\"113\">27<\/td>\n<td width=\"123\">72750771231<\/td>\n<\/tr>\n<tr>\n<td width=\"113\">28<\/td>\n<td width=\"123\">72758393752<\/td>\n<\/tr>\n<tr>\n<td width=\"113\">29<\/td>\n<td width=\"123\">72779676802<\/td>\n<\/tr>\n<tr>\n<td width=\"113\">30<\/td>\n<td width=\"123\">72683617799<\/td>\n<\/tr>\n<tr>\n<td width=\"113\">31<\/td>\n<td width=\"123\">72719056091<\/td>\n<\/tr>\n<tr>\n<td width=\"113\">32<\/td>\n<td width=\"123\">72781758075<\/td>\n<\/tr>\n<tr>\n<td width=\"113\">33<\/td>\n<td width=\"123\">72699631761<\/td>\n<\/tr>\n<tr>\n<td width=\"113\">34<\/td>\n<td width=\"123\">72707599979<\/td>\n<\/tr>\n<tr>\n<td width=\"113\">35<\/td>\n<td width=\"123\">72672246333<\/td>\n<\/tr>\n<tr>\n<td width=\"113\">36<\/td>\n<td width=\"123\">72655412673<\/td>\n<\/tr>\n<tr>\n<td width=\"113\">37<\/td>\n<td width=\"123\">72620748712<\/td>\n<\/tr>\n<tr>\n<td width=\"113\">38<\/td>\n<td width=\"123\">72620753839<\/td>\n<\/tr>\n<tr>\n<td width=\"113\">39<\/td>\n<td width=\"123\">72694996563<\/td>\n<\/tr>\n<tr>\n<td width=\"113\">40<\/td>\n<td width=\"123\">72807062473<\/td>\n<\/tr>\n<tr>\n<td width=\"113\">41<\/td>\n<td width=\"123\">72746022279<\/td>\n<\/tr>\n<tr>\n<td width=\"113\">42<\/td>\n<td width=\"123\">72673453048<\/td>\n<\/tr>\n<tr>\n<td width=\"113\">43<\/td>\n<td width=\"123\">72790110069<\/td>\n<\/tr>\n<tr>\n<td width=\"113\">44<\/td>\n<td width=\"123\">72674467404<\/td>\n<\/tr>\n<tr>\n<td width=\"113\">45<\/td>\n<td width=\"123\">72753941021<\/td>\n<\/tr>\n<tr>\n<td width=\"113\">46<\/td>\n<td width=\"123\">72768827669<\/td>\n<\/tr>\n<tr>\n<td width=\"113\">47<\/td>\n<td width=\"123\">72888544921<\/td>\n<\/tr>\n<tr>\n<td width=\"113\">48<\/td>\n<td width=\"123\">72710727598<\/td>\n<\/tr>\n<tr>\n<td width=\"113\">49<\/td>\n<td width=\"123\">72753247662<\/td>\n<\/tr>\n<tr>\n<td width=\"113\">50<\/td>\n<td width=\"123\">72766899248<\/td>\n<\/tr>\n<tr>\n<td width=\"113\">51<\/td>\n<td width=\"123\">72707311342<\/td>\n<\/tr>\n<tr>\n<td width=\"113\">52<\/td>\n<td width=\"123\">72633696506<\/td>\n<\/tr>\n<tr>\n<td width=\"113\">53<\/td>\n<td width=\"123\">72716932872<\/td>\n<\/tr>\n<tr>\n<td width=\"113\">54<\/td>\n<td width=\"123\">72922510112<\/td>\n<\/tr>\n<tr>\n<td width=\"113\">55<\/td>\n<td width=\"123\">72753674142<\/td>\n<\/tr>\n<tr>\n<td width=\"113\">56<\/td>\n<td width=\"123\">72743643590<\/td>\n<\/tr>\n<tr>\n<td width=\"113\">57<\/td>\n<td width=\"123\">72747423998<\/td>\n<\/tr>\n<tr>\n<td width=\"113\">58<\/td>\n<td width=\"123\">72713500748<\/td>\n<\/tr>\n<tr>\n<td width=\"113\">59<\/td>\n<td width=\"123\">72937422437<\/td>\n<\/tr>\n<tr>\n<td width=\"113\">60<\/td>\n<td width=\"123\">72704744216<\/td>\n<\/tr>\n<tr>\n<td width=\"113\">61<\/td>\n<td width=\"123\">73003225472<\/td>\n<\/tr>\n<tr>\n<td width=\"113\">62<\/td>\n<td width=\"123\">72651778323<\/td>\n<\/tr>\n<\/tbody>\n<\/table>\n<div class=\"pvc_clear\"><\/div>\n<p id=\"pvc_stats_2425\" class=\"pvc_stats all  \" data-element-id=\"2425\" style=\"\"><i class=\"pvc-stats-icon medium\" aria-hidden=\"true\"><svg aria-hidden=\"true\" focusable=\"false\" data-prefix=\"far\" data-icon=\"chart-bar\" role=\"img\" xmlns=\"http:\/\/www.w3.org\/2000\/svg\" viewBox=\"0 0 512 512\" class=\"svg-inline--fa fa-chart-bar fa-w-16 fa-2x\"><path fill=\"currentColor\" d=\"M396.8 352h22.4c6.4 0 12.8-6.4 12.8-12.8V108.8c0-6.4-6.4-12.8-12.8-12.8h-22.4c-6.4 0-12.8 6.4-12.8 12.8v230.4c0 6.4 6.4 12.8 12.8 12.8zm-192 0h22.4c6.4 0 12.8-6.4 12.8-12.8V140.8c0-6.4-6.4-12.8-12.8-12.8h-22.4c-6.4 0-12.8 6.4-12.8 12.8v198.4c0 6.4 6.4 12.8 12.8 12.8zm96 0h22.4c6.4 0 12.8-6.4 12.8-12.8V204.8c0-6.4-6.4-12.8-12.8-12.8h-22.4c-6.4 0-12.8 6.4-12.8 12.8v134.4c0 6.4 6.4 12.8 12.8 12.8zM496 400H48V80c0-8.84-7.16-16-16-16H16C7.16 64 0 71.16 0 80v336c0 17.67 14.33 32 32 32h464c8.84 0 16-7.16 16-16v-16c0-8.84-7.16-16-16-16zm-387.2-48h22.4c6.4 0 12.8-6.4 12.8-12.8v-70.4c0-6.4-6.4-12.8-12.8-12.8h-22.4c-6.4 0-12.8 6.4-12.8 12.8v70.4c0 6.4 6.4 12.8 12.8 12.8z\" class=\"\"><\/path><\/svg><\/i> <img loading=\"lazy\" decoding=\"async\" width=\"16\" height=\"16\" alt=\"Loading\" src=\"https:\/\/besi.hu\/wp-content\/plugins\/page-views-count\/ajax-loader-2x.gif\" border=0 \/><\/p>\n<div class=\"pvc_clear\"><\/div>\n","protected":false},"excerpt":{"rendered":"<p>Felvehet\u0151 l\u00e9tsz\u00e1m 34 f\u0151 A tanul\u00f3k sorrendje az AJTP p\u00e1ly\u00e1zatban meghat\u00e1rozottak szerint ker\u00fclt kialak\u00edt\u00e1sra. Sorsz\u00e1m Oktat\u00e1si azonos\u00edt\u00f3 1 73003234640 2 72879462925 3 72644000583 4 72766024216 5 72722022676 6 72714590697 7 72655483648 8 72655480083 9 72763069214 10 72747511034 11 72727938079 12 72790610173 13 72674470811 14 72672912979 15 72694347815 16 72750838303 17&#8230;<\/p>\n<div class=\"pvc_clear\"><\/div>\n<p id=\"pvc_stats_2425\" class=\"pvc_stats all  \" data-element-id=\"2425\" style=\"\"><i class=\"pvc-stats-icon medium\" aria-hidden=\"true\"><svg aria-hidden=\"true\" focusable=\"false\" data-prefix=\"far\" data-icon=\"chart-bar\" role=\"img\" xmlns=\"http:\/\/www.w3.org\/2000\/svg\" viewBox=\"0 0 512 512\" class=\"svg-inline--fa fa-chart-bar fa-w-16 fa-2x\"><path fill=\"currentColor\" d=\"M396.8 352h22.4c6.4 0 12.8-6.4 12.8-12.8V108.8c0-6.4-6.4-12.8-12.8-12.8h-22.4c-6.4 0-12.8 6.4-12.8 12.8v230.4c0 6.4 6.4 12.8 12.8 12.8zm-192 0h22.4c6.4 0 12.8-6.4 12.8-12.8V140.8c0-6.4-6.4-12.8-12.8-12.8h-22.4c-6.4 0-12.8 6.4-12.8 12.8v198.4c0 6.4 6.4 12.8 12.8 12.8zm96 0h22.4c6.4 0 12.8-6.4 12.8-12.8V204.8c0-6.4-6.4-12.8-12.8-12.8h-22.4c-6.4 0-12.8 6.4-12.8 12.8v134.4c0 6.4 6.4 12.8 12.8 12.8zM496 400H48V80c0-8.84-7.16-16-16-16H16C7.16 64 0 71.16 0 80v336c0 17.67 14.33 32 32 32h464c8.84 0 16-7.16 16-16v-16c0-8.84-7.16-16-16-16zm-387.2-48h22.4c6.4 0 12.8-6.4 12.8-12.8v-70.4c0-6.4-6.4-12.8-12.8-12.8h-22.4c-6.4 0-12.8 6.4-12.8 12.8v70.4c0 6.4 6.4 12.8 12.8 12.8z\" class=\"\"><\/path><\/svg><\/i> <img loading=\"lazy\" decoding=\"async\" width=\"16\" height=\"16\" alt=\"Loading\" src=\"https:\/\/besi.hu\/wp-content\/plugins\/page-views-count\/ajax-loader-2x.gif\" border=0 \/><\/p>\n<div class=\"pvc_clear\"><\/div>\n","protected":false},"author":1,"featured_media":0,"parent":0,"menu_order":0,"comment_status":"closed","ping_status":"closed","template":"","meta":{"footnotes":""},"class_list":["post-2425","page","type-page","status-publish","hentry"],"aioseo_notices":[],"_links":{"self":[{"href":"https:\/\/besi.hu\/index.php?rest_route=\/wp\/v2\/pages\/2425","targetHints":{"allow":["GET"]}}],"collection":[{"href":"https:\/\/besi.hu\/index.php?rest_route=\/wp\/v2\/pages"}],"about":[{"href":"https:\/\/besi.hu\/index.php?rest_route=\/wp\/v2\/types\/page"}],"author":[{"embeddable":true,"href":"https:\/\/besi.hu\/index.php?rest_route=\/wp\/v2\/users\/1"}],"replies":[{"embeddable":true,"href":"https:\/\/besi.hu\/index.php?rest_route=%2Fwp%2Fv2%2Fcomments&post=2425"}],"version-history":[{"count":3,"href":"https:\/\/besi.hu\/index.php?rest_route=\/wp\/v2\/pages\/2425\/revisions"}],"predecessor-version":[{"id":2464,"href":"https:\/\/besi.hu\/index.php?rest_route=\/wp\/v2\/pages\/2425\/revisions\/2464"}],"wp:attachment":[{"href":"https:\/\/besi.hu\/index.php?rest_route=%2Fwp%2Fv2%2Fmedia&parent=2425"}],"curies":[{"name":"wp","href":"https:\/\/api.w.org\/{rel}","templated":true}]}}