{"id":2428,"date":"2023-03-17T08:50:04","date_gmt":"2023-03-17T07:50:04","guid":{"rendered":"https:\/\/besi.hu\/?page_id=2428"},"modified":"2023-03-27T09:26:18","modified_gmt":"2023-03-27T07:26:18","slug":"0002-kiemelt-angol-nemet-idegen-nyelvi","status":"publish","type":"page","link":"https:\/\/besi.hu\/?page_id=2428","title":{"rendered":"0002 \u2013 Kiemelt angol n\u00e9met idegen nyelvi"},"content":{"rendered":"<p>Felvehet\u0151 l\u00e9tsz\u00e1m 30 f\u0151<\/p>\n<table style=\"height: 2929px;\" width=\"676\">\n<tbody>\n<tr>\n<td width=\"64\">Sorsz\u00e1m<\/td>\n<td width=\"116\">Oktat\u00e1si azonos\u00edt\u00f3<\/td>\n<td width=\"148\">Sz\u00f3beli meghallgat\u00e1s eredm\u00e9nye<\/td>\n<td width=\"60\">\u00d6sszesen<\/td>\n<\/tr>\n<tr>\n<td>1<\/td>\n<td>73052914425<\/td>\n<td>angol sz\u00f3belin megfelelt<\/td>\n<td>166<\/td>\n<\/tr>\n<tr>\n<td>2<\/td>\n<td>72772745597<\/td>\n<td>angol sz\u00f3belin megfelelt<\/td>\n<td>166<\/td>\n<\/tr>\n<tr>\n<td>3<\/td>\n<td>72767486645<\/td>\n<td>angol sz\u00f3belin megfelelt<\/td>\n<td>163<\/td>\n<\/tr>\n<tr>\n<td>4<\/td>\n<td>72793549891<\/td>\n<td>angol c, angol sz\u00f3belin megfelelt<\/td>\n<td>162<\/td>\n<\/tr>\n<tr>\n<td>5<\/td>\n<td>72781306513<\/td>\n<td>angol sz\u00f3belin megfelelt<\/td>\n<td>160<\/td>\n<\/tr>\n<tr>\n<td>6<\/td>\n<td>72759624460<\/td>\n<td>angol sz\u00f3belin megfelelt<\/td>\n<td>156<\/td>\n<\/tr>\n<tr>\n<td>7<\/td>\n<td>72780807406<\/td>\n<td>angol sz\u00f3belin megfelelt<\/td>\n<td>154<\/td>\n<\/tr>\n<tr>\n<td>8<\/td>\n<td>72776189612<\/td>\n<td>angol sz\u00f3belin megfelelt<\/td>\n<td>154<\/td>\n<\/tr>\n<tr>\n<td>9<\/td>\n<td>72713001917<\/td>\n<td>angol sz\u00f3belin megfelelt<\/td>\n<td>151<\/td>\n<\/tr>\n<tr>\n<td>10<\/td>\n<td>72770903525<\/td>\n<td>angol sz\u00f3belin megfelelt<\/td>\n<td>151<\/td>\n<\/tr>\n<tr>\n<td>11<\/td>\n<td>72776260576<\/td>\n<td>angol sz\u00f3belin megfelelt<\/td>\n<td>151<\/td>\n<\/tr>\n<tr>\n<td>12<\/td>\n<td>72781813981<\/td>\n<td>angol sz\u00f3belin megfelelt<\/td>\n<td>150<\/td>\n<\/tr>\n<tr>\n<td>13<\/td>\n<td>72751688550<\/td>\n<td>angol sz\u00f3belin megfelelt<\/td>\n<td>148<\/td>\n<\/tr>\n<tr>\n<td>14<\/td>\n<td>72728236544<\/td>\n<td>angol sz\u00f3belin megfelelt<\/td>\n<td>148<\/td>\n<\/tr>\n<tr>\n<td>15<\/td>\n<td>72780846647<\/td>\n<td>angol sz\u00f3belin megfelelt<\/td>\n<td>148<\/td>\n<\/tr>\n<tr>\n<td>16<\/td>\n<td>72836214580<\/td>\n<td>angol sz\u00f3belin megfelelt<\/td>\n<td>145<\/td>\n<\/tr>\n<tr>\n<td>17<\/td>\n<td>72765377801<\/td>\n<td>angol sz\u00f3belin megfelelt<\/td>\n<td>145<\/td>\n<\/tr>\n<tr>\n<td>18<\/td>\n<td>72721921261<\/td>\n<td>angol sz\u00f3belin megfelelt<\/td>\n<td>144<\/td>\n<\/tr>\n<tr>\n<td>19<\/td>\n<td>72781845199<\/td>\n<td>angol sz\u00f3belin megfelelt<\/td>\n<td>144<\/td>\n<\/tr>\n<tr>\n<td>20<\/td>\n<td>72730106411<\/td>\n<td>angol sz\u00f3belin megfelelt<\/td>\n<td>143<\/td>\n<\/tr>\n<tr>\n<td>21<\/td>\n<td>72712488854<\/td>\n<td>angol sz\u00f3belin megfelelt<\/td>\n<td>143<\/td>\n<\/tr>\n<tr>\n<td>22<\/td>\n<td>72768843813<\/td>\n<td>angol sz\u00f3belin megfelelt<\/td>\n<td>143<\/td>\n<\/tr>\n<tr>\n<td>23<\/td>\n<td>72673953967<\/td>\n<td>angol c, angol sz\u00f3belin megfelelt<\/td>\n<td>143<\/td>\n<\/tr>\n<tr>\n<td>24<\/td>\n<td>72790840226<\/td>\n<td>angol sz\u00f3belin megfelelt<\/td>\n<td>143<\/td>\n<\/tr>\n<tr>\n<td>25<\/td>\n<td>72759086774<\/td>\n<td>angol A, angol sz\u00f3belin megfelelt<\/td>\n<td>142<\/td>\n<\/tr>\n<tr>\n<td>26<\/td>\n<td>72732010768<\/td>\n<td>angol sz\u00f3belin megfelelt<\/td>\n<td>140<\/td>\n<\/tr>\n<tr>\n<td>27<\/td>\n<td>72743481053<\/td>\n<td>angol sz\u00f3belin megfelelt<\/td>\n<td>140<\/td>\n<\/tr>\n<tr>\n<td>28<\/td>\n<td>72634621958<\/td>\n<td>angol sz\u00f3belin megfelelt<\/td>\n<td>139<\/td>\n<\/tr>\n<tr>\n<td>29<\/td>\n<td>72772776118<\/td>\n<td>angol sz\u00f3belin megfelelt<\/td>\n<td>139<\/td>\n<\/tr>\n<tr>\n<td>30<\/td>\n<td>72789840573<\/td>\n<td>angol sz\u00f3belin megfelelt<\/td>\n<td>138<\/td>\n<\/tr>\n<tr>\n<td>31<\/td>\n<td>72790955959<\/td>\n<td>angol sz\u00f3belin megfelelt<\/td>\n<td>138<\/td>\n<\/tr>\n<tr>\n<td>32<\/td>\n<td>72670080362<\/td>\n<td>angol sz\u00f3belin megfelelt<\/td>\n<td>137<\/td>\n<\/tr>\n<tr>\n<td>33<\/td>\n<td>72732551140<\/td>\n<td>angol sz\u00f3belin megfelelt<\/td>\n<td>136<\/td>\n<\/tr>\n<tr>\n<td>34<\/td>\n<td>72723220677<\/td>\n<td>angol sz\u00f3belin megfelelt<\/td>\n<td>135<\/td>\n<\/tr>\n<tr>\n<td>35<\/td>\n<td>72685089201<\/td>\n<td>angol sz\u00f3belin megfelelt<\/td>\n<td>135<\/td>\n<\/tr>\n<tr>\n<td>36<\/td>\n<td>72699373620<\/td>\n<td>angol sz\u00f3belin megfelelt<\/td>\n<td>132<\/td>\n<\/tr>\n<tr>\n<td>37<\/td>\n<td>72776324978<\/td>\n<td>angol sz\u00f3belin megfelelt<\/td>\n<td>132<\/td>\n<\/tr>\n<tr>\n<td>38<\/td>\n<td>72672721761<\/td>\n<td>angol sz\u00f3belin megfelelt<\/td>\n<td>130<\/td>\n<\/tr>\n<tr>\n<td>39<\/td>\n<td>72765306354<\/td>\n<td>angol sz\u00f3belin megfelelt<\/td>\n<td>129<\/td>\n<\/tr>\n<tr>\n<td>40<\/td>\n<td>73002638754<\/td>\n<td>angol sz\u00f3belin megfelelt<\/td>\n<td>125<\/td>\n<\/tr>\n<tr>\n<td>41<\/td>\n<td>72764736815<\/td>\n<td>angol sz\u00f3belin megfelelt<\/td>\n<td>121<\/td>\n<\/tr>\n<tr>\n<td>42<\/td>\n<td>72743520160<\/td>\n<td>angol sz\u00f3belin megfelelt<\/td>\n<td>119<\/td>\n<\/tr>\n<tr>\n<td>43<\/td>\n<td>72672807534<\/td>\n<td>angol sz\u00f3belin megfelelt<\/td>\n<td>118<\/td>\n<\/tr>\n<tr>\n<td>44<\/td>\n<td>72960273120<\/td>\n<td>angol sz\u00f3belin megfelelt<\/td>\n<td>116<\/td>\n<\/tr>\n<tr>\n<td>45<\/td>\n<td>72708606960<\/td>\n<td>angol sz\u00f3belin megfelelt<\/td>\n<td>115<\/td>\n<\/tr>\n<tr>\n<td>46<\/td>\n<td>72788265350<\/td>\n<td>angol sz\u00f3belin megfelelt<\/td>\n<td>110<\/td>\n<\/tr>\n<tr>\n<td>47<\/td>\n<td>72766831170<\/td>\n<td>angol sz\u00f3belin megfelelt<\/td>\n<td>101<\/td>\n<\/tr>\n<tr>\n<td>48<\/td>\n<td>72667474919<\/td>\n<td>angol sz\u00f3belin megfelelt<\/td>\n<td>94<\/td>\n<\/tr>\n<tr>\n<td>49<\/td>\n<td>72781731124<\/td>\n<td>sz\u00f3belin nem jelent meg<\/td>\n<td>176<\/td>\n<\/tr>\n<tr>\n<td>50<\/td>\n<td>72753311923<\/td>\n<td>sz\u00f3belin nem jelent meg<\/td>\n<td>160<\/td>\n<\/tr>\n<tr>\n<td>51<\/td>\n<td>72762308800<\/td>\n<td>sz\u00f3belin nem jelent meg<\/td>\n<td>155<\/td>\n<\/tr>\n<tr>\n<td>52<\/td>\n<td>72655480083<\/td>\n<td>sz\u00f3belin nem jelent meg<\/td>\n<td>148<\/td>\n<\/tr>\n<tr>\n<td>53<\/td>\n<td>72836204388<\/td>\n<td>angol sz\u00f3belin nem felelt meg<\/td>\n<td>140<\/td>\n<\/tr>\n<tr>\n<td>54<\/td>\n<td>72713015171<\/td>\n<td>sz\u00f3belin nem jelent meg<\/td>\n<td>140<\/td>\n<\/tr>\n<tr>\n<td>55<\/td>\n<td>72857122284<\/td>\n<td>sz\u00f3belin nem jelent meg<\/td>\n<td>138<\/td>\n<\/tr>\n<tr>\n<td>56<\/td>\n<td>72836212049<\/td>\n<td>angol sz\u00f3belin nem felelt meg<\/td>\n<td>135<\/td>\n<\/tr>\n<tr>\n<td>57<\/td>\n<td>72836179089<\/td>\n<td>sz\u00f3belin nem jelent meg<\/td>\n<td>132<\/td>\n<\/tr>\n<tr>\n<td>58<\/td>\n<td>72633623626<\/td>\n<td>sz\u00f3belin nem jelent meg<\/td>\n<td>108<\/td>\n<\/tr>\n<tr>\n<td>59<\/td>\n<td>73593131882<\/td>\n<td>angol sz\u00f3belin nem felelt meg<\/td>\n<td>104<\/td>\n<\/tr>\n<tr>\n<td>60<\/td>\n<td>72776166832<\/td>\n<td>sz\u00f3belin nem jelent meg<\/td>\n<td>80<\/td>\n<\/tr>\n<\/tbody>\n<\/table>\n<div class=\"pvc_clear\"><\/div>\n<p id=\"pvc_stats_2428\" class=\"pvc_stats all  \" data-element-id=\"2428\" style=\"\"><i class=\"pvc-stats-icon medium\" aria-hidden=\"true\"><svg aria-hidden=\"true\" focusable=\"false\" data-prefix=\"far\" data-icon=\"chart-bar\" role=\"img\" xmlns=\"http:\/\/www.w3.org\/2000\/svg\" viewBox=\"0 0 512 512\" class=\"svg-inline--fa fa-chart-bar fa-w-16 fa-2x\"><path fill=\"currentColor\" d=\"M396.8 352h22.4c6.4 0 12.8-6.4 12.8-12.8V108.8c0-6.4-6.4-12.8-12.8-12.8h-22.4c-6.4 0-12.8 6.4-12.8 12.8v230.4c0 6.4 6.4 12.8 12.8 12.8zm-192 0h22.4c6.4 0 12.8-6.4 12.8-12.8V140.8c0-6.4-6.4-12.8-12.8-12.8h-22.4c-6.4 0-12.8 6.4-12.8 12.8v198.4c0 6.4 6.4 12.8 12.8 12.8zm96 0h22.4c6.4 0 12.8-6.4 12.8-12.8V204.8c0-6.4-6.4-12.8-12.8-12.8h-22.4c-6.4 0-12.8 6.4-12.8 12.8v134.4c0 6.4 6.4 12.8 12.8 12.8zM496 400H48V80c0-8.84-7.16-16-16-16H16C7.16 64 0 71.16 0 80v336c0 17.67 14.33 32 32 32h464c8.84 0 16-7.16 16-16v-16c0-8.84-7.16-16-16-16zm-387.2-48h22.4c6.4 0 12.8-6.4 12.8-12.8v-70.4c0-6.4-6.4-12.8-12.8-12.8h-22.4c-6.4 0-12.8 6.4-12.8 12.8v70.4c0 6.4 6.4 12.8 12.8 12.8z\" class=\"\"><\/path><\/svg><\/i> <img loading=\"lazy\" decoding=\"async\" width=\"16\" height=\"16\" alt=\"Loading\" src=\"https:\/\/besi.hu\/wp-content\/plugins\/page-views-count\/ajax-loader-2x.gif\" border=0 \/><\/p>\n<div class=\"pvc_clear\"><\/div>\n","protected":false},"excerpt":{"rendered":"<p>Felvehet\u0151 l\u00e9tsz\u00e1m 30 f\u0151 Sorsz\u00e1m Oktat\u00e1si azonos\u00edt\u00f3 Sz\u00f3beli meghallgat\u00e1s eredm\u00e9nye \u00d6sszesen 1 73052914425 angol sz\u00f3belin megfelelt 166 2 72772745597 angol sz\u00f3belin megfelelt 166 3 72767486645 angol sz\u00f3belin megfelelt 163 4 72793549891 angol c, angol sz\u00f3belin megfelelt 162 5 72781306513 angol sz\u00f3belin megfelelt 160 6 72759624460 angol sz\u00f3belin megfelelt 156 7&#8230;<\/p>\n<div class=\"pvc_clear\"><\/div>\n<p id=\"pvc_stats_2428\" class=\"pvc_stats all  \" data-element-id=\"2428\" style=\"\"><i class=\"pvc-stats-icon medium\" aria-hidden=\"true\"><svg aria-hidden=\"true\" focusable=\"false\" data-prefix=\"far\" data-icon=\"chart-bar\" role=\"img\" xmlns=\"http:\/\/www.w3.org\/2000\/svg\" viewBox=\"0 0 512 512\" class=\"svg-inline--fa fa-chart-bar fa-w-16 fa-2x\"><path fill=\"currentColor\" d=\"M396.8 352h22.4c6.4 0 12.8-6.4 12.8-12.8V108.8c0-6.4-6.4-12.8-12.8-12.8h-22.4c-6.4 0-12.8 6.4-12.8 12.8v230.4c0 6.4 6.4 12.8 12.8 12.8zm-192 0h22.4c6.4 0 12.8-6.4 12.8-12.8V140.8c0-6.4-6.4-12.8-12.8-12.8h-22.4c-6.4 0-12.8 6.4-12.8 12.8v198.4c0 6.4 6.4 12.8 12.8 12.8zm96 0h22.4c6.4 0 12.8-6.4 12.8-12.8V204.8c0-6.4-6.4-12.8-12.8-12.8h-22.4c-6.4 0-12.8 6.4-12.8 12.8v134.4c0 6.4 6.4 12.8 12.8 12.8zM496 400H48V80c0-8.84-7.16-16-16-16H16C7.16 64 0 71.16 0 80v336c0 17.67 14.33 32 32 32h464c8.84 0 16-7.16 16-16v-16c0-8.84-7.16-16-16-16zm-387.2-48h22.4c6.4 0 12.8-6.4 12.8-12.8v-70.4c0-6.4-6.4-12.8-12.8-12.8h-22.4c-6.4 0-12.8 6.4-12.8 12.8v70.4c0 6.4 6.4 12.8 12.8 12.8z\" class=\"\"><\/path><\/svg><\/i> <img loading=\"lazy\" decoding=\"async\" width=\"16\" height=\"16\" alt=\"Loading\" src=\"https:\/\/besi.hu\/wp-content\/plugins\/page-views-count\/ajax-loader-2x.gif\" border=0 \/><\/p>\n<div class=\"pvc_clear\"><\/div>\n","protected":false},"author":1,"featured_media":0,"parent":0,"menu_order":0,"comment_status":"closed","ping_status":"closed","template":"","meta":{"footnotes":""},"class_list":["post-2428","page","type-page","status-publish","hentry"],"aioseo_notices":[],"_links":{"self":[{"href":"https:\/\/besi.hu\/index.php?rest_route=\/wp\/v2\/pages\/2428","targetHints":{"allow":["GET"]}}],"collection":[{"href":"https:\/\/besi.hu\/index.php?rest_route=\/wp\/v2\/pages"}],"about":[{"href":"https:\/\/besi.hu\/index.php?rest_route=\/wp\/v2\/types\/page"}],"author":[{"embeddable":true,"href":"https:\/\/besi.hu\/index.php?rest_route=\/wp\/v2\/users\/1"}],"replies":[{"embeddable":true,"href":"https:\/\/besi.hu\/index.php?rest_route=%2Fwp%2Fv2%2Fcomments&post=2428"}],"version-history":[{"count":4,"href":"https:\/\/besi.hu\/index.php?rest_route=\/wp\/v2\/pages\/2428\/revisions"}],"predecessor-version":[{"id":2467,"href":"https:\/\/besi.hu\/index.php?rest_route=\/wp\/v2\/pages\/2428\/revisions\/2467"}],"wp:attachment":[{"href":"https:\/\/besi.hu\/index.php?rest_route=%2Fwp%2Fv2%2Fmedia&parent=2428"}],"curies":[{"name":"wp","href":"https:\/\/api.w.org\/{rel}","templated":true}]}}