{"id":2432,"date":"2023-03-17T08:53:06","date_gmt":"2023-03-17T07:53:06","guid":{"rendered":"https:\/\/besi.hu\/?page_id=2432"},"modified":"2023-03-27T09:31:17","modified_gmt":"2023-03-27T07:31:17","slug":"0003-emelt-szintu-human","status":"publish","type":"page","link":"https:\/\/besi.hu\/?page_id=2432","title":{"rendered":"0003 \u2013 Emelt szint\u0171 hum\u00e1n"},"content":{"rendered":"<p>Felvehet\u0151 l\u00e9tsz\u00e1m 15 f\u0151<\/p>\n<table style=\"height: 3081px;\" width=\"389\">\n<tbody>\n<tr>\n<td width=\"64\">Sorsz\u00e1m<\/td>\n<td width=\"123\">Oktat\u00e1si azonos\u00edt\u00f3<\/td>\n<td width=\"60\">Pontsz\u00e1m<\/td>\n<\/tr>\n<tr>\n<td>1<\/td>\n<td>73003234640<\/td>\n<td>179<\/td>\n<\/tr>\n<tr>\n<td>2<\/td>\n<td>72781731124<\/td>\n<td>176<\/td>\n<\/tr>\n<tr>\n<td>3<\/td>\n<td>72705216890<\/td>\n<td>172<\/td>\n<\/tr>\n<tr>\n<td>4<\/td>\n<td>72624099847<\/td>\n<td>169<\/td>\n<\/tr>\n<tr>\n<td>5<\/td>\n<td>72741594325<\/td>\n<td>168<\/td>\n<\/tr>\n<tr>\n<td>6<\/td>\n<td>72857116071<\/td>\n<td>167<\/td>\n<\/tr>\n<tr>\n<td>7<\/td>\n<td>72776294458<\/td>\n<td>167<\/td>\n<\/tr>\n<tr>\n<td>8<\/td>\n<td>72732753182<\/td>\n<td>164<\/td>\n<\/tr>\n<tr>\n<td>9<\/td>\n<td>72781126177<\/td>\n<td>163<\/td>\n<\/tr>\n<tr>\n<td>10<\/td>\n<td>73003236467<\/td>\n<td>163<\/td>\n<\/tr>\n<tr>\n<td>11<\/td>\n<td>72728996620<\/td>\n<td>163<\/td>\n<\/tr>\n<tr>\n<td>12<\/td>\n<td>72836210302<\/td>\n<td>162<\/td>\n<\/tr>\n<tr>\n<td>13<\/td>\n<td>72753311923<\/td>\n<td>160<\/td>\n<\/tr>\n<tr>\n<td>14<\/td>\n<td>72728078051<\/td>\n<td>160<\/td>\n<\/tr>\n<tr>\n<td>15<\/td>\n<td>72764433002<\/td>\n<td>159<\/td>\n<\/tr>\n<tr>\n<td>16<\/td>\n<td>72759580992<\/td>\n<td>157<\/td>\n<\/tr>\n<tr>\n<td>17<\/td>\n<td>72727932852<\/td>\n<td>156<\/td>\n<\/tr>\n<tr>\n<td>18<\/td>\n<td>72836216567<\/td>\n<td>156<\/td>\n<\/tr>\n<tr>\n<td>19<\/td>\n<td>72759624460<\/td>\n<td>156<\/td>\n<\/tr>\n<tr>\n<td>20<\/td>\n<td>72835815657<\/td>\n<td>155<\/td>\n<\/tr>\n<tr>\n<td>21<\/td>\n<td>72781713574<\/td>\n<td>155<\/td>\n<\/tr>\n<tr>\n<td>22<\/td>\n<td>72780807406<\/td>\n<td>154<\/td>\n<\/tr>\n<tr>\n<td>23<\/td>\n<td>72776189612<\/td>\n<td>154<\/td>\n<\/tr>\n<tr>\n<td>24<\/td>\n<td>72766858174<\/td>\n<td>153<\/td>\n<\/tr>\n<tr>\n<td>25<\/td>\n<td>72768717658<\/td>\n<td>153<\/td>\n<\/tr>\n<tr>\n<td>26<\/td>\n<td>72747353810<\/td>\n<td>152<\/td>\n<\/tr>\n<tr>\n<td>27<\/td>\n<td>73264016545<\/td>\n<td>152<\/td>\n<\/tr>\n<tr>\n<td>28<\/td>\n<td>72765333093<\/td>\n<td>151,5<\/td>\n<\/tr>\n<tr>\n<td>29<\/td>\n<td>72857129561<\/td>\n<td>151<\/td>\n<\/tr>\n<tr>\n<td>30<\/td>\n<td>72668291815<\/td>\n<td>151<\/td>\n<\/tr>\n<tr>\n<td>31<\/td>\n<td>72776260576<\/td>\n<td>150,5<\/td>\n<\/tr>\n<tr>\n<td>32<\/td>\n<td>72655454780<\/td>\n<td>149<\/td>\n<\/tr>\n<tr>\n<td>33<\/td>\n<td>72673306169<\/td>\n<td>149<\/td>\n<\/tr>\n<tr>\n<td>34<\/td>\n<td>72655481160<\/td>\n<td>149<\/td>\n<\/tr>\n<tr>\n<td>35<\/td>\n<td>72836193391<\/td>\n<td>149<\/td>\n<\/tr>\n<tr>\n<td>36<\/td>\n<td>72765187549<\/td>\n<td>148,5<\/td>\n<\/tr>\n<tr>\n<td>37<\/td>\n<td>72751688550<\/td>\n<td>148<\/td>\n<\/tr>\n<tr>\n<td>38<\/td>\n<td>72655480083<\/td>\n<td>148<\/td>\n<\/tr>\n<tr>\n<td>39<\/td>\n<td>72709549018<\/td>\n<td>148<\/td>\n<\/tr>\n<tr>\n<td>40<\/td>\n<td>72780846647<\/td>\n<td>147,5<\/td>\n<\/tr>\n<tr>\n<td>41<\/td>\n<td>72702289650<\/td>\n<td>147<\/td>\n<\/tr>\n<tr>\n<td>42<\/td>\n<td>72764734759<\/td>\n<td>147<\/td>\n<\/tr>\n<tr>\n<td>43<\/td>\n<td>72836207183<\/td>\n<td>147<\/td>\n<\/tr>\n<tr>\n<td>44<\/td>\n<td>72698408893<\/td>\n<td>147<\/td>\n<\/tr>\n<tr>\n<td>45<\/td>\n<td>72712942727<\/td>\n<td>146<\/td>\n<\/tr>\n<tr>\n<td>46<\/td>\n<td>72714319636<\/td>\n<td>145<\/td>\n<\/tr>\n<tr>\n<td>47<\/td>\n<td>72674544844<\/td>\n<td>145<\/td>\n<\/tr>\n<tr>\n<td>48<\/td>\n<td>72857118100<\/td>\n<td>144<\/td>\n<\/tr>\n<tr>\n<td>49<\/td>\n<td>72765362498<\/td>\n<td>144<\/td>\n<\/tr>\n<tr>\n<td>50<\/td>\n<td>72781845199<\/td>\n<td>144<\/td>\n<\/tr>\n<tr>\n<td>51<\/td>\n<td>72684569248<\/td>\n<td>144<\/td>\n<\/tr>\n<tr>\n<td>52<\/td>\n<td>72673953967<\/td>\n<td>143<\/td>\n<\/tr>\n<tr>\n<td>53<\/td>\n<td>72790840226<\/td>\n<td>142,5<\/td>\n<\/tr>\n<tr>\n<td>54<\/td>\n<td>72790009349<\/td>\n<td>141<\/td>\n<\/tr>\n<tr>\n<td>55<\/td>\n<td>72776052063<\/td>\n<td>141<\/td>\n<\/tr>\n<tr>\n<td>56<\/td>\n<td>72655450905<\/td>\n<td>140<\/td>\n<\/tr>\n<tr>\n<td>57<\/td>\n<td>72726949470<\/td>\n<td>140<\/td>\n<\/tr>\n<tr>\n<td>58<\/td>\n<td>72634621958<\/td>\n<td>139<\/td>\n<\/tr>\n<tr>\n<td>59<\/td>\n<td>72857122284<\/td>\n<td>138<\/td>\n<\/tr>\n<tr>\n<td>60<\/td>\n<td>72790955959<\/td>\n<td>138<\/td>\n<\/tr>\n<tr>\n<td>61<\/td>\n<td>72670080362<\/td>\n<td>137<\/td>\n<\/tr>\n<tr>\n<td>62<\/td>\n<td>72655453952<\/td>\n<td>137<\/td>\n<\/tr>\n<tr>\n<td>63<\/td>\n<td>72633630110<\/td>\n<td>136<\/td>\n<\/tr>\n<tr>\n<td>64<\/td>\n<td>72836212049<\/td>\n<td>135<\/td>\n<\/tr>\n<tr>\n<td>65<\/td>\n<td>72836179089<\/td>\n<td>131,5<\/td>\n<\/tr>\n<tr>\n<td>66<\/td>\n<td>72720979006<\/td>\n<td>131<\/td>\n<\/tr>\n<tr>\n<td>67<\/td>\n<td>73178412672<\/td>\n<td>130<\/td>\n<\/tr>\n<tr>\n<td>68<\/td>\n<td>72767535632<\/td>\n<td>129<\/td>\n<\/tr>\n<tr>\n<td>69<\/td>\n<td>72794596869<\/td>\n<td>129<\/td>\n<\/tr>\n<tr>\n<td>70<\/td>\n<td>72661751566<\/td>\n<td>129<\/td>\n<\/tr>\n<tr>\n<td>71<\/td>\n<td>72781286036<\/td>\n<td>128,5<\/td>\n<\/tr>\n<tr>\n<td>72<\/td>\n<td>72765306354<\/td>\n<td>128,5<\/td>\n<\/tr>\n<tr>\n<td>73<\/td>\n<td>72932162907<\/td>\n<td>126,5<\/td>\n<\/tr>\n<tr>\n<td>74<\/td>\n<td>72776150799<\/td>\n<td>126<\/td>\n<\/tr>\n<tr>\n<td>75<\/td>\n<td>72836209689<\/td>\n<td>126<\/td>\n<\/tr>\n<tr>\n<td>76<\/td>\n<td>73002638754<\/td>\n<td>125<\/td>\n<\/tr>\n<tr>\n<td>77<\/td>\n<td>72722461451<\/td>\n<td>125<\/td>\n<\/tr>\n<tr>\n<td>78<\/td>\n<td>72789256697<\/td>\n<td>125<\/td>\n<\/tr>\n<tr>\n<td>79<\/td>\n<td>72711953047<\/td>\n<td>124,5<\/td>\n<\/tr>\n<tr>\n<td>80<\/td>\n<td>72782550384<\/td>\n<td>123<\/td>\n<\/tr>\n<tr>\n<td>81<\/td>\n<td>72655453809<\/td>\n<td>123<\/td>\n<\/tr>\n<tr>\n<td>82<\/td>\n<td>72773728563<\/td>\n<td>123<\/td>\n<\/tr>\n<tr>\n<td>83<\/td>\n<td>72672375920<\/td>\n<td>122,5<\/td>\n<\/tr>\n<tr>\n<td>84<\/td>\n<td>72707599979<\/td>\n<td>121<\/td>\n<\/tr>\n<tr>\n<td>85<\/td>\n<td>72764736815<\/td>\n<td>121<\/td>\n<\/tr>\n<tr>\n<td>86<\/td>\n<td>72790881087<\/td>\n<td>120<\/td>\n<\/tr>\n<tr>\n<td>87<\/td>\n<td>72743520160<\/td>\n<td>118,5<\/td>\n<\/tr>\n<tr>\n<td>88<\/td>\n<td>72690862605<\/td>\n<td>118,5<\/td>\n<\/tr>\n<tr>\n<td>89<\/td>\n<td>72672807534<\/td>\n<td>118<\/td>\n<\/tr>\n<tr>\n<td>90<\/td>\n<td>72786690211<\/td>\n<td>115,5<\/td>\n<\/tr>\n<tr>\n<td>91<\/td>\n<td>72662102868<\/td>\n<td>115,5<\/td>\n<\/tr>\n<tr>\n<td>92<\/td>\n<td>72768737928<\/td>\n<td>115<\/td>\n<\/tr>\n<tr>\n<td>93<\/td>\n<td>72776338454<\/td>\n<td>114,5<\/td>\n<\/tr>\n<tr>\n<td>94<\/td>\n<td>72734044881<\/td>\n<td>114,5<\/td>\n<\/tr>\n<tr>\n<td>95<\/td>\n<td>72807011661<\/td>\n<td>114<\/td>\n<\/tr>\n<tr>\n<td>96<\/td>\n<td>72790110069<\/td>\n<td>114<\/td>\n<\/tr>\n<tr>\n<td>97<\/td>\n<td>72674410439<\/td>\n<td>113,5<\/td>\n<\/tr>\n<tr>\n<td>98<\/td>\n<td>72789815525<\/td>\n<td>112,5<\/td>\n<\/tr>\n<tr>\n<td>99<\/td>\n<td>72699450980<\/td>\n<td>112,5<\/td>\n<\/tr>\n<tr>\n<td>100<\/td>\n<td>72730920138<\/td>\n<td>110<\/td>\n<\/tr>\n<tr>\n<td>101<\/td>\n<td>72690783717<\/td>\n<td>109<\/td>\n<\/tr>\n<tr>\n<td>102<\/td>\n<td>72633623626<\/td>\n<td>108<\/td>\n<\/tr>\n<tr>\n<td>103<\/td>\n<td>72715330155<\/td>\n<td>105,5<\/td>\n<\/tr>\n<tr>\n<td>104<\/td>\n<td>72769198335<\/td>\n<td>104<\/td>\n<\/tr>\n<tr>\n<td>105<\/td>\n<td>72836214938<\/td>\n<td>104<\/td>\n<\/tr>\n<tr>\n<td>106<\/td>\n<td>73593131882<\/td>\n<td>103,5<\/td>\n<\/tr>\n<tr>\n<td>107<\/td>\n<td>72776273037<\/td>\n<td>100,5<\/td>\n<\/tr>\n<tr>\n<td>108<\/td>\n<td>72728867801<\/td>\n<td>97,5<\/td>\n<\/tr>\n<tr>\n<td>109<\/td>\n<td>72793507256<\/td>\n<td>94<\/td>\n<\/tr>\n<tr>\n<td>110<\/td>\n<td>72667474919<\/td>\n<td>93,5<\/td>\n<\/tr>\n<tr>\n<td>111<\/td>\n<td>72633641894<\/td>\n<td>92,5<\/td>\n<\/tr>\n<tr>\n<td>112<\/td>\n<td>72704744216<\/td>\n<td>87,5<\/td>\n<\/tr>\n<tr>\n<td>113<\/td>\n<td>72882792539<\/td>\n<td>85<\/td>\n<\/tr>\n<\/tbody>\n<\/table>\n<div class=\"pvc_clear\"><\/div>\n<p id=\"pvc_stats_2432\" class=\"pvc_stats all  \" data-element-id=\"2432\" style=\"\"><i class=\"pvc-stats-icon medium\" aria-hidden=\"true\"><svg aria-hidden=\"true\" focusable=\"false\" data-prefix=\"far\" data-icon=\"chart-bar\" role=\"img\" xmlns=\"http:\/\/www.w3.org\/2000\/svg\" viewBox=\"0 0 512 512\" class=\"svg-inline--fa fa-chart-bar fa-w-16 fa-2x\"><path fill=\"currentColor\" d=\"M396.8 352h22.4c6.4 0 12.8-6.4 12.8-12.8V108.8c0-6.4-6.4-12.8-12.8-12.8h-22.4c-6.4 0-12.8 6.4-12.8 12.8v230.4c0 6.4 6.4 12.8 12.8 12.8zm-192 0h22.4c6.4 0 12.8-6.4 12.8-12.8V140.8c0-6.4-6.4-12.8-12.8-12.8h-22.4c-6.4 0-12.8 6.4-12.8 12.8v198.4c0 6.4 6.4 12.8 12.8 12.8zm96 0h22.4c6.4 0 12.8-6.4 12.8-12.8V204.8c0-6.4-6.4-12.8-12.8-12.8h-22.4c-6.4 0-12.8 6.4-12.8 12.8v134.4c0 6.4 6.4 12.8 12.8 12.8zM496 400H48V80c0-8.84-7.16-16-16-16H16C7.16 64 0 71.16 0 80v336c0 17.67 14.33 32 32 32h464c8.84 0 16-7.16 16-16v-16c0-8.84-7.16-16-16-16zm-387.2-48h22.4c6.4 0 12.8-6.4 12.8-12.8v-70.4c0-6.4-6.4-12.8-12.8-12.8h-22.4c-6.4 0-12.8 6.4-12.8 12.8v70.4c0 6.4 6.4 12.8 12.8 12.8z\" class=\"\"><\/path><\/svg><\/i> <img loading=\"lazy\" decoding=\"async\" width=\"16\" height=\"16\" alt=\"Loading\" src=\"https:\/\/besi.hu\/wp-content\/plugins\/page-views-count\/ajax-loader-2x.gif\" border=0 \/><\/p>\n<div class=\"pvc_clear\"><\/div>\n","protected":false},"excerpt":{"rendered":"<p>Felvehet\u0151 l\u00e9tsz\u00e1m 15 f\u0151 Sorsz\u00e1m Oktat\u00e1si azonos\u00edt\u00f3 Pontsz\u00e1m 1 73003234640 179 2 72781731124 176 3 72705216890 172 4 72624099847 169 5 72741594325 168 6 72857116071 167 7 72776294458 167 8 72732753182 164 9 72781126177 163 10 73003236467 163 11 72728996620 163 12 72836210302 162 13 72753311923 160 14 72728078051 160&#8230;<\/p>\n<div class=\"pvc_clear\"><\/div>\n<p id=\"pvc_stats_2432\" class=\"pvc_stats all  \" data-element-id=\"2432\" style=\"\"><i class=\"pvc-stats-icon medium\" aria-hidden=\"true\"><svg aria-hidden=\"true\" focusable=\"false\" data-prefix=\"far\" data-icon=\"chart-bar\" role=\"img\" xmlns=\"http:\/\/www.w3.org\/2000\/svg\" viewBox=\"0 0 512 512\" class=\"svg-inline--fa fa-chart-bar fa-w-16 fa-2x\"><path fill=\"currentColor\" d=\"M396.8 352h22.4c6.4 0 12.8-6.4 12.8-12.8V108.8c0-6.4-6.4-12.8-12.8-12.8h-22.4c-6.4 0-12.8 6.4-12.8 12.8v230.4c0 6.4 6.4 12.8 12.8 12.8zm-192 0h22.4c6.4 0 12.8-6.4 12.8-12.8V140.8c0-6.4-6.4-12.8-12.8-12.8h-22.4c-6.4 0-12.8 6.4-12.8 12.8v198.4c0 6.4 6.4 12.8 12.8 12.8zm96 0h22.4c6.4 0 12.8-6.4 12.8-12.8V204.8c0-6.4-6.4-12.8-12.8-12.8h-22.4c-6.4 0-12.8 6.4-12.8 12.8v134.4c0 6.4 6.4 12.8 12.8 12.8zM496 400H48V80c0-8.84-7.16-16-16-16H16C7.16 64 0 71.16 0 80v336c0 17.67 14.33 32 32 32h464c8.84 0 16-7.16 16-16v-16c0-8.84-7.16-16-16-16zm-387.2-48h22.4c6.4 0 12.8-6.4 12.8-12.8v-70.4c0-6.4-6.4-12.8-12.8-12.8h-22.4c-6.4 0-12.8 6.4-12.8 12.8v70.4c0 6.4 6.4 12.8 12.8 12.8z\" class=\"\"><\/path><\/svg><\/i> <img loading=\"lazy\" decoding=\"async\" width=\"16\" height=\"16\" alt=\"Loading\" src=\"https:\/\/besi.hu\/wp-content\/plugins\/page-views-count\/ajax-loader-2x.gif\" border=0 \/><\/p>\n<div class=\"pvc_clear\"><\/div>\n","protected":false},"author":1,"featured_media":0,"parent":0,"menu_order":0,"comment_status":"closed","ping_status":"closed","template":"","meta":{"footnotes":""},"class_list":["post-2432","page","type-page","status-publish","hentry"],"aioseo_notices":[],"_links":{"self":[{"href":"https:\/\/besi.hu\/index.php?rest_route=\/wp\/v2\/pages\/2432","targetHints":{"allow":["GET"]}}],"collection":[{"href":"https:\/\/besi.hu\/index.php?rest_route=\/wp\/v2\/pages"}],"about":[{"href":"https:\/\/besi.hu\/index.php?rest_route=\/wp\/v2\/types\/page"}],"author":[{"embeddable":true,"href":"https:\/\/besi.hu\/index.php?rest_route=\/wp\/v2\/users\/1"}],"replies":[{"embeddable":true,"href":"https:\/\/besi.hu\/index.php?rest_route=%2Fwp%2Fv2%2Fcomments&post=2432"}],"version-history":[{"count":5,"href":"https:\/\/besi.hu\/index.php?rest_route=\/wp\/v2\/pages\/2432\/revisions"}],"predecessor-version":[{"id":2474,"href":"https:\/\/besi.hu\/index.php?rest_route=\/wp\/v2\/pages\/2432\/revisions\/2474"}],"wp:attachment":[{"href":"https:\/\/besi.hu\/index.php?rest_route=%2Fwp%2Fv2%2Fmedia&parent=2432"}],"curies":[{"name":"wp","href":"https:\/\/api.w.org\/{rel}","templated":true}]}}