{"id":2436,"date":"2023-03-17T08:56:22","date_gmt":"2023-03-17T07:56:22","guid":{"rendered":"https:\/\/besi.hu\/?page_id=2436"},"modified":"2023-03-27T09:28:06","modified_gmt":"2023-03-27T07:28:06","slug":"0004-emelt-szintu-angol-nyelvi","status":"publish","type":"page","link":"https:\/\/besi.hu\/?page_id=2436","title":{"rendered":"0004 \u2013 Emelt szint\u0171 angol nyelvi"},"content":{"rendered":"<p>Felvehet\u0151 l\u00e9tsz\u00e1m 15 f\u0151<\/p>\n<table style=\"height: 3116px;\" width=\"531\">\n<tbody>\n<tr>\n<td width=\"64\">Sorsz\u00e1m<\/td>\n<td width=\"116\">Oktat\u00e1si azonos\u00edt\u00f3<\/td>\n<td width=\"195\">Sz\u00f3beli meghallgat\u00e1s eredm\u00e9nye<\/td>\n<td width=\"60\">\u00d6sszesen<\/td>\n<\/tr>\n<tr>\n<td>1<\/td>\n<td>73003234640<\/td>\n<td>angol sz\u00f3belin megfelelt<\/td>\n<td>179<\/td>\n<\/tr>\n<tr>\n<td>2<\/td>\n<td>73052914425<\/td>\n<td>angol sz\u00f3belin megfelelt<\/td>\n<td>166<\/td>\n<\/tr>\n<tr>\n<td>3<\/td>\n<td>72772745597<\/td>\n<td>angol sz\u00f3belin megfelelt<\/td>\n<td>166<\/td>\n<\/tr>\n<tr>\n<td>4<\/td>\n<td>72781126177<\/td>\n<td>angol sz\u00f3belin megfelelt<\/td>\n<td>163<\/td>\n<\/tr>\n<tr>\n<td>5<\/td>\n<td>72793549891<\/td>\n<td>angol c, angol sz\u00f3belin megfelelt<\/td>\n<td>162<\/td>\n<\/tr>\n<tr>\n<td>6<\/td>\n<td>72781306513<\/td>\n<td>angol sz\u00f3belin megfelelt<\/td>\n<td>160<\/td>\n<\/tr>\n<tr>\n<td>7<\/td>\n<td>72712156881<\/td>\n<td>angol sz\u00f3belin megfelelt<\/td>\n<td>159<\/td>\n<\/tr>\n<tr>\n<td>8<\/td>\n<td>72759580992<\/td>\n<td>angol sz\u00f3belin megfelelt<\/td>\n<td>157<\/td>\n<\/tr>\n<tr>\n<td>9<\/td>\n<td>72717076442<\/td>\n<td>angol sz\u00f3belin megfelelt<\/td>\n<td>157<\/td>\n<\/tr>\n<tr>\n<td>10<\/td>\n<td>72759624460<\/td>\n<td>angol sz\u00f3belin megfelelt<\/td>\n<td>156<\/td>\n<\/tr>\n<tr>\n<td>11<\/td>\n<td>72765277252<\/td>\n<td>angol sz\u00f3belin megfelelt<\/td>\n<td>156<\/td>\n<\/tr>\n<tr>\n<td>12<\/td>\n<td>72780807406<\/td>\n<td>angol sz\u00f3belin megfelelt<\/td>\n<td>154<\/td>\n<\/tr>\n<tr>\n<td>13<\/td>\n<td>72776189612<\/td>\n<td>angol sz\u00f3belin megfelelt<\/td>\n<td>154<\/td>\n<\/tr>\n<tr>\n<td>14<\/td>\n<td>72694599830<\/td>\n<td>angol sz\u00f3belin megfelelt<\/td>\n<td>153<\/td>\n<\/tr>\n<tr>\n<td>15<\/td>\n<td>72765333093<\/td>\n<td>angol sz\u00f3belin megfelelt<\/td>\n<td>151,5<\/td>\n<\/tr>\n<tr>\n<td>16<\/td>\n<td>72770903525<\/td>\n<td>angol sz\u00f3belin megfelelt<\/td>\n<td>151<\/td>\n<\/tr>\n<tr>\n<td>17<\/td>\n<td>72776260576<\/td>\n<td>angol sz\u00f3belin megfelelt<\/td>\n<td>150,5<\/td>\n<\/tr>\n<tr>\n<td>18<\/td>\n<td>72781813981<\/td>\n<td>angol sz\u00f3belin megfelelt<\/td>\n<td>150<\/td>\n<\/tr>\n<tr>\n<td>19<\/td>\n<td>72655483648<\/td>\n<td>angol sz\u00f3belin megfelelt<\/td>\n<td>150<\/td>\n<\/tr>\n<tr>\n<td>20<\/td>\n<td>72765187549<\/td>\n<td>angol sz\u00f3belin megfelelt<\/td>\n<td>148,5<\/td>\n<\/tr>\n<tr>\n<td>21<\/td>\n<td>72751688550<\/td>\n<td>angol sz\u00f3belin megfelelt<\/td>\n<td>148<\/td>\n<\/tr>\n<tr>\n<td>22<\/td>\n<td>72728236544<\/td>\n<td>angol sz\u00f3belin megfelelt<\/td>\n<td>148<\/td>\n<\/tr>\n<tr>\n<td>23<\/td>\n<td>72780846647<\/td>\n<td>angol sz\u00f3belin megfelelt<\/td>\n<td>147,5<\/td>\n<\/tr>\n<tr>\n<td>24<\/td>\n<td>72698408893<\/td>\n<td>angol sz\u00f3belin megfelelt<\/td>\n<td>147<\/td>\n<\/tr>\n<tr>\n<td>25<\/td>\n<td>72714319636<\/td>\n<td>angol sz\u00f3belin megfelelt<\/td>\n<td>145<\/td>\n<\/tr>\n<tr>\n<td>26<\/td>\n<td>72836214580<\/td>\n<td>angol sz\u00f3belin megfelelt<\/td>\n<td>144,5<\/td>\n<\/tr>\n<tr>\n<td>27<\/td>\n<td>72765377801<\/td>\n<td>angol sz\u00f3belin megfelelt<\/td>\n<td>144,5<\/td>\n<\/tr>\n<tr>\n<td>28<\/td>\n<td>72781845199<\/td>\n<td>angol sz\u00f3belin megfelelt<\/td>\n<td>144<\/td>\n<\/tr>\n<tr>\n<td>29<\/td>\n<td>72721921261<\/td>\n<td>angol sz\u00f3belin megfelelt<\/td>\n<td>144<\/td>\n<\/tr>\n<tr>\n<td>30<\/td>\n<td>72624099014<\/td>\n<td>angol sz\u00f3belin megfelelt<\/td>\n<td>144<\/td>\n<\/tr>\n<tr>\n<td>31<\/td>\n<td>72730106411<\/td>\n<td>angol sz\u00f3belin megfelelt<\/td>\n<td>143<\/td>\n<\/tr>\n<tr>\n<td>32<\/td>\n<td>72712488854<\/td>\n<td>angol sz\u00f3belin megfelelt<\/td>\n<td>143<\/td>\n<\/tr>\n<tr>\n<td>33<\/td>\n<td>72768843813<\/td>\n<td>angol sz\u00f3belin megfelelt<\/td>\n<td>143<\/td>\n<\/tr>\n<tr>\n<td>34<\/td>\n<td>72790840226<\/td>\n<td>angol sz\u00f3belin megfelelt<\/td>\n<td>142,5<\/td>\n<\/tr>\n<tr>\n<td>35<\/td>\n<td>72683785426<\/td>\n<td>angol sz\u00f3belin megfelelt<\/td>\n<td>142<\/td>\n<\/tr>\n<tr>\n<td>36<\/td>\n<td>72776052063<\/td>\n<td>angol c, angol sz\u00f3belin megfelelt<\/td>\n<td>141<\/td>\n<\/tr>\n<tr>\n<td>37<\/td>\n<td>72726949470<\/td>\n<td>angol sz\u00f3belin megfelelt<\/td>\n<td>140<\/td>\n<\/tr>\n<tr>\n<td>38<\/td>\n<td>72732010768<\/td>\n<td>angol sz\u00f3belin megfelelt<\/td>\n<td>140<\/td>\n<\/tr>\n<tr>\n<td>39<\/td>\n<td>72743481053<\/td>\n<td>angol sz\u00f3belin megfelelt<\/td>\n<td>139,5<\/td>\n<\/tr>\n<tr>\n<td>40<\/td>\n<td>72753688380<\/td>\n<td>angol sz\u00f3belin megfelelt<\/td>\n<td>139,5<\/td>\n<\/tr>\n<tr>\n<td>41<\/td>\n<td>72772776118<\/td>\n<td>angol sz\u00f3belin megfelelt<\/td>\n<td>139<\/td>\n<\/tr>\n<tr>\n<td>42<\/td>\n<td>72723268590<\/td>\n<td>angol sz\u00f3belin megfelelt<\/td>\n<td>139<\/td>\n<\/tr>\n<tr>\n<td>43<\/td>\n<td>72789840573<\/td>\n<td>angol sz\u00f3belin megfelelt<\/td>\n<td>138<\/td>\n<\/tr>\n<tr>\n<td>44<\/td>\n<td>72670080362<\/td>\n<td>angol sz\u00f3belin megfelelt<\/td>\n<td>137<\/td>\n<\/tr>\n<tr>\n<td>45<\/td>\n<td>72732551140<\/td>\n<td>angol sz\u00f3belin megfelelt<\/td>\n<td>135,5<\/td>\n<\/tr>\n<tr>\n<td>46<\/td>\n<td>72723220677<\/td>\n<td>angol sz\u00f3belin megfelelt<\/td>\n<td>135<\/td>\n<\/tr>\n<tr>\n<td>47<\/td>\n<td>72685089201<\/td>\n<td>angol sz\u00f3belin megfelelt<\/td>\n<td>134,5<\/td>\n<\/tr>\n<tr>\n<td>48<\/td>\n<td>72781098199<\/td>\n<td>angol sz\u00f3belin megfelelt<\/td>\n<td>133<\/td>\n<\/tr>\n<tr>\n<td>49<\/td>\n<td>72743838887<\/td>\n<td>angol sz\u00f3belin megfelelt<\/td>\n<td>132,5<\/td>\n<\/tr>\n<tr>\n<td>50<\/td>\n<td>72699373620<\/td>\n<td>angol sz\u00f3belin megfelelt<\/td>\n<td>132<\/td>\n<\/tr>\n<tr>\n<td>51<\/td>\n<td>72836179089<\/td>\n<td>sz\u00f3belin nem jelent meg<\/td>\n<td>131,5<\/td>\n<\/tr>\n<tr>\n<td>52<\/td>\n<td>72776324978<\/td>\n<td>angol sz\u00f3belin megfelelt<\/td>\n<td>131,5<\/td>\n<\/tr>\n<tr>\n<td>53<\/td>\n<td>72767292786<\/td>\n<td>angol sz\u00f3belin megfelelt<\/td>\n<td>131,5<\/td>\n<\/tr>\n<tr>\n<td>54<\/td>\n<td>72672721761<\/td>\n<td>angol sz\u00f3belin megfelelt<\/td>\n<td>130<\/td>\n<\/tr>\n<tr>\n<td>55<\/td>\n<td>72703689343<\/td>\n<td>angol sz\u00f3belin megfelelt<\/td>\n<td>129,5<\/td>\n<\/tr>\n<tr>\n<td>56<\/td>\n<td>72765306354<\/td>\n<td>angol sz\u00f3belin megfelelt<\/td>\n<td>128,5<\/td>\n<\/tr>\n<tr>\n<td>57<\/td>\n<td>72735074606<\/td>\n<td>angol sz\u00f3belin megfelelt<\/td>\n<td>128<\/td>\n<\/tr>\n<tr>\n<td>58<\/td>\n<td>73002638754<\/td>\n<td>angol sz\u00f3belin megfelelt<\/td>\n<td>125<\/td>\n<\/tr>\n<tr>\n<td>59<\/td>\n<td>72768752085<\/td>\n<td>angol sz\u00f3belin megfelelt<\/td>\n<td>123,5<\/td>\n<\/tr>\n<tr>\n<td>60<\/td>\n<td>72773728563<\/td>\n<td>angol sz\u00f3belin megfelelt<\/td>\n<td>123<\/td>\n<\/tr>\n<tr>\n<td>61<\/td>\n<td>72764736815<\/td>\n<td>angol sz\u00f3belin megfelelt<\/td>\n<td>121<\/td>\n<\/tr>\n<tr>\n<td>62<\/td>\n<td>72743520160<\/td>\n<td>angol sz\u00f3belin megfelelt<\/td>\n<td>118,5<\/td>\n<\/tr>\n<tr>\n<td>63<\/td>\n<td>72779759790<\/td>\n<td>angol sz\u00f3belin megfelelt<\/td>\n<td>118,5<\/td>\n<\/tr>\n<tr>\n<td>64<\/td>\n<td>72672807534<\/td>\n<td>angol sz\u00f3belin megfelelt<\/td>\n<td>118<\/td>\n<\/tr>\n<tr>\n<td>65<\/td>\n<td>72712016138<\/td>\n<td>angol sz\u00f3belin megfelelt<\/td>\n<td>115,5<\/td>\n<\/tr>\n<tr>\n<td>66<\/td>\n<td>72674410439<\/td>\n<td>angol sz\u00f3belin megfelelt<\/td>\n<td>113,5<\/td>\n<\/tr>\n<tr>\n<td>67<\/td>\n<td>72789815525<\/td>\n<td>angol sz\u00f3belin megfelelt<\/td>\n<td>112,5<\/td>\n<\/tr>\n<tr>\n<td>68<\/td>\n<td>72730920138<\/td>\n<td>angol sz\u00f3belin megfelelt<\/td>\n<td>110<\/td>\n<\/tr>\n<tr>\n<td>69<\/td>\n<td>72727827786<\/td>\n<td>angol sz\u00f3belin megfelelt<\/td>\n<td>105<\/td>\n<\/tr>\n<tr>\n<td>70<\/td>\n<td>72700349900<\/td>\n<td>angol sz\u00f3belin megfelelt<\/td>\n<td>101,5<\/td>\n<\/tr>\n<tr>\n<td>71<\/td>\n<td>72766831170<\/td>\n<td>angol sz\u00f3belin megfelelt<\/td>\n<td>101<\/td>\n<\/tr>\n<tr>\n<td>72<\/td>\n<td>72766709432<\/td>\n<td>angol sz\u00f3belin megfelelt<\/td>\n<td>101<\/td>\n<\/tr>\n<tr>\n<td>73<\/td>\n<td>72633641894<\/td>\n<td>angol sz\u00f3belin megfelelt<\/td>\n<td>92,5<\/td>\n<\/tr>\n<tr>\n<td>74<\/td>\n<td>72768906065<\/td>\n<td>angol sz\u00f3belin megfelelt<\/td>\n<td>86,5<\/td>\n<\/tr>\n<tr>\n<td>75<\/td>\n<td>72776294458<\/td>\n<td>sz\u00f3belin nem jelent meg<\/td>\n<td>167<\/td>\n<\/tr>\n<tr>\n<td>76<\/td>\n<td>72731564206<\/td>\n<td>sz\u00f3belin nem jelent meg<\/td>\n<td>165<\/td>\n<\/tr>\n<tr>\n<td>77<\/td>\n<td>72746503735<\/td>\n<td>sz\u00f3belin nem jelent meg<\/td>\n<td>162,5<\/td>\n<\/tr>\n<tr>\n<td>78<\/td>\n<td>72771023013<\/td>\n<td>sz\u00f3belin nem jelent meg<\/td>\n<td>162<\/td>\n<\/tr>\n<tr>\n<td>79<\/td>\n<td>72836216567<\/td>\n<td>angol sz\u00f3belin nem felelt meg<\/td>\n<td>156<\/td>\n<\/tr>\n<tr>\n<td>80<\/td>\n<td>72770993916<\/td>\n<td>sz\u00f3belin nem jelent meg<\/td>\n<td>155<\/td>\n<\/tr>\n<tr>\n<td>81<\/td>\n<td>72747353810<\/td>\n<td>sz\u00f3belin nem jelent meg<\/td>\n<td>152<\/td>\n<\/tr>\n<tr>\n<td>82<\/td>\n<td>72836193391<\/td>\n<td>angol sz\u00f3belin nem felelt meg<\/td>\n<td>149<\/td>\n<\/tr>\n<tr>\n<td>83<\/td>\n<td>72709549018<\/td>\n<td>angol sz\u00f3belin nem felelt meg<\/td>\n<td>148<\/td>\n<\/tr>\n<tr>\n<td>84<\/td>\n<td>72716983138<\/td>\n<td>sz\u00f3belin nem jelent meg<\/td>\n<td>147<\/td>\n<\/tr>\n<tr>\n<td>85<\/td>\n<td>72732260072<\/td>\n<td>sz\u00f3belin nem jelent meg<\/td>\n<td>142<\/td>\n<\/tr>\n<tr>\n<td>86<\/td>\n<td>72836204388<\/td>\n<td>angol sz\u00f3belin nem felelt meg<\/td>\n<td>140<\/td>\n<\/tr>\n<tr>\n<td>87<\/td>\n<td>72762348118<\/td>\n<td>sz\u00f3belin nem jelent meg<\/td>\n<td>140<\/td>\n<\/tr>\n<tr>\n<td>88<\/td>\n<td>72882791667<\/td>\n<td>sz\u00f3belin nem jelent meg<\/td>\n<td>140<\/td>\n<\/tr>\n<tr>\n<td>89<\/td>\n<td>72857122284<\/td>\n<td>sz\u00f3belin nem jelent meg<\/td>\n<td>138<\/td>\n<\/tr>\n<tr>\n<td>90<\/td>\n<td>72655411818<\/td>\n<td>sz\u00f3belin nem jelent meg<\/td>\n<td>137<\/td>\n<\/tr>\n<tr>\n<td>91<\/td>\n<td>73178412672<\/td>\n<td>sz\u00f3belin nem jelent meg<\/td>\n<td>130<\/td>\n<\/tr>\n<tr>\n<td>92<\/td>\n<td>72767535632<\/td>\n<td>angol sz\u00f3belin nem felelt meg<\/td>\n<td>129<\/td>\n<\/tr>\n<tr>\n<td>93<\/td>\n<td>72781286036<\/td>\n<td>sz\u00f3belin nem jelent meg<\/td>\n<td>128,5<\/td>\n<\/tr>\n<tr>\n<td>94<\/td>\n<td>72836209689<\/td>\n<td>angol sz\u00f3belin megfelelt<\/td>\n<td>126<\/td>\n<\/tr>\n<tr>\n<td>95<\/td>\n<td>72672375920<\/td>\n<td>sz\u00f3belin nem jelent meg<\/td>\n<td>122,5<\/td>\n<\/tr>\n<tr>\n<td>96<\/td>\n<td>72662102868<\/td>\n<td>sz\u00f3belin nem jelent meg<\/td>\n<td>115,5<\/td>\n<\/tr>\n<tr>\n<td>97<\/td>\n<td>72939998146<\/td>\n<td>angol sz\u00f3belin nem felelt meg<\/td>\n<td>115<\/td>\n<\/tr>\n<tr>\n<td>98<\/td>\n<td>72699450980<\/td>\n<td>angol sz\u00f3belin nem felelt meg<\/td>\n<td>112,5<\/td>\n<\/tr>\n<tr>\n<td>99<\/td>\n<td>72780096396<\/td>\n<td>angol sz\u00f3belin nem felelt meg<\/td>\n<td>109<\/td>\n<\/tr>\n<tr>\n<td>100<\/td>\n<td>72929875151<\/td>\n<td>sz\u00f3belin nem jelent meg<\/td>\n<td>108<\/td>\n<\/tr>\n<tr>\n<td>101<\/td>\n<td>72680639907<\/td>\n<td>sz\u00f3belin nem jelent meg<\/td>\n<td>103<\/td>\n<\/tr>\n<tr>\n<td>102<\/td>\n<td>72717906026<\/td>\n<td>sz\u00f3belin nem jelent meg<\/td>\n<td>94,5<\/td>\n<\/tr>\n<tr>\n<td>103<\/td>\n<td>72766899248<\/td>\n<td>angol sz\u00f3belin nem felelt meg<\/td>\n<td>90<\/td>\n<\/tr>\n<tr>\n<td>104<\/td>\n<td>72768869266<\/td>\n<td>angol sz\u00f3belin nem felelt meg<\/td>\n<td>85<\/td>\n<\/tr>\n<tr>\n<td>105<\/td>\n<td>72776166832<\/td>\n<td>sz\u00f3belin nem jelent meg<\/td>\n<td>80<\/td>\n<\/tr>\n<\/tbody>\n<\/table>\n<div class=\"pvc_clear\"><\/div>\n<p id=\"pvc_stats_2436\" class=\"pvc_stats all  \" data-element-id=\"2436\" style=\"\"><i class=\"pvc-stats-icon medium\" aria-hidden=\"true\"><svg aria-hidden=\"true\" focusable=\"false\" data-prefix=\"far\" data-icon=\"chart-bar\" role=\"img\" xmlns=\"http:\/\/www.w3.org\/2000\/svg\" viewBox=\"0 0 512 512\" class=\"svg-inline--fa fa-chart-bar fa-w-16 fa-2x\"><path fill=\"currentColor\" d=\"M396.8 352h22.4c6.4 0 12.8-6.4 12.8-12.8V108.8c0-6.4-6.4-12.8-12.8-12.8h-22.4c-6.4 0-12.8 6.4-12.8 12.8v230.4c0 6.4 6.4 12.8 12.8 12.8zm-192 0h22.4c6.4 0 12.8-6.4 12.8-12.8V140.8c0-6.4-6.4-12.8-12.8-12.8h-22.4c-6.4 0-12.8 6.4-12.8 12.8v198.4c0 6.4 6.4 12.8 12.8 12.8zm96 0h22.4c6.4 0 12.8-6.4 12.8-12.8V204.8c0-6.4-6.4-12.8-12.8-12.8h-22.4c-6.4 0-12.8 6.4-12.8 12.8v134.4c0 6.4 6.4 12.8 12.8 12.8zM496 400H48V80c0-8.84-7.16-16-16-16H16C7.16 64 0 71.16 0 80v336c0 17.67 14.33 32 32 32h464c8.84 0 16-7.16 16-16v-16c0-8.84-7.16-16-16-16zm-387.2-48h22.4c6.4 0 12.8-6.4 12.8-12.8v-70.4c0-6.4-6.4-12.8-12.8-12.8h-22.4c-6.4 0-12.8 6.4-12.8 12.8v70.4c0 6.4 6.4 12.8 12.8 12.8z\" class=\"\"><\/path><\/svg><\/i> <img loading=\"lazy\" decoding=\"async\" width=\"16\" height=\"16\" alt=\"Loading\" src=\"https:\/\/besi.hu\/wp-content\/plugins\/page-views-count\/ajax-loader-2x.gif\" border=0 \/><\/p>\n<div class=\"pvc_clear\"><\/div>\n","protected":false},"excerpt":{"rendered":"<p>Felvehet\u0151 l\u00e9tsz\u00e1m 15 f\u0151 Sorsz\u00e1m Oktat\u00e1si azonos\u00edt\u00f3 Sz\u00f3beli meghallgat\u00e1s eredm\u00e9nye \u00d6sszesen 1 73003234640 angol sz\u00f3belin megfelelt 179 2 73052914425 angol sz\u00f3belin megfelelt 166 3 72772745597 angol sz\u00f3belin megfelelt 166 4 72781126177 angol sz\u00f3belin megfelelt 163 5 72793549891 angol c, angol sz\u00f3belin megfelelt 162 6 72781306513 angol sz\u00f3belin megfelelt 160 7&#8230;<\/p>\n<div class=\"pvc_clear\"><\/div>\n<p id=\"pvc_stats_2436\" class=\"pvc_stats all  \" data-element-id=\"2436\" style=\"\"><i class=\"pvc-stats-icon medium\" aria-hidden=\"true\"><svg aria-hidden=\"true\" focusable=\"false\" data-prefix=\"far\" data-icon=\"chart-bar\" role=\"img\" xmlns=\"http:\/\/www.w3.org\/2000\/svg\" viewBox=\"0 0 512 512\" class=\"svg-inline--fa fa-chart-bar fa-w-16 fa-2x\"><path fill=\"currentColor\" d=\"M396.8 352h22.4c6.4 0 12.8-6.4 12.8-12.8V108.8c0-6.4-6.4-12.8-12.8-12.8h-22.4c-6.4 0-12.8 6.4-12.8 12.8v230.4c0 6.4 6.4 12.8 12.8 12.8zm-192 0h22.4c6.4 0 12.8-6.4 12.8-12.8V140.8c0-6.4-6.4-12.8-12.8-12.8h-22.4c-6.4 0-12.8 6.4-12.8 12.8v198.4c0 6.4 6.4 12.8 12.8 12.8zm96 0h22.4c6.4 0 12.8-6.4 12.8-12.8V204.8c0-6.4-6.4-12.8-12.8-12.8h-22.4c-6.4 0-12.8 6.4-12.8 12.8v134.4c0 6.4 6.4 12.8 12.8 12.8zM496 400H48V80c0-8.84-7.16-16-16-16H16C7.16 64 0 71.16 0 80v336c0 17.67 14.33 32 32 32h464c8.84 0 16-7.16 16-16v-16c0-8.84-7.16-16-16-16zm-387.2-48h22.4c6.4 0 12.8-6.4 12.8-12.8v-70.4c0-6.4-6.4-12.8-12.8-12.8h-22.4c-6.4 0-12.8 6.4-12.8 12.8v70.4c0 6.4 6.4 12.8 12.8 12.8z\" class=\"\"><\/path><\/svg><\/i> <img loading=\"lazy\" decoding=\"async\" width=\"16\" height=\"16\" alt=\"Loading\" src=\"https:\/\/besi.hu\/wp-content\/plugins\/page-views-count\/ajax-loader-2x.gif\" border=0 \/><\/p>\n<div class=\"pvc_clear\"><\/div>\n","protected":false},"author":1,"featured_media":0,"parent":0,"menu_order":0,"comment_status":"closed","ping_status":"closed","template":"","meta":{"footnotes":""},"class_list":["post-2436","page","type-page","status-publish","hentry"],"aioseo_notices":[],"_links":{"self":[{"href":"https:\/\/besi.hu\/index.php?rest_route=\/wp\/v2\/pages\/2436","targetHints":{"allow":["GET"]}}],"collection":[{"href":"https:\/\/besi.hu\/index.php?rest_route=\/wp\/v2\/pages"}],"about":[{"href":"https:\/\/besi.hu\/index.php?rest_route=\/wp\/v2\/types\/page"}],"author":[{"embeddable":true,"href":"https:\/\/besi.hu\/index.php?rest_route=\/wp\/v2\/users\/1"}],"replies":[{"embeddable":true,"href":"https:\/\/besi.hu\/index.php?rest_route=%2Fwp%2Fv2%2Fcomments&post=2436"}],"version-history":[{"count":3,"href":"https:\/\/besi.hu\/index.php?rest_route=\/wp\/v2\/pages\/2436\/revisions"}],"predecessor-version":[{"id":2470,"href":"https:\/\/besi.hu\/index.php?rest_route=\/wp\/v2\/pages\/2436\/revisions\/2470"}],"wp:attachment":[{"href":"https:\/\/besi.hu\/index.php?rest_route=%2Fwp%2Fv2%2Fmedia&parent=2436"}],"curies":[{"name":"wp","href":"https:\/\/api.w.org\/{rel}","templated":true}]}}