{"id":2443,"date":"2023-03-17T09:01:28","date_gmt":"2023-03-17T08:01:28","guid":{"rendered":"https:\/\/besi.hu\/?page_id=2443"},"modified":"2023-03-27T09:29:26","modified_gmt":"2023-03-27T07:29:26","slug":"0006-emelt-szintu-termeszettudomanyos","status":"publish","type":"page","link":"https:\/\/besi.hu\/?page_id=2443","title":{"rendered":"0006 \u2013 Emelt szint\u0171 term\u00e9szettudom\u00e1nyos"},"content":{"rendered":"<p>Felvehet\u0151 l\u00e9tsz\u00e1m 30 f\u0151<\/p>\n<table style=\"height: 2330px;\" width=\"299\">\n<tbody>\n<tr>\n<td width=\"64\">Sorsz\u00e1m<\/td>\n<td width=\"123\">Oktat\u00e1si azonos\u00edt\u00f3<\/td>\n<td width=\"64\">\u00d6sszesen<\/td>\n<\/tr>\n<tr>\n<td>1<\/td>\n<td>72780922720<\/td>\n<td>179<\/td>\n<\/tr>\n<tr>\n<td>2<\/td>\n<td>72772044377<\/td>\n<td>175<\/td>\n<\/tr>\n<tr>\n<td>3<\/td>\n<td>72705216890<\/td>\n<td>172<\/td>\n<\/tr>\n<tr>\n<td>4<\/td>\n<td>72741594325<\/td>\n<td>168<\/td>\n<\/tr>\n<tr>\n<td>5<\/td>\n<td>72857116071<\/td>\n<td>167<\/td>\n<\/tr>\n<tr>\n<td>6<\/td>\n<td>72792721752<\/td>\n<td>164<\/td>\n<\/tr>\n<tr>\n<td>7<\/td>\n<td>72732753182<\/td>\n<td>164<\/td>\n<\/tr>\n<tr>\n<td>8<\/td>\n<td>72781126177<\/td>\n<td>163<\/td>\n<\/tr>\n<tr>\n<td>9<\/td>\n<td>72746503735<\/td>\n<td>162,5<\/td>\n<\/tr>\n<tr>\n<td>10<\/td>\n<td>72793549891<\/td>\n<td>162<\/td>\n<\/tr>\n<tr>\n<td>11<\/td>\n<td>72762398666<\/td>\n<td>161<\/td>\n<\/tr>\n<tr>\n<td>12<\/td>\n<td>72728398097<\/td>\n<td>161<\/td>\n<\/tr>\n<tr>\n<td>13<\/td>\n<td>72753311923<\/td>\n<td>160<\/td>\n<\/tr>\n<tr>\n<td>14<\/td>\n<td>72781306513<\/td>\n<td>160<\/td>\n<\/tr>\n<tr>\n<td>15<\/td>\n<td>72764433002<\/td>\n<td>159<\/td>\n<\/tr>\n<tr>\n<td>16<\/td>\n<td>72712156881<\/td>\n<td>159<\/td>\n<\/tr>\n<tr>\n<td>17<\/td>\n<td>72670305702<\/td>\n<td>159<\/td>\n<\/tr>\n<tr>\n<td>18<\/td>\n<td>72759580992<\/td>\n<td>157<\/td>\n<\/tr>\n<tr>\n<td>19<\/td>\n<td>72773736995<\/td>\n<td>157<\/td>\n<\/tr>\n<tr>\n<td>20<\/td>\n<td>72727932852<\/td>\n<td>156<\/td>\n<\/tr>\n<tr>\n<td>21<\/td>\n<td>72748283111<\/td>\n<td>156<\/td>\n<\/tr>\n<tr>\n<td>22<\/td>\n<td>72759624460<\/td>\n<td>156<\/td>\n<\/tr>\n<tr>\n<td>23<\/td>\n<td>72835815657<\/td>\n<td>155<\/td>\n<\/tr>\n<tr>\n<td>24<\/td>\n<td>72781713574<\/td>\n<td>155<\/td>\n<\/tr>\n<tr>\n<td>25<\/td>\n<td>72794855049<\/td>\n<td>155<\/td>\n<\/tr>\n<tr>\n<td>26<\/td>\n<td>72768717658<\/td>\n<td>153<\/td>\n<\/tr>\n<tr>\n<td>27<\/td>\n<td>72770903525<\/td>\n<td>151<\/td>\n<\/tr>\n<tr>\n<td>28<\/td>\n<td>73346962621<\/td>\n<td>151<\/td>\n<\/tr>\n<tr>\n<td>29<\/td>\n<td>72857129561<\/td>\n<td>151<\/td>\n<\/tr>\n<tr>\n<td>30<\/td>\n<td>72765187549<\/td>\n<td>148,5<\/td>\n<\/tr>\n<tr>\n<td>31<\/td>\n<td>72780846647<\/td>\n<td>147,5<\/td>\n<\/tr>\n<tr>\n<td>32<\/td>\n<td>72764734759<\/td>\n<td>147<\/td>\n<\/tr>\n<tr>\n<td>33<\/td>\n<td>72836207183<\/td>\n<td>147<\/td>\n<\/tr>\n<tr>\n<td>34<\/td>\n<td>72721889244<\/td>\n<td>146<\/td>\n<\/tr>\n<tr>\n<td>35<\/td>\n<td>72655448184<\/td>\n<td>145<\/td>\n<\/tr>\n<tr>\n<td>36<\/td>\n<td>72674544844<\/td>\n<td>145<\/td>\n<\/tr>\n<tr>\n<td>37<\/td>\n<td>72763799490<\/td>\n<td>144,5<\/td>\n<\/tr>\n<tr>\n<td>38<\/td>\n<td>72673953967<\/td>\n<td>143<\/td>\n<\/tr>\n<tr>\n<td>39<\/td>\n<td>72790840226<\/td>\n<td>142,5<\/td>\n<\/tr>\n<tr>\n<td>40<\/td>\n<td>72857123746<\/td>\n<td>142<\/td>\n<\/tr>\n<tr>\n<td>41<\/td>\n<td>72666214370<\/td>\n<td>141<\/td>\n<\/tr>\n<tr>\n<td>42<\/td>\n<td>72790009349<\/td>\n<td>141<\/td>\n<\/tr>\n<tr>\n<td>43<\/td>\n<td>72776052063<\/td>\n<td>141<\/td>\n<\/tr>\n<tr>\n<td>44<\/td>\n<td>72726949470<\/td>\n<td>140<\/td>\n<\/tr>\n<tr>\n<td>45<\/td>\n<td>72723268590<\/td>\n<td>139<\/td>\n<\/tr>\n<tr>\n<td>46<\/td>\n<td>72634621958<\/td>\n<td>139<\/td>\n<\/tr>\n<tr>\n<td>47<\/td>\n<td>72789840573<\/td>\n<td>138<\/td>\n<\/tr>\n<tr>\n<td>48<\/td>\n<td>72655453952<\/td>\n<td>137<\/td>\n<\/tr>\n<tr>\n<td>49<\/td>\n<td>72633630110<\/td>\n<td>136<\/td>\n<\/tr>\n<tr>\n<td>50<\/td>\n<td>72721164766<\/td>\n<td>134<\/td>\n<\/tr>\n<tr>\n<td>51<\/td>\n<td>73433684628<\/td>\n<td>134<\/td>\n<\/tr>\n<tr>\n<td>52<\/td>\n<td>72728348952<\/td>\n<td>133<\/td>\n<\/tr>\n<tr>\n<td>53<\/td>\n<td>72743838887<\/td>\n<td>132,5<\/td>\n<\/tr>\n<tr>\n<td>54<\/td>\n<td>72930046426<\/td>\n<td>132<\/td>\n<\/tr>\n<tr>\n<td>55<\/td>\n<td>72699373620<\/td>\n<td>132<\/td>\n<\/tr>\n<tr>\n<td>56<\/td>\n<td>73178412672<\/td>\n<td>130<\/td>\n<\/tr>\n<tr>\n<td>57<\/td>\n<td>72672721761<\/td>\n<td>130<\/td>\n<\/tr>\n<tr>\n<td>58<\/td>\n<td>72703689343<\/td>\n<td>129,5<\/td>\n<\/tr>\n<tr>\n<td>59<\/td>\n<td>72767535632<\/td>\n<td>129<\/td>\n<\/tr>\n<tr>\n<td>60<\/td>\n<td><\/td>\n<td>128,5<\/td>\n<\/tr>\n<tr>\n<td>61<\/td>\n<td>72932162907<\/td>\n<td>126,5<\/td>\n<\/tr>\n<tr>\n<td>62<\/td>\n<td>72789256697<\/td>\n<td>125<\/td>\n<\/tr>\n<tr>\n<td>63<\/td>\n<td>72735108606<\/td>\n<td>125<\/td>\n<\/tr>\n<tr>\n<td>64<\/td>\n<td>72782550384<\/td>\n<td>123<\/td>\n<\/tr>\n<tr>\n<td>65<\/td>\n<td>72773728563<\/td>\n<td>123<\/td>\n<\/tr>\n<tr>\n<td>66<\/td>\n<td>72672375920<\/td>\n<td>122,5<\/td>\n<\/tr>\n<tr>\n<td>67<\/td>\n<td>72764736815<\/td>\n<td>121<\/td>\n<\/tr>\n<tr>\n<td>68<\/td>\n<td>72756854879<\/td>\n<td>120<\/td>\n<\/tr>\n<tr>\n<td>69<\/td>\n<td>72762927451<\/td>\n<td>119<\/td>\n<\/tr>\n<tr>\n<td>70<\/td>\n<td>72807062473<\/td>\n<td>116,5<\/td>\n<\/tr>\n<tr>\n<td>71<\/td>\n<td>72712016138<\/td>\n<td>115,5<\/td>\n<\/tr>\n<tr>\n<td>72<\/td>\n<td>72662102868<\/td>\n<td>115,5<\/td>\n<\/tr>\n<tr>\n<td>73<\/td>\n<td>72939998146<\/td>\n<td>115<\/td>\n<\/tr>\n<tr>\n<td>74<\/td>\n<td>72776338454<\/td>\n<td>114,5<\/td>\n<\/tr>\n<tr>\n<td>75<\/td>\n<td>72788265350<\/td>\n<td>110<\/td>\n<\/tr>\n<tr>\n<td>76<\/td>\n<td>72732263842<\/td>\n<td>109<\/td>\n<\/tr>\n<tr>\n<td>77<\/td>\n<td>72633623626<\/td>\n<td>108<\/td>\n<\/tr>\n<tr>\n<td>78<\/td>\n<td>72675358790<\/td>\n<td>106<\/td>\n<\/tr>\n<tr>\n<td>79<\/td>\n<td>72715330155<\/td>\n<td>105,5<\/td>\n<\/tr>\n<tr>\n<td>80<\/td>\n<td>72769198335<\/td>\n<td>104<\/td>\n<\/tr>\n<tr>\n<td>81<\/td>\n<td>72758273763<\/td>\n<td>103<\/td>\n<\/tr>\n<tr>\n<td>82<\/td>\n<td>72790008323<\/td>\n<td>100,5<\/td>\n<\/tr>\n<tr>\n<td>83<\/td>\n<td>72807434407<\/td>\n<td>100<\/td>\n<\/tr>\n<tr>\n<td>84<\/td>\n<td>72776250266<\/td>\n<td>91,5<\/td>\n<\/tr>\n<tr>\n<td>85<\/td>\n<td>72882792539<\/td>\n<td>85<\/td>\n<\/tr>\n<\/tbody>\n<\/table>\n<div class=\"pvc_clear\"><\/div>\n<p id=\"pvc_stats_2443\" class=\"pvc_stats all  \" data-element-id=\"2443\" style=\"\"><i class=\"pvc-stats-icon medium\" aria-hidden=\"true\"><svg aria-hidden=\"true\" focusable=\"false\" data-prefix=\"far\" data-icon=\"chart-bar\" role=\"img\" xmlns=\"http:\/\/www.w3.org\/2000\/svg\" viewBox=\"0 0 512 512\" class=\"svg-inline--fa fa-chart-bar fa-w-16 fa-2x\"><path fill=\"currentColor\" d=\"M396.8 352h22.4c6.4 0 12.8-6.4 12.8-12.8V108.8c0-6.4-6.4-12.8-12.8-12.8h-22.4c-6.4 0-12.8 6.4-12.8 12.8v230.4c0 6.4 6.4 12.8 12.8 12.8zm-192 0h22.4c6.4 0 12.8-6.4 12.8-12.8V140.8c0-6.4-6.4-12.8-12.8-12.8h-22.4c-6.4 0-12.8 6.4-12.8 12.8v198.4c0 6.4 6.4 12.8 12.8 12.8zm96 0h22.4c6.4 0 12.8-6.4 12.8-12.8V204.8c0-6.4-6.4-12.8-12.8-12.8h-22.4c-6.4 0-12.8 6.4-12.8 12.8v134.4c0 6.4 6.4 12.8 12.8 12.8zM496 400H48V80c0-8.84-7.16-16-16-16H16C7.16 64 0 71.16 0 80v336c0 17.67 14.33 32 32 32h464c8.84 0 16-7.16 16-16v-16c0-8.84-7.16-16-16-16zm-387.2-48h22.4c6.4 0 12.8-6.4 12.8-12.8v-70.4c0-6.4-6.4-12.8-12.8-12.8h-22.4c-6.4 0-12.8 6.4-12.8 12.8v70.4c0 6.4 6.4 12.8 12.8 12.8z\" class=\"\"><\/path><\/svg><\/i> <img loading=\"lazy\" decoding=\"async\" width=\"16\" height=\"16\" alt=\"Loading\" src=\"https:\/\/besi.hu\/wp-content\/plugins\/page-views-count\/ajax-loader-2x.gif\" border=0 \/><\/p>\n<div class=\"pvc_clear\"><\/div>\n","protected":false},"excerpt":{"rendered":"<p>Felvehet\u0151 l\u00e9tsz\u00e1m 30 f\u0151 Sorsz\u00e1m Oktat\u00e1si azonos\u00edt\u00f3 \u00d6sszesen 1 72780922720 179 2 72772044377 175 3 72705216890 172 4 72741594325 168 5 72857116071 167 6 72792721752 164 7 72732753182 164 8 72781126177 163 9 72746503735 162,5 10 72793549891 162 11 72762398666 161 12 72728398097 161 13 72753311923 160 14 72781306513 160&#8230;<\/p>\n<div class=\"pvc_clear\"><\/div>\n<p id=\"pvc_stats_2443\" class=\"pvc_stats all  \" data-element-id=\"2443\" style=\"\"><i class=\"pvc-stats-icon medium\" aria-hidden=\"true\"><svg aria-hidden=\"true\" focusable=\"false\" data-prefix=\"far\" data-icon=\"chart-bar\" role=\"img\" xmlns=\"http:\/\/www.w3.org\/2000\/svg\" viewBox=\"0 0 512 512\" class=\"svg-inline--fa fa-chart-bar fa-w-16 fa-2x\"><path fill=\"currentColor\" d=\"M396.8 352h22.4c6.4 0 12.8-6.4 12.8-12.8V108.8c0-6.4-6.4-12.8-12.8-12.8h-22.4c-6.4 0-12.8 6.4-12.8 12.8v230.4c0 6.4 6.4 12.8 12.8 12.8zm-192 0h22.4c6.4 0 12.8-6.4 12.8-12.8V140.8c0-6.4-6.4-12.8-12.8-12.8h-22.4c-6.4 0-12.8 6.4-12.8 12.8v198.4c0 6.4 6.4 12.8 12.8 12.8zm96 0h22.4c6.4 0 12.8-6.4 12.8-12.8V204.8c0-6.4-6.4-12.8-12.8-12.8h-22.4c-6.4 0-12.8 6.4-12.8 12.8v134.4c0 6.4 6.4 12.8 12.8 12.8zM496 400H48V80c0-8.84-7.16-16-16-16H16C7.16 64 0 71.16 0 80v336c0 17.67 14.33 32 32 32h464c8.84 0 16-7.16 16-16v-16c0-8.84-7.16-16-16-16zm-387.2-48h22.4c6.4 0 12.8-6.4 12.8-12.8v-70.4c0-6.4-6.4-12.8-12.8-12.8h-22.4c-6.4 0-12.8 6.4-12.8 12.8v70.4c0 6.4 6.4 12.8 12.8 12.8z\" class=\"\"><\/path><\/svg><\/i> <img loading=\"lazy\" decoding=\"async\" width=\"16\" height=\"16\" alt=\"Loading\" src=\"https:\/\/besi.hu\/wp-content\/plugins\/page-views-count\/ajax-loader-2x.gif\" border=0 \/><\/p>\n<div class=\"pvc_clear\"><\/div>\n","protected":false},"author":1,"featured_media":0,"parent":0,"menu_order":0,"comment_status":"closed","ping_status":"closed","template":"","meta":{"footnotes":""},"class_list":["post-2443","page","type-page","status-publish","hentry"],"aioseo_notices":[],"_links":{"self":[{"href":"https:\/\/besi.hu\/index.php?rest_route=\/wp\/v2\/pages\/2443","targetHints":{"allow":["GET"]}}],"collection":[{"href":"https:\/\/besi.hu\/index.php?rest_route=\/wp\/v2\/pages"}],"about":[{"href":"https:\/\/besi.hu\/index.php?rest_route=\/wp\/v2\/types\/page"}],"author":[{"embeddable":true,"href":"https:\/\/besi.hu\/index.php?rest_route=\/wp\/v2\/users\/1"}],"replies":[{"embeddable":true,"href":"https:\/\/besi.hu\/index.php?rest_route=%2Fwp%2Fv2%2Fcomments&post=2443"}],"version-history":[{"count":3,"href":"https:\/\/besi.hu\/index.php?rest_route=\/wp\/v2\/pages\/2443\/revisions"}],"predecessor-version":[{"id":2472,"href":"https:\/\/besi.hu\/index.php?rest_route=\/wp\/v2\/pages\/2443\/revisions\/2472"}],"wp:attachment":[{"href":"https:\/\/besi.hu\/index.php?rest_route=%2Fwp%2Fv2%2Fmedia&parent=2443"}],"curies":[{"name":"wp","href":"https:\/\/api.w.org\/{rel}","templated":true}]}}