{"id":2446,"date":"2023-03-17T09:03:38","date_gmt":"2023-03-17T08:03:38","guid":{"rendered":"https:\/\/besi.hu\/?page_id=2446"},"modified":"2023-03-27T09:30:13","modified_gmt":"2023-03-27T07:30:13","slug":"0007-altalanos-tantervu-2","status":"publish","type":"page","link":"https:\/\/besi.hu\/?page_id=2446","title":{"rendered":"0007 \u2013 \u00c1ltal\u00e1nos tanterv\u0171"},"content":{"rendered":"<p>Felvehet\u0151 l\u00e9tsz\u00e1m 30 f\u0151<\/p>\n<table style=\"height: 6242px;\" width=\"328\">\n<tbody>\n<tr>\n<td width=\"64\">Sorsz\u00e1m<\/td>\n<td width=\"123\">Oktat\u00e1si azonos\u00edt\u00f3<\/td>\n<td width=\"64\">Pontsz\u00e1m<\/td>\n<\/tr>\n<tr>\n<td>1<\/td>\n<td>73003234640<\/td>\n<td>179<\/td>\n<\/tr>\n<tr>\n<td>2<\/td>\n<td>72781731124<\/td>\n<td>176<\/td>\n<\/tr>\n<tr>\n<td>3<\/td>\n<td>72772044377<\/td>\n<td>175<\/td>\n<\/tr>\n<tr>\n<td>4<\/td>\n<td>72624099847<\/td>\n<td>169<\/td>\n<\/tr>\n<tr>\n<td>5<\/td>\n<td>72728894756<\/td>\n<td>167<\/td>\n<\/tr>\n<tr>\n<td>6<\/td>\n<td>72776294458<\/td>\n<td>167<\/td>\n<\/tr>\n<tr>\n<td>7<\/td>\n<td>72655481723<\/td>\n<td>167<\/td>\n<\/tr>\n<tr>\n<td>8<\/td>\n<td>73052914425<\/td>\n<td>166<\/td>\n<\/tr>\n<tr>\n<td>9<\/td>\n<td>72727365135<\/td>\n<td>165,5<\/td>\n<\/tr>\n<tr>\n<td>10<\/td>\n<td>72792721752<\/td>\n<td>164<\/td>\n<\/tr>\n<tr>\n<td>11<\/td>\n<td>73501953943<\/td>\n<td>164<\/td>\n<\/tr>\n<tr>\n<td>12<\/td>\n<td>72772136100<\/td>\n<td>164<\/td>\n<\/tr>\n<tr>\n<td>13<\/td>\n<td>72781126177<\/td>\n<td>163<\/td>\n<\/tr>\n<tr>\n<td>14<\/td>\n<td>72732180276<\/td>\n<td>163<\/td>\n<\/tr>\n<tr>\n<td>15<\/td>\n<td>72746503735<\/td>\n<td>162,5<\/td>\n<\/tr>\n<tr>\n<td>16<\/td>\n<td>72793549891<\/td>\n<td>162<\/td>\n<\/tr>\n<tr>\n<td>17<\/td>\n<td>72836210302<\/td>\n<td>162<\/td>\n<\/tr>\n<tr>\n<td>18<\/td>\n<td>72771023013<\/td>\n<td>162<\/td>\n<\/tr>\n<tr>\n<td>19<\/td>\n<td>72776281692<\/td>\n<td>162<\/td>\n<\/tr>\n<tr>\n<td>20<\/td>\n<td>72762398666<\/td>\n<td>161<\/td>\n<\/tr>\n<tr>\n<td>21<\/td>\n<td>72753311923<\/td>\n<td>160<\/td>\n<\/tr>\n<tr>\n<td>22<\/td>\n<td>72835867985<\/td>\n<td>160<\/td>\n<\/tr>\n<tr>\n<td>23<\/td>\n<td>72764433002<\/td>\n<td>159<\/td>\n<\/tr>\n<tr>\n<td>24<\/td>\n<td>72712156881<\/td>\n<td>159<\/td>\n<\/tr>\n<tr>\n<td>25<\/td>\n<td>72717076442<\/td>\n<td>157<\/td>\n<\/tr>\n<tr>\n<td>26<\/td>\n<td>72727932852<\/td>\n<td>156<\/td>\n<\/tr>\n<tr>\n<td>27<\/td>\n<td>72765277252<\/td>\n<td>156<\/td>\n<\/tr>\n<tr>\n<td>28<\/td>\n<td>72836216567<\/td>\n<td>156<\/td>\n<\/tr>\n<tr>\n<td>29<\/td>\n<td>72748283111<\/td>\n<td>156<\/td>\n<\/tr>\n<tr>\n<td>30<\/td>\n<td>72759624460<\/td>\n<td>156<\/td>\n<\/tr>\n<tr>\n<td>31<\/td>\n<td>72762308800<\/td>\n<td>155<\/td>\n<\/tr>\n<tr>\n<td>32<\/td>\n<td>72835815657<\/td>\n<td>155<\/td>\n<\/tr>\n<tr>\n<td>33<\/td>\n<td>72781713574<\/td>\n<td>155<\/td>\n<\/tr>\n<tr>\n<td>34<\/td>\n<td>72770993916<\/td>\n<td>155<\/td>\n<\/tr>\n<tr>\n<td>35<\/td>\n<td>72780807406<\/td>\n<td>154<\/td>\n<\/tr>\n<tr>\n<td>36<\/td>\n<td>72776189612<\/td>\n<td>154<\/td>\n<\/tr>\n<tr>\n<td>37<\/td>\n<td>72655480860<\/td>\n<td>154<\/td>\n<\/tr>\n<tr>\n<td>38<\/td>\n<td>72930268110<\/td>\n<td>153<\/td>\n<\/tr>\n<tr>\n<td>39<\/td>\n<td>72766858174<\/td>\n<td>153<\/td>\n<\/tr>\n<tr>\n<td>40<\/td>\n<td>73264016545<\/td>\n<td>152<\/td>\n<\/tr>\n<tr>\n<td>41<\/td>\n<td>72770903525<\/td>\n<td>151<\/td>\n<\/tr>\n<tr>\n<td>42<\/td>\n<td>73346962621<\/td>\n<td>151<\/td>\n<\/tr>\n<tr>\n<td>43<\/td>\n<td>72857129561<\/td>\n<td>151<\/td>\n<\/tr>\n<tr>\n<td>44<\/td>\n<td>72655483648<\/td>\n<td>150<\/td>\n<\/tr>\n<tr>\n<td>45<\/td>\n<td>72781813981<\/td>\n<td>150<\/td>\n<\/tr>\n<tr>\n<td>46<\/td>\n<td>72655454780<\/td>\n<td>149<\/td>\n<\/tr>\n<tr>\n<td>47<\/td>\n<td>72673306169<\/td>\n<td>149<\/td>\n<\/tr>\n<tr>\n<td>48<\/td>\n<td>72655481160<\/td>\n<td>149<\/td>\n<\/tr>\n<tr>\n<td>49<\/td>\n<td>72836193391<\/td>\n<td>149<\/td>\n<\/tr>\n<tr>\n<td>50<\/td>\n<td>72766742043<\/td>\n<td>148,5<\/td>\n<\/tr>\n<tr>\n<td>51<\/td>\n<td>72765187549<\/td>\n<td>148,5<\/td>\n<\/tr>\n<tr>\n<td>52<\/td>\n<td>72751688550<\/td>\n<td>148<\/td>\n<\/tr>\n<tr>\n<td>53<\/td>\n<td>72713914997<\/td>\n<td>148<\/td>\n<\/tr>\n<tr>\n<td>54<\/td>\n<td>72709549018<\/td>\n<td>148<\/td>\n<\/tr>\n<tr>\n<td>55<\/td>\n<td>72780846647<\/td>\n<td>147,5<\/td>\n<\/tr>\n<tr>\n<td>56<\/td>\n<td>72702289650<\/td>\n<td>147<\/td>\n<\/tr>\n<tr>\n<td>57<\/td>\n<td>72836207183<\/td>\n<td>147<\/td>\n<\/tr>\n<tr>\n<td>58<\/td>\n<td>72698408893<\/td>\n<td>147<\/td>\n<\/tr>\n<tr>\n<td>59<\/td>\n<td>72712942727<\/td>\n<td>146<\/td>\n<\/tr>\n<tr>\n<td>60<\/td>\n<td>72721889244<\/td>\n<td>146<\/td>\n<\/tr>\n<tr>\n<td>61<\/td>\n<td>72714319636<\/td>\n<td>145<\/td>\n<\/tr>\n<tr>\n<td>62<\/td>\n<td>72674544844<\/td>\n<td>145<\/td>\n<\/tr>\n<tr>\n<td>63<\/td>\n<td>72763799490<\/td>\n<td>144,5<\/td>\n<\/tr>\n<tr>\n<td>64<\/td>\n<td>72836214580<\/td>\n<td>144,5<\/td>\n<\/tr>\n<tr>\n<td>65<\/td>\n<td>72765377801<\/td>\n<td>144,5<\/td>\n<\/tr>\n<tr>\n<td>66<\/td>\n<td>72857118100<\/td>\n<td>144<\/td>\n<\/tr>\n<tr>\n<td>67<\/td>\n<td>72721921261<\/td>\n<td>144<\/td>\n<\/tr>\n<tr>\n<td>68<\/td>\n<td>72624099014<\/td>\n<td>144<\/td>\n<\/tr>\n<tr>\n<td>69<\/td>\n<td>72701370918<\/td>\n<td>144<\/td>\n<\/tr>\n<tr>\n<td>70<\/td>\n<td>72781845199<\/td>\n<td>144<\/td>\n<\/tr>\n<tr>\n<td>71<\/td>\n<td>72730106411<\/td>\n<td>143<\/td>\n<\/tr>\n<tr>\n<td>72<\/td>\n<td>72712488854<\/td>\n<td>143<\/td>\n<\/tr>\n<tr>\n<td>73<\/td>\n<td>72673953967<\/td>\n<td>143<\/td>\n<\/tr>\n<tr>\n<td>74<\/td>\n<td>72768843813<\/td>\n<td>143<\/td>\n<\/tr>\n<tr>\n<td>75<\/td>\n<td>72790840226<\/td>\n<td>142,5<\/td>\n<\/tr>\n<tr>\n<td>76<\/td>\n<td>72683785426<\/td>\n<td>142<\/td>\n<\/tr>\n<tr>\n<td>77<\/td>\n<td>72759086774<\/td>\n<td>142<\/td>\n<\/tr>\n<tr>\n<td>78<\/td>\n<td>72857123746<\/td>\n<td>142<\/td>\n<\/tr>\n<tr>\n<td>79<\/td>\n<td>72729632597<\/td>\n<td>141<\/td>\n<\/tr>\n<tr>\n<td>80<\/td>\n<td>72776052063<\/td>\n<td>141<\/td>\n<\/tr>\n<tr>\n<td>81<\/td>\n<td>72762348118<\/td>\n<td>140<\/td>\n<\/tr>\n<tr>\n<td>82<\/td>\n<td>72836204388<\/td>\n<td>140<\/td>\n<\/tr>\n<tr>\n<td>83<\/td>\n<td>72732010768<\/td>\n<td>140<\/td>\n<\/tr>\n<tr>\n<td>84<\/td>\n<td>72732155756<\/td>\n<td>140<\/td>\n<\/tr>\n<tr>\n<td>85<\/td>\n<td>72655450905<\/td>\n<td>140<\/td>\n<\/tr>\n<tr>\n<td>86<\/td>\n<td>72726949470<\/td>\n<td>140<\/td>\n<\/tr>\n<tr>\n<td>87<\/td>\n<td>72753688380<\/td>\n<td>139,5<\/td>\n<\/tr>\n<tr>\n<td>88<\/td>\n<td>72743481053<\/td>\n<td>139,5<\/td>\n<\/tr>\n<tr>\n<td>89<\/td>\n<td>72723268590<\/td>\n<td>139<\/td>\n<\/tr>\n<tr>\n<td>90<\/td>\n<td>72634621958<\/td>\n<td>139<\/td>\n<\/tr>\n<tr>\n<td>91<\/td>\n<td>72772776118<\/td>\n<td>139<\/td>\n<\/tr>\n<tr>\n<td>92<\/td>\n<td>72737830622<\/td>\n<td>139<\/td>\n<\/tr>\n<tr>\n<td>93<\/td>\n<td>72789840573<\/td>\n<td>138<\/td>\n<\/tr>\n<tr>\n<td>94<\/td>\n<td>72857122284<\/td>\n<td>138<\/td>\n<\/tr>\n<tr>\n<td>95<\/td>\n<td>72790955959<\/td>\n<td>138<\/td>\n<\/tr>\n<tr>\n<td>96<\/td>\n<td>72670080362<\/td>\n<td>137<\/td>\n<\/tr>\n<tr>\n<td>97<\/td>\n<td>72655411818<\/td>\n<td>137<\/td>\n<\/tr>\n<tr>\n<td>98<\/td>\n<td>72655453952<\/td>\n<td>137<\/td>\n<\/tr>\n<tr>\n<td>99<\/td>\n<td>72743026532<\/td>\n<td>136<\/td>\n<\/tr>\n<tr>\n<td>100<\/td>\n<td>72633630110<\/td>\n<td>136<\/td>\n<\/tr>\n<tr>\n<td>101<\/td>\n<td>72732551140<\/td>\n<td>135,5<\/td>\n<\/tr>\n<tr>\n<td>102<\/td>\n<td>72723220677<\/td>\n<td>135<\/td>\n<\/tr>\n<tr>\n<td>103<\/td>\n<td>72836212049<\/td>\n<td>135<\/td>\n<\/tr>\n<tr>\n<td>104<\/td>\n<td>72685089201<\/td>\n<td>134,5<\/td>\n<\/tr>\n<tr>\n<td>105<\/td>\n<td>72674523601<\/td>\n<td>134<\/td>\n<\/tr>\n<tr>\n<td>106<\/td>\n<td>72674572070<\/td>\n<td>134<\/td>\n<\/tr>\n<tr>\n<td>107<\/td>\n<td>72728348952<\/td>\n<td>133<\/td>\n<\/tr>\n<tr>\n<td>108<\/td>\n<td>72781098199<\/td>\n<td>133<\/td>\n<\/tr>\n<tr>\n<td>109<\/td>\n<td>72723563572<\/td>\n<td>132,5<\/td>\n<\/tr>\n<tr>\n<td>110<\/td>\n<td>72743838887<\/td>\n<td>132,5<\/td>\n<\/tr>\n<tr>\n<td>111<\/td>\n<td>72762974335<\/td>\n<td>132<\/td>\n<\/tr>\n<tr>\n<td>112<\/td>\n<td>72699373620<\/td>\n<td>132<\/td>\n<\/tr>\n<tr>\n<td>113<\/td>\n<td>72836179089<\/td>\n<td>131,5<\/td>\n<\/tr>\n<tr>\n<td>114<\/td>\n<td>72754140526<\/td>\n<td>131,5<\/td>\n<\/tr>\n<tr>\n<td>115<\/td>\n<td>72776324978<\/td>\n<td>131,5<\/td>\n<\/tr>\n<tr>\n<td>116<\/td>\n<td>72720979006<\/td>\n<td>131<\/td>\n<\/tr>\n<tr>\n<td>117<\/td>\n<td>72734209767<\/td>\n<td>131<\/td>\n<\/tr>\n<tr>\n<td>118<\/td>\n<td>72787989140<\/td>\n<td>131<\/td>\n<\/tr>\n<tr>\n<td>119<\/td>\n<td>72797196922<\/td>\n<td>130,5<\/td>\n<\/tr>\n<tr>\n<td>120<\/td>\n<td>72672721761<\/td>\n<td>130<\/td>\n<\/tr>\n<tr>\n<td>121<\/td>\n<td>72721632975<\/td>\n<td>129,5<\/td>\n<\/tr>\n<tr>\n<td>122<\/td>\n<td>72767535632<\/td>\n<td>129<\/td>\n<\/tr>\n<tr>\n<td>123<\/td>\n<td>72794596869<\/td>\n<td>129<\/td>\n<\/tr>\n<tr>\n<td>124<\/td>\n<td>72712339667<\/td>\n<td>129<\/td>\n<\/tr>\n<tr>\n<td>125<\/td>\n<td>72781286036<\/td>\n<td>128,5<\/td>\n<\/tr>\n<tr>\n<td>126<\/td>\n<td><\/td>\n<td>128,5<\/td>\n<\/tr>\n<tr>\n<td>127<\/td>\n<td>72765306354<\/td>\n<td>128,5<\/td>\n<\/tr>\n<tr>\n<td>128<\/td>\n<td>72735074606<\/td>\n<td>128<\/td>\n<\/tr>\n<tr>\n<td>129<\/td>\n<td>72755862366<\/td>\n<td>127<\/td>\n<\/tr>\n<tr>\n<td>130<\/td>\n<td>72932162907<\/td>\n<td>126,5<\/td>\n<\/tr>\n<tr>\n<td>131<\/td>\n<td>72776150799<\/td>\n<td>126<\/td>\n<\/tr>\n<tr>\n<td>132<\/td>\n<td>72779676802<\/td>\n<td>126<\/td>\n<\/tr>\n<tr>\n<td>133<\/td>\n<td>72836209689<\/td>\n<td>126<\/td>\n<\/tr>\n<tr>\n<td>134<\/td>\n<td>72624841232<\/td>\n<td>125,5<\/td>\n<\/tr>\n<tr>\n<td>135<\/td>\n<td>73002638754<\/td>\n<td>125<\/td>\n<\/tr>\n<tr>\n<td>136<\/td>\n<td>72712859184<\/td>\n<td>125<\/td>\n<\/tr>\n<tr>\n<td>137<\/td>\n<td>72618459122<\/td>\n<td>125<\/td>\n<\/tr>\n<tr>\n<td>138<\/td>\n<td>72789256697<\/td>\n<td>125<\/td>\n<\/tr>\n<tr>\n<td>139<\/td>\n<td>72735108606<\/td>\n<td>125<\/td>\n<\/tr>\n<tr>\n<td>140<\/td>\n<td>72674453525<\/td>\n<td>123,5<\/td>\n<\/tr>\n<tr>\n<td>141<\/td>\n<td>72768752085<\/td>\n<td>123,5<\/td>\n<\/tr>\n<tr>\n<td>142<\/td>\n<td>72655453809<\/td>\n<td>123<\/td>\n<\/tr>\n<tr>\n<td>143<\/td>\n<td>72773728563<\/td>\n<td>123<\/td>\n<\/tr>\n<tr>\n<td>144<\/td>\n<td>72794976939<\/td>\n<td>122,5<\/td>\n<\/tr>\n<tr>\n<td>145<\/td>\n<td>72743696709<\/td>\n<td>122<\/td>\n<\/tr>\n<tr>\n<td>146<\/td>\n<td>72836213995<\/td>\n<td>121,5<\/td>\n<\/tr>\n<tr>\n<td>147<\/td>\n<td>72620748712<\/td>\n<td>121<\/td>\n<\/tr>\n<tr>\n<td>148<\/td>\n<td>72707599979<\/td>\n<td>121<\/td>\n<\/tr>\n<tr>\n<td>149<\/td>\n<td>72764736815<\/td>\n<td>121<\/td>\n<\/tr>\n<tr>\n<td>150<\/td>\n<td>72790881087<\/td>\n<td>120<\/td>\n<\/tr>\n<tr>\n<td>151<\/td>\n<td>72620753839<\/td>\n<td>120<\/td>\n<\/tr>\n<tr>\n<td>152<\/td>\n<td>72756854879<\/td>\n<td>120<\/td>\n<\/tr>\n<tr>\n<td>153<\/td>\n<td>72762927451<\/td>\n<td>119<\/td>\n<\/tr>\n<tr>\n<td>154<\/td>\n<td>72743520160<\/td>\n<td>118,5<\/td>\n<\/tr>\n<tr>\n<td>155<\/td>\n<td>72672807534<\/td>\n<td>118<\/td>\n<\/tr>\n<tr>\n<td>156<\/td>\n<td>72753998024<\/td>\n<td>117<\/td>\n<\/tr>\n<tr>\n<td>157<\/td>\n<td>72752669522<\/td>\n<td>116,5<\/td>\n<\/tr>\n<tr>\n<td>158<\/td>\n<td>72781161022<\/td>\n<td>116<\/td>\n<\/tr>\n<tr>\n<td>159<\/td>\n<td>72786690211<\/td>\n<td>115,5<\/td>\n<\/tr>\n<tr>\n<td>160<\/td>\n<td>72662102868<\/td>\n<td>115,5<\/td>\n<\/tr>\n<tr>\n<td>161<\/td>\n<td>72714263011<\/td>\n<td>115<\/td>\n<\/tr>\n<tr>\n<td>162<\/td>\n<td>72939998146<\/td>\n<td>115<\/td>\n<\/tr>\n<tr>\n<td>163<\/td>\n<td>72836177253<\/td>\n<td>115<\/td>\n<\/tr>\n<tr>\n<td>164<\/td>\n<td>73355474043<\/td>\n<td>115<\/td>\n<\/tr>\n<tr>\n<td>165<\/td>\n<td>72768737928<\/td>\n<td>115<\/td>\n<\/tr>\n<tr>\n<td>166<\/td>\n<td>72708606960<\/td>\n<td>114,5<\/td>\n<\/tr>\n<tr>\n<td>167<\/td>\n<td>72776338454<\/td>\n<td>114,5<\/td>\n<\/tr>\n<tr>\n<td>168<\/td>\n<td>72734044881<\/td>\n<td>114,5<\/td>\n<\/tr>\n<tr>\n<td>169<\/td>\n<td>72674410439<\/td>\n<td>113,5<\/td>\n<\/tr>\n<tr>\n<td>170<\/td>\n<td>72836218454<\/td>\n<td>113<\/td>\n<\/tr>\n<tr>\n<td>171<\/td>\n<td>72789815525<\/td>\n<td>112,5<\/td>\n<\/tr>\n<tr>\n<td>172<\/td>\n<td>72699450980<\/td>\n<td>112,5<\/td>\n<\/tr>\n<tr>\n<td>173<\/td>\n<td>72746022279<\/td>\n<td>112<\/td>\n<\/tr>\n<tr>\n<td>174<\/td>\n<td>72674536350<\/td>\n<td>112<\/td>\n<\/tr>\n<tr>\n<td>175<\/td>\n<td>72653422634<\/td>\n<td>112<\/td>\n<\/tr>\n<tr>\n<td>176<\/td>\n<td>72673329940<\/td>\n<td>111<\/td>\n<\/tr>\n<tr>\n<td>177<\/td>\n<td>72753941021<\/td>\n<td>111<\/td>\n<\/tr>\n<tr>\n<td>178<\/td>\n<td>72633684532<\/td>\n<td>110<\/td>\n<\/tr>\n<tr>\n<td>179<\/td>\n<td>72888544921<\/td>\n<td>110<\/td>\n<\/tr>\n<tr>\n<td>180<\/td>\n<td>72730920138<\/td>\n<td>110<\/td>\n<\/tr>\n<tr>\n<td>181<\/td>\n<td>72788265350<\/td>\n<td>110<\/td>\n<\/tr>\n<tr>\n<td>182<\/td>\n<td>72728927928<\/td>\n<td>109,5<\/td>\n<\/tr>\n<tr>\n<td>183<\/td>\n<td>72780096396<\/td>\n<td>109<\/td>\n<\/tr>\n<tr>\n<td>184<\/td>\n<td>72732263842<\/td>\n<td>109<\/td>\n<\/tr>\n<tr>\n<td>185<\/td>\n<td>73164392587<\/td>\n<td>108,5<\/td>\n<\/tr>\n<tr>\n<td>186<\/td>\n<td>72694996563<\/td>\n<td>108,5<\/td>\n<\/tr>\n<tr>\n<td>187<\/td>\n<td>72624104624<\/td>\n<td>108,5<\/td>\n<\/tr>\n<tr>\n<td>188<\/td>\n<td>72633623626<\/td>\n<td>108<\/td>\n<\/tr>\n<tr>\n<td>189<\/td>\n<td>72836209339<\/td>\n<td>107<\/td>\n<\/tr>\n<tr>\n<td>190<\/td>\n<td>72672519038<\/td>\n<td>107<\/td>\n<\/tr>\n<tr>\n<td>191<\/td>\n<td>72672690825<\/td>\n<td>107<\/td>\n<\/tr>\n<tr>\n<td>192<\/td>\n<td>72715330155<\/td>\n<td>105,5<\/td>\n<\/tr>\n<tr>\n<td>193<\/td>\n<td>72752367281<\/td>\n<td>104,5<\/td>\n<\/tr>\n<tr>\n<td>194<\/td>\n<td>72836214938<\/td>\n<td>104<\/td>\n<\/tr>\n<tr>\n<td>195<\/td>\n<td>72655412969<\/td>\n<td>104<\/td>\n<\/tr>\n<tr>\n<td>196<\/td>\n<td>73593131882<\/td>\n<td>103,5<\/td>\n<\/tr>\n<tr>\n<td>197<\/td>\n<td>72758273763<\/td>\n<td>103<\/td>\n<\/tr>\n<tr>\n<td>198<\/td>\n<td>73334410948<\/td>\n<td>102<\/td>\n<\/tr>\n<tr>\n<td>199<\/td>\n<td>72700349900<\/td>\n<td>101,5<\/td>\n<\/tr>\n<tr>\n<td>200<\/td>\n<td>72766831170<\/td>\n<td>101<\/td>\n<\/tr>\n<tr>\n<td>201<\/td>\n<td>72766709432<\/td>\n<td>101<\/td>\n<\/tr>\n<tr>\n<td>202<\/td>\n<td>72790008323<\/td>\n<td>100,5<\/td>\n<\/tr>\n<tr>\n<td>203<\/td>\n<td>72776273037<\/td>\n<td>100,5<\/td>\n<\/tr>\n<tr>\n<td>204<\/td>\n<td>72768827669<\/td>\n<td>100,5<\/td>\n<\/tr>\n<tr>\n<td>205<\/td>\n<td>72807434407<\/td>\n<td>100<\/td>\n<\/tr>\n<tr>\n<td>206<\/td>\n<td>72746531972<\/td>\n<td>98<\/td>\n<\/tr>\n<tr>\n<td>207<\/td>\n<td>73003225472<\/td>\n<td>96,5<\/td>\n<\/tr>\n<tr>\n<td>208<\/td>\n<td>72634618148<\/td>\n<td>95<\/td>\n<\/tr>\n<tr>\n<td>209<\/td>\n<td>72836186029<\/td>\n<td>94,5<\/td>\n<\/tr>\n<tr>\n<td>210<\/td>\n<td>72715266949<\/td>\n<td>94<\/td>\n<\/tr>\n<tr>\n<td>211<\/td>\n<td>72667474919<\/td>\n<td>93,5<\/td>\n<\/tr>\n<tr>\n<td>212<\/td>\n<td>72782737552<\/td>\n<td>93<\/td>\n<\/tr>\n<tr>\n<td>213<\/td>\n<td>72633641894<\/td>\n<td>92,5<\/td>\n<\/tr>\n<tr>\n<td>214<\/td>\n<td>72776250266<\/td>\n<td>91,5<\/td>\n<\/tr>\n<tr>\n<td>215<\/td>\n<td>72780953093<\/td>\n<td>90<\/td>\n<\/tr>\n<tr>\n<td>216<\/td>\n<td>72655408204<\/td>\n<td>90<\/td>\n<\/tr>\n<tr>\n<td>217<\/td>\n<td>72766899248<\/td>\n<td>90<\/td>\n<\/tr>\n<tr>\n<td>218<\/td>\n<td>72674359318<\/td>\n<td>88,5<\/td>\n<\/tr>\n<tr>\n<td>219<\/td>\n<td>72768906065<\/td>\n<td>86,5<\/td>\n<\/tr>\n<tr>\n<td>220<\/td>\n<td>72676113371<\/td>\n<td>85,5<\/td>\n<\/tr>\n<tr>\n<td>221<\/td>\n<td>72882792539<\/td>\n<td>85<\/td>\n<\/tr>\n<tr>\n<td>222<\/td>\n<td>72674297799<\/td>\n<td>84,5<\/td>\n<\/tr>\n<tr>\n<td>223<\/td>\n<td>73357726444<\/td>\n<td>83<\/td>\n<\/tr>\n<tr>\n<td>224<\/td>\n<td>72781211910<\/td>\n<td>80<\/td>\n<\/tr>\n<tr>\n<td>225<\/td>\n<td>72713500748<\/td>\n<td>76<\/td>\n<\/tr>\n<tr>\n<td>226<\/td>\n<td>72807018967<\/td>\n<td>73,5<\/td>\n<\/tr>\n<tr>\n<td>227<\/td>\n<td>72782335690<\/td>\n<td>73<\/td>\n<\/tr>\n<tr>\n<td>228<\/td>\n<td>72836213298<\/td>\n<td>70,5<\/td>\n<\/tr>\n<tr>\n<td>229<\/td>\n<td>72792817746<\/td>\n<td>69,5<\/td>\n<\/tr>\n<tr>\n<td>230<\/td>\n<td>72672603472<\/td>\n<td>66,5<\/td>\n<\/tr>\n<tr>\n<td>231<\/td>\n<td>72743385861<\/td>\n<td>56,5<\/td>\n<\/tr>\n<\/tbody>\n<\/table>\n<div class=\"pvc_clear\"><\/div>\n<p id=\"pvc_stats_2446\" class=\"pvc_stats all  \" data-element-id=\"2446\" style=\"\"><i class=\"pvc-stats-icon medium\" aria-hidden=\"true\"><svg aria-hidden=\"true\" focusable=\"false\" data-prefix=\"far\" data-icon=\"chart-bar\" role=\"img\" xmlns=\"http:\/\/www.w3.org\/2000\/svg\" viewBox=\"0 0 512 512\" class=\"svg-inline--fa fa-chart-bar fa-w-16 fa-2x\"><path fill=\"currentColor\" d=\"M396.8 352h22.4c6.4 0 12.8-6.4 12.8-12.8V108.8c0-6.4-6.4-12.8-12.8-12.8h-22.4c-6.4 0-12.8 6.4-12.8 12.8v230.4c0 6.4 6.4 12.8 12.8 12.8zm-192 0h22.4c6.4 0 12.8-6.4 12.8-12.8V140.8c0-6.4-6.4-12.8-12.8-12.8h-22.4c-6.4 0-12.8 6.4-12.8 12.8v198.4c0 6.4 6.4 12.8 12.8 12.8zm96 0h22.4c6.4 0 12.8-6.4 12.8-12.8V204.8c0-6.4-6.4-12.8-12.8-12.8h-22.4c-6.4 0-12.8 6.4-12.8 12.8v134.4c0 6.4 6.4 12.8 12.8 12.8zM496 400H48V80c0-8.84-7.16-16-16-16H16C7.16 64 0 71.16 0 80v336c0 17.67 14.33 32 32 32h464c8.84 0 16-7.16 16-16v-16c0-8.84-7.16-16-16-16zm-387.2-48h22.4c6.4 0 12.8-6.4 12.8-12.8v-70.4c0-6.4-6.4-12.8-12.8-12.8h-22.4c-6.4 0-12.8 6.4-12.8 12.8v70.4c0 6.4 6.4 12.8 12.8 12.8z\" class=\"\"><\/path><\/svg><\/i> <img loading=\"lazy\" decoding=\"async\" width=\"16\" height=\"16\" alt=\"Loading\" src=\"https:\/\/besi.hu\/wp-content\/plugins\/page-views-count\/ajax-loader-2x.gif\" border=0 \/><\/p>\n<div class=\"pvc_clear\"><\/div>\n","protected":false},"excerpt":{"rendered":"<p>Felvehet\u0151 l\u00e9tsz\u00e1m 30 f\u0151 Sorsz\u00e1m Oktat\u00e1si azonos\u00edt\u00f3 Pontsz\u00e1m 1 73003234640 179 2 72781731124 176 3 72772044377 175 4 72624099847 169 5 72728894756 167 6 72776294458 167 7 72655481723 167 8 73052914425 166 9 72727365135 165,5 10 72792721752 164 11 73501953943 164 12 72772136100 164 13 72781126177 163 14 72732180276 163&#8230;<\/p>\n<div class=\"pvc_clear\"><\/div>\n<p id=\"pvc_stats_2446\" class=\"pvc_stats all  \" data-element-id=\"2446\" style=\"\"><i class=\"pvc-stats-icon medium\" aria-hidden=\"true\"><svg aria-hidden=\"true\" focusable=\"false\" data-prefix=\"far\" data-icon=\"chart-bar\" role=\"img\" xmlns=\"http:\/\/www.w3.org\/2000\/svg\" viewBox=\"0 0 512 512\" class=\"svg-inline--fa fa-chart-bar fa-w-16 fa-2x\"><path fill=\"currentColor\" d=\"M396.8 352h22.4c6.4 0 12.8-6.4 12.8-12.8V108.8c0-6.4-6.4-12.8-12.8-12.8h-22.4c-6.4 0-12.8 6.4-12.8 12.8v230.4c0 6.4 6.4 12.8 12.8 12.8zm-192 0h22.4c6.4 0 12.8-6.4 12.8-12.8V140.8c0-6.4-6.4-12.8-12.8-12.8h-22.4c-6.4 0-12.8 6.4-12.8 12.8v198.4c0 6.4 6.4 12.8 12.8 12.8zm96 0h22.4c6.4 0 12.8-6.4 12.8-12.8V204.8c0-6.4-6.4-12.8-12.8-12.8h-22.4c-6.4 0-12.8 6.4-12.8 12.8v134.4c0 6.4 6.4 12.8 12.8 12.8zM496 400H48V80c0-8.84-7.16-16-16-16H16C7.16 64 0 71.16 0 80v336c0 17.67 14.33 32 32 32h464c8.84 0 16-7.16 16-16v-16c0-8.84-7.16-16-16-16zm-387.2-48h22.4c6.4 0 12.8-6.4 12.8-12.8v-70.4c0-6.4-6.4-12.8-12.8-12.8h-22.4c-6.4 0-12.8 6.4-12.8 12.8v70.4c0 6.4 6.4 12.8 12.8 12.8z\" class=\"\"><\/path><\/svg><\/i> <img loading=\"lazy\" decoding=\"async\" width=\"16\" height=\"16\" alt=\"Loading\" src=\"https:\/\/besi.hu\/wp-content\/plugins\/page-views-count\/ajax-loader-2x.gif\" border=0 \/><\/p>\n<div class=\"pvc_clear\"><\/div>\n","protected":false},"author":1,"featured_media":0,"parent":0,"menu_order":0,"comment_status":"closed","ping_status":"closed","template":"","meta":{"footnotes":""},"class_list":["post-2446","page","type-page","status-publish","hentry"],"aioseo_notices":[],"_links":{"self":[{"href":"https:\/\/besi.hu\/index.php?rest_route=\/wp\/v2\/pages\/2446","targetHints":{"allow":["GET"]}}],"collection":[{"href":"https:\/\/besi.hu\/index.php?rest_route=\/wp\/v2\/pages"}],"about":[{"href":"https:\/\/besi.hu\/index.php?rest_route=\/wp\/v2\/types\/page"}],"author":[{"embeddable":true,"href":"https:\/\/besi.hu\/index.php?rest_route=\/wp\/v2\/users\/1"}],"replies":[{"embeddable":true,"href":"https:\/\/besi.hu\/index.php?rest_route=%2Fwp%2Fv2%2Fcomments&post=2446"}],"version-history":[{"count":3,"href":"https:\/\/besi.hu\/index.php?rest_route=\/wp\/v2\/pages\/2446\/revisions"}],"predecessor-version":[{"id":2473,"href":"https:\/\/besi.hu\/index.php?rest_route=\/wp\/v2\/pages\/2446\/revisions\/2473"}],"wp:attachment":[{"href":"https:\/\/besi.hu\/index.php?rest_route=%2Fwp%2Fv2%2Fmedia&parent=2446"}],"curies":[{"name":"wp","href":"https:\/\/api.w.org\/{rel}","templated":true}]}}