{"id":25097,"date":"2025-11-12T11:11:02","date_gmt":"2025-11-12T10:11:02","guid":{"rendered":"https:\/\/besi.hu\/?page_id=25097"},"modified":"2025-11-12T11:15:10","modified_gmt":"2025-11-12T10:15:10","slug":"icdl-vizsgaztatas-a-besiben","status":"publish","type":"page","link":"https:\/\/besi.hu\/?page_id=25097","title":{"rendered":"ICDL VIZSG\u00c1ZTAT\u00c1S A BESIBEN"},"content":{"rendered":"<p>&nbsp;<\/p>\n<p><strong>\u00a0<\/strong><\/p>\n<p><strong> <a href=\"https:\/\/besi.hu\/?attachment_id=25098\" rel=\"attachment wp-att-25098\"><img loading=\"lazy\" decoding=\"async\" class=\"aligncenter size-full wp-image-25098\" src=\"https:\/\/besi.hu\/wp-content\/uploads\/2025\/11\/ICDL.png\" alt=\"\" width=\"336\" height=\"170\" srcset=\"https:\/\/besi.hu\/wp-content\/uploads\/2025\/11\/ICDL.png 336w, https:\/\/besi.hu\/wp-content\/uploads\/2025\/11\/ICDL-300x152.png 300w\" sizes=\"auto, (max-width: 336px) 100vw, 336px\" \/><\/a><\/strong><\/p>\n<p style=\"text-align: center;\">\n<p><strong>\u00a0<\/strong><\/p>\n<p><strong>Regisztr\u00e1ci\u00f3s d\u00edj:<\/strong> 11 000 Ft<\/p>\n<p><strong>Vizsgad\u00edj:<\/strong> 2500 Ft\/modul<\/p>\n<p>&nbsp;<\/p>\n<p style=\"text-align: center;\"><strong><u>V\u00e1laszthat\u00f3 az ICDL 4 \u00e9s 7 modulos bizony\u00edtv\u00e1ny megszerz\u00e9se<\/u><\/strong><\/p>\n<p>&nbsp;<\/p>\n<p><strong>2 modult kell k\u00f6telez\u0151en teljes\u00edteni:<\/strong> Sz\u00e1m\u00edt\u00f3g\u00e9pes alapismeretek \u00e9s Online alapismeretek.<\/p>\n<p><strong>V\u00e1laszthat\u00f3 modulok:<\/strong><strong>\u00a0 <\/strong>Sz\u00f6vegszerkeszt\u00e9s, T\u00e1bl\u00e1zatkezel\u00e9s, Adatb\u00e1zis kezel\u00e9s, Prezent\u00e1ci\u00f3, K\u00e9pszerkeszt\u00e9s, Webszerkeszt\u00e9s, IT biztons\u00e1g, Online egy\u00fcttm\u0171k\u00f6d\u00e9s IKT pedag\u00f3gusoknak, Elektronikus hiteless\u00e9g, elektronikus al\u00e1\u00edr\u00e1s, K\u00f6z\u00f6ss\u00e9gi m\u00e9dia, K\u00e9perny\u0151olvas\u00e1s \u00e9s optikai karakterfelismer\u00e9s, K\u00f3dol\u00e1si alapismeretek (Phyton), Robotika, Mesters\u00e9ges Intelligencia<\/p>\n<p><strong>Tov\u00e1bbi inform\u00e1ci\u00f3k: <\/strong><a href=\"https:\/\/njszt.hu\/hu\/icdl\/modul\"><strong>https:\/\/njszt.hu\/hu\/icdl\/modul<\/strong><\/a><\/p>\n<p><strong>\u00a0<\/strong><\/p>\n<p style=\"text-align: center;\"><strong><u>ICDL \u00e9s \u00e9retts\u00e9gi<\/u><\/strong><\/p>\n<p><strong><u>\u00a0<\/u><\/strong><\/p>\n<p>A <strong>h\u00e1rom \u00e9vn\u00e9l nem r\u00e9gebbi, emelt vagy k\u00f6z\u00e9pszint\u0171 informatikai\u00a0\u00e9s digit\u00e1lis kult\u00fara \u00e9retts\u00e9gi vizsg\u00e1n n\u00e9gyes vagy \u00f6t\u00f6s \u00e9rdemjegyet szerz\u0151k<\/strong>\u00a0tov\u00e1bbi vizsga n\u00e9lk\u00fcl, a mindenkori legkedvezm\u00e9nyesebb\u00a0regisztr\u00e1ci\u00f3s d\u00edj befizet\u00e9se ellen\u00e9ben\u00a0ig\u00e9nyelhetnek\u00a0ICDL bizony\u00edtv\u00e1nyt.\u00a0 A mentess\u00e9g az\u00a0el\u0151rehozott \u00e9retts\u00e9giz\u0151kre is vonatkozik.<\/p>\n<p><strong>Az \u00e9retts\u00e9gi alapj\u00e1n az ig\u00e9nyl\u0151k a 7 modulos ICDL bizony\u00edtv\u00e1nyt kapj\u00e1k meg.<\/strong><\/p>\n<p><strong>Tov\u00e1bbi inform\u00e1ci\u00f3k: <a href=\"https:\/\/njszt.hu\/hu\/icdl\/erettsegi\">https:\/\/njszt.hu\/hu\/icdl\/erettsegi<\/a><\/strong><\/p>\n<p>&nbsp;<\/p>\n<p style=\"text-align: center;\"><strong><u>ICDL \u00e9s felv\u00e9teli<\/u><\/strong><\/p>\n<p>&nbsp;<\/p>\n<p>2024-t\u0151l kezd\u0151d\u0151en az ICDL tan\u00fas\u00edtv\u00e1ny besz\u00e1m\u00edt a fels\u0151oktat\u00e1si felv\u00e9teli t\u00f6bbletpontokba bizonyos egyetemeken. Mivel a fels\u0151oktat\u00e1si int\u00e9zm\u00e9nyek saj\u00e1t maguk hat\u00e1rozz\u00e1k meg, hogy h\u00e1ny pontot adnak az ICDL 4 modulos (BASE), 7 modulos (STANDARD) \u00e9s a PROFI (Advanced) tan\u00fas\u00edtv\u00e1nyok\u00e9rt, ez\u00e9rt ugyanaz az ICDL bizony\u00edtv\u00e1ny az egyes egyetemeken elt\u00e9r\u0151 pontsz\u00e1mot \u00e9rhet.<\/p>\n<p><strong>Tov\u00e1bbi inform\u00e1ci\u00f3k: <\/strong><a href=\"https:\/\/njszt.hu\/hu\/icdl\/felveteli\"><strong>https:\/\/njszt.hu\/hu\/icdl\/felveteli<\/strong><\/a><\/p>\n<p><strong>\u00a0<\/strong><\/p>\n<p><strong>\u00a0<\/strong><\/p>\n<p style=\"text-align: center;\"><strong>Tov\u00e1bbi inform\u00e1ci\u00f3 az iskola titk\u00e1rs\u00e1g\u00e1n \u00e9s honlapj\u00e1n <\/strong><\/p>\n<p style=\"text-align: center;\"><strong>vagy a <\/strong><a href=\"https:\/\/njszt.hu\/hu\"><strong>https:\/\/njszt.hu\/hu<\/strong><\/a><strong> oldalon.<\/strong><\/p>\n<p><strong>\u00a0<\/strong><\/p>\n<p><strong>\u00a0<\/strong><\/p>\n<div class=\"pvc_clear\"><\/div>\n<p id=\"pvc_stats_25097\" class=\"pvc_stats all  \" data-element-id=\"25097\" style=\"\"><i class=\"pvc-stats-icon medium\" aria-hidden=\"true\"><svg aria-hidden=\"true\" focusable=\"false\" data-prefix=\"far\" data-icon=\"chart-bar\" role=\"img\" xmlns=\"http:\/\/www.w3.org\/2000\/svg\" viewBox=\"0 0 512 512\" class=\"svg-inline--fa fa-chart-bar fa-w-16 fa-2x\"><path fill=\"currentColor\" d=\"M396.8 352h22.4c6.4 0 12.8-6.4 12.8-12.8V108.8c0-6.4-6.4-12.8-12.8-12.8h-22.4c-6.4 0-12.8 6.4-12.8 12.8v230.4c0 6.4 6.4 12.8 12.8 12.8zm-192 0h22.4c6.4 0 12.8-6.4 12.8-12.8V140.8c0-6.4-6.4-12.8-12.8-12.8h-22.4c-6.4 0-12.8 6.4-12.8 12.8v198.4c0 6.4 6.4 12.8 12.8 12.8zm96 0h22.4c6.4 0 12.8-6.4 12.8-12.8V204.8c0-6.4-6.4-12.8-12.8-12.8h-22.4c-6.4 0-12.8 6.4-12.8 12.8v134.4c0 6.4 6.4 12.8 12.8 12.8zM496 400H48V80c0-8.84-7.16-16-16-16H16C7.16 64 0 71.16 0 80v336c0 17.67 14.33 32 32 32h464c8.84 0 16-7.16 16-16v-16c0-8.84-7.16-16-16-16zm-387.2-48h22.4c6.4 0 12.8-6.4 12.8-12.8v-70.4c0-6.4-6.4-12.8-12.8-12.8h-22.4c-6.4 0-12.8 6.4-12.8 12.8v70.4c0 6.4 6.4 12.8 12.8 12.8z\" class=\"\"><\/path><\/svg><\/i> <img loading=\"lazy\" decoding=\"async\" width=\"16\" height=\"16\" alt=\"Loading\" src=\"https:\/\/besi.hu\/wp-content\/plugins\/page-views-count\/ajax-loader-2x.gif\" border=0 \/><\/p>\n<div class=\"pvc_clear\"><\/div>\n","protected":false},"excerpt":{"rendered":"<p>&nbsp; \u00a0 \u00a0 Regisztr\u00e1ci\u00f3s d\u00edj: 11 000 Ft Vizsgad\u00edj: 2500 Ft\/modul &nbsp; V\u00e1laszthat\u00f3 az ICDL 4 \u00e9s 7 modulos bizony\u00edtv\u00e1ny megszerz\u00e9se &nbsp; 2 modult kell k\u00f6telez\u0151en teljes\u00edteni: Sz\u00e1m\u00edt\u00f3g\u00e9pes alapismeretek \u00e9s Online alapismeretek. V\u00e1laszthat\u00f3 modulok:\u00a0 Sz\u00f6vegszerkeszt\u00e9s, T\u00e1bl\u00e1zatkezel\u00e9s, Adatb\u00e1zis kezel\u00e9s, Prezent\u00e1ci\u00f3, K\u00e9pszerkeszt\u00e9s, Webszerkeszt\u00e9s, IT biztons\u00e1g, Online egy\u00fcttm\u0171k\u00f6d\u00e9s IKT pedag\u00f3gusoknak, Elektronikus hiteless\u00e9g, elektronikus&#8230;<\/p>\n<div class=\"pvc_clear\"><\/div>\n<p id=\"pvc_stats_25097\" class=\"pvc_stats all  \" data-element-id=\"25097\" style=\"\"><i class=\"pvc-stats-icon medium\" aria-hidden=\"true\"><svg aria-hidden=\"true\" focusable=\"false\" data-prefix=\"far\" data-icon=\"chart-bar\" role=\"img\" xmlns=\"http:\/\/www.w3.org\/2000\/svg\" viewBox=\"0 0 512 512\" class=\"svg-inline--fa fa-chart-bar fa-w-16 fa-2x\"><path fill=\"currentColor\" d=\"M396.8 352h22.4c6.4 0 12.8-6.4 12.8-12.8V108.8c0-6.4-6.4-12.8-12.8-12.8h-22.4c-6.4 0-12.8 6.4-12.8 12.8v230.4c0 6.4 6.4 12.8 12.8 12.8zm-192 0h22.4c6.4 0 12.8-6.4 12.8-12.8V140.8c0-6.4-6.4-12.8-12.8-12.8h-22.4c-6.4 0-12.8 6.4-12.8 12.8v198.4c0 6.4 6.4 12.8 12.8 12.8zm96 0h22.4c6.4 0 12.8-6.4 12.8-12.8V204.8c0-6.4-6.4-12.8-12.8-12.8h-22.4c-6.4 0-12.8 6.4-12.8 12.8v134.4c0 6.4 6.4 12.8 12.8 12.8zM496 400H48V80c0-8.84-7.16-16-16-16H16C7.16 64 0 71.16 0 80v336c0 17.67 14.33 32 32 32h464c8.84 0 16-7.16 16-16v-16c0-8.84-7.16-16-16-16zm-387.2-48h22.4c6.4 0 12.8-6.4 12.8-12.8v-70.4c0-6.4-6.4-12.8-12.8-12.8h-22.4c-6.4 0-12.8 6.4-12.8 12.8v70.4c0 6.4 6.4 12.8 12.8 12.8z\" class=\"\"><\/path><\/svg><\/i> <img loading=\"lazy\" decoding=\"async\" width=\"16\" height=\"16\" alt=\"Loading\" src=\"https:\/\/besi.hu\/wp-content\/plugins\/page-views-count\/ajax-loader-2x.gif\" border=0 \/><\/p>\n<div class=\"pvc_clear\"><\/div>\n","protected":false},"author":1,"featured_media":0,"parent":0,"menu_order":0,"comment_status":"closed","ping_status":"closed","template":"","meta":{"footnotes":""},"class_list":["post-25097","page","type-page","status-publish","hentry"],"aioseo_notices":[],"a3_pvc":{"activated":true,"total_views":51,"today_views":0},"_links":{"self":[{"href":"https:\/\/besi.hu\/index.php?rest_route=\/wp\/v2\/pages\/25097","targetHints":{"allow":["GET"]}}],"collection":[{"href":"https:\/\/besi.hu\/index.php?rest_route=\/wp\/v2\/pages"}],"about":[{"href":"https:\/\/besi.hu\/index.php?rest_route=\/wp\/v2\/types\/page"}],"author":[{"embeddable":true,"href":"https:\/\/besi.hu\/index.php?rest_route=\/wp\/v2\/users\/1"}],"replies":[{"embeddable":true,"href":"https:\/\/besi.hu\/index.php?rest_route=%2Fwp%2Fv2%2Fcomments&post=25097"}],"version-history":[{"count":1,"href":"https:\/\/besi.hu\/index.php?rest_route=\/wp\/v2\/pages\/25097\/revisions"}],"predecessor-version":[{"id":25099,"href":"https:\/\/besi.hu\/index.php?rest_route=\/wp\/v2\/pages\/25097\/revisions\/25099"}],"wp:attachment":[{"href":"https:\/\/besi.hu\/index.php?rest_route=%2Fwp%2Fv2%2Fmedia&parent=25097"}],"curies":[{"name":"wp","href":"https:\/\/api.w.org\/{rel}","templated":true}]}}