{"id":2655,"date":"2024-03-22T07:16:44","date_gmt":"2024-03-22T06:16:44","guid":{"rendered":"https:\/\/besi.hu\/?page_id=2655"},"modified":"2025-03-20T12:31:51","modified_gmt":"2025-03-20T11:31:51","slug":"0001-arany-janos-tehetseggondozo-program-2024","status":"publish","type":"page","link":"https:\/\/besi.hu\/?page_id=2655","title":{"rendered":"0001 \u2013 Arany J\u00e1nos Tehets\u00e9ggondoz\u00f3 Program 2024"},"content":{"rendered":"<p>Felvehet\u0151 l\u00e9tsz\u00e1m 37 f\u0151<\/p>\n<p>A tanul\u00f3k sorrendje az AJTP p\u00e1ly\u00e1zatban meghat\u00e1rozottak szerint ker\u00fclt kialak\u00edt\u00e1sra.<\/p>\n<table style=\"border-collapse: collapse; width: 146pt;\" width=\"195\">\n<tbody>\n<tr style=\"height: 15.0pt;\">\n<td class=\"xl17\" style=\"width: 48pt; height: 15.0pt;\" width=\"64\" height=\"20\">Ssz.<\/td>\n<td class=\"xl16\" style=\"width: 98pt;\" width=\"131\">Oktat\u00e1si azonos\u00edt\u00f3<\/td>\n<\/tr>\n<tr style=\"height: 15.0pt;\">\n<td style=\"height: 15.0pt;\" align=\"right\" height=\"20\">1<\/td>\n<td>72693340210<\/td>\n<\/tr>\n<tr style=\"height: 15.0pt;\">\n<td style=\"height: 15.0pt;\" align=\"right\" height=\"20\">2<\/td>\n<td>72670625238<\/td>\n<\/tr>\n<tr style=\"height: 15.0pt;\">\n<td style=\"height: 15.0pt;\" align=\"right\" height=\"20\">3<\/td>\n<td>72822461777<\/td>\n<\/tr>\n<tr style=\"height: 15.0pt;\">\n<td style=\"height: 15.0pt;\" align=\"right\" height=\"20\">4<\/td>\n<td>72880716986<\/td>\n<\/tr>\n<tr style=\"height: 15.0pt;\">\n<td style=\"height: 15.0pt;\" align=\"right\" height=\"20\">5<\/td>\n<td>73171461432<\/td>\n<\/tr>\n<tr style=\"height: 15.0pt;\">\n<td style=\"height: 15.0pt;\" align=\"right\" height=\"20\">6<\/td>\n<td>72857175555<\/td>\n<\/tr>\n<tr style=\"height: 15.0pt;\">\n<td style=\"height: 15.0pt;\" align=\"right\" height=\"20\">7<\/td>\n<td>72633628453<\/td>\n<\/tr>\n<tr style=\"height: 15.0pt;\">\n<td style=\"height: 15.0pt;\" align=\"right\" height=\"20\">8<\/td>\n<td>72789238788<\/td>\n<\/tr>\n<tr style=\"height: 15.0pt;\">\n<td style=\"height: 15.0pt;\" align=\"right\" height=\"20\">9<\/td>\n<td>72657083645<\/td>\n<\/tr>\n<tr style=\"height: 15.0pt;\">\n<td style=\"height: 15.0pt;\" align=\"right\" height=\"20\">10<\/td>\n<td>72824049045<\/td>\n<\/tr>\n<tr style=\"height: 15.0pt;\">\n<td style=\"height: 15.0pt;\" align=\"right\" height=\"20\">11<\/td>\n<td>72731479268<\/td>\n<\/tr>\n<tr style=\"height: 15.0pt;\">\n<td style=\"height: 15.0pt;\" align=\"right\" height=\"20\">12<\/td>\n<td>72758215732<\/td>\n<\/tr>\n<tr style=\"height: 15.0pt;\">\n<td style=\"height: 15.0pt;\" align=\"right\" height=\"20\">13<\/td>\n<td>72633698690<\/td>\n<\/tr>\n<tr style=\"height: 15.0pt;\">\n<td style=\"height: 15.0pt;\" align=\"right\" height=\"20\">14<\/td>\n<td>72672925850<\/td>\n<\/tr>\n<tr style=\"height: 15.0pt;\">\n<td style=\"height: 15.0pt;\" align=\"right\" height=\"20\">15<\/td>\n<td>72895212707<\/td>\n<\/tr>\n<tr style=\"height: 15.0pt;\">\n<td style=\"height: 15.0pt;\" align=\"right\" height=\"20\">16<\/td>\n<td>72717053205<\/td>\n<\/tr>\n<tr style=\"height: 15.0pt;\">\n<td style=\"height: 15.0pt;\" align=\"right\" height=\"20\">17<\/td>\n<td>72786013846<\/td>\n<\/tr>\n<tr style=\"height: 15.0pt;\">\n<td style=\"height: 15.0pt;\" align=\"right\" height=\"20\">18<\/td>\n<td>72834524824<\/td>\n<\/tr>\n<tr style=\"height: 15.0pt;\">\n<td style=\"height: 15.0pt;\" align=\"right\" height=\"20\">19<\/td>\n<td>72694696502<\/td>\n<\/tr>\n<tr style=\"height: 15.0pt;\">\n<td style=\"height: 15.0pt;\" align=\"right\" height=\"20\">20<\/td>\n<td>72888346460<\/td>\n<\/tr>\n<tr style=\"height: 15.0pt;\">\n<td style=\"height: 15.0pt;\" align=\"right\" height=\"20\">21<\/td>\n<td>72775843706<\/td>\n<\/tr>\n<tr style=\"height: 15.0pt;\">\n<td style=\"height: 15.0pt;\" align=\"right\" height=\"20\">22<\/td>\n<td>72772511391<\/td>\n<\/tr>\n<tr style=\"height: 15.0pt;\">\n<td style=\"height: 15.0pt;\" align=\"right\" height=\"20\">23<\/td>\n<td>72715510799<\/td>\n<\/tr>\n<tr style=\"height: 15.0pt;\">\n<td style=\"height: 15.0pt;\" align=\"right\" height=\"20\">24<\/td>\n<td>72779368359<\/td>\n<\/tr>\n<tr style=\"height: 15.0pt;\">\n<td style=\"height: 15.0pt;\" align=\"right\" height=\"20\">25<\/td>\n<td>72836172622<\/td>\n<\/tr>\n<tr style=\"height: 15.0pt;\">\n<td style=\"height: 15.0pt;\" align=\"right\" height=\"20\">26<\/td>\n<td>72655406086<\/td>\n<\/tr>\n<tr style=\"height: 15.0pt;\">\n<td style=\"height: 15.0pt;\" align=\"right\" height=\"20\">27<\/td>\n<td>72655450217<\/td>\n<\/tr>\n<tr style=\"height: 15.0pt;\">\n<td style=\"height: 15.0pt;\" align=\"right\" height=\"20\">28<\/td>\n<td>72939381736<\/td>\n<\/tr>\n<tr style=\"height: 15.0pt;\">\n<td style=\"height: 15.0pt;\" align=\"right\" height=\"20\">29<\/td>\n<td>72670758314<\/td>\n<\/tr>\n<tr style=\"height: 15.0pt;\">\n<td style=\"height: 15.0pt;\" align=\"right\" height=\"20\">30<\/td>\n<td>73065807576<\/td>\n<\/tr>\n<tr style=\"height: 15.0pt;\">\n<td style=\"height: 15.0pt;\" align=\"right\" height=\"20\">31<\/td>\n<td>72728157422<\/td>\n<\/tr>\n<tr style=\"height: 15.0pt;\">\n<td style=\"height: 15.0pt;\" align=\"right\" height=\"20\">32<\/td>\n<td>72716962746<\/td>\n<\/tr>\n<tr style=\"height: 15.0pt;\">\n<td style=\"height: 15.0pt;\" align=\"right\" height=\"20\">33<\/td>\n<td>72630221555<\/td>\n<\/tr>\n<tr style=\"height: 15.0pt;\">\n<td style=\"height: 15.0pt;\" align=\"right\" height=\"20\">34<\/td>\n<td>72863018129<\/td>\n<\/tr>\n<tr style=\"height: 15.0pt;\">\n<td style=\"height: 15.0pt;\" align=\"right\" height=\"20\">35<\/td>\n<td>73171453388<\/td>\n<\/tr>\n<tr style=\"height: 15.0pt;\">\n<td style=\"height: 15.0pt;\" align=\"right\" height=\"20\">36<\/td>\n<td>72784758702<\/td>\n<\/tr>\n<tr style=\"height: 15.0pt;\">\n<td style=\"height: 15.0pt;\" align=\"right\" height=\"20\">37<\/td>\n<td>72690711146<\/td>\n<\/tr>\n<tr style=\"height: 15.0pt;\">\n<td style=\"height: 15.0pt;\" align=\"right\" height=\"20\">38<\/td>\n<td>72835552215<\/td>\n<\/tr>\n<tr style=\"height: 15.0pt;\">\n<td style=\"height: 15.0pt;\" align=\"right\" height=\"20\">39<\/td>\n<td>72806996912<\/td>\n<\/tr>\n<tr style=\"height: 15.0pt;\">\n<td class=\"xl17\" style=\"height: 15.0pt;\" align=\"right\" height=\"20\">40<\/td>\n<td>72671563784<\/td>\n<\/tr>\n<tr style=\"height: 15.0pt;\">\n<td style=\"height: 15.0pt;\" align=\"right\" height=\"20\">41<\/td>\n<td>72917549822<\/td>\n<\/tr>\n<tr style=\"height: 15.0pt;\">\n<td class=\"xl17\" style=\"height: 15.0pt;\" align=\"right\" height=\"20\">42<\/td>\n<td>72770741356<\/td>\n<\/tr>\n<tr style=\"height: 15.0pt;\">\n<td class=\"xl17\" style=\"height: 15.0pt;\" height=\"20\">E<\/td>\n<td>72808597819<\/td>\n<\/tr>\n<tr style=\"height: 15.0pt;\">\n<td class=\"xl17\" style=\"height: 15.0pt;\" height=\"20\">E<\/td>\n<td>72772646294<\/td>\n<\/tr>\n<tr style=\"height: 15.0pt;\">\n<td class=\"xl17\" style=\"height: 15.0pt;\" height=\"20\">E<\/td>\n<td>72776227150<\/td>\n<\/tr>\n<tr style=\"height: 15.0pt;\">\n<td class=\"xl17\" style=\"height: 15.0pt;\" height=\"20\">E<\/td>\n<td>73375284930<\/td>\n<\/tr>\n<tr style=\"height: 15.0pt;\">\n<td class=\"xl17\" style=\"height: 15.0pt;\" height=\"20\">E<\/td>\n<td>72862247815<\/td>\n<\/tr>\n<\/tbody>\n<\/table>\n<div class=\"pvc_clear\"><\/div>\n<p id=\"pvc_stats_2655\" class=\"pvc_stats all  \" data-element-id=\"2655\" style=\"\"><i class=\"pvc-stats-icon medium\" aria-hidden=\"true\"><svg aria-hidden=\"true\" focusable=\"false\" data-prefix=\"far\" data-icon=\"chart-bar\" role=\"img\" xmlns=\"http:\/\/www.w3.org\/2000\/svg\" viewBox=\"0 0 512 512\" class=\"svg-inline--fa fa-chart-bar fa-w-16 fa-2x\"><path fill=\"currentColor\" d=\"M396.8 352h22.4c6.4 0 12.8-6.4 12.8-12.8V108.8c0-6.4-6.4-12.8-12.8-12.8h-22.4c-6.4 0-12.8 6.4-12.8 12.8v230.4c0 6.4 6.4 12.8 12.8 12.8zm-192 0h22.4c6.4 0 12.8-6.4 12.8-12.8V140.8c0-6.4-6.4-12.8-12.8-12.8h-22.4c-6.4 0-12.8 6.4-12.8 12.8v198.4c0 6.4 6.4 12.8 12.8 12.8zm96 0h22.4c6.4 0 12.8-6.4 12.8-12.8V204.8c0-6.4-6.4-12.8-12.8-12.8h-22.4c-6.4 0-12.8 6.4-12.8 12.8v134.4c0 6.4 6.4 12.8 12.8 12.8zM496 400H48V80c0-8.84-7.16-16-16-16H16C7.16 64 0 71.16 0 80v336c0 17.67 14.33 32 32 32h464c8.84 0 16-7.16 16-16v-16c0-8.84-7.16-16-16-16zm-387.2-48h22.4c6.4 0 12.8-6.4 12.8-12.8v-70.4c0-6.4-6.4-12.8-12.8-12.8h-22.4c-6.4 0-12.8 6.4-12.8 12.8v70.4c0 6.4 6.4 12.8 12.8 12.8z\" class=\"\"><\/path><\/svg><\/i> <img loading=\"lazy\" decoding=\"async\" width=\"16\" height=\"16\" alt=\"Loading\" src=\"https:\/\/besi.hu\/wp-content\/plugins\/page-views-count\/ajax-loader-2x.gif\" border=0 \/><\/p>\n<div class=\"pvc_clear\"><\/div>\n","protected":false},"excerpt":{"rendered":"<p>Felvehet\u0151 l\u00e9tsz\u00e1m 37 f\u0151 A tanul\u00f3k sorrendje az AJTP p\u00e1ly\u00e1zatban meghat\u00e1rozottak szerint ker\u00fclt kialak\u00edt\u00e1sra. Ssz. Oktat\u00e1si azonos\u00edt\u00f3 1 72693340210 2 72670625238 3 72822461777 4 72880716986 5 73171461432 6 72857175555 7 72633628453 8 72789238788 9 72657083645 10 72824049045 11 72731479268 12 72758215732 13 72633698690 14 72672925850 15 72895212707 16 72717053205 17&#8230;<\/p>\n<div class=\"pvc_clear\"><\/div>\n<p id=\"pvc_stats_2655\" class=\"pvc_stats all  \" data-element-id=\"2655\" style=\"\"><i class=\"pvc-stats-icon medium\" aria-hidden=\"true\"><svg aria-hidden=\"true\" focusable=\"false\" data-prefix=\"far\" data-icon=\"chart-bar\" role=\"img\" xmlns=\"http:\/\/www.w3.org\/2000\/svg\" viewBox=\"0 0 512 512\" class=\"svg-inline--fa fa-chart-bar fa-w-16 fa-2x\"><path fill=\"currentColor\" d=\"M396.8 352h22.4c6.4 0 12.8-6.4 12.8-12.8V108.8c0-6.4-6.4-12.8-12.8-12.8h-22.4c-6.4 0-12.8 6.4-12.8 12.8v230.4c0 6.4 6.4 12.8 12.8 12.8zm-192 0h22.4c6.4 0 12.8-6.4 12.8-12.8V140.8c0-6.4-6.4-12.8-12.8-12.8h-22.4c-6.4 0-12.8 6.4-12.8 12.8v198.4c0 6.4 6.4 12.8 12.8 12.8zm96 0h22.4c6.4 0 12.8-6.4 12.8-12.8V204.8c0-6.4-6.4-12.8-12.8-12.8h-22.4c-6.4 0-12.8 6.4-12.8 12.8v134.4c0 6.4 6.4 12.8 12.8 12.8zM496 400H48V80c0-8.84-7.16-16-16-16H16C7.16 64 0 71.16 0 80v336c0 17.67 14.33 32 32 32h464c8.84 0 16-7.16 16-16v-16c0-8.84-7.16-16-16-16zm-387.2-48h22.4c6.4 0 12.8-6.4 12.8-12.8v-70.4c0-6.4-6.4-12.8-12.8-12.8h-22.4c-6.4 0-12.8 6.4-12.8 12.8v70.4c0 6.4 6.4 12.8 12.8 12.8z\" class=\"\"><\/path><\/svg><\/i> <img loading=\"lazy\" decoding=\"async\" width=\"16\" height=\"16\" alt=\"Loading\" src=\"https:\/\/besi.hu\/wp-content\/plugins\/page-views-count\/ajax-loader-2x.gif\" border=0 \/><\/p>\n<div class=\"pvc_clear\"><\/div>\n","protected":false},"author":1,"featured_media":0,"parent":0,"menu_order":0,"comment_status":"closed","ping_status":"closed","template":"","meta":{"footnotes":""},"class_list":["post-2655","page","type-page","status-publish","hentry"],"aioseo_notices":[],"a3_pvc":{"activated":true,"total_views":406,"today_views":0},"_links":{"self":[{"href":"https:\/\/besi.hu\/index.php?rest_route=\/wp\/v2\/pages\/2655","targetHints":{"allow":["GET"]}}],"collection":[{"href":"https:\/\/besi.hu\/index.php?rest_route=\/wp\/v2\/pages"}],"about":[{"href":"https:\/\/besi.hu\/index.php?rest_route=\/wp\/v2\/types\/page"}],"author":[{"embeddable":true,"href":"https:\/\/besi.hu\/index.php?rest_route=\/wp\/v2\/users\/1"}],"replies":[{"embeddable":true,"href":"https:\/\/besi.hu\/index.php?rest_route=%2Fwp%2Fv2%2Fcomments&post=2655"}],"version-history":[{"count":2,"href":"https:\/\/besi.hu\/index.php?rest_route=\/wp\/v2\/pages\/2655\/revisions"}],"predecessor-version":[{"id":2680,"href":"https:\/\/besi.hu\/index.php?rest_route=\/wp\/v2\/pages\/2655\/revisions\/2680"}],"wp:attachment":[{"href":"https:\/\/besi.hu\/index.php?rest_route=%2Fwp%2Fv2%2Fmedia&parent=2655"}],"curies":[{"name":"wp","href":"https:\/\/api.w.org\/{rel}","templated":true}]}}