{"id":2660,"date":"2024-03-22T07:20:37","date_gmt":"2024-03-22T06:20:37","guid":{"rendered":"https:\/\/besi.hu\/?page_id=2660"},"modified":"2024-03-22T08:05:27","modified_gmt":"2024-03-22T07:05:27","slug":"0002-kiemelt-idegen-nyelvi-kepzes-2","status":"publish","type":"page","link":"https:\/\/besi.hu\/?page_id=2660","title":{"rendered":"0002 &#8211; Kiemelt idegen nyelvi k\u00e9pz\u00e9s 2024"},"content":{"rendered":"<p>Felvehet\u0151 l\u00e9tsz\u00e1m 32 f\u0151<\/p>\n<table style=\"border-collapse: collapse; width: 245pt;\" width=\"326\">\n<tbody>\n<tr style=\"height: 15.0pt;\">\n<td class=\"xl16\" style=\"width: 48pt; height: 15.0pt;\" width=\"64\" height=\"20\">Sorsz\u00e1m<\/td>\n<td class=\"xl16\" style=\"width: 98pt;\" width=\"131\">Oktat\u00e1si azonos\u00edt\u00f3<\/td>\n<td class=\"xl16\" style=\"width: 98pt;\" width=\"131\">Pontsz\u00e1m<\/td>\n<\/tr>\n<tr style=\"height: 15.0pt;\">\n<td style=\"height: 15.0pt;\" align=\"right\" height=\"20\">1<\/td>\n<td>72784443445<\/td>\n<td align=\"right\">143<\/td>\n<\/tr>\n<tr style=\"height: 15.0pt;\">\n<td style=\"height: 15.0pt;\" align=\"right\" height=\"20\">2<\/td>\n<td>72784527483<\/td>\n<td align=\"right\">131<\/td>\n<\/tr>\n<tr style=\"height: 15.0pt;\">\n<td style=\"height: 15.0pt;\" align=\"right\" height=\"20\">3<\/td>\n<td>72888505629<\/td>\n<td align=\"right\">129<\/td>\n<\/tr>\n<tr style=\"height: 15.0pt;\">\n<td style=\"height: 15.0pt;\" align=\"right\" height=\"20\">4<\/td>\n<td>72698602101<\/td>\n<td align=\"right\">129<\/td>\n<\/tr>\n<tr style=\"height: 15.0pt;\">\n<td style=\"height: 15.0pt;\" align=\"right\" height=\"20\">5<\/td>\n<td>72905670829<\/td>\n<td align=\"right\">128<\/td>\n<\/tr>\n<tr style=\"height: 15.0pt;\">\n<td style=\"height: 15.0pt;\" align=\"right\" height=\"20\">6<\/td>\n<td>72699225682<\/td>\n<td align=\"right\">127<\/td>\n<\/tr>\n<tr style=\"height: 15.0pt;\">\n<td style=\"height: 15.0pt;\" align=\"right\" height=\"20\">7<\/td>\n<td>72775970745<\/td>\n<td align=\"right\">125<\/td>\n<\/tr>\n<tr style=\"height: 15.0pt;\">\n<td style=\"height: 15.0pt;\" align=\"right\" height=\"20\">8<\/td>\n<td>72781056045<\/td>\n<td align=\"right\">124,5<\/td>\n<\/tr>\n<tr style=\"height: 15.0pt;\">\n<td style=\"height: 15.0pt;\" align=\"right\" height=\"20\">9<\/td>\n<td>72757542007<\/td>\n<td align=\"right\">123,5<\/td>\n<\/tr>\n<tr style=\"height: 15.0pt;\">\n<td style=\"height: 15.0pt;\" align=\"right\" height=\"20\">10<\/td>\n<td>72647543732<\/td>\n<td align=\"right\">123<\/td>\n<\/tr>\n<tr style=\"height: 15.0pt;\">\n<td style=\"height: 15.0pt;\" align=\"right\" height=\"20\">11<\/td>\n<td>72767437462<\/td>\n<td align=\"right\">123<\/td>\n<\/tr>\n<tr style=\"height: 15.0pt;\">\n<td style=\"height: 15.0pt;\" align=\"right\" height=\"20\">12<\/td>\n<td>72694567229<\/td>\n<td align=\"right\">122<\/td>\n<\/tr>\n<tr style=\"height: 15.0pt;\">\n<td style=\"height: 15.0pt;\" align=\"right\" height=\"20\">13<\/td>\n<td>72836174968<\/td>\n<td align=\"right\">122<\/td>\n<\/tr>\n<tr style=\"height: 15.0pt;\">\n<td style=\"height: 15.0pt;\" align=\"right\" height=\"20\">14<\/td>\n<td>73003266528<\/td>\n<td align=\"right\">122<\/td>\n<\/tr>\n<tr style=\"height: 15.0pt;\">\n<td style=\"height: 15.0pt;\" align=\"right\" height=\"20\">15<\/td>\n<td>72836189853<\/td>\n<td align=\"right\">121,5<\/td>\n<\/tr>\n<tr style=\"height: 15.0pt;\">\n<td style=\"height: 15.0pt;\" align=\"right\" height=\"20\">16<\/td>\n<td>72888489445<\/td>\n<td align=\"right\">121<\/td>\n<\/tr>\n<tr style=\"height: 15.0pt;\">\n<td style=\"height: 15.0pt;\" align=\"right\" height=\"20\">17<\/td>\n<td>72882541109<\/td>\n<td align=\"right\">118<\/td>\n<\/tr>\n<tr style=\"height: 15.0pt;\">\n<td style=\"height: 15.0pt;\" align=\"right\" height=\"20\">18<\/td>\n<td>72790943134<\/td>\n<td align=\"right\">118<\/td>\n<\/tr>\n<tr style=\"height: 15.0pt;\">\n<td style=\"height: 15.0pt;\" align=\"right\" height=\"20\">19<\/td>\n<td>72780548879<\/td>\n<td align=\"right\">118<\/td>\n<\/tr>\n<tr style=\"height: 15.0pt;\">\n<td style=\"height: 15.0pt;\" align=\"right\" height=\"20\">20<\/td>\n<td>72836182119<\/td>\n<td align=\"right\">118<\/td>\n<\/tr>\n<tr style=\"height: 15.0pt;\">\n<td style=\"height: 15.0pt;\" align=\"right\" height=\"20\">21<\/td>\n<td>73616785589<\/td>\n<td align=\"right\">118<\/td>\n<\/tr>\n<tr style=\"height: 15.0pt;\">\n<td style=\"height: 15.0pt;\" align=\"right\" height=\"20\">22<\/td>\n<td>72698826768<\/td>\n<td align=\"right\">117<\/td>\n<\/tr>\n<tr style=\"height: 15.0pt;\">\n<td style=\"height: 15.0pt;\" align=\"right\" height=\"20\">23<\/td>\n<td>72778545584<\/td>\n<td align=\"right\">116<\/td>\n<\/tr>\n<tr style=\"height: 15.0pt;\">\n<td style=\"height: 15.0pt;\" align=\"right\" height=\"20\">24<\/td>\n<td>72880152326<\/td>\n<td align=\"right\">115<\/td>\n<\/tr>\n<tr style=\"height: 15.0pt;\">\n<td style=\"height: 15.0pt;\" align=\"right\" height=\"20\">25<\/td>\n<td>72880708080<\/td>\n<td align=\"right\">115<\/td>\n<\/tr>\n<tr style=\"height: 15.0pt;\">\n<td style=\"height: 15.0pt;\" align=\"right\" height=\"20\">26<\/td>\n<td>72672165496<\/td>\n<td align=\"right\">114<\/td>\n<\/tr>\n<tr style=\"height: 15.0pt;\">\n<td style=\"height: 15.0pt;\" align=\"right\" height=\"20\">27<\/td>\n<td>72780398557<\/td>\n<td align=\"right\">113,5<\/td>\n<\/tr>\n<tr style=\"height: 15.0pt;\">\n<td style=\"height: 15.0pt;\" align=\"right\" height=\"20\">28<\/td>\n<td>72779044851<\/td>\n<td align=\"right\">113,5<\/td>\n<\/tr>\n<tr style=\"height: 15.0pt;\">\n<td style=\"height: 15.0pt;\" align=\"right\" height=\"20\">29<\/td>\n<td>72932173221<\/td>\n<td align=\"right\">112<\/td>\n<\/tr>\n<tr style=\"height: 15.0pt;\">\n<td style=\"height: 15.0pt;\" align=\"right\" height=\"20\">30<\/td>\n<td>72775834420<\/td>\n<td align=\"right\">112<\/td>\n<\/tr>\n<tr style=\"height: 15.0pt;\">\n<td style=\"height: 15.0pt;\" align=\"right\" height=\"20\">31<\/td>\n<td>72713744725<\/td>\n<td align=\"right\">111<\/td>\n<\/tr>\n<tr style=\"height: 15.0pt;\">\n<td style=\"height: 15.0pt;\" align=\"right\" height=\"20\">32<\/td>\n<td>73033507604<\/td>\n<td align=\"right\">111<\/td>\n<\/tr>\n<tr style=\"height: 15.0pt;\">\n<td style=\"height: 15.0pt;\" align=\"right\" height=\"20\">33<\/td>\n<td>72775916858<\/td>\n<td align=\"right\">110<\/td>\n<\/tr>\n<tr style=\"height: 15.0pt;\">\n<td style=\"height: 15.0pt;\" align=\"right\" height=\"20\">34<\/td>\n<td>72784291263<\/td>\n<td align=\"right\">110<\/td>\n<\/tr>\n<tr style=\"height: 15.0pt;\">\n<td style=\"height: 15.0pt;\" align=\"right\" height=\"20\">35<\/td>\n<td>72707442012<\/td>\n<td align=\"right\">110<\/td>\n<\/tr>\n<tr style=\"height: 15.0pt;\">\n<td style=\"height: 15.0pt;\" align=\"right\" height=\"20\">36<\/td>\n<td>72699168094<\/td>\n<td align=\"right\">109<\/td>\n<\/tr>\n<tr style=\"height: 15.0pt;\">\n<td style=\"height: 15.0pt;\" align=\"right\" height=\"20\">37<\/td>\n<td>72824464606<\/td>\n<td align=\"right\">108,5<\/td>\n<\/tr>\n<tr style=\"height: 15.0pt;\">\n<td style=\"height: 15.0pt;\" align=\"right\" height=\"20\">38<\/td>\n<td>72884734641<\/td>\n<td align=\"right\">106,5<\/td>\n<\/tr>\n<tr style=\"height: 15.0pt;\">\n<td style=\"height: 15.0pt;\" align=\"right\" height=\"20\">39<\/td>\n<td>73003260687<\/td>\n<td align=\"right\">106<\/td>\n<\/tr>\n<tr style=\"height: 15.0pt;\">\n<td style=\"height: 15.0pt;\" align=\"right\" height=\"20\">40<\/td>\n<td>73375284930<\/td>\n<td align=\"right\">105,5<\/td>\n<\/tr>\n<tr style=\"height: 15.0pt;\">\n<td style=\"height: 15.0pt;\" align=\"right\" height=\"20\">41<\/td>\n<td>72836188201<\/td>\n<td align=\"right\">104,5<\/td>\n<\/tr>\n<tr style=\"height: 15.0pt;\">\n<td style=\"height: 15.0pt;\" align=\"right\" height=\"20\">42<\/td>\n<td>72870084705<\/td>\n<td align=\"right\">104,5<\/td>\n<\/tr>\n<tr style=\"height: 15.0pt;\">\n<td style=\"height: 15.0pt;\" align=\"right\" height=\"20\">43<\/td>\n<td>72812852005<\/td>\n<td align=\"right\">104<\/td>\n<\/tr>\n<tr style=\"height: 15.0pt;\">\n<td style=\"height: 15.0pt;\" align=\"right\" height=\"20\">44<\/td>\n<td>72910817117<\/td>\n<td align=\"right\">104<\/td>\n<\/tr>\n<tr style=\"height: 15.0pt;\">\n<td style=\"height: 15.0pt;\" align=\"right\" height=\"20\">45<\/td>\n<td>72672925850<\/td>\n<td align=\"right\">103<\/td>\n<\/tr>\n<tr style=\"height: 15.0pt;\">\n<td style=\"height: 15.0pt;\" align=\"right\" height=\"20\">46<\/td>\n<td>72784364637<\/td>\n<td align=\"right\">103<\/td>\n<\/tr>\n<tr style=\"height: 15.0pt;\">\n<td style=\"height: 15.0pt;\" align=\"right\" height=\"20\">47<\/td>\n<td>72672214465<\/td>\n<td align=\"right\">103<\/td>\n<\/tr>\n<tr style=\"height: 15.0pt;\">\n<td style=\"height: 15.0pt;\" align=\"right\" height=\"20\">48<\/td>\n<td>72758215732<\/td>\n<td align=\"right\">102<\/td>\n<\/tr>\n<tr style=\"height: 15.0pt;\">\n<td style=\"height: 15.0pt;\" align=\"right\" height=\"20\">49<\/td>\n<td>72713801527<\/td>\n<td align=\"right\">101,5<\/td>\n<\/tr>\n<tr style=\"height: 15.0pt;\">\n<td style=\"height: 15.0pt;\" align=\"right\" height=\"20\">50<\/td>\n<td>72633622979<\/td>\n<td align=\"right\">101,5<\/td>\n<\/tr>\n<tr style=\"height: 15.0pt;\">\n<td style=\"height: 15.0pt;\" align=\"right\" height=\"20\">51<\/td>\n<td>72888570135<\/td>\n<td align=\"right\">101,5<\/td>\n<\/tr>\n<tr style=\"height: 15.0pt;\">\n<td style=\"height: 15.0pt;\" align=\"right\" height=\"20\">52<\/td>\n<td>72895212707<\/td>\n<td align=\"right\">101<\/td>\n<\/tr>\n<tr style=\"height: 15.0pt;\">\n<td style=\"height: 15.0pt;\" align=\"right\" height=\"20\">53<\/td>\n<td>72701475419<\/td>\n<td align=\"right\">101<\/td>\n<\/tr>\n<tr style=\"height: 15.0pt;\">\n<td style=\"height: 15.0pt;\" align=\"right\" height=\"20\">54<\/td>\n<td>72902556212<\/td>\n<td align=\"right\">101<\/td>\n<\/tr>\n<tr style=\"height: 15.0pt;\">\n<td style=\"height: 15.0pt;\" align=\"right\" height=\"20\">55<\/td>\n<td>72960363854<\/td>\n<td align=\"right\">100<\/td>\n<\/tr>\n<tr style=\"height: 15.0pt;\">\n<td style=\"height: 15.0pt;\" align=\"right\" height=\"20\">56<\/td>\n<td>72919370557<\/td>\n<td align=\"right\">98<\/td>\n<\/tr>\n<tr style=\"height: 15.0pt;\">\n<td style=\"height: 15.0pt;\" align=\"right\" height=\"20\">57<\/td>\n<td>72624087784<\/td>\n<td align=\"right\">98<\/td>\n<\/tr>\n<tr style=\"height: 15.0pt;\">\n<td style=\"height: 15.0pt;\" align=\"right\" height=\"20\">58<\/td>\n<td>72788711123<\/td>\n<td align=\"right\">98<\/td>\n<\/tr>\n<tr style=\"height: 15.0pt;\">\n<td style=\"height: 15.0pt;\" align=\"right\" height=\"20\">59<\/td>\n<td>72883488051<\/td>\n<td align=\"right\">97<\/td>\n<\/tr>\n<tr style=\"height: 15.0pt;\">\n<td style=\"height: 15.0pt;\" align=\"right\" height=\"20\">60<\/td>\n<td>72624088389<\/td>\n<td align=\"right\">96<\/td>\n<\/tr>\n<tr style=\"height: 15.0pt;\">\n<td style=\"height: 15.0pt;\" align=\"right\" height=\"20\">61<\/td>\n<td>72822466521<\/td>\n<td align=\"right\">95<\/td>\n<\/tr>\n<tr style=\"height: 15.0pt;\">\n<td style=\"height: 15.0pt;\" align=\"right\" height=\"20\">62<\/td>\n<td>72781801111<\/td>\n<td align=\"right\">95<\/td>\n<\/tr>\n<tr style=\"height: 15.0pt;\">\n<td style=\"height: 15.0pt;\" align=\"right\" height=\"20\">63<\/td>\n<td>72808871659<\/td>\n<td align=\"right\">95<\/td>\n<\/tr>\n<tr style=\"height: 15.0pt;\">\n<td style=\"height: 15.0pt;\" align=\"right\" height=\"20\">64<\/td>\n<td>72905650773<\/td>\n<td align=\"right\">94,5<\/td>\n<\/tr>\n<tr style=\"height: 15.0pt;\">\n<td style=\"height: 15.0pt;\" align=\"right\" height=\"20\">65<\/td>\n<td>72694422787<\/td>\n<td align=\"right\">94<\/td>\n<\/tr>\n<tr style=\"height: 15.0pt;\">\n<td style=\"height: 15.0pt;\" align=\"right\" height=\"20\">66<\/td>\n<td>73003276794<\/td>\n<td align=\"right\">94<\/td>\n<\/tr>\n<tr style=\"height: 15.0pt;\">\n<td style=\"height: 15.0pt;\" align=\"right\" height=\"20\">67<\/td>\n<td>72785719941<\/td>\n<td align=\"right\">93,5<\/td>\n<\/tr>\n<tr style=\"height: 15.0pt;\">\n<td style=\"height: 15.0pt;\" align=\"right\" height=\"20\">68<\/td>\n<td>72698652103<\/td>\n<td align=\"right\">90<\/td>\n<\/tr>\n<tr style=\"height: 15.0pt;\">\n<td style=\"height: 15.0pt;\" align=\"right\" height=\"20\">69<\/td>\n<td>72875290555<\/td>\n<td align=\"right\">89<\/td>\n<\/tr>\n<tr style=\"height: 15.0pt;\">\n<td style=\"height: 15.0pt;\" align=\"right\" height=\"20\">70<\/td>\n<td>72792029986<\/td>\n<td align=\"right\">88,5<\/td>\n<\/tr>\n<tr style=\"height: 15.0pt;\">\n<td style=\"height: 15.0pt;\" align=\"right\" height=\"20\">71<\/td>\n<td>72704144859<\/td>\n<td align=\"right\">87,5<\/td>\n<\/tr>\n<tr style=\"height: 15.0pt;\">\n<td style=\"height: 15.0pt;\" align=\"right\" height=\"20\">72<\/td>\n<td>72902749193<\/td>\n<td align=\"right\">87<\/td>\n<\/tr>\n<tr style=\"height: 15.0pt;\">\n<td style=\"height: 15.0pt;\" align=\"right\" height=\"20\">73<\/td>\n<td>72736794568<\/td>\n<td align=\"right\">87<\/td>\n<\/tr>\n<tr style=\"height: 15.0pt;\">\n<td style=\"height: 15.0pt;\" align=\"right\" height=\"20\">74<\/td>\n<td>72649956099<\/td>\n<td align=\"right\">87<\/td>\n<\/tr>\n<tr style=\"height: 15.0pt;\">\n<td style=\"height: 15.0pt;\" align=\"right\" height=\"20\">75<\/td>\n<td>72715510799<\/td>\n<td align=\"right\">86,5<\/td>\n<\/tr>\n<tr style=\"height: 15.0pt;\">\n<td style=\"height: 15.0pt;\" align=\"right\" height=\"20\">76<\/td>\n<td>72880168086<\/td>\n<td align=\"right\">86<\/td>\n<\/tr>\n<tr style=\"height: 15.0pt;\">\n<td style=\"height: 15.0pt;\" align=\"right\" height=\"20\">77<\/td>\n<td>72907530362<\/td>\n<td align=\"right\">85<\/td>\n<\/tr>\n<tr style=\"height: 15.0pt;\">\n<td style=\"height: 15.0pt;\" align=\"right\" height=\"20\">78<\/td>\n<td>72694461918<\/td>\n<td align=\"right\">84,5<\/td>\n<\/tr>\n<tr style=\"height: 15.0pt;\">\n<td style=\"height: 15.0pt;\" align=\"right\" height=\"20\">79<\/td>\n<td>72922104730<\/td>\n<td align=\"right\">84<\/td>\n<\/tr>\n<tr style=\"height: 15.0pt;\">\n<td style=\"height: 15.0pt;\" align=\"right\" height=\"20\">80<\/td>\n<td>72731809668<\/td>\n<td align=\"right\">82,5<\/td>\n<\/tr>\n<tr style=\"height: 15.0pt;\">\n<td style=\"height: 15.0pt;\" align=\"right\" height=\"20\">81<\/td>\n<td>72919361932<\/td>\n<td align=\"right\">82<\/td>\n<\/tr>\n<tr style=\"height: 15.0pt;\">\n<td style=\"height: 15.0pt;\" align=\"right\" height=\"20\">82<\/td>\n<td>72759029203<\/td>\n<td align=\"right\">81,5<\/td>\n<\/tr>\n<tr style=\"height: 15.0pt;\">\n<td style=\"height: 15.0pt;\" align=\"right\" height=\"20\">83<\/td>\n<td>72778088806<\/td>\n<td align=\"right\">80,5<\/td>\n<\/tr>\n<tr style=\"height: 15.0pt;\">\n<td style=\"height: 15.0pt;\" align=\"right\" height=\"20\">84<\/td>\n<td>72706992670<\/td>\n<td align=\"right\">78<\/td>\n<\/tr>\n<tr style=\"height: 15.0pt;\">\n<td style=\"height: 15.0pt;\" align=\"right\" height=\"20\">85<\/td>\n<td>72882532718<\/td>\n<td align=\"right\">75<\/td>\n<\/tr>\n<tr style=\"height: 15.0pt;\">\n<td style=\"height: 15.0pt;\" align=\"right\" height=\"20\">86<\/td>\n<td>72670758314<\/td>\n<td align=\"right\">73,5<\/td>\n<\/tr>\n<tr style=\"height: 15.0pt;\">\n<td style=\"height: 15.0pt;\" align=\"right\" height=\"20\">87<\/td>\n<td>72872481221<\/td>\n<td align=\"right\">70<\/td>\n<\/tr>\n<tr style=\"height: 15.0pt;\">\n<td style=\"height: 15.0pt;\" align=\"right\" height=\"20\">88<\/td>\n<td>72729402069<\/td>\n<td align=\"right\">67<\/td>\n<\/tr>\n<tr style=\"height: 15.0pt;\">\n<td style=\"height: 15.0pt;\" align=\"right\" height=\"20\">89<\/td>\n<td>72784758702<\/td>\n<td align=\"right\">66,5<\/td>\n<\/tr>\n<tr style=\"height: 15.0pt;\">\n<td style=\"height: 15.0pt;\" align=\"right\" height=\"20\">90<\/td>\n<td>72792752300<\/td>\n<td align=\"right\">60,5<\/td>\n<\/tr>\n<tr style=\"height: 15.0pt;\">\n<td style=\"height: 15.0pt;\" align=\"right\" height=\"20\">91<\/td>\n<td>72782401731<\/td>\n<td align=\"right\">59,5<\/td>\n<\/tr>\n<tr style=\"height: 15.0pt;\">\n<td style=\"height: 15.0pt;\" align=\"right\" height=\"20\">92<\/td>\n<td>72727056980<\/td>\n<td align=\"right\">52,5<\/td>\n<\/tr>\n<\/tbody>\n<\/table>\n<div class=\"pvc_clear\"><\/div>\n<p id=\"pvc_stats_2660\" class=\"pvc_stats all  \" data-element-id=\"2660\" style=\"\"><i class=\"pvc-stats-icon medium\" aria-hidden=\"true\"><svg aria-hidden=\"true\" focusable=\"false\" data-prefix=\"far\" data-icon=\"chart-bar\" role=\"img\" xmlns=\"http:\/\/www.w3.org\/2000\/svg\" viewBox=\"0 0 512 512\" class=\"svg-inline--fa fa-chart-bar fa-w-16 fa-2x\"><path fill=\"currentColor\" d=\"M396.8 352h22.4c6.4 0 12.8-6.4 12.8-12.8V108.8c0-6.4-6.4-12.8-12.8-12.8h-22.4c-6.4 0-12.8 6.4-12.8 12.8v230.4c0 6.4 6.4 12.8 12.8 12.8zm-192 0h22.4c6.4 0 12.8-6.4 12.8-12.8V140.8c0-6.4-6.4-12.8-12.8-12.8h-22.4c-6.4 0-12.8 6.4-12.8 12.8v198.4c0 6.4 6.4 12.8 12.8 12.8zm96 0h22.4c6.4 0 12.8-6.4 12.8-12.8V204.8c0-6.4-6.4-12.8-12.8-12.8h-22.4c-6.4 0-12.8 6.4-12.8 12.8v134.4c0 6.4 6.4 12.8 12.8 12.8zM496 400H48V80c0-8.84-7.16-16-16-16H16C7.16 64 0 71.16 0 80v336c0 17.67 14.33 32 32 32h464c8.84 0 16-7.16 16-16v-16c0-8.84-7.16-16-16-16zm-387.2-48h22.4c6.4 0 12.8-6.4 12.8-12.8v-70.4c0-6.4-6.4-12.8-12.8-12.8h-22.4c-6.4 0-12.8 6.4-12.8 12.8v70.4c0 6.4 6.4 12.8 12.8 12.8z\" class=\"\"><\/path><\/svg><\/i> <img loading=\"lazy\" decoding=\"async\" width=\"16\" height=\"16\" alt=\"Loading\" src=\"https:\/\/besi.hu\/wp-content\/plugins\/page-views-count\/ajax-loader-2x.gif\" border=0 \/><\/p>\n<div class=\"pvc_clear\"><\/div>\n","protected":false},"excerpt":{"rendered":"<p>Felvehet\u0151 l\u00e9tsz\u00e1m 32 f\u0151 Sorsz\u00e1m Oktat\u00e1si azonos\u00edt\u00f3 Pontsz\u00e1m 1 72784443445 143 2 72784527483 131 3 72888505629 129 4 72698602101 129 5 72905670829 128 6 72699225682 127 7 72775970745 125 8 72781056045 124,5 9 72757542007 123,5 10 72647543732 123 11 72767437462 123 12 72694567229 122 13 72836174968 122 14 73003266528 122&#8230;<\/p>\n<div class=\"pvc_clear\"><\/div>\n<p id=\"pvc_stats_2660\" class=\"pvc_stats all  \" data-element-id=\"2660\" style=\"\"><i class=\"pvc-stats-icon medium\" aria-hidden=\"true\"><svg aria-hidden=\"true\" focusable=\"false\" data-prefix=\"far\" data-icon=\"chart-bar\" role=\"img\" xmlns=\"http:\/\/www.w3.org\/2000\/svg\" viewBox=\"0 0 512 512\" class=\"svg-inline--fa fa-chart-bar fa-w-16 fa-2x\"><path fill=\"currentColor\" d=\"M396.8 352h22.4c6.4 0 12.8-6.4 12.8-12.8V108.8c0-6.4-6.4-12.8-12.8-12.8h-22.4c-6.4 0-12.8 6.4-12.8 12.8v230.4c0 6.4 6.4 12.8 12.8 12.8zm-192 0h22.4c6.4 0 12.8-6.4 12.8-12.8V140.8c0-6.4-6.4-12.8-12.8-12.8h-22.4c-6.4 0-12.8 6.4-12.8 12.8v198.4c0 6.4 6.4 12.8 12.8 12.8zm96 0h22.4c6.4 0 12.8-6.4 12.8-12.8V204.8c0-6.4-6.4-12.8-12.8-12.8h-22.4c-6.4 0-12.8 6.4-12.8 12.8v134.4c0 6.4 6.4 12.8 12.8 12.8zM496 400H48V80c0-8.84-7.16-16-16-16H16C7.16 64 0 71.16 0 80v336c0 17.67 14.33 32 32 32h464c8.84 0 16-7.16 16-16v-16c0-8.84-7.16-16-16-16zm-387.2-48h22.4c6.4 0 12.8-6.4 12.8-12.8v-70.4c0-6.4-6.4-12.8-12.8-12.8h-22.4c-6.4 0-12.8 6.4-12.8 12.8v70.4c0 6.4 6.4 12.8 12.8 12.8z\" class=\"\"><\/path><\/svg><\/i> <img loading=\"lazy\" decoding=\"async\" width=\"16\" height=\"16\" alt=\"Loading\" src=\"https:\/\/besi.hu\/wp-content\/plugins\/page-views-count\/ajax-loader-2x.gif\" border=0 \/><\/p>\n<div class=\"pvc_clear\"><\/div>\n","protected":false},"author":1,"featured_media":0,"parent":0,"menu_order":0,"comment_status":"closed","ping_status":"closed","template":"","meta":{"footnotes":""},"class_list":["post-2660","page","type-page","status-publish","hentry"],"aioseo_notices":[],"a3_pvc":{"activated":true,"total_views":581,"today_views":0},"_links":{"self":[{"href":"https:\/\/besi.hu\/index.php?rest_route=\/wp\/v2\/pages\/2660","targetHints":{"allow":["GET"]}}],"collection":[{"href":"https:\/\/besi.hu\/index.php?rest_route=\/wp\/v2\/pages"}],"about":[{"href":"https:\/\/besi.hu\/index.php?rest_route=\/wp\/v2\/types\/page"}],"author":[{"embeddable":true,"href":"https:\/\/besi.hu\/index.php?rest_route=\/wp\/v2\/users\/1"}],"replies":[{"embeddable":true,"href":"https:\/\/besi.hu\/index.php?rest_route=%2Fwp%2Fv2%2Fcomments&post=2660"}],"version-history":[{"count":3,"href":"https:\/\/besi.hu\/index.php?rest_route=\/wp\/v2\/pages\/2660\/revisions"}],"predecessor-version":[{"id":2688,"href":"https:\/\/besi.hu\/index.php?rest_route=\/wp\/v2\/pages\/2660\/revisions\/2688"}],"wp:attachment":[{"href":"https:\/\/besi.hu\/index.php?rest_route=%2Fwp%2Fv2%2Fmedia&parent=2660"}],"curies":[{"name":"wp","href":"https:\/\/api.w.org\/{rel}","templated":true}]}}