{"id":2667,"date":"2024-03-22T07:42:28","date_gmt":"2024-03-22T06:42:28","guid":{"rendered":"https:\/\/besi.hu\/?page_id=2667"},"modified":"2024-03-22T08:01:35","modified_gmt":"2024-03-22T07:01:35","slug":"0003-altalanos-human-iranyultsag-2024","status":"publish","type":"page","link":"https:\/\/besi.hu\/?page_id=2667","title":{"rendered":"0003 &#8211; \u00c1ltal\u00e1nos hum\u00e1n ir\u00e1nyults\u00e1g 2024"},"content":{"rendered":"<p>Felvehet\u0151 l\u00e9tsz\u00e1m 16 f\u0151<\/p>\n<table width=\"312\">\n<tbody>\n<tr>\n<td width=\"60\">Sorsz\u00e1m<\/td>\n<td width=\"126\">Oktat\u00e1si azonos\u00edt\u00f3<\/td>\n<td width=\"126\">Pontsz\u00e1m<\/td>\n<\/tr>\n<tr>\n<td>1<\/td>\n<td>72730360551<\/td>\n<td>160,6<\/td>\n<\/tr>\n<tr>\n<td>2<\/td>\n<td>72708534191<\/td>\n<td>159,4<\/td>\n<\/tr>\n<tr>\n<td>3<\/td>\n<td>72704318466<\/td>\n<td>159,2<\/td>\n<\/tr>\n<tr>\n<td>4<\/td>\n<td>72699105764<\/td>\n<td>159<\/td>\n<\/tr>\n<tr>\n<td>5<\/td>\n<td>72694894287<\/td>\n<td>157<\/td>\n<\/tr>\n<tr>\n<td>6<\/td>\n<td>72901304014<\/td>\n<td>154,6<\/td>\n<\/tr>\n<tr>\n<td>7<\/td>\n<td>72698602101<\/td>\n<td>148,2<\/td>\n<\/tr>\n<tr>\n<td>8<\/td>\n<td>72784527483<\/td>\n<td>147,4<\/td>\n<\/tr>\n<tr>\n<td>9<\/td>\n<td>72922048391<\/td>\n<td>145,6<\/td>\n<\/tr>\n<tr>\n<td>10<\/td>\n<td>72888505629<\/td>\n<td>145,4<\/td>\n<\/tr>\n<tr>\n<td>11<\/td>\n<td>72730239122<\/td>\n<td>141,8<\/td>\n<\/tr>\n<tr>\n<td>12<\/td>\n<td>72706220341<\/td>\n<td>141,2<\/td>\n<\/tr>\n<tr>\n<td>13<\/td>\n<td>72781056045<\/td>\n<td>140,5<\/td>\n<\/tr>\n<tr>\n<td>14<\/td>\n<td>72775970745<\/td>\n<td>140,2<\/td>\n<\/tr>\n<tr>\n<td>15<\/td>\n<td>72910822396<\/td>\n<td>139,8<\/td>\n<\/tr>\n<tr>\n<td>16<\/td>\n<td>72775677338<\/td>\n<td>139,6<\/td>\n<\/tr>\n<tr>\n<td>17<\/td>\n<td>72767437462<\/td>\n<td>139,4<\/td>\n<\/tr>\n<tr>\n<td>18<\/td>\n<td>72804977604<\/td>\n<td>139,4<\/td>\n<\/tr>\n<tr>\n<td>19<\/td>\n<td>72694567229<\/td>\n<td>139,2<\/td>\n<\/tr>\n<tr>\n<td>20<\/td>\n<td>73003266528<\/td>\n<td>139,2<\/td>\n<\/tr>\n<tr>\n<td>21<\/td>\n<td>72757542007<\/td>\n<td>137,9<\/td>\n<\/tr>\n<tr>\n<td>22<\/td>\n<td>72788519873<\/td>\n<td>137,4<\/td>\n<\/tr>\n<tr>\n<td>23<\/td>\n<td>72836174968<\/td>\n<td>137,2<\/td>\n<\/tr>\n<tr>\n<td>24<\/td>\n<td>72888489445<\/td>\n<td>137<\/td>\n<\/tr>\n<tr>\n<td>25<\/td>\n<td>72778272914<\/td>\n<td>136,6<\/td>\n<\/tr>\n<tr>\n<td>26<\/td>\n<td>72749744124<\/td>\n<td>136,6<\/td>\n<\/tr>\n<tr>\n<td>27<\/td>\n<td>72694795224<\/td>\n<td>135,2<\/td>\n<\/tr>\n<tr>\n<td>28<\/td>\n<td>72780548879<\/td>\n<td>134,8<\/td>\n<\/tr>\n<tr>\n<td>29<\/td>\n<td>72790943134<\/td>\n<td>134<\/td>\n<\/tr>\n<tr>\n<td>30<\/td>\n<td>73616785589<\/td>\n<td>133,2<\/td>\n<\/tr>\n<tr>\n<td>31<\/td>\n<td>72807162951<\/td>\n<td>133,2<\/td>\n<\/tr>\n<tr>\n<td>32<\/td>\n<td>72836182119<\/td>\n<td>132<\/td>\n<\/tr>\n<tr>\n<td>33<\/td>\n<td>72864250972<\/td>\n<td>132<\/td>\n<\/tr>\n<tr>\n<td>34<\/td>\n<td>72778545584<\/td>\n<td>131,6<\/td>\n<\/tr>\n<tr>\n<td>35<\/td>\n<td>72883162380<\/td>\n<td>131,2<\/td>\n<\/tr>\n<tr>\n<td>36<\/td>\n<td>72880708080<\/td>\n<td>129,8<\/td>\n<\/tr>\n<tr>\n<td>37<\/td>\n<td>72905627087<\/td>\n<td>129,6<\/td>\n<\/tr>\n<tr>\n<td>38<\/td>\n<td>72884723399<\/td>\n<td>129<\/td>\n<\/tr>\n<tr>\n<td>39<\/td>\n<td>72772346592<\/td>\n<td>129<\/td>\n<\/tr>\n<tr>\n<td>40<\/td>\n<td>72779044851<\/td>\n<td>128,7<\/td>\n<\/tr>\n<tr>\n<td>41<\/td>\n<td>72780398557<\/td>\n<td>128,3<\/td>\n<\/tr>\n<tr>\n<td>42<\/td>\n<td>73338788702<\/td>\n<td>128,2<\/td>\n<\/tr>\n<tr>\n<td>43<\/td>\n<td>72672165496<\/td>\n<td>126,8<\/td>\n<\/tr>\n<tr>\n<td>44<\/td>\n<td>72775834420<\/td>\n<td>126,8<\/td>\n<\/tr>\n<tr>\n<td>45<\/td>\n<td>73033507604<\/td>\n<td>126,2<\/td>\n<\/tr>\n<tr>\n<td>46<\/td>\n<td>72836190961<\/td>\n<td>125,6<\/td>\n<\/tr>\n<tr>\n<td>47<\/td>\n<td>72795731814<\/td>\n<td>125,5<\/td>\n<\/tr>\n<tr>\n<td>48<\/td>\n<td>72775916858<\/td>\n<td>125,2<\/td>\n<\/tr>\n<tr>\n<td>49<\/td>\n<td>72885020123<\/td>\n<td>123,4<\/td>\n<\/tr>\n<tr>\n<td>50<\/td>\n<td>72788397879<\/td>\n<td>123<\/td>\n<\/tr>\n<tr>\n<td>51<\/td>\n<td>72772646294<\/td>\n<td>121,6<\/td>\n<\/tr>\n<tr>\n<td>52<\/td>\n<td>72789195831<\/td>\n<td>121,4<\/td>\n<\/tr>\n<tr>\n<td>53<\/td>\n<td>73003260687<\/td>\n<td>120,4<\/td>\n<\/tr>\n<tr>\n<td>54<\/td>\n<td>72698551209<\/td>\n<td>119,8<\/td>\n<\/tr>\n<tr>\n<td>55<\/td>\n<td>72836188201<\/td>\n<td>119,3<\/td>\n<\/tr>\n<tr>\n<td>56<\/td>\n<td>73375284930<\/td>\n<td>118,7<\/td>\n<\/tr>\n<tr>\n<td>57<\/td>\n<td>72784364637<\/td>\n<td>116,2<\/td>\n<\/tr>\n<tr>\n<td>58<\/td>\n<td>72701475419<\/td>\n<td>116,2<\/td>\n<\/tr>\n<tr>\n<td>59<\/td>\n<td>72888570135<\/td>\n<td>115,9<\/td>\n<\/tr>\n<tr>\n<td>60<\/td>\n<td>72870084705<\/td>\n<td>115,7<\/td>\n<\/tr>\n<tr>\n<td>61<\/td>\n<td>72672214465<\/td>\n<td>115<\/td>\n<\/tr>\n<tr>\n<td>62<\/td>\n<td>72728485610<\/td>\n<td>115<\/td>\n<\/tr>\n<tr>\n<td>63<\/td>\n<td>72633622979<\/td>\n<td>114,7<\/td>\n<\/tr>\n<tr>\n<td>64<\/td>\n<td>72883488051<\/td>\n<td>112,6<\/td>\n<\/tr>\n<tr>\n<td>65<\/td>\n<td>72758215732<\/td>\n<td>112<\/td>\n<\/tr>\n<tr>\n<td>66<\/td>\n<td>72713770144<\/td>\n<td>111,3<\/td>\n<\/tr>\n<tr>\n<td>67<\/td>\n<td>72788711123<\/td>\n<td>111,2<\/td>\n<\/tr>\n<tr>\n<td>68<\/td>\n<td>72898265820<\/td>\n<td>109,8<\/td>\n<\/tr>\n<tr>\n<td>69<\/td>\n<td>72772511391<\/td>\n<td>109,1<\/td>\n<\/tr>\n<tr>\n<td>70<\/td>\n<td>72781801111<\/td>\n<td>108,6<\/td>\n<\/tr>\n<tr>\n<td>71<\/td>\n<td>72905650773<\/td>\n<td>107,3<\/td>\n<\/tr>\n<tr>\n<td>72<\/td>\n<td>72749030200<\/td>\n<td>107<\/td>\n<\/tr>\n<tr>\n<td>73<\/td>\n<td>73434527596<\/td>\n<td>106,8<\/td>\n<\/tr>\n<tr>\n<td>74<\/td>\n<td>72776240706<\/td>\n<td>106,3<\/td>\n<\/tr>\n<tr>\n<td>75<\/td>\n<td>72922319529<\/td>\n<td>105,6<\/td>\n<\/tr>\n<tr>\n<td>76<\/td>\n<td>72772698998<\/td>\n<td>104,4<\/td>\n<\/tr>\n<tr>\n<td>77<\/td>\n<td>72870279528<\/td>\n<td>104,4<\/td>\n<\/tr>\n<tr>\n<td>78<\/td>\n<td>72883966973<\/td>\n<td>103,1<\/td>\n<\/tr>\n<tr>\n<td>79<\/td>\n<td>72870086586<\/td>\n<td>102,6<\/td>\n<\/tr>\n<tr>\n<td>80<\/td>\n<td>72794699276<\/td>\n<td>101,4<\/td>\n<\/tr>\n<tr>\n<td>81<\/td>\n<td>72883556447<\/td>\n<td>101<\/td>\n<\/tr>\n<tr>\n<td>82<\/td>\n<td>72681081626<\/td>\n<td>100,8<\/td>\n<\/tr>\n<tr>\n<td>83<\/td>\n<td>72704144859<\/td>\n<td>99,9<\/td>\n<\/tr>\n<tr>\n<td>84<\/td>\n<td>72792029986<\/td>\n<td>99,7<\/td>\n<\/tr>\n<tr>\n<td>85<\/td>\n<td>72902749193<\/td>\n<td>99<\/td>\n<\/tr>\n<tr>\n<td>86<\/td>\n<td>72729248343<\/td>\n<td>98,4<\/td>\n<\/tr>\n<tr>\n<td>87<\/td>\n<td>72779709716<\/td>\n<td>97,6<\/td>\n<\/tr>\n<tr>\n<td>88<\/td>\n<td>72780484557<\/td>\n<td>97,2<\/td>\n<\/tr>\n<tr>\n<td>89<\/td>\n<td>72671461354<\/td>\n<td>96,8<\/td>\n<\/tr>\n<tr>\n<td>90<\/td>\n<td>72731479268<\/td>\n<td>96,7<\/td>\n<\/tr>\n<tr>\n<td>91<\/td>\n<td>72875942592<\/td>\n<td>94,6<\/td>\n<\/tr>\n<tr>\n<td>92<\/td>\n<td>72779368359<\/td>\n<td>93,2<\/td>\n<\/tr>\n<tr>\n<td>93<\/td>\n<td>72776227150<\/td>\n<td>92,2<\/td>\n<\/tr>\n<tr>\n<td>94<\/td>\n<td>72732614527<\/td>\n<td>91,8<\/td>\n<\/tr>\n<tr>\n<td>95<\/td>\n<td>72778088806<\/td>\n<td>90,9<\/td>\n<\/tr>\n<tr>\n<td>96<\/td>\n<td>72888346460<\/td>\n<td>90,8<\/td>\n<\/tr>\n<tr>\n<td>97<\/td>\n<td>72742502444<\/td>\n<td>82,7<\/td>\n<\/tr>\n<tr>\n<td>98<\/td>\n<td>72836175562<\/td>\n<td>80,5<\/td>\n<\/tr>\n<tr>\n<td>99<\/td>\n<td>72700667988<\/td>\n<td>77<\/td>\n<\/tr>\n<tr>\n<td>100<\/td>\n<td>72730181185<\/td>\n<td>75,9<\/td>\n<\/tr>\n<tr>\n<td>101<\/td>\n<td>72875282571<\/td>\n<td>74<\/td>\n<\/tr>\n<tr>\n<td>102<\/td>\n<td>74206930972<\/td>\n<td>71,7<\/td>\n<\/tr>\n<tr>\n<td>103<\/td>\n<td>72778045961<\/td>\n<td>71,4<\/td>\n<\/tr>\n<tr>\n<td>104<\/td>\n<td>72694724376<\/td>\n<td>70,6<\/td>\n<\/tr>\n<tr>\n<td>105<\/td>\n<td>72792752300<\/td>\n<td>69,3<\/td>\n<\/tr>\n<tr>\n<td>106<\/td>\n<td>72715745178<\/td>\n<td>67,9<\/td>\n<\/tr>\n<tr>\n<td>107<\/td>\n<td>73145007228<\/td>\n<td>62,9<\/td>\n<\/tr>\n<tr>\n<td>108<\/td>\n<td>72715810140<\/td>\n<td>59,4<\/td>\n<\/tr>\n<\/tbody>\n<\/table>\n<div class=\"pvc_clear\"><\/div>\n<p id=\"pvc_stats_2667\" class=\"pvc_stats all  \" data-element-id=\"2667\" style=\"\"><i class=\"pvc-stats-icon medium\" aria-hidden=\"true\"><svg aria-hidden=\"true\" focusable=\"false\" data-prefix=\"far\" data-icon=\"chart-bar\" role=\"img\" xmlns=\"http:\/\/www.w3.org\/2000\/svg\" viewBox=\"0 0 512 512\" class=\"svg-inline--fa fa-chart-bar fa-w-16 fa-2x\"><path fill=\"currentColor\" d=\"M396.8 352h22.4c6.4 0 12.8-6.4 12.8-12.8V108.8c0-6.4-6.4-12.8-12.8-12.8h-22.4c-6.4 0-12.8 6.4-12.8 12.8v230.4c0 6.4 6.4 12.8 12.8 12.8zm-192 0h22.4c6.4 0 12.8-6.4 12.8-12.8V140.8c0-6.4-6.4-12.8-12.8-12.8h-22.4c-6.4 0-12.8 6.4-12.8 12.8v198.4c0 6.4 6.4 12.8 12.8 12.8zm96 0h22.4c6.4 0 12.8-6.4 12.8-12.8V204.8c0-6.4-6.4-12.8-12.8-12.8h-22.4c-6.4 0-12.8 6.4-12.8 12.8v134.4c0 6.4 6.4 12.8 12.8 12.8zM496 400H48V80c0-8.84-7.16-16-16-16H16C7.16 64 0 71.16 0 80v336c0 17.67 14.33 32 32 32h464c8.84 0 16-7.16 16-16v-16c0-8.84-7.16-16-16-16zm-387.2-48h22.4c6.4 0 12.8-6.4 12.8-12.8v-70.4c0-6.4-6.4-12.8-12.8-12.8h-22.4c-6.4 0-12.8 6.4-12.8 12.8v70.4c0 6.4 6.4 12.8 12.8 12.8z\" class=\"\"><\/path><\/svg><\/i> <img loading=\"lazy\" decoding=\"async\" width=\"16\" height=\"16\" alt=\"Loading\" src=\"https:\/\/besi.hu\/wp-content\/plugins\/page-views-count\/ajax-loader-2x.gif\" border=0 \/><\/p>\n<div class=\"pvc_clear\"><\/div>\n","protected":false},"excerpt":{"rendered":"<p>Felvehet\u0151 l\u00e9tsz\u00e1m 16 f\u0151 Sorsz\u00e1m Oktat\u00e1si azonos\u00edt\u00f3 Pontsz\u00e1m 1 72730360551 160,6 2 72708534191 159,4 3 72704318466 159,2 4 72699105764 159 5 72694894287 157 6 72901304014 154,6 7 72698602101 148,2 8 72784527483 147,4 9 72922048391 145,6 10 72888505629 145,4 11 72730239122 141,8 12 72706220341 141,2 13 72781056045 140,5 14 72775970745 140,2&#8230;<\/p>\n<div class=\"pvc_clear\"><\/div>\n<p id=\"pvc_stats_2667\" class=\"pvc_stats all  \" data-element-id=\"2667\" style=\"\"><i class=\"pvc-stats-icon medium\" aria-hidden=\"true\"><svg aria-hidden=\"true\" focusable=\"false\" data-prefix=\"far\" data-icon=\"chart-bar\" role=\"img\" xmlns=\"http:\/\/www.w3.org\/2000\/svg\" viewBox=\"0 0 512 512\" class=\"svg-inline--fa fa-chart-bar fa-w-16 fa-2x\"><path fill=\"currentColor\" d=\"M396.8 352h22.4c6.4 0 12.8-6.4 12.8-12.8V108.8c0-6.4-6.4-12.8-12.8-12.8h-22.4c-6.4 0-12.8 6.4-12.8 12.8v230.4c0 6.4 6.4 12.8 12.8 12.8zm-192 0h22.4c6.4 0 12.8-6.4 12.8-12.8V140.8c0-6.4-6.4-12.8-12.8-12.8h-22.4c-6.4 0-12.8 6.4-12.8 12.8v198.4c0 6.4 6.4 12.8 12.8 12.8zm96 0h22.4c6.4 0 12.8-6.4 12.8-12.8V204.8c0-6.4-6.4-12.8-12.8-12.8h-22.4c-6.4 0-12.8 6.4-12.8 12.8v134.4c0 6.4 6.4 12.8 12.8 12.8zM496 400H48V80c0-8.84-7.16-16-16-16H16C7.16 64 0 71.16 0 80v336c0 17.67 14.33 32 32 32h464c8.84 0 16-7.16 16-16v-16c0-8.84-7.16-16-16-16zm-387.2-48h22.4c6.4 0 12.8-6.4 12.8-12.8v-70.4c0-6.4-6.4-12.8-12.8-12.8h-22.4c-6.4 0-12.8 6.4-12.8 12.8v70.4c0 6.4 6.4 12.8 12.8 12.8z\" class=\"\"><\/path><\/svg><\/i> <img loading=\"lazy\" decoding=\"async\" width=\"16\" height=\"16\" alt=\"Loading\" src=\"https:\/\/besi.hu\/wp-content\/plugins\/page-views-count\/ajax-loader-2x.gif\" border=0 \/><\/p>\n<div class=\"pvc_clear\"><\/div>\n","protected":false},"author":1,"featured_media":0,"parent":0,"menu_order":0,"comment_status":"closed","ping_status":"closed","template":"","meta":{"footnotes":""},"class_list":["post-2667","page","type-page","status-publish","hentry"],"aioseo_notices":[],"a3_pvc":{"activated":true,"total_views":571,"today_views":0},"_links":{"self":[{"href":"https:\/\/besi.hu\/index.php?rest_route=\/wp\/v2\/pages\/2667","targetHints":{"allow":["GET"]}}],"collection":[{"href":"https:\/\/besi.hu\/index.php?rest_route=\/wp\/v2\/pages"}],"about":[{"href":"https:\/\/besi.hu\/index.php?rest_route=\/wp\/v2\/types\/page"}],"author":[{"embeddable":true,"href":"https:\/\/besi.hu\/index.php?rest_route=\/wp\/v2\/users\/1"}],"replies":[{"embeddable":true,"href":"https:\/\/besi.hu\/index.php?rest_route=%2Fwp%2Fv2%2Fcomments&post=2667"}],"version-history":[{"count":2,"href":"https:\/\/besi.hu\/index.php?rest_route=\/wp\/v2\/pages\/2667\/revisions"}],"predecessor-version":[{"id":2671,"href":"https:\/\/besi.hu\/index.php?rest_route=\/wp\/v2\/pages\/2667\/revisions\/2671"}],"wp:attachment":[{"href":"https:\/\/besi.hu\/index.php?rest_route=%2Fwp%2Fv2%2Fmedia&parent=2667"}],"curies":[{"name":"wp","href":"https:\/\/api.w.org\/{rel}","templated":true}]}}