{"id":2669,"date":"2024-03-22T07:45:31","date_gmt":"2024-03-22T06:45:31","guid":{"rendered":"https:\/\/besi.hu\/?page_id=2669"},"modified":"2024-03-22T08:02:04","modified_gmt":"2024-03-22T07:02:04","slug":"0004-emelt-szintu-angol-nyelv-2024","status":"publish","type":"page","link":"https:\/\/besi.hu\/?page_id=2669","title":{"rendered":"0004 \u2013 Emelt szint\u0171 angol nyelv 2024"},"content":{"rendered":"<p>Felvehet\u0151 l\u00e9tsz\u00e1m 16 f\u0151<\/p>\n<table width=\"312\">\n<tbody>\n<tr>\n<td width=\"60\">Sorsz\u00e1m<\/td>\n<td width=\"126\">Oktat\u00e1si azonos\u00edt\u00f3<\/td>\n<td width=\"126\">Pontsz\u00e1m<\/td>\n<\/tr>\n<tr>\n<td>1<\/td>\n<td>72730360551<\/td>\n<td>143<\/td>\n<\/tr>\n<tr>\n<td>2<\/td>\n<td>72784443445<\/td>\n<td>143<\/td>\n<\/tr>\n<tr>\n<td>3<\/td>\n<td>72708534191<\/td>\n<td>141<\/td>\n<\/tr>\n<tr>\n<td>4<\/td>\n<td>72699105764<\/td>\n<td>141<\/td>\n<\/tr>\n<tr>\n<td>5<\/td>\n<td>72707466257<\/td>\n<td>138<\/td>\n<\/tr>\n<tr>\n<td>6<\/td>\n<td>72784527483<\/td>\n<td>131<\/td>\n<\/tr>\n<tr>\n<td>7<\/td>\n<td>72888505629<\/td>\n<td>129<\/td>\n<\/tr>\n<tr>\n<td>8<\/td>\n<td>72698602101<\/td>\n<td>129<\/td>\n<\/tr>\n<tr>\n<td>9<\/td>\n<td>72905670829<\/td>\n<td>128<\/td>\n<\/tr>\n<tr>\n<td>10<\/td>\n<td>72699225682<\/td>\n<td>127<\/td>\n<\/tr>\n<tr>\n<td>11<\/td>\n<td>72706220341<\/td>\n<td>126<\/td>\n<\/tr>\n<tr>\n<td>12<\/td>\n<td>72730239122<\/td>\n<td>125<\/td>\n<\/tr>\n<tr>\n<td>13<\/td>\n<td>72781056045<\/td>\n<td>124,5<\/td>\n<\/tr>\n<tr>\n<td>14<\/td>\n<td>72757542007<\/td>\n<td>123,5<\/td>\n<\/tr>\n<tr>\n<td>15<\/td>\n<td>72767437462<\/td>\n<td>123<\/td>\n<\/tr>\n<tr>\n<td>16<\/td>\n<td>72788519873<\/td>\n<td>123<\/td>\n<\/tr>\n<tr>\n<td>17<\/td>\n<td>72647543732<\/td>\n<td>123<\/td>\n<\/tr>\n<tr>\n<td>18<\/td>\n<td>72910803078<\/td>\n<td>123<\/td>\n<\/tr>\n<tr>\n<td>19<\/td>\n<td>72794827984<\/td>\n<td>123<\/td>\n<\/tr>\n<tr>\n<td>20<\/td>\n<td>72772318794<\/td>\n<td>123<\/td>\n<\/tr>\n<tr>\n<td>21<\/td>\n<td>72694567229<\/td>\n<td>122<\/td>\n<\/tr>\n<tr>\n<td>22<\/td>\n<td>72836174968<\/td>\n<td>122<\/td>\n<\/tr>\n<tr>\n<td>23<\/td>\n<td>72694795224<\/td>\n<td>122<\/td>\n<\/tr>\n<tr>\n<td>24<\/td>\n<td>72775677338<\/td>\n<td>122<\/td>\n<\/tr>\n<tr>\n<td>25<\/td>\n<td>72712200818<\/td>\n<td>122<\/td>\n<\/tr>\n<tr>\n<td>26<\/td>\n<td>72836189853<\/td>\n<td>121,5<\/td>\n<\/tr>\n<tr>\n<td>27<\/td>\n<td>72888489445<\/td>\n<td>121<\/td>\n<\/tr>\n<tr>\n<td>28<\/td>\n<td>72784947666<\/td>\n<td>121<\/td>\n<\/tr>\n<tr>\n<td>29<\/td>\n<td>72889031617<\/td>\n<td>120<\/td>\n<\/tr>\n<tr>\n<td>30<\/td>\n<td>72794612597<\/td>\n<td>119<\/td>\n<\/tr>\n<tr>\n<td>31<\/td>\n<td>72790943134<\/td>\n<td>118<\/td>\n<\/tr>\n<tr>\n<td>32<\/td>\n<td>72780548879<\/td>\n<td>118<\/td>\n<\/tr>\n<tr>\n<td>33<\/td>\n<td>72836182119<\/td>\n<td>118<\/td>\n<\/tr>\n<tr>\n<td>34<\/td>\n<td>73616785589<\/td>\n<td>118<\/td>\n<\/tr>\n<tr>\n<td>35<\/td>\n<td>72882541109<\/td>\n<td>118<\/td>\n<\/tr>\n<tr>\n<td>36<\/td>\n<td>72790863122<\/td>\n<td>118<\/td>\n<\/tr>\n<tr>\n<td>37<\/td>\n<td>72698826768<\/td>\n<td>117<\/td>\n<\/tr>\n<tr>\n<td>38<\/td>\n<td>72778545584<\/td>\n<td>116<\/td>\n<\/tr>\n<tr>\n<td>39<\/td>\n<td>72883162380<\/td>\n<td>116<\/td>\n<\/tr>\n<tr>\n<td>40<\/td>\n<td>72807162951<\/td>\n<td>116<\/td>\n<\/tr>\n<tr>\n<td>41<\/td>\n<td>72880708080<\/td>\n<td>115<\/td>\n<\/tr>\n<tr>\n<td>42<\/td>\n<td>72880152326<\/td>\n<td>115<\/td>\n<\/tr>\n<tr>\n<td>43<\/td>\n<td>72780398557<\/td>\n<td>113,5<\/td>\n<\/tr>\n<tr>\n<td>44<\/td>\n<td>72779044851<\/td>\n<td>113,5<\/td>\n<\/tr>\n<tr>\n<td>45<\/td>\n<td>72772346592<\/td>\n<td>113<\/td>\n<\/tr>\n<tr>\n<td>46<\/td>\n<td>72780458566<\/td>\n<td>112,5<\/td>\n<\/tr>\n<tr>\n<td>47<\/td>\n<td>72775834420<\/td>\n<td>112<\/td>\n<\/tr>\n<tr>\n<td>48<\/td>\n<td>72932173221<\/td>\n<td>112<\/td>\n<\/tr>\n<tr>\n<td>49<\/td>\n<td>73033507604<\/td>\n<td>111<\/td>\n<\/tr>\n<tr>\n<td>50<\/td>\n<td>72885020123<\/td>\n<td>111<\/td>\n<\/tr>\n<tr>\n<td>51<\/td>\n<td>72713744725<\/td>\n<td>111<\/td>\n<\/tr>\n<tr>\n<td>52<\/td>\n<td>72822048432<\/td>\n<td>111<\/td>\n<\/tr>\n<tr>\n<td>53<\/td>\n<td>72784291263<\/td>\n<td>110<\/td>\n<\/tr>\n<tr>\n<td>54<\/td>\n<td>72795731814<\/td>\n<td>109,5<\/td>\n<\/tr>\n<tr>\n<td>55<\/td>\n<td>72699168094<\/td>\n<td>109<\/td>\n<\/tr>\n<tr>\n<td>56<\/td>\n<td>72735440771<\/td>\n<td>109<\/td>\n<\/tr>\n<tr>\n<td>57<\/td>\n<td>72824464606<\/td>\n<td>108,5<\/td>\n<\/tr>\n<tr>\n<td>58<\/td>\n<td>72721681129<\/td>\n<td>107<\/td>\n<\/tr>\n<tr>\n<td>59<\/td>\n<td>72797219802<\/td>\n<td>107<\/td>\n<\/tr>\n<tr>\n<td>60<\/td>\n<td>73003260687<\/td>\n<td>106<\/td>\n<\/tr>\n<tr>\n<td>61<\/td>\n<td>73375284930<\/td>\n<td>105,5<\/td>\n<\/tr>\n<tr>\n<td>62<\/td>\n<td>72698551209<\/td>\n<td>105<\/td>\n<\/tr>\n<tr>\n<td>63<\/td>\n<td>72794997320<\/td>\n<td>105<\/td>\n<\/tr>\n<tr>\n<td>64<\/td>\n<td>72836188201<\/td>\n<td>104,5<\/td>\n<\/tr>\n<tr>\n<td>65<\/td>\n<td>72870084705<\/td>\n<td>104,5<\/td>\n<\/tr>\n<tr>\n<td>66<\/td>\n<td>72812852005<\/td>\n<td>104<\/td>\n<\/tr>\n<tr>\n<td>67<\/td>\n<td>72910817117<\/td>\n<td>104<\/td>\n<\/tr>\n<tr>\n<td>68<\/td>\n<td>72784364637<\/td>\n<td>103<\/td>\n<\/tr>\n<tr>\n<td>69<\/td>\n<td>72804730302<\/td>\n<td>103<\/td>\n<\/tr>\n<tr>\n<td>70<\/td>\n<td>72759551954<\/td>\n<td>103<\/td>\n<\/tr>\n<tr>\n<td>71<\/td>\n<td>72898381875<\/td>\n<td>103<\/td>\n<\/tr>\n<tr>\n<td>72<\/td>\n<td>72781183057<\/td>\n<td>102,5<\/td>\n<\/tr>\n<tr>\n<td>73<\/td>\n<td>72633622979<\/td>\n<td>101,5<\/td>\n<\/tr>\n<tr>\n<td>74<\/td>\n<td>72701475419<\/td>\n<td>101<\/td>\n<\/tr>\n<tr>\n<td>75<\/td>\n<td>72728485610<\/td>\n<td>101<\/td>\n<\/tr>\n<tr>\n<td>76<\/td>\n<td>72902556212<\/td>\n<td>101<\/td>\n<\/tr>\n<tr>\n<td>77<\/td>\n<td>73025828061<\/td>\n<td>101<\/td>\n<\/tr>\n<tr>\n<td>78<\/td>\n<td>72960363854<\/td>\n<td>100<\/td>\n<\/tr>\n<tr>\n<td>79<\/td>\n<td>72713356715<\/td>\n<td>100<\/td>\n<\/tr>\n<tr>\n<td>80<\/td>\n<td>72875983094<\/td>\n<td>99,5<\/td>\n<\/tr>\n<tr>\n<td>81<\/td>\n<td>73002663891<\/td>\n<td>99<\/td>\n<\/tr>\n<tr>\n<td>82<\/td>\n<td>72788711123<\/td>\n<td>98<\/td>\n<\/tr>\n<tr>\n<td>83<\/td>\n<td>72919370557<\/td>\n<td>98<\/td>\n<\/tr>\n<tr>\n<td>84<\/td>\n<td>73062126435<\/td>\n<td>98<\/td>\n<\/tr>\n<tr>\n<td>85<\/td>\n<td>72883488051<\/td>\n<td>97<\/td>\n<\/tr>\n<tr>\n<td>86<\/td>\n<td>72898265820<\/td>\n<td>97<\/td>\n<\/tr>\n<tr>\n<td>87<\/td>\n<td>72624088389<\/td>\n<td>96<\/td>\n<\/tr>\n<tr>\n<td>88<\/td>\n<td>72713928393<\/td>\n<td>96<\/td>\n<\/tr>\n<tr>\n<td>89<\/td>\n<td>72789272313<\/td>\n<td>96<\/td>\n<\/tr>\n<tr>\n<td>90<\/td>\n<td>72781801111<\/td>\n<td>95<\/td>\n<\/tr>\n<tr>\n<td>91<\/td>\n<td>73434527596<\/td>\n<td>94<\/td>\n<\/tr>\n<tr>\n<td>92<\/td>\n<td>72922319529<\/td>\n<td>94<\/td>\n<\/tr>\n<tr>\n<td>93<\/td>\n<td>73003276794<\/td>\n<td>94<\/td>\n<\/tr>\n<tr>\n<td>94<\/td>\n<td>72919202097<\/td>\n<td>93,5<\/td>\n<\/tr>\n<tr>\n<td>95<\/td>\n<td>72836183831<\/td>\n<td>93<\/td>\n<\/tr>\n<tr>\n<td>96<\/td>\n<td>72902218289<\/td>\n<td>92<\/td>\n<\/tr>\n<tr>\n<td>97<\/td>\n<td>72713729999<\/td>\n<td>92<\/td>\n<\/tr>\n<tr>\n<td>98<\/td>\n<td>84327985475<\/td>\n<td>92<\/td>\n<\/tr>\n<tr>\n<td>99<\/td>\n<td>72758652890<\/td>\n<td>91,5<\/td>\n<\/tr>\n<tr>\n<td>100<\/td>\n<td>72767155956<\/td>\n<td>91<\/td>\n<\/tr>\n<tr>\n<td>101<\/td>\n<td>72698652103<\/td>\n<td>90<\/td>\n<\/tr>\n<tr>\n<td>102<\/td>\n<td>72883556447<\/td>\n<td>89<\/td>\n<\/tr>\n<tr>\n<td>103<\/td>\n<td>72875290555<\/td>\n<td>89<\/td>\n<\/tr>\n<tr>\n<td>104<\/td>\n<td>72792029986<\/td>\n<td>88,5<\/td>\n<\/tr>\n<tr>\n<td>105<\/td>\n<td>72672467568<\/td>\n<td>88,5<\/td>\n<\/tr>\n<tr>\n<td>106<\/td>\n<td>72902749193<\/td>\n<td>87<\/td>\n<\/tr>\n<tr>\n<td>107<\/td>\n<td>72649956099<\/td>\n<td>87<\/td>\n<\/tr>\n<tr>\n<td>108<\/td>\n<td>72715510799<\/td>\n<td>86,5<\/td>\n<\/tr>\n<tr>\n<td>109<\/td>\n<td>72778435582<\/td>\n<td>86,5<\/td>\n<\/tr>\n<tr>\n<td>110<\/td>\n<td>72880168086<\/td>\n<td>86<\/td>\n<\/tr>\n<tr>\n<td>111<\/td>\n<td>72907530362<\/td>\n<td>85<\/td>\n<\/tr>\n<tr>\n<td>112<\/td>\n<td>72731809668<\/td>\n<td>82,5<\/td>\n<\/tr>\n<tr>\n<td>113<\/td>\n<td>72919361932<\/td>\n<td>82<\/td>\n<\/tr>\n<tr>\n<td>114<\/td>\n<td>72778088806<\/td>\n<td>80,5<\/td>\n<\/tr>\n<tr>\n<td>115<\/td>\n<td>72888346460<\/td>\n<td>80<\/td>\n<\/tr>\n<tr>\n<td>116<\/td>\n<td>72742435412<\/td>\n<td>80<\/td>\n<\/tr>\n<tr>\n<td>117<\/td>\n<td>72674047428<\/td>\n<td>78<\/td>\n<\/tr>\n<tr>\n<td>118<\/td>\n<td>72690621497<\/td>\n<td>77<\/td>\n<\/tr>\n<tr>\n<td>119<\/td>\n<td>72875292854<\/td>\n<td>77<\/td>\n<\/tr>\n<tr>\n<td>120<\/td>\n<td>72882532718<\/td>\n<td>75<\/td>\n<\/tr>\n<tr>\n<td>121<\/td>\n<td>73071380681<\/td>\n<td>74,5<\/td>\n<\/tr>\n<tr>\n<td>122<\/td>\n<td>72875282571<\/td>\n<td>68<\/td>\n<\/tr>\n<tr>\n<td>123<\/td>\n<td>72888680066<\/td>\n<td>68<\/td>\n<\/tr>\n<tr>\n<td>124<\/td>\n<td>72729402069<\/td>\n<td>67<\/td>\n<\/tr>\n<tr>\n<td>125<\/td>\n<td>72778045961<\/td>\n<td>65<\/td>\n<\/tr>\n<tr>\n<td>126<\/td>\n<td>74206930972<\/td>\n<td>62,5<\/td>\n<\/tr>\n<tr>\n<td>127<\/td>\n<td>72792752300<\/td>\n<td>60,5<\/td>\n<\/tr>\n<tr>\n<td>128<\/td>\n<td>73508728979<\/td>\n<td>59,5<\/td>\n<\/tr>\n<tr>\n<td>129<\/td>\n<td>72715810140<\/td>\n<td>51<\/td>\n<\/tr>\n<\/tbody>\n<\/table>\n<div class=\"pvc_clear\"><\/div>\n<p id=\"pvc_stats_2669\" class=\"pvc_stats all  \" data-element-id=\"2669\" style=\"\"><i class=\"pvc-stats-icon medium\" aria-hidden=\"true\"><svg aria-hidden=\"true\" focusable=\"false\" data-prefix=\"far\" data-icon=\"chart-bar\" role=\"img\" xmlns=\"http:\/\/www.w3.org\/2000\/svg\" viewBox=\"0 0 512 512\" class=\"svg-inline--fa fa-chart-bar fa-w-16 fa-2x\"><path fill=\"currentColor\" d=\"M396.8 352h22.4c6.4 0 12.8-6.4 12.8-12.8V108.8c0-6.4-6.4-12.8-12.8-12.8h-22.4c-6.4 0-12.8 6.4-12.8 12.8v230.4c0 6.4 6.4 12.8 12.8 12.8zm-192 0h22.4c6.4 0 12.8-6.4 12.8-12.8V140.8c0-6.4-6.4-12.8-12.8-12.8h-22.4c-6.4 0-12.8 6.4-12.8 12.8v198.4c0 6.4 6.4 12.8 12.8 12.8zm96 0h22.4c6.4 0 12.8-6.4 12.8-12.8V204.8c0-6.4-6.4-12.8-12.8-12.8h-22.4c-6.4 0-12.8 6.4-12.8 12.8v134.4c0 6.4 6.4 12.8 12.8 12.8zM496 400H48V80c0-8.84-7.16-16-16-16H16C7.16 64 0 71.16 0 80v336c0 17.67 14.33 32 32 32h464c8.84 0 16-7.16 16-16v-16c0-8.84-7.16-16-16-16zm-387.2-48h22.4c6.4 0 12.8-6.4 12.8-12.8v-70.4c0-6.4-6.4-12.8-12.8-12.8h-22.4c-6.4 0-12.8 6.4-12.8 12.8v70.4c0 6.4 6.4 12.8 12.8 12.8z\" class=\"\"><\/path><\/svg><\/i> <img loading=\"lazy\" decoding=\"async\" width=\"16\" height=\"16\" alt=\"Loading\" src=\"https:\/\/besi.hu\/wp-content\/plugins\/page-views-count\/ajax-loader-2x.gif\" border=0 \/><\/p>\n<div class=\"pvc_clear\"><\/div>\n","protected":false},"excerpt":{"rendered":"<p>Felvehet\u0151 l\u00e9tsz\u00e1m 16 f\u0151 Sorsz\u00e1m Oktat\u00e1si azonos\u00edt\u00f3 Pontsz\u00e1m 1 72730360551 143 2 72784443445 143 3 72708534191 141 4 72699105764 141 5 72707466257 138 6 72784527483 131 7 72888505629 129 8 72698602101 129 9 72905670829 128 10 72699225682 127 11 72706220341 126 12 72730239122 125 13 72781056045 124,5 14 72757542007 123,5&#8230;<\/p>\n<div class=\"pvc_clear\"><\/div>\n<p id=\"pvc_stats_2669\" class=\"pvc_stats all  \" data-element-id=\"2669\" style=\"\"><i class=\"pvc-stats-icon medium\" aria-hidden=\"true\"><svg aria-hidden=\"true\" focusable=\"false\" data-prefix=\"far\" data-icon=\"chart-bar\" role=\"img\" xmlns=\"http:\/\/www.w3.org\/2000\/svg\" viewBox=\"0 0 512 512\" class=\"svg-inline--fa fa-chart-bar fa-w-16 fa-2x\"><path fill=\"currentColor\" d=\"M396.8 352h22.4c6.4 0 12.8-6.4 12.8-12.8V108.8c0-6.4-6.4-12.8-12.8-12.8h-22.4c-6.4 0-12.8 6.4-12.8 12.8v230.4c0 6.4 6.4 12.8 12.8 12.8zm-192 0h22.4c6.4 0 12.8-6.4 12.8-12.8V140.8c0-6.4-6.4-12.8-12.8-12.8h-22.4c-6.4 0-12.8 6.4-12.8 12.8v198.4c0 6.4 6.4 12.8 12.8 12.8zm96 0h22.4c6.4 0 12.8-6.4 12.8-12.8V204.8c0-6.4-6.4-12.8-12.8-12.8h-22.4c-6.4 0-12.8 6.4-12.8 12.8v134.4c0 6.4 6.4 12.8 12.8 12.8zM496 400H48V80c0-8.84-7.16-16-16-16H16C7.16 64 0 71.16 0 80v336c0 17.67 14.33 32 32 32h464c8.84 0 16-7.16 16-16v-16c0-8.84-7.16-16-16-16zm-387.2-48h22.4c6.4 0 12.8-6.4 12.8-12.8v-70.4c0-6.4-6.4-12.8-12.8-12.8h-22.4c-6.4 0-12.8 6.4-12.8 12.8v70.4c0 6.4 6.4 12.8 12.8 12.8z\" class=\"\"><\/path><\/svg><\/i> <img loading=\"lazy\" decoding=\"async\" width=\"16\" height=\"16\" alt=\"Loading\" src=\"https:\/\/besi.hu\/wp-content\/plugins\/page-views-count\/ajax-loader-2x.gif\" border=0 \/><\/p>\n<div class=\"pvc_clear\"><\/div>\n","protected":false},"author":1,"featured_media":0,"parent":0,"menu_order":0,"comment_status":"closed","ping_status":"closed","template":"","meta":{"footnotes":""},"class_list":["post-2669","page","type-page","status-publish","hentry"],"aioseo_notices":[],"a3_pvc":{"activated":true,"total_views":602,"today_views":0},"_links":{"self":[{"href":"https:\/\/besi.hu\/index.php?rest_route=\/wp\/v2\/pages\/2669","targetHints":{"allow":["GET"]}}],"collection":[{"href":"https:\/\/besi.hu\/index.php?rest_route=\/wp\/v2\/pages"}],"about":[{"href":"https:\/\/besi.hu\/index.php?rest_route=\/wp\/v2\/types\/page"}],"author":[{"embeddable":true,"href":"https:\/\/besi.hu\/index.php?rest_route=\/wp\/v2\/users\/1"}],"replies":[{"embeddable":true,"href":"https:\/\/besi.hu\/index.php?rest_route=%2Fwp%2Fv2%2Fcomments&post=2669"}],"version-history":[{"count":1,"href":"https:\/\/besi.hu\/index.php?rest_route=\/wp\/v2\/pages\/2669\/revisions"}],"predecessor-version":[{"id":2670,"href":"https:\/\/besi.hu\/index.php?rest_route=\/wp\/v2\/pages\/2669\/revisions\/2670"}],"wp:attachment":[{"href":"https:\/\/besi.hu\/index.php?rest_route=%2Fwp%2Fv2%2Fmedia&parent=2669"}],"curies":[{"name":"wp","href":"https:\/\/api.w.org\/{rel}","templated":true}]}}