{"id":2672,"date":"2024-03-22T07:48:40","date_gmt":"2024-03-22T06:48:40","guid":{"rendered":"https:\/\/besi.hu\/?page_id=2672"},"modified":"2024-03-22T08:02:31","modified_gmt":"2024-03-22T07:02:31","slug":"0005-emelt-szintu-matematika-3","status":"publish","type":"page","link":"https:\/\/besi.hu\/?page_id=2672","title":{"rendered":"0005 \u2013 Emelt szint\u0171 matematika"},"content":{"rendered":"<p>Felvehet\u0151 l\u00e9tsz\u00e1m 32 f\u0151<\/p>\n<table width=\"312\">\n<tbody>\n<tr>\n<td width=\"60\">Sorsz\u00e1m<\/td>\n<td width=\"126\">Oktat\u00e1si azonos\u00edt\u00f3<\/td>\n<td width=\"126\">Pontsz\u00e1m<\/td>\n<\/tr>\n<tr>\n<td>1<\/td>\n<td>72730360551<\/td>\n<td>162,6<\/td>\n<\/tr>\n<tr>\n<td>2<\/td>\n<td>72784443445<\/td>\n<td>162,6<\/td>\n<\/tr>\n<tr>\n<td>3<\/td>\n<td>72704318466<\/td>\n<td>161,6<\/td>\n<\/tr>\n<tr>\n<td>4<\/td>\n<td>72699105764<\/td>\n<td>159,4<\/td>\n<\/tr>\n<tr>\n<td>5<\/td>\n<td>72708534191<\/td>\n<td>159<\/td>\n<\/tr>\n<tr>\n<td>6<\/td>\n<td>72836179614<\/td>\n<td>159<\/td>\n<\/tr>\n<tr>\n<td>7<\/td>\n<td>72694894287<\/td>\n<td>156,6<\/td>\n<\/tr>\n<tr>\n<td>8<\/td>\n<td>72707466257<\/td>\n<td>154,8<\/td>\n<\/tr>\n<tr>\n<td>9<\/td>\n<td>72901304014<\/td>\n<td>154,2<\/td>\n<\/tr>\n<tr>\n<td>10<\/td>\n<td>72784527483<\/td>\n<td>147<\/td>\n<\/tr>\n<tr>\n<td>11<\/td>\n<td>72888505629<\/td>\n<td>144,2<\/td>\n<\/tr>\n<tr>\n<td>12<\/td>\n<td>72699225682<\/td>\n<td>143,8<\/td>\n<\/tr>\n<tr>\n<td>13<\/td>\n<td>72905670829<\/td>\n<td>142,4<\/td>\n<\/tr>\n<tr>\n<td>14<\/td>\n<td>72922048391<\/td>\n<td>141,6<\/td>\n<\/tr>\n<tr>\n<td>15<\/td>\n<td>72698602101<\/td>\n<td>141,4<\/td>\n<\/tr>\n<tr>\n<td>16<\/td>\n<td>72706220341<\/td>\n<td>141,2<\/td>\n<\/tr>\n<tr>\n<td>17<\/td>\n<td>72778476253<\/td>\n<td>139,9<\/td>\n<\/tr>\n<tr>\n<td>18<\/td>\n<td>72775970745<\/td>\n<td>139,8<\/td>\n<\/tr>\n<tr>\n<td>19<\/td>\n<td>72757542007<\/td>\n<td>139,5<\/td>\n<\/tr>\n<tr>\n<td>20<\/td>\n<td>72910803078<\/td>\n<td>139<\/td>\n<\/tr>\n<tr>\n<td>21<\/td>\n<td>72784947666<\/td>\n<td>139<\/td>\n<\/tr>\n<tr>\n<td>22<\/td>\n<td>72772318794<\/td>\n<td>138,6<\/td>\n<\/tr>\n<tr>\n<td>23<\/td>\n<td>72781056045<\/td>\n<td>138,5<\/td>\n<\/tr>\n<tr>\n<td>24<\/td>\n<td>72694795224<\/td>\n<td>138,4<\/td>\n<\/tr>\n<tr>\n<td>25<\/td>\n<td>72730239122<\/td>\n<td>138,2<\/td>\n<\/tr>\n<tr>\n<td>26<\/td>\n<td>72794827984<\/td>\n<td>138,2<\/td>\n<\/tr>\n<tr>\n<td>27<\/td>\n<td>72788519873<\/td>\n<td>137,8<\/td>\n<\/tr>\n<tr>\n<td>28<\/td>\n<td>72836189853<\/td>\n<td>136,7<\/td>\n<\/tr>\n<tr>\n<td>29<\/td>\n<td>72804803131<\/td>\n<td>136,7<\/td>\n<\/tr>\n<tr>\n<td>30<\/td>\n<td>72767437462<\/td>\n<td>136,6<\/td>\n<\/tr>\n<tr>\n<td>31<\/td>\n<td>72695437200<\/td>\n<td>136,4<\/td>\n<\/tr>\n<tr>\n<td>32<\/td>\n<td>72804977604<\/td>\n<td>135,8<\/td>\n<\/tr>\n<tr>\n<td>33<\/td>\n<td>72836174968<\/td>\n<td>135,6<\/td>\n<\/tr>\n<tr>\n<td>34<\/td>\n<td>72712200818<\/td>\n<td>134,8<\/td>\n<\/tr>\n<tr>\n<td>35<\/td>\n<td>72694567229<\/td>\n<td>133,6<\/td>\n<\/tr>\n<tr>\n<td>36<\/td>\n<td>72888489445<\/td>\n<td>133,4<\/td>\n<\/tr>\n<tr>\n<td>37<\/td>\n<td>72815606275<\/td>\n<td>133,4<\/td>\n<\/tr>\n<tr>\n<td>38<\/td>\n<td>72775677338<\/td>\n<td>133,2<\/td>\n<\/tr>\n<tr>\n<td>39<\/td>\n<td>72889031617<\/td>\n<td>132,8<\/td>\n<\/tr>\n<tr>\n<td>40<\/td>\n<td>72790863122<\/td>\n<td>132,4<\/td>\n<\/tr>\n<tr>\n<td>41<\/td>\n<td>72794612597<\/td>\n<td>131,8<\/td>\n<\/tr>\n<tr>\n<td>42<\/td>\n<td>73616785589<\/td>\n<td>130,4<\/td>\n<\/tr>\n<tr>\n<td>43<\/td>\n<td>72829506010<\/td>\n<td>130,2<\/td>\n<\/tr>\n<tr>\n<td>44<\/td>\n<td>72790943134<\/td>\n<td>129,2<\/td>\n<\/tr>\n<tr>\n<td>45<\/td>\n<td>72882541109<\/td>\n<td>129,2<\/td>\n<\/tr>\n<tr>\n<td>46<\/td>\n<td>72880152326<\/td>\n<td>127,8<\/td>\n<\/tr>\n<tr>\n<td>47<\/td>\n<td>72778545584<\/td>\n<td>127,2<\/td>\n<\/tr>\n<tr>\n<td>48<\/td>\n<td>72790911248<\/td>\n<td>127<\/td>\n<\/tr>\n<tr>\n<td>49<\/td>\n<td>72932173221<\/td>\n<td>126,4<\/td>\n<\/tr>\n<tr>\n<td>50<\/td>\n<td>72634618362<\/td>\n<td>125,8<\/td>\n<\/tr>\n<tr>\n<td>51<\/td>\n<td>72779044851<\/td>\n<td>125,5<\/td>\n<\/tr>\n<tr>\n<td>52<\/td>\n<td>72780458566<\/td>\n<td>123,7<\/td>\n<\/tr>\n<tr>\n<td>53<\/td>\n<td>72885020123<\/td>\n<td>123,4<\/td>\n<\/tr>\n<tr>\n<td>54<\/td>\n<td>72772346592<\/td>\n<td>122,2<\/td>\n<\/tr>\n<tr>\n<td>55<\/td>\n<td>72707442012<\/td>\n<td>121,6<\/td>\n<\/tr>\n<tr>\n<td>56<\/td>\n<td>72784291263<\/td>\n<td>121,2<\/td>\n<\/tr>\n<tr>\n<td>57<\/td>\n<td>72822048432<\/td>\n<td>121<\/td>\n<\/tr>\n<tr>\n<td>58<\/td>\n<td>72772646294<\/td>\n<td>119,2<\/td>\n<\/tr>\n<tr>\n<td>59<\/td>\n<td>72735440771<\/td>\n<td>119<\/td>\n<\/tr>\n<tr>\n<td>60<\/td>\n<td>72808074648<\/td>\n<td>119<\/td>\n<\/tr>\n<tr>\n<td>61<\/td>\n<td>72884734641<\/td>\n<td>117,3<\/td>\n<\/tr>\n<tr>\n<td>62<\/td>\n<td>72806835920<\/td>\n<td>116,3<\/td>\n<\/tr>\n<tr>\n<td>63<\/td>\n<td>73375284930<\/td>\n<td>115,9<\/td>\n<\/tr>\n<tr>\n<td>64<\/td>\n<td>72655484494<\/td>\n<td>115,6<\/td>\n<\/tr>\n<tr>\n<td>65<\/td>\n<td>72804730302<\/td>\n<td>115,4<\/td>\n<\/tr>\n<tr>\n<td>66<\/td>\n<td>72870084705<\/td>\n<td>115,3<\/td>\n<\/tr>\n<tr>\n<td>67<\/td>\n<td>72698551209<\/td>\n<td>114,2<\/td>\n<\/tr>\n<tr>\n<td>68<\/td>\n<td>72788669594<\/td>\n<td>113,8<\/td>\n<\/tr>\n<tr>\n<td>69<\/td>\n<td>72759551954<\/td>\n<td>112,2<\/td>\n<\/tr>\n<tr>\n<td>70<\/td>\n<td>72898381875<\/td>\n<td>111,8<\/td>\n<\/tr>\n<tr>\n<td>71<\/td>\n<td>72713770144<\/td>\n<td>110,1<\/td>\n<\/tr>\n<tr>\n<td>72<\/td>\n<td>73025828061<\/td>\n<td>109,4<\/td>\n<\/tr>\n<tr>\n<td>73<\/td>\n<td>72960363854<\/td>\n<td>109,2<\/td>\n<\/tr>\n<tr>\n<td>74<\/td>\n<td>72836183072<\/td>\n<td>107,6<\/td>\n<\/tr>\n<tr>\n<td>75<\/td>\n<td>74043488059<\/td>\n<td>107,2<\/td>\n<\/tr>\n<tr>\n<td>76<\/td>\n<td>72919202097<\/td>\n<td>101,5<\/td>\n<\/tr>\n<tr>\n<td>77<\/td>\n<td>73003276794<\/td>\n<td>101,2<\/td>\n<\/tr>\n<tr>\n<td>78<\/td>\n<td>84327985475<\/td>\n<td>101,2<\/td>\n<\/tr>\n<tr>\n<td>79<\/td>\n<td>72624014213<\/td>\n<td>100,8<\/td>\n<\/tr>\n<tr>\n<td>80<\/td>\n<td>72776240706<\/td>\n<td>100,7<\/td>\n<\/tr>\n<tr>\n<td>81<\/td>\n<td>72902218289<\/td>\n<td>99,6<\/td>\n<\/tr>\n<tr>\n<td>82<\/td>\n<td>72672467568<\/td>\n<td>98,5<\/td>\n<\/tr>\n<tr>\n<td>83<\/td>\n<td>72698652103<\/td>\n<td>97,2<\/td>\n<\/tr>\n<tr>\n<td>84<\/td>\n<td>72742442604<\/td>\n<td>94,2<\/td>\n<\/tr>\n<tr>\n<td>85<\/td>\n<td>72702040443<\/td>\n<td>93,7<\/td>\n<\/tr>\n<tr>\n<td>86<\/td>\n<td>72883556447<\/td>\n<td>93<\/td>\n<\/tr>\n<tr>\n<td>87<\/td>\n<td>72704144859<\/td>\n<td>92,7<\/td>\n<\/tr>\n<tr>\n<td>88<\/td>\n<td>72759029203<\/td>\n<td>88,3<\/td>\n<\/tr>\n<tr>\n<td>89<\/td>\n<td>72624015711<\/td>\n<td>87,8<\/td>\n<\/tr>\n<tr>\n<td>90<\/td>\n<td>72763337754<\/td>\n<td>84,5<\/td>\n<\/tr>\n<tr>\n<td>91<\/td>\n<td>72747506689<\/td>\n<td>82,8<\/td>\n<\/tr>\n<\/tbody>\n<\/table>\n<div class=\"pvc_clear\"><\/div>\n<p id=\"pvc_stats_2672\" class=\"pvc_stats all  \" data-element-id=\"2672\" style=\"\"><i class=\"pvc-stats-icon medium\" aria-hidden=\"true\"><svg aria-hidden=\"true\" focusable=\"false\" data-prefix=\"far\" data-icon=\"chart-bar\" role=\"img\" xmlns=\"http:\/\/www.w3.org\/2000\/svg\" viewBox=\"0 0 512 512\" class=\"svg-inline--fa fa-chart-bar fa-w-16 fa-2x\"><path fill=\"currentColor\" d=\"M396.8 352h22.4c6.4 0 12.8-6.4 12.8-12.8V108.8c0-6.4-6.4-12.8-12.8-12.8h-22.4c-6.4 0-12.8 6.4-12.8 12.8v230.4c0 6.4 6.4 12.8 12.8 12.8zm-192 0h22.4c6.4 0 12.8-6.4 12.8-12.8V140.8c0-6.4-6.4-12.8-12.8-12.8h-22.4c-6.4 0-12.8 6.4-12.8 12.8v198.4c0 6.4 6.4 12.8 12.8 12.8zm96 0h22.4c6.4 0 12.8-6.4 12.8-12.8V204.8c0-6.4-6.4-12.8-12.8-12.8h-22.4c-6.4 0-12.8 6.4-12.8 12.8v134.4c0 6.4 6.4 12.8 12.8 12.8zM496 400H48V80c0-8.84-7.16-16-16-16H16C7.16 64 0 71.16 0 80v336c0 17.67 14.33 32 32 32h464c8.84 0 16-7.16 16-16v-16c0-8.84-7.16-16-16-16zm-387.2-48h22.4c6.4 0 12.8-6.4 12.8-12.8v-70.4c0-6.4-6.4-12.8-12.8-12.8h-22.4c-6.4 0-12.8 6.4-12.8 12.8v70.4c0 6.4 6.4 12.8 12.8 12.8z\" class=\"\"><\/path><\/svg><\/i> <img loading=\"lazy\" decoding=\"async\" width=\"16\" height=\"16\" alt=\"Loading\" src=\"https:\/\/besi.hu\/wp-content\/plugins\/page-views-count\/ajax-loader-2x.gif\" border=0 \/><\/p>\n<div class=\"pvc_clear\"><\/div>\n","protected":false},"excerpt":{"rendered":"<p>Felvehet\u0151 l\u00e9tsz\u00e1m 32 f\u0151 Sorsz\u00e1m Oktat\u00e1si azonos\u00edt\u00f3 Pontsz\u00e1m 1 72730360551 162,6 2 72784443445 162,6 3 72704318466 161,6 4 72699105764 159,4 5 72708534191 159 6 72836179614 159 7 72694894287 156,6 8 72707466257 154,8 9 72901304014 154,2 10 72784527483 147 11 72888505629 144,2 12 72699225682 143,8 13 72905670829 142,4 14 72922048391 141,6&#8230;<\/p>\n<div class=\"pvc_clear\"><\/div>\n<p id=\"pvc_stats_2672\" class=\"pvc_stats all  \" data-element-id=\"2672\" style=\"\"><i class=\"pvc-stats-icon medium\" aria-hidden=\"true\"><svg aria-hidden=\"true\" focusable=\"false\" data-prefix=\"far\" data-icon=\"chart-bar\" role=\"img\" xmlns=\"http:\/\/www.w3.org\/2000\/svg\" viewBox=\"0 0 512 512\" class=\"svg-inline--fa fa-chart-bar fa-w-16 fa-2x\"><path fill=\"currentColor\" d=\"M396.8 352h22.4c6.4 0 12.8-6.4 12.8-12.8V108.8c0-6.4-6.4-12.8-12.8-12.8h-22.4c-6.4 0-12.8 6.4-12.8 12.8v230.4c0 6.4 6.4 12.8 12.8 12.8zm-192 0h22.4c6.4 0 12.8-6.4 12.8-12.8V140.8c0-6.4-6.4-12.8-12.8-12.8h-22.4c-6.4 0-12.8 6.4-12.8 12.8v198.4c0 6.4 6.4 12.8 12.8 12.8zm96 0h22.4c6.4 0 12.8-6.4 12.8-12.8V204.8c0-6.4-6.4-12.8-12.8-12.8h-22.4c-6.4 0-12.8 6.4-12.8 12.8v134.4c0 6.4 6.4 12.8 12.8 12.8zM496 400H48V80c0-8.84-7.16-16-16-16H16C7.16 64 0 71.16 0 80v336c0 17.67 14.33 32 32 32h464c8.84 0 16-7.16 16-16v-16c0-8.84-7.16-16-16-16zm-387.2-48h22.4c6.4 0 12.8-6.4 12.8-12.8v-70.4c0-6.4-6.4-12.8-12.8-12.8h-22.4c-6.4 0-12.8 6.4-12.8 12.8v70.4c0 6.4 6.4 12.8 12.8 12.8z\" class=\"\"><\/path><\/svg><\/i> <img loading=\"lazy\" decoding=\"async\" width=\"16\" height=\"16\" alt=\"Loading\" src=\"https:\/\/besi.hu\/wp-content\/plugins\/page-views-count\/ajax-loader-2x.gif\" border=0 \/><\/p>\n<div class=\"pvc_clear\"><\/div>\n","protected":false},"author":1,"featured_media":0,"parent":0,"menu_order":0,"comment_status":"closed","ping_status":"closed","template":"","meta":{"footnotes":""},"class_list":["post-2672","page","type-page","status-publish","hentry"],"aioseo_notices":[],"a3_pvc":{"activated":true,"total_views":672,"today_views":0},"_links":{"self":[{"href":"https:\/\/besi.hu\/index.php?rest_route=\/wp\/v2\/pages\/2672","targetHints":{"allow":["GET"]}}],"collection":[{"href":"https:\/\/besi.hu\/index.php?rest_route=\/wp\/v2\/pages"}],"about":[{"href":"https:\/\/besi.hu\/index.php?rest_route=\/wp\/v2\/types\/page"}],"author":[{"embeddable":true,"href":"https:\/\/besi.hu\/index.php?rest_route=\/wp\/v2\/users\/1"}],"replies":[{"embeddable":true,"href":"https:\/\/besi.hu\/index.php?rest_route=%2Fwp%2Fv2%2Fcomments&post=2672"}],"version-history":[{"count":2,"href":"https:\/\/besi.hu\/index.php?rest_route=\/wp\/v2\/pages\/2672\/revisions"}],"predecessor-version":[{"id":2681,"href":"https:\/\/besi.hu\/index.php?rest_route=\/wp\/v2\/pages\/2672\/revisions\/2681"}],"wp:attachment":[{"href":"https:\/\/besi.hu\/index.php?rest_route=%2Fwp%2Fv2%2Fmedia&parent=2672"}],"curies":[{"name":"wp","href":"https:\/\/api.w.org\/{rel}","templated":true}]}}