{"id":2674,"date":"2024-03-22T07:50:20","date_gmt":"2024-03-22T06:50:20","guid":{"rendered":"https:\/\/besi.hu\/?page_id=2674"},"modified":"2024-03-22T08:02:52","modified_gmt":"2024-03-22T07:02:52","slug":"0006-altalanos-termeszettudomanyos-iranyultsag-2024","status":"publish","type":"page","link":"https:\/\/besi.hu\/?page_id=2674","title":{"rendered":"0006 &#8211; \u00c1ltal\u00e1nos term\u00e9szettudom\u00e1nyos ir\u00e1nyults\u00e1g 2024"},"content":{"rendered":"<p>Felvehet\u0151 l\u00e9tsz\u00e1m 32 f\u0151<\/p>\n<table width=\"312\">\n<tbody>\n<tr>\n<td width=\"60\">Sorsz\u00e1m<\/td>\n<td width=\"126\">Oktat\u00e1si azonos\u00edt\u00f3<\/td>\n<td width=\"126\">Pontsz\u00e1m<\/td>\n<\/tr>\n<tr>\n<td>1<\/td>\n<td>72730360551<\/td>\n<td>143<\/td>\n<\/tr>\n<tr>\n<td>2<\/td>\n<td>72704318466<\/td>\n<td>142<\/td>\n<\/tr>\n<tr>\n<td>3<\/td>\n<td>72708534191<\/td>\n<td>141<\/td>\n<\/tr>\n<tr>\n<td>4<\/td>\n<td>72888505629<\/td>\n<td>129<\/td>\n<\/tr>\n<tr>\n<td>5<\/td>\n<td>72905670829<\/td>\n<td>128<\/td>\n<\/tr>\n<tr>\n<td>6<\/td>\n<td>72699225682<\/td>\n<td>127<\/td>\n<\/tr>\n<tr>\n<td>7<\/td>\n<td>72775970745<\/td>\n<td>125<\/td>\n<\/tr>\n<tr>\n<td>8<\/td>\n<td>72772318794<\/td>\n<td>123<\/td>\n<\/tr>\n<tr>\n<td>9<\/td>\n<td>72910822396<\/td>\n<td>123<\/td>\n<\/tr>\n<tr>\n<td>10<\/td>\n<td>72775677338<\/td>\n<td>122<\/td>\n<\/tr>\n<tr>\n<td>11<\/td>\n<td>72804803131<\/td>\n<td>119,5<\/td>\n<\/tr>\n<tr>\n<td>12<\/td>\n<td>72778272914<\/td>\n<td>119<\/td>\n<\/tr>\n<tr>\n<td>13<\/td>\n<td>73616785589<\/td>\n<td>118<\/td>\n<\/tr>\n<tr>\n<td>14<\/td>\n<td>72772175388<\/td>\n<td>118<\/td>\n<\/tr>\n<tr>\n<td>15<\/td>\n<td>72815606275<\/td>\n<td>117<\/td>\n<\/tr>\n<tr>\n<td>16<\/td>\n<td>72778545584<\/td>\n<td>116<\/td>\n<\/tr>\n<tr>\n<td>17<\/td>\n<td>72634618362<\/td>\n<td>115<\/td>\n<\/tr>\n<tr>\n<td>18<\/td>\n<td>72880708080<\/td>\n<td>115<\/td>\n<\/tr>\n<tr>\n<td>19<\/td>\n<td>72905627087<\/td>\n<td>114<\/td>\n<\/tr>\n<tr>\n<td>20<\/td>\n<td>72779044851<\/td>\n<td>113,5<\/td>\n<\/tr>\n<tr>\n<td>21<\/td>\n<td>72780458566<\/td>\n<td>112,5<\/td>\n<\/tr>\n<tr>\n<td>22<\/td>\n<td>72932173221<\/td>\n<td>112<\/td>\n<\/tr>\n<tr>\n<td>23<\/td>\n<td>72775834420<\/td>\n<td>112<\/td>\n<\/tr>\n<tr>\n<td>24<\/td>\n<td>72707442012<\/td>\n<td>110<\/td>\n<\/tr>\n<tr>\n<td>25<\/td>\n<td>72775916858<\/td>\n<td>110<\/td>\n<\/tr>\n<tr>\n<td>26<\/td>\n<td>72720877730<\/td>\n<td>110<\/td>\n<\/tr>\n<tr>\n<td>27<\/td>\n<td>72735440771<\/td>\n<td>109<\/td>\n<\/tr>\n<tr>\n<td>28<\/td>\n<td>72808074648<\/td>\n<td>107<\/td>\n<\/tr>\n<tr>\n<td>29<\/td>\n<td>72797219802<\/td>\n<td>107<\/td>\n<\/tr>\n<tr>\n<td>30<\/td>\n<td>72884734641<\/td>\n<td>106,5<\/td>\n<\/tr>\n<tr>\n<td>31<\/td>\n<td>73375284930<\/td>\n<td>105,5<\/td>\n<\/tr>\n<tr>\n<td>32<\/td>\n<td>72870084705<\/td>\n<td>104,5<\/td>\n<\/tr>\n<tr>\n<td>33<\/td>\n<td>72910817117<\/td>\n<td>104<\/td>\n<\/tr>\n<tr>\n<td>34<\/td>\n<td>72657083645<\/td>\n<td>104<\/td>\n<\/tr>\n<tr>\n<td>35<\/td>\n<td>72788669594<\/td>\n<td>103<\/td>\n<\/tr>\n<tr>\n<td>36<\/td>\n<td>72781183057<\/td>\n<td>102,5<\/td>\n<\/tr>\n<tr>\n<td>37<\/td>\n<td>72633622979<\/td>\n<td>101,5<\/td>\n<\/tr>\n<tr>\n<td>38<\/td>\n<td>72888570135<\/td>\n<td>101,5<\/td>\n<\/tr>\n<tr>\n<td>39<\/td>\n<td>72701475419<\/td>\n<td>101<\/td>\n<\/tr>\n<tr>\n<td>40<\/td>\n<td>72713770144<\/td>\n<td>100,5<\/td>\n<\/tr>\n<tr>\n<td>41<\/td>\n<td>72713356715<\/td>\n<td>100<\/td>\n<\/tr>\n<tr>\n<td>42<\/td>\n<td>72875983094<\/td>\n<td>99,5<\/td>\n<\/tr>\n<tr>\n<td>43<\/td>\n<td>72714127771<\/td>\n<td>98,5<\/td>\n<\/tr>\n<tr>\n<td>44<\/td>\n<td>72624087784<\/td>\n<td>98<\/td>\n<\/tr>\n<tr>\n<td>45<\/td>\n<td>74043488059<\/td>\n<td>96<\/td>\n<\/tr>\n<tr>\n<td>46<\/td>\n<td>72789272313<\/td>\n<td>96<\/td>\n<\/tr>\n<tr>\n<td>47<\/td>\n<td>72781801111<\/td>\n<td>95<\/td>\n<\/tr>\n<tr>\n<td>48<\/td>\n<td>72822466521<\/td>\n<td>95<\/td>\n<\/tr>\n<tr>\n<td>49<\/td>\n<td>72870279528<\/td>\n<td>94<\/td>\n<\/tr>\n<tr>\n<td>50<\/td>\n<td>72694422787<\/td>\n<td>94<\/td>\n<\/tr>\n<tr>\n<td>51<\/td>\n<td>72732414295<\/td>\n<td>94<\/td>\n<\/tr>\n<tr>\n<td>52<\/td>\n<td>72776240706<\/td>\n<td>93,5<\/td>\n<\/tr>\n<tr>\n<td>53<\/td>\n<td>72836183831<\/td>\n<td>93<\/td>\n<\/tr>\n<tr>\n<td>54<\/td>\n<td>72736922040<\/td>\n<td>93<\/td>\n<\/tr>\n<tr>\n<td>55<\/td>\n<td>72903699971<\/td>\n<td>92,5<\/td>\n<\/tr>\n<tr>\n<td>56<\/td>\n<td>72775843706<\/td>\n<td>92<\/td>\n<\/tr>\n<tr>\n<td>57<\/td>\n<td>72794699276<\/td>\n<td>91<\/td>\n<\/tr>\n<tr>\n<td>58<\/td>\n<td>72913872678<\/td>\n<td>90,5<\/td>\n<\/tr>\n<tr>\n<td>59<\/td>\n<td>72763000865<\/td>\n<td>90<\/td>\n<\/tr>\n<tr>\n<td>60<\/td>\n<td>72889870092<\/td>\n<td>89,5<\/td>\n<\/tr>\n<tr>\n<td>61<\/td>\n<td>72711825190<\/td>\n<td>87,5<\/td>\n<\/tr>\n<tr>\n<td>62<\/td>\n<td>72902749193<\/td>\n<td>87<\/td>\n<\/tr>\n<tr>\n<td>63<\/td>\n<td>72649956099<\/td>\n<td>87<\/td>\n<\/tr>\n<tr>\n<td>64<\/td>\n<td>72780484557<\/td>\n<td>86<\/td>\n<\/tr>\n<tr>\n<td>65<\/td>\n<td>72907530362<\/td>\n<td>85<\/td>\n<\/tr>\n<tr>\n<td>66<\/td>\n<td>72885884035<\/td>\n<td>85<\/td>\n<\/tr>\n<tr>\n<td>67<\/td>\n<td>72694461918<\/td>\n<td>84,5<\/td>\n<\/tr>\n<tr>\n<td>68<\/td>\n<td>72884783216<\/td>\n<td>84,5<\/td>\n<\/tr>\n<tr>\n<td>69<\/td>\n<td>72624015711<\/td>\n<td>81<\/td>\n<\/tr>\n<tr>\n<td>70<\/td>\n<td>72789658693<\/td>\n<td>81<\/td>\n<\/tr>\n<tr>\n<td>71<\/td>\n<td>72763337754<\/td>\n<td>80,5<\/td>\n<\/tr>\n<tr>\n<td>72<\/td>\n<td>72778088806<\/td>\n<td>80,5<\/td>\n<\/tr>\n<tr>\n<td>73<\/td>\n<td>74092797100<\/td>\n<td>76<\/td>\n<\/tr>\n<tr>\n<td>74<\/td>\n<td>72882532718<\/td>\n<td>75<\/td>\n<\/tr>\n<tr>\n<td>75<\/td>\n<td>72714098508<\/td>\n<td>70<\/td>\n<\/tr>\n<tr>\n<td>76<\/td>\n<td>72714175394<\/td>\n<td>70<\/td>\n<\/tr>\n<tr>\n<td>77<\/td>\n<td>72788127416<\/td>\n<td>69,5<\/td>\n<\/tr>\n<tr>\n<td>78<\/td>\n<td>72784758702<\/td>\n<td>66,5<\/td>\n<\/tr>\n<tr>\n<td>79<\/td>\n<td>74022019370<\/td>\n<td>66,5<\/td>\n<\/tr>\n<tr>\n<td>80<\/td>\n<td>73145007228<\/td>\n<td>56,5<\/td>\n<\/tr>\n<tr>\n<td>81<\/td>\n<td>72652778560<\/td>\n<td>46,5<\/td>\n<\/tr>\n<tr>\n<td>82<\/td>\n<td>72905845166<\/td>\n<td>45,5<\/td>\n<\/tr>\n<\/tbody>\n<\/table>\n<div class=\"pvc_clear\"><\/div>\n<p id=\"pvc_stats_2674\" class=\"pvc_stats all  \" data-element-id=\"2674\" style=\"\"><i class=\"pvc-stats-icon medium\" aria-hidden=\"true\"><svg aria-hidden=\"true\" focusable=\"false\" data-prefix=\"far\" data-icon=\"chart-bar\" role=\"img\" xmlns=\"http:\/\/www.w3.org\/2000\/svg\" viewBox=\"0 0 512 512\" class=\"svg-inline--fa fa-chart-bar fa-w-16 fa-2x\"><path fill=\"currentColor\" d=\"M396.8 352h22.4c6.4 0 12.8-6.4 12.8-12.8V108.8c0-6.4-6.4-12.8-12.8-12.8h-22.4c-6.4 0-12.8 6.4-12.8 12.8v230.4c0 6.4 6.4 12.8 12.8 12.8zm-192 0h22.4c6.4 0 12.8-6.4 12.8-12.8V140.8c0-6.4-6.4-12.8-12.8-12.8h-22.4c-6.4 0-12.8 6.4-12.8 12.8v198.4c0 6.4 6.4 12.8 12.8 12.8zm96 0h22.4c6.4 0 12.8-6.4 12.8-12.8V204.8c0-6.4-6.4-12.8-12.8-12.8h-22.4c-6.4 0-12.8 6.4-12.8 12.8v134.4c0 6.4 6.4 12.8 12.8 12.8zM496 400H48V80c0-8.84-7.16-16-16-16H16C7.16 64 0 71.16 0 80v336c0 17.67 14.33 32 32 32h464c8.84 0 16-7.16 16-16v-16c0-8.84-7.16-16-16-16zm-387.2-48h22.4c6.4 0 12.8-6.4 12.8-12.8v-70.4c0-6.4-6.4-12.8-12.8-12.8h-22.4c-6.4 0-12.8 6.4-12.8 12.8v70.4c0 6.4 6.4 12.8 12.8 12.8z\" class=\"\"><\/path><\/svg><\/i> <img loading=\"lazy\" decoding=\"async\" width=\"16\" height=\"16\" alt=\"Loading\" src=\"https:\/\/besi.hu\/wp-content\/plugins\/page-views-count\/ajax-loader-2x.gif\" border=0 \/><\/p>\n<div class=\"pvc_clear\"><\/div>\n","protected":false},"excerpt":{"rendered":"<p>Felvehet\u0151 l\u00e9tsz\u00e1m 32 f\u0151 Sorsz\u00e1m Oktat\u00e1si azonos\u00edt\u00f3 Pontsz\u00e1m 1 72730360551 143 2 72704318466 142 3 72708534191 141 4 72888505629 129 5 72905670829 128 6 72699225682 127 7 72775970745 125 8 72772318794 123 9 72910822396 123 10 72775677338 122 11 72804803131 119,5 12 72778272914 119 13 73616785589 118 14 72772175388 118&#8230;<\/p>\n<div class=\"pvc_clear\"><\/div>\n<p id=\"pvc_stats_2674\" class=\"pvc_stats all  \" data-element-id=\"2674\" style=\"\"><i class=\"pvc-stats-icon medium\" aria-hidden=\"true\"><svg aria-hidden=\"true\" focusable=\"false\" data-prefix=\"far\" data-icon=\"chart-bar\" role=\"img\" xmlns=\"http:\/\/www.w3.org\/2000\/svg\" viewBox=\"0 0 512 512\" class=\"svg-inline--fa fa-chart-bar fa-w-16 fa-2x\"><path fill=\"currentColor\" d=\"M396.8 352h22.4c6.4 0 12.8-6.4 12.8-12.8V108.8c0-6.4-6.4-12.8-12.8-12.8h-22.4c-6.4 0-12.8 6.4-12.8 12.8v230.4c0 6.4 6.4 12.8 12.8 12.8zm-192 0h22.4c6.4 0 12.8-6.4 12.8-12.8V140.8c0-6.4-6.4-12.8-12.8-12.8h-22.4c-6.4 0-12.8 6.4-12.8 12.8v198.4c0 6.4 6.4 12.8 12.8 12.8zm96 0h22.4c6.4 0 12.8-6.4 12.8-12.8V204.8c0-6.4-6.4-12.8-12.8-12.8h-22.4c-6.4 0-12.8 6.4-12.8 12.8v134.4c0 6.4 6.4 12.8 12.8 12.8zM496 400H48V80c0-8.84-7.16-16-16-16H16C7.16 64 0 71.16 0 80v336c0 17.67 14.33 32 32 32h464c8.84 0 16-7.16 16-16v-16c0-8.84-7.16-16-16-16zm-387.2-48h22.4c6.4 0 12.8-6.4 12.8-12.8v-70.4c0-6.4-6.4-12.8-12.8-12.8h-22.4c-6.4 0-12.8 6.4-12.8 12.8v70.4c0 6.4 6.4 12.8 12.8 12.8z\" class=\"\"><\/path><\/svg><\/i> <img loading=\"lazy\" decoding=\"async\" width=\"16\" height=\"16\" alt=\"Loading\" src=\"https:\/\/besi.hu\/wp-content\/plugins\/page-views-count\/ajax-loader-2x.gif\" border=0 \/><\/p>\n<div class=\"pvc_clear\"><\/div>\n","protected":false},"author":1,"featured_media":0,"parent":0,"menu_order":0,"comment_status":"closed","ping_status":"closed","template":"","meta":{"footnotes":""},"class_list":["post-2674","page","type-page","status-publish","hentry"],"aioseo_notices":[],"a3_pvc":{"activated":true,"total_views":624,"today_views":0},"_links":{"self":[{"href":"https:\/\/besi.hu\/index.php?rest_route=\/wp\/v2\/pages\/2674","targetHints":{"allow":["GET"]}}],"collection":[{"href":"https:\/\/besi.hu\/index.php?rest_route=\/wp\/v2\/pages"}],"about":[{"href":"https:\/\/besi.hu\/index.php?rest_route=\/wp\/v2\/types\/page"}],"author":[{"embeddable":true,"href":"https:\/\/besi.hu\/index.php?rest_route=\/wp\/v2\/users\/1"}],"replies":[{"embeddable":true,"href":"https:\/\/besi.hu\/index.php?rest_route=%2Fwp%2Fv2%2Fcomments&post=2674"}],"version-history":[{"count":1,"href":"https:\/\/besi.hu\/index.php?rest_route=\/wp\/v2\/pages\/2674\/revisions"}],"predecessor-version":[{"id":2675,"href":"https:\/\/besi.hu\/index.php?rest_route=\/wp\/v2\/pages\/2674\/revisions\/2675"}],"wp:attachment":[{"href":"https:\/\/besi.hu\/index.php?rest_route=%2Fwp%2Fv2%2Fmedia&parent=2674"}],"curies":[{"name":"wp","href":"https:\/\/api.w.org\/{rel}","templated":true}]}}