{"id":2676,"date":"2024-03-22T07:52:54","date_gmt":"2024-03-22T06:52:54","guid":{"rendered":"https:\/\/besi.hu\/?page_id=2676"},"modified":"2024-03-22T08:03:18","modified_gmt":"2024-03-22T07:03:18","slug":"0007-altalanos-tantervu-3","status":"publish","type":"page","link":"https:\/\/besi.hu\/?page_id=2676","title":{"rendered":"0007 &#8211; \u00c1ltal\u00e1nos tanterv\u0171 2024"},"content":{"rendered":"<p>Felvehet\u0151 l\u00e9tsz\u00e1m 32 f\u0151<\/p>\n<table width=\"312\">\n<tbody>\n<tr>\n<td width=\"60\">Sorsz\u00e1m<\/td>\n<td width=\"126\">Oktat\u00e1si azonos\u00edt\u00f3<\/td>\n<td width=\"126\">Pontsz\u00e1m<\/td>\n<\/tr>\n<tr>\n<td>1<\/td>\n<td>72730360551<\/td>\n<td>143<\/td>\n<\/tr>\n<tr>\n<td>2<\/td>\n<td>72901304014<\/td>\n<td>137<\/td>\n<\/tr>\n<tr>\n<td>3<\/td>\n<td>72784527483<\/td>\n<td>131<\/td>\n<\/tr>\n<tr>\n<td>4<\/td>\n<td>72922048391<\/td>\n<td>128<\/td>\n<\/tr>\n<tr>\n<td>5<\/td>\n<td>72699225682<\/td>\n<td>127<\/td>\n<\/tr>\n<tr>\n<td>6<\/td>\n<td>72775970745<\/td>\n<td>125<\/td>\n<\/tr>\n<tr>\n<td>7<\/td>\n<td>72730239122<\/td>\n<td>125<\/td>\n<\/tr>\n<tr>\n<td>8<\/td>\n<td>72781056045<\/td>\n<td>124,5<\/td>\n<\/tr>\n<tr>\n<td>9<\/td>\n<td>72757542007<\/td>\n<td>123,5<\/td>\n<\/tr>\n<tr>\n<td>10<\/td>\n<td>72778476253<\/td>\n<td>123,5<\/td>\n<\/tr>\n<tr>\n<td>11<\/td>\n<td>72772318794<\/td>\n<td>123<\/td>\n<\/tr>\n<tr>\n<td>12<\/td>\n<td>72767437462<\/td>\n<td>123<\/td>\n<\/tr>\n<tr>\n<td>13<\/td>\n<td>72788519873<\/td>\n<td>123<\/td>\n<\/tr>\n<tr>\n<td>14<\/td>\n<td>72910803078<\/td>\n<td>123<\/td>\n<\/tr>\n<tr>\n<td>15<\/td>\n<td>72804977604<\/td>\n<td>123<\/td>\n<\/tr>\n<tr>\n<td>16<\/td>\n<td>72775677338<\/td>\n<td>122<\/td>\n<\/tr>\n<tr>\n<td>17<\/td>\n<td>72694567229<\/td>\n<td>122<\/td>\n<\/tr>\n<tr>\n<td>18<\/td>\n<td>72712200818<\/td>\n<td>122<\/td>\n<\/tr>\n<tr>\n<td>19<\/td>\n<td>72836189853<\/td>\n<td>121,5<\/td>\n<\/tr>\n<tr>\n<td>20<\/td>\n<td>72888489445<\/td>\n<td>121<\/td>\n<\/tr>\n<tr>\n<td>21<\/td>\n<td>72784947666<\/td>\n<td>121<\/td>\n<\/tr>\n<tr>\n<td>22<\/td>\n<td>72829506010<\/td>\n<td>119<\/td>\n<\/tr>\n<tr>\n<td>23<\/td>\n<td>72749744124<\/td>\n<td>119<\/td>\n<\/tr>\n<tr>\n<td>24<\/td>\n<td>73616785589<\/td>\n<td>118<\/td>\n<\/tr>\n<tr>\n<td>25<\/td>\n<td>72790943134<\/td>\n<td>118<\/td>\n<\/tr>\n<tr>\n<td>26<\/td>\n<td>72882541109<\/td>\n<td>118<\/td>\n<\/tr>\n<tr>\n<td>27<\/td>\n<td>72836182119<\/td>\n<td>118<\/td>\n<\/tr>\n<tr>\n<td>28<\/td>\n<td>72698826768<\/td>\n<td>117<\/td>\n<\/tr>\n<tr>\n<td>29<\/td>\n<td>72778545584<\/td>\n<td>116<\/td>\n<\/tr>\n<tr>\n<td>30<\/td>\n<td>72883162380<\/td>\n<td>116<\/td>\n<\/tr>\n<tr>\n<td>31<\/td>\n<td>72807162951<\/td>\n<td>116<\/td>\n<\/tr>\n<tr>\n<td>32<\/td>\n<td>72864250972<\/td>\n<td>116<\/td>\n<\/tr>\n<tr>\n<td>33<\/td>\n<td>72634618362<\/td>\n<td>115<\/td>\n<\/tr>\n<tr>\n<td>34<\/td>\n<td>72880708080<\/td>\n<td>115<\/td>\n<\/tr>\n<tr>\n<td>35<\/td>\n<td>72880152326<\/td>\n<td>115<\/td>\n<\/tr>\n<tr>\n<td>36<\/td>\n<td>72884723399<\/td>\n<td>115<\/td>\n<\/tr>\n<tr>\n<td>37<\/td>\n<td>72905627087<\/td>\n<td>114<\/td>\n<\/tr>\n<tr>\n<td>38<\/td>\n<td>72672165496<\/td>\n<td>114<\/td>\n<\/tr>\n<tr>\n<td>39<\/td>\n<td>72780398557<\/td>\n<td>113,5<\/td>\n<\/tr>\n<tr>\n<td>40<\/td>\n<td>72772346592<\/td>\n<td>113<\/td>\n<\/tr>\n<tr>\n<td>41<\/td>\n<td>72780458566<\/td>\n<td>112,5<\/td>\n<\/tr>\n<tr>\n<td>42<\/td>\n<td>72932173221<\/td>\n<td>112<\/td>\n<\/tr>\n<tr>\n<td>43<\/td>\n<td>72775834420<\/td>\n<td>112<\/td>\n<\/tr>\n<tr>\n<td>44<\/td>\n<td>72822048432<\/td>\n<td>111<\/td>\n<\/tr>\n<tr>\n<td>45<\/td>\n<td>72713744725<\/td>\n<td>111<\/td>\n<\/tr>\n<tr>\n<td>46<\/td>\n<td>73338788702<\/td>\n<td>111<\/td>\n<\/tr>\n<tr>\n<td>47<\/td>\n<td>72789195831<\/td>\n<td>111<\/td>\n<\/tr>\n<tr>\n<td>48<\/td>\n<td>72720877730<\/td>\n<td>110<\/td>\n<\/tr>\n<tr>\n<td>49<\/td>\n<td>72795731814<\/td>\n<td>109,5<\/td>\n<\/tr>\n<tr>\n<td>50<\/td>\n<td>72699168094<\/td>\n<td>109<\/td>\n<\/tr>\n<tr>\n<td>51<\/td>\n<td>72907591045<\/td>\n<td>109<\/td>\n<\/tr>\n<tr>\n<td>52<\/td>\n<td>72772646294<\/td>\n<td>108<\/td>\n<\/tr>\n<tr>\n<td>53<\/td>\n<td>72808074648<\/td>\n<td>107<\/td>\n<\/tr>\n<tr>\n<td>54<\/td>\n<td>72797219802<\/td>\n<td>107<\/td>\n<\/tr>\n<tr>\n<td>55<\/td>\n<td>72884734641<\/td>\n<td>106,5<\/td>\n<\/tr>\n<tr>\n<td>56<\/td>\n<td>73003260687<\/td>\n<td>106<\/td>\n<\/tr>\n<tr>\n<td>57<\/td>\n<td>73375284930<\/td>\n<td>105,5<\/td>\n<\/tr>\n<tr>\n<td>58<\/td>\n<td>72698551209<\/td>\n<td>105<\/td>\n<\/tr>\n<tr>\n<td>59<\/td>\n<td>72794997320<\/td>\n<td>105<\/td>\n<\/tr>\n<tr>\n<td>60<\/td>\n<td>72870084705<\/td>\n<td>104,5<\/td>\n<\/tr>\n<tr>\n<td>61<\/td>\n<td>72826182483<\/td>\n<td>104,5<\/td>\n<\/tr>\n<tr>\n<td>62<\/td>\n<td>72910817117<\/td>\n<td>104<\/td>\n<\/tr>\n<tr>\n<td>63<\/td>\n<td>72657083645<\/td>\n<td>104<\/td>\n<\/tr>\n<tr>\n<td>64<\/td>\n<td>72655484494<\/td>\n<td>104<\/td>\n<\/tr>\n<tr>\n<td>65<\/td>\n<td>72812852005<\/td>\n<td>104<\/td>\n<\/tr>\n<tr>\n<td>66<\/td>\n<td>72806835920<\/td>\n<td>103,5<\/td>\n<\/tr>\n<tr>\n<td>67<\/td>\n<td>72788669594<\/td>\n<td>103<\/td>\n<\/tr>\n<tr>\n<td>68<\/td>\n<td>72804730302<\/td>\n<td>103<\/td>\n<\/tr>\n<tr>\n<td>69<\/td>\n<td>72759551954<\/td>\n<td>103<\/td>\n<\/tr>\n<tr>\n<td>70<\/td>\n<td>72784364637<\/td>\n<td>103<\/td>\n<\/tr>\n<tr>\n<td>71<\/td>\n<td>72672214465<\/td>\n<td>103<\/td>\n<\/tr>\n<tr>\n<td>72<\/td>\n<td>72756921309<\/td>\n<td>103<\/td>\n<\/tr>\n<tr>\n<td>73<\/td>\n<td>72781183057<\/td>\n<td>102,5<\/td>\n<\/tr>\n<tr>\n<td>74<\/td>\n<td>72865234777<\/td>\n<td>102<\/td>\n<\/tr>\n<tr>\n<td>75<\/td>\n<td>72764709030<\/td>\n<td>102<\/td>\n<\/tr>\n<tr>\n<td>76<\/td>\n<td>72633622979<\/td>\n<td>101,5<\/td>\n<\/tr>\n<tr>\n<td>77<\/td>\n<td>72713801527<\/td>\n<td>101,5<\/td>\n<\/tr>\n<tr>\n<td>78<\/td>\n<td>72728485610<\/td>\n<td>101<\/td>\n<\/tr>\n<tr>\n<td>79<\/td>\n<td>72902556212<\/td>\n<td>101<\/td>\n<\/tr>\n<tr>\n<td>80<\/td>\n<td>72713356715<\/td>\n<td>100<\/td>\n<\/tr>\n<tr>\n<td>81<\/td>\n<td>72960363854<\/td>\n<td>100<\/td>\n<\/tr>\n<tr>\n<td>82<\/td>\n<td>72875983094<\/td>\n<td>99,5<\/td>\n<\/tr>\n<tr>\n<td>83<\/td>\n<td>73002663891<\/td>\n<td>99<\/td>\n<\/tr>\n<tr>\n<td>84<\/td>\n<td>72859985895<\/td>\n<td>99<\/td>\n<\/tr>\n<tr>\n<td>85<\/td>\n<td>72624087784<\/td>\n<td>98<\/td>\n<\/tr>\n<tr>\n<td>86<\/td>\n<td>72836183072<\/td>\n<td>98<\/td>\n<\/tr>\n<tr>\n<td>87<\/td>\n<td>72788711123<\/td>\n<td>98<\/td>\n<\/tr>\n<tr>\n<td>88<\/td>\n<td>72919370557<\/td>\n<td>98<\/td>\n<\/tr>\n<tr>\n<td>89<\/td>\n<td>72713757518<\/td>\n<td>98<\/td>\n<\/tr>\n<tr>\n<td>90<\/td>\n<td>72883488051<\/td>\n<td>97<\/td>\n<\/tr>\n<tr>\n<td>91<\/td>\n<td>72898265820<\/td>\n<td>97<\/td>\n<\/tr>\n<tr>\n<td>92<\/td>\n<td>72735244457<\/td>\n<td>96,5<\/td>\n<\/tr>\n<tr>\n<td>93<\/td>\n<td>72789272313<\/td>\n<td>96<\/td>\n<\/tr>\n<tr>\n<td>94<\/td>\n<td>72624088389<\/td>\n<td>96<\/td>\n<\/tr>\n<tr>\n<td>95<\/td>\n<td>72633628453<\/td>\n<td>96<\/td>\n<\/tr>\n<tr>\n<td>96<\/td>\n<td>72772511391<\/td>\n<td>95,5<\/td>\n<\/tr>\n<tr>\n<td>97<\/td>\n<td>72781801111<\/td>\n<td>95<\/td>\n<\/tr>\n<tr>\n<td>98<\/td>\n<td>72822466521<\/td>\n<td>95<\/td>\n<\/tr>\n<tr>\n<td>99<\/td>\n<td>72757366287<\/td>\n<td>95<\/td>\n<\/tr>\n<tr>\n<td>100<\/td>\n<td>72905650773<\/td>\n<td>94,5<\/td>\n<\/tr>\n<tr>\n<td>101<\/td>\n<td>72870279528<\/td>\n<td>94<\/td>\n<\/tr>\n<tr>\n<td>102<\/td>\n<td>72694422787<\/td>\n<td>94<\/td>\n<\/tr>\n<tr>\n<td>103<\/td>\n<td>73003276794<\/td>\n<td>94<\/td>\n<\/tr>\n<tr>\n<td>104<\/td>\n<td>73434527596<\/td>\n<td>94<\/td>\n<\/tr>\n<tr>\n<td>105<\/td>\n<td>72922319529<\/td>\n<td>94<\/td>\n<\/tr>\n<tr>\n<td>106<\/td>\n<td>72694696502<\/td>\n<td>94<\/td>\n<\/tr>\n<tr>\n<td>107<\/td>\n<td>72776240706<\/td>\n<td>93,5<\/td>\n<\/tr>\n<tr>\n<td>108<\/td>\n<td>72785719941<\/td>\n<td>93,5<\/td>\n<\/tr>\n<tr>\n<td>109<\/td>\n<td>72789238788<\/td>\n<td>93,5<\/td>\n<\/tr>\n<tr>\n<td>110<\/td>\n<td>72836183831<\/td>\n<td>93<\/td>\n<\/tr>\n<tr>\n<td>111<\/td>\n<td>72930236734<\/td>\n<td>93<\/td>\n<\/tr>\n<tr>\n<td>112<\/td>\n<td>72713729999<\/td>\n<td>92<\/td>\n<\/tr>\n<tr>\n<td>113<\/td>\n<td>72701294253<\/td>\n<td>92<\/td>\n<\/tr>\n<tr>\n<td>114<\/td>\n<td>84327985475<\/td>\n<td>92<\/td>\n<\/tr>\n<tr>\n<td>115<\/td>\n<td>72883966973<\/td>\n<td>91,5<\/td>\n<\/tr>\n<tr>\n<td>116<\/td>\n<td>72784655008<\/td>\n<td>91,5<\/td>\n<\/tr>\n<tr>\n<td>117<\/td>\n<td>72794699276<\/td>\n<td>91<\/td>\n<\/tr>\n<tr>\n<td>118<\/td>\n<td>72913872678<\/td>\n<td>90,5<\/td>\n<\/tr>\n<tr>\n<td>119<\/td>\n<td>72763000865<\/td>\n<td>90<\/td>\n<\/tr>\n<tr>\n<td>120<\/td>\n<td>72698652103<\/td>\n<td>90<\/td>\n<\/tr>\n<tr>\n<td>121<\/td>\n<td>72883556447<\/td>\n<td>89<\/td>\n<\/tr>\n<tr>\n<td>122<\/td>\n<td>72875290555<\/td>\n<td>89<\/td>\n<\/tr>\n<tr>\n<td>123<\/td>\n<td>72672467568<\/td>\n<td>88,5<\/td>\n<\/tr>\n<tr>\n<td>124<\/td>\n<td>72681081626<\/td>\n<td>88<\/td>\n<\/tr>\n<tr>\n<td>125<\/td>\n<td>72892561357<\/td>\n<td>88<\/td>\n<\/tr>\n<tr>\n<td>126<\/td>\n<td>72704144859<\/td>\n<td>87,5<\/td>\n<\/tr>\n<tr>\n<td>127<\/td>\n<td>72902749193<\/td>\n<td>87<\/td>\n<\/tr>\n<tr>\n<td>128<\/td>\n<td>72742442604<\/td>\n<td>87<\/td>\n<\/tr>\n<tr>\n<td>129<\/td>\n<td>72715510799<\/td>\n<td>86,5<\/td>\n<\/tr>\n<tr>\n<td>130<\/td>\n<td>72778435582<\/td>\n<td>86,5<\/td>\n<\/tr>\n<tr>\n<td>131<\/td>\n<td>72780484557<\/td>\n<td>86<\/td>\n<\/tr>\n<tr>\n<td>132<\/td>\n<td>72880168086<\/td>\n<td>86<\/td>\n<\/tr>\n<tr>\n<td>133<\/td>\n<td>72729248343<\/td>\n<td>86<\/td>\n<\/tr>\n<tr>\n<td>134<\/td>\n<td>72669747953<\/td>\n<td>86<\/td>\n<\/tr>\n<tr>\n<td>135<\/td>\n<td>72699319054<\/td>\n<td>86<\/td>\n<\/tr>\n<tr>\n<td>136<\/td>\n<td>72910815462<\/td>\n<td>85,5<\/td>\n<\/tr>\n<tr>\n<td>137<\/td>\n<td>72907530362<\/td>\n<td>85<\/td>\n<\/tr>\n<tr>\n<td>138<\/td>\n<td>72885884035<\/td>\n<td>85<\/td>\n<\/tr>\n<tr>\n<td>139<\/td>\n<td>72694461918<\/td>\n<td>84,5<\/td>\n<\/tr>\n<tr>\n<td>140<\/td>\n<td>72884783216<\/td>\n<td>84,5<\/td>\n<\/tr>\n<tr>\n<td>141<\/td>\n<td>72922104730<\/td>\n<td>84<\/td>\n<\/tr>\n<tr>\n<td>142<\/td>\n<td>72907668211<\/td>\n<td>84<\/td>\n<\/tr>\n<tr>\n<td>143<\/td>\n<td>72939899827<\/td>\n<td>83,5<\/td>\n<\/tr>\n<tr>\n<td>144<\/td>\n<td>72875942592<\/td>\n<td>83<\/td>\n<\/tr>\n<tr>\n<td>145<\/td>\n<td>72731809668<\/td>\n<td>82,5<\/td>\n<\/tr>\n<tr>\n<td>146<\/td>\n<td>72919361932<\/td>\n<td>82<\/td>\n<\/tr>\n<tr>\n<td>147<\/td>\n<td>72779368359<\/td>\n<td>82<\/td>\n<\/tr>\n<tr>\n<td>148<\/td>\n<td>72880739944<\/td>\n<td>82<\/td>\n<\/tr>\n<tr>\n<td>149<\/td>\n<td>72870334782<\/td>\n<td>82<\/td>\n<\/tr>\n<tr>\n<td>150<\/td>\n<td>72624015711<\/td>\n<td>81<\/td>\n<\/tr>\n<tr>\n<td>151<\/td>\n<td>72789658693<\/td>\n<td>81<\/td>\n<\/tr>\n<tr>\n<td>152<\/td>\n<td>72776227150<\/td>\n<td>81<\/td>\n<\/tr>\n<tr>\n<td>153<\/td>\n<td>72732614527<\/td>\n<td>81<\/td>\n<\/tr>\n<tr>\n<td>154<\/td>\n<td>72672297127<\/td>\n<td>81<\/td>\n<\/tr>\n<tr>\n<td>155<\/td>\n<td>72788237516<\/td>\n<td>81<\/td>\n<\/tr>\n<tr>\n<td>156<\/td>\n<td>72898137740<\/td>\n<td>81<\/td>\n<\/tr>\n<tr>\n<td>157<\/td>\n<td>72778088806<\/td>\n<td>80,5<\/td>\n<\/tr>\n<tr>\n<td>158<\/td>\n<td>72888346460<\/td>\n<td>80<\/td>\n<\/tr>\n<tr>\n<td>159<\/td>\n<td>72742435412<\/td>\n<td>80<\/td>\n<\/tr>\n<tr>\n<td>160<\/td>\n<td>72674047428<\/td>\n<td>78<\/td>\n<\/tr>\n<tr>\n<td>161<\/td>\n<td>72910808136<\/td>\n<td>78<\/td>\n<\/tr>\n<tr>\n<td>162<\/td>\n<td>72875292854<\/td>\n<td>77<\/td>\n<\/tr>\n<tr>\n<td>163<\/td>\n<td>72747506689<\/td>\n<td>76<\/td>\n<\/tr>\n<tr>\n<td>164<\/td>\n<td>73058712946<\/td>\n<td>76<\/td>\n<\/tr>\n<tr>\n<td>165<\/td>\n<td>72882532718<\/td>\n<td>75<\/td>\n<\/tr>\n<tr>\n<td>166<\/td>\n<td>73051217694<\/td>\n<td>75<\/td>\n<\/tr>\n<tr>\n<td>167<\/td>\n<td>73071380681<\/td>\n<td>74,5<\/td>\n<\/tr>\n<tr>\n<td>168<\/td>\n<td>72778234468<\/td>\n<td>74<\/td>\n<\/tr>\n<tr>\n<td>169<\/td>\n<td>72742502444<\/td>\n<td>73,5<\/td>\n<\/tr>\n<tr>\n<td>170<\/td>\n<td>72836177594<\/td>\n<td>73<\/td>\n<\/tr>\n<tr>\n<td>171<\/td>\n<td>72836175562<\/td>\n<td>72,5<\/td>\n<\/tr>\n<tr>\n<td>172<\/td>\n<td>72769036201<\/td>\n<td>72<\/td>\n<\/tr>\n<tr>\n<td>173<\/td>\n<td>73436036701<\/td>\n<td>70,5<\/td>\n<\/tr>\n<tr>\n<td>174<\/td>\n<td>72714175394<\/td>\n<td>70<\/td>\n<\/tr>\n<tr>\n<td>175<\/td>\n<td>72671563784<\/td>\n<td>70<\/td>\n<\/tr>\n<tr>\n<td>176<\/td>\n<td>72729868723<\/td>\n<td>70<\/td>\n<\/tr>\n<tr>\n<td>177<\/td>\n<td>72788127416<\/td>\n<td>69,5<\/td>\n<\/tr>\n<tr>\n<td>178<\/td>\n<td>72835552215<\/td>\n<td>69,5<\/td>\n<\/tr>\n<tr>\n<td>179<\/td>\n<td>72700667988<\/td>\n<td>69<\/td>\n<\/tr>\n<tr>\n<td>180<\/td>\n<td>72820394998<\/td>\n<td>68,5<\/td>\n<\/tr>\n<tr>\n<td>181<\/td>\n<td>73996534639<\/td>\n<td>68,5<\/td>\n<\/tr>\n<tr>\n<td>182<\/td>\n<td>72875282571<\/td>\n<td>68<\/td>\n<\/tr>\n<tr>\n<td>183<\/td>\n<td>73151538960<\/td>\n<td>68<\/td>\n<\/tr>\n<tr>\n<td>184<\/td>\n<td>72667486660<\/td>\n<td>68<\/td>\n<\/tr>\n<tr>\n<td>185<\/td>\n<td>72729402069<\/td>\n<td>67<\/td>\n<\/tr>\n<tr>\n<td>186<\/td>\n<td>74022019370<\/td>\n<td>66,5<\/td>\n<\/tr>\n<tr>\n<td>187<\/td>\n<td>73002249451<\/td>\n<td>66<\/td>\n<\/tr>\n<tr>\n<td>188<\/td>\n<td>72836180105<\/td>\n<td>65,5<\/td>\n<\/tr>\n<tr>\n<td>189<\/td>\n<td>72778045961<\/td>\n<td>65<\/td>\n<\/tr>\n<tr>\n<td>190<\/td>\n<td>72770741356<\/td>\n<td>63<\/td>\n<\/tr>\n<tr>\n<td>191<\/td>\n<td>72715745178<\/td>\n<td>61,5<\/td>\n<\/tr>\n<tr>\n<td>192<\/td>\n<td>72792752300<\/td>\n<td>60,5<\/td>\n<\/tr>\n<tr>\n<td>193<\/td>\n<td>73508728979<\/td>\n<td>59,5<\/td>\n<\/tr>\n<tr>\n<td>194<\/td>\n<td>72782401731<\/td>\n<td>59,5<\/td>\n<\/tr>\n<tr>\n<td>195<\/td>\n<td>72768940497<\/td>\n<td>59,5<\/td>\n<\/tr>\n<tr>\n<td>196<\/td>\n<td>72788602209<\/td>\n<td>58,5<\/td>\n<\/tr>\n<tr>\n<td>197<\/td>\n<td>72794869106<\/td>\n<td>57<\/td>\n<\/tr>\n<tr>\n<td>198<\/td>\n<td>72715810140<\/td>\n<td>51<\/td>\n<\/tr>\n<tr>\n<td>199<\/td>\n<td>72652778560<\/td>\n<td>46,5<\/td>\n<\/tr>\n<tr>\n<td>200<\/td>\n<td>72905845166<\/td>\n<td>45,5<\/td>\n<\/tr>\n<\/tbody>\n<\/table>\n<div class=\"pvc_clear\"><\/div>\n<p id=\"pvc_stats_2676\" class=\"pvc_stats all  \" data-element-id=\"2676\" style=\"\"><i class=\"pvc-stats-icon medium\" aria-hidden=\"true\"><svg aria-hidden=\"true\" focusable=\"false\" data-prefix=\"far\" data-icon=\"chart-bar\" role=\"img\" xmlns=\"http:\/\/www.w3.org\/2000\/svg\" viewBox=\"0 0 512 512\" class=\"svg-inline--fa fa-chart-bar fa-w-16 fa-2x\"><path fill=\"currentColor\" d=\"M396.8 352h22.4c6.4 0 12.8-6.4 12.8-12.8V108.8c0-6.4-6.4-12.8-12.8-12.8h-22.4c-6.4 0-12.8 6.4-12.8 12.8v230.4c0 6.4 6.4 12.8 12.8 12.8zm-192 0h22.4c6.4 0 12.8-6.4 12.8-12.8V140.8c0-6.4-6.4-12.8-12.8-12.8h-22.4c-6.4 0-12.8 6.4-12.8 12.8v198.4c0 6.4 6.4 12.8 12.8 12.8zm96 0h22.4c6.4 0 12.8-6.4 12.8-12.8V204.8c0-6.4-6.4-12.8-12.8-12.8h-22.4c-6.4 0-12.8 6.4-12.8 12.8v134.4c0 6.4 6.4 12.8 12.8 12.8zM496 400H48V80c0-8.84-7.16-16-16-16H16C7.16 64 0 71.16 0 80v336c0 17.67 14.33 32 32 32h464c8.84 0 16-7.16 16-16v-16c0-8.84-7.16-16-16-16zm-387.2-48h22.4c6.4 0 12.8-6.4 12.8-12.8v-70.4c0-6.4-6.4-12.8-12.8-12.8h-22.4c-6.4 0-12.8 6.4-12.8 12.8v70.4c0 6.4 6.4 12.8 12.8 12.8z\" class=\"\"><\/path><\/svg><\/i> <img loading=\"lazy\" decoding=\"async\" width=\"16\" height=\"16\" alt=\"Loading\" src=\"https:\/\/besi.hu\/wp-content\/plugins\/page-views-count\/ajax-loader-2x.gif\" border=0 \/><\/p>\n<div class=\"pvc_clear\"><\/div>\n","protected":false},"excerpt":{"rendered":"<p>Felvehet\u0151 l\u00e9tsz\u00e1m 32 f\u0151 Sorsz\u00e1m Oktat\u00e1si azonos\u00edt\u00f3 Pontsz\u00e1m 1 72730360551 143 2 72901304014 137 3 72784527483 131 4 72922048391 128 5 72699225682 127 6 72775970745 125 7 72730239122 125 8 72781056045 124,5 9 72757542007 123,5 10 72778476253 123,5 11 72772318794 123 12 72767437462 123 13 72788519873 123 14 72910803078 123&#8230;<\/p>\n<div class=\"pvc_clear\"><\/div>\n<p id=\"pvc_stats_2676\" class=\"pvc_stats all  \" data-element-id=\"2676\" style=\"\"><i class=\"pvc-stats-icon medium\" aria-hidden=\"true\"><svg aria-hidden=\"true\" focusable=\"false\" data-prefix=\"far\" data-icon=\"chart-bar\" role=\"img\" xmlns=\"http:\/\/www.w3.org\/2000\/svg\" viewBox=\"0 0 512 512\" class=\"svg-inline--fa fa-chart-bar fa-w-16 fa-2x\"><path fill=\"currentColor\" d=\"M396.8 352h22.4c6.4 0 12.8-6.4 12.8-12.8V108.8c0-6.4-6.4-12.8-12.8-12.8h-22.4c-6.4 0-12.8 6.4-12.8 12.8v230.4c0 6.4 6.4 12.8 12.8 12.8zm-192 0h22.4c6.4 0 12.8-6.4 12.8-12.8V140.8c0-6.4-6.4-12.8-12.8-12.8h-22.4c-6.4 0-12.8 6.4-12.8 12.8v198.4c0 6.4 6.4 12.8 12.8 12.8zm96 0h22.4c6.4 0 12.8-6.4 12.8-12.8V204.8c0-6.4-6.4-12.8-12.8-12.8h-22.4c-6.4 0-12.8 6.4-12.8 12.8v134.4c0 6.4 6.4 12.8 12.8 12.8zM496 400H48V80c0-8.84-7.16-16-16-16H16C7.16 64 0 71.16 0 80v336c0 17.67 14.33 32 32 32h464c8.84 0 16-7.16 16-16v-16c0-8.84-7.16-16-16-16zm-387.2-48h22.4c6.4 0 12.8-6.4 12.8-12.8v-70.4c0-6.4-6.4-12.8-12.8-12.8h-22.4c-6.4 0-12.8 6.4-12.8 12.8v70.4c0 6.4 6.4 12.8 12.8 12.8z\" class=\"\"><\/path><\/svg><\/i> <img loading=\"lazy\" decoding=\"async\" width=\"16\" height=\"16\" alt=\"Loading\" src=\"https:\/\/besi.hu\/wp-content\/plugins\/page-views-count\/ajax-loader-2x.gif\" border=0 \/><\/p>\n<div class=\"pvc_clear\"><\/div>\n","protected":false},"author":1,"featured_media":0,"parent":0,"menu_order":0,"comment_status":"closed","ping_status":"closed","template":"","meta":{"footnotes":""},"class_list":["post-2676","page","type-page","status-publish","hentry"],"aioseo_notices":[],"a3_pvc":{"activated":true,"total_views":793,"today_views":0},"_links":{"self":[{"href":"https:\/\/besi.hu\/index.php?rest_route=\/wp\/v2\/pages\/2676","targetHints":{"allow":["GET"]}}],"collection":[{"href":"https:\/\/besi.hu\/index.php?rest_route=\/wp\/v2\/pages"}],"about":[{"href":"https:\/\/besi.hu\/index.php?rest_route=\/wp\/v2\/types\/page"}],"author":[{"embeddable":true,"href":"https:\/\/besi.hu\/index.php?rest_route=\/wp\/v2\/users\/1"}],"replies":[{"embeddable":true,"href":"https:\/\/besi.hu\/index.php?rest_route=%2Fwp%2Fv2%2Fcomments&post=2676"}],"version-history":[{"count":2,"href":"https:\/\/besi.hu\/index.php?rest_route=\/wp\/v2\/pages\/2676\/revisions"}],"predecessor-version":[{"id":2678,"href":"https:\/\/besi.hu\/index.php?rest_route=\/wp\/v2\/pages\/2676\/revisions\/2678"}],"wp:attachment":[{"href":"https:\/\/besi.hu\/index.php?rest_route=%2Fwp%2Fv2%2Fmedia&parent=2676"}],"curies":[{"name":"wp","href":"https:\/\/api.w.org\/{rel}","templated":true}]}}