{"id":40668,"date":"2026-03-20T00:01:00","date_gmt":"2026-03-19T23:01:00","guid":{"rendered":"https:\/\/besi.hu\/?page_id=40668"},"modified":"2026-03-19T20:40:52","modified_gmt":"2026-03-19T19:40:52","slug":"0002-kiemelt-idegen-nyelvi-kepzes-2026","status":"publish","type":"page","link":"https:\/\/besi.hu\/?page_id=40668","title":{"rendered":"0002 &#8211; Kiemelt idegen nyelvi k\u00e9pz\u00e9s 2026"},"content":{"rendered":"<p>0002 &#8211; Kiemelt idegen nyelvi k\u00e9pz\u00e9s 2026<\/p>\n<p>\u00a0<\/p>\n\n\n<figure class=\"wp-block-table\"><table class=\"has-fixed-layout\"><tbody><tr><td><strong>Sorsz\u00e1m<\/strong><\/td><td><strong>Oktat\u00e1si azonos\u00edt\u00f3\/Jelige<\/strong><\/td><td><strong>Pontsz\u00e1m<\/strong><\/td><\/tr><tr><td>1<\/td><td>73061250594<\/td><td>157<\/td><\/tr><tr><td>2<\/td><td>73049805189<\/td><td>153<\/td><\/tr><tr><td>3<\/td><td>73123169990<\/td><td>145<\/td><\/tr><tr><td>4<\/td><td>73048968303<\/td><td>144<\/td><\/tr><tr><td>5<\/td><td>73026139437<\/td><td>142<\/td><\/tr><tr><td>6<\/td><td>Lukr\u00e9cia<\/td><td>139<\/td><\/tr><tr><td>7<\/td><td>73033632827<\/td><td>138<\/td><\/tr><tr><td>8<\/td><td>73057860096<\/td><td>136<\/td><\/tr><tr><td>9<\/td><td>73050005034<\/td><td>135<\/td><\/tr><tr><td>10<\/td><td>73033520562<\/td><td>135<\/td><\/tr><tr><td>11<\/td><td>73003051702<\/td><td>135<\/td><\/tr><tr><td>12<\/td><td>73084213949<\/td><td>131<\/td><\/tr><tr><td>13<\/td><td>73522696937<\/td><td>130<\/td><\/tr><tr><td>14<\/td><td>73025033460<\/td><td>129<\/td><\/tr><tr><td>15<\/td><td>73081308931<\/td><td>128<\/td><\/tr><tr><td>16<\/td><td>LILNETT<\/td><td>127<\/td><\/tr><tr><td>17<\/td><td>FODORLILI<\/td><td>125<\/td><\/tr><tr><td>18<\/td><td>73090827316<\/td><td>124<\/td><\/tr><tr><td>19<\/td><td>73025811494<\/td><td>124<\/td><\/tr><tr><td>20<\/td><td>73048959618<\/td><td>122<\/td><\/tr><tr><td>21<\/td><td>73051440639<\/td><td>121<\/td><\/tr><tr><td>22<\/td><td>73002985590<\/td><td>120<\/td><\/tr><tr><td>23<\/td><td>72999498866<\/td><td>120<\/td><\/tr><tr><td>24<\/td><td>73048976815<\/td><td>118<\/td><\/tr><tr><td>25<\/td><td>72999435490<\/td><td>117<\/td><\/tr><tr><td>26<\/td><td>73009786777<\/td><td>116<\/td><\/tr><tr><td>27<\/td><td>73116672483<\/td><td>116<\/td><\/tr><tr><td>28<\/td><td>73042742372<\/td><td>114<\/td><\/tr><tr><td>29<\/td><td>73048846848<\/td><td>114<\/td><\/tr><tr><td>30<\/td><td>ANNA19<\/td><td>113<\/td><\/tr><tr><td>31<\/td><td>73110946722<\/td><td>111<\/td><\/tr><tr><td>32<\/td><td>73049031318<\/td><td>111<\/td><\/tr><tr><td>33<\/td><td>72953045009<\/td><td>110<\/td><\/tr><tr><td>34<\/td><td>72919488969<\/td><td>110<\/td><\/tr><tr><td>35<\/td><td>73040272393<\/td><td>109<\/td><\/tr><tr><td>36<\/td><td>73040461167<\/td><td>109<\/td><\/tr><tr><td>37<\/td><td>73116760370<\/td><td>109<\/td><\/tr><tr><td>38<\/td><td>73025052671<\/td><td>108<\/td><\/tr><tr><td>39<\/td><td>74038100562<\/td><td>107<\/td><\/tr><tr><td>40<\/td><td>73003006903<\/td><td>107<\/td><\/tr><tr><td>41<\/td><td>73029851157<\/td><td>107<\/td><\/tr><tr><td>42<\/td><td>72947123404<\/td><td>106<\/td><\/tr><tr><td>43<\/td><td>73007606421<\/td><td>104<\/td><\/tr><tr><td>44<\/td><td>72947125955<\/td><td>103<\/td><\/tr><tr><td>45<\/td><td>84328000061<\/td><td>101<\/td><\/tr><tr><td>46<\/td><td>73112841087<\/td><td>101<\/td><\/tr><tr><td>47<\/td><td>73023318855<\/td><td>101<\/td><\/tr><tr><td>48<\/td><td>72998121215<\/td><td>100<\/td><\/tr><tr><td>49<\/td><td>73090442517<\/td><td>96<\/td><\/tr><tr><td>50<\/td><td>73025115216<\/td><td>95<\/td><\/tr><tr><td>51<\/td><td>KACS\u00d3 \u00c1D\u00c1M<\/td><td>94<\/td><\/tr><tr><td>52<\/td><td>73014558039<\/td><td>93<\/td><\/tr><tr><td>53<\/td><td>LEND\u00dcLET<\/td><td>92<\/td><\/tr><tr><td>54<\/td><td>73054324894<\/td><td>91<\/td><\/tr><tr><td>55<\/td><td>73018630630<\/td><td>89<\/td><\/tr><tr><td>56<\/td><td>73071902721<\/td><td>88<\/td><\/tr><tr><td>57<\/td><td>74240741800<\/td><td>87<\/td><\/tr><tr><td>58<\/td><td>73069113107<\/td><td>85<\/td><\/tr><tr><td>59<\/td><td>72907756566<\/td><td>85<\/td><\/tr><tr><td>60<\/td><td>73099923805<\/td><td>83<\/td><\/tr><tr><td>61<\/td><td>73047160782<\/td><td>83<\/td><\/tr><tr><td>62<\/td><td>73049849245<\/td><td>82<\/td><\/tr><tr><td>63<\/td><td>72998339337<\/td><td>81<\/td><\/tr><tr><td>64<\/td><td>72988338710<\/td><td>80<\/td><\/tr><tr><td>65<\/td><td>84328000295<\/td><td>79<\/td><\/tr><tr><td>66<\/td><td>72952097314<\/td><td>79<\/td><\/tr><tr><td>67<\/td><td>73001670185<\/td><td>79<\/td><\/tr><tr><td>68<\/td><td>73113301300<\/td><td>77<\/td><\/tr><tr><td>69<\/td><td>73098670401<\/td><td>77<\/td><\/tr><tr><td>70<\/td><td>72952094555<\/td><td>73<\/td><\/tr><tr><td>71<\/td><td>73048958316<\/td><td>72<\/td><\/tr><tr><td>72<\/td><td>73052398001<\/td><td>72<\/td><\/tr><tr><td>73<\/td><td>73049806776<\/td><td>69<\/td><\/tr><tr><td>74<\/td><td>73112677786<\/td><td>65<\/td><\/tr><tr><td>75<\/td><td>73049722827<\/td><td>64<\/td><\/tr><tr><td>76<\/td><td>73057915434<\/td><td>61<\/td><\/tr><\/tbody><\/table><\/figure>\n<div class=\"pvc_clear\"><\/div><p id=\"pvc_stats_40668\" class=\"pvc_stats all  \" data-element-id=\"40668\" style=\"\"><i class=\"pvc-stats-icon medium\" aria-hidden=\"true\"><svg aria-hidden=\"true\" focusable=\"false\" data-prefix=\"far\" data-icon=\"chart-bar\" role=\"img\" xmlns=\"http:\/\/www.w3.org\/2000\/svg\" viewBox=\"0 0 512 512\" class=\"svg-inline--fa fa-chart-bar fa-w-16 fa-2x\"><path fill=\"currentColor\" d=\"M396.8 352h22.4c6.4 0 12.8-6.4 12.8-12.8V108.8c0-6.4-6.4-12.8-12.8-12.8h-22.4c-6.4 0-12.8 6.4-12.8 12.8v230.4c0 6.4 6.4 12.8 12.8 12.8zm-192 0h22.4c6.4 0 12.8-6.4 12.8-12.8V140.8c0-6.4-6.4-12.8-12.8-12.8h-22.4c-6.4 0-12.8 6.4-12.8 12.8v198.4c0 6.4 6.4 12.8 12.8 12.8zm96 0h22.4c6.4 0 12.8-6.4 12.8-12.8V204.8c0-6.4-6.4-12.8-12.8-12.8h-22.4c-6.4 0-12.8 6.4-12.8 12.8v134.4c0 6.4 6.4 12.8 12.8 12.8zM496 400H48V80c0-8.84-7.16-16-16-16H16C7.16 64 0 71.16 0 80v336c0 17.67 14.33 32 32 32h464c8.84 0 16-7.16 16-16v-16c0-8.84-7.16-16-16-16zm-387.2-48h22.4c6.4 0 12.8-6.4 12.8-12.8v-70.4c0-6.4-6.4-12.8-12.8-12.8h-22.4c-6.4 0-12.8 6.4-12.8 12.8v70.4c0 6.4 6.4 12.8 12.8 12.8z\" class=\"\"><\/path><\/svg><\/i> <img loading=\"lazy\" decoding=\"async\" width=\"16\" height=\"16\" alt=\"Loading\" src=\"https:\/\/besi.hu\/wp-content\/plugins\/page-views-count\/ajax-loader-2x.gif\" border=0 \/><\/p><div class=\"pvc_clear\"><\/div>","protected":false},"excerpt":{"rendered":"<p>0002 &#8211; Kiemelt idegen nyelvi k\u00e9pz\u00e9s 2026 \u00a0 Sorsz\u00e1m Oktat\u00e1si azonos\u00edt\u00f3\/Jelige Pontsz\u00e1m 1 73061250594 157 2 73049805189 153 3 73123169990 145 4 73048968303 144 5 73026139437 142 6 Lukr\u00e9cia 139 7 73033632827 138 8 73057860096 136 9 73050005034 135 10 73033520562 135 11 73003051702 135 12 73084213949 131 13 73522696937&#8230;<\/p>\n<div class=\"pvc_clear\"><\/div>\n<p id=\"pvc_stats_40668\" class=\"pvc_stats all  \" data-element-id=\"40668\" style=\"\"><i class=\"pvc-stats-icon medium\" aria-hidden=\"true\"><svg aria-hidden=\"true\" focusable=\"false\" data-prefix=\"far\" data-icon=\"chart-bar\" role=\"img\" xmlns=\"http:\/\/www.w3.org\/2000\/svg\" viewBox=\"0 0 512 512\" class=\"svg-inline--fa fa-chart-bar fa-w-16 fa-2x\"><path fill=\"currentColor\" d=\"M396.8 352h22.4c6.4 0 12.8-6.4 12.8-12.8V108.8c0-6.4-6.4-12.8-12.8-12.8h-22.4c-6.4 0-12.8 6.4-12.8 12.8v230.4c0 6.4 6.4 12.8 12.8 12.8zm-192 0h22.4c6.4 0 12.8-6.4 12.8-12.8V140.8c0-6.4-6.4-12.8-12.8-12.8h-22.4c-6.4 0-12.8 6.4-12.8 12.8v198.4c0 6.4 6.4 12.8 12.8 12.8zm96 0h22.4c6.4 0 12.8-6.4 12.8-12.8V204.8c0-6.4-6.4-12.8-12.8-12.8h-22.4c-6.4 0-12.8 6.4-12.8 12.8v134.4c0 6.4 6.4 12.8 12.8 12.8zM496 400H48V80c0-8.84-7.16-16-16-16H16C7.16 64 0 71.16 0 80v336c0 17.67 14.33 32 32 32h464c8.84 0 16-7.16 16-16v-16c0-8.84-7.16-16-16-16zm-387.2-48h22.4c6.4 0 12.8-6.4 12.8-12.8v-70.4c0-6.4-6.4-12.8-12.8-12.8h-22.4c-6.4 0-12.8 6.4-12.8 12.8v70.4c0 6.4 6.4 12.8 12.8 12.8z\" class=\"\"><\/path><\/svg><\/i> <img loading=\"lazy\" decoding=\"async\" width=\"16\" height=\"16\" alt=\"Loading\" src=\"https:\/\/besi.hu\/wp-content\/plugins\/page-views-count\/ajax-loader-2x.gif\" border=0 \/><\/p>\n<div class=\"pvc_clear\"><\/div>\n","protected":false},"author":1,"featured_media":0,"parent":0,"menu_order":0,"comment_status":"closed","ping_status":"closed","template":"","meta":{"footnotes":""},"class_list":["post-40668","page","type-page","status-publish","hentry"],"aioseo_notices":[],"a3_pvc":{"activated":true,"total_views":473,"today_views":0},"_links":{"self":[{"href":"https:\/\/besi.hu\/index.php?rest_route=\/wp\/v2\/pages\/40668","targetHints":{"allow":["GET"]}}],"collection":[{"href":"https:\/\/besi.hu\/index.php?rest_route=\/wp\/v2\/pages"}],"about":[{"href":"https:\/\/besi.hu\/index.php?rest_route=\/wp\/v2\/types\/page"}],"author":[{"embeddable":true,"href":"https:\/\/besi.hu\/index.php?rest_route=\/wp\/v2\/users\/1"}],"replies":[{"embeddable":true,"href":"https:\/\/besi.hu\/index.php?rest_route=%2Fwp%2Fv2%2Fcomments&post=40668"}],"version-history":[{"count":4,"href":"https:\/\/besi.hu\/index.php?rest_route=\/wp\/v2\/pages\/40668\/revisions"}],"predecessor-version":[{"id":40704,"href":"https:\/\/besi.hu\/index.php?rest_route=\/wp\/v2\/pages\/40668\/revisions\/40704"}],"wp:attachment":[{"href":"https:\/\/besi.hu\/index.php?rest_route=%2Fwp%2Fv2%2Fmedia&parent=40668"}],"curies":[{"name":"wp","href":"https:\/\/api.w.org\/{rel}","templated":true}]}}