{"id":40674,"date":"2026-03-20T00:01:00","date_gmt":"2026-03-19T23:01:00","guid":{"rendered":"https:\/\/besi.hu\/?page_id=40674"},"modified":"2026-03-19T20:41:40","modified_gmt":"2026-03-19T19:41:40","slug":"0003-altalanos-human-iranyultsag-2026","status":"publish","type":"page","link":"https:\/\/besi.hu\/?page_id=40674","title":{"rendered":"0003 &#8211; \u00c1ltal\u00e1nos hum\u00e1n ir\u00e1nyults\u00e1g 2026"},"content":{"rendered":"\n<p>0003 &#8211; \u00c1ltal\u00e1nos hum\u00e1n ir\u00e1nyults\u00e1g 2026<\/p>\n\n\n\n<p>&nbsp;<\/p>\n\n\n\n<figure class=\"wp-block-table\"><table class=\"has-fixed-layout\"><tbody><tr><td><strong>Sorsz\u00e1m<\/strong><\/td><td><strong>Oktat\u00e1si azonos\u00edt\u00f3\/jelige<\/strong><\/td><td><strong>Pontsz\u00e1m<\/strong><\/td><\/tr><tr><td>1<\/td><td>73068842185<\/td><td>167,8<\/td><\/tr><tr><td>2<\/td><td>73048968303<\/td><td>163,2<\/td><\/tr><tr><td>3<\/td><td>73003026236<\/td><td>162,4<\/td><\/tr><tr><td>4<\/td><td>73123169990<\/td><td>159,8<\/td><\/tr><tr><td>5<\/td><td>73040371480<\/td><td>153,6<\/td><\/tr><tr><td>6<\/td><td>73003051702<\/td><td>152,2<\/td><\/tr><tr><td>7<\/td><td>73015845354<\/td><td>150,8<\/td><\/tr><tr><td>8<\/td><td>73033520562<\/td><td>150,6<\/td><\/tr><tr><td>9<\/td><td>73069461414<\/td><td>150,2<\/td><\/tr><tr><td>10<\/td><td>73084213949<\/td><td>147<\/td><\/tr><tr><td>11<\/td><td>73048951226<\/td><td>146,2<\/td><\/tr><tr><td>12<\/td><td>73018608219<\/td><td>141,8<\/td><\/tr><tr><td>13<\/td><td>FODORLILI<\/td><td>141,4<\/td><\/tr><tr><td>14<\/td><td>73057463701<\/td><td>140,8<\/td><\/tr><tr><td>15<\/td><td>73025033460<\/td><td>140,6<\/td><\/tr><tr><td>16<\/td><td>72996034273<\/td><td>139,2<\/td><\/tr><tr><td>17<\/td><td>73025811494<\/td><td>138,8<\/td><\/tr><tr><td>18<\/td><td>73082402698<\/td><td>138,6<\/td><\/tr><tr><td>19<\/td><td>73004479853<\/td><td>138,2<\/td><\/tr><tr><td>20<\/td><td>72902680320<\/td><td>137,6<\/td><\/tr><tr><td>21<\/td><td>73048959618<\/td><td>137,6<\/td><\/tr><tr><td>22<\/td><td>73052385522<\/td><td>135,4<\/td><\/tr><tr><td>23<\/td><td>73051440639<\/td><td>135<\/td><\/tr><tr><td>24<\/td><td>73048976815<\/td><td>134,8<\/td><\/tr><tr><td>25<\/td><td>73104798375<\/td><td>134,2<\/td><\/tr><tr><td>26<\/td><td>73030964770<\/td><td>134<\/td><\/tr><tr><td>27<\/td><td>73002985590<\/td><td>133,2<\/td><\/tr><tr><td>28<\/td><td>73089566979<\/td><td>133<\/td><\/tr><tr><td>29<\/td><td>72999435490<\/td><td>132,6<\/td><\/tr><tr><td>30<\/td><td>73048846848<\/td><td>130,4<\/td><\/tr><tr><td>31<\/td><td>73040715812<\/td><td>129,6<\/td><\/tr><tr><td>32<\/td><td>73103338165<\/td><td>128,8<\/td><\/tr><tr><td>33<\/td><td>73074074888<\/td><td>128,6<\/td><\/tr><tr><td>34<\/td><td>73013380310<\/td><td>127,4<\/td><\/tr><tr><td>35<\/td><td>73023818001<\/td><td>126,8<\/td><\/tr><tr><td>36<\/td><td>72953045009<\/td><td>126,8<\/td><\/tr><tr><td>37<\/td><td>73019936448<\/td><td>126,2<\/td><\/tr><tr><td>38<\/td><td>73042742372<\/td><td>126<\/td><\/tr><tr><td>39<\/td><td>73110946722<\/td><td>124,6<\/td><\/tr><tr><td>40<\/td><td>73101568442<\/td><td>123,8<\/td><\/tr><tr><td>41<\/td><td>73030674743<\/td><td>123,2<\/td><\/tr><tr><td>42<\/td><td>73048394777<\/td><td>122,8<\/td><\/tr><tr><td>43<\/td><td>73049039058<\/td><td>122,6<\/td><\/tr><tr><td>44<\/td><td>73049723922<\/td><td>121,4<\/td><\/tr><tr><td>45<\/td><td>73031913838<\/td><td>121<\/td><\/tr><tr><td>46<\/td><td>73033644265<\/td><td>121<\/td><\/tr><tr><td>47<\/td><td>72948997433<\/td><td>119,2<\/td><\/tr><tr><td>48<\/td><td>74038100562<\/td><td>119<\/td><\/tr><tr><td>49<\/td><td>73099893466<\/td><td>118,8<\/td><\/tr><tr><td>50<\/td><td>73003006903<\/td><td>118,2<\/td><\/tr><tr><td>51<\/td><td>73007365794<\/td><td>118<\/td><\/tr><tr><td>52<\/td><td>73044699190<\/td><td>117,8<\/td><\/tr><tr><td>53<\/td><td>72947123404<\/td><td>117,6<\/td><\/tr><tr><td>54<\/td><td>72993296166<\/td><td>117,4<\/td><\/tr><tr><td>55<\/td><td>73007766621<\/td><td>117<\/td><\/tr><tr><td>56<\/td><td>73029851157<\/td><td>116,6<\/td><\/tr><tr><td>57<\/td><td>72914117743<\/td><td>116,2<\/td><\/tr><tr><td>58<\/td><td>72947125955<\/td><td>115,8<\/td><\/tr><tr><td>59<\/td><td>73059974612<\/td><td>114,8<\/td><\/tr><tr><td>60<\/td><td>73002424480<\/td><td>114,8<\/td><\/tr><tr><td>61<\/td><td>73117373587<\/td><td>114,6<\/td><\/tr><tr><td>62<\/td><td>73037861372<\/td><td>114,2<\/td><\/tr><tr><td>63<\/td><td>72965972287<\/td><td>113,6<\/td><\/tr><tr><td>64<\/td><td>73007606421<\/td><td>113,2<\/td><\/tr><tr><td>65<\/td><td>73014323720<\/td><td>112,6<\/td><\/tr><tr><td>66<\/td><td>73048922734<\/td><td>112,4<\/td><\/tr><tr><td>67<\/td><td>73033719212<\/td><td>111,4<\/td><\/tr><tr><td>68<\/td><td>73023318855<\/td><td>111<\/td><\/tr><tr><td>69<\/td><td>73033699441<\/td><td>110,6<\/td><\/tr><tr><td>70<\/td><td>73124808675<\/td><td>109,4<\/td><\/tr><tr><td>71<\/td><td>73089585007<\/td><td>106,8<\/td><\/tr><tr><td>72<\/td><td>73090442517<\/td><td>106,4<\/td><\/tr><tr><td>73<\/td><td>73050293397<\/td><td>106,2<\/td><\/tr><tr><td>74<\/td><td>73007421178<\/td><td>105,8<\/td><\/tr><tr><td>75<\/td><td>72979101318<\/td><td>105,2<\/td><\/tr><tr><td>76<\/td><td>73014558039<\/td><td>104,6<\/td><\/tr><tr><td>77<\/td><td>73017330326<\/td><td>104,2<\/td><\/tr><tr><td>78<\/td><td>73048961311<\/td><td>103,6<\/td><\/tr><tr><td>79<\/td><td>KACS\u00d3 \u00c1D\u00c1M<\/td><td>103,6<\/td><\/tr><tr><td>80<\/td><td>73025115216<\/td><td>103,4<\/td><\/tr><tr><td>81<\/td><td>Csillag15<\/td><td>103,2<\/td><\/tr><tr><td>82<\/td><td>73114269665<\/td><td>103<\/td><\/tr><tr><td>83<\/td><td>LEND\u00dcLET<\/td><td>102,4<\/td><\/tr><tr><td>84<\/td><td>73013435259<\/td><td>100,8<\/td><\/tr><tr><td>85<\/td><td>GZsombor1818<\/td><td>99,4<\/td><\/tr><tr><td>86<\/td><td>72986368461<\/td><td>99,4<\/td><\/tr><tr><td>87<\/td><td>73056703198<\/td><td>98<\/td><\/tr><tr><td>88<\/td><td>72898255548<\/td><td>97,2<\/td><\/tr><tr><td>89<\/td><td>72978945910<\/td><td>97<\/td><\/tr><tr><td>90<\/td><td>73355730887<\/td><td>96,8<\/td><\/tr><tr><td>91<\/td><td>74240741800<\/td><td>96,6<\/td><\/tr><tr><td>92<\/td><td>73020801225<\/td><td>96<\/td><\/tr><tr><td>93<\/td><td>73104264852<\/td><td>95<\/td><\/tr><tr><td>94<\/td><td>72998286458<\/td><td>94,6<\/td><\/tr><tr><td>95<\/td><td>72905983171<\/td><td>94,4<\/td><\/tr><tr><td>96<\/td><td>73099923805<\/td><td>94,2<\/td><\/tr><tr><td>97<\/td><td>72998339337<\/td><td>93,8<\/td><\/tr><tr><td>98<\/td><td>73093536475<\/td><td>93,6<\/td><\/tr><tr><td>99<\/td><td>73068485716<\/td><td>93,2<\/td><\/tr><tr><td>100<\/td><td>73071381286<\/td><td>90,4<\/td><\/tr><tr><td>101<\/td><td>73050055733<\/td><td>89,2<\/td><\/tr><tr><td>102<\/td><td>72952097314<\/td><td>89<\/td><\/tr><tr><td>103<\/td><td>73001670185<\/td><td>89<\/td><\/tr><tr><td>104<\/td><td>73057837712<\/td><td>86,8<\/td><\/tr><tr><td>105<\/td><td>73048955154<\/td><td>85,2<\/td><\/tr><tr><td>106<\/td><td>73089481334<\/td><td>85<\/td><\/tr><tr><td>107<\/td><td>73140832787<\/td><td>80,2<\/td><\/tr><tr><td>108<\/td><td>Zsuga67<\/td><td>78<\/td><\/tr><tr><td>109<\/td><td>72938493694<\/td><td>77,6<\/td><\/tr><tr><td>110<\/td><td>72959252683<\/td><td>74,6<\/td><\/tr><tr><td>111<\/td><td>73112677786<\/td><td>73<\/td><\/tr><tr><td>112<\/td><td>73104925656<\/td><td>71,4<\/td><\/tr><tr><td>113<\/td><td>VERONIKA MIRA 02<\/td><td>70,8<\/td><\/tr><tr><td>114<\/td><td>73308747870<\/td><td>70,6<\/td><\/tr><tr><td>115<\/td><td>73103464895<\/td><td>64,6<\/td><\/tr><tr><td>116<\/td><td>73047920459<\/td><td>58<\/td><\/tr><\/tbody><\/table><\/figure>\n<div class=\"pvc_clear\"><\/div><p id=\"pvc_stats_40674\" class=\"pvc_stats all  \" data-element-id=\"40674\" style=\"\"><i class=\"pvc-stats-icon medium\" aria-hidden=\"true\"><svg aria-hidden=\"true\" focusable=\"false\" data-prefix=\"far\" data-icon=\"chart-bar\" role=\"img\" xmlns=\"http:\/\/www.w3.org\/2000\/svg\" viewBox=\"0 0 512 512\" class=\"svg-inline--fa fa-chart-bar fa-w-16 fa-2x\"><path fill=\"currentColor\" d=\"M396.8 352h22.4c6.4 0 12.8-6.4 12.8-12.8V108.8c0-6.4-6.4-12.8-12.8-12.8h-22.4c-6.4 0-12.8 6.4-12.8 12.8v230.4c0 6.4 6.4 12.8 12.8 12.8zm-192 0h22.4c6.4 0 12.8-6.4 12.8-12.8V140.8c0-6.4-6.4-12.8-12.8-12.8h-22.4c-6.4 0-12.8 6.4-12.8 12.8v198.4c0 6.4 6.4 12.8 12.8 12.8zm96 0h22.4c6.4 0 12.8-6.4 12.8-12.8V204.8c0-6.4-6.4-12.8-12.8-12.8h-22.4c-6.4 0-12.8 6.4-12.8 12.8v134.4c0 6.4 6.4 12.8 12.8 12.8zM496 400H48V80c0-8.84-7.16-16-16-16H16C7.16 64 0 71.16 0 80v336c0 17.67 14.33 32 32 32h464c8.84 0 16-7.16 16-16v-16c0-8.84-7.16-16-16-16zm-387.2-48h22.4c6.4 0 12.8-6.4 12.8-12.8v-70.4c0-6.4-6.4-12.8-12.8-12.8h-22.4c-6.4 0-12.8 6.4-12.8 12.8v70.4c0 6.4 6.4 12.8 12.8 12.8z\" class=\"\"><\/path><\/svg><\/i> <img loading=\"lazy\" decoding=\"async\" width=\"16\" height=\"16\" alt=\"Loading\" src=\"https:\/\/besi.hu\/wp-content\/plugins\/page-views-count\/ajax-loader-2x.gif\" border=0 \/><\/p><div class=\"pvc_clear\"><\/div>","protected":false},"excerpt":{"rendered":"<p>0003 &#8211; \u00c1ltal\u00e1nos hum\u00e1n ir\u00e1nyults\u00e1g 2026 &nbsp; Sorsz\u00e1m Oktat\u00e1si azonos\u00edt\u00f3\/jelige Pontsz\u00e1m 1 73068842185 167,8 2 73048968303 163,2 3 73003026236 162,4 4 73123169990 159,8 5 73040371480 153,6 6 73003051702 152,2 7 73015845354 150,8 8 73033520562 150,6 9 73069461414 150,2 10 73084213949 147 11 73048951226 146,2 12 73018608219 141,8 13 FODORLILI 141,4&#8230;<\/p>\n<div class=\"pvc_clear\"><\/div>\n<p id=\"pvc_stats_40674\" class=\"pvc_stats all  \" data-element-id=\"40674\" style=\"\"><i class=\"pvc-stats-icon medium\" aria-hidden=\"true\"><svg aria-hidden=\"true\" focusable=\"false\" data-prefix=\"far\" data-icon=\"chart-bar\" role=\"img\" xmlns=\"http:\/\/www.w3.org\/2000\/svg\" viewBox=\"0 0 512 512\" class=\"svg-inline--fa fa-chart-bar fa-w-16 fa-2x\"><path fill=\"currentColor\" d=\"M396.8 352h22.4c6.4 0 12.8-6.4 12.8-12.8V108.8c0-6.4-6.4-12.8-12.8-12.8h-22.4c-6.4 0-12.8 6.4-12.8 12.8v230.4c0 6.4 6.4 12.8 12.8 12.8zm-192 0h22.4c6.4 0 12.8-6.4 12.8-12.8V140.8c0-6.4-6.4-12.8-12.8-12.8h-22.4c-6.4 0-12.8 6.4-12.8 12.8v198.4c0 6.4 6.4 12.8 12.8 12.8zm96 0h22.4c6.4 0 12.8-6.4 12.8-12.8V204.8c0-6.4-6.4-12.8-12.8-12.8h-22.4c-6.4 0-12.8 6.4-12.8 12.8v134.4c0 6.4 6.4 12.8 12.8 12.8zM496 400H48V80c0-8.84-7.16-16-16-16H16C7.16 64 0 71.16 0 80v336c0 17.67 14.33 32 32 32h464c8.84 0 16-7.16 16-16v-16c0-8.84-7.16-16-16-16zm-387.2-48h22.4c6.4 0 12.8-6.4 12.8-12.8v-70.4c0-6.4-6.4-12.8-12.8-12.8h-22.4c-6.4 0-12.8 6.4-12.8 12.8v70.4c0 6.4 6.4 12.8 12.8 12.8z\" class=\"\"><\/path><\/svg><\/i> <img loading=\"lazy\" decoding=\"async\" width=\"16\" height=\"16\" alt=\"Loading\" src=\"https:\/\/besi.hu\/wp-content\/plugins\/page-views-count\/ajax-loader-2x.gif\" border=0 \/><\/p>\n<div class=\"pvc_clear\"><\/div>\n","protected":false},"author":1,"featured_media":0,"parent":0,"menu_order":0,"comment_status":"closed","ping_status":"closed","template":"","meta":{"footnotes":""},"class_list":["post-40674","page","type-page","status-publish","hentry"],"aioseo_notices":[],"a3_pvc":{"activated":true,"total_views":597,"today_views":0},"_links":{"self":[{"href":"https:\/\/besi.hu\/index.php?rest_route=\/wp\/v2\/pages\/40674","targetHints":{"allow":["GET"]}}],"collection":[{"href":"https:\/\/besi.hu\/index.php?rest_route=\/wp\/v2\/pages"}],"about":[{"href":"https:\/\/besi.hu\/index.php?rest_route=\/wp\/v2\/types\/page"}],"author":[{"embeddable":true,"href":"https:\/\/besi.hu\/index.php?rest_route=\/wp\/v2\/users\/1"}],"replies":[{"embeddable":true,"href":"https:\/\/besi.hu\/index.php?rest_route=%2Fwp%2Fv2%2Fcomments&post=40674"}],"version-history":[{"count":3,"href":"https:\/\/besi.hu\/index.php?rest_route=\/wp\/v2\/pages\/40674\/revisions"}],"predecessor-version":[{"id":40706,"href":"https:\/\/besi.hu\/index.php?rest_route=\/wp\/v2\/pages\/40674\/revisions\/40706"}],"wp:attachment":[{"href":"https:\/\/besi.hu\/index.php?rest_route=%2Fwp%2Fv2%2Fmedia&parent=40674"}],"curies":[{"name":"wp","href":"https:\/\/api.w.org\/{rel}","templated":true}]}}