{"id":40686,"date":"2026-03-20T00:01:00","date_gmt":"2026-03-19T23:01:00","guid":{"rendered":"https:\/\/besi.hu\/?page_id=40686"},"modified":"2026-03-19T20:45:23","modified_gmt":"2026-03-19T19:45:23","slug":"0005-emelt-szintu-matematika-2026","status":"publish","type":"page","link":"https:\/\/besi.hu\/?page_id=40686","title":{"rendered":"0005 &#8211; Emelt szint\u0171 matematika 2026"},"content":{"rendered":"<p>0005 &#8211; Emelt szint\u0171 matematika 2026<\/p>\n\n\n<figure class=\"wp-block-table\"><table class=\"has-fixed-layout\"><tbody><tr><td><strong>Sorsz\u00e1m<\/strong><\/td><td><strong>Oktat\u00e1si azonos\u00edt\u00f3\/jelige<\/strong><\/td><td><strong>Pontsz\u00e1m<\/strong><\/td><\/tr><tr><td>1<\/td><td>73061250594<\/td><td>176,6<\/td><\/tr><tr><td>2<\/td><td>73068430647<\/td><td>176,6<\/td><\/tr><tr><td>3<\/td><td>73049805189<\/td><td>171,4<\/td><\/tr><tr><td>4<\/td><td>73068842185<\/td><td>166,2<\/td><\/tr><tr><td>5<\/td><td>73123169990<\/td><td>164,2<\/td><\/tr><tr><td>6<\/td><td>72914251713<\/td><td>164,2<\/td><\/tr><tr><td>7<\/td><td>73057123610<\/td><td>164,2<\/td><\/tr><tr><td>8<\/td><td>84327997645<\/td><td>163,4<\/td><\/tr><tr><td>9<\/td><td>FRENKLY<\/td><td>161,4<\/td><\/tr><tr><td>10<\/td><td>73089296087<\/td><td>159,8<\/td><\/tr><tr><td>11<\/td><td>73026139437<\/td><td>159,2<\/td><\/tr><tr><td>12<\/td><td>73048968303<\/td><td>158,4<\/td><\/tr><tr><td>13<\/td><td>73047915584<\/td><td>158,2<\/td><\/tr><tr><td>14<\/td><td>Lukr\u00e9cia<\/td><td>155<\/td><\/tr><tr><td>15<\/td><td>73033632827<\/td><td>154,4<\/td><\/tr><tr><td>16<\/td><td>73040371480<\/td><td>153,6<\/td><\/tr><tr><td>17<\/td><td>73066573275<\/td><td>153,4<\/td><\/tr><tr><td>18<\/td><td>GYARKATA24<\/td><td>152,4<\/td><\/tr><tr><td>19<\/td><td>72964487564<\/td><td>152,2<\/td><\/tr><tr><td>20<\/td><td>73015845354<\/td><td>151,6<\/td><\/tr><tr><td>21<\/td><td>73057860096<\/td><td>150,8<\/td><\/tr><tr><td>22<\/td><td>73033520562<\/td><td>150,6<\/td><\/tr><tr><td>23<\/td><td>73069461414<\/td><td>149,8<\/td><\/tr><tr><td>24<\/td><td>73089053033<\/td><td>149,4<\/td><\/tr><tr><td>25<\/td><td>73089600257<\/td><td>148,8<\/td><\/tr><tr><td>26<\/td><td>73050005034<\/td><td>147,8<\/td><\/tr><tr><td>27<\/td><td>73003051702<\/td><td>147,8<\/td><\/tr><tr><td>28<\/td><td>73013366358<\/td><td>147,4<\/td><\/tr><tr><td>29<\/td><td>73049733150<\/td><td>146<\/td><\/tr><tr><td>30<\/td><td>73033638704<\/td><td>145,8<\/td><\/tr><tr><td>31<\/td><td>73099933786<\/td><td>145,8<\/td><\/tr><tr><td>32<\/td><td>73025033460<\/td><td>145<\/td><\/tr><tr><td>33<\/td><td>73040274772<\/td><td>144,4<\/td><\/tr><tr><td>34<\/td><td>73081308931<\/td><td>142<\/td><\/tr><tr><td>35<\/td><td>73522696937<\/td><td>142<\/td><\/tr><tr><td>36<\/td><td>72986580215<\/td><td>140,8<\/td><\/tr><tr><td>37<\/td><td>73096637041<\/td><td>140,2<\/td><\/tr><tr><td>38<\/td><td>LILNETT<\/td><td>140,2<\/td><\/tr><tr><td>39<\/td><td>72996034273<\/td><td>139,6<\/td><\/tr><tr><td>40<\/td><td>73018608219<\/td><td>139<\/td><\/tr><tr><td>41<\/td><td>73033603979<\/td><td>136,8<\/td><\/tr><tr><td>42<\/td><td>73049737919<\/td><td>135<\/td><\/tr><tr><td>43<\/td><td>73109957429<\/td><td>134,8<\/td><\/tr><tr><td>44<\/td><td>73023040896<\/td><td>134,2<\/td><\/tr><tr><td>45<\/td><td>72902680320<\/td><td>133,2<\/td><\/tr><tr><td>46<\/td><td>73048959618<\/td><td>132<\/td><\/tr><tr><td>47<\/td><td>73018492534<\/td><td>130,8<\/td><\/tr><tr><td>48<\/td><td>72999498866<\/td><td>128,8<\/td><\/tr><tr><td>49<\/td><td>72970264448<\/td><td>127,2<\/td><\/tr><tr><td>50<\/td><td>73009786777<\/td><td>126,8<\/td><\/tr><tr><td>51<\/td><td>72999435490<\/td><td>126,6<\/td><\/tr><tr><td>52<\/td><td>72909699709<\/td><td>126<\/td><\/tr><tr><td>53<\/td><td>73065082835<\/td><td>125,6<\/td><\/tr><tr><td>54<\/td><td>73074074888<\/td><td>124,2<\/td><\/tr><tr><td>55<\/td><td>73069496311<\/td><td>123,8<\/td><\/tr><tr><td>56<\/td><td>73103338165<\/td><td>123,2<\/td><\/tr><tr><td>57<\/td><td>73034437237<\/td><td>122<\/td><\/tr><tr><td>58<\/td><td>73031913838<\/td><td>121,4<\/td><\/tr><tr><td>59<\/td><td>73051231728<\/td><td>121,2<\/td><\/tr><tr><td>60<\/td><td>73031753298<\/td><td>120,8<\/td><\/tr><tr><td>61<\/td><td>73048846848<\/td><td>120,8<\/td><\/tr><tr><td>62<\/td><td>72919488969<\/td><td>119,6<\/td><\/tr><tr><td>63<\/td><td>73110946722<\/td><td>119<\/td><\/tr><tr><td>64<\/td><td>73116760370<\/td><td>117,4<\/td><\/tr><tr><td>65<\/td><td>72897929828<\/td><td>116,8<\/td><\/tr><tr><td>66<\/td><td>73051231343<\/td><td>115,6<\/td><\/tr><tr><td>67<\/td><td>73025976171<\/td><td>115,2<\/td><\/tr><tr><td>68<\/td><td>73097972355<\/td><td>115,2<\/td><\/tr><tr><td>69<\/td><td>ATESZ0105<\/td><td>114<\/td><\/tr><tr><td>70<\/td><td>72947123404<\/td><td>114<\/td><\/tr><tr><td>71<\/td><td>73014517493<\/td><td>113,2<\/td><\/tr><tr><td>72<\/td><td>73117373587<\/td><td>111,8<\/td><\/tr><tr><td>73<\/td><td>73112841087<\/td><td>111,8<\/td><\/tr><tr><td>74<\/td><td>73091348340<\/td><td>111,6<\/td><\/tr><tr><td>75<\/td><td>72947125955<\/td><td>110,2<\/td><\/tr><tr><td>76<\/td><td>73074141505<\/td><td>109,8<\/td><\/tr><tr><td>77<\/td><td>73089585007<\/td><td>101,6<\/td><\/tr><tr><td>78<\/td><td>73074986897<\/td><td>99,6<\/td><\/tr><tr><td>79<\/td><td>73013435259<\/td><td>99,6<\/td><\/tr><tr><td>80<\/td><td>GZsombor1818<\/td><td>95,4<\/td><\/tr><tr><td>81<\/td><td>73018630630<\/td><td>95,4<\/td><\/tr><tr><td>82<\/td><td>73058558078<\/td><td>94,8<\/td><\/tr><tr><td>83<\/td><td>73080769694<\/td><td>92,6<\/td><\/tr><tr><td>84<\/td><td>73140832787<\/td><td>76,6<\/td><\/tr><\/tbody><\/table><\/figure>\n<div class=\"pvc_clear\"><\/div><p id=\"pvc_stats_40686\" class=\"pvc_stats all  \" data-element-id=\"40686\" style=\"\"><i class=\"pvc-stats-icon medium\" aria-hidden=\"true\"><svg aria-hidden=\"true\" focusable=\"false\" data-prefix=\"far\" data-icon=\"chart-bar\" role=\"img\" xmlns=\"http:\/\/www.w3.org\/2000\/svg\" viewBox=\"0 0 512 512\" class=\"svg-inline--fa fa-chart-bar fa-w-16 fa-2x\"><path fill=\"currentColor\" d=\"M396.8 352h22.4c6.4 0 12.8-6.4 12.8-12.8V108.8c0-6.4-6.4-12.8-12.8-12.8h-22.4c-6.4 0-12.8 6.4-12.8 12.8v230.4c0 6.4 6.4 12.8 12.8 12.8zm-192 0h22.4c6.4 0 12.8-6.4 12.8-12.8V140.8c0-6.4-6.4-12.8-12.8-12.8h-22.4c-6.4 0-12.8 6.4-12.8 12.8v198.4c0 6.4 6.4 12.8 12.8 12.8zm96 0h22.4c6.4 0 12.8-6.4 12.8-12.8V204.8c0-6.4-6.4-12.8-12.8-12.8h-22.4c-6.4 0-12.8 6.4-12.8 12.8v134.4c0 6.4 6.4 12.8 12.8 12.8zM496 400H48V80c0-8.84-7.16-16-16-16H16C7.16 64 0 71.16 0 80v336c0 17.67 14.33 32 32 32h464c8.84 0 16-7.16 16-16v-16c0-8.84-7.16-16-16-16zm-387.2-48h22.4c6.4 0 12.8-6.4 12.8-12.8v-70.4c0-6.4-6.4-12.8-12.8-12.8h-22.4c-6.4 0-12.8 6.4-12.8 12.8v70.4c0 6.4 6.4 12.8 12.8 12.8z\" class=\"\"><\/path><\/svg><\/i> <img loading=\"lazy\" decoding=\"async\" width=\"16\" height=\"16\" alt=\"Loading\" src=\"https:\/\/besi.hu\/wp-content\/plugins\/page-views-count\/ajax-loader-2x.gif\" border=0 \/><\/p><div class=\"pvc_clear\"><\/div>","protected":false},"excerpt":{"rendered":"<p>0005 &#8211; Emelt szint\u0171 matematika 2026 Sorsz\u00e1m Oktat\u00e1si azonos\u00edt\u00f3\/jelige Pontsz\u00e1m 1 73061250594 176,6 2 73068430647 176,6 3 73049805189 171,4 4 73068842185 166,2 5 73123169990 164,2 6 72914251713 164,2 7 73057123610 164,2 8 84327997645 163,4 9 FRENKLY 161,4 10 73089296087 159,8 11 73026139437 159,2 12 73048968303 158,4 13 73047915584 158,2 14&#8230;<\/p>\n<div class=\"pvc_clear\"><\/div>\n<p id=\"pvc_stats_40686\" class=\"pvc_stats all  \" data-element-id=\"40686\" style=\"\"><i class=\"pvc-stats-icon medium\" aria-hidden=\"true\"><svg aria-hidden=\"true\" focusable=\"false\" data-prefix=\"far\" data-icon=\"chart-bar\" role=\"img\" xmlns=\"http:\/\/www.w3.org\/2000\/svg\" viewBox=\"0 0 512 512\" class=\"svg-inline--fa fa-chart-bar fa-w-16 fa-2x\"><path fill=\"currentColor\" d=\"M396.8 352h22.4c6.4 0 12.8-6.4 12.8-12.8V108.8c0-6.4-6.4-12.8-12.8-12.8h-22.4c-6.4 0-12.8 6.4-12.8 12.8v230.4c0 6.4 6.4 12.8 12.8 12.8zm-192 0h22.4c6.4 0 12.8-6.4 12.8-12.8V140.8c0-6.4-6.4-12.8-12.8-12.8h-22.4c-6.4 0-12.8 6.4-12.8 12.8v198.4c0 6.4 6.4 12.8 12.8 12.8zm96 0h22.4c6.4 0 12.8-6.4 12.8-12.8V204.8c0-6.4-6.4-12.8-12.8-12.8h-22.4c-6.4 0-12.8 6.4-12.8 12.8v134.4c0 6.4 6.4 12.8 12.8 12.8zM496 400H48V80c0-8.84-7.16-16-16-16H16C7.16 64 0 71.16 0 80v336c0 17.67 14.33 32 32 32h464c8.84 0 16-7.16 16-16v-16c0-8.84-7.16-16-16-16zm-387.2-48h22.4c6.4 0 12.8-6.4 12.8-12.8v-70.4c0-6.4-6.4-12.8-12.8-12.8h-22.4c-6.4 0-12.8 6.4-12.8 12.8v70.4c0 6.4 6.4 12.8 12.8 12.8z\" class=\"\"><\/path><\/svg><\/i> <img loading=\"lazy\" decoding=\"async\" width=\"16\" height=\"16\" alt=\"Loading\" src=\"https:\/\/besi.hu\/wp-content\/plugins\/page-views-count\/ajax-loader-2x.gif\" border=0 \/><\/p>\n<div class=\"pvc_clear\"><\/div>\n","protected":false},"author":1,"featured_media":0,"parent":0,"menu_order":0,"comment_status":"closed","ping_status":"closed","template":"","meta":{"footnotes":""},"class_list":["post-40686","page","type-page","status-publish","hentry"],"aioseo_notices":[],"a3_pvc":{"activated":true,"total_views":492,"today_views":0},"_links":{"self":[{"href":"https:\/\/besi.hu\/index.php?rest_route=\/wp\/v2\/pages\/40686","targetHints":{"allow":["GET"]}}],"collection":[{"href":"https:\/\/besi.hu\/index.php?rest_route=\/wp\/v2\/pages"}],"about":[{"href":"https:\/\/besi.hu\/index.php?rest_route=\/wp\/v2\/types\/page"}],"author":[{"embeddable":true,"href":"https:\/\/besi.hu\/index.php?rest_route=\/wp\/v2\/users\/1"}],"replies":[{"embeddable":true,"href":"https:\/\/besi.hu\/index.php?rest_route=%2Fwp%2Fv2%2Fcomments&post=40686"}],"version-history":[{"count":3,"href":"https:\/\/besi.hu\/index.php?rest_route=\/wp\/v2\/pages\/40686\/revisions"}],"predecessor-version":[{"id":40708,"href":"https:\/\/besi.hu\/index.php?rest_route=\/wp\/v2\/pages\/40686\/revisions\/40708"}],"wp:attachment":[{"href":"https:\/\/besi.hu\/index.php?rest_route=%2Fwp%2Fv2%2Fmedia&parent=40686"}],"curies":[{"name":"wp","href":"https:\/\/api.w.org\/{rel}","templated":true}]}}