{"id":40690,"date":"2026-03-20T00:01:00","date_gmt":"2026-03-19T23:01:00","guid":{"rendered":"https:\/\/besi.hu\/?page_id=40690"},"modified":"2026-03-19T20:43:52","modified_gmt":"2026-03-19T19:43:52","slug":"0006-emelt-szintu-termeszettudomanyos-iranyultsag-2026","status":"publish","type":"page","link":"https:\/\/besi.hu\/?page_id=40690","title":{"rendered":"0006 &#8211; Emelt szint\u0171 term\u00e9szettudom\u00e1nyos ir\u00e1nyults\u00e1g 2026"},"content":{"rendered":"\n<p>0006 &#8211; Emelt szint\u0171 term\u00e9szettudom\u00e1nyos ir\u00e1nyults\u00e1g 2026<\/p>\n\n\n\n<figure class=\"wp-block-table\"><table class=\"has-fixed-layout\"><tbody><tr><td><strong>Sorsz\u00e1m<\/strong><\/td><td><strong>Oktat\u00e1si azonos\u00edt\u00f3\/Jelige<\/strong><\/td><td><strong>Pontsz\u00e1m<\/strong><\/td><\/tr><tr><td>1<\/td><td>73061250594<\/td><td>157<\/td><\/tr><tr><td>2<\/td><td>73049805189<\/td><td>153<\/td><\/tr><tr><td>3<\/td><td>73057123610<\/td><td>147<\/td><\/tr><tr><td>4<\/td><td>73123169990<\/td><td>145<\/td><\/tr><tr><td>5<\/td><td>72914251713<\/td><td>145<\/td><\/tr><tr><td>6<\/td><td>73026139437<\/td><td>142<\/td><\/tr><tr><td>7<\/td><td>72955732044<\/td><td>139<\/td><\/tr><tr><td>8<\/td><td>73066573275<\/td><td>137<\/td><\/tr><tr><td>9<\/td><td>73015845354<\/td><td>136<\/td><\/tr><tr><td>10<\/td><td>73057860096<\/td><td>136<\/td><\/tr><tr><td>11<\/td><td>73109695657<\/td><td>136<\/td><\/tr><tr><td>12<\/td><td>73033520562<\/td><td>135<\/td><\/tr><tr><td>13<\/td><td>73003051702<\/td><td>135<\/td><\/tr><tr><td>14<\/td><td>73037088935<\/td><td>134<\/td><\/tr><tr><td>15<\/td><td>73049733150<\/td><td>132<\/td><\/tr><tr><td>16<\/td><td>73048951226<\/td><td>131<\/td><\/tr><tr><td>17<\/td><td>73101547836<\/td><td>131<\/td><\/tr><tr><td>18<\/td><td>73099933786<\/td><td>131<\/td><\/tr><tr><td>19<\/td><td>73522696937<\/td><td>130<\/td><\/tr><tr><td>20<\/td><td>73025033460<\/td><td>129<\/td><\/tr><tr><td>21<\/td><td>73055414940<\/td><td>127<\/td><\/tr><tr><td>22<\/td><td>72996034273<\/td><td>126<\/td><\/tr><tr><td>23<\/td><td>73033603979<\/td><td>124<\/td><\/tr><tr><td>24<\/td><td>73109957429<\/td><td>124<\/td><\/tr><tr><td>25<\/td><td>73049737919<\/td><td>123<\/td><\/tr><tr><td>26<\/td><td>73080645893<\/td><td>122<\/td><\/tr><tr><td>27<\/td><td>73048959618<\/td><td>122<\/td><\/tr><tr><td>28<\/td><td>cola<\/td><td>120<\/td><\/tr><tr><td>29<\/td><td>73018492534<\/td><td>120<\/td><\/tr><tr><td>30<\/td><td>73089566979<\/td><td>119<\/td><\/tr><tr><td>31<\/td><td>72999435490<\/td><td>117<\/td><\/tr><tr><td>32<\/td><td>73065082835<\/td><td>116<\/td><\/tr><tr><td>33<\/td><td>72970264448<\/td><td>116<\/td><\/tr><tr><td>34<\/td><td>73013380310<\/td><td>115<\/td><\/tr><tr><td>35<\/td><td>73048362076<\/td><td>115<\/td><\/tr><tr><td>36<\/td><td>73064284531<\/td><td>114<\/td><\/tr><tr><td>37<\/td><td>73040601651<\/td><td>114<\/td><\/tr><tr><td>38<\/td><td>73103338165<\/td><td>114<\/td><\/tr><tr><td>39<\/td><td>73042742372<\/td><td>114<\/td><\/tr><tr><td>40<\/td><td>ANNA19<\/td><td>113<\/td><\/tr><tr><td>41<\/td><td>73040457781<\/td><td>113<\/td><\/tr><tr><td>42<\/td><td>73051231728<\/td><td>112<\/td><\/tr><tr><td>43<\/td><td>73101568442<\/td><td>111<\/td><\/tr><tr><td>44<\/td><td>73003116333<\/td><td>111<\/td><\/tr><tr><td>45<\/td><td>73145422360<\/td><td>111<\/td><\/tr><tr><td>46<\/td><td>73029329471<\/td><td>111<\/td><\/tr><tr><td>47<\/td><td>73110946722<\/td><td>111<\/td><\/tr><tr><td>48<\/td><td>73053188920<\/td><td>111<\/td><\/tr><tr><td>49<\/td><td>73056146791<\/td><td>110<\/td><\/tr><tr><td>50<\/td><td>72919488969<\/td><td>110<\/td><\/tr><tr><td>51<\/td><td>73049039058<\/td><td>109<\/td><\/tr><tr><td>52<\/td><td>73049010971<\/td><td>107<\/td><\/tr><tr><td>53<\/td><td>73029851157<\/td><td>107<\/td><\/tr><tr><td>54<\/td><td>72947123404<\/td><td>106<\/td><\/tr><tr><td>55<\/td><td>73007365794<\/td><td>106<\/td><\/tr><tr><td>56<\/td><td>72976692764<\/td><td>106<\/td><\/tr><tr><td>57<\/td><td>72897929828<\/td><td>106<\/td><\/tr><tr><td>58<\/td><td>MAZSI<\/td><td>106<\/td><\/tr><tr><td>59<\/td><td>73007766621<\/td><td>105<\/td><\/tr><tr><td>60<\/td><td>73014517493<\/td><td>104<\/td><\/tr><tr><td>61<\/td><td>73091348340<\/td><td>104<\/td><\/tr><tr><td>62<\/td><td>73117373587<\/td><td>103<\/td><\/tr><tr><td>63<\/td><td>73074141505<\/td><td>103<\/td><\/tr><tr><td>64<\/td><td>72947125955<\/td><td>103<\/td><\/tr><tr><td>65<\/td><td>73021035968<\/td><td>102<\/td><\/tr><tr><td>66<\/td><td>72965972287<\/td><td>102<\/td><\/tr><tr><td>67<\/td><td>84328000061<\/td><td>101<\/td><\/tr><tr><td>68<\/td><td>BIA 38<\/td><td>101<\/td><\/tr><tr><td>69<\/td><td>73014323720<\/td><td>101<\/td><\/tr><tr><td>70<\/td><td>73018934725<\/td><td>101<\/td><\/tr><tr><td>71<\/td><td>72998121215<\/td><td>100<\/td><\/tr><tr><td>72<\/td><td>BLAN256<\/td><td>99<\/td><\/tr><tr><td>73<\/td><td>73007319737<\/td><td>98<\/td><\/tr><tr><td>74<\/td><td>73050293397<\/td><td>97<\/td><\/tr><tr><td>75<\/td><td>73044705725<\/td><td>93<\/td><\/tr><tr><td>76<\/td><td>73074986897<\/td><td>92<\/td><\/tr><tr><td>77<\/td><td>73120321009<\/td><td>91<\/td><\/tr><tr><td>78<\/td><td>73071902721<\/td><td>88<\/td><\/tr><tr><td>79<\/td><td>73056703198<\/td><td>86<\/td><\/tr><tr><td>80<\/td><td>73096469563<\/td><td>86<\/td><\/tr><tr><td>81<\/td><td>72905983171<\/td><td>86<\/td><\/tr><tr><td>82<\/td><td>72999504551<\/td><td>86<\/td><\/tr><tr><td>83<\/td><td>73020614939<\/td><td>85<\/td><\/tr><tr><td>84<\/td><td>73080769694<\/td><td>85<\/td><\/tr><tr><td>85<\/td><td>73099923805<\/td><td>83<\/td><\/tr><tr><td>86<\/td><td>73020575993<\/td><td>83<\/td><\/tr><tr><td>87<\/td><td>73027758396<\/td><td>82<\/td><\/tr><tr><td>88<\/td><td>\u00cdRISZ<\/td><td>78<\/td><\/tr><tr><td>89<\/td><td>73079322657<\/td><td>77<\/td><\/tr><tr><td>90<\/td><td>NORBI0105<\/td><td>76<\/td><\/tr><tr><td>91<\/td><td>73089481334<\/td><td>75<\/td><\/tr><tr><td>92<\/td><td>73984106246<\/td><td>73<\/td><\/tr><tr><td>93<\/td><td>73052398001<\/td><td>72<\/td><\/tr><tr><td>94<\/td><td>Zsuga67<\/td><td>70<\/td><\/tr><tr><td>95<\/td><td>73112677786<\/td><td>65<\/td><\/tr><tr><td>96<\/td><td>73104925656<\/td><td>65<\/td><\/tr><tr><td>97<\/td><td>73071399039<\/td><td>61<\/td><\/tr><tr><td>98<\/td><td>73103464895<\/td><td>57<\/td><\/tr><tr><td>99<\/td><td>73052591941<\/td><td>54<\/td><\/tr><tr><td>100<\/td><td>73048382471<\/td><td>53<\/td><\/tr><\/tbody><\/table><\/figure>\n<div class=\"pvc_clear\"><\/div><p id=\"pvc_stats_40690\" class=\"pvc_stats all  \" data-element-id=\"40690\" style=\"\"><i class=\"pvc-stats-icon medium\" aria-hidden=\"true\"><svg aria-hidden=\"true\" focusable=\"false\" data-prefix=\"far\" data-icon=\"chart-bar\" role=\"img\" xmlns=\"http:\/\/www.w3.org\/2000\/svg\" viewBox=\"0 0 512 512\" class=\"svg-inline--fa fa-chart-bar fa-w-16 fa-2x\"><path fill=\"currentColor\" d=\"M396.8 352h22.4c6.4 0 12.8-6.4 12.8-12.8V108.8c0-6.4-6.4-12.8-12.8-12.8h-22.4c-6.4 0-12.8 6.4-12.8 12.8v230.4c0 6.4 6.4 12.8 12.8 12.8zm-192 0h22.4c6.4 0 12.8-6.4 12.8-12.8V140.8c0-6.4-6.4-12.8-12.8-12.8h-22.4c-6.4 0-12.8 6.4-12.8 12.8v198.4c0 6.4 6.4 12.8 12.8 12.8zm96 0h22.4c6.4 0 12.8-6.4 12.8-12.8V204.8c0-6.4-6.4-12.8-12.8-12.8h-22.4c-6.4 0-12.8 6.4-12.8 12.8v134.4c0 6.4 6.4 12.8 12.8 12.8zM496 400H48V80c0-8.84-7.16-16-16-16H16C7.16 64 0 71.16 0 80v336c0 17.67 14.33 32 32 32h464c8.84 0 16-7.16 16-16v-16c0-8.84-7.16-16-16-16zm-387.2-48h22.4c6.4 0 12.8-6.4 12.8-12.8v-70.4c0-6.4-6.4-12.8-12.8-12.8h-22.4c-6.4 0-12.8 6.4-12.8 12.8v70.4c0 6.4 6.4 12.8 12.8 12.8z\" class=\"\"><\/path><\/svg><\/i> <img loading=\"lazy\" decoding=\"async\" width=\"16\" height=\"16\" alt=\"Loading\" src=\"https:\/\/besi.hu\/wp-content\/plugins\/page-views-count\/ajax-loader-2x.gif\" border=0 \/><\/p><div class=\"pvc_clear\"><\/div>","protected":false},"excerpt":{"rendered":"<p>0006 &#8211; Emelt szint\u0171 term\u00e9szettudom\u00e1nyos ir\u00e1nyults\u00e1g 2026 Sorsz\u00e1m Oktat\u00e1si azonos\u00edt\u00f3\/Jelige Pontsz\u00e1m 1 73061250594 157 2 73049805189 153 3 73057123610 147 4 73123169990 145 5 72914251713 145 6 73026139437 142 7 72955732044 139 8 73066573275 137 9 73015845354 136 10 73057860096 136 11 73109695657 136 12 73033520562 135 13 73003051702 135&#8230;<\/p>\n<div class=\"pvc_clear\"><\/div>\n<p id=\"pvc_stats_40690\" class=\"pvc_stats all  \" data-element-id=\"40690\" style=\"\"><i class=\"pvc-stats-icon medium\" aria-hidden=\"true\"><svg aria-hidden=\"true\" focusable=\"false\" data-prefix=\"far\" data-icon=\"chart-bar\" role=\"img\" xmlns=\"http:\/\/www.w3.org\/2000\/svg\" viewBox=\"0 0 512 512\" class=\"svg-inline--fa fa-chart-bar fa-w-16 fa-2x\"><path fill=\"currentColor\" d=\"M396.8 352h22.4c6.4 0 12.8-6.4 12.8-12.8V108.8c0-6.4-6.4-12.8-12.8-12.8h-22.4c-6.4 0-12.8 6.4-12.8 12.8v230.4c0 6.4 6.4 12.8 12.8 12.8zm-192 0h22.4c6.4 0 12.8-6.4 12.8-12.8V140.8c0-6.4-6.4-12.8-12.8-12.8h-22.4c-6.4 0-12.8 6.4-12.8 12.8v198.4c0 6.4 6.4 12.8 12.8 12.8zm96 0h22.4c6.4 0 12.8-6.4 12.8-12.8V204.8c0-6.4-6.4-12.8-12.8-12.8h-22.4c-6.4 0-12.8 6.4-12.8 12.8v134.4c0 6.4 6.4 12.8 12.8 12.8zM496 400H48V80c0-8.84-7.16-16-16-16H16C7.16 64 0 71.16 0 80v336c0 17.67 14.33 32 32 32h464c8.84 0 16-7.16 16-16v-16c0-8.84-7.16-16-16-16zm-387.2-48h22.4c6.4 0 12.8-6.4 12.8-12.8v-70.4c0-6.4-6.4-12.8-12.8-12.8h-22.4c-6.4 0-12.8 6.4-12.8 12.8v70.4c0 6.4 6.4 12.8 12.8 12.8z\" class=\"\"><\/path><\/svg><\/i> <img loading=\"lazy\" decoding=\"async\" width=\"16\" height=\"16\" alt=\"Loading\" src=\"https:\/\/besi.hu\/wp-content\/plugins\/page-views-count\/ajax-loader-2x.gif\" border=0 \/><\/p>\n<div class=\"pvc_clear\"><\/div>\n","protected":false},"author":1,"featured_media":0,"parent":0,"menu_order":0,"comment_status":"closed","ping_status":"closed","template":"","meta":{"footnotes":""},"class_list":["post-40690","page","type-page","status-publish","hentry"],"aioseo_notices":[],"a3_pvc":{"activated":true,"total_views":526,"today_views":0},"_links":{"self":[{"href":"https:\/\/besi.hu\/index.php?rest_route=\/wp\/v2\/pages\/40690","targetHints":{"allow":["GET"]}}],"collection":[{"href":"https:\/\/besi.hu\/index.php?rest_route=\/wp\/v2\/pages"}],"about":[{"href":"https:\/\/besi.hu\/index.php?rest_route=\/wp\/v2\/types\/page"}],"author":[{"embeddable":true,"href":"https:\/\/besi.hu\/index.php?rest_route=\/wp\/v2\/users\/1"}],"replies":[{"embeddable":true,"href":"https:\/\/besi.hu\/index.php?rest_route=%2Fwp%2Fv2%2Fcomments&post=40690"}],"version-history":[{"count":4,"href":"https:\/\/besi.hu\/index.php?rest_route=\/wp\/v2\/pages\/40690\/revisions"}],"predecessor-version":[{"id":40711,"href":"https:\/\/besi.hu\/index.php?rest_route=\/wp\/v2\/pages\/40690\/revisions\/40711"}],"wp:attachment":[{"href":"https:\/\/besi.hu\/index.php?rest_route=%2Fwp%2Fv2%2Fmedia&parent=40690"}],"curies":[{"name":"wp","href":"https:\/\/api.w.org\/{rel}","templated":true}]}}