{"id":40694,"date":"2026-03-20T00:01:00","date_gmt":"2026-03-19T23:01:00","guid":{"rendered":"https:\/\/besi.hu\/?page_id=40694"},"modified":"2026-03-19T20:44:25","modified_gmt":"2026-03-19T19:44:25","slug":"0007-altalanos-tantervu-2026","status":"publish","type":"page","link":"https:\/\/besi.hu\/?page_id=40694","title":{"rendered":"0007 &#8211; \u00c1ltal\u00e1nos tanterv\u0171 2026"},"content":{"rendered":"<p>0007 &#8211; \u00c1ltal\u00e1nos tanterv\u0171 2026<\/p>\n\n\n<figure class=\"wp-block-table\"><table class=\"has-fixed-layout\"><tbody><tr><td><strong>Sorsz\u00e1m<\/strong><\/td><td><strong>Oktat\u00e1si azonos\u00edt\u00f3\/Jelige<\/strong><\/td><td><strong>Pontsz\u00e1m<\/strong><\/td><\/tr><tr><td>1<\/td><td>73068842185<\/td><td>149<\/td><\/tr><tr><td>2<\/td><td>84327997645<\/td><td>147<\/td><\/tr><tr><td>3<\/td><td>72914251713<\/td><td>145<\/td><\/tr><tr><td>4<\/td><td>73048968303<\/td><td>144<\/td><\/tr><tr><td>5<\/td><td>73047915584<\/td><td>143<\/td><\/tr><tr><td>6<\/td><td>73026139437<\/td><td>142<\/td><\/tr><tr><td>7<\/td><td>Lukr\u00e9cia<\/td><td>139<\/td><\/tr><tr><td>8<\/td><td>72955732044<\/td><td>139<\/td><\/tr><tr><td>9<\/td><td>73040371480<\/td><td>138<\/td><\/tr><tr><td>10<\/td><td>73033632827<\/td><td>138<\/td><\/tr><tr><td>11<\/td><td>73066573275<\/td><td>137<\/td><\/tr><tr><td>12<\/td><td>73015845354<\/td><td>136<\/td><\/tr><tr><td>13<\/td><td>73109695657<\/td><td>136<\/td><\/tr><tr><td>14<\/td><td>73089053033<\/td><td>135<\/td><\/tr><tr><td>15<\/td><td>73013366358<\/td><td>133<\/td><\/tr><tr><td>16<\/td><td>73089600257<\/td><td>132<\/td><\/tr><tr><td>17<\/td><td>73048951226<\/td><td>131<\/td><\/tr><tr><td>18<\/td><td>73033638704<\/td><td>131<\/td><\/tr><tr><td>19<\/td><td>73099933786<\/td><td>131<\/td><\/tr><tr><td>20<\/td><td>73109056306<\/td><td>130<\/td><\/tr><tr><td>21<\/td><td>73522696937<\/td><td>130<\/td><\/tr><tr><td>22<\/td><td>73110832786<\/td><td>130<\/td><\/tr><tr><td>23<\/td><td>73025033460<\/td><td>129<\/td><\/tr><tr><td>24<\/td><td>73018608219<\/td><td>127<\/td><\/tr><tr><td>25<\/td><td>73057463701<\/td><td>126<\/td><\/tr><tr><td>26<\/td><td>73025811494<\/td><td>124<\/td><\/tr><tr><td>27<\/td><td>72902680320<\/td><td>122<\/td><\/tr><tr><td>28<\/td><td>73080645893<\/td><td>122<\/td><\/tr><tr><td>29<\/td><td>73048959618<\/td><td>122<\/td><\/tr><tr><td>30<\/td><td>73023040896<\/td><td>121<\/td><\/tr><tr><td>31<\/td><td>73051440639<\/td><td>121<\/td><\/tr><tr><td>32<\/td><td>73052385522<\/td><td>121<\/td><\/tr><tr><td>33<\/td><td>73004354643<\/td><td>120<\/td><\/tr><tr><td>34<\/td><td>73002985590<\/td><td>120<\/td><\/tr><tr><td>35<\/td><td>73089566979<\/td><td>119<\/td><\/tr><tr><td>36<\/td><td>73104408783<\/td><td>119<\/td><\/tr><tr><td>37<\/td><td>72976543263<\/td><td>118<\/td><\/tr><tr><td>38<\/td><td>73096630363<\/td><td>118<\/td><\/tr><tr><td>39<\/td><td>73048976815<\/td><td>118<\/td><\/tr><tr><td>40<\/td><td>72999435490<\/td><td>117<\/td><\/tr><tr><td>41<\/td><td>73065082835<\/td><td>116<\/td><\/tr><tr><td>42<\/td><td>73116672483<\/td><td>116<\/td><\/tr><tr><td>43<\/td><td>73040715812<\/td><td>116<\/td><\/tr><tr><td>44<\/td><td>73074074888<\/td><td>115<\/td><\/tr><tr><td>45<\/td><td>73013380310<\/td><td>115<\/td><\/tr><tr><td>46<\/td><td>73064284531<\/td><td>114<\/td><\/tr><tr><td>47<\/td><td>73040601651<\/td><td>114<\/td><\/tr><tr><td>48<\/td><td>73103338165<\/td><td>114<\/td><\/tr><tr><td>49<\/td><td>72909699709<\/td><td>114<\/td><\/tr><tr><td>50<\/td><td>73042742372<\/td><td>114<\/td><\/tr><tr><td>51<\/td><td>73048846848<\/td><td>114<\/td><\/tr><tr><td>52<\/td><td>ANNA19<\/td><td>113<\/td><\/tr><tr><td>53<\/td><td>73035615182<\/td><td>113<\/td><\/tr><tr><td>54<\/td><td>73040457781<\/td><td>113<\/td><\/tr><tr><td>55<\/td><td>73023818001<\/td><td>112<\/td><\/tr><tr><td>56<\/td><td>73031899031<\/td><td>112<\/td><\/tr><tr><td>57<\/td><td>73051231728<\/td><td>112<\/td><\/tr><tr><td>58<\/td><td>73034437237<\/td><td>112<\/td><\/tr><tr><td>59<\/td><td>73087167456<\/td><td>111<\/td><\/tr><tr><td>60<\/td><td>73031913838<\/td><td>111<\/td><\/tr><tr><td>61<\/td><td>73003116333<\/td><td>111<\/td><\/tr><tr><td>62<\/td><td>73069496311<\/td><td>111<\/td><\/tr><tr><td>63<\/td><td>73029329471<\/td><td>111<\/td><\/tr><tr><td>64<\/td><td>73110946722<\/td><td>111<\/td><\/tr><tr><td>65<\/td><td>73049031318<\/td><td>111<\/td><\/tr><tr><td>66<\/td><td>73033644265<\/td><td>111<\/td><\/tr><tr><td>67<\/td><td>73080645051<\/td><td>110<\/td><\/tr><tr><td>68<\/td><td>73030978275<\/td><td>110<\/td><\/tr><tr><td>69<\/td><td>73030674743<\/td><td>110<\/td><\/tr><tr><td>70<\/td><td>72953045009<\/td><td>110<\/td><\/tr><tr><td>71<\/td><td>73040272393<\/td><td>109<\/td><\/tr><tr><td>72<\/td><td>73040461167<\/td><td>109<\/td><\/tr><tr><td>73<\/td><td>73049723922<\/td><td>109<\/td><\/tr><tr><td>74<\/td><td>73116760370<\/td><td>109<\/td><\/tr><tr><td>75<\/td><td>73049039058<\/td><td>109<\/td><\/tr><tr><td>76<\/td><td>73025052671<\/td><td>108<\/td><\/tr><tr><td>77<\/td><td>73030947653<\/td><td>108<\/td><\/tr><tr><td>78<\/td><td>73048394777<\/td><td>108<\/td><\/tr><tr><td>79<\/td><td>73049010971<\/td><td>107<\/td><\/tr><tr><td>80<\/td><td>73003006903<\/td><td>107<\/td><\/tr><tr><td>81<\/td><td>73029851157<\/td><td>107<\/td><\/tr><tr><td>82<\/td><td>72993296166<\/td><td>107<\/td><\/tr><tr><td>83<\/td><td>73002287846<\/td><td>107<\/td><\/tr><tr><td>84<\/td><td>72947123404<\/td><td>106<\/td><\/tr><tr><td>85<\/td><td>73007365794<\/td><td>106<\/td><\/tr><tr><td>86<\/td><td>72976692764<\/td><td>106<\/td><\/tr><tr><td>87<\/td><td>72897929828<\/td><td>106<\/td><\/tr><tr><td>88<\/td><td>73051231343<\/td><td>106<\/td><\/tr><tr><td>89<\/td><td>72993292013<\/td><td>106<\/td><\/tr><tr><td>90<\/td><td>MAZSI<\/td><td>106<\/td><\/tr><tr><td>91<\/td><td>73044699190<\/td><td>105<\/td><\/tr><tr><td>92<\/td><td>73007766621<\/td><td>105<\/td><\/tr><tr><td>93<\/td><td>73014517493<\/td><td>104<\/td><\/tr><tr><td>94<\/td><td>73091348340<\/td><td>104<\/td><\/tr><tr><td>95<\/td><td>73003040164<\/td><td>104<\/td><\/tr><tr><td>96<\/td><td>72914117743<\/td><td>103<\/td><\/tr><tr><td>97<\/td><td>73117373587<\/td><td>103<\/td><\/tr><tr><td>98<\/td><td>72947125955<\/td><td>103<\/td><\/tr><tr><td>99<\/td><td>BENI 1220<\/td><td>102<\/td><\/tr><tr><td>100<\/td><td>73021035968<\/td><td>102<\/td><\/tr><tr><td>101<\/td><td>73059974612<\/td><td>102<\/td><\/tr><tr><td>102<\/td><td>BIA 38<\/td><td>101<\/td><\/tr><tr><td>103<\/td><td>73033719212<\/td><td>101<\/td><\/tr><tr><td>104<\/td><td>73112841087<\/td><td>101<\/td><\/tr><tr><td>105<\/td><td>73018934725<\/td><td>101<\/td><\/tr><tr><td>106<\/td><td>73023318855<\/td><td>101<\/td><\/tr><tr><td>107<\/td><td>72998965053<\/td><td>100<\/td><\/tr><tr><td>108<\/td><td>73048922734<\/td><td>100<\/td><\/tr><tr><td>109<\/td><td>73089201403<\/td><td>100<\/td><\/tr><tr><td>110<\/td><td>72998121215<\/td><td>100<\/td><\/tr><tr><td>111<\/td><td>73031894231<\/td><td>100<\/td><\/tr><tr><td>112<\/td><td>73032739749<\/td><td>100<\/td><\/tr><tr><td>113<\/td><td>BLAN256<\/td><td>99<\/td><\/tr><tr><td>114<\/td><td>73124808675<\/td><td>99<\/td><\/tr><tr><td>115<\/td><td>73033699441<\/td><td>99<\/td><\/tr><tr><td>116<\/td><td>73099166460<\/td><td>98<\/td><\/tr><tr><td>117<\/td><td>73037471279<\/td><td>98<\/td><\/tr><tr><td>118<\/td><td>72979101318<\/td><td>98<\/td><\/tr><tr><td>119<\/td><td>73050293397<\/td><td>97<\/td><\/tr><tr><td>120<\/td><td>73089585007<\/td><td>96<\/td><\/tr><tr><td>121<\/td><td>73090442517<\/td><td>96<\/td><\/tr><tr><td>122<\/td><td>73048961311<\/td><td>94<\/td><\/tr><tr><td>123<\/td><td>KACS\u00d3 \u00c1D\u00c1M<\/td><td>94<\/td><\/tr><tr><td>124<\/td><td>72986314326<\/td><td>94<\/td><\/tr><tr><td>125<\/td><td>Csillag15<\/td><td>94<\/td><\/tr><tr><td>126<\/td><td>73017330326<\/td><td>93<\/td><\/tr><tr><td>127<\/td><td>73047919117<\/td><td>93<\/td><\/tr><tr><td>128<\/td><td>73007421178<\/td><td>93<\/td><\/tr><tr><td>129<\/td><td>73018198344<\/td><td>93<\/td><\/tr><tr><td>130<\/td><td>73040275911<\/td><td>93<\/td><\/tr><tr><td>131<\/td><td>73044705725<\/td><td>93<\/td><\/tr><tr><td>132<\/td><td>73074986897<\/td><td>92<\/td><\/tr><tr><td>133<\/td><td>73013435259<\/td><td>92<\/td><\/tr><tr><td>134<\/td><td>LEND\u00dcLET<\/td><td>92<\/td><\/tr><tr><td>135<\/td><td>72903701102<\/td><td>92<\/td><\/tr><tr><td>136<\/td><td>73114269665<\/td><td>91<\/td><\/tr><tr><td>137<\/td><td>73030792139<\/td><td>91<\/td><\/tr><tr><td>138<\/td><td>73002276691<\/td><td>90<\/td><\/tr><tr><td>139<\/td><td>73093298702<\/td><td>90<\/td><\/tr><tr><td>140<\/td><td>198103<\/td><td>89<\/td><\/tr><tr><td>141<\/td><td>GZsombor1818<\/td><td>89<\/td><\/tr><tr><td>142<\/td><td>73130691175<\/td><td>89<\/td><\/tr><tr><td>143<\/td><td>73018630630<\/td><td>89<\/td><\/tr><tr><td>144<\/td><td>73355730887<\/td><td>88<\/td><\/tr><tr><td>145<\/td><td>73058558078<\/td><td>88<\/td><\/tr><tr><td>146<\/td><td>73433684771<\/td><td>88<\/td><\/tr><tr><td>147<\/td><td>73035678807<\/td><td>88<\/td><\/tr><tr><td>148<\/td><td>73024251456<\/td><td>88<\/td><\/tr><tr><td>149<\/td><td>73020801225<\/td><td>88<\/td><\/tr><tr><td>150<\/td><td>73024443384<\/td><td>87<\/td><\/tr><tr><td>151<\/td><td>72978945910<\/td><td>87<\/td><\/tr><tr><td>152<\/td><td>74240741800<\/td><td>87<\/td><\/tr><tr><td>153<\/td><td>73096469563<\/td><td>86<\/td><\/tr><tr><td>154<\/td><td>73093536475<\/td><td>86<\/td><\/tr><tr><td>155<\/td><td>73082722525<\/td><td>86<\/td><\/tr><tr><td>156<\/td><td>72999504551<\/td><td>86<\/td><\/tr><tr><td>157<\/td><td>73069113107<\/td><td>85<\/td><\/tr><tr><td>158<\/td><td>72907756566<\/td><td>85<\/td><\/tr><tr><td>159<\/td><td>73020614939<\/td><td>85<\/td><\/tr><tr><td>160<\/td><td>73080769694<\/td><td>85<\/td><\/tr><tr><td>161<\/td><td>73051438757<\/td><td>84<\/td><\/tr><tr><td>162<\/td><td>73099923805<\/td><td>83<\/td><\/tr><tr><td>163<\/td><td>73035620852<\/td><td>83<\/td><\/tr><tr><td>164<\/td><td>73020575993<\/td><td>83<\/td><\/tr><tr><td>165<\/td><td>73047160782<\/td><td>83<\/td><\/tr><tr><td>166<\/td><td>73049717498<\/td><td>82<\/td><\/tr><tr><td>167<\/td><td>73071381286<\/td><td>82<\/td><\/tr><tr><td>168<\/td><td>73109987419<\/td><td>82<\/td><\/tr><tr><td>169<\/td><td>72998260077<\/td><td>82<\/td><\/tr><tr><td>170<\/td><td>73025108650<\/td><td>82<\/td><\/tr><tr><td>171<\/td><td>73049849245<\/td><td>82<\/td><\/tr><tr><td>172<\/td><td>72961222055<\/td><td>81<\/td><\/tr><tr><td>173<\/td><td>73116801339<\/td><td>81<\/td><\/tr><tr><td>174<\/td><td>73021248143<\/td><td>80<\/td><\/tr><tr><td>175<\/td><td>72988338710<\/td><td>80<\/td><\/tr><tr><td>176<\/td><td>73057837712<\/td><td>80<\/td><\/tr><tr><td>177<\/td><td>73117914560<\/td><td>79<\/td><\/tr><tr><td>178<\/td><td>72996016506<\/td><td>79<\/td><\/tr><tr><td>179<\/td><td>73050055733<\/td><td>78<\/td><\/tr><tr><td>180<\/td><td>73018633605<\/td><td>78<\/td><\/tr><tr><td>181<\/td><td>73009536003<\/td><td>78<\/td><\/tr><tr><td>182<\/td><td>73023261529<\/td><td>77<\/td><\/tr><tr><td>183<\/td><td>73079322657<\/td><td>77<\/td><\/tr><tr><td>184<\/td><td>73098670401<\/td><td>77<\/td><\/tr><tr><td>185<\/td><td>73089481334<\/td><td>75<\/td><\/tr><tr><td>186<\/td><td>73138098311<\/td><td>75<\/td><\/tr><tr><td>187<\/td><td>73045157287<\/td><td>74,5<\/td><\/tr><tr><td>188<\/td><td>73984106246<\/td><td>73<\/td><\/tr><tr><td>189<\/td><td>72952094555<\/td><td>73<\/td><\/tr><tr><td>190<\/td><td>BOGI239<\/td><td>73<\/td><\/tr><tr><td>191<\/td><td>73071381114<\/td><td>72<\/td><\/tr><tr><td>192<\/td><td>73048958316<\/td><td>72<\/td><\/tr><tr><td>193<\/td><td>73052398001<\/td><td>72<\/td><\/tr><tr><td>194<\/td><td>73044325619<\/td><td>70<\/td><\/tr><tr><td>195<\/td><td>Zsuga67<\/td><td>70<\/td><\/tr><tr><td>196<\/td><td>73018628650<\/td><td>69<\/td><\/tr><tr><td>197<\/td><td>73049806776<\/td><td>69<\/td><\/tr><tr><td>198<\/td><td>72938493694<\/td><td>68<\/td><\/tr><tr><td>199<\/td><td>73018607481<\/td><td>67<\/td><\/tr><tr><td>200<\/td><td>72947127430<\/td><td>66<\/td><\/tr><tr><td>201<\/td><td>73112677786<\/td><td>65<\/td><\/tr><tr><td>202<\/td><td>73104925656<\/td><td>65<\/td><\/tr><tr><td>203<\/td><td>73094385007<\/td><td>63<\/td><\/tr><tr><td>204<\/td><td>73039345610<\/td><td>63<\/td><\/tr><tr><td>205<\/td><td>VERONIKA MIRA 02<\/td><td>62<\/td><\/tr><tr><td>206<\/td><td>73071399039<\/td><td>61<\/td><\/tr><tr><td>207<\/td><td>73057915434<\/td><td>61<\/td><\/tr><tr><td>208<\/td><td>74438901214<\/td><td>60<\/td><\/tr><tr><td>209<\/td><td>73030711954<\/td><td>60<\/td><\/tr><tr><td>210<\/td><td>73022247169<\/td><td>60<\/td><\/tr><tr><td>211<\/td><td>73047920459<\/td><td>58<\/td><\/tr><tr><td>212<\/td><td>73103464895<\/td><td>57<\/td><\/tr><tr><td>213<\/td><td>73048382471<\/td><td>53<\/td><\/tr><tr><td>214<\/td><td>73061547942<\/td><td>52<\/td><\/tr><\/tbody><\/table><\/figure>\n<div class=\"pvc_clear\"><\/div><p id=\"pvc_stats_40694\" class=\"pvc_stats all  \" data-element-id=\"40694\" style=\"\"><i class=\"pvc-stats-icon medium\" aria-hidden=\"true\"><svg aria-hidden=\"true\" focusable=\"false\" data-prefix=\"far\" data-icon=\"chart-bar\" role=\"img\" xmlns=\"http:\/\/www.w3.org\/2000\/svg\" viewBox=\"0 0 512 512\" class=\"svg-inline--fa fa-chart-bar fa-w-16 fa-2x\"><path fill=\"currentColor\" d=\"M396.8 352h22.4c6.4 0 12.8-6.4 12.8-12.8V108.8c0-6.4-6.4-12.8-12.8-12.8h-22.4c-6.4 0-12.8 6.4-12.8 12.8v230.4c0 6.4 6.4 12.8 12.8 12.8zm-192 0h22.4c6.4 0 12.8-6.4 12.8-12.8V140.8c0-6.4-6.4-12.8-12.8-12.8h-22.4c-6.4 0-12.8 6.4-12.8 12.8v198.4c0 6.4 6.4 12.8 12.8 12.8zm96 0h22.4c6.4 0 12.8-6.4 12.8-12.8V204.8c0-6.4-6.4-12.8-12.8-12.8h-22.4c-6.4 0-12.8 6.4-12.8 12.8v134.4c0 6.4 6.4 12.8 12.8 12.8zM496 400H48V80c0-8.84-7.16-16-16-16H16C7.16 64 0 71.16 0 80v336c0 17.67 14.33 32 32 32h464c8.84 0 16-7.16 16-16v-16c0-8.84-7.16-16-16-16zm-387.2-48h22.4c6.4 0 12.8-6.4 12.8-12.8v-70.4c0-6.4-6.4-12.8-12.8-12.8h-22.4c-6.4 0-12.8 6.4-12.8 12.8v70.4c0 6.4 6.4 12.8 12.8 12.8z\" class=\"\"><\/path><\/svg><\/i> <img loading=\"lazy\" decoding=\"async\" width=\"16\" height=\"16\" alt=\"Loading\" src=\"https:\/\/besi.hu\/wp-content\/plugins\/page-views-count\/ajax-loader-2x.gif\" border=0 \/><\/p><div class=\"pvc_clear\"><\/div>","protected":false},"excerpt":{"rendered":"<p>0007 &#8211; \u00c1ltal\u00e1nos tanterv\u0171 2026 Sorsz\u00e1m Oktat\u00e1si azonos\u00edt\u00f3\/Jelige Pontsz\u00e1m 1 73068842185 149 2 84327997645 147 3 72914251713 145 4 73048968303 144 5 73047915584 143 6 73026139437 142 7 Lukr\u00e9cia 139 8 72955732044 139 9 73040371480 138 10 73033632827 138 11 73066573275 137 12 73015845354 136 13 73109695657 136 14 73089053033&#8230;<\/p>\n<div class=\"pvc_clear\"><\/div>\n<p id=\"pvc_stats_40694\" class=\"pvc_stats all  \" data-element-id=\"40694\" style=\"\"><i class=\"pvc-stats-icon medium\" aria-hidden=\"true\"><svg aria-hidden=\"true\" focusable=\"false\" data-prefix=\"far\" data-icon=\"chart-bar\" role=\"img\" xmlns=\"http:\/\/www.w3.org\/2000\/svg\" viewBox=\"0 0 512 512\" class=\"svg-inline--fa fa-chart-bar fa-w-16 fa-2x\"><path fill=\"currentColor\" d=\"M396.8 352h22.4c6.4 0 12.8-6.4 12.8-12.8V108.8c0-6.4-6.4-12.8-12.8-12.8h-22.4c-6.4 0-12.8 6.4-12.8 12.8v230.4c0 6.4 6.4 12.8 12.8 12.8zm-192 0h22.4c6.4 0 12.8-6.4 12.8-12.8V140.8c0-6.4-6.4-12.8-12.8-12.8h-22.4c-6.4 0-12.8 6.4-12.8 12.8v198.4c0 6.4 6.4 12.8 12.8 12.8zm96 0h22.4c6.4 0 12.8-6.4 12.8-12.8V204.8c0-6.4-6.4-12.8-12.8-12.8h-22.4c-6.4 0-12.8 6.4-12.8 12.8v134.4c0 6.4 6.4 12.8 12.8 12.8zM496 400H48V80c0-8.84-7.16-16-16-16H16C7.16 64 0 71.16 0 80v336c0 17.67 14.33 32 32 32h464c8.84 0 16-7.16 16-16v-16c0-8.84-7.16-16-16-16zm-387.2-48h22.4c6.4 0 12.8-6.4 12.8-12.8v-70.4c0-6.4-6.4-12.8-12.8-12.8h-22.4c-6.4 0-12.8 6.4-12.8 12.8v70.4c0 6.4 6.4 12.8 12.8 12.8z\" class=\"\"><\/path><\/svg><\/i> <img loading=\"lazy\" decoding=\"async\" width=\"16\" height=\"16\" alt=\"Loading\" src=\"https:\/\/besi.hu\/wp-content\/plugins\/page-views-count\/ajax-loader-2x.gif\" border=0 \/><\/p>\n<div class=\"pvc_clear\"><\/div>\n","protected":false},"author":1,"featured_media":0,"parent":0,"menu_order":0,"comment_status":"closed","ping_status":"closed","template":"","meta":{"footnotes":""},"class_list":["post-40694","page","type-page","status-publish","hentry"],"aioseo_notices":[],"a3_pvc":{"activated":true,"total_views":862,"today_views":0},"_links":{"self":[{"href":"https:\/\/besi.hu\/index.php?rest_route=\/wp\/v2\/pages\/40694","targetHints":{"allow":["GET"]}}],"collection":[{"href":"https:\/\/besi.hu\/index.php?rest_route=\/wp\/v2\/pages"}],"about":[{"href":"https:\/\/besi.hu\/index.php?rest_route=\/wp\/v2\/types\/page"}],"author":[{"embeddable":true,"href":"https:\/\/besi.hu\/index.php?rest_route=\/wp\/v2\/users\/1"}],"replies":[{"embeddable":true,"href":"https:\/\/besi.hu\/index.php?rest_route=%2Fwp%2Fv2%2Fcomments&post=40694"}],"version-history":[{"count":3,"href":"https:\/\/besi.hu\/index.php?rest_route=\/wp\/v2\/pages\/40694\/revisions"}],"predecessor-version":[{"id":40710,"href":"https:\/\/besi.hu\/index.php?rest_route=\/wp\/v2\/pages\/40694\/revisions\/40710"}],"wp:attachment":[{"href":"https:\/\/besi.hu\/index.php?rest_route=%2Fwp%2Fv2%2Fmedia&parent=40694"}],"curies":[{"name":"wp","href":"https:\/\/api.w.org\/{rel}","templated":true}]}}