{"id":854,"date":"2021-09-03T18:51:15","date_gmt":"2021-09-03T18:51:15","guid":{"rendered":"https:\/\/regi.besi.hu\/?page_id=854"},"modified":"2021-09-05T16:47:48","modified_gmt":"2021-09-05T16:47:48","slug":"szaztiz-esztendo","status":"publish","type":"page","link":"https:\/\/besi.hu\/?page_id=854","title":{"rendered":"Sz\u00e1zt\u00edz esztend\u0151&#8230;"},"content":{"rendered":"<div class=\"brz-root__container brz-reset-all\">\n<p><b>T\u00f6rt\u00e9net\u00fcnk<\/b><\/p>\n<p><b>N\u00e9vad\u00f3nk: Bessenyei Gy\u00f6rgy<\/b><\/p>\n<p><b>Sz\u00e1z\u00e9vesek voltunk\u00a0<\/b><\/p>\n<p><b>Eml\u00e9kezz\u00fcnk!<\/b><\/p>\n<p style=\"padding-left: 40px;\"><b>Igazgat\u00f3k voltak<\/b><\/p>\n<p style=\"padding-left: 40px;\"><b>Dr. Mayer Gy\u00f6rgy eml\u00e9kt\u00e1bl\u00e1j\u00e1nak avat\u00e1sa<\/b><\/p>\n<p style=\"padding-left: 40px;\"><b>Tan\u00e1rok voltak<\/b><\/p>\n<p style=\"padding-left: 40px;\"><b>Dolgoz\u00f3ink voltak<\/b><\/p>\n<p style=\"padding-left: 40px;\"><b>V\u00e9gz\u0151s tanul\u00f3k voltak<\/b><\/p>\n<p style=\"padding-left: 40px;\"><b>Cip\u0151 oszt\u00e1lyt\u00e1rsa voltam &#8211; B\u00facs\u00fa B\u00f3di L\u00e1szl\u00f3t\u00f3l<\/b><\/p>\n<p style=\"padding-left: 40px;\"><b>B\u00facs\u00fabesz\u00e9d S\u00e1rosy Zolt\u00e1n igazgat\u00f3 \u00far ravatal\u00e1n\u00e1l<\/b><\/p>\n<p style=\"padding-left: 40px;\"><b>Negyven \u00e9ve t\u00f6rt\u00e9nt \u2013 Besis az \u0171rben<\/b><\/p>\n<\/div>\n<p><!-- version:1630697022 --><\/p>\n<div class=\"pvc_clear\"><\/div>\n<p id=\"pvc_stats_854\" class=\"pvc_stats all  \" data-element-id=\"854\" style=\"\"><i class=\"pvc-stats-icon medium\" aria-hidden=\"true\"><svg aria-hidden=\"true\" focusable=\"false\" data-prefix=\"far\" data-icon=\"chart-bar\" role=\"img\" xmlns=\"http:\/\/www.w3.org\/2000\/svg\" viewBox=\"0 0 512 512\" class=\"svg-inline--fa fa-chart-bar fa-w-16 fa-2x\"><path fill=\"currentColor\" d=\"M396.8 352h22.4c6.4 0 12.8-6.4 12.8-12.8V108.8c0-6.4-6.4-12.8-12.8-12.8h-22.4c-6.4 0-12.8 6.4-12.8 12.8v230.4c0 6.4 6.4 12.8 12.8 12.8zm-192 0h22.4c6.4 0 12.8-6.4 12.8-12.8V140.8c0-6.4-6.4-12.8-12.8-12.8h-22.4c-6.4 0-12.8 6.4-12.8 12.8v198.4c0 6.4 6.4 12.8 12.8 12.8zm96 0h22.4c6.4 0 12.8-6.4 12.8-12.8V204.8c0-6.4-6.4-12.8-12.8-12.8h-22.4c-6.4 0-12.8 6.4-12.8 12.8v134.4c0 6.4 6.4 12.8 12.8 12.8zM496 400H48V80c0-8.84-7.16-16-16-16H16C7.16 64 0 71.16 0 80v336c0 17.67 14.33 32 32 32h464c8.84 0 16-7.16 16-16v-16c0-8.84-7.16-16-16-16zm-387.2-48h22.4c6.4 0 12.8-6.4 12.8-12.8v-70.4c0-6.4-6.4-12.8-12.8-12.8h-22.4c-6.4 0-12.8 6.4-12.8 12.8v70.4c0 6.4 6.4 12.8 12.8 12.8z\" class=\"\"><\/path><\/svg><\/i> <img loading=\"lazy\" decoding=\"async\" width=\"16\" height=\"16\" alt=\"Loading\" src=\"https:\/\/besi.hu\/wp-content\/plugins\/page-views-count\/ajax-loader-2x.gif\" border=0 \/><\/p>\n<div class=\"pvc_clear\"><\/div>\n","protected":false},"excerpt":{"rendered":"<p>T\u00f6rt\u00e9net\u00fcnk N\u00e9vad\u00f3nk: Bessenyei Gy\u00f6rgy Sz\u00e1z\u00e9vesek voltunk\u00a0 Eml\u00e9kezz\u00fcnk! Igazgat\u00f3k voltak Dr. Mayer Gy\u00f6rgy eml\u00e9kt\u00e1bl\u00e1j\u00e1nak avat\u00e1sa Tan\u00e1rok voltak Dolgoz\u00f3ink voltak V\u00e9gz\u0151s tanul\u00f3k voltak Cip\u0151 oszt\u00e1lyt\u00e1rsa voltam &#8211; B\u00facs\u00fa B\u00f3di L\u00e1szl\u00f3t\u00f3l B\u00facs\u00fabesz\u00e9d S\u00e1rosy Zolt\u00e1n igazgat\u00f3 \u00far ravatal\u00e1n\u00e1l Negyven \u00e9ve t\u00f6rt\u00e9nt \u2013 Besis az \u0171rben<\/p>\n<div class=\"pvc_clear\"><\/div>\n<p id=\"pvc_stats_854\" class=\"pvc_stats all  \" data-element-id=\"854\" style=\"\"><i class=\"pvc-stats-icon medium\" aria-hidden=\"true\"><svg aria-hidden=\"true\" focusable=\"false\" data-prefix=\"far\" data-icon=\"chart-bar\" role=\"img\" xmlns=\"http:\/\/www.w3.org\/2000\/svg\" viewBox=\"0 0 512 512\" class=\"svg-inline--fa fa-chart-bar fa-w-16 fa-2x\"><path fill=\"currentColor\" d=\"M396.8 352h22.4c6.4 0 12.8-6.4 12.8-12.8V108.8c0-6.4-6.4-12.8-12.8-12.8h-22.4c-6.4 0-12.8 6.4-12.8 12.8v230.4c0 6.4 6.4 12.8 12.8 12.8zm-192 0h22.4c6.4 0 12.8-6.4 12.8-12.8V140.8c0-6.4-6.4-12.8-12.8-12.8h-22.4c-6.4 0-12.8 6.4-12.8 12.8v198.4c0 6.4 6.4 12.8 12.8 12.8zm96 0h22.4c6.4 0 12.8-6.4 12.8-12.8V204.8c0-6.4-6.4-12.8-12.8-12.8h-22.4c-6.4 0-12.8 6.4-12.8 12.8v134.4c0 6.4 6.4 12.8 12.8 12.8zM496 400H48V80c0-8.84-7.16-16-16-16H16C7.16 64 0 71.16 0 80v336c0 17.67 14.33 32 32 32h464c8.84 0 16-7.16 16-16v-16c0-8.84-7.16-16-16-16zm-387.2-48h22.4c6.4 0 12.8-6.4 12.8-12.8v-70.4c0-6.4-6.4-12.8-12.8-12.8h-22.4c-6.4 0-12.8 6.4-12.8 12.8v70.4c0 6.4 6.4 12.8 12.8 12.8z\" class=\"\"><\/path><\/svg><\/i> <img loading=\"lazy\" decoding=\"async\" width=\"16\" height=\"16\" alt=\"Loading\" src=\"https:\/\/besi.hu\/wp-content\/plugins\/page-views-count\/ajax-loader-2x.gif\" border=0 \/><\/p>\n<div class=\"pvc_clear\"><\/div>\n","protected":false},"author":2,"featured_media":0,"parent":0,"menu_order":0,"comment_status":"closed","ping_status":"open","template":"brizy-blank-template.php","meta":{"footnotes":""},"class_list":["post-854","page","type-page","status-publish","hentry"],"aioseo_notices":[],"_links":{"self":[{"href":"https:\/\/besi.hu\/index.php?rest_route=\/wp\/v2\/pages\/854","targetHints":{"allow":["GET"]}}],"collection":[{"href":"https:\/\/besi.hu\/index.php?rest_route=\/wp\/v2\/pages"}],"about":[{"href":"https:\/\/besi.hu\/index.php?rest_route=\/wp\/v2\/types\/page"}],"author":[{"embeddable":true,"href":"https:\/\/besi.hu\/index.php?rest_route=\/wp\/v2\/users\/2"}],"replies":[{"embeddable":true,"href":"https:\/\/besi.hu\/index.php?rest_route=%2Fwp%2Fv2%2Fcomments&post=854"}],"version-history":[{"count":8,"href":"https:\/\/besi.hu\/index.php?rest_route=\/wp\/v2\/pages\/854\/revisions"}],"predecessor-version":[{"id":1493,"href":"https:\/\/besi.hu\/index.php?rest_route=\/wp\/v2\/pages\/854\/revisions\/1493"}],"wp:attachment":[{"href":"https:\/\/besi.hu\/index.php?rest_route=%2Fwp%2Fv2%2Fmedia&parent=854"}],"curies":[{"name":"wp","href":"https:\/\/api.w.org\/{rel}","templated":true}]}}