{"id":940,"date":"2021-09-03T20:21:40","date_gmt":"2021-09-03T20:21:40","guid":{"rendered":"https:\/\/regi.besi.hu\/?page_id=940"},"modified":"2021-10-20T12:32:13","modified_gmt":"2021-10-20T10:32:13","slug":"tanarok-voltak","status":"publish","type":"page","link":"https:\/\/besi.hu\/?page_id=940","title":{"rendered":"Tan\u00e1rok voltak"},"content":{"rendered":"\n<div class=\"wp-block-columns is-layout-flex wp-container-core-columns-is-layout-9d6595d7 wp-block-columns-is-layout-flex\">\n<div class=\"wp-block-column is-layout-flow wp-block-column-is-layout-flow\">\n<p><strong>Igazgat\u00f3k voltak<\/strong><\/p>\n\n\n\n<p>Dr.&nbsp; M\u00e1yer Gy\u00f6rgy<br>Cs\u00e1szy L\u00e1szl\u00f3<br>Dr.&nbsp; Jankovics J\u00f3zsef<br>Sabj\u00e1n J\u00e1nos<br>Dr.&nbsp; T\u00f3th J\u00f3zsef<\/p>\n<\/div>\n\n\n\n<div class=\"wp-block-column is-layout-flow wp-block-column-is-layout-flow\">\n<p> <\/p>\n\n\n\n<p>Dr.&nbsp; Szalay Gy\u00f6rgy<br>Keresztes P\u00e1l<br>Jak\u00f3 Albert<br>Grgurics Istv\u00e1n<br>Tak\u00e1cs J\u00e1nos<\/p>\n<\/div>\n\n\n\n<div class=\"wp-block-column is-layout-flow wp-block-column-is-layout-flow\">\n<p> <\/p>\n\n\n\n<p>Jancs\u00f3 Antal<br>Csucska Jen\u0151<br>S\u00e1rosy Zolt\u00e1n<\/p>\n<\/div>\n<\/div>\n\n\n\n<p><strong>Tan\u00e1rok voltak<\/strong><\/p>\n\n\n\n<div class=\"wp-block-columns is-layout-flex wp-container-core-columns-is-layout-9d6595d7 wp-block-columns-is-layout-flex\">\n<div class=\"wp-block-column is-layout-flow wp-block-column-is-layout-flow\">\n<p>Abonyi Istv\u00e1n<br>Abonyi Istv\u00e1nn\u00e9<br>Adam\u00f3czkin\u00e9 Jakab Erzs\u00e9bet<br>Adrian Walton<br>\u00c1gotai Ferenc<br>Alan Willard Willet<br>Anne Herv\u00e9<br>dr.Arany T\u00f3th P\u00e1l<br>Aurora Paulsen<br>Babj\u00e1k \u00c9va<br>Bacskai Katalin<br>Bacs\u00f3 Ferencn\u00e9<br>Bakajsza Andr\u00e1s<br>Bakajsza Andr\u00e1sn\u00e9<br>dr.Balogh \u00c1rp\u00e1d<br>Balogh Frigyes<br>Balogh Istv\u00e1n<br>Balogh J\u00f3zsef<br>Balogh-Sz\u0151r Anita<br>Baloghn\u00e9 B\u00e9k\u00e9si Be\u00e1ta<br>Baloghn\u00e9 Korm\u00e1ny \u00c9va<br>dr.Baloghn\u00e9 Rink\u00e1cs Ilona<br>dr.Barab\u00e1s Bertalan<br>dr. Barab\u00e1s Bertalann\u00e9<br>Bar\u00e1th Csaba<br>dr. Barnai S\u00e1ndor<br>Bars L\u00e1szl\u00f3<br>B\u00e1rsony Katalin<br>Bartha B\u00e9la<br>dr.Bartha K\u00e1roly<br>dr.Bartha L\u00e1szl\u00f3n\u00e9<br>dr.Bartha S\u00e1ndor<br>dr.Barth\u00e1n\u00e9 Hagym\u00e1ssy Zita Mariann<br>Bartizek L\u00e1szl\u00f3<br>B\u00e9k\u00e9si Levent\u00e9n\u00e9<br>B\u00e9la P\u00e1l<br>Bel\u00e1nyin\u00e9 Cs\u00e1nyi Kl\u00e1ra<br>Bellovics Gyula<br>B\u00e9lteki-Papp Andrea<\/p>\n<\/div>\n\n\n\n<div class=\"wp-block-column is-layout-flow wp-block-column-is-layout-flow\">\n<p>Bene Katalin<br>Berecz Eszter<br>Berecz Ott\u00f3<br>B\u00e9res Ben\u0151<br>Bir\u00f3 Gy\u00f6rgy<br>Bir\u00f3 Gy\u00f6rgyn\u00e9<br>B\u00edr\u00f3 Istv\u00e1n<br>B\u00edr\u00f3n\u00e9 Varga \u00c1gnes Ilona<br>Bodn\u00e1r Anett<br>Bodn\u00e1r B\u00e9la<br>Bodn\u00e1r Istv\u00e1n<br>Bodz\u00e1s Anita<br>Bog\u00e1ti \u00c1gnes<br>Borb\u00e1s G\u00e9za<br>Boromissza Jen\u0151<br>Bors\u00e1nyi J\u00f3zsef<br>Borsi Antal<br>Bozsenik B\u00e9la<br>B\u00f3dy Endre<br>B\u00f6lk\u00e9ny Lili<br>B\u00f6sz\u00f6rm\u00e9nyi L\u00e1szl\u00f3<br>B\u0151ti Lajos<br>Bradley Neil Berthold<br>dr.Bucsis Gyula<br>Bumber\u00e1k Istv\u00e1nn\u00e9<br>Bury Alajos<br>Campos Jimenez Enrique<br>Campos Jimenezn\u00e9<br>Carteron, Marie Francoise<br>Colett, Graham<br>Czak\u00f3 G\u00e1bor<br>Czomba L\u00edvia<br>Cs\u00e1k\u00f3 Gyula<br>Cseke Imre Istv\u00e1n<br>Cserepes Gyula<br>Cserny\u00e1nszky G\u00e1bor<br>Csomor J\u00f3zsef<br>Cs\u00f6rsz Ferenc<br>Csucska Bog\u00e1t<br>Dancs S\u00e1ndor<br>Darvas L\u00e1szl\u00f3<\/p>\n<\/div>\n\n\n\n<div class=\"wp-block-column is-layout-flow wp-block-column-is-layout-flow\">\n<p>D\u00e1vid Zsigmond<br>D\u00e1vid Zsigmondn\u00e9<br>Deregi Anna<br>D\u00e9v\u00e9nyi J\u00f3zsef<br>D\u00e9v\u00e9nyi J\u00f3zsefn\u00e9<br>Dobos Lajos<br>Dolhai L\u00e1szl\u00f3n\u00e9<br>dr. Dunai J\u00f3zsefn\u00e9<br>Dzsub\u00e1k Istv\u00e1n<br>Emmer J\u00f3zsef<br>Erdei-Gruz \u00c1gota<br>dr.Erd\u00e9lyi P\u00e1l<br>Erd\u0151s J\u00f3zsef<br>Eszterg\u00e1lyos \u00c1goston<br>Farkas Ilona<br>Farkas Istv\u00e1n<br>Farkas Jen\u0151<br>Feh\u00e9rv\u00e1ri B\u00e9la<br>Ferh\u00e9rv\u00e1ri B\u00e9l\u00e1n\u00e9<br>Fej\u00e9rdy Gy\u0151z\u0151<br>dr.Felszeghy Elem\u00e9r<br>Ferenc Endre<br>Ferenc Endr\u00e9n\u00e9<br>Ferenczy Norbert M\u00e1rk<br>Fludorovics Zsigmond<br>Fodor Ilona<br>Fut\u00f3 \u00c1gnes<br>Ga\u00e1l S\u00e1ndor<br>G\u00e1bor Lajosn\u00e9<br>Gabos L\u00e1szl\u00f3<br>G\u00e1los Ferenc<br>Gavall\u00e9r B\u00e9la<br>dr.Gell\u00e9r Erzs\u00e9bet<br>Gerl\u0151tei Jen\u0151<br>Gerzsenyi Egon Ern\u0151<br>Gondos Gyula<br>G\u00f6ncz-Nagy T\u00fcnde<br>Gulino, Matthew Todd<br>Gyarmati J\u00e1nos<br>Gyimesi J\u00e1nos<br>Gy\u00f6ngy\u00f6si Ildik\u00f3 Katalin<\/p>\n<\/div>\n<\/div>\n\n\n\n<hr class=\"wp-block-separator\"\/>\n\n\n\n<div class=\"wp-block-columns is-layout-flex wp-container-core-columns-is-layout-9d6595d7 wp-block-columns-is-layout-flex\">\n<div class=\"wp-block-column is-layout-flow wp-block-column-is-layout-flow\">\n<p>Gy\u00f6rgy Endre<br>Gyurm\u00e1n Endre<br>Gy\u00fcre B\u00e9la<br>dr.Gy\u00fcre Csaba<br>Gy\u00fcr\u00e9n\u00e9 Rozs\u00e1lyi Ren\u00e1ta<br>H\u00e1da Ferenc<br>H\u00e1d\u00e1n\u00e9 Bartha Kl\u00e1ra<br>H\u00e1fenscher Andr\u00e1s<br>Hajd\u00fa \u00c1rp\u00e1d<br>Hajtai Ferenc<br>H\u00e1l\u00f3 Zita \u00c9va<br>Hammel Vilmos<br>Hammer S\u00e1ndor<br>Hecsek Anna<br>Heged\u00fcs S\u00e1ndor<br>Hegyi J\u00f3zsef<br>Hemimou, Noureddine<br>Henderson, Ruth<br>Hengsperger \u00c9va<br>Hensch B\u00e9la<br>dr.Hern\u00e1di Lajos<br>Herman J\u00f3zsef<br>Herv\u00e9, Anne<br>Hev\u00e9r Zsuzsanna<br>dr.Holl\u00f3s Istv\u00e1n<br>Holl\u00f3s Izodor<br>Horics\u00e1nyi L\u00e1szl\u00f3<br>Horv\u00e1th Annam\u00e1ria<br>Horv\u00e1th B\u00e9la<br>Horv\u00e1th Ferenc<br>Horv\u00e1th J\u00e1nos<br>Horv\u00e1th L\u00e1szl\u00f3<br>Jackovics L\u00e1szl\u00f3<br>J\u00e1gern\u00e9 Papik Olga<br>Jakab S\u00e1ndor<br>dr. Jakabn\u00e9 Magyar Kl\u00e1ra<br>Jakabn\u00e9 Sill\u00f3 Katalin<br>J\u00e1mbor Emil<br>dr. J\u00e1rai L\u00e1szl\u00f3n\u00e9<br>Joseph Dane Nattress<br>Juh\u00e1sz J\u00f3zsef<br>Juh\u00e1sz Szilvia<br>Jur\u00e1nyi Istv\u00e1n<br>K\u00e1ntor \u00c9va<br>Kar\u00e1szi Gy\u00f6rgy<br>Kasz\u00f3 Dezs\u0151<br>Katk\u00f3 Elem\u00e9rn\u00e9<br>Katk\u00f3n\u00e9 K\u00f6rmendi D\u00f3ra<br>Kelemen Be\u00e1ta \u00c9va<br>Kelemen Rita<br>Kenderesn\u00e9 Jakab Csilla<br>Kerekesn\u00e9 Csegei Lilla<br>K\u00e9zdy Gyula<br>K\u00e9zy Katalin Erzs\u00e9bet<br>Kir\u00e1ly Ildik\u00f3<\/p>\n<\/div>\n\n\n\n<div class=\"wp-block-column is-layout-flow wp-block-column-is-layout-flow\">\n<p>Kis S\u00e1ndor<br>Kisa S\u00e1ndor<br>Kiss Andor<br>Kiss Eszter<br>dr.Kiss G\u00e1bor<br>Kiss Lajos<br>Kohn Ill\u00e9s<br>Komor\u00f3czy P\u00e9ter<br>Kondor Jen\u0151<br>Kont\u00e9r Anita<br>Kopasz Gy\u00f6rgy<br>K\u00f3p\u00e9 Andr\u00e1s<br>Kosztelnikn\u00e9 Bal\u00e1zs Hajnalka<br>Kov\u00e1cs G\u00e1bor<br>Kov\u00e1cs J\u00f3zsef<br>Kov\u00e1cs Lajos<br>Kov\u00e1cs L\u00e1szl\u00f3<br>Kov\u00e1cs L\u00e1szl\u00f3n\u00e9<br>dr.Kov\u00e1cs Magdolna<br>dr. Kov\u00e1csn\u00e9 L\u00e9vai Katalin<br>Kov\u00e1ts Gyula<br>Kozma B\u00e9la<br>K\u0151szegin\u00e9 Kiss \u00c9va Sarolta<br>Kr\u00e9musz R\u00f3bert<br>dr.Kriveczky B\u00e9la<br>Krupp\u00e1n\u00e9 Zaj\u00e1cz Anita<br>Kuli J\u00e1nos<br>Kun L\u00e1szl\u00f3n\u00e9<br>Kun Szab\u00f3 P\u00e1l<br>Kundr\u00e1k Istv\u00e1n<br>Kurtz S\u00e1ndor<br>Kurucz J\u00falia<br>Labancz Andr\u00e1s<br>Laczai Csilla<br>Lakatos Fatime M\u00e1ria<br>L\u00e1z\u00e1r P\u00e1l<br>L\u00e9n\u00e1rt Andr\u00e1sn\u00e9<br>dr.Lengyel Albert<br>Lengyeln\u00e9 dr.T\u00f3th \u00c9va<br>Lenyun\u00e9 Farkas Katalin<br>Lewis, Mariah Longwell<br>dr.Lippain\u00e9 Farkas Andrea<br>Luk\u00e1cs Vilmos<br>Madar M\u00e1ria<br>Magyar J\u00e1nos<br>Makay L\u00e1szl\u00f3<br>Malmos K\u00e1roly<br>Marczink\u00f3 Istv\u00e1n<br>Marczinkovics Ign\u00e1c<br>Marcsa Imre<br>Margitta Alad\u00e1r<br>M\u00e1rta J\u00f3zsef Istv\u00e1n<br>M\u00e1rt\u00e1n\u00e9 Papik Anita<br>Masznyik Zolt\u00e1n<\/p>\n<\/div>\n\n\n\n<div class=\"wp-block-column is-layout-flow wp-block-column-is-layout-flow\">\n<p>Maucsecz J\u00f3zsef<br>McQuery, Michael Leroy<br>Medveczky Katalin<br>Melk\u00f3 Ervin P\u00e9ter<br>M\u00e9sz\u00e1rosn\u00e9 L\u00e1szl\u00f3 Szilvia<br>dr.Mezey K\u00e1rolyn\u00e9<br>dr.M\u00e9cs Imre<br>Mihelics K\u00e1roly<br>Mikh\u00e1zi J\u00f3zsef S\u00e1ndorn\u00e9<br>Misner B\u00e9la<br>Moln\u00e1r K\u00e1lm\u00e1n<br>Moln\u00e1r Marianna<br>Moln\u00e1r Rezs\u0151<br>M\u00f3r\u00e9 Marianna<br>dr.Mos\u00e1nszky Jen\u0151<br>M\u00f6ller Istv\u00e1n<br>dr. Nagy \u00c9va<br>Nagy Ferenc<br>Nagy G\u00e1bor<br>Nagy J\u00e1nos<br>dr. Nagy Judit<br>Nagy L\u00e1szl\u00f3n\u00e9<br>Nagy Zsuzsanna<br>Nagy N\u00f3ra<br>Nagyn\u00e9 dr. Scmelczer Erika<br>Nattres Joseph Dane<br>Neh\u00e9z Rudolf<br>Neh\u00e9z Rudolfn\u00e9<br>Nemes J\u00f3zsefn\u00e9<br>Nemes M\u00f3r<br>N\u00e9meth B\u00e9la<br>Noureddine Hemimou<br>dr. Nov\u00e1k B\u00e9l\u00e1n\u00e9<br>Nov\u00e1kn\u00e9 Titk\u00f3 Erzs\u00e9bet<br>Nyak\u00f3 Vikt\u00f3ria Zsuzsanna<br>Ol\u00e1h Enik\u0151 Gy\u00f6ngyi<br>Ol\u00e1h G\u00e1bor<br>Ol\u00e1h Mih\u00e1ly<br>Ol\u00e1h Tibor<br>Ol\u00e1h Tibor Csaba<br>dr.Olariu Terentius<br>dr.Onder J\u00e1nos<br>dr.Onder J\u00e1nosn\u00e9<br>Ondrus Mih\u00e1ly<br>dr.Or\u00e9musz Gyul\u00e1n\u00e9<br>Orosz J\u00e1nosn\u00e9<br>Orosz Szil\u00e1rd<br>\u00d6lbey Erzs\u00e9bet<br>\u0150szn\u00e9 Ign\u00e1cz \u00c9va<br>Paizs J\u00f3zsef<br>P\u00e1pain\u00e9 L\u0151rincz Judit<br>Papp Ildik\u00f3<br>Papp Imre<br>dr.Papp Istv\u00e1n<br>Papp S\u00e1ndor<\/p>\n<\/div>\n<\/div>\n\n\n\n<hr class=\"wp-block-separator\"\/>\n\n\n\n<div class=\"wp-block-columns is-layout-flex wp-container-core-columns-is-layout-9d6595d7 wp-block-columns-is-layout-flex\">\n<div class=\"wp-block-column is-layout-flow wp-block-column-is-layout-flow\">\n<p>Papp-So\u00f3s Andrea<br>dr.P\u00e1ricsi Zsolt<br>Par\u00f3czai J\u00f3zsefn\u00e9<br>dr. Pavlovicsn\u00e9 R. Fekete Gy\u00f6ngyi<br>P\u00e1sztor Andr\u00e1s<br>P\u00e1sztor Istv\u00e1n<br>Pataki Magdolna<br>P\u00e9czeli Imre<br>Perzse Szilvia<br>P\u00e9ter P\u00e1l<br>Petrassevics B\u00e9la<br>Petrassevics Met\u00f3d<br>Petr\u00f3 M\u00e1rta<br>Petr\u00f3czi Vikt\u00f3ria<br>Pirityi Istv\u00e1n<br>dr.Polg\u00e1r \u00c1rp\u00e1d<br>Poly\u00e1k Ir\u00e9n<br>Poly\u00e1k Orsolya<br>Poncs\u00e1k Zsolt<br>Potornain\u00e9 Telenk\u00f3 T\u00fcnde<br>Pr\u00e1ger Jen\u0151<br>Radulovics \u00c1goston<br>Radv\u00e1nszki Erika<br>Rag\u00e1nyn\u00e9 Burja Enik\u0151<br>Rag\u00e1nyn\u00e9 Mozga Anik\u00f3<br>R\u00e1kosi Krist\u00f3f<br>Rankai Jen\u0151<br>Reschner Istv\u00e1n<br>Reithoffer Rezs\u0151<br>R\u00e9v\u00e9sz Bal\u00e1zs<br>R\u00e9v\u00e9sz S\u00e1mueln\u00e9<br>R\u00e9vfy K\u00e1roly<br>R\u00f3nai Em\u00edlia<br>Rozip\u00e1l Gy\u00f6rgy<br>dr. Ruszn\u00e1k Andrea<br>Ruszn\u00e1k Antal<br>Ruszn\u00e1k Antaln\u00e9<br>Ruszn\u00e1kn\u00e9 Luk\u00e1cs Enik\u0151<br>Ruttkay Mikl\u00f3s<br>S\u00e1ndor Zolt\u00e1n<br>S\u00e1rk\u00f6zy S\u00e1ndor<br>dr. S\u00e1sn\u00e9 Nam\u00e9nyi Emese<br>Schmidt Vilmos<br>Schmollinger Antal<br>Sch\u00f6n R\u00f3bert<br>Schr\u00e9der Jen\u0151<br>Sch\u00fcck S\u00e1ndor<br>Sebesty\u00e9n Jen\u0151<br>Semegi Katalin<br>Semetkay J\u00f3zsef<br>Simon Edit Ir\u00e9n<br>Sipeki P\u00e1l<br>dr.Sipos Istv\u00e1n<br>Smith, Elizabeth<\/p>\n<\/div>\n\n\n\n<div class=\"wp-block-column is-layout-flow wp-block-column-is-layout-flow\">\n<p>S\u0151r\u00e9s \u00c1gnes<br>Slezs\u00e1k Ferenc<br>Somorjai G. Lehel<br>Somos Jen\u0151<br>Suba Istv\u00e1n<br>Szab\u00f3 Adrienn Csilla<br>Szab\u00f3 Erzs\u00e9bet<br>Szab\u00f3 Gyula<br>Szab\u00f3 J\u00f3zsef<br>dr.Szab\u00f3 P\u00e9ter<br>dr.Szab\u00f3 P\u00e9tern\u00e9<br>Szalm\u00e1sn\u00e9 Virga Erzs\u00e9bet<br>Sz\u00e1nth\u00f3 Dezs\u0151<br>Szarvas Gy\u00f6rgyn\u00e9<br>Szatm\u00e1ri Istv\u00e1nn\u00e9<br>Sz\u00e9kely B\u00e9la<br>Sz\u00e9les Istv\u00e1n S\u00e1ndor<br>Sz\u00e9les K\u00e1roly<br>Szeli\u00e1nszky Ferenc<br>Szendrei J\u00e1nos<br>Sz\u00e9p R\u00f3bert<br>Szil\u00e1gyi J\u00e1nos<br>dr.Szil\u00e1gyi Lajos<br>Szilv\u00e1si J\u00e1nos<br>Sziv\u00e1k G\u00e1bor<br>Szlivk\u00e1n\u00e9 T\u00f3tik Anett<br>Szoboszlai J\u00e1nos<br>Szoboszlai J\u00e1nosn\u00e9<br>Szolnokn\u00e9 Szepessy D\u00f3ra<br>Sz\u0151l\u0151si Zolt\u00e1nn\u00e9<br>Sztank\u00f3 Etelka<br>Szt\u00e1nyi Zolt\u00e1n<br>Szutor Zolt\u00e1n<br>Sz\u0171cs Andr\u00e1sn\u00e9<br>Sz\u0171cs Istv\u00e1n<br>T\u00e1borin\u00e9 T\u00f3th M\u00e1ria<br>Tak\u00e1cs J\u00e1nos<br>dr.Tak\u00e1cs Tibor<br>Tak\u00e1csn\u00e9 \u00c9sik M\u00e1rta<br>Tarapcs\u00e1kn\u00e9 Kiss \u00c9va<br>T\u00e1ri Ir\u00e9n<br>T\u00e9nai N\u00f3ra<br>T\u00f3by Kl\u00e1ra<br>T\u00f3th Gy\u00f6rgy<br>dr.T\u00f3th B\u00e9la<br>T\u00f3th J\u00e1nos<br>A. T\u00f3th L\u00e1szl\u00f3<br>T\u00f3th L\u00e1szl\u00f3<br>T\u00f3th L\u00e1szl\u00f3n\u00e9<br>T\u00f3th Szilvia<br>T\u00f6r\u00f6k Adrienn<br>dr.T\u00f6r\u00f6k P\u00e9ter<br>Tr\u00e4ger J\u00f3zsef<br>Tugya Csaba<br>dr.Udvari Istv\u00e1n<\/p>\n<\/div>\n\n\n\n<div class=\"wp-block-column is-layout-flow wp-block-column-is-layout-flow\">\n<p>dr.Ursits Dezs\u0151<br>Uskert K\u00e1lm\u00e1n<br>Uszkai Gabriella<br>Vajczik Vilmos<br>Vajda J\u00e1nos<br>Vajda L\u00e1szl\u00f3<br>V\u00e1radi Tam\u00e1sn\u00e9<br>V\u00e1radin\u00e9 T\u00f3th Ilona<br>Varga J\u00e1nos<br>Varga Judit<br>dr.Varga Szil\u00e1rdn\u00e9<br>V\u00e1ry Emil<br>Vass J\u00e1nosn\u00e9<br>Vass J\u00f3zsef<br>Vassn\u00e9 T\u00f3th \u00c1gnes<br>Vasv\u00e1ri J\u00f3zsef<br>Vasv\u00e1ri J\u00f3zsefn\u00e9<br>dr.Veres Ferenc<br>Veres Mikl\u00f3s<br>V\u00e9rtessy G\u00e9za<br>ifj.V\u00e9rtessy G\u00e9za<br>Vietorin L\u00e1szl\u00f3<br>Vill\u00e1nyi G\u00e9za<br>Vinczeffy M\u00e1ria<br>Vincz\u00e9n\u00e9 T\u00f3th Ibolya<br>Walton, Adrian<br>Werner Gyula<br>Willet, Alan Willard<br>Zaitschek Ervin<br>dr.Zajtai Ervin<br>Zalai J\u00e1nos<br>dr.Z\u00e1vodszky Ferenc<br>Z\u00f6ldi Mih\u00e1ly<\/p>\n<\/div>\n<\/div>\n<div class=\"pvc_clear\"><\/div><p id=\"pvc_stats_940\" class=\"pvc_stats all  \" data-element-id=\"940\" style=\"\"><i class=\"pvc-stats-icon medium\" aria-hidden=\"true\"><svg aria-hidden=\"true\" focusable=\"false\" data-prefix=\"far\" data-icon=\"chart-bar\" role=\"img\" xmlns=\"http:\/\/www.w3.org\/2000\/svg\" viewBox=\"0 0 512 512\" class=\"svg-inline--fa fa-chart-bar fa-w-16 fa-2x\"><path fill=\"currentColor\" d=\"M396.8 352h22.4c6.4 0 12.8-6.4 12.8-12.8V108.8c0-6.4-6.4-12.8-12.8-12.8h-22.4c-6.4 0-12.8 6.4-12.8 12.8v230.4c0 6.4 6.4 12.8 12.8 12.8zm-192 0h22.4c6.4 0 12.8-6.4 12.8-12.8V140.8c0-6.4-6.4-12.8-12.8-12.8h-22.4c-6.4 0-12.8 6.4-12.8 12.8v198.4c0 6.4 6.4 12.8 12.8 12.8zm96 0h22.4c6.4 0 12.8-6.4 12.8-12.8V204.8c0-6.4-6.4-12.8-12.8-12.8h-22.4c-6.4 0-12.8 6.4-12.8 12.8v134.4c0 6.4 6.4 12.8 12.8 12.8zM496 400H48V80c0-8.84-7.16-16-16-16H16C7.16 64 0 71.16 0 80v336c0 17.67 14.33 32 32 32h464c8.84 0 16-7.16 16-16v-16c0-8.84-7.16-16-16-16zm-387.2-48h22.4c6.4 0 12.8-6.4 12.8-12.8v-70.4c0-6.4-6.4-12.8-12.8-12.8h-22.4c-6.4 0-12.8 6.4-12.8 12.8v70.4c0 6.4 6.4 12.8 12.8 12.8z\" class=\"\"><\/path><\/svg><\/i> <img loading=\"lazy\" decoding=\"async\" width=\"16\" height=\"16\" alt=\"Loading\" src=\"https:\/\/besi.hu\/wp-content\/plugins\/page-views-count\/ajax-loader-2x.gif\" border=0 \/><\/p><div class=\"pvc_clear\"><\/div>","protected":false},"excerpt":{"rendered":"<p>Igazgat\u00f3k voltak Dr.&nbsp; M\u00e1yer Gy\u00f6rgyCs\u00e1szy L\u00e1szl\u00f3Dr.&nbsp; Jankovics J\u00f3zsefSabj\u00e1n J\u00e1nosDr.&nbsp; T\u00f3th J\u00f3zsef Dr.&nbsp; Szalay Gy\u00f6rgyKeresztes P\u00e1lJak\u00f3 AlbertGrgurics Istv\u00e1nTak\u00e1cs J\u00e1nos Jancs\u00f3 AntalCsucska Jen\u0151S\u00e1rosy Zolt\u00e1n Tan\u00e1rok voltak Abonyi Istv\u00e1nAbonyi Istv\u00e1nn\u00e9Adam\u00f3czkin\u00e9 Jakab Erzs\u00e9betAdrian Walton\u00c1gotai FerencAlan Willard WilletAnne Herv\u00e9dr.Arany T\u00f3th P\u00e1lAurora PaulsenBabj\u00e1k \u00c9vaBacskai KatalinBacs\u00f3 Ferencn\u00e9Bakajsza Andr\u00e1sBakajsza Andr\u00e1sn\u00e9dr.Balogh \u00c1rp\u00e1dBalogh FrigyesBalogh Istv\u00e1nBalogh J\u00f3zsefBalogh-Sz\u0151r AnitaBaloghn\u00e9 B\u00e9k\u00e9si Be\u00e1taBaloghn\u00e9 Korm\u00e1ny&#8230;<\/p>\n<div class=\"pvc_clear\"><\/div>\n<p id=\"pvc_stats_940\" class=\"pvc_stats all  \" data-element-id=\"940\" style=\"\"><i class=\"pvc-stats-icon medium\" aria-hidden=\"true\"><svg aria-hidden=\"true\" focusable=\"false\" data-prefix=\"far\" data-icon=\"chart-bar\" role=\"img\" xmlns=\"http:\/\/www.w3.org\/2000\/svg\" viewBox=\"0 0 512 512\" class=\"svg-inline--fa fa-chart-bar fa-w-16 fa-2x\"><path fill=\"currentColor\" d=\"M396.8 352h22.4c6.4 0 12.8-6.4 12.8-12.8V108.8c0-6.4-6.4-12.8-12.8-12.8h-22.4c-6.4 0-12.8 6.4-12.8 12.8v230.4c0 6.4 6.4 12.8 12.8 12.8zm-192 0h22.4c6.4 0 12.8-6.4 12.8-12.8V140.8c0-6.4-6.4-12.8-12.8-12.8h-22.4c-6.4 0-12.8 6.4-12.8 12.8v198.4c0 6.4 6.4 12.8 12.8 12.8zm96 0h22.4c6.4 0 12.8-6.4 12.8-12.8V204.8c0-6.4-6.4-12.8-12.8-12.8h-22.4c-6.4 0-12.8 6.4-12.8 12.8v134.4c0 6.4 6.4 12.8 12.8 12.8zM496 400H48V80c0-8.84-7.16-16-16-16H16C7.16 64 0 71.16 0 80v336c0 17.67 14.33 32 32 32h464c8.84 0 16-7.16 16-16v-16c0-8.84-7.16-16-16-16zm-387.2-48h22.4c6.4 0 12.8-6.4 12.8-12.8v-70.4c0-6.4-6.4-12.8-12.8-12.8h-22.4c-6.4 0-12.8 6.4-12.8 12.8v70.4c0 6.4 6.4 12.8 12.8 12.8z\" class=\"\"><\/path><\/svg><\/i> <img loading=\"lazy\" decoding=\"async\" width=\"16\" height=\"16\" alt=\"Loading\" src=\"https:\/\/besi.hu\/wp-content\/plugins\/page-views-count\/ajax-loader-2x.gif\" border=0 \/><\/p>\n<div class=\"pvc_clear\"><\/div>\n","protected":false},"author":2,"featured_media":0,"parent":0,"menu_order":0,"comment_status":"closed","ping_status":"closed","template":"","meta":{"footnotes":""},"class_list":["post-940","page","type-page","status-publish","hentry"],"aioseo_notices":[],"a3_pvc":{"activated":true,"total_views":7431,"today_views":0},"_links":{"self":[{"href":"https:\/\/besi.hu\/index.php?rest_route=\/wp\/v2\/pages\/940","targetHints":{"allow":["GET"]}}],"collection":[{"href":"https:\/\/besi.hu\/index.php?rest_route=\/wp\/v2\/pages"}],"about":[{"href":"https:\/\/besi.hu\/index.php?rest_route=\/wp\/v2\/types\/page"}],"author":[{"embeddable":true,"href":"https:\/\/besi.hu\/index.php?rest_route=\/wp\/v2\/users\/2"}],"replies":[{"embeddable":true,"href":"https:\/\/besi.hu\/index.php?rest_route=%2Fwp%2Fv2%2Fcomments&post=940"}],"version-history":[{"count":16,"href":"https:\/\/besi.hu\/index.php?rest_route=\/wp\/v2\/pages\/940\/revisions"}],"predecessor-version":[{"id":1938,"href":"https:\/\/besi.hu\/index.php?rest_route=\/wp\/v2\/pages\/940\/revisions\/1938"}],"wp:attachment":[{"href":"https:\/\/besi.hu\/index.php?rest_route=%2Fwp%2Fv2%2Fmedia&parent=940"}],"curies":[{"name":"wp","href":"https:\/\/api.w.org\/{rel}","templated":true}]}}