{"id":948,"date":"2021-09-03T20:23:34","date_gmt":"2021-09-03T20:23:34","guid":{"rendered":"https:\/\/regi.besi.hu\/?page_id=948"},"modified":"2021-09-04T07:59:14","modified_gmt":"2021-09-04T07:59:14","slug":"bucsubeszed-sarosy-zoltan-igazgato-ur-ravatalanal","status":"publish","type":"page","link":"https:\/\/besi.hu\/?page_id=948","title":{"rendered":"Gy\u00e1szbesz\u00e9d S\u00e1rosy Zolt\u00e1n, a Kisv\u00e1rdai Bessenyei Gy\u00f6rgy Gimn\u00e1zium \u00e9s Koll\u00e9gium nyugalmazott igazgat\u00f3ja ravatal\u00e1n\u00e1l"},"content":{"rendered":"\n<p><\/p>\n\n\n<div class=\"brz-root__container brz-reset-all\">\n<section id=\"oscaoogzggvfgvjfiiguugptrvacagxtaskq\" class=\"brz-section brz-css-xvsem\" data-uid=\"oscaoogzggvfgvjfiiguugptrvacagxtaskq\">\n<div class=\"brz-section__content brz-section--boxed brz-css-qzmrs\" data-custom-id=\"yelhvazpoiijpfezdxrhuqirjzltwokxbyqp\">\n<div class=\"brz-container brz-css-cbugg\">\n<div class=\"brz-css-lxnkv brz-wrapper\">\n<div class=\"brz-rich-text brz-css-oymvd\" data-custom-id=\"kzziczwkoarqqqbkseehmirwijzpqpfcflps\">\n<p class=\"brz-css-sjehc\"><strong><em>Tisztelt Gy\u00e1szol\u00f3 Csal\u00e1d!<br \/><\/em><\/strong><strong><em>Tisztelt B\u00facs\u00faz\u00f3 K\u00f6z\u00f6ss\u00e9g!<\/em><\/strong><\/p>\n<p class=\"brz-css-rqons\"><img loading=\"lazy\" decoding=\"async\" class=\"alignright\" src=\"https:\/\/lh5.googleusercontent.com\/XtVTKZfq18HZCr6ghB1n2oDjL3YSoklS9oSHgAoyVjjUVSwzrF73RR2vEb5pZdiIch3v-XeF5ioU_yI7_kAhs5KAXzoZeku5so-F0vHbXUOkY7uZ574OJW6ixu1YADBGvoeA22w=s0\" width=\"296\" height=\"197\" \/><\/p>\n<p class=\"brz-css-hrvdq\">Az eml\u00e9kez\u00e9s jegy\u00e9ben, a tiszteletad\u00e1s sz\u00e1nd\u00e9k\u00e1val megrend\u00fclten \u00e1llunk itt, a kedvelt koll\u00e9g\u00e1nk, iskol\u00e1nk volt igazgat\u00f3ja, a tev\u00e9keny k\u00f6z\u00e9leti ember ravatala el\u0151tt. Volt munkat\u00e1rsunkat, bar\u00e1tunkat, a sz\u00ednes egy\u00e9nis\u00e9g S\u00e1rosy Zolt\u00e1nt, a v\u00e1ros mindenki Zoli B\u00e1csij\u00e1t b\u00facs\u00faztatjuk most, megid\u00e9zz\u00fck alakj\u00e1t, r\u00e1 eml\u00e9kez\u00fcnk.<\/p>\n<p class=\"brz-css-lqxri\">V\u00e9gleg elb\u00facs\u00fazni, b\u00e1r haland\u00f3 l\u00e9t\u00fcnkb\u0151l fakad\u00f3an nagyon is emberi, m\u00e9gsem egyszer\u0171 k\u00f6teless\u00e9g. Amikor elvesz\u00edt\u00fcnk egy j\u00f3 ismer\u0151st, hozz\u00e1nk k\u00f6zel \u00e1ll\u00f3 szem\u00e9lyt vagy hozz\u00e1tartoz\u00f3t, a f\u00e1jdalom mellett rendszerint a lelkiismeret-furdal\u00e1s \u00e9rz\u00e9se is nehez\u00edti a dolgunkat. Tal\u00e1lkoztunk-e, besz\u00e9lgett\u00fcnk-e vele eleget, mellette voltunk-e, amikor seg\u00edts\u00e9gre szorult? Vagy pedig gyarl\u00f3 m\u00f3don engedt\u00fck, hogy a kellet\u00e9n\u00e9l jobban elt\u00e1vol\u00edtson minket egym\u00e1st\u00f3l ez a rohan\u00f3 vil\u00e1g.<\/p>\n<p class=\"brz-css-yzsmk\">Nos, egy olyan ember eset\u00e9ben, mint S\u00e1rosy Zolt\u00e1n, akinek a k\u00f6z\u00f6ss\u00e9ghez tartoz\u00e1s \u00e9lm\u00e9nye, a m\u00e1sok gondolatainak \u00e9s az emberi sorsok megismer\u00e9s\u00e9nek v\u00e1gya ennyire \u00e9ltet\u0151 er\u0151 volt, ami az emberek, a t\u00e1rsas\u00e1g fel\u00e9 vonzotta \u0151t az utols\u00f3 \u00e9veiben is, k\u00fcl\u00f6n\u00f6sen k\u00ednz\u00f3 az itt maradottak sz\u00e1m\u00e1ra ez az \u00e9rz\u00e9s.<\/p>\n<p class=\"brz-css-xrvmb\">Van okunk teh\u00e1t az elgondolkod\u00e1sra, az \u00e9let \u00e9s hal\u00e1l filoz\u00f3fiai \u00e9rtelm\u0171 taglal\u00e1s\u00e1ra. Hisz gondoljunk csak arra, hogy ha valamilyen csoda folyt\u00e1n lehets\u00e9gess\u00e9 v\u00e1lna, pontosan ma \u00e9s pontosan ebben az \u00f3r\u00e1ban kezd\u0151dne a hagyom\u00e1nyos nyugd\u00edjas tal\u00e1lkoz\u00f3nk, ahov\u00e1 Zoli B\u00e1csi mindig nagyon k\u00e9sz\u00fclt, ahonnan egyetlen alkalommal sem maradt el. Egym\u00e1s mellett \u00fcln\u00e9nk abban a d\u00edszteremben, melyet \u0151 \u00faj\u00edttatott fel, \u00e9s egy\u00fctt tapsoln\u00e1nk a tanul\u00f3k kar\u00e1csonyi m\u0171sor\u00e1nak. Milyen boldog is volt, amikor az egyik \u00e9vben az unok\u00e1j\u00e1t is megpillanthatta a fell\u00e9p\u0151k k\u00f6z\u00f6tt!<\/p>\n<p class=\"brz-css-cikbg\">Azt\u00e1n, mint ahogyan mindig, egy\u00fctt ballagn\u00e1nk fel abba a helyis\u00e9gbe, amit negyven \u00e9vvel ezel\u0151tt \u0151 alak\u00edtott tanul\u00f3i klubb\u00e1, hogy ott a r\u00e9gi bar\u00e1tok, a munkat\u00e1rsak az egykori munkahelyen ism\u00e9telten tal\u00e1lkozhassanak egym\u00e1ssal, pont ugyan\u00fagy, mint amikor a r\u00e9gi tan\u00edtv\u00e1nyok oszt\u00e1lytal\u00e1lkoz\u00f3 form\u00e1j\u00e1ban keresik fel az Alma Matert. Sok \u00e9vre visszamen\u0151leg ez t\u00f6rt\u00e9nik n\u00e1lunk mindig az \u00fcnnepek el\u0151tt, az \u00e9v v\u00e9g\u00e9n, melyet Zoli B\u00e1csi mindig annyira sz\u00e1mon tartott, annyira v\u00e1rt.<\/p>\n<p class=\"brz-css-fwglz\">Mi pedig k\u00f6rbe\u00fcln\u00e9nk \u0151t, mint r\u00e9gen \u00e9s figyelmesen hallgatn\u00e1nk a t\u00f6rt\u00e9neteit, a nap mint nap az utc\u00e1n, a boltban, az orvosn\u00e1l meg\u00e9lt \u00e9lm\u00e9nyeit, kedvenc csapat\u00e1nak sportsikereit. Kellene-e ett\u0151l nagyobb boldogs\u00e1g sz\u00e1m\u00e1ra? \u2026\u00e9s igen, most visszazuhanva az \u00e1lomvil\u00e1gb\u00f3l a val\u00f3s\u00e1gba, jogos a k\u00e9rd\u00e9s. Ha ennyire megv\u00e1ltozott az emberi kapcsolatok rendje, lehet\u0151s\u00e9ge, \u00e9s ilyen \u00e9ltet\u0151, er\u0151t ad\u00f3 tal\u00e1lkoz\u00f3 ebben az \u00e9vben nincs m\u00e1r, a test f\u00e1rad\u00e1sa miatt k\u00e9s\u0151bb sem lehet m\u00e1r, akkor mi az \u00e9rtelme a tov\u00e1bbi \u00e9letnek egy\u00e1ltal\u00e1n? Ahogy Babits Mih\u00e1ly \u00edrja: <em>\u201evagy vedd p\u00e9ld\u00e1nak a piciny f\u0171sz\u00e1lat: \/ mi\u00e9rt n\u0151 a f\u0171, hogyha majd lesz\u00e1rad?\/ mi\u00e9rt sz\u00e1rad le, hogyha \u00fajra n\u0151?\u201d<\/em><\/p>\n<p class=\"brz-css-liapt\">Szerencs\u00e9re az eml\u00e9keinkben kutatva akadnak olyan \u00f6r\u00f6mteli, eml\u00e9kezetes esem\u00e9nyek, melyek sz\u00e1munkra, az \u00e9l\u0151k sz\u00e1m\u00e1ra Zoli B\u00e1csi t\u00e1voz\u00e1sa ut\u00e1n szeretettel felid\u00e9zhet\u0151k. Ilyen p\u00e9ld\u00e1ul, hogy 1996-ban, az iskol\u00e1nk 85 \u00e9ves \u00e9vfordul\u00f3ja alkalm\u00e1b\u00f3l a k\u00f6z\u00f6ss\u00e9g\u00fcnk elismer\u00e9sek\u00e9nt els\u0151k\u00e9nt kapta meg Zoli B\u00e1csi a Bessenyei Eml\u00e9kplakettet, \u00e9s hogy ekkor jelentek meg az eml\u00e9kk\u00f6nyv\u00fcnkben a visszaeml\u00e9kez\u00e9sei. Milyen nagyon \u00f6r\u00fclt akkor a felk\u00e9r\u00e9snek, \u00e9s mennyire komolyan vette a feladat\u00e1t!<\/p>\n<p class=\"brz-css-tcsxg\">Az ut\u00f3kor ebb\u0151l az \u00edr\u00e1s\u00e1b\u00f3l ismerheti meg pedag\u00f3giai hitvall\u00e1s\u00e1t, mely ma is id\u0151szer\u0171, mely ma is jellemzi iskol\u00e1nk arculat\u00e1t. Az egyik helyen p\u00e9ld\u00e1ul ezt \u00edrja: <em>\u201e\u2026G\u00e1rdonyi G\u00e9za sz\u00e1ll\u00f3ig\u00e9je, mely szerint a v\u00e1r ereje nem a k\u00f6vekben van, hanem a v\u00e9d\u0151k lelk\u00e9ben, azt hiszem, az iskol\u00e1nkra vonatkoztatva is tal\u00e1l\u00f3.\u201d <\/em>Mi mai v\u00e9d\u0151k, akik az el\u0151deinkhez hasonl\u00f3an hisz\u00fcnk a tud\u00e1s hatalm\u00e1ban, a tanul\u00e1s erej\u00e9ben, \u00e9s ezeket az \u00e9rt\u00e9keket \u00f3vnunk, tov\u00e1bbvinn\u00fcnk kell, mi tudjuk csak igaz\u00e1n, milyen vesztes\u00e9g sz\u00e1munkra, ha a r\u00e9gi harcost\u00e1rsak mellett most pont az egyik legnagyobb v\u00e1rkapit\u00e1nyunk t\u00e1vozik az \u00e9l\u0151k sor\u00e1b\u00f3l.<\/p>\n<p class=\"brz-css-bgnry\">Igazgat\u00f3s\u00e1ga kezdet\u00e9n Zoli B\u00e1csi iskolafejleszt\u0151, \u00e9rt\u00e9kteremt\u0151 tev\u00e9kenys\u00e9g\u00e9nek fundamentum\u00e1t az a felismer\u00e9se teremtette meg \u2013 \u00e9s ez k\u00fcl\u00f6n\u00f6sen nagy \u00e9rdeme \u2013, hogy az er\u0151s \u00e9s \u00f6sszetart\u00f3 iskolai k\u00f6z\u00f6ss\u00e9g l\u00e9trehoz\u00e1s\u00e1hoz a n\u00e9vad\u00f3 test\u0151rk\u00f6lt\u0151 Bessenyei Gy\u00f6rgy szellemi \u00f6r\u00f6ks\u00e9g\u00e9nek \u00e1pol\u00e1s\u00e1n kereszt\u00fcl vezet az \u00fat.<\/p>\n<p class=\"brz-css-lyfah\">Tev\u00e9kenyen vett r\u00e9szt a Bessenyei T\u00e1rsas\u00e1g megalap\u00edt\u00e1s\u00e1ban, \u00e9s sz\u00e1mtalan k\u00f6z\u00f6s esem\u00e9nnyel, el\u0151ad\u00e1ssal k\u00f6t\u00f6tte hozz\u00e1 az int\u00e9zm\u00e9nyt. Elind\u00edtotta az \u00fagynevezett Bessenyei Eml\u00e9kt\u00fara hagyom\u00e1nyt, amikor is az iskola legfiatalabb tanul\u00f3i megl\u00e1togatj\u00e1k a k\u00f6lt\u0151 \u00e9let\u00fatj\u00e1nak nagy \u00e1llom\u00e1sait. 1983-ban pedig szobrot \u00e1ll\u00edttatott a parkban a n\u00e9vad\u00f3r\u00f3l, amelyn\u00e9l valamennyi ballag\u00e1s alkalm\u00e1val koszor\u00fat helyeznek el ma is a tanul\u00f3k.<\/p>\n<p class=\"brz-css-ezojy\">Ebben az id\u0151ben alkotta meg <em>\u201eA Bessenyei n\u00e9v k\u00f6telez<\/em>\u201d szlogent, ami az \u00e9p\u00edt\u0151t\u00e1borok id\u0151szak\u00e1ban a tanul\u00f3i helyt\u00e1ll\u00e1s eredm\u00e9nyek\u00e9nt sz\u00e1mtalan els\u0151 d\u00edjat, elismer\u00e9st \u00e9s nem utols\u00f3sorban orsz\u00e1gos elismerts\u00e9get hozott az int\u00e9zm\u00e9nynek. M\u00e9g olyan kuri\u00f3zumokra is v\u00e1llalkozott, hogy a rendszeres oszt\u00e1lykir\u00e1ndul\u00e1sok mellett minden \u00e9vben az akkor m\u00e1r csaknem ezer tanul\u00f3i l\u00e9tsz\u00e1mot mag\u00e1\u00e9nak tud\u00f3 iskola nagy felt\u0171n\u00e9st okozva k\u00fcl\u00f6n vas\u00fati szerelv\u00e9nyen utazott h\u00e1romnapos kir\u00e1ndul\u00e1sra a Dunakanyarba vagy ak\u00e1r a Balaton partj\u00e1ra, \u00e9letre sz\u00f3l\u00f3 \u00e9lm\u00e9nyekhez juttatva ezzel a tanul\u00f3kat. Ma az ilyen t\u00edpus\u00fa iskolaszervez\u00e9st \u00e9lm\u00e9ny- \u00e9s tev\u00e9kenys\u00e9gk\u00f6zpont\u00fa pedag\u00f3gi\u00e1nak ismeri a szakmabeli k\u00f6zv\u00e9lem\u00e9ny.<\/p>\n<p class=\"brz-css-lgqwo\">Zoli B\u00e1csi ezeknek az alkalmaknak a lebonyol\u00edt\u00e1s\u00e1t igazi f\u0151vez\u00e9rk\u00e9nt ir\u00e1ny\u00edtotta. Fiatal tan\u00e1rk\u00e9nt sz\u00e1momra is meghat\u00e1roz\u00f3 \u00e9s felejthetetlen \u00e9lm\u00e9ny volt, amikor szinte loholtunk ut\u00e1na, aki \u00f6les l\u00e9ptekkel, a szinte f\u00f6ldig \u00e9r\u0151 kab\u00e1tj\u00e1ban, lobog\u00f3 hajjal k\u00eds\u00e9rt \u00e1t minket a Nyugati p\u00e1lyaudvarr\u00f3l a H\u0151s\u00f6k ter\u00e9re, hogy azt\u00e1n a t\u00f6rt\u00e9nelem\u00f3ra ut\u00e1n az \u00e1llatkertben s\u00e9t\u00e1lva teljes\u00edts\u00fck a biol\u00f3gia\u00f3r\u00e1t is. Igen, Zoli B\u00e1csi a nevel\u00e9sben \u00e9s oktat\u00e1sban nem fogadott el lazas\u00e1got, \u00e9s nem ismert lehetetlent.<\/p>\n<p class=\"brz-css-lsfvx\">Amilyen kem\u00e9ny volt vezet\u0151k\u00e9nt, annyira bar\u00e1ti, elfogad\u00f3 volt szem\u00e9lyes kapcsolataiban. B\u00e1r im\u00e1dta p\u00f3kh\u00e1l\u00f3szer\u0171en sz\u0151ni a t\u00f6rt\u00e9neteit, nagyon meg tudta hallgatni az embereket. Sz\u00e1m\u00e1ra minden egyes tan\u00edtv\u00e1nya olyan volt, mint egy \u00e9rdekes, elolvasni val\u00f3 k\u00f6nyv, melyre \u00e9rdemes id\u0151t sz\u00e1nni, melyet lapozgatni, t\u00f6bbsz\u00f6r el\u0151venni kell. Legend\u00e1san f\u00e9lelmetes mem\u00f3ri\u00e1j\u00e1t ilyen \u00faton t\u00f6lt\u00f6tte meg visszakereshet\u0151 tartalommal. Neki nem volt sz\u00fcks\u00e9ge sz\u00e1m\u00edt\u00f3g\u00e9pre, de sokszor anyak\u00f6nyvre, napl\u00f3ra sem. Egy-egy tal\u00e1lkoz\u00e1s alkalm\u00e1val r\u00f6vid gondolkod\u00e1s ut\u00e1n sz\u00f3rta az \u00e9vsz\u00e1mokat, oszt\u00e1lyokat, oszt\u00e1lyf\u0151n\u00f6k\u00f6ket, neveket \u00e9s persze anekdot\u00e1kat, mellyel mindig elk\u00e1pr\u00e1ztatta a 20-30 \u00e9vvel k\u00e9s\u0151bb az iskol\u00e1ba visszal\u00e1togat\u00f3kat. Az\u00e9rt volt \u0151 annyira szerethet\u0151, mert nem a kiv\u00e1l\u00f3s\u00e1got, hanem az embert kereste, akit meg\u00e9rteni, seg\u00edteni kell, \u00e9s \u00edgy szinte mindenkit, aki a k\u00f6zel\u00e9be ker\u00fclt, \u00e9rzelmi k\u00f6t\u0151d\u00e9ssel bocs\u00e1tott az \u00fatj\u00e1ra.<\/p>\n<p class=\"brz-css-hhbys\">Aki nevet\u00e9s\u00e9t egyszer meghallotta, azt soha t\u00f6bb\u00e9 nem felejtette el, ez igazi v\u00e9djegy\u00e9v\u00e9 v\u00e1lt az id\u0151k sor\u00e1n. Neki nem volt sz\u00fcks\u00e9ge aut\u00f3ra sem, szeretett s\u00e9t\u00e1lni, de sz\u00e1mtalanszor voltam szemtan\u00faja annak, hogy hamar meg\u00e1llt mellette egy-egy aut\u00f3, mert m\u00e1r messzir\u0151l felismerte \u0151t egy volt tan\u00edtv\u00e1ny: Zoli B\u00e1csi! Hov\u00e1 szeretne eljutni? Megtisztelne azzal, ha elvihetn\u00e9m!<\/p>\n<p class=\"brz-css-upymf\">Nagyon sokszor id\u00e9zte Bessenyei Gy\u00f6rgyt\u0151l a <em>Dolgozzunk el\u0151menetel\u00fcnk\u00f6n!<\/em> gondolatot. Sz\u00e1m\u00e1ra ez azt jelentette, hogy az iskol\u00e1n k\u00edv\u00fcl dolgoznia kell v\u00e1rosunk el\u0151rehalad\u00e1s\u00e1n is, \u00e9s ennek egyik legjobb m\u00f3dja az volt, hogy t\u00e1voli helysz\u00ednekre eljutva megragad\u00f3 szem\u00e9lyis\u00e9g\u00e9vel, az ott bemutatott szakmai hozz\u00e1\u00e9rt\u00e9s\u00e9vel bizony\u00edtotta, hogy Kisv\u00e1rd\u00e1n \u00e9rdemes \u00e9lni, dolgozni, ebben a v\u00e1rosban mindenki befogad\u00f3 k\u00f6z\u00f6ss\u00e9gekre \u2013 iskol\u00e1kra, munkahelyekre \u2013 tal\u00e1l. Huzamosabb ideig volt szakfel\u00fcgyel\u0151, \u00e9retts\u00e9gi eln\u00f6k \u00e9s sok\u00e1ig \u0151 volt az ir\u00e1ny\u00edt\u00f3ja a megye gimn\u00e1ziumai igazgat\u00f3i munkak\u00f6z\u00f6ss\u00e9g\u00e9nek. K\u00fcl\u00f6n\u00f6sen sok seg\u00edts\u00e9get ny\u00fajtott a v\u00e1ros kultur\u00e1lis \u00e9s sport\u00e9let\u00e9ben. Annyira im\u00e1dta a sportot, hogy egy id\u0151szakban \u0151 volt a labdar\u00fag\u00f3 egyes\u00fclet\u00fcnk illetve a V\u00e1rosi Kultur\u00e1lis Egyes\u00fclet eln\u00f6ke is. K\u00fcl\u00f6n\u00f6sen nagy \u00f6r\u00f6m volt sz\u00e1m\u00e1ra, hogy iskolai \u00e9rt\u00e9kteremt\u0151 \u00e9s k\u00f6z\u00e9leti tev\u00e9kenys\u00e9g\u00e9t a v\u00e1ros Pro Urbe d\u00edjjal ismerte el.<\/p>\n<p class=\"brz-css-xhpzl\">Zoli B\u00e1csi \u00e9lete az\u00e9rt volt k\u00fcl\u00f6nleges, mert nyugd\u00edjba vonul\u00e1sa ut\u00e1n sem szakadt el az iskol\u00e1t\u00f3l. Nagyon akart k\u00f6z\u00f6tt\u00fcnk lenni. Valamennyi esem\u00e9ny\u00fcnkre elj\u00f6tt, amire megh\u00edvtuk. Gyakorlatilag \u00e9lete v\u00e9g\u00e9ig kitartott az iskol\u00e1nk konyh\u00e1ja \u00e1ltal k\u00edn\u00e1lt eb\u00e9dek mellett. Ha nehez\u00e9re esett m\u00e1r a mozg\u00e1s, akkor a fia hozta el. Nagyon sokat eb\u00e9delt\u00fcnk egy\u00fctt. J\u00f3lesett sz\u00e1m\u00e1ra, ha meghallgatt\u00e1k. M\u00e9g a kezd\u0151 koll\u00e9g\u00e1inkhoz is k\u00f6zel tudott ker\u00fclni, legk\u00f6zelebb m\u00e1r r\u00e9gi ismer\u0151sk\u00e9nt \u00fcdv\u00f6z\u00f6lt\u00e9k egym\u00e1st. Kiv\u00e1l\u00f3 kapcsolat\u00e9p\u00edt\u0151 k\u00e9pess\u00e9g\u00e9b\u0151l mit sem vesz\u00edtett az id\u0151k sor\u00e1n.<\/p>\n<p class=\"brz-css-wzstr\">Sokszor az irod\u00e1mban egy k\u00e1v\u00e9 mellett folytattuk az eszmecser\u00e9t. Nagyon k\u00edv\u00e1ncsi volt mindenre. Fel kellett sorolnom neki az \u00e9retts\u00e9gi eln\u00f6k\u00f6ket, nagyon \u00f6r\u00fclt minden fejl\u0151d\u00e9s\u00fcnknek, siker\u00fcnknek. N\u00e9ha meglepet\u00e9sszer\u0171en jelent meg. Csokol\u00e1d\u00e9t hozott a titk\u00e1rn\u0151knek, j\u00f3 sz\u00f3t az igazgat\u00f3helyetteseknek, apr\u00f3 figyelmess\u00e9geket a r\u00e9gi, de m\u00e9g akt\u00edv munkat\u00e1rsainak, mert mag\u00e1t\u00f3l is tudta, nem a telefon csipog\u00e1sa figyelmeztette arra, hogy kinek is van sz\u00fclet\u00e9snapja, n\u00e9vnapja aznap. Sose szerette a bez\u00e1rts\u00e1got. Iszony\u00fa \u00e9rz\u00e9s lehetett sz\u00e1m\u00e1ra, hogy a j\u00e1rv\u00e1ny miatt bez\u00e1rt az iskola \u00e9s a konyha is, \u00e9s t\u00e1vol kellett lennie t\u0151l\u00fcnk.<\/p>\n<p class=\"brz-css-pbxss\"><strong><em>Kedves Zoli B\u00e1csi!<\/em><\/strong><\/p>\n<p class=\"brz-css-dqtsa\">K\u00f6sz\u00f6nj\u00fck, hogy egy\u00fctt dolgozhattunk veled. Nagyon hi\u00e1nyozni fogsz nek\u00fcnk. A t\u00f6rt\u00e9neteid, a nevet\u00e9sed, a v\u00e1llon vereget\u00e9seid. De hi\u00e1nyozni fogsz a sportp\u00e1ly\u00e1k lel\u00e1t\u00f3ir\u00f3l, a v\u00e1ros utc\u00e1ir\u00f3l, a sz\u00ednh\u00e1z n\u00e9z\u0151ter\u00e9r\u0151l, a konferenciak\u00f6zpontunk sz\u00e9ksoraib\u00f3l is. B\u00facs\u00fazik T\u0151led az iskol\u00e1nk, Kisv\u00e1rda eg\u00e9sz k\u00f6z\u00f6ss\u00e9ge. Eml\u00e9ked \u00f6r\u00f6kk\u00e9 \u00e9lni fog sz\u00edv\u00fcnkben.<\/p>\n<p class=\"brz-css-gywxe\"><strong>Nyugodj b\u00e9k\u00e9ben!<\/strong><\/p>\n<p><strong>2020. december 18.<\/strong><\/p>\n<p class=\"brz-css-afngg\">\u00a0<\/p>\n<p class=\"brz-css-ogusf\" data-generated-css=\"brz-css-pkisy\" data-uniq-id=\"xgjlq\">\u00a0<\/p>\n<\/div>\n<\/div>\n<\/div>\n<\/div>\n<\/section>\n<\/div>\n<p><!-- version:1630741775 --><\/p><div class=\"pvc_clear\"><\/div><p id=\"pvc_stats_948\" class=\"pvc_stats all  \" data-element-id=\"948\" style=\"\"><i class=\"pvc-stats-icon medium\" aria-hidden=\"true\"><svg aria-hidden=\"true\" focusable=\"false\" data-prefix=\"far\" data-icon=\"chart-bar\" role=\"img\" xmlns=\"http:\/\/www.w3.org\/2000\/svg\" viewBox=\"0 0 512 512\" class=\"svg-inline--fa fa-chart-bar fa-w-16 fa-2x\"><path fill=\"currentColor\" d=\"M396.8 352h22.4c6.4 0 12.8-6.4 12.8-12.8V108.8c0-6.4-6.4-12.8-12.8-12.8h-22.4c-6.4 0-12.8 6.4-12.8 12.8v230.4c0 6.4 6.4 12.8 12.8 12.8zm-192 0h22.4c6.4 0 12.8-6.4 12.8-12.8V140.8c0-6.4-6.4-12.8-12.8-12.8h-22.4c-6.4 0-12.8 6.4-12.8 12.8v198.4c0 6.4 6.4 12.8 12.8 12.8zm96 0h22.4c6.4 0 12.8-6.4 12.8-12.8V204.8c0-6.4-6.4-12.8-12.8-12.8h-22.4c-6.4 0-12.8 6.4-12.8 12.8v134.4c0 6.4 6.4 12.8 12.8 12.8zM496 400H48V80c0-8.84-7.16-16-16-16H16C7.16 64 0 71.16 0 80v336c0 17.67 14.33 32 32 32h464c8.84 0 16-7.16 16-16v-16c0-8.84-7.16-16-16-16zm-387.2-48h22.4c6.4 0 12.8-6.4 12.8-12.8v-70.4c0-6.4-6.4-12.8-12.8-12.8h-22.4c-6.4 0-12.8 6.4-12.8 12.8v70.4c0 6.4 6.4 12.8 12.8 12.8z\" class=\"\"><\/path><\/svg><\/i> <img loading=\"lazy\" decoding=\"async\" width=\"16\" height=\"16\" alt=\"Loading\" src=\"https:\/\/besi.hu\/wp-content\/plugins\/page-views-count\/ajax-loader-2x.gif\" border=0 \/><\/p><div class=\"pvc_clear\"><\/div>","protected":false},"excerpt":{"rendered":"<p>Tisztelt Gy\u00e1szol\u00f3 Csal\u00e1d!Tisztelt B\u00facs\u00faz\u00f3 K\u00f6z\u00f6ss\u00e9g! Az eml\u00e9kez\u00e9s jegy\u00e9ben, a tiszteletad\u00e1s sz\u00e1nd\u00e9k\u00e1val megrend\u00fclten \u00e1llunk itt, a kedvelt koll\u00e9g\u00e1nk, iskol\u00e1nk volt igazgat\u00f3ja, a tev\u00e9keny k\u00f6z\u00e9leti ember ravatala el\u0151tt. Volt munkat\u00e1rsunkat, bar\u00e1tunkat, a sz\u00ednes egy\u00e9nis\u00e9g S\u00e1rosy Zolt\u00e1nt, a v\u00e1ros mindenki Zoli B\u00e1csij\u00e1t b\u00facs\u00faztatjuk most, megid\u00e9zz\u00fck alakj\u00e1t, r\u00e1 eml\u00e9kez\u00fcnk. V\u00e9gleg elb\u00facs\u00fazni, b\u00e1r haland\u00f3 l\u00e9t\u00fcnkb\u0151l&#8230;<\/p>\n<div class=\"pvc_clear\"><\/div>\n<p id=\"pvc_stats_948\" class=\"pvc_stats all  \" data-element-id=\"948\" style=\"\"><i class=\"pvc-stats-icon medium\" aria-hidden=\"true\"><svg aria-hidden=\"true\" focusable=\"false\" data-prefix=\"far\" data-icon=\"chart-bar\" role=\"img\" xmlns=\"http:\/\/www.w3.org\/2000\/svg\" viewBox=\"0 0 512 512\" class=\"svg-inline--fa fa-chart-bar fa-w-16 fa-2x\"><path fill=\"currentColor\" d=\"M396.8 352h22.4c6.4 0 12.8-6.4 12.8-12.8V108.8c0-6.4-6.4-12.8-12.8-12.8h-22.4c-6.4 0-12.8 6.4-12.8 12.8v230.4c0 6.4 6.4 12.8 12.8 12.8zm-192 0h22.4c6.4 0 12.8-6.4 12.8-12.8V140.8c0-6.4-6.4-12.8-12.8-12.8h-22.4c-6.4 0-12.8 6.4-12.8 12.8v198.4c0 6.4 6.4 12.8 12.8 12.8zm96 0h22.4c6.4 0 12.8-6.4 12.8-12.8V204.8c0-6.4-6.4-12.8-12.8-12.8h-22.4c-6.4 0-12.8 6.4-12.8 12.8v134.4c0 6.4 6.4 12.8 12.8 12.8zM496 400H48V80c0-8.84-7.16-16-16-16H16C7.16 64 0 71.16 0 80v336c0 17.67 14.33 32 32 32h464c8.84 0 16-7.16 16-16v-16c0-8.84-7.16-16-16-16zm-387.2-48h22.4c6.4 0 12.8-6.4 12.8-12.8v-70.4c0-6.4-6.4-12.8-12.8-12.8h-22.4c-6.4 0-12.8 6.4-12.8 12.8v70.4c0 6.4 6.4 12.8 12.8 12.8z\" class=\"\"><\/path><\/svg><\/i> <img loading=\"lazy\" decoding=\"async\" width=\"16\" height=\"16\" alt=\"Loading\" src=\"https:\/\/besi.hu\/wp-content\/plugins\/page-views-count\/ajax-loader-2x.gif\" border=0 \/><\/p>\n<div class=\"pvc_clear\"><\/div>\n","protected":false},"author":2,"featured_media":0,"parent":0,"menu_order":0,"comment_status":"closed","ping_status":"closed","template":"brizy-blank-template.php","meta":{"footnotes":""},"class_list":["post-948","page","type-page","status-publish","hentry"],"aioseo_notices":[],"a3_pvc":{"activated":true,"total_views":2997,"today_views":0},"_links":{"self":[{"href":"https:\/\/besi.hu\/index.php?rest_route=\/wp\/v2\/pages\/948","targetHints":{"allow":["GET"]}}],"collection":[{"href":"https:\/\/besi.hu\/index.php?rest_route=\/wp\/v2\/pages"}],"about":[{"href":"https:\/\/besi.hu\/index.php?rest_route=\/wp\/v2\/types\/page"}],"author":[{"embeddable":true,"href":"https:\/\/besi.hu\/index.php?rest_route=\/wp\/v2\/users\/2"}],"replies":[{"embeddable":true,"href":"https:\/\/besi.hu\/index.php?rest_route=%2Fwp%2Fv2%2Fcomments&post=948"}],"version-history":[{"count":16,"href":"https:\/\/besi.hu\/index.php?rest_route=\/wp\/v2\/pages\/948\/revisions"}],"predecessor-version":[{"id":997,"href":"https:\/\/besi.hu\/index.php?rest_route=\/wp\/v2\/pages\/948\/revisions\/997"}],"wp:attachment":[{"href":"https:\/\/besi.hu\/index.php?rest_route=%2Fwp%2Fv2%2Fmedia&parent=948"}],"curies":[{"name":"wp","href":"https:\/\/api.w.org\/{rel}","templated":true}]}}