{"id":9483,"date":"2025-03-20T12:30:45","date_gmt":"2025-03-20T11:30:45","guid":{"rendered":"https:\/\/besi.hu\/?page_id=9483"},"modified":"2025-03-20T12:30:45","modified_gmt":"2025-03-20T11:30:45","slug":"0001-arany-janos-tehetseggondozo-program-2025-teljes","status":"publish","type":"page","link":"https:\/\/besi.hu\/?page_id=9483","title":{"rendered":"0001 &#8211; Arany J\u00e1nos Tehets\u00e9ggondoz\u00f3 Program 2025 Teljes"},"content":{"rendered":"<p>A tanul\u00f3k sorrendje az AJTP p\u00e1ly\u00e1zatban meghat\u00e1rozottak szerint ker\u00fclt kialak\u00edt\u00e1sra.<\/p>\n<table width=\"190\">\n<tbody>\n<tr>\n<td width=\"64\">Sorsz\u00e1m<\/td>\n<td width=\"126\">Oktat\u00e1si azonos\u00edt\u00f3<\/td>\n<\/tr>\n<tr>\n<td>1<\/td>\n<td>73002981205<\/td>\n<\/tr>\n<tr>\n<td>2<\/td>\n<td>72913620035<\/td>\n<\/tr>\n<tr>\n<td>3<\/td>\n<td>Zsombora.<\/td>\n<\/tr>\n<tr>\n<td>4<\/td>\n<td>72960721275<\/td>\n<\/tr>\n<tr>\n<td>5<\/td>\n<td>72949001456<\/td>\n<\/tr>\n<tr>\n<td>6<\/td>\n<td>72921683960<\/td>\n<\/tr>\n<tr>\n<td>7<\/td>\n<td>73004244365<\/td>\n<\/tr>\n<tr>\n<td>8<\/td>\n<td>73031877428<\/td>\n<\/tr>\n<tr>\n<td>9<\/td>\n<td>73024429240<\/td>\n<\/tr>\n<tr>\n<td>10<\/td>\n<td>72932116074<\/td>\n<\/tr>\n<tr>\n<td>11<\/td>\n<td>72931820025<\/td>\n<\/tr>\n<tr>\n<td>12<\/td>\n<td>LILO25<\/td>\n<\/tr>\n<tr>\n<td>13<\/td>\n<td>72909799660<\/td>\n<\/tr>\n<tr>\n<td>14<\/td>\n<td>72919946429<\/td>\n<\/tr>\n<tr>\n<td>15<\/td>\n<td>72919324901<\/td>\n<\/tr>\n<tr>\n<td>16<\/td>\n<td>73010288955<\/td>\n<\/tr>\n<tr>\n<td>17<\/td>\n<td>73510135664<\/td>\n<\/tr>\n<tr>\n<td>18<\/td>\n<td>72911782517<\/td>\n<\/tr>\n<tr>\n<td>19<\/td>\n<td>72939355342<\/td>\n<\/tr>\n<tr>\n<td>20<\/td>\n<td>73034458738<\/td>\n<\/tr>\n<tr>\n<td>21<\/td>\n<td>72889113427<\/td>\n<\/tr>\n<tr>\n<td>22<\/td>\n<td>\u00daJKEZDET<\/td>\n<\/tr>\n<tr>\n<td>23<\/td>\n<td>72897636853<\/td>\n<\/tr>\n<tr>\n<td>24<\/td>\n<td>72922133812<\/td>\n<\/tr>\n<tr>\n<td>25<\/td>\n<td>73048443998<\/td>\n<\/tr>\n<tr>\n<td>26<\/td>\n<td>73018610914<\/td>\n<\/tr>\n<tr>\n<td>27<\/td>\n<td>SZ.BENCE.<\/td>\n<\/tr>\n<tr>\n<td>28<\/td>\n<td>72921642037<\/td>\n<\/tr>\n<tr>\n<td>29<\/td>\n<td>73007751075<\/td>\n<\/tr>\n<tr>\n<td>30<\/td>\n<td>73014326802<\/td>\n<\/tr>\n<tr>\n<td>31<\/td>\n<td>72846594509<\/td>\n<\/tr>\n<tr>\n<td>32<\/td>\n<td>72897603558<\/td>\n<\/tr>\n<tr>\n<td>33<\/td>\n<td>72922081073<\/td>\n<\/tr>\n<tr>\n<td>34<\/td>\n<td>72875425001<\/td>\n<\/tr>\n<tr>\n<td>35<\/td>\n<td>72961318568<\/td>\n<\/tr>\n<tr>\n<td>36<\/td>\n<td>72883765474<\/td>\n<\/tr>\n<tr>\n<td>37<\/td>\n<td>72995152657<\/td>\n<\/tr>\n<tr>\n<td>38<\/td>\n<td>72933193766<\/td>\n<\/tr>\n<tr>\n<td>39<\/td>\n<td>73018172043<\/td>\n<\/tr>\n<tr>\n<td>40<\/td>\n<td>72906584707<\/td>\n<\/tr>\n<tr>\n<td>41<\/td>\n<td>72781725109<\/td>\n<\/tr>\n<tr>\n<td>42<\/td>\n<td>72969537892<\/td>\n<\/tr>\n<tr>\n<td>43<\/td>\n<td>73102959717<\/td>\n<\/tr>\n<tr>\n<td>44<\/td>\n<td>72746992281<\/td>\n<\/tr>\n<tr>\n<td>45<\/td>\n<td>72982896877<\/td>\n<\/tr>\n<tr>\n<td>46<\/td>\n<td>72996029602<\/td>\n<\/tr>\n<tr>\n<td>47<\/td>\n<td>FELH\u0150<\/td>\n<\/tr>\n<tr>\n<td>48<\/td>\n<td>72911561187<\/td>\n<\/tr>\n<tr>\n<td>49<\/td>\n<td>73005104734<\/td>\n<\/tr>\n<tr>\n<td>50<\/td>\n<td>72918816591<\/td>\n<\/tr>\n<tr>\n<td>51<\/td>\n<td>73031167906<\/td>\n<\/tr>\n<tr>\n<td>E<\/td>\n<td>73040221572<\/td>\n<\/tr>\n<tr>\n<td>E<\/td>\n<td>72918981450<\/td>\n<\/tr>\n<tr>\n<td>E<\/td>\n<td>45 pont<\/td>\n<\/tr>\n<\/tbody>\n<\/table>\n<div class=\"pvc_clear\"><\/div>\n<p id=\"pvc_stats_9483\" class=\"pvc_stats all  \" data-element-id=\"9483\" style=\"\"><i class=\"pvc-stats-icon medium\" aria-hidden=\"true\"><svg aria-hidden=\"true\" focusable=\"false\" data-prefix=\"far\" data-icon=\"chart-bar\" role=\"img\" xmlns=\"http:\/\/www.w3.org\/2000\/svg\" viewBox=\"0 0 512 512\" class=\"svg-inline--fa fa-chart-bar fa-w-16 fa-2x\"><path fill=\"currentColor\" d=\"M396.8 352h22.4c6.4 0 12.8-6.4 12.8-12.8V108.8c0-6.4-6.4-12.8-12.8-12.8h-22.4c-6.4 0-12.8 6.4-12.8 12.8v230.4c0 6.4 6.4 12.8 12.8 12.8zm-192 0h22.4c6.4 0 12.8-6.4 12.8-12.8V140.8c0-6.4-6.4-12.8-12.8-12.8h-22.4c-6.4 0-12.8 6.4-12.8 12.8v198.4c0 6.4 6.4 12.8 12.8 12.8zm96 0h22.4c6.4 0 12.8-6.4 12.8-12.8V204.8c0-6.4-6.4-12.8-12.8-12.8h-22.4c-6.4 0-12.8 6.4-12.8 12.8v134.4c0 6.4 6.4 12.8 12.8 12.8zM496 400H48V80c0-8.84-7.16-16-16-16H16C7.16 64 0 71.16 0 80v336c0 17.67 14.33 32 32 32h464c8.84 0 16-7.16 16-16v-16c0-8.84-7.16-16-16-16zm-387.2-48h22.4c6.4 0 12.8-6.4 12.8-12.8v-70.4c0-6.4-6.4-12.8-12.8-12.8h-22.4c-6.4 0-12.8 6.4-12.8 12.8v70.4c0 6.4 6.4 12.8 12.8 12.8z\" class=\"\"><\/path><\/svg><\/i> <img loading=\"lazy\" decoding=\"async\" width=\"16\" height=\"16\" alt=\"Loading\" src=\"https:\/\/besi.hu\/wp-content\/plugins\/page-views-count\/ajax-loader-2x.gif\" border=0 \/><\/p>\n<div class=\"pvc_clear\"><\/div>\n","protected":false},"excerpt":{"rendered":"<p>A tanul\u00f3k sorrendje az AJTP p\u00e1ly\u00e1zatban meghat\u00e1rozottak szerint ker\u00fclt kialak\u00edt\u00e1sra. Sorsz\u00e1m Oktat\u00e1si azonos\u00edt\u00f3 1 73002981205 2 72913620035 3 Zsombora. 4 72960721275 5 72949001456 6 72921683960 7 73004244365 8 73031877428 9 73024429240 10 72932116074 11 72931820025 12 LILO25 13 72909799660 14 72919946429 15 72919324901 16 73010288955 17 73510135664 18 72911782517 19&#8230;<\/p>\n<div class=\"pvc_clear\"><\/div>\n<p id=\"pvc_stats_9483\" class=\"pvc_stats all  \" data-element-id=\"9483\" style=\"\"><i class=\"pvc-stats-icon medium\" aria-hidden=\"true\"><svg aria-hidden=\"true\" focusable=\"false\" data-prefix=\"far\" data-icon=\"chart-bar\" role=\"img\" xmlns=\"http:\/\/www.w3.org\/2000\/svg\" viewBox=\"0 0 512 512\" class=\"svg-inline--fa fa-chart-bar fa-w-16 fa-2x\"><path fill=\"currentColor\" d=\"M396.8 352h22.4c6.4 0 12.8-6.4 12.8-12.8V108.8c0-6.4-6.4-12.8-12.8-12.8h-22.4c-6.4 0-12.8 6.4-12.8 12.8v230.4c0 6.4 6.4 12.8 12.8 12.8zm-192 0h22.4c6.4 0 12.8-6.4 12.8-12.8V140.8c0-6.4-6.4-12.8-12.8-12.8h-22.4c-6.4 0-12.8 6.4-12.8 12.8v198.4c0 6.4 6.4 12.8 12.8 12.8zm96 0h22.4c6.4 0 12.8-6.4 12.8-12.8V204.8c0-6.4-6.4-12.8-12.8-12.8h-22.4c-6.4 0-12.8 6.4-12.8 12.8v134.4c0 6.4 6.4 12.8 12.8 12.8zM496 400H48V80c0-8.84-7.16-16-16-16H16C7.16 64 0 71.16 0 80v336c0 17.67 14.33 32 32 32h464c8.84 0 16-7.16 16-16v-16c0-8.84-7.16-16-16-16zm-387.2-48h22.4c6.4 0 12.8-6.4 12.8-12.8v-70.4c0-6.4-6.4-12.8-12.8-12.8h-22.4c-6.4 0-12.8 6.4-12.8 12.8v70.4c0 6.4 6.4 12.8 12.8 12.8z\" class=\"\"><\/path><\/svg><\/i> <img loading=\"lazy\" decoding=\"async\" width=\"16\" height=\"16\" alt=\"Loading\" src=\"https:\/\/besi.hu\/wp-content\/plugins\/page-views-count\/ajax-loader-2x.gif\" border=0 \/><\/p>\n<div class=\"pvc_clear\"><\/div>\n","protected":false},"author":1,"featured_media":0,"parent":0,"menu_order":0,"comment_status":"closed","ping_status":"closed","template":"","meta":{"footnotes":""},"class_list":["post-9483","page","type-page","status-publish","hentry"],"aioseo_notices":[],"_links":{"self":[{"href":"https:\/\/besi.hu\/index.php?rest_route=\/wp\/v2\/pages\/9483","targetHints":{"allow":["GET"]}}],"collection":[{"href":"https:\/\/besi.hu\/index.php?rest_route=\/wp\/v2\/pages"}],"about":[{"href":"https:\/\/besi.hu\/index.php?rest_route=\/wp\/v2\/types\/page"}],"author":[{"embeddable":true,"href":"https:\/\/besi.hu\/index.php?rest_route=\/wp\/v2\/users\/1"}],"replies":[{"embeddable":true,"href":"https:\/\/besi.hu\/index.php?rest_route=%2Fwp%2Fv2%2Fcomments&post=9483"}],"version-history":[{"count":1,"href":"https:\/\/besi.hu\/index.php?rest_route=\/wp\/v2\/pages\/9483\/revisions"}],"predecessor-version":[{"id":9484,"href":"https:\/\/besi.hu\/index.php?rest_route=\/wp\/v2\/pages\/9483\/revisions\/9484"}],"wp:attachment":[{"href":"https:\/\/besi.hu\/index.php?rest_route=%2Fwp%2Fv2%2Fmedia&parent=9483"}],"curies":[{"name":"wp","href":"https:\/\/api.w.org\/{rel}","templated":true}]}}