{"id":950,"date":"2021-09-03T20:24:09","date_gmt":"2021-09-03T20:24:09","guid":{"rendered":"https:\/\/regi.besi.hu\/?page_id=950"},"modified":"2021-09-06T20:20:18","modified_gmt":"2021-09-06T20:20:18","slug":"negyven-eve-tortent-besis-az-urben","status":"publish","type":"page","link":"https:\/\/besi.hu\/?page_id=950","title":{"rendered":"Negyven \u00e9ve t\u00f6rt\u00e9nt \u2013 Besis az \u0171rben"},"content":{"rendered":"<figure id=\"attachment_1642\" aria-describedby=\"caption-attachment-1642\" style=\"width: 659px\" class=\"wp-caption alignright\"><img loading=\"lazy\" decoding=\"async\" class=\"wp-image-1642\" style=\"color: #555555; font-family: 'Open Sans'; font-size: 16px;\" src=\"https:\/\/besi.hu\/wp-content\/uploads\/2021\/09\/FarkasBertalanTablo-scaled.jpg\" alt=\"\" width=\"659\" height=\"479\" srcset=\"https:\/\/besi.hu\/wp-content\/uploads\/2021\/09\/FarkasBertalanTablo-scaled.jpg 2560w, https:\/\/besi.hu\/wp-content\/uploads\/2021\/09\/FarkasBertalanTablo-300x218.jpg 300w, https:\/\/besi.hu\/wp-content\/uploads\/2021\/09\/FarkasBertalanTablo-1024x745.jpg 1024w, https:\/\/besi.hu\/wp-content\/uploads\/2021\/09\/FarkasBertalanTablo-768x559.jpg 768w, https:\/\/besi.hu\/wp-content\/uploads\/2021\/09\/FarkasBertalanTablo-1536x1118.jpg 1536w, https:\/\/besi.hu\/wp-content\/uploads\/2021\/09\/FarkasBertalanTablo-2048x1490.jpg 2048w, https:\/\/besi.hu\/wp-content\/uploads\/2021\/09\/FarkasBertalanTablo-275x200.jpg 275w\" sizes=\"auto, (max-width: 659px) 100vw, 659px\" \/><figcaption id=\"caption-attachment-1642\" class=\"wp-caption-text\">A v\u00e9gz\u0151s gimnazista Farkas Bertalan tabl\u00f3ja<\/figcaption><\/figure>\n<p><span style=\"font-weight: 400;\">Egy iskola sz\u00e1m\u00e1ra nincs ann\u00e1l nagyobb b\u00fcszkes\u00e9g, mint amikor egy tan\u00edtv\u00e1nya orsz\u00e1gos ismerts\u00e9gre, elismerts\u00e9gre tesz szert. Nos, a Kisv\u00e1rdai Bessenyei Gy\u00f6rgy Gimn\u00e1zium \u00e9s Koll\u00e9gium fenn\u00e1ll\u00e1s\u00e1nak m\u00e1r csaknem 110 \u00e9ve alatt mindig b\u0151velkedett ilyen sikerekben, azonban a neves tan\u00edtv\u00e1nyok k\u00f6z\u00fcl k\u00e9ts\u00e9gk\u00edv\u00fcl Farkas Bertalan tett szert a legmagasabb elismerts\u00e9gre, \u00e9s ez a magass\u00e1g most nem csak k\u00e9pletesen \u00e9rtend\u0151. Farkas Bertalan \u0171rhaj\u00f3ja negyven \u00e9vvel ezel\u0151tt emelkedett a magasba, hogy azt\u00e1n egy eg\u00e9sz orsz\u00e1g \u00fcnnepelje a hihetetlen emberi teljes\u00edtm\u00e9ny\u00e9t.<\/span><\/p>\n<p><span style=\"font-weight: 400;\"><img loading=\"lazy\" decoding=\"async\" class=\"wp-image-1643 alignright\" src=\"https:\/\/besi.hu\/wp-content\/uploads\/2021\/09\/FarkasBertalanBesiAkademiaEloadas.jpg\" alt=\"\" width=\"426\" height=\"319\" srcset=\"https:\/\/besi.hu\/wp-content\/uploads\/2021\/09\/FarkasBertalanBesiAkademiaEloadas.jpg 1280w, https:\/\/besi.hu\/wp-content\/uploads\/2021\/09\/FarkasBertalanBesiAkademiaEloadas-300x225.jpg 300w, https:\/\/besi.hu\/wp-content\/uploads\/2021\/09\/FarkasBertalanBesiAkademiaEloadas-1024x768.jpg 1024w, https:\/\/besi.hu\/wp-content\/uploads\/2021\/09\/FarkasBertalanBesiAkademiaEloadas-768x576.jpg 768w, https:\/\/besi.hu\/wp-content\/uploads\/2021\/09\/FarkasBertalanBesiAkademiaEloadas-267x200.jpg 267w\" sizes=\"auto, (max-width: 426px) 100vw, 426px\" \/><\/span><\/p>\n<p><span style=\"font-weight: 400;\">Berci emberi nagys\u00e1g\u00e1t az is jelzi, hogy \u00fcnnepelt h\u0151sk\u00e9nt sem felejtette el honnan indult. Sz\u00fcl\u0151faluj\u00e1nak, iskol\u00e1j\u00e1nak ma is rendszeres l\u00e1togat\u00f3ja, szem\u00e9lyes kapcsolatainak \u00e1pol\u00f3ja. A gimn\u00e1ziumba \u00e9rkez\u00e9se mindig \u00fcnnep a k\u00f6z\u00f6ss\u00e9g sz\u00e1m\u00e1ra. Az \u00e9vfordul\u00f3s esem\u00e9nyek \u00e1lland\u00f3 szerepl\u0151je, els\u0151k\u00e9nt lett tagja az \u00fan. Bessenyei Akad\u00e9mi\u00e1nak, melynek keret\u00e9n bel\u00fcl a volt tan\u00edtv\u00e1nyok el\u0151ad\u00e1sok form\u00e1j\u00e1ban sz\u00e1molnak be a jelenlegi tan\u00edtv\u00e1nyoknak az \u00e9let\u00fatjukr\u00f3l, \u00edgy adva \u00e1t \u00e9lettapasztalataikat a k\u00f6vetkez\u0151 gener\u00e1ci\u00f3 sz\u00e1m\u00e1ra. Az \u0151 k\u00f6zbenj\u00e1r\u00e1sa r\u00e9v\u00e9n k\u00e9sz\u00fclhetett el Bessenyei Gy\u00f6rgy, az iskola n\u00e9vad\u00f3j\u00e1nak szobra, mely az iskola parkj\u00e1ban \u00e1ll.<\/span><\/p>\n<p><span style=\"font-weight: 400;\">\u00a0 <\/span><span style=\"font-weight: 400;\">Az int\u00e9zm\u00e9nyben k\u00fcl\u00f6n vitrin \u0151rzi az \u0171rutaz\u00e1s \u00e9s Berci teljes\u00edtm\u00e9ny\u00e9nek eml\u00e9k\u00e9t. Ennek legf\u00e9ltettebb darabja az iskol\u00e1r\u00f3l k\u00e9sz\u00fclt f\u00e9nyk\u00e9p, melyet Farkas Bertalan \u00e9s Valerij Kubaszov 1980. m\u00e1jus 31-\u00e9n az \u0171rben dedik\u00e1lt. De \u00e9rt\u00e9kes az a k\u00e9p is, mely abb\u00f3l az alkalomb\u00f3l k\u00e9sz\u00fclt, amikor a rep\u00fcl\u00e9s 25. \u00e9vfordul\u00f3ja alkalm\u00e1b\u00f3l Farkas Bertalan az \u0171rhaj\u00f3s t\u00e1rsaival egy\u00fctt l\u00e1togatta meg az iskol\u00e1t. Feltehet\u0151en Guinness rekord az esem\u00e9ny, mert egyszerre, egy id\u0151ben ennyi \u0171rhaj\u00f3s egy iskol\u00e1ban m\u00e9g nem j\u00e1rt.\u00a0<\/span><\/p>\n<p><span style=\"font-weight: 400;\">Sajnos a vesz\u00e9lyhelyzet megakad\u00e1lyozta a 40 \u00e9ves \u00e9vfordul\u00f3 meg\u00fcnnepl\u00e9s\u00e9t. Az iskola ez\u00e9rt a k\u00f6z\u00f6ss\u00e9gi m\u00e9di\u00e1ban 2020. m\u00e1jus 26-\u00e1n egy iskolai vonatkoz\u00e1s\u00fa f\u00e9nyk\u00e9pgal\u00e9ri\u00e1val \u00e1ll\u00edtott eml\u00e9ket az esem\u00e9nynek: <\/span><a href=\"https:\/\/www.facebook.com\/kisvardaibessenyei\"><span style=\"font-weight: 400;\">https:\/\/www.facebook.com\/kisvardaibessenyei<\/span><\/a><\/p>\n<figure id=\"attachment_1644\" aria-describedby=\"caption-attachment-1644\" style=\"width: 466px\" class=\"wp-caption alignright\"><img loading=\"lazy\" decoding=\"async\" class=\"wp-image-1644\" src=\"https:\/\/besi.hu\/wp-content\/uploads\/2021\/09\/FarkasBertalanUrbenAlairtKep-scaled.jpg\" alt=\"\" width=\"466\" height=\"620\" srcset=\"https:\/\/besi.hu\/wp-content\/uploads\/2021\/09\/FarkasBertalanUrbenAlairtKep-scaled.jpg 1923w, https:\/\/besi.hu\/wp-content\/uploads\/2021\/09\/FarkasBertalanUrbenAlairtKep-225x300.jpg 225w, https:\/\/besi.hu\/wp-content\/uploads\/2021\/09\/FarkasBertalanUrbenAlairtKep-769x1024.jpg 769w, https:\/\/besi.hu\/wp-content\/uploads\/2021\/09\/FarkasBertalanUrbenAlairtKep-768x1022.jpg 768w, https:\/\/besi.hu\/wp-content\/uploads\/2021\/09\/FarkasBertalanUrbenAlairtKep-1154x1536.jpg 1154w, https:\/\/besi.hu\/wp-content\/uploads\/2021\/09\/FarkasBertalanUrbenAlairtKep-1538x2048.jpg 1538w, https:\/\/besi.hu\/wp-content\/uploads\/2021\/09\/FarkasBertalanUrbenAlairtKep-150x200.jpg 150w\" sizes=\"auto, (max-width: 466px) 100vw, 466px\" \/><figcaption id=\"caption-attachment-1644\" class=\"wp-caption-text\">Iskol\u00e1nk fot\u00f3ja, melyet Valerij Kubaszov \u00e9s Farkas Bertalan a vil\u00e1g\u0171rben \u00edrt al\u00e1<\/figcaption><\/figure>\n<figure id=\"attachment_1645\" aria-describedby=\"caption-attachment-1645\" style=\"width: 464px\" class=\"wp-caption alignnone\"><img loading=\"lazy\" decoding=\"async\" class=\"wp-image-1645\" src=\"https:\/\/besi.hu\/wp-content\/uploads\/2021\/09\/FarkasBertalanVitrinReszlet-scaled.jpg\" alt=\"\" width=\"464\" height=\"619\" srcset=\"https:\/\/besi.hu\/wp-content\/uploads\/2021\/09\/FarkasBertalanVitrinReszlet-scaled.jpg 1920w, https:\/\/besi.hu\/wp-content\/uploads\/2021\/09\/FarkasBertalanVitrinReszlet-225x300.jpg 225w, https:\/\/besi.hu\/wp-content\/uploads\/2021\/09\/FarkasBertalanVitrinReszlet-768x1024.jpg 768w, https:\/\/besi.hu\/wp-content\/uploads\/2021\/09\/FarkasBertalanVitrinReszlet-1152x1536.jpg 1152w, https:\/\/besi.hu\/wp-content\/uploads\/2021\/09\/FarkasBertalanVitrinReszlet-1536x2048.jpg 1536w, https:\/\/besi.hu\/wp-content\/uploads\/2021\/09\/FarkasBertalanVitrinReszlet-150x200.jpg 150w\" sizes=\"auto, (max-width: 464px) 100vw, 464px\" \/><figcaption id=\"caption-attachment-1645\" class=\"wp-caption-text\">Az aul\u00e1ban elhelyezett vitrin r\u00e9szlete<\/figcaption><\/figure>\n<figure id=\"attachment_1649\" aria-describedby=\"caption-attachment-1649\" style=\"width: 2560px\" class=\"wp-caption alignnone\"><img loading=\"lazy\" decoding=\"async\" class=\"wp-image-1649 size-full\" src=\"https:\/\/besi.hu\/wp-content\/uploads\/2021\/09\/FarkasBertalanEuropaiUrhajosokKozottIskolanak-Ajandek-scaled.jpg\" alt=\"\" width=\"2560\" height=\"1805\" srcset=\"https:\/\/besi.hu\/wp-content\/uploads\/2021\/09\/FarkasBertalanEuropaiUrhajosokKozottIskolanak-Ajandek-scaled.jpg 2560w, https:\/\/besi.hu\/wp-content\/uploads\/2021\/09\/FarkasBertalanEuropaiUrhajosokKozottIskolanak-Ajandek-300x212.jpg 300w, https:\/\/besi.hu\/wp-content\/uploads\/2021\/09\/FarkasBertalanEuropaiUrhajosokKozottIskolanak-Ajandek-1024x722.jpg 1024w, https:\/\/besi.hu\/wp-content\/uploads\/2021\/09\/FarkasBertalanEuropaiUrhajosokKozottIskolanak-Ajandek-768x541.jpg 768w, https:\/\/besi.hu\/wp-content\/uploads\/2021\/09\/FarkasBertalanEuropaiUrhajosokKozottIskolanak-Ajandek-1536x1083.jpg 1536w, https:\/\/besi.hu\/wp-content\/uploads\/2021\/09\/FarkasBertalanEuropaiUrhajosokKozottIskolanak-Ajandek-2048x1444.jpg 2048w, https:\/\/besi.hu\/wp-content\/uploads\/2021\/09\/FarkasBertalanEuropaiUrhajosokKozottIskolanak-Ajandek-284x200.jpg 284w\" sizes=\"auto, (max-width: 2560px) 100vw, 2560px\" \/><figcaption id=\"caption-attachment-1649\" class=\"wp-caption-text\">Aj\u00e1nd\u00e9k az iskol\u00e1nak: Farkas Bertalan az eur\u00f3pai \u0171rhaj\u00f3sok k\u00f6z\u00f6tt<\/figcaption><\/figure>\n<div class=\"pvc_clear\"><\/div>\n<p id=\"pvc_stats_950\" class=\"pvc_stats all  \" data-element-id=\"950\" style=\"\"><i class=\"pvc-stats-icon medium\" aria-hidden=\"true\"><svg aria-hidden=\"true\" focusable=\"false\" data-prefix=\"far\" data-icon=\"chart-bar\" role=\"img\" xmlns=\"http:\/\/www.w3.org\/2000\/svg\" viewBox=\"0 0 512 512\" class=\"svg-inline--fa fa-chart-bar fa-w-16 fa-2x\"><path fill=\"currentColor\" d=\"M396.8 352h22.4c6.4 0 12.8-6.4 12.8-12.8V108.8c0-6.4-6.4-12.8-12.8-12.8h-22.4c-6.4 0-12.8 6.4-12.8 12.8v230.4c0 6.4 6.4 12.8 12.8 12.8zm-192 0h22.4c6.4 0 12.8-6.4 12.8-12.8V140.8c0-6.4-6.4-12.8-12.8-12.8h-22.4c-6.4 0-12.8 6.4-12.8 12.8v198.4c0 6.4 6.4 12.8 12.8 12.8zm96 0h22.4c6.4 0 12.8-6.4 12.8-12.8V204.8c0-6.4-6.4-12.8-12.8-12.8h-22.4c-6.4 0-12.8 6.4-12.8 12.8v134.4c0 6.4 6.4 12.8 12.8 12.8zM496 400H48V80c0-8.84-7.16-16-16-16H16C7.16 64 0 71.16 0 80v336c0 17.67 14.33 32 32 32h464c8.84 0 16-7.16 16-16v-16c0-8.84-7.16-16-16-16zm-387.2-48h22.4c6.4 0 12.8-6.4 12.8-12.8v-70.4c0-6.4-6.4-12.8-12.8-12.8h-22.4c-6.4 0-12.8 6.4-12.8 12.8v70.4c0 6.4 6.4 12.8 12.8 12.8z\" class=\"\"><\/path><\/svg><\/i> <img loading=\"lazy\" decoding=\"async\" width=\"16\" height=\"16\" alt=\"Loading\" src=\"https:\/\/besi.hu\/wp-content\/plugins\/page-views-count\/ajax-loader-2x.gif\" border=0 \/><\/p>\n<div class=\"pvc_clear\"><\/div>\n","protected":false},"excerpt":{"rendered":"<p>Egy iskola sz\u00e1m\u00e1ra nincs ann\u00e1l nagyobb b\u00fcszkes\u00e9g, mint amikor egy tan\u00edtv\u00e1nya orsz\u00e1gos ismerts\u00e9gre, elismerts\u00e9gre tesz szert. Nos, a Kisv\u00e1rdai Bessenyei Gy\u00f6rgy Gimn\u00e1zium \u00e9s Koll\u00e9gium fenn\u00e1ll\u00e1s\u00e1nak m\u00e1r csaknem 110 \u00e9ve alatt mindig b\u0151velkedett ilyen sikerekben, azonban a neves tan\u00edtv\u00e1nyok k\u00f6z\u00fcl k\u00e9ts\u00e9gk\u00edv\u00fcl Farkas Bertalan tett szert a legmagasabb elismerts\u00e9gre, \u00e9s ez a&#8230;<\/p>\n<div class=\"pvc_clear\"><\/div>\n<p id=\"pvc_stats_950\" class=\"pvc_stats all  \" data-element-id=\"950\" style=\"\"><i class=\"pvc-stats-icon medium\" aria-hidden=\"true\"><svg aria-hidden=\"true\" focusable=\"false\" data-prefix=\"far\" data-icon=\"chart-bar\" role=\"img\" xmlns=\"http:\/\/www.w3.org\/2000\/svg\" viewBox=\"0 0 512 512\" class=\"svg-inline--fa fa-chart-bar fa-w-16 fa-2x\"><path fill=\"currentColor\" d=\"M396.8 352h22.4c6.4 0 12.8-6.4 12.8-12.8V108.8c0-6.4-6.4-12.8-12.8-12.8h-22.4c-6.4 0-12.8 6.4-12.8 12.8v230.4c0 6.4 6.4 12.8 12.8 12.8zm-192 0h22.4c6.4 0 12.8-6.4 12.8-12.8V140.8c0-6.4-6.4-12.8-12.8-12.8h-22.4c-6.4 0-12.8 6.4-12.8 12.8v198.4c0 6.4 6.4 12.8 12.8 12.8zm96 0h22.4c6.4 0 12.8-6.4 12.8-12.8V204.8c0-6.4-6.4-12.8-12.8-12.8h-22.4c-6.4 0-12.8 6.4-12.8 12.8v134.4c0 6.4 6.4 12.8 12.8 12.8zM496 400H48V80c0-8.84-7.16-16-16-16H16C7.16 64 0 71.16 0 80v336c0 17.67 14.33 32 32 32h464c8.84 0 16-7.16 16-16v-16c0-8.84-7.16-16-16-16zm-387.2-48h22.4c6.4 0 12.8-6.4 12.8-12.8v-70.4c0-6.4-6.4-12.8-12.8-12.8h-22.4c-6.4 0-12.8 6.4-12.8 12.8v70.4c0 6.4 6.4 12.8 12.8 12.8z\" class=\"\"><\/path><\/svg><\/i> <img loading=\"lazy\" decoding=\"async\" width=\"16\" height=\"16\" alt=\"Loading\" src=\"https:\/\/besi.hu\/wp-content\/plugins\/page-views-count\/ajax-loader-2x.gif\" border=0 \/><\/p>\n<div class=\"pvc_clear\"><\/div>\n","protected":false},"author":2,"featured_media":0,"parent":0,"menu_order":0,"comment_status":"closed","ping_status":"closed","template":"","meta":{"footnotes":""},"class_list":["post-950","page","type-page","status-publish","hentry"],"aioseo_notices":[],"a3_pvc":{"activated":true,"total_views":1916,"today_views":0},"_links":{"self":[{"href":"https:\/\/besi.hu\/index.php?rest_route=\/wp\/v2\/pages\/950","targetHints":{"allow":["GET"]}}],"collection":[{"href":"https:\/\/besi.hu\/index.php?rest_route=\/wp\/v2\/pages"}],"about":[{"href":"https:\/\/besi.hu\/index.php?rest_route=\/wp\/v2\/types\/page"}],"author":[{"embeddable":true,"href":"https:\/\/besi.hu\/index.php?rest_route=\/wp\/v2\/users\/2"}],"replies":[{"embeddable":true,"href":"https:\/\/besi.hu\/index.php?rest_route=%2Fwp%2Fv2%2Fcomments&post=950"}],"version-history":[{"count":6,"href":"https:\/\/besi.hu\/index.php?rest_route=\/wp\/v2\/pages\/950\/revisions"}],"predecessor-version":[{"id":1654,"href":"https:\/\/besi.hu\/index.php?rest_route=\/wp\/v2\/pages\/950\/revisions\/1654"}],"wp:attachment":[{"href":"https:\/\/besi.hu\/index.php?rest_route=%2Fwp%2Fv2%2Fmedia&parent=950"}],"curies":[{"name":"wp","href":"https:\/\/api.w.org\/{rel}","templated":true}]}}